{"id":753,"date":"2025-11-05T11:00:00","date_gmt":"2025-11-05T11:00:00","guid":{"rendered":"https:\/\/mueckinvest.de\/?page_id=753"},"modified":"2026-01-23T08:08:01","modified_gmt":"2026-01-23T07:08:01","slug":"%e8%af%8d%e6%b1%87%e8%a1%a8","status":"publish","type":"page","link":"https:\/\/mueckinvest.com\/zh\/glossar\/","title":{"rendered":"\u8bcd\u6c47\u8868"},"content":{"rendered":"<figure class=\"wp-block-table\"><table class=\"has-fixed-layout\"><thead><tr><th><strong>\u8868\u8fbe<\/strong><\/th><th><strong>\u5b9a\u4e49<\/strong><\/th><\/tr><\/thead><tbody><tr><td>\u9884\u6263\u7a0e<\/td><td>\u5fb7\u56fd\u5bf9\u8d44\u672c\u5229\u5f97\u5b9e\u884c\u7edf\u4e00\u7a0e\u7387\u3002.<\/td><\/tr><tr><td>\u5206\u4eab<\/td><td>\u4e00\u79cd\u63d0\u4f9b\u6240\u6709\u6743\u548c\u6f5c\u5728\u80a1\u4ef7\u4e0a\u6da8\u673a\u4f1a\u7684\u516c\u53f8\u80a1\u4efd\u3002.<\/td><\/tr><tr><td>\u80a1\u7968\u6307\u6570<\/td><td>\u8861\u91cf\u5e02\u573a\u8868\u73b0\u7684\u4e00\u7bee\u5b50\u80a1\u7968\u3002.<\/td><\/tr><tr><td>\u963f\u5c14\u6cd5<\/td><td>\u6295\u8d44\u7ec4\u5408\u76f8\u5bf9\u4e8e\u5e02\u573a\u7684\u8d85\u989d\u6536\u76ca\u3002.<\/td><\/tr><tr><td>\u6295\u8d44\u671f\u9650<\/td><td>\u6295\u8d44\u8005\u5e0c\u671b\u6301\u6709\u6295\u8d44\u7684\u671f\u9650\u3002.<\/td><\/tr><tr><td>\u8d44\u4ea7\u914d\u7f6e<\/td><td>\u5728\u4e0d\u540c\u8d44\u4ea7\u7c7b\u522b\u4e4b\u95f4\u8fdb\u884c\u8d44\u672c\u914d\u7f6e\u3002.<\/td><\/tr><tr><td>\u5206\u53d1<\/td><td>\u5b9a\u671f\u6d3e\u53d1\u6536\u76ca\u7684ETF\u6216\u57fa\u91d1\u3002.<\/td><\/tr><tr><td>\u56de\u6d4b<\/td><td>\u901a\u8fc7\u5386\u53f2\u6a21\u62df\u6765\u8bc4\u4f30\u6218\u7565\u7684\u7a33\u5065\u6027\u3002.<\/td><\/tr><tr><td>\u718a\u5e02<\/td><td>\u5e02\u573a\u5904\u4e8e\u4ef7\u683c\u957f\u671f\u4e0b\u8dcc\u9636\u6bb5\u3002.<\/td><\/tr><tr><td>\u884c\u4e3a\u91d1\u878d\u5b66<\/td><td>\u5173\u4e8e\u6295\u8d44\u8005\u8ba4\u77e5\u504f\u5dee\u548c\u884c\u4e3a\u6a21\u5f0f\u7684\u79d1\u5b66\u7814\u7a76\u3002.<\/td><\/tr><tr><td>\u6d4b\u8bd5\u7248<\/td><td>\u8861\u91cf\u8bc1\u5238\u76f8\u5bf9\u4e8e\u5e02\u573a\u7684\u6ce2\u52a8\u6027\u7684\u6307\u6807\u3002.<\/td><\/tr><tr><td>\u51fa\u4ef7<\/td><td>\u4e70\u5bb6\u613f\u610f\u652f\u4ed8\u7684\u6700\u9ad8\u4ef7\u683c\u3002.<\/td><\/tr><tr><td>\u7ecf\u7eaa\u4eba<\/td><td>\u7528\u4e8e\u4e70\u5356\u8bc1\u5238\u7684\u4ea4\u6613\u5e73\u53f0\u3002.<\/td><\/tr><tr><td>\u725b\u5e02<\/td><td>\u5e02\u573a\u5904\u4e8e\u4ef7\u683c\u957f\u671f\u4e0a\u6da8\u9636\u6bb5\u3002.<\/td><\/tr><tr><td>\u4e70\u5165\u5e76\u6301\u6709<\/td><td>\u957f\u671f\u6295\u8d44\u7b56\u7565\uff0c\u65e0\u9700\u9891\u7e41\u8fdb\u884c\u6295\u8d44\u7ec4\u5408\u518d\u5e73\u8861\u3002.<\/td><\/tr><tr><td>\u73b0\u91d1\u5468\u8f6c<\/td><td>\u516c\u53f8\u6d41\u52a8\u8d44\u91d1\u51c0\u6d41\u5165\u91cf\u3002.<\/td><\/tr><tr><td>\u6838\u5fc3\u536b\u661f<\/td><td>\u7531\u7a33\u5b9a\u7684\u6838\u5fc3\u6295\u8d44\u7ec4\u5408\u548c\u4ee5\u56de\u62a5\u4e3a\u5bfc\u5411\u7684\u536b\u661f\u6295\u8d44\u7ec4\u5408\u7ec4\u6210\u3002.<\/td><\/tr><tr><td>\u66f4\u6b63<\/td><td>\u4ef7\u683c\u5728\u524d\u4e00\u6b21\u4e0a\u6da8\u540e\u4e0b\u8dcc\u4e86 10-20 %\u3002.<\/td><\/tr><tr><td>\u4f1e\u5f62\u7ef4\u57fa\u767e\u79d1<\/td><td>\u6295\u8d44\u4e8e\u5176\u4ed6 Wikifolio \u7684 Wikifolio\u3002.<\/td><\/tr><tr><td>\u901a\u8d27\u7d27\u7f29<\/td><td>\u7269\u4ef7\u6c34\u5e73\u666e\u904d\u4e0b\u964d\u3002.<\/td><\/tr><tr><td>\u591a\u6837\u5316<\/td><td>\u5206\u6563\u6295\u8d44\u4ee5\u964d\u4f4e\u98ce\u9669\u3002.<\/td><\/tr><tr><td>\u4f4f\u6240<\/td><td>\u57fa\u91d1\u5408\u6cd5\u6ce8\u518c\u6240\u5728\u56fd\u5bb6\u3002.<\/td><\/tr><tr><td>\u56de\u64a4<\/td><td>\u4ece\u5cf0\u503c\u5230\u8c37\u5e95\u7684\u635f\u5931\u3002.<\/td><\/tr><tr><td>\u80a1\u672c\u56de\u62a5\u7387\uff08ROE\uff09<\/td><td>\u5229\u6da6\u4e0e\u6743\u76ca\u7684\u5173\u7cfb\u3002.<\/td><\/tr><tr><td>\u53d1\u884c\u4eba\u98ce\u9669<\/td><td>\u51fa\u7248\u5546\u7834\u4ea7\u7684\u98ce\u9669\u3002.<\/td><\/tr><tr><td>\u6392\u653e\uff08\u8bc1\u4e66\uff09<\/td><td>\u53d1\u884c\u65b9\u4e3a Wikifolio \u521b\u5efa\u53ef\u4ea4\u6613\u8bc1\u4e66\u7684\u8fc7\u7a0b\u3002.<\/td><\/tr><tr><td>ETF<\/td><td>\u8ffd\u8e2a\u6307\u6570\u7684\u4ea4\u6613\u6240\u4ea4\u6613\u57fa\u91d1\u3002.<\/td><\/tr><tr><td>\u56e0\u5b50\u6295\u8d44<\/td><td>\u6839\u636e\u4ef7\u503c\u6216\u52a8\u91cf\u7b49\u56de\u62a5\u9a71\u52a8\u56e0\u7d20\u8fdb\u884c\u6295\u8d44\u3002.<\/td><\/tr><tr><td>\u8c41\u514d\u4ee4<\/td><td>\u5141\u8bb8\u94f6\u884c\u5728\u514d\u7a0e\u989d\u5ea6\u5185\u514d\u9664\u8d44\u672c\u5229\u5f97\u7a0e\u3002.<\/td><\/tr><tr><td>\u81ea\u7531\u73b0\u91d1\u6d41<\/td><td>\u6295\u8d44\u540e\u7684\u53ef\u7528\u73b0\u91d1\u6d41\u3002.<\/td><\/tr><tr><td>\u57fa\u91d1\u89c4\u6a21<\/td><td>\u57fa\u91d1\u6240\u6709\u8d44\u4ea7\u7684\u603b\u4ef7\u503c\u3002.<\/td><\/tr><tr><td>\u6210\u957f\u578b\u6295\u8d44<\/td><td>\u6295\u8d44\u9ad8\u589e\u957f\u516c\u53f8\u3002.<\/td><\/tr><tr><td>\u4ea4\u6613\u5e73\u53f0<\/td><td>\u8bc1\u5238\u4ea4\u6613\u6240\u6216\u8bc1\u5238\u4ea4\u6613\u5e73\u53f0\u3002.<\/td><\/tr><tr><td>\u7fa4\u4f53\u672c\u80fd<\/td><td>\u6709\u4ece\u4f17\u5fc3\u7406\u3002.<\/td><\/tr><tr><td>\u9996\u9875\u504f\u597d<\/td><td>\u8fc7\u5206\u91cd\u89c6\u56fd\u5185\u6295\u8d44\u3002.<\/td><\/tr><tr><td>\u901a\u8d27\u81a8\u80c0<\/td><td>\u7269\u4ef7\u6c34\u5e73\u666e\u904d\u4e0a\u6da8\u3002.<\/td><\/tr><tr><td>\u6307\u6570\u57fa\u91d1<\/td><td>\u590d\u5236\u6307\u6570\u7684\u57fa\u91d1\uff08\u4e0d\u4e00\u5b9a\u662fETF\uff09\u3002.<\/td><\/tr><tr><td>\u53ef\u6295\u8d44\u6027<\/td><td>Wikifolio \u7684\u72b6\u6001\u4e3a\u8bc1\u4e66\u9881\u53d1\u540e\u5373\u53ef\u4ea4\u6613\u3002.<\/td><\/tr><tr><td>ISIN \/ WKN<\/td><td>\u8bc1\u5238\u7684\u552f\u4e00\u8bc6\u522b\u53f7\u7801\u3002.<\/td><\/tr><tr><td>\u8d44\u672c\u5229\u5f97\u7a0e\uff08KESt\uff09<\/td><td>\u8d44\u672c\u5229\u5f97\u7a0e\uff0c\u4e0e\u56e2\u7ed3\u9644\u52a0\u8d39\u4e00\u8d77\u5f81\u6536\u3002.<\/td><\/tr><tr><td>\u8d44\u672c\u6536\u76ca<\/td><td>\u5229\u606f\u6536\u5165\u3001\u80a1\u606f\u6536\u5165\u6216\u9500\u552e\u6536\u5165\u3002.<\/td><\/tr><tr><td>KBV<\/td><td>\u516c\u53f8\u7684\u5e02\u51c0\u7387\u3002.<\/td><\/tr><tr><td>KCV<\/td><td>\u5e02\u73b0\u7387\u3002.<\/td><\/tr><tr><td>\u5e02\u76c8\u7387<\/td><td>\u516c\u53f8\u7684\u5e02\u76c8\u7387\u3002.<\/td><\/tr><tr><td>\u76f8\u5173\u6027<\/td><td>\u8861\u91cf\u4e24\u4e2a\u7cfb\u7edf\u8054\u5408\u8fd0\u52a8\u7684\u6307\u6807\u3002.<\/td><\/tr><tr><td>\u5c42<\/td><td>\u5206\u5c42\u7ed3\u6784\u5316\u98ce\u9669\u7b49\u7ea7\u3002.<\/td><\/tr><tr><td>\u5173\u952e\u5229\u7387<\/td><td>\u94f6\u884c\u5411\u4e2d\u592e\u94f6\u884c\u8fdb\u884c\u518d\u878d\u8d44\u7684\u5229\u7387\u3002.<\/td><\/tr><tr><td>\u9650\u4ef7\u5355<\/td><td>\u4ee5\u56fa\u5b9a\u4ef7\u683c\u6216\u66f4\u4f18\u60e0\u7684\u4ef7\u683c\u4e70\u5356\u3002.<\/td><\/tr><tr><td>\u6d41\u52a8\u6027<\/td><td>\u8bc1\u5238\u4ea4\u6613\u7684\u96be\u6613\u7a0b\u5ea6\u3002.<\/td><\/tr><tr><td>\u5e02\u573a\u8ba2\u5355<\/td><td>\u7acb\u5373\u6309\u5f53\u524d\u5e02\u573a\u4ef7\u683c\u6267\u884c\u3002.<\/td><\/tr><tr><td>\u6700\u5927\u56de\u64a4 (MDD)<\/td><td>\u6295\u8d44\u7ec4\u5408\u4ece\u6700\u9ad8\u70b9\u5230\u6700\u4f4e\u70b9\u7684\u5386\u53f2\u6700\u5927\u8dcc\u5e45\u3002.<\/td><\/tr><tr><td>\u5927\u8d8b\u52bf<\/td><td>\u5177\u6709\u91cd\u5927\u5e02\u573a\u5f71\u54cd\u7684\u957f\u671f\u5168\u7403\u53d1\u5c55\u3002.<\/td><\/tr><tr><td>\u52bf\u5934<\/td><td>\u4e00\u79cd\u4e13\u6ce8\u4e8e\u8fd1\u671f\u8868\u73b0\u5f3a\u52b2\u7684\u80a1\u7968\u7684\u7b56\u7565\u3002.<\/td><\/tr><tr><td>\u6295\u8d44\u7ec4\u5408\u793a\u4f8b<\/td><td>\u793a\u4f8b\u6295\u8d44\u7ec4\u5408\uff0c\u4f9b\u53c2\u8003\u3002.<\/td><\/tr><tr><td>\u8ba2\u5355\u7c3f<\/td><td>\u6240\u6709\u4e70\u5356\u8ba2\u5355\u5217\u8868\u3002.<\/td><\/tr><tr><td>\u8ba2\u5355<\/td><td>\u7ecf\u7eaa\u5546\u5904\u7684\u8ba2\u5355\u8f93\u5165\u8868\u683c\u3002.<\/td><\/tr><tr><td>\u8d85\u989d\u6536\u76ca<\/td><td>\u6536\u76ca\u7387\u9ad8\u4e8e\u57fa\u51c6\u6307\u6570\u3002.<\/td><\/tr><tr><td>\u6f14\u51fa\u8d39<\/td><td>\u5982\u53d6\u5f97\u79ef\u6781\u8fdb\u5c55\uff0c\u5219\u6309\u7ee9\u6548\u6536\u53d6\u8d39\u7528\u3002.<\/td><\/tr><tr><td>\u7269\u7406\u590d\u5236<\/td><td>\u771f\u6b63\u8d2d\u4e70\u5176\u6240\u5305\u542b\u8bc1\u5238\u7684ETF\u3002.<\/td><\/tr><tr><td>\u6587\u4ef6\u5939<\/td><td>\u6301\u6709\u7684\u6240\u6709\u8bc1\u5238\u603b\u989d\u3002.<\/td><\/tr><tr><td>\u91cf\u5316\u6295\u8d44<\/td><td>\u57fa\u4e8e\u6570\u636e\u7684\u89c4\u5219\u578b\u6295\u8d44\u3002.<\/td><\/tr><tr><td>\u518d\u5e73\u8861<\/td><td>\u6062\u590d\u539f\u6709\u7684\u6295\u8d44\u7ec4\u5408\u6743\u91cd\u3002.<\/td><\/tr><tr><td>\u8fd4\u56de<\/td><td>\u4e00\u6bb5\u65f6\u95f4\u5185\u7684\u6295\u8d44\u56de\u62a5\u7387\u3002.<\/td><\/tr><tr><td>\u7ecf\u6d4e\u8870\u9000<\/td><td>\u7ecf\u6d4e\u589e\u901f\u653e\u7f13\u5df2\u6301\u7eed\u6570\u4e2a\u5b63\u5ea6\u3002.<\/td><\/tr><tr><td>\u98ce\u9669\u5e73\u4ef7<\/td><td>\u4e00\u79cd\u7b56\u7565\uff0c\u5176\u4e2d\u6bcf\u7c7b\u8d44\u4ea7\u627f\u62c5\u7684\u98ce\u9669\u76f8\u7b49\u3002.<\/td><\/tr><tr><td>\u98ce\u9669\u7b49\u7ea7<\/td><td>\u6309\u6ce2\u52a8\u5f3a\u5ea6\u5206\u7c7b\u3002.<\/td><\/tr><tr><td>\u8bc4\u5206\u6a21\u578b<\/td><td>\u80a1\u7968\u9009\u62e9\u8bc4\u7ea7\u7cfb\u7edf\u3002.<\/td><\/tr><tr><td>\u590f\u666e\u6bd4\u7387<\/td><td>\u98ce\u9669\u56de\u62a5\u6bd4\u3002.<\/td><\/tr><tr><td>SICAV<\/td><td>\u6b27\u6d32\u53ef\u53d8\u8d44\u672c\u57fa\u91d1\u7ed3\u6784\u3002.<\/td><\/tr><tr><td>\u7d22\u63d0\u8bfa\u6bd4\u7387<\/td><td>\u6536\u76ca\u4e0e\u4e0b\u884c\u98ce\u9669\u7684\u5173\u7cfb\u3002.<\/td><\/tr><tr><td>\u50a8\u84c4\u6d25\u8d34<\/td><td>\u8d44\u672c\u5229\u5f97\u7684\u5e74\u5ea6\u514d\u7a0e\u989d\u5ea6\u3002.<\/td><\/tr><tr><td>\u4f20\u64ad<\/td><td>\u4e70\u5165\u4ef7\u4e0e\u5356\u51fa\u4ef7\u4e4b\u95f4\u7684\u5dee\u4ef7\u3002.<\/td><\/tr><tr><td>\u7a0e\u6536\u9012\u5ef6\u6548\u5e94<\/td><td>\u5c06\u7a0e\u6b3e\u7f34\u7eb3\u671f\u9650\u5ef6\u540e\u81f3\u672a\u6765\u3002.<\/td><\/tr><tr><td>\u505c\u6b62\u8d2d\u4e70\u8ba2\u5355<\/td><td>\u53ea\u6709\u5f53\u4ef7\u683c\u8d85\u8fc7\u7279\u5b9a\u9608\u503c\u65f6\u624d\u4f1a\u89e6\u53d1\u7684\u4e70\u5165\u8ba2\u5355\u3002.<\/td><\/tr><tr><td>\u6b62\u635f\u9650\u4ef7\u5355<\/td><td>\u5f53\u8fbe\u5230\u6b62\u635f\u4ef7\u65f6\uff0c\u8ba2\u5355\u5373\u751f\u6548\u3002.<\/td><\/tr><tr><td>\u6b62\u635f\u5355<\/td><td>\u4e3a\u51cf\u5c11\u635f\u5931\u800c\u4e0b\u4ee4\u3002.<\/td><\/tr><tr><td>\u4e92\u6362ETF<\/td><td>\u901a\u8fc7\u4e92\u6362\u4ea4\u6613\u590d\u5236\u6307\u6570\u7684\u5408\u6210ETF\u3002.<\/td><\/tr><tr><td>\u5408\u6210\u590d\u5236<\/td><td>\u4f7f\u7528\u884d\u751f\u54c1\u6216\u4e92\u6362\u4ea4\u6613\u8ffd\u8e2a\u6307\u6570\u7684ETF\u3002.<\/td><\/tr><tr><td>TER<\/td><td>\u57fa\u91d1\u7684\u603b\u8d39\u7528\u6bd4\u7387\u3002.<\/td><\/tr><tr><td>\u7d2f\u79ef<\/td><td>\u5229\u6da6\u5c06\u81ea\u52a8\u518d\u6295\u8d44\u3002.<\/td><\/tr><tr><td>\u8ffd\u8e2a\u5dee\u5f02<\/td><td>ETF\u6536\u76ca\u4e0e\u6307\u6570\u7684\u504f\u5dee\u3002.<\/td><\/tr><tr><td>\u8ddf\u8e2a\u8bef\u5dee<\/td><td>\u4e0e\u6307\u6570\u504f\u5dee\u7684\u6ce2\u52a8\u3002.<\/td><\/tr><tr><td>\u62d6\u505c<\/td><td>\u52a8\u6001\u6b62\u635f\uff0c\u53ef\u6839\u636e\u4ef7\u683c\u4e0a\u6da8\u81ea\u52a8\u8c03\u6574\u3002.<\/td><\/tr><tr><td>\u8d8b\u52bf\u7b5b\u9009\u5668<\/td><td>\u5224\u65ad\u5e02\u573a\u8d8b\u52bf\u7684\u89c4\u5219\u3002.<\/td><\/tr><tr><td>\u8d8b\u52bf\u8ddf\u8e2a<\/td><td>\u57fa\u4e8e\u73b0\u6709\u8d8b\u52bf\u7684\u6218\u7565\u3002.<\/td><\/tr><tr><td>UCITS<\/td><td>\u6b27\u6d32\u57fa\u91d1\u76d1\u7ba1\u3002.<\/td><\/tr><tr><td>\u5b87\u5b99<\/td><td>\u7b56\u7565\u6240\u9009\u8bc1\u5238\u7684\u96c6\u5408\u3002.<\/td><\/tr><tr><td>\u8868\u73b0\u4e0d\u4f73<\/td><td>\u6536\u76ca\u7387\u4f4e\u4e8e\u57fa\u51c6\u6307\u6570\u3002.<\/td><\/tr><tr><td>\u4ef7\u503c<\/td><td>\u6295\u8d44\u4e8e\u88ab\u4f4e\u4f30\u7684\u516c\u53f8\u3002.<\/td><\/tr><tr><td>\u635f\u5931\u538c\u6076<\/td><td>\u503e\u5411\u4e8e\u8fc7\u5206\u5f3a\u8c03\u635f\u5931\u800c\u5ffd\u89c6\u6536\u76ca\u3002.<\/td><\/tr><tr><td>\u6325\u53d1\u6027<\/td><td>\u8861\u91cf\u8bc1\u5238\u6ce2\u52a8\u6027\u7684\u6307\u6807\u3002.<\/td><\/tr><tr><td>\u6ce2\u52a8\u7387\u76ee\u6807<\/td><td>\u6839\u636e\u8bbe\u5b9a\u7684\u76ee\u6807\u6ce2\u52a8\u7387\u8c03\u6574\u4ed3\u4f4d\u89c4\u6a21\u3002.<\/td><\/tr><tr><td>\u9884\u4ed8\u6b3e<\/td><td>\u5bf9\u7d2f\u79ef\u8d44\u91d1\u5b9e\u884c\u7edf\u4e00\u7a0e\u7387\u3002.<\/td><\/tr><tr><td>\u7ef4\u57fa\u767e\u79d1<\/td><td>\u53cd\u6620\u6a21\u578b\u6295\u8d44\u7ec4\u5408\u8868\u73b0\u7684\u8bc1\u4e66\u3002.<\/td><\/tr><tr><td>Wikifolio\u8bc1\u4e66<\/td><td>Wikifolio \u7684\u53ef\u4ea4\u6613\u8bc1\u5238\u3002.<\/td><\/tr><tr><td>\u8bc1\u4e66\u8d39<\/td><td>Wikifolio\u8bc1\u4e66\u7684\u6301\u7eed\u8d39\u7528\u3002.<\/td><\/tr><tr><td>\u5229\u7387\u56de\u6696<\/td><td>\u8d27\u5e01\u653f\u7b56\u65b9\u5411\u7684\u6539\u53d8\uff08\u4f8b\u5982\uff0c\u4ece\u52a0\u606f\u8f6c\u4e3a\u964d\u606f\uff09\u3002.<\/td><\/tr><\/tbody><\/table><\/figure>","protected":false},"excerpt":{"rendered":"<p>Begriff Definition Abgeltungssteuer Pauschale Steuer auf Kapitalertr\u00e4ge in Deutschland. Aktie Unternehmensanteil, der Eigentumsrechte und potenzielle Kursgewinne bietet. Aktienindex Korb aus Aktien, der die Entwicklung eines Marktes misst. Alpha \u00dcberrendite eines Portfolios im Vergleich zum Markt. Anlagehorizont Zeitraum, \u00fcber den ein Anleger investiert bleiben m\u00f6chte. Asset Allocation Verteilung des Kapitals auf verschiedene Anlageklassen. Aussch\u00fcttend ETF oder [&hellip;]<\/p>\n","protected":false},"author":1,"featured_media":0,"parent":0,"menu_order":0,"comment_status":"closed","ping_status":"closed","template":"page-no-sidebar","meta":{"pmpro_default_level":"","_monsterinsights_skip_tracking":false,"_monsterinsights_sitenote_active":false,"_monsterinsights_sitenote_note":"","_monsterinsights_sitenote_category":0,"footnotes":""},"class_list":["post-753","page","type-page","status-publish","hentry","pmpro-has-access"],"aioseo_notices":[],"_links":{"self":[{"href":"https:\/\/mueckinvest.com\/zh\/wp-json\/wp\/v2\/pages\/753","targetHints":{"allow":["GET"]}}],"collection":[{"href":"https:\/\/mueckinvest.com\/zh\/wp-json\/wp\/v2\/pages"}],"about":[{"href":"https:\/\/mueckinvest.com\/zh\/wp-json\/wp\/v2\/types\/page"}],"author":[{"embeddable":true,"href":"https:\/\/mueckinvest.com\/zh\/wp-json\/wp\/v2\/users\/1"}],"replies":[{"embeddable":true,"href":"https:\/\/mueckinvest.com\/zh\/wp-json\/wp\/v2\/comments?post=753"}],"version-history":[{"count":2,"href":"https:\/\/mueckinvest.com\/zh\/wp-json\/wp\/v2\/pages\/753\/revisions"}],"predecessor-version":[{"id":2968,"href":"https:\/\/mueckinvest.com\/zh\/wp-json\/wp\/v2\/pages\/753\/revisions\/2968"}],"wp:attachment":[{"href":"https:\/\/mueckinvest.com\/zh\/wp-json\/wp\/v2\/media?parent=753"}],"curies":[{"name":"wp","href":"https:\/\/api.w.org\/{rel}","templated":true}]}}