{"id":3984,"date":"2026-03-13T11:00:00","date_gmt":"2026-03-13T10:00:00","guid":{"rendered":"https:\/\/mueckinvest.com\/?page_id=3984"},"modified":"2026-03-17T17:00:00","modified_gmt":"2026-03-17T16:00:00","slug":"%e6%95%85%e4%ba%8b","status":"publish","type":"page","link":"https:\/\/mueckinvest.com\/zh\/geschichte\/","title":{"rendered":"\u5386\u53f2\u3001\u53d1\u5c55\u548c\u8def\u7ebf\u56fe"},"content":{"rendered":"<p><strong>\u6211\u4e3a\u4ec0\u4e48\u516c\u5f00\u5c55\u793a\u6211\u7684\u6210\u957f\u5386\u7a0b<\/strong><\/p>\n\n\n\n<p>\u5bf9\u6211\u800c\u8a00\uff0c\u900f\u660e\u5730\u5c55\u793a Mueckinvest \u7684\u53d1\u5c55\u5386\u7a0b\u81f3\u5173\u91cd\u8981\u3002\u5c24\u5176\u662f\u5728\u91d1\u878d\u9886\u57df\uff0c\u4fe1\u4efb\u81f3\u5173\u91cd\u8981\u2014\u2014\u800c\u4fe1\u4efb\u7684\u5efa\u7acb\uff0c\u6e90\u4e8e\u5bf9\u4ea7\u54c1\u5982\u4f55\u521b\u5efa\u3001\u53d1\u5c55\u548c\u6539\u8fdb\u7684\u7406\u89e3\u3002\u56e0\u6b64\uff0c\u81ea 2025 \u5e74\u4ee5\u6765\uff0c\u6211\u4e00\u76f4\u5728\u8bb0\u5f55\u6211\u7684\u521b\u4e1a\u5386\u7a0b\uff0c\u6e05\u6670\u5730\u5c55\u793a\u6211\u6b63\u5728\u8fdb\u884c\u7684\u5de5\u4f5c\u3001\u5df2\u7ecf\u53d6\u5f97\u7684\u6210\u5c31\u4ee5\u53ca\u672a\u6765\u7684\u8ba1\u5212\u3002.<\/p>\n\n\n\n<details class=\"wp-block-details is-layout-flow wp-block-details-is-layout-flow\"><summary><strong>2025<\/strong><\/summary>\n<h2 class=\"wp-block-heading\">2025\u5e748\u6708\u2014\u2014\u5206\u6790\u9636\u6bb5\uff1a\u805a\u7126Wikifolios<\/h2>\n\n\n\n<p>\u8fd9\u662f Mueckinvest \u7684\u8d77\u70b9\u3002\u5728\u6b64\u9636\u6bb5\uff0c\u6211\u4eec\u4e13\u6ce8\u4e8e\u5bf9 Wikifolios\u3001\u6295\u8d44\u7b56\u7565\u4ee5\u53ca\u6295\u8d44\u8005\u5e38\u72af\u7684\u9519\u8bef\u8fdb\u884c\u6df1\u5165\u5206\u6790\u3002\u7531\u6b64\u83b7\u5f97\u7684\u6d1e\u89c1\u4e3a\u6211\u4eec\u65e5\u540e\u6253\u9020\u4e00\u4e2a\u6e05\u6670\u6613\u61c2\u3001\u7740\u773c\u957f\u8fdc\u7684\u91d1\u878d\u5e73\u53f0\u5960\u5b9a\u4e86\u57fa\u7840\u3002.<\/p>\n\n\n\n<h2 class=\"wp-block-heading\">2025\u5e7410\u6708 \u2013 \u9996\u4e2a\u7f51\u7ad9\u53ca\u54c1\u724c\u5efa\u8bbe<\/h2>\n\n\n\n<p>Mueckinvest\u7f51\u7ad9\u7684\u7b2c\u4e00\u4e2a\u7248\u672c\u6b63\u5f0f\u4e0a\u7ebf\u3002\u5176\u76ee\u6807\u662f\u4ee5\u7ed3\u6784\u5316\u4e14\u6613\u4e8e\u7406\u89e3\u7684\u65b9\u5f0f\u5448\u73b0\u91d1\u878d\u77e5\u8bc6\u3002\u4e0e\u6b64\u540c\u65f6\uff0c\u54c1\u724c\u5f62\u8c61\u4e5f\u5f97\u4ee5\u786e\u7acb\uff1a\u7b80\u7ea6\u3001\u5ba2\u89c2\u3001\u7740\u773c\u957f\u8fdc\u3002.<\/p>\n\n\n\n<h2 class=\"wp-block-heading\">2025\u5e7412\u6708\u2014\u2014\u4e13\u9898\u6df1\u5ea6\u89e3\u6790<\/h2>\n\n\n\n<p>\u5b9e\u8d28\u6027\u7684\u6df1\u5165\u5de5\u4f5c\u5f00\u59cb\u4e86\u3002\u5404\u9879\u7efc\u5408\u6027\u9879\u76ee\u76f8\u7ee7\u51fa\u7089\u3002 <a href=\"https:\/\/mueckinvest.com\/zh\/%e6%b7%b1%e5%85%a5%e6%8e%a2%e8%ae%a8%e7%9a%84%e4%b8%bb%e9%a2%98-2\/\" title=\"\u4e3b\u9898\u6df1\u5ea6\u63a2\u8ba8\">\u6df1\u5ea6\u63a2\u7d22<\/a> ETF\u3001\u98ce\u9669\u3001\u591a\u5143\u5316\u3001, <a href=\"https:\/\/mueckinvest.com\/zh\/%e5%86%8d%e5%b9%b3%e8%a1%a1-2\/\" title=\"\u518d\u5e73\u8861\">\u518d\u5e73\u8861 <\/a>\u4ee5\u53ca\u957f\u671f\u6295\u8d44\u7b56\u7565\u3002\u8fd9\u4e9b\u5185\u5bb9\u540e\u6765\u6210\u4e3a\u4e86 Mueckinvest AI \u7684\u77e5\u8bc6\u5e93\u3002.<\/p>\n<\/details>\n\n\n\n<details class=\"wp-block-details is-layout-flow wp-block-details-is-layout-flow\"><summary><strong>2026<\/strong><\/summary>\n<h2 class=\"wp-block-heading\">2026\u5e741\u6708 \u2013 \u5f00\u59cbAndroid\u5e94\u7528\u5f00\u53d1<\/h2>\n\n\n\n<p>\u6280\u672f\u5b9e\u65bd\u6b63\u5f0f\u542f\u52a8\u3002\u8be5\u67b6\u6784\u7684\u8bbe\u8ba1\u7406\u5ff5\u662f\u7cbe\u7b80\u3001\u53ef\u6269\u5c55\u4e14\u5168\u7403\u901a\u7528\u3002\u5df2\u5f00\u53d1\u51fa\u521d\u59cb\u7528\u6237\u754c\u9762\u539f\u578b\u548cETF\u4fe1\u606f\u7684\u6570\u636e\u6a21\u578b\u3002.<\/p>\n\n\n\n<h2 class=\"wp-block-heading\">2026\u5e742\u6708\u2014\u2014\u4eba\u5de5\u667a\u80fd\u7684\u5efa\u7acb<\/h2>\n\n\n\n<p>\u5f00\u59cb <a href=\"https:\/\/mueckinvest.com\/zh\/mueckinvest-ki\/\" title=\"Mueckinvest AI\">\u4eba\u5de5\u667a\u80fd\u96c6\u6210<\/a> \u4fa7\u91cd\u4e8e\u771f\u6b63\u7684\u89e3\u91ca\u6027\u4e13\u4e1a\u77e5\u8bc6\uff0c\u800c\u975e\u901a\u7528\u7b54\u6848\u3002\u5f00\u53d1\u4e86 RAG \u6d41\u7a0b\u3001\u521d\u59cb\u5d4c\u5165\u548c\u5411\u91cf\u6570\u636e\u5e93\u7ed3\u6784\u3002\u4e0e\u6b64\u540c\u65f6\uff0c\u5f00\u59cb\u89c4\u5212\u591a\u8bed\u8a00\u652f\u6301\uff0c\u4ee5\u5b9e\u73b0\u5168\u7403\u90e8\u7f72\u3002.<\/p>\n\n\n\n<h2 class=\"wp-block-heading\">2026\u5e743\u670817\u65e5\u2014\u2014\u53d1\u5c04\u5df2\u5b8c\u6210\ud83c\udf0d<\/h2>\n\n\n\n<p>\u5b89\u5353 <a href=\"https:\/\/mueckinvest.com\/zh\/%e5%ae%89%e5%8d%93%e5%ba%94%e7%94%a8\/\" title=\"Mueckinvest App\">Mueckinvest \u5e94\u7528<\/a> \u73b0\u5728\u7cfb\u7edf\u5df2\u7ecf\u4e0a\u7ebf\u3002\u7ecf\u8fc7\u5468\u5bc6\u7684\u51c6\u5907\uff0c\u5168\u7403\u57fa\u7840\u8bbe\u65bd\u5df2\u7ecf\u5230\u4f4d\uff0c\u670d\u52a1\u5668\u8fd0\u884c\u6d41\u7545\uff0c\u4eba\u5de5\u667a\u80fd\u4e5f\u5df2\u7ecf\u53d6\u5f97\u4e86\u663e\u8457\u6210\u6548\u3002.<\/p>\n<\/details>\n\n\n\n<details class=\"wp-block-details is-layout-flow wp-block-details-is-layout-flow\"><summary><strong>\u89c4\u5212\/\u8def\u7ebf\u56fe<\/strong><\/summary>\n<h2 class=\"wp-block-heading\">2026\u5e744\u6708\u81f36\u6708<\/h2>\n\n\n\n<p>\u201eMueckinvest\u201c+\u201eMueckinvest AI\u201c\u7684iOS\u539f\u751f\u7248\u672c\u5f00\u53d1\u5de5\u4f5c\u5df2\u7ecf\u542f\u52a8\u3002\u76ee\u6807\u662f\u6253\u9020\u4e00\u6b3e\u7a33\u5b9a\u3001\u5feb\u901f\u4e14\u6613\u4e8e\u4f7f\u7528\u7684\u5e94\u7528\u7a0b\u5e8f\uff0c\u4ee5\u5168\u9762\u8865\u5145\u73b0\u6709\u7684\u7f51\u9875\u7248\u548c\u5b89\u5353\u7248\u4f53\u9a8c\u3002.<\/p>\n\n\n\n<p>\u9664\u4e86\u5b89\u5353\u5e94\u7528\u201eMueckinvest\u201c\u4e4b\u5916\uff0c\u8fd8\u5c06\u53d1\u5e03\u72ec\u7acb\u7684\u201eMueckinvest AI\u201c\u5e94\u7528\u3002\u8be5\u5e94\u7528\u63d0\u4f9b\u4e13\u95e8\u9488\u5bf9ETF\u3001\u957f\u671f\u6295\u8d44\u548c\u91d1\u878d\u6559\u80b2\u7684AI\u804a\u5929\u529f\u80fd\uff0c\u5e76\u9488\u5bf920\u79cd\u8bed\u8a00\u548c\u56fd\u9645\u7528\u6237\u8fdb\u884c\u4e86\u4f18\u5316\u3002.<\/p>\n\n\n\n<h2 class=\"wp-block-heading\">\u52302026\u5e74\u5e95<\/h2>\n\n\n\n<p><strong>\u67b6\u6784\u7a33\u5b9a\u6027<\/strong>\u5728\u5e74\u5e95\u4e4b\u524d\uff0c\u6211\u4eec\u5c06\u91cd\u70b9\u52a0\u5f3a Mueckinvest \u7684\u6280\u672f\u57fa\u7840\u3002\u73b0\u6709\u7684\u670d\u52a1\u5668\u548c\u6570\u636e\u5e93\u67b6\u6784\u5c06\u6301\u7eed\u53d7\u5230\u76d1\u63a7\u3001\u4f18\u5316\uff0c\u5e76\u5728\u771f\u5b9e\u7528\u6237\u73af\u5883\u4e0b\u8fdb\u884c\u6d4b\u8bd5\u3002\u6211\u4eec\u7684\u76ee\u6807\u662f\u4e3a\u6240\u6709\u56fd\u9645\u5e02\u573a\u6253\u9020\u4e00\u4e2a\u6c38\u4e45\u7a33\u5b9a\u3001\u53ef\u6269\u5c55\u4e14\u53ef\u9760\u7684\u5e73\u53f0\u3002.<\/p>\n\n\n\n<p><strong>\u6301\u7eed\u8fdb\u884c\u9519\u8bef\u4fee\u590d<\/strong>\u968f\u7740\u529f\u80fd\u4e0d\u65ad\u4e30\u5bcc\u548c\u7528\u6237\u521d\u6b65\u53cd\u9988\u7684\u6536\u96c6\uff0c\u7cfb\u7edf\u6027\u9519\u8bef\u5206\u6790\u6210\u4e3a\u5f53\u524d\u7684\u5de5\u4f5c\u91cd\u70b9\u3002\u5df2\u53d1\u73b0\u7684\u9519\u8bef\u4f1a\u5f97\u5230\u53ca\u65f6\u4fee\u590d\uff0c\u6d41\u7a0b\u4f1a\u5f97\u5230\u4f18\u5316\uff0c\u5e94\u7528\u7a0b\u5e8f\u7684\u6574\u4f53\u6027\u80fd\u4e5f\u4f1a\u5f97\u5230\u8fdb\u4e00\u6b65\u63d0\u5347\u3002.<\/p>\n\n\n\n<p><strong>\u8d28\u91cf\u4fdd\u8bc1\u4e0e\u5fae\u8c03<\/strong>\u9664\u4e86\u6280\u672f\u8c03\u6574\u5916\uff0c\u7528\u6237\u754c\u9762\u7ec6\u8282\u3001\u52a0\u8f7d\u901f\u5ea6\u3001AI\u54cd\u5e94\u8d28\u91cf\u548c\u591a\u8bed\u8a00\u652f\u6301\u4e5f\u5728\u6301\u7eed\u4f18\u5316\u3002\u76ee\u6807\u662f\u5728\u5e74\u5e95\u524d\u5c06Mueckinvest\u6253\u9020\u6210\u4e3a\u4e00\u4e2a\u7a33\u5b9a\u3001\u6d41\u7545\u4e14\u53ef\u56fd\u9645\u90e8\u7f72\u7684\u91d1\u878dAI\u5e73\u53f0\u3002.<\/p>\n<\/details>","protected":false},"excerpt":{"rendered":"<p>Warum ich meine Entwicklung offen zeige F\u00fcr mich ist es wichtig, transparent zu zeigen, wie sich Mueckinvest Schritt f\u00fcr Schritt entwickelt hat. Gerade im Finanzbereich z\u00e4hlt Vertrauen \u2013 und Vertrauen entsteht, wenn man nachvollziehen kann, wie ein Produkt entsteht, w\u00e4chst und sich verbessert. Deshalb dokumentiere ich meinen Weg seit 2025 und zeige klar, woran ich [&hellip;]<\/p>\n","protected":false},"author":1,"featured_media":0,"parent":0,"menu_order":0,"comment_status":"closed","ping_status":"closed","template":"","meta":{"pmpro_default_level":"","_monsterinsights_skip_tracking":false,"_monsterinsights_sitenote_active":false,"_monsterinsights_sitenote_note":"","_monsterinsights_sitenote_category":0,"footnotes":""},"class_list":["post-3984","page","type-page","status-publish","hentry","pmpro-has-access"],"aioseo_notices":[],"_links":{"self":[{"href":"https:\/\/mueckinvest.com\/zh\/wp-json\/wp\/v2\/pages\/3984","targetHints":{"allow":["GET"]}}],"collection":[{"href":"https:\/\/mueckinvest.com\/zh\/wp-json\/wp\/v2\/pages"}],"about":[{"href":"https:\/\/mueckinvest.com\/zh\/wp-json\/wp\/v2\/types\/page"}],"author":[{"embeddable":true,"href":"https:\/\/mueckinvest.com\/zh\/wp-json\/wp\/v2\/users\/1"}],"replies":[{"embeddable":true,"href":"https:\/\/mueckinvest.com\/zh\/wp-json\/wp\/v2\/comments?post=3984"}],"version-history":[{"count":13,"href":"https:\/\/mueckinvest.com\/zh\/wp-json\/wp\/v2\/pages\/3984\/revisions"}],"predecessor-version":[{"id":4021,"href":"https:\/\/mueckinvest.com\/zh\/wp-json\/wp\/v2\/pages\/3984\/revisions\/4021"}],"wp:attachment":[{"href":"https:\/\/mueckinvest.com\/zh\/wp-json\/wp\/v2\/media?parent=3984"}],"curies":[{"name":"wp","href":"https:\/\/api.w.org\/{rel}","templated":true}]}}