{"id":3336,"date":"2026-02-01T22:00:00","date_gmt":"2026-02-01T21:00:00","guid":{"rendered":"https:\/\/mueckinvest.de\/?page_id=3336"},"modified":"2026-03-18T15:17:14","modified_gmt":"2026-03-18T14:17:14","slug":"%e5%8e%9f%e5%88%99%e6%89%bf%e8%af%ba","status":"publish","type":"page","link":"https:\/\/mueckinvest.com\/zh\/prinzipien-versprechen\/","title":{"rendered":"\u539f\u5219\/\u627f\u8bfa"},"content":{"rendered":"<h2 class=\"wp-block-heading\"><strong>\u6211\u7684\u539f\u5219<\/strong><\/h2>\n\n\n\n<h3 class=\"wp-block-heading\"><strong>\u6211\u8fdb\u884c\u7684\u662f\u957f\u671f\u6295\u8d44\u3002<\/strong><\/h3>\n\n\n\n<p>\u6211\u505a\u7684\u51b3\u5b9a\u4e0d\u662f\u7740\u773c\u4e8e\u4eca\u5929\u6216\u660e\u5929\uff0c\u800c\u662f\u7740\u773c\u4e8e\u672a\u6765\u51e0\u5341\u5e74\u3002.<\/p>\n\n\n\n<h3 class=\"wp-block-heading\"><strong>\u6211\u4fdd\u6301\u51b7\u9759<\/strong><\/h3>\n\n\n\n<p>\u6211\u4e0d\u4f1a\u8ba9\u81ea\u5df1\u88ab\u6f6e\u6d41\u3001\u65b0\u95fb\u6807\u9898\u6216\u77ed\u671f\u566a\u97f3\u6240\u5e72\u6270\u3002.<\/p>\n\n\n\n<h3 class=\"wp-block-heading\"><strong>\u6211\u559c\u6b22\u628a\u4e8b\u60c5\u7b80\u5355\u5316\u3002<\/strong><\/h3>\n\n\n\n<p>\u6211\u6ce8\u91cd\u6e05\u6670\u7684\u67b6\u6784\u3001\u6613\u4e8e\u7406\u89e3\u7684\u7b56\u7565\u548c\u575a\u5b9e\u7684\u57fa\u7840\u3002.<\/p>\n\n\n\n<hr class=\"wp-block-separator has-alpha-channel-opacity\"\/>\n\n\n\n<h1 class=\"wp-block-heading\">\u2b50 <strong>\u6211\u7684\u539f\u5219<\/strong><\/h1>\n\n\n\n<h3 class=\"wp-block-heading\"><strong>\u6211\u76f8\u4fe1\u6570\u636e\uff0c\u800c\u4e0d\u662f\u611f\u89c9\u3002<\/strong><\/h3>\n\n\n\n<p>\u6211\u7684\u51b3\u5b9a\u57fa\u4e8e\u4e8b\u5b9e\uff0c\u800c\u975e\u611f\u89c9\u3002.<\/p>\n\n\n\n<h3 class=\"wp-block-heading\"><strong>\u6211\u5c06\u4fdd\u6301\u72ec\u7acb\u3002<\/strong><\/h3>\n\n\n\n<p>\u6211\u5de5\u4f5c\u4e0d\u505a\u5e7f\u544a\uff0c\u4e0d\u6536\u53d6\u4f63\u91d1\uff0c\u4e5f\u6ca1\u6709\u4efb\u4f55\u9690\u6027\u5229\u76ca\u3002.<\/p>\n\n\n\n<h3 class=\"wp-block-heading\"><strong>\u6211\u628a\u65f6\u95f4\u5f53\u4f5c\u6211\u6700\u5f3a\u5927\u7684\u76df\u53cb\u3002<\/strong><\/h3>\n\n\n\n<p>\u6211\u4f9d\u9760\u7684\u662f\u590d\u5229\u7684\u529b\u91cf\uff0c\u800c\u4e0d\u662f\u62e9\u65f6\u6216\u6295\u673a\u3002.<\/p>\n\n\n\n<hr class=\"wp-block-separator has-alpha-channel-opacity\"\/>\n\n\n\n<h1 class=\"wp-block-heading\">\u2b50 <strong>\u6211\u6545\u610f\u4e0d\u505a\u7684\u4e8b<\/strong><\/h1>\n\n\n\n<h3 class=\"wp-block-heading\"><strong>\u6211\u4e0d\u63d0\u4f9b\u4e2a\u80a1\u5efa\u8bae\u3002<\/strong><\/h3>\n\n\n\n<p>\u6211\u4e0d\u662f\u5206\u6790\u5e08\uff0c\u6211\u4e0d\u63d0\u4f9b\u4e70\u5356\u4fe1\u53f7\u3002.<\/p>\n\n\n\n<h3 class=\"wp-block-heading\"><strong>\u6211\u4e0d\u505a\u4efb\u4f55\u4ea4\u6613\u3002<\/strong><\/h3>\n\n\n\n<p>\u6211\u4e0d\u8ffd\u9010\u6f6e\u6d41\u3001\u70ed\u95e8\u80a1\u7968\u6216\u77ed\u671f\u6536\u76ca\u3002.<\/p>\n\n\n\n<h3 class=\"wp-block-heading\"><strong>\u6211\u4fdd\u8bc1\u7edd\u4e0d\u8d70\u6377\u5f84\u3002<\/strong><\/h3>\n\n\n\n<p>\u6211\u4e0d\u515c\u552e\u601d\u7ef4\u5947\u8ff9\u3001\u52b1\u5fd7\u8001\u8bdd\u6216\u5e7b\u89c9\u3002.<\/p>\n\n\n\n<h3 class=\"wp-block-heading\"><strong>\u6211\u4e0d\u505a\u5e7f\u544a\u3002<\/strong><\/h3>\n\n\n\n<p>\u6211\u672a\u4f7f\u7528\u4efb\u4f55\u8054\u76df\u94fe\u63a5\u6216\u5546\u4e1a\u5408\u4f5c\u5173\u7cfb\u3002.<\/p>\n\n\n\n<h3 class=\"wp-block-heading\"><strong>\u6211\u4e0d\u4f1a\u8ba9\u4eba\u611f\u5230\u4e0d\u77e5\u6240\u63aa\u3002<\/strong><\/h3>\n\n\n\n<p>\u6211\u964d\u4f4e\u590d\u6742\u6027\u800c\u4e0d\u662f\u589e\u52a0\u590d\u6742\u6027\u3002.<\/p>","protected":false},"excerpt":{"rendered":"<p>Meine Prinzipien Ich investiere langfristig Ich treffe Entscheidungen nicht f\u00fcr heute oder morgen, sondern f\u00fcr die n\u00e4chsten Jahrzehnte. Ich bleibe ruhig Ich lasse mich nicht von Trends, Schlagzeilen oder kurzfristigem L\u00e4rm ablenken. Ich halte Dinge einfach Ich setze auf klare Strukturen, verst\u00e4ndliche Strategien und robuste Grundlagen. \u2b50 Meine Grunds\u00e4tze Ich vertraue auf Daten, nicht auf [&hellip;]<\/p>\n","protected":false},"author":1,"featured_media":0,"parent":0,"menu_order":0,"comment_status":"closed","ping_status":"closed","template":"","meta":{"pmpro_default_level":"","_monsterinsights_skip_tracking":false,"_monsterinsights_sitenote_active":false,"_monsterinsights_sitenote_note":"","_monsterinsights_sitenote_category":0,"footnotes":""},"class_list":["post-3336","page","type-page","status-publish","hentry","pmpro-has-access"],"aioseo_notices":[],"_links":{"self":[{"href":"https:\/\/mueckinvest.com\/zh\/wp-json\/wp\/v2\/pages\/3336","targetHints":{"allow":["GET"]}}],"collection":[{"href":"https:\/\/mueckinvest.com\/zh\/wp-json\/wp\/v2\/pages"}],"about":[{"href":"https:\/\/mueckinvest.com\/zh\/wp-json\/wp\/v2\/types\/page"}],"author":[{"embeddable":true,"href":"https:\/\/mueckinvest.com\/zh\/wp-json\/wp\/v2\/users\/1"}],"replies":[{"embeddable":true,"href":"https:\/\/mueckinvest.com\/zh\/wp-json\/wp\/v2\/comments?post=3336"}],"version-history":[{"count":2,"href":"https:\/\/mueckinvest.com\/zh\/wp-json\/wp\/v2\/pages\/3336\/revisions"}],"predecessor-version":[{"id":4030,"href":"https:\/\/mueckinvest.com\/zh\/wp-json\/wp\/v2\/pages\/3336\/revisions\/4030"}],"wp:attachment":[{"href":"https:\/\/mueckinvest.com\/zh\/wp-json\/wp\/v2\/media?parent=3336"}],"curies":[{"name":"wp","href":"https:\/\/api.w.org\/{rel}","templated":true}]}}