{"id":2435,"date":"2026-01-09T07:13:49","date_gmt":"2026-01-09T06:13:49","guid":{"rendered":"https:\/\/mueckinvest.de\/?page_id=2435"},"modified":"2026-02-04T10:00:00","modified_gmt":"2026-02-04T09:00:00","slug":"%e6%94%af%e6%8c%81-mueckinvest","status":"publish","type":"page","link":"https:\/\/mueckinvest.com\/zh\/unterstuetze-mueckinvest\/","title":{"rendered":"\u652f\u6301 Mueckinvest"},"content":{"rendered":"<p>Mueckinvest \u662f\u4e00\u4e2a\u72ec\u7acb\u3001\u65e0\u5e7f\u544a\u7684\u5e73\u53f0\uff0c\u65e8\u5728\u4e3a\u60a8\u63d0\u4f9b\u6e05\u6670\u7684\u8d22\u52a1\u6982\u89c8\u3002\u5982\u679c\u60a8\u8ba4\u540c\u5176\u7406\u5ff5\uff0c\u60a8\u53ef\u4ee5\u81ea\u613f\u652f\u6301\u5176\u8fdb\u4e00\u6b65\u53d1\u5c55\u2014\u2014\u65e0\u8bba\u662f\u4e00\u6b21\u6027\u6350\u6b3e\u8fd8\u662f\u6bcf\u6708\u6350\u6b3e\u3002.<\/p>\n\n\n\n<div style=\"height:20px\" aria-hidden=\"true\" class=\"wp-block-spacer\"><\/div>\n\n\n\n<hr class=\"wp-block-separator has-alpha-channel-opacity\"\/>\n\n\n\n<div style=\"height:20px\" aria-hidden=\"true\" class=\"wp-block-spacer\"><\/div>\n\n\n\n<h2 class=\"wp-block-heading\">\u4e3a\u4ec0\u4e48\u4f1a\u63d0\u4f9b\u652f\u6301\u9009\u9879\uff1f<\/h2>\n\n\n\n<p>Mueckinvest \u4e0d\u505a\u5e7f\u544a\uff0c\u4e5f\u4e0d\u51fa\u552e\u6570\u636e\uff0c\u800c\u662f\u4f9d\u9760\u4e00\u4e2a\u7b80\u5355\u7684\u6a21\u5f0f\uff1a<br>\u559c\u6b22\u4f7f\u7528\u8be5\u5e73\u53f0\u4e14\u7ecf\u6d4e\u6761\u4ef6\u5141\u8bb8\u7684\u7528\u6237\uff0c\u6b22\u8fce\u81ea\u613f\u7ed9\u4e88\u652f\u6301\u3002.<br>\u8fd9\u786e\u4fdd\u4e86 Mueckinvest \u5728\u957f\u671f\u5185\u4fdd\u6301\u72ec\u7acb\u3001\u900f\u660e\u548c\u7a33\u5b9a\u3002.<\/p>\n\n\n\n<div style=\"height:20px\" aria-hidden=\"true\" class=\"wp-block-spacer\"><\/div>\n\n\n\n<hr class=\"wp-block-separator has-alpha-channel-opacity\"\/>\n\n\n\n<div style=\"height:20px\" aria-hidden=\"true\" class=\"wp-block-spacer\"><\/div>\n\n\n\n<h2 class=\"wp-block-heading\">\u6bcf\u6708\u652f\u6301<\/h2>\n\n\n\n<p>\u60a8\u7684\u6bcf\u6708\u6350\u6b3e\u5c06\u7528\u4e8e\u652f\u4ed8\u670d\u52a1\u5668\u8d39\u7528\u3001\u8fdb\u4e00\u6b65\u5f00\u53d1\u548c\u65b0\u589e\u529f\u80fd\u3002\u6b3e\u9879\u5c06\u901a\u8fc7 PayPal \u81ea\u52a8\u5904\u7406\uff0c\u60a8\u53ef\u4ee5\u968f\u65f6\u53d6\u6d88\u6350\u6b3e\u3002.<\/p>\n\n\n\n<div class=\"wp-block-columns is-layout-flex wp-container-core-columns-is-layout-28f84493 wp-block-columns-is-layout-flex\">\n<div class=\"wp-block-column is-layout-flow wp-block-column-is-layout-flow\" style=\"flex-basis:66.66%\">\n<p><strong>\u652f\u6301\u8005 \u2013 \u6bcf\u6708 2 \u6b27\u5143<\/strong><\/p>\n\n\n\n<p>\u8fd9\u6709\u52a9\u4e8e\u4fdd\u6301 Mueckinvest \u7684\u72ec\u7acb\u6027\u548c\u65e0\u5e7f\u544a\u72b6\u6001\u3002.<\/p>\n<\/div>\n\n\n\n<div class=\"wp-block-column is-layout-flow wp-block-column-is-layout-flow\" style=\"flex-basis:33.33%\">\n<div class=\"wp-block-buttons is-layout-flex wp-block-buttons-is-layout-flex\">\n<div class=\"wp-block-button\"><a class=\"wp-block-button__link wp-element-button\" href=\"https:\/\/buy.stripe.com\/00wfZa8Jo8Krfw13ZZ6Na03\">\u6210\u4e3a\u652f\u6301\u8005<\/a><\/div>\n<\/div>\n<\/div>\n<\/div>\n\n\n\n<div class=\"wp-block-columns is-layout-flex wp-container-core-columns-is-layout-28f84493 wp-block-columns-is-layout-flex\">\n<div class=\"wp-block-column is-layout-flow wp-block-column-is-layout-flow\" style=\"flex-basis:66.66%\">\n<p><strong>\u9ad8\u7ea7\u652f\u6301\u8005 \u2013 5 \u6b27\u5143\/\u6708<\/strong><\/p>\n\n\n\n<p>\u652f\u6301\u8fdb\u4e00\u6b65\u5f00\u53d1\u3001\u6258\u7ba1\u548c\u65b0\u529f\u80fd<\/p>\n<\/div>\n\n\n\n<div class=\"wp-block-column is-layout-flow wp-block-column-is-layout-flow\" style=\"flex-basis:33.33%\">\n<div class=\"wp-block-buttons is-layout-flex wp-block-buttons-is-layout-flex\">\n<div class=\"wp-block-button\"><a class=\"wp-block-button__link wp-element-button\" href=\"https:\/\/buy.stripe.com\/14A5kw3p4e4L6Zv7cb6Na04\">\u6210\u4e3a\u9ad8\u7ea7\u652f\u6301\u8005<\/a><\/div>\n<\/div>\n<\/div>\n<\/div>\n\n\n\n<div class=\"wp-block-columns is-layout-flex wp-container-core-columns-is-layout-28f84493 wp-block-columns-is-layout-flex\">\n<div class=\"wp-block-column is-layout-flow wp-block-column-is-layout-flow\" style=\"flex-basis:66.66%\">\n<p><strong>\u6295\u8d44\u8005\u652f\u6301\u8005 \u2013 \u6bcf\u6708 10 \u6b27\u5143<\/strong><\/p>\n\n\n\n<p>\u79ef\u6781\u4e3a Mueckinvest \u7684\u672a\u6765\u505a\u51fa\u8d21\u732e\u3002.<\/p>\n<\/div>\n\n\n\n<div class=\"wp-block-column is-layout-flow wp-block-column-is-layout-flow\" style=\"flex-basis:33.33%\">\n<div class=\"wp-block-buttons is-layout-flex wp-block-buttons-is-layout-flex\">\n<div class=\"wp-block-button\"><a class=\"wp-block-button__link wp-element-button\" href=\"https:\/\/buy.stripe.com\/00w00c5xc1hZ97D9kj6Na05\">\u6210\u4e3a\u6295\u8d44\u652f\u6301\u8005<\/a><\/div>\n<\/div>\n<\/div>\n<\/div>\n\n\n\n<div style=\"height:20px\" aria-hidden=\"true\" class=\"wp-block-spacer\"><\/div>\n\n\n\n<hr class=\"wp-block-separator has-alpha-channel-opacity\"\/>\n\n\n\n<div style=\"height:20px\" aria-hidden=\"true\" class=\"wp-block-spacer\"><\/div>\n\n\n\n<h2 class=\"wp-block-heading\">\u4e00\u6b21\u6027\u652f\u6301<\/h2>\n\n\n\n<div class=\"wp-block-columns is-layout-flex wp-container-core-columns-is-layout-28f84493 wp-block-columns-is-layout-flex\">\n<div class=\"wp-block-column is-layout-flow wp-block-column-is-layout-flow\" style=\"flex-basis:66.66%\">\n<p>\u5982\u679c\u60a8\u4e0d\u60f3\u8ba2\u9605\uff0c\u4e5f\u53ef\u4ee5\u901a\u8fc7\u4e00\u6b21\u6027\u6350\u8d60\u652f\u6301 Mueckinvest\u3002\u6350\u8d60\u91d1\u989d\u60a8\u53ef\u4ee5\u81ea\u7531\u9009\u62e9\u3002.<\/p>\n<\/div>\n\n\n\n<div class=\"wp-block-column is-layout-flow wp-block-column-is-layout-flow\" style=\"flex-basis:33.33%\">\n<div class=\"wp-block-buttons is-layout-flex wp-block-buttons-is-layout-flex\">\n<div class=\"wp-block-button\"><a class=\"wp-block-button__link wp-element-button\" href=\"https:\/\/buy.stripe.com\/fZu4gsbVA0dV3Nj7cb6Na06\">\u4e00\u6b21\u6027\u652f\u6301<\/a><\/div>\n<\/div>\n<\/div>\n<\/div>\n\n\n\n<div style=\"height:20px\" aria-hidden=\"true\" class=\"wp-block-spacer\"><\/div>\n\n\n\n<hr class=\"wp-block-separator has-alpha-channel-opacity\"\/>\n\n\n\n<div style=\"height:20px\" aria-hidden=\"true\" class=\"wp-block-spacer\"><\/div>\n\n\n\n<h2 class=\"wp-block-heading\">\u900f\u660e\u5ea6\u548c\u7ec8\u6b62<\/h2>\n\n\n\n<p>\u60a8\u7684\u652f\u6301\u662f\u81ea\u613f\u7684\uff0c\u60a8\u53ef\u4ee5\u968f\u65f6\u53d6\u6d88\u3002.<br>\u60a8\u53ef\u4ee5\u76f4\u63a5\u5728PayPal\u8d26\u6237\u4e2d\u53d6\u6d88\u6708\u5ea6\u8ba2\u9605\u3002.<br>\u6ca1\u6709\u4efb\u4f55\u9690\u85cf\u6761\u4ef6\u2014\u2014\u60a8\u7684\u8d21\u732e\u662f\u5bf9\u8fd9\u4e2a\u4e3a\u60a8\u63d0\u4f9b\u771f\u6b63\u9644\u52a0\u503c\u7684\u5e73\u53f0\u7684\u611f\u8c22\u3002.<\/p>","protected":false},"excerpt":{"rendered":"<p>Mueckinvest ist unabh\u00e4ngig, werbefrei und darauf ausgelegt, Ihnen einen klaren \u00dcberblick \u00fcber Ihre Finanzen zu geben. Wenn Sie die Idee dahinter wertvoll finden, k\u00f6nnen Sie die Weiterentwicklung freiwillig unterst\u00fctzen \u2013 einmalig oder monatlich. Warum gibt es Unterst\u00fctzungsm\u00f6glichkeiten? Statt Werbung oder Datenverkauf setzt Mueckinvest auf ein einfaches Modell:Wer die Plattform gerne nutzt und sich das leisten [&hellip;]<\/p>\n","protected":false},"author":1,"featured_media":0,"parent":0,"menu_order":0,"comment_status":"closed","ping_status":"closed","template":"page-no-sidebar","meta":{"pmpro_default_level":"","_monsterinsights_skip_tracking":false,"_monsterinsights_sitenote_active":false,"_monsterinsights_sitenote_note":"","_monsterinsights_sitenote_category":0,"footnotes":""},"class_list":["post-2435","page","type-page","status-publish","hentry","pmpro-has-access"],"aioseo_notices":[],"_links":{"self":[{"href":"https:\/\/mueckinvest.com\/zh\/wp-json\/wp\/v2\/pages\/2435","targetHints":{"allow":["GET"]}}],"collection":[{"href":"https:\/\/mueckinvest.com\/zh\/wp-json\/wp\/v2\/pages"}],"about":[{"href":"https:\/\/mueckinvest.com\/zh\/wp-json\/wp\/v2\/types\/page"}],"author":[{"embeddable":true,"href":"https:\/\/mueckinvest.com\/zh\/wp-json\/wp\/v2\/users\/1"}],"replies":[{"embeddable":true,"href":"https:\/\/mueckinvest.com\/zh\/wp-json\/wp\/v2\/comments?post=2435"}],"version-history":[{"count":9,"href":"https:\/\/mueckinvest.com\/zh\/wp-json\/wp\/v2\/pages\/2435\/revisions"}],"predecessor-version":[{"id":3538,"href":"https:\/\/mueckinvest.com\/zh\/wp-json\/wp\/v2\/pages\/2435\/revisions\/3538"}],"wp:attachment":[{"href":"https:\/\/mueckinvest.com\/zh\/wp-json\/wp\/v2\/media?parent=2435"}],"curies":[{"name":"wp","href":"https:\/\/api.w.org\/{rel}","templated":true}]}}