{"id":1508,"date":"2025-12-09T08:00:00","date_gmt":"2025-12-09T08:00:00","guid":{"rendered":"https:\/\/mueckinvest.de\/?page_id=1508"},"modified":"2026-01-28T12:00:00","modified_gmt":"2026-01-28T11:00:00","slug":"%e4%b8%8eetf%e7%9b%b8%e6%af%94%ef%bc%8c%e9%99%84%e5%8a%a0%e5%80%bc-2","status":"publish","type":"page","link":"https:\/\/mueckinvest.com\/zh\/mehrwert-gegenueber-etfs\/","title":{"rendered":"\u4e0eETF\u76f8\u6bd4\u7684\u9644\u52a0\u503c"},"content":{"rendered":"<p>ETF\u6295\u8d44\u7ec4\u5408\u901a\u5e38\u662f\u4e00\u4e2a\u4e0d\u9519\u7684\u8d77\u70b9\u3002\u7136\u800c\uff0c\u8bb8\u591a\u6295\u8d44\u8005\u4f4e\u4f30\u4e86\u6295\u8d44\u7ec4\u5408\u968f\u65f6\u95f4\u63a8\u79fb\u53ef\u80fd\u53d1\u751f\u7684\u53d8\u5316\uff0c\u4ee5\u53ca\u957f\u671f\u4fdd\u6301\u6295\u8d44\u7eaa\u5f8b\u7684\u96be\u5ea6\u3002\u800c\u8fd9\u6b63\u662fMueckInvest\u7684\u4f18\u52bf\u6240\u5728\uff1a\u5b83\u62e5\u6709\u6e05\u6670\u7684\u89c4\u5219\u3001\u5168\u7403\u591a\u5143\u5316\u7684\u6295\u8d44\u5e03\u5c40\u4ee5\u53ca\u900f\u660e\u4e14\u5b9e\u9645\u6267\u884c\u7684\u7b56\u7565\u3002.<\/p>\n\n\n\n<div style=\"height:20px\" aria-hidden=\"true\" class=\"wp-block-spacer\"><\/div>\n\n\n\n<hr class=\"wp-block-separator has-alpha-channel-opacity\"\/>\n\n\n\n<div style=\"height:20px\" aria-hidden=\"true\" class=\"wp-block-spacer\"><\/div>\n\n\n\n<h2 class=\"wp-block-heading\"><strong>\ud83d\udd0d \u4f20\u7edfETF\u6295\u8d44\u7ec4\u5408\u9762\u4e34\u7684\u5178\u578b\u6311\u6218<\/strong><\/h2>\n\n\n\n<h3 class=\"wp-block-heading\"><strong>\ud83d\udcc9 1. \u672a\u88ab\u5bdf\u89c9\u7684\u98ce\u9669\u8f6c\u79fb\uff08\u6295\u8d44\u7ec4\u5408\u6f02\u79fb\uff09<\/strong><\/h3>\n\n\n\n<p>\u5982\u679c\u67d0\u4e9b\u5730\u533a\u6216\u884c\u4e1a\u8868\u73b0\u4f18\u4e8e\u5176\u4ed6\u5730\u533a\u6216\u884c\u4e1a\uff0c\u98ce\u9669\u72b6\u51b5\u5c31\u4f1a\u81ea\u52a8\u53d1\u751f\u53d8\u5316\u3002\u6700\u521d\u4ee5\u9632\u5fa1\u4e3a\u4e3b\uff0870\/30\uff09\u7684\u6295\u8d44\u7ec4\u5408\uff0c\u51e0\u5e74\u540e\u53ef\u80fd\u4f1a\u5728\u6ca1\u6709\u4efb\u4f55\u4eba\u4e3a\u5e72\u9884\u7684\u60c5\u51b5\u4e0b\uff0c\u663e\u8457\u589e\u52a0\u80a1\u7968\u7684\u6743\u91cd\u3002.<\/p>\n\n\n\n<h3 class=\"wp-block-heading\"><strong>\u23f3 2. \u518d\u5e73\u8861\u673a\u5236\u5f88\u5c11\u80fd\u6301\u7eed\u6709\u6548\u5730\u5b9e\u65bd\u3002<\/strong><\/h3>\n\n\n\n<p>\u5f88\u591a\u4eba\u90fd\u77e5\u9053\u5b9a\u671f\u8fdb\u884c\u6295\u8d44\u7ec4\u5408\u518d\u5e73\u8861\u5f88\u91cd\u8981\u3002\u7136\u800c\uff0c\u5728\u5b9e\u8df5\u4e2d\uff0c\u4eba\u4eec\u5e38\u5e38\u4f1a\u5fd8\u8bb0\u3001\u63a8\u8fdf\u6216\u53d7\u5230\u60c5\u7eea\u7684\u5f71\u54cd\u3002\u957f\u671f\u6765\u770b\uff0c\u6295\u8d44\u7ec4\u5408\u4f1a\u5931\u53bb\u5176\u7ed3\u6784\u548c\u7a33\u5b9a\u6027\u3002.<\/p>\n\n\n\n<h3 class=\"wp-block-heading\"><strong>\ud83e\udde0 3. \u60c5\u7eea\u5316\u7684\u51b3\u5b9a\u4ece\u957f\u8fdc\u6765\u770b\u4f1a\u8ba9\u4f60\u635f\u5931\u6536\u76ca<\/strong><\/h3>\n\n\n\n<p>\u60c5\u7eea\u4e5f\u4f1a\u5f71\u54cdETF\u7684\u4ea4\u6613\uff1a\u4eba\u4eec\u4e70\u5165\u8fc7\u665a\u3001\u5356\u51fa\u8fc7\u65e9\uff0c\u6216\u8005\u5bf9\u65b0\u95fb\u6807\u9898\u53cd\u5e94\u8fc7\u5ea6\u3002\u8fd9\u4e9b\u884c\u4e3a\u5931\u8bef\u662f\u4e2a\u4eba\u6295\u8d44\u8005\u83b7\u5f97\u56de\u62a5\u7684\u6700\u5927\u969c\u788d\u4e4b\u4e00\u3002.<\/p>\n\n\n\n<div style=\"height:20px\" aria-hidden=\"true\" class=\"wp-block-spacer\"><\/div>\n\n\n\n<hr class=\"wp-block-separator has-alpha-channel-opacity\"\/>\n\n\n\n<div style=\"height:20px\" aria-hidden=\"true\" class=\"wp-block-spacer\"><\/div>\n\n\n\n<h2 class=\"wp-block-heading\"><strong>\ud83e\udded\u662f\u4ec0\u4e48\u8ba9 Mueckinvest \u66f4\u80dc\u4e00\u7b79<\/strong><\/h2>\n\n\n\n<h3 class=\"wp-block-heading\"><strong>\ud83d\udcd8 1. \u6e05\u6670\u900f\u660e\u7684\u89c4\u5219<\/strong><\/h3>\n\n\n\n<p>\u8fd9\u4e9b\u7b56\u7565\u9075\u5faa\u56fa\u5b9a\u4e14\u6613\u4e8e\u7406\u89e3\u7684\u89c4\u5219\u3002\u4e0d\u505a\u4efb\u4f55\u51b2\u52a8\u51b3\u5b9a\uff0c\u4e0d\u62e9\u65f6\uff0c\u4e5f\u4e0d\u51ed\u611f\u89c9\u884c\u4e8b\u3002\u4e00\u5207\u90fd\u6709\u636e\u53ef\u67e5\uff0c\u5e76\u4e14\u524d\u540e\u4e00\u81f4\u3002.<\/p>\n\n\n\n<h3 class=\"wp-block-heading\"><strong>\ud83d\udd04 2. \u5b9a\u671f\u3001\u57fa\u4e8e\u89c4\u5219\u7684\u518d\u5e73\u8861<\/strong><\/h3>\n\n\n\n<p>\u6743\u91cd\u4f1a\u5b9a\u671f\u8fdb\u884c\u5ba1\u6838\u548c\u8c03\u6574\u3002\u8fd9\u6837\u53ef\u4ee5\u4fdd\u6301\u98ce\u9669\u7a33\u5b9a\uff0c\u4e0d\u53d7\u77ed\u671f\u5e02\u573a\u6ce2\u52a8\u7684\u5f71\u54cd\u3002.<\/p>\n\n\n\n<h3 class=\"wp-block-heading\"><strong>\ud83c\udf0d 3. \u5355\u4e00\u6295\u8d44\u7ec4\u5408\u4e2d\u7684\u5168\u7403\u591a\u5143\u5316<\/strong><\/h3>\n\n\n\n<p>MueckInvest\u5e76\u6ca1\u6709\u5c06\u591a\u4e2aETF\u7ec4\u5408\u5728\u4e00\u8d77\uff0c\u800c\u662f\u5c06\u5168\u7403\u591a\u5143\u5316\u6295\u8d44\u6574\u5408\u5230\u4e00\u4e2a\u7ed3\u6784\u6e05\u6670\u7684\u65b9\u6cd5\u4e2d\uff1a<\/p>\n\n\n\n<ul class=\"wp-block-list\">\n<li>\u6765\u81ea\u53d1\u8fbe\u5e02\u573a\u548c\u65b0\u5174\u5e02\u573a\u7684\u80a1\u7968<\/li>\n\n\n\n<li>\u533a\u57df\u91cd\u70b9\u9886\u57df\u5305\u62ec\u7f8e\u56fd\u3001\u6b27\u6d32\u548c\u4e9a\u6d32<\/li>\n\n\n\n<li>\u6839\u636e\u7b56\u7565\u7684\u4e0d\u540c\uff1a\u503a\u5238\u6216\u5176\u4ed6\u98ce\u9669\u7ba1\u7406\u6784\u5efa\u6a21\u5757<\/li>\n<\/ul>\n\n\n\n<p>\u7ed3\u679c\uff1a\u4e00\u4e2a\u7a33\u5b9a\u3001\u4e13\u4e1a\u6784\u5efa\u7684\u6295\u8d44\u7ec4\u5408\uff0c\u800c\u4e0d\u662f\u968f\u673a\u6784\u5efa\u7684 ETF \u7ec4\u5408\u3002.<\/p>\n\n\n\n<h3 class=\"wp-block-heading\"><strong>\ud83e\udde9 4. \u4e8b\u534a\u529f\u500d\uff0c\u5931\u8bef\u66f4\u5c11<\/strong><\/h3>\n\n\n\n<p>\u60a8\u65e0\u9700\u62c5\u5fc3\u65f6\u673a\u3001\u6743\u91cd\u6216\u5e02\u573a\u9636\u6bb5\u3002\u89c4\u5219\u56fa\u5b9a\u4e14\u59cb\u7ec8\u5982\u4e00\u5730\u6267\u884c\u3002\u8fd9\u51cf\u5c11\u4e86\u5e38\u89c1\u7684\u884c\u4e3a\u9519\u8bef\uff0c\u5e76\u786e\u4fdd\u4e86\u957f\u671f\u7a33\u5b9a\u6027\u3002.<\/p>\n\n\n\n<h2 class=\"wp-block-heading\"><strong>\ud83d\udca1 \u8fd9\u5bf9\u4f60\u610f\u5473\u7740\u4ec0\u4e48<\/strong><\/h2>\n\n\n\n<p>\u57fa\u4e8e\u89c4\u5219\u7684\u6295\u8d44\u7ec4\u5408\u4e0d\u4ec5\u5177\u6709\u7ed3\u6784\u6027\u4f18\u52bf\uff0c\u800c\u4e14\u5177\u6709\u5fc3\u7406\u4f18\u52bf\uff1a<\/p>\n\n\n\n<ul class=\"wp-block-list\">\n<li>\u5e02\u573a\u6ce2\u52a8\u671f\u95f4\u538b\u529b\u8f83\u5c0f<\/li>\n\n\n\n<li>\u4e0d\u8981\u5bb3\u6015\u9519\u8fc7\u91cd\u8981\u51b3\u5b9a\u3002<\/li>\n\n\n\n<li>\u4e00\u4e2a\u59cb\u7ec8\u4e0e\u60a8\u7684\u98ce\u9669\u7b49\u7ea7\u76f8\u5339\u914d\u7684\u6295\u8d44\u7ec4\u5408<\/li>\n\n\n\n<li>\u65e5\u5e38\u751f\u6d3b\u4e2d\u505a\u51b3\u5b9a\u7684\u538b\u529b\u8f83\u5c0f<\/li>\n\n\n\n<li>\u7b80\u6d01\u800c\u975e\u590d\u6742<\/li>\n<\/ul>\n\n\n\n<p>\u56e0\u6b64\uff0c\u771f\u6b63\u7684\u9644\u52a0\u503c\u4e0d\u4ec5\u5728\u4e8e\u6295\u8d44\u7ec4\u5408\u7684\u6784\u5efa\uff0c\u8fd8\u5728\u4e8e\u591a\u5e74\u6765\u6301\u7eed\u3001\u6709\u6761\u4e0d\u7d0a\u5730\u6267\u884c\u8be5\u6295\u8d44\u7ec4\u5408\u3002.<\/p>\n\n\n\n<div style=\"height:20px\" aria-hidden=\"true\" class=\"wp-block-spacer\"><\/div>\n\n\n\n<hr class=\"wp-block-separator has-alpha-channel-opacity\"\/>\n\n\n\n<div style=\"height:20px\" aria-hidden=\"true\" class=\"wp-block-spacer\"><\/div>\n\n\n\n<h2 class=\"wp-block-heading\"><strong>\ud83d\udcca \u901a\u8fc7 Wikifolio \u5b9e\u73b0\u900f\u660e\u5316<\/strong><\/h2>\n\n\n\n<p>MueckInvest \u7684\u6295\u8d44\u7b56\u7565\u901a\u8fc7 Wikifolio \u5b9e\u65f6\u6267\u884c\u3002\u60a8\u53ef\u4ee5\u968f\u65f6\u5728 Wikifolio \u4e0a\u5173\u6ce8\u8fd9\u4e9b\u7b56\u7565\u7684\u6267\u884c\u60c5\u51b5\u3002<\/p>\n\n\n\n<ul class=\"wp-block-list\">\n<li>\u5f53\u524d\u6743\u91cd\u548c\u7ec4\u6210<\/li>\n\n\n\n<li>\u6240\u6709\u8c03\u6574\u548c\u91cd\u65b0\u5e73\u8861\u6b65\u9aa4<\/li>\n\n\n\n<li>\u98ce\u9669\u6307\u6807\u548c\u5386\u53f2\u53d1\u5c55<\/li>\n\n\n\n<li>\u6bcf\u4e00\u7b14\u4ea4\u6613<\/li>\n<\/ul>\n\n\n\n<p>\u5de5\u4f5c\u539f\u7406 <a href=\"https:\/\/mueckinvest.com\/zh\/%f0%9f%93%88-wikifolios\/\" title=\"\u7ef4\u57fa\u767e\u79d1\">\u7ef4\u57fa\u767e\u79d1<\/a> \u673a\u9047\u548c\u98ce\u9669\u4e5f\u5728\u6587\u4e2d\u8fdb\u884c\u4e86\u8be6\u7ec6\u8ba8\u8bba\u3002 <a href=\"https:\/\/mueckinvest.com\/zh\/%e6%b7%b1%e5%85%a5%e6%8e%a2%e8%ae%a8%e7%9a%84%e4%b8%bb%e9%a2%98-2\/\" title=\"\u4e3b\u9898\u6df1\u5ea6\u63a2\u8ba8\">\u6df1\u5ea6\u63a2\u8ba8\u4e3b\u9898<\/a> \u5e76\u4e14 <a href=\"https:\/\/mueckinvest.com\/zh\/%e5%b8%b8%e9%97%ae%e9%97%ae%e9%a2%98-2\/\" title=\"\u5e38\u89c1\u95ee\u9898\u89e3\u7b54\">\u5e38\u95ee\u95ee\u9898 <\/a>\u89e3\u91ca\u8fc7\u4e86\u3002.<\/p>\n\n\n\n<div style=\"height:20px\" aria-hidden=\"true\" class=\"wp-block-spacer\"><\/div>\n\n\n\n<hr class=\"wp-block-separator has-alpha-channel-opacity\"\/>\n\n\n\n<div style=\"height:20px\" aria-hidden=\"true\" class=\"wp-block-spacer\"><\/div>\n\n\n\n<figure class=\"wp-block-table\">\n  <table class=\"info-tabelle mehrwert has-fixed-layout\">\n    <thead>\n      <tr>\n        <th>\u6807\u51c6<\/th>\n        <th>ETF\u6295\u8d44\u7ec4\u5408<\/th>\n        <th>\u4f1e\u5f62\u7ef4\u57fa\u767e\u79d1\uff1a\u5168\u7403\u56fe\u5c42<\/th>\n      <\/tr>\n    <\/thead>\n    <tbody>\n      <tr>\n        <td>\u5efa\u9020<\/td>\n        <td>3-7\u53ea\u4e0d\u540c\u7684ETF\uff0c\u624b\u52a8\u52a0\u6743<\/td>\n        <td>\u5355\u4e00\u4f4d\u7f6e\uff0c\u6240\u6709\u6784\u5efa\u6a21\u5757\u96c6\u6210<\/td>\n      <\/tr>\n      <tr>\n        <td>\u6d3b\u52a8<\/td>\n        <td>\u5b8c\u5168\u88ab\u52a8\uff0c\u65e0\u9700\u4efb\u4f55\u8c03\u6574<\/td>\n        <td>\u57fa\u4e8e\u89c4\u5219\u7684\u4e3b\u52a8\u3001\u518d\u5e73\u8861\u548c\u8d8b\u52bf\u903b\u8f91<\/td>\n      <\/tr>\n      <tr>\n        <td>\u591a\u6837\u5316<\/td>\n        <td>\u5168\u7403\u8303\u56f4\uff0c\u4f46\u901a\u5e38\u4ec5\u9650\u4e8e2-3\u4e2a\u5730\u533a<\/td>\n        <td>\u5168\u7403\u56e0\u7d20\u3001\u8d8b\u52bf\u548c\u4e3b\u9898<\/td>\n      <\/tr>\n      <tr>\n        <td>\u8d39\u7528<\/td>\n        <td>\u5b9a\u671f\u518d\u5e73\u8861\uff0c\u9009\u62e9\u51b3\u7b56<\/td>\n        <td>\u5168\u81ea\u52a8\uff0c\u65e0\u9700\u7ef4\u62a4<\/td>\n      <\/tr>\n      <tr>\n        <td>\u7075\u6d3b\u6027<\/td>\n        <td>\u4e0e\u6307\u6570\u7d27\u5bc6\u76f8\u5173<\/td>\n        <td>\u80fd\u591f\u9002\u5e94\u5e02\u573a\u9636\u6bb5\u548c\u65b0\u8d8b\u52bf<\/td>\n      <\/tr>\n      <tr>\n        <td>\u900f\u660e\u5ea6<\/td>\n        <td>\u6307\u6570\u89c4\u5219\uff0c\u4f46\u89e3\u91ca\u751a\u5c11\u3002<\/td>\n        <td>\u6e05\u6670\u7684\u66f4\u65b0\uff0c\u6613\u4e8e\u7406\u89e3\u7684\u51b3\u7b56<\/td>\n      <\/tr>\n      <tr>\n        <td>\u6210\u672c\u611f\u77e5<\/td>\n        <td>\u4f4e\u603b\u8d39\u7528\u7387\uff0c\u4f46\u524d\u671f\u6210\u672c\u8f83\u9ad8<\/td>\n        <td>\u8d39\u7528\u66f4\u9ad8\uff0c\u4f46\u63d0\u4f9b\u5168\u529b\u652f\u6301<\/td>\n      <\/tr>\n    <\/tbody>\n    <tfoot>\n      <tr>\n        <td class=\"has-text-align-center\" data-align=\"center\" colspan=\"3\">\n          ETF\u6295\u8d44\u7ec4\u5408\u662f\u4e00\u4e2a\u4e0d\u9519\u7684\u8d77\u70b9\u3002\u6211\u7684\u7b56\u7565\u662f\u4e0b\u4e00\u6b65\u3002.\n        <\/td>\n      <\/tr>\n    <\/tfoot>\n  <\/table>\n<\/figure>\n\n<!-- Wrapper f\u00fcr die mobilen Spalten-Cards -->\n<div class=\"mehrwert-cards\"><\/div>\n\n\n\n<div class=\"wp-block-columns is-layout-flex wp-container-core-columns-is-layout-28f84493 wp-block-columns-is-layout-flex\">\n<div class=\"wp-block-column is-layout-flow wp-block-column-is-layout-flow\">\n<div class=\"wp-block-buttons is-layout-flex wp-block-buttons-is-layout-flex\">\n<div class=\"wp-block-button\"><a class=\"wp-block-button__link wp-element-button\" href=\"https:\/\/mueckinvest.com\/zh\/%e5%85%a8%e7%90%83%e5%b1%82-2\/\">\u524d\u5f80\u4f1e\u5f62\u7ef4\u57fa\u767e\u79d1\u9875\u9762\u201c\u5168\u7403\u56fe\u5c42\u201d<\/a><\/div>\n<\/div>\n<\/div>\n\n\n\n<div class=\"wp-block-column is-layout-flow wp-block-column-is-layout-flow\">\n<div class=\"wp-block-buttons is-layout-flex wp-block-buttons-is-layout-flex\">\n<div class=\"wp-block-button\"><a class=\"wp-block-button__link wp-element-button\" href=\"https:\/\/mueckinvest.com\/zh\/wikifolios\/\">\u63a2\u7d22\u66f4\u591a\u7b56\u7565<\/a><\/div>\n<\/div>\n<\/div>\n<\/div>\n\n\n\n<div class=\"wp-block-buttons is-layout-flex wp-block-buttons-is-layout-flex\"><\/div>","protected":false},"excerpt":{"rendered":"<p>Ein ETF\u2011Portfolio ist grunds\u00e4tzlich ein guter Start. Doch viele Anlegerinnen und Anleger untersch\u00e4tzen, wie stark sich ein Portfolio im Laufe der Zeit ver\u00e4ndert \u2013 und wie schwierig es ist, langfristig diszipliniert zu bleiben. Genau hier setzt MueckInvest an: mit klaren Regeln, globaler Diversifikation und einer transparenten, live umgesetzten Strategie. \ud83d\udd0d Typische Herausforderungen bei klassischen ETF\u2011Portfolios [&hellip;]<\/p>\n","protected":false},"author":1,"featured_media":0,"parent":0,"menu_order":0,"comment_status":"closed","ping_status":"closed","template":"page-no-sidebar","meta":{"pmpro_default_level":"","_monsterinsights_skip_tracking":false,"_monsterinsights_sitenote_active":false,"_monsterinsights_sitenote_note":"","_monsterinsights_sitenote_category":0,"footnotes":""},"class_list":["post-1508","page","type-page","status-publish","hentry","pmpro-has-access"],"aioseo_notices":[],"_links":{"self":[{"href":"https:\/\/mueckinvest.com\/zh\/wp-json\/wp\/v2\/pages\/1508","targetHints":{"allow":["GET"]}}],"collection":[{"href":"https:\/\/mueckinvest.com\/zh\/wp-json\/wp\/v2\/pages"}],"about":[{"href":"https:\/\/mueckinvest.com\/zh\/wp-json\/wp\/v2\/types\/page"}],"author":[{"embeddable":true,"href":"https:\/\/mueckinvest.com\/zh\/wp-json\/wp\/v2\/users\/1"}],"replies":[{"embeddable":true,"href":"https:\/\/mueckinvest.com\/zh\/wp-json\/wp\/v2\/comments?post=1508"}],"version-history":[{"count":2,"href":"https:\/\/mueckinvest.com\/zh\/wp-json\/wp\/v2\/pages\/1508\/revisions"}],"predecessor-version":[{"id":3201,"href":"https:\/\/mueckinvest.com\/zh\/wp-json\/wp\/v2\/pages\/1508\/revisions\/3201"}],"wp:attachment":[{"href":"https:\/\/mueckinvest.com\/zh\/wp-json\/wp\/v2\/media?parent=1508"}],"curies":[{"name":"wp","href":"https:\/\/api.w.org\/{rel}","templated":true}]}}