{"id":130,"date":"2025-09-10T12:00:00","date_gmt":"2025-09-10T12:00:00","guid":{"rendered":"https:\/\/mueckinvest.de\/?page_id=130"},"modified":"2026-03-13T08:00:00","modified_gmt":"2026-03-13T07:00:00","slug":"%e5%b8%b8%e9%97%ae%e9%97%ae%e9%a2%98-2","status":"publish","type":"page","link":"https:\/\/mueckinvest.com\/zh\/faq\/","title":{"rendered":"\u5e38\u89c1\u95ee\u9898\u89e3\u7b54"},"content":{"rendered":"<h1 class=\"wp-block-heading\"><strong>1. \u5173\u4e8e Wikifolios \u7684\u4e00\u822c\u4fe1\u606f<\/strong><\/h1>\n\n\n\n<h3 class=\"wp-block-heading\"><strong>\u4ec0\u4e48\u662f Wikifolio\uff1f<\/strong><\/h3>\n\n\n\n<p>Wikifolio\u662f\u7531\u4ea4\u6613\u5458\u6216\u6295\u8d44\u8005\u521b\u5efa\u7684\u516c\u5f00\u53ef\u8bbf\u95ee\u7684\u6295\u8d44\u7ec4\u5408\u6a21\u578b\u3002\u5b83\u53cd\u6620\u4e86\u7279\u5b9a\u7684\u6295\u8d44\u7b56\u7565\u2014\u2014\u4f8b\u5982\uff0c\u5e7f\u6cdb\u5206\u6563\u6295\u8d44\u4e8eETF\uff0c\u6216\u4e13\u6ce8\u4e8e\u7279\u5b9a\u4e3b\u9898\uff0c\u5982\u79d1\u6280\u6216\u53ef\u6301\u7eed\u53d1\u5c55\u3002\u6295\u8d44\u8005\u53ef\u4ee5\u901a\u8fc7\u4ea4\u6613\u6240\u4ea4\u6613\u51ed\u8bc1\u53c2\u4e0e\u5176\u4e1a\u7ee9\u3002\ud83d\udc49 \u7b80\u800c\u8a00\u4e4b\uff1aWikifolio\u662f\u4e00\u4e2a\u201e\u516c\u5f00\u7684\u6295\u8d44\u7ec4\u5408\u6a21\u578b\u201c\uff0c\u5b83\u4ee5\u900f\u660e\u7684\u65b9\u5f0f\u5c55\u793a\u4e86\u4e00\u79cd\u6295\u8d44\u7b56\u7565\u3002.<\/p>\n\n\n\n<h3 class=\"wp-block-heading\"><strong>\u4ec0\u4e48\u662fWikifolio\u8bc1\u4e66\uff1f<\/strong><\/h3>\n\n\n\n<p>Wikifolio \u8bc1\u4e66\u4e0e Wikifolio \u7684\u8868\u73b0\u5b8c\u5168\u4e00\u81f4\uff0c\u7531\u53d1\u884c\u673a\u6784\u53d1\u884c\uff0c\u53ef\u901a\u8fc7\u7ecf\u7eaa\u5546\u50cf\u8bc1\u5238\u4e00\u6837\u8fdb\u884c\u4ea4\u6613\u3002.<\/p>\n\n\n\n<h3 class=\"wp-block-heading\"><strong>\u4ec0\u4e48\u662f\u5c4b\u9876\u7ef4\u57fa\u767e\u79d1\uff1f<\/strong><\/h3>\n\n\n\n<p>\u7ef4\u57fa\u6295\u8d44\u7ec4\u5408\u57fa\u91d1\u5e76\u4e0d\u76f4\u63a5\u6295\u8d44\u4e8e\u80a1\u7968\u6216ETF\uff0c\u800c\u662f\u540c\u65f6\u6295\u8d44\u4e8e\u591a\u4e2a\u7ef4\u57fa\u6295\u8d44\u7ec4\u5408\u3002\u7b80\u800c\u8a00\u4e4b\uff1a\u7ef4\u57fa\u6295\u8d44\u7ec4\u5408\u57fa\u91d1\u7ed3\u5408\u4e86\u591a\u79cd\u6295\u8d44\u7406\u5ff5\uff0c\u63d0\u4f9b\u989d\u5916\u7684\u5206\u6563\u98ce\u9669\u3002.<\/p>\n\n\n\n<h3 class=\"wp-block-heading\"><strong>Wikifolio \u548c umbrella Wikifolio \u6709\u4ec0\u4e48\u533a\u522b\uff1f<\/strong><\/h3>\n\n\n\n<ul class=\"wp-block-list\">\n<li><strong>\u7ef4\u57fa\u767e\u79d1\uff1a<\/strong> \u4e2a\u4eba\u6295\u8d44\u7b56\u7565<\/li>\n\n\n\n<li><strong>\u96e8\u4f1e\u7ef4\u57fa\u767e\u79d1\uff1a<\/strong> \u5c06\u591a\u79cd\u7b56\u7565\u878d\u5408\u5230\u4e00\u4e2a\u4ea7\u54c1\u4e2d<\/li>\n<\/ul>\n\n\n\n<h3 class=\"wp-block-heading\"><strong>\u6d89\u53ca\u54ea\u4e9b\u8d39\u7528\uff1f<\/strong><\/h3>\n\n\n\n<ul class=\"wp-block-list\">\n<li>\u8bc1\u4e66\u8d39\u7528\uff08\u6301\u7eed\u8d39\u7528\uff09<\/li>\n\n\n\n<li>\u4e1a\u7ee9\u8d39\uff08\u4ec5\u5728\u76c8\u5229\u65f6\u6536\u53d6\uff09\u3002\u6b64\u5916\uff0c\u7ecf\u7eaa\u5546\u8fd8\u4f1a\u6536\u53d6\u8ba2\u5355\u8d39\u548c\u70b9\u5dee\u3002.<\/li>\n<\/ul>\n\n\n\n<h3 class=\"wp-block-heading\"><strong>\u8c01\u7ba1\u7406 Wikifolios\uff1f<\/strong><\/h3>\n\n\n\n<p>\u6240\u6709\u7b56\u7565\u5747\u7531 Mueckinvest \u5236\u5b9a\u3001\u5b9e\u65bd\u548c\u76d1\u63a7\u3002.<\/p>\n\n\n\n<h3 class=\"wp-block-heading\"><strong>\u4f60\u4e2a\u4eba\u5bf9\u4f60\u7684Wikifolios\u4f5c\u54c1\u96c6\u6295\u5165\u4e86\u591a\u5c11\u7cbe\u529b\uff1f<\/strong><\/h3>\n\n\n\n<p>\u662f\u7684\u3002\u901a\u8fc7\u7ef4\u57fa\u767e\u79d1\u4f1e\u5f62\u76ee\u5f55\u201e<a href=\"https:\/\/mueckinvest.com\/zh\/%e5%85%a8%e7%90%83%e5%b1%82-2\/\" title=\"\u4f1e\u5f62\u7ef4\u57fa\u767e\u79d1\uff1a\u5168\u7403\u56fe\u5c42\">\u5168\u7403\u56fe\u5c42<\/a>\u201c\u6211\u6295\u8d44\u4e86\u6211\u6240\u6709\u7684Wikifolio\u516c\u53f8\u3002\u6b64\u5916\uff0c\u6211\u8fd8\u6301\u6709Wikifolio\u6bcd\u516c\u53f8\u7684\u80a1\u4efd\u3002\u201e<a href=\"https:\/\/mueckinvest.com\/zh\/%e5%85%a8%e7%90%83%e5%a4%a9%e6%89%8d-2\/\" title=\"\u96e8\u4f1e\u7ef4\u57fa\u767e\u79d1\uff1a\u5168\u7403\u5929\u624d\">\u5168\u7403\u5929\u624d<\/a>\u201c.<\/p>\n\n\n\n<h3 class=\"wp-block-heading\"><strong>\u6211\u5982\u4f55\u6295\u8d44Wikifolio\uff1f<\/strong><\/h3>\n\n\n\n<p>\u901a\u8fc7\u53d1\u884c\u540e\u5728\u8bc1\u5238\u4ea4\u6613\u6240\u4ea4\u6613\u7684\u53ef\u6295\u8d44\u51ed\u8bc1\u3002.<\/p>\n\n\n\n<h3 class=\"wp-block-heading\"><strong>\u6211\u53ef\u4ee5\u5c06 Wikifolio \u4f5c\u4e3a\u50a8\u84c4\u8ba1\u5212\u7684\u4e00\u90e8\u5206\u8fdb\u884c\u6295\u8d44\u5417\uff1f<\/strong><\/h3>\n\n\n\n<p>\u8fd9\u53d6\u51b3\u4e8e\u5177\u4f53\u7684\u7ecf\u7eaa\u5546\u3002.<\/p>\n\n\n\n<h3 class=\"wp-block-heading\"><strong>\u6211\u5728\u7ecf\u7eaa\u5546\u90a3\u91cc\u627e\u4e0d\u5230\u8fd9\u4efd\u8bc1\u4e66\u2014\u2014\u4e3a\u4ec0\u4e48\uff1f<\/strong><\/h3>\n\n\n\n<p>\u53ef\u80fd\u7684\u539f\u56e0\uff1a<\/p>\n\n\n\n<ul class=\"wp-block-list\">\n<li>\u5c1a\u672a\u5728\u8bc1\u5238\u4ea4\u6613\u6240\u4e0a\u5e02<\/li>\n\n\n\n<li>\u6570\u636e\u6536\u96c6\u5ef6\u8fdf<\/li>\n\n\n\n<li>\u4ea4\u6613\u573a\u6240\u9650\u5236<\/li>\n\n\n\n<li>\u8be5\u8bc1\u4e66\u76ee\u524d\u5c1a\u4e0d\u53ef\u6295\u8d44\u3002<\/li>\n<\/ul>\n\n\n\n<h3 class=\"wp-block-heading\"><strong>\u9881\u53d1\u8bc1\u4e66\u9700\u8981\u591a\u957f\u65f6\u95f4\uff1f<\/strong><\/h3>\n\n\n\n<p>\u53d1\u884c\u6d41\u7a0b\u901a\u5e38\u9700\u8981 1-3 \u5468\u3002\u5177\u4f53\u65f6\u95f4\u53d6\u51b3\u4e8e\u53d1\u884c\u673a\u6784\u7684\u6700\u7ec8\u5ba1\u6838\u3002\u53ea\u6709\u901a\u8fc7\u5ba1\u6838\u540e\uff0c\u8bc1\u4e66\u624d\u80fd\u8fdb\u884c\u4ea4\u6613\u3002.<\/p>\n\n\n\n<h3 class=\"wp-block-heading\"><strong>\u5982\u4f55\u5224\u65adWikifolio\u662f\u5426\u503c\u5f97\u6295\u8d44\uff1f<\/strong><\/h3>\n\n\n\n<p>wikifolio.com \u4e0a\u4f1a\u6e05\u695a\u5730\u663e\u793a\u72b6\u6001\u3002\u5982\u679c\u663e\u793a\u201e\u8bc1\u4e66\u51c6\u5907\u4e2d\u201c\uff0c\u5219\u8868\u793a\u8be5 wikifolio \u5c1a\u672a\u5f00\u653e\u6295\u8d44\u3002.<\/p>\n\n\n\n<h3 class=\"wp-block-heading\"><strong>\u6211\u53ef\u4ee5\u5728\u54ea\u91cc\u627e\u5230 Wikifolio \u7684 ISIN \u6216 WKN\uff1f<\/strong><\/h3>\n\n\n\n<p>\u5728\u76f8\u5e94\u7684 Wikifolio \u9875\u9762\u201e\u6027\u80fd\u6982\u8ff0\u201c\u4e0b\u3002.<\/p>\n\n\n\n<h3 class=\"wp-block-heading\"><strong>Wikifolios\u591a\u4e45\u66f4\u65b0\u4e00\u6b21\uff1f<\/strong><\/h3>\n\n\n\n<p>\u6301\u7eed\u76d1\u63a7\uff0c\u81f3\u5c11\u6bcf\u5b63\u5ea6\u8fdb\u884c\u4e00\u6b21\u518d\u5e73\u8861\u3002.<\/p>\n\n\n\n<h3 class=\"wp-block-heading\"><strong>\u6211\u53ef\u4ee5\u770b\u4e00\u4e0b\u5f53\u524d\u7684\u9635\u5bb9\u5417\uff1f<\/strong><\/h3>\n\n\n\n<p>\u662f\u7684\uff0c\u968f\u65f6\u90fd\u53ef\u4ee5\u3002 <a href=\"http:\/\/wikifolio.com\" title=\"\">wikifolio.com<\/a>.<\/p>\n\n\n\n<h3 class=\"wp-block-heading\"><strong>\u5982\u4f55\u5b9e\u73b0\u591a\u5143\u5316\uff1f<\/strong><\/h3>\n\n\n\n<p>\u901a\u8fc7\u7ed3\u5408\u4e0d\u540c\u5730\u533a\u3001\u884c\u4e1a\u3001\u8d44\u4ea7\u7c7b\u522b\u548c\u7b56\u7565\u3002.<\/p>\n\n\n\n<h3 class=\"wp-block-heading\"><strong>Wikifolio \u9875\u9762\u4e0a\u7684\u8868\u683c\u662f\u5982\u4f55\u521b\u5efa\u7684\uff1f<\/strong><\/h3>\n\n\n\n<p>\u5b83\u4eec\u4ee5\u5b98\u65b9\u60c5\u51b5\u8bf4\u660e\u4e66\u4e3a\u57fa\u7840\uff0c\u7ecf\u4eba\u5de5\u667a\u80fd\u5904\u7406\uff0c\u5e76\u7ecf\u8fc7\u4eba\u5de5\u5ba1\u6838\u3002.<\/p>\n\n\n\n<h3 class=\"wp-block-heading\"><strong>\u91cd\u65b0\u5e73\u8861\u662f\u4ec0\u4e48\u610f\u601d\uff1f<\/strong><\/h3>\n\n\n\n<p>\u5b9a\u671f\u8c03\u6574\u6295\u8d44\u7ec4\u5408\u6743\u91cd\uff0c\u4f7f\u5176\u8fbe\u5230\u76ee\u6807\u7ed3\u6784\u3002\ud83d\udc49 \u5728 mueckinvest\uff0c\u8fd9\u9879\u5de5\u4f5c\u6bcf\u5b63\u5ea6\u8fdb\u884c\u4e00\u6b21\u3002.<\/p>\n\n\n\n<h3 class=\"wp-block-heading\"><strong>Wikifolios \u9002\u5408\u54ea\u4e9b\u7528\u6237\uff1f<\/strong><\/h3>\n\n\n\n<p>\u9002\u5408\u5e0c\u671b\u5206\u6563\u6295\u8d44\u98ce\u9669\u3001\u4e50\u4e8e\u63a5\u53d7\u4e3b\u52a8\u7ba1\u7406\u5e76\u5e0c\u671b\u8fdb\u884c\u957f\u671f\u6295\u8d44\u7684\u6295\u8d44\u8005\u3002.<\/p>\n\n\n\n<h3 class=\"wp-block-heading\"><strong>\u4ec0\u4e48\u662f\u5168\u7403\u6295\u8d44\u7ec4\u5408\uff1f<\/strong><\/h3>\n\n\n\n<p>\u4ee5ETF\u4e3a\u4e3b\u7684\u5168\u7403\u591a\u5143\u5316\u80a1\u7968\u6295\u8d44\u7ec4\u5408\u3002.<\/p>\n\n\n\n<h3 class=\"wp-block-heading\"><strong>Wikifolios\u7684\u6d41\u52a8\u6027\u5982\u4f55\uff1f<\/strong><\/h3>\n\n\n\n<p>\u5b83\u4eec\u5728\u8bc1\u5238\u4ea4\u6613\u6240\u8fdb\u884c\u4ea4\u6613\u3002\u6d41\u52a8\u6027\u53d6\u51b3\u4e8e\u4ea4\u6613\u91cf\u548c\u505a\u5e02\u5546\u3002.<\/p>\n\n\n\n<h3 class=\"wp-block-heading\"><strong>\u662f\u5426\u6709\u6700\u4f4e\u6295\u8d44\u989d\uff1f<\/strong><\/h3>\n\n\n\n<p>\u4e0d\uff0c\u6ca1\u6709\u6700\u4f4e\u6295\u8d44\u91d1\u989d\u9650\u5236\u3002.<\/p>\n\n\n\n<h3 class=\"wp-block-heading\"><strong>Wikifolio \u7684\u4ef7\u503c\u4f1a\u53d8\u6210\u8d1f\u503c\u5417\uff1f<\/strong><\/h3>\n\n\n\n<p>\u4e0d\uff0c\u4f46\u5b83\u53ef\u80fd\u4f1a\u5927\u5e45\u6ce2\u52a8\u3002.<\/p>\n\n\n\n<div style=\"height:20px\" aria-hidden=\"true\" class=\"wp-block-spacer\"><\/div>\n\n\n\n<hr class=\"wp-block-separator has-alpha-channel-opacity\"\/>\n\n\n\n<div style=\"height:20px\" aria-hidden=\"true\" class=\"wp-block-spacer\"><\/div>\n\n\n\n<h1 class=\"wp-block-heading\"><strong>2. \u6cd5\u5f8b\u65b9\u9762\u53ca\u98ce\u9669<\/strong><\/h1>\n\n\n\n<h3 class=\"wp-block-heading\"><strong>\u60a8\u80fd\u63d0\u4f9b\u4e2a\u4eba\u6295\u8d44\u5efa\u8bae\u5417\uff1f<\/strong><\/h3>\n\n\n\n<p>\u4e0d\uff0c\u6b64\u5185\u5bb9\u4ec5\u4f9b\u53c2\u8003\u3002.<\/p>\n\n\n\n<h3 class=\"wp-block-heading\"><strong>\u6709\u54ea\u4e9b\u98ce\u9669\uff1f<\/strong><\/h3>\n\n\n\n<ul class=\"wp-block-list\">\n<li>\u5e02\u573a\u98ce\u9669<\/li>\n\n\n\n<li>\u6325\u53d1\u6027<\/li>\n\n\n\n<li>\u56de\u64a4<\/li>\n\n\n\n<li>\u6c47\u7387\u98ce\u9669<\/li>\n\n\n\n<li><a href=\"https:\/\/mueckinvest.com\/zh\/%e7%bb%b4%e5%9f%ba%e7%99%be%e7%a7%91%e8%af%81%e4%b9%a6%e7%9a%84%e5%8f%91%e8%a1%8c%e4%ba%ba%e9%a3%8e%e9%99%a9\/\" title=\"\u53d1\u884c\u4eba\u98ce\u9669\">\u53d1\u884c\u4eba\u98ce\u9669<\/a><\/li>\n\n\n\n<li>\u6218\u7565\u98ce\u9669<\/li>\n<\/ul>\n\n\n\n<h3 class=\"wp-block-heading\"><strong>Wikifolio \u5b89\u5168\u5417\uff1f<\/strong><\/h3>\n\n\n\n<p>Wikifolio \u662f\u4e00\u79cd\u8bc1\u4e66\uff0c\u800c\u4e0d\u662f\u8d44\u91d1\u3002.<\/p>\n\n\n\n<ul class=\"wp-block-list\">\n<li>\u6ca1\u6709\u4e13\u9879\u57fa\u91d1<\/li>\n\n\n\n<li>\u53d1\u884c\u4eba\u98ce\u9669<\/li>\n\n\n\n<li>\u5b8c\u5168\u900f\u660e<\/li>\n<\/ul>\n\n\n\n<h3 class=\"wp-block-heading\"><strong>\u5982\u679c\u6218\u7565\u7ecf\u7406\u4e0d\u5728\u600e\u4e48\u529e\uff1f<\/strong><\/h3>\n\n\n\n<p>Wikifolio \u5c06\u7ee7\u7eed\u4fdd\u7559\uff0c\u4f46\u4e0d\u518d\u8fdb\u884c\u79ef\u6781\u7ba1\u7406\u3002.<\/p>\n\n\n\n<h3 class=\"wp-block-heading\"><strong>\u662f\u5426\u6709\u8d44\u91d1\u62c5\u4fdd\uff1f<\/strong><\/h3>\n\n\n\n<p>\u4e0d\uff0c\u4efb\u4f55\u5f62\u5f0f\u7684\u6295\u8d44\u90fd\u4e0d\u80fd\u4fdd\u8bc1\u672c\u91d1\u5b89\u5168\u3002.<\/p>\n\n\n\n<h3 class=\"wp-block-heading\"><strong>\u6781\u7aef\u5e02\u573a\u884c\u60c5\u671f\u95f4\u4f1a\u53d1\u751f\u4ec0\u4e48\uff1f<\/strong><\/h3>\n\n\n\n<p>Wikifolios \u7684\u4ef7\u683c\u6ce2\u52a8\u53ef\u80fd\u5f88\u5927\uff0c\u5b58\u5728\u4e8f\u635f\u7684\u53ef\u80fd\u6027\u3002.<\/p>\n\n\n\n<h3 class=\"wp-block-heading\"><strong>Wikifolios\u7684\u5229\u6da6\u5982\u4f55\u5f81\u7a0e\uff1f<\/strong><\/h3>\n\n\n\n<p>\u4e0e\u5176\u5b83\u8bc1\u5238\u4e00\u6837\uff0cWikifolio \u51ed\u8bc1\u7684\u6536\u76ca\u9700\u7f34\u7eb3\u9884\u6263\u7a0e\u3002\u5177\u4f53\u7ec6\u8282\u53d6\u51b3\u4e8e\u60a8\u7684\u4e2a\u4eba\u7a0e\u52a1\u72b6\u51b5\uff0c\u8bf7\u54a8\u8be2\u60a8\u7684\u7ecf\u7eaa\u4eba\u6216\u7a0e\u52a1\u987e\u95ee\u3002.<\/p>\n\n\n\n<div style=\"height:20px\" aria-hidden=\"true\" class=\"wp-block-spacer\"><\/div>\n\n\n\n<hr class=\"wp-block-separator has-alpha-channel-opacity\"\/>\n\n\n\n<div style=\"height:20px\" aria-hidden=\"true\" class=\"wp-block-spacer\"><\/div>\n\n\n\n<h1 class=\"wp-block-heading\"><strong>3. \u6280\u672f\u53ca\u7ec4\u7ec7\u95ee\u9898<\/strong><\/h1>\n\n\n\n<h3 class=\"wp-block-heading\"><strong>mueckinvest \u5982\u4f55\u521b\u5efa\u65b0\u7684 Wikifolio\uff1f<\/strong><\/h3>\n\n\n\n<p>\u7ecf\u8fc7\u5185\u90e8\u6d4b\u8bd5\u548c\u6a21\u62df\u3002.<\/p>\n\n\n\n<h3 class=\"wp-block-heading\"><strong>\u5982\u4f55\u9a8c\u8bc1\u8fd9\u4e9b\u7b56\u7565\uff1f<\/strong><\/h3>\n\n\n\n<p>\u5b9a\u671f\u5206\u6790\u98ce\u9669\u3001\u7ee9\u6548\u548c\u5e02\u573a\u73af\u5883\u3002.<\/p>\n\n\n\n<h3 class=\"wp-block-heading\"><strong>\u5982\u4f55\u8ffd\u8e2a Wikifolio \u7684\u8868\u73b0\uff1f<\/strong><\/h3>\n\n\n\n<p>\u6240\u6709\u5173\u952e\u6570\u636e\u90fd\u53ef\u4ee5\u5728 wikifolio.com \u4e0a\u67e5\u770b\u3002.<\/p>\n\n\n\n<h3 class=\"wp-block-heading\"><strong>\u6211\u5982\u4f55\u624d\u80fd\u6536\u5230\u901a\u77e5\u6216\u66f4\u65b0\uff1f<\/strong><\/h3>\n\n\n\n<p>\u53ef\u901a\u8fc7 wikifolio.com \u4e0a\u7684\u201e\u5173\u6ce8\u201c\u529f\u80fd\u6216 mueckinvest.com\/news \u67e5\u770b\u3002.<\/p>\n\n\n\n<h3 class=\"wp-block-heading\"><strong>\u6211\u53ef\u4ee5\u5408\u5e76\u591a\u4e2a Wikifolio \u5417\uff1f<\/strong><\/h3>\n\n\n\n<p>\u662f\u7684\uff0c\u4f46\u8981\u6ce8\u610f\u91cd\u53e0\u90e8\u5206\u3002.<\/p>\n\n\n\n<h3 class=\"wp-block-heading\"><strong>\u6211\u5e94\u8be5\u6301\u6709\u6295\u8d44\u591a\u4e45\uff1f<\/strong><\/h3>\n\n\n\n<p>\u4e2d\u957f\u671f\uff083-5\u5e74\u6216\u66f4\u957f\u65f6\u95f4\uff09\u3002.<\/p>\n\n\n\n<h3 class=\"wp-block-heading\"><strong>\u6211\u53ef\u4ee5\u968f\u65f6\u51fa\u552e Wikifolio \u5417\uff1f<\/strong><\/h3>\n\n\n\n<p>\u662f\u7684\uff0c\u5728\u80a1\u7968\u4ea4\u6613\u65f6\u95f4\u5185\u3002.<\/p>\n\n\n\n<div style=\"height:20px\" aria-hidden=\"true\" class=\"wp-block-spacer\"><\/div>\n\n\n\n<hr class=\"wp-block-separator has-alpha-channel-opacity\"\/>\n\n\n\n<div style=\"height:20px\" aria-hidden=\"true\" class=\"wp-block-spacer\"><\/div>\n\n\n\n<h1 class=\"wp-block-heading\"><strong>4. \u900f\u660e\u5ea6\u548c\u63a7\u5236<\/strong><\/h1>\n\n\n\n<h3 class=\"wp-block-heading\"><strong>Wikifolios\u7684\u900f\u660e\u5ea6\u5982\u4f55\uff1f<\/strong><\/h3>\n\n\n\n<p>\u975e\u5e38\u900f\u660e\uff1a\u6240\u6709\u4ea4\u6613\u3001\u6743\u91cd\u548c\u8bc4\u8bba\u90fd\u662f\u516c\u5f00\u7684\u3002.<\/p>\n\n\n\n<h3 class=\"wp-block-heading\"><strong>\u8bc1\u4e66\u7684\u7b7e\u53d1\u673a\u6784\u662f\u8c01\uff1f<\/strong><\/h3>\n\n\n\n<p>Lang &amp; Schwarz (L&amp;S) \u53d7\u5fb7\u56fd\u8054\u90a6\u91d1\u878d\u76d1\u7ba1\u5c40 (BaFin) \u76d1\u7ba1\u3002.<\/p>\n\n\n\n<h3 class=\"wp-block-heading\"><strong>\u5982\u679c Wikifolio \u6216 L&amp;S \u5931\u8d25\u4e86\u4f1a\u600e\u6837\uff1f<\/strong><\/h3>\n\n\n\n<p>\u5b83\u7531 <a href=\"https:\/\/mueckinvest.com\/zh\/%e7%bb%b4%e5%9f%ba%e7%99%be%e7%a7%91%e8%af%81%e4%b9%a6%e7%9a%84%e5%8f%91%e8%a1%8c%e4%ba%ba%e9%a3%8e%e9%99%a9\/\" title=\"Wikifolio\u8bc1\u4e66\u7684\u53d1\u884c\u4eba\u98ce\u9669\">\u53d1\u884c\u4eba\u98ce\u9669<\/a>.<\/p>\n\n\n\n<h3 class=\"wp-block-heading\"><strong>\u51b3\u7b56\u662f\u5982\u4f55\u8bb0\u5f55\u7684\uff1f<\/strong><\/h3>\n\n\n\n<p>\u5173\u4e8e\u8bc4\u8bba\uff0c, <a href=\"https:\/\/mueckinvest.com\/zh\/%e5%86%8d%e5%b9%b3%e8%a1%a1-2\/\" title=\"\u518d\u5e73\u8861\">\u518d\u5e73\u8861<\/a>\u6982\u8ff0\u548c\u5e38\u89c4 <a href=\"https:\/\/mueckinvest.com\/zh\/news\/\" title=\"\u6d88\u606f\">\u66f4\u65b0<\/a>.<\/p>\n\n\n\n<h3 class=\"wp-block-heading\"><strong>\u4e3a\u4ec0\u4e48\u4e0d\u540c\u5e73\u53f0\u4e4b\u95f4\u7684\u6743\u91cd\u6216\u5173\u952e\u7ee9\u6548\u6307\u6807\u4f1a\u6709\u6240\u4e0d\u540c\uff1f<\/strong><\/h3>\n\n\n\n<p>\u6570\u636e\u6765\u6e90\u4e8e\u591a\u4e2a\u7cfb\u7edf\u3002\u6743\u91cd\u548c\u6982\u51b5\u8868\u6709\u65f6\u4f1a\u5b58\u5728\u66f4\u65b0\u6ede\u540e\u3002\u6982\u51b5\u8868\u901a\u5e38\u6bcf\u6708\u53d1\u5e03\u4e00\u6b21\uff0c\u800c\u975e\u6bcf\u65e5\u53d1\u5e03\u3002.<\/p>\n\n\n\n<h3 class=\"wp-block-heading\"><strong>\u6df1\u5ea6\u7814\u8bfb\u4f1a\u6db5\u76d6\u54ea\u4e9b\u4e3b\u9898\uff1f<\/strong><\/h3>\n\n\n\n<p>\u6df1\u5ea6\u5206\u6790\u662f\u5bf9\u7b56\u7565\u3001\u5e02\u573a\u548c\u5f53\u524d\u53d1\u5c55\u8d8b\u52bf\u7684\u6df1\u5165\u5206\u6790\u3002\u5b83\u4eec\u5b9a\u671f\u53d1\u5e03\uff0c\u5e76\u63d0\u4f9b\u5bf9 Wikifolios \u80cc\u666f\u7684\u66f4\u6df1\u5165\u89c1\u89e3\u3002.<\/p>\n\n\n\n<h3 class=\"wp-block-heading\"><strong>\u65b0\u5185\u5bb9\u591a\u4e45\u53d1\u5e03\u4e00\u6b21\uff1f<\/strong><\/h3>\n\n\n\n<p>\u4e13\u9898\u6df1\u5ea6\u63a2\u8ba8\uff1a\u6bcf\u6708\u56db\u6b21 <\/p>\n\n\n\n<p>\u53d1\u884c\u4eba\u98ce\u9669\uff1a\u5b63\u5ea6\u521d<\/p>\n\n\n\n<p>\u518d\u5e73\u8861\uff1a\u5728\u5b63\u5ea6\u521d<\/p>\n\n\n\n<div style=\"height:20px\" aria-hidden=\"true\" class=\"wp-block-spacer\"><\/div>\n\n\n\n<hr class=\"wp-block-separator has-alpha-channel-opacity\"\/>\n\n\n\n<div style=\"height:20px\" aria-hidden=\"true\" class=\"wp-block-spacer\"><\/div>\n\n\n\n<h1 class=\"wp-block-heading\"><strong>5. \u5e94\u7528\u53ca\u4f7f\u7528\u60c5\u51b5<\/strong><\/h1>\n\n\n\n<h3 class=\"wp-block-heading\"><strong>\u6709\u6ca1\u6709 mueckinvest \u5e94\u7528\uff1f<\/strong><\/h3>\n\n\n\n<p>\u662f\u7684\uff0c\u8be5\u5e94\u7528\u76ee\u524d\u6b63\u5728\u9010\u6b65\u63a8\u51fa\u3002.<\/p>\n\n\n\n<ul class=\"wp-block-list\">\n<li><strong>\u5b89\u5353\uff1a<\/strong> \u53ef\u4ece <strong>2026\u5e743\u6708\u5e95<\/strong><\/li>\n\n\n\n<li><strong>iOS\uff1a<\/strong> \u5728\u89c4\u5212\u4e2d<\/li>\n<\/ul>\n\n\n\n<h3 class=\"wp-block-heading\"><strong>\u8be5\u5e94\u7528\u63d0\u4f9b\u54ea\u4e9b\u529f\u80fd\uff1f<\/strong><\/h3>\n\n\n\n<ul class=\"wp-block-list\">\n<li>\u7ef4\u57fa\u767e\u79d1\u6982\u89c8<\/li>\n\n\n\n<li>\u4eba\u5de5\u667a\u80fd\u529f\u80fd<\/li>\n\n\n\n<li>\u6027\u80fd\u6570\u636e\u53ca\u6743\u91cd<\/li>\n\n\n\n<li>\u6d88\u606f <\/li>\n\n\n\n<li>\u6df1\u5ea6\u89e3\u6790\u548c\u77e5\u8bc6\u6587\u7ae0<\/li>\n\n\n\n<li>\u63a8\u9001\u901a\u77e5<\/li>\n\n\n\n<li>\u5206\u4eab\u529f\u80fd<\/li>\n\n\n\n<li>\u6df1\u8272\u6a21\u5f0f<\/li>\n<\/ul>\n\n\n\n<h3 class=\"wp-block-heading\"><strong>\u6211\u53ef\u4ee5\u901a\u8fc7\u5e94\u7528\u7a0b\u5e8f\u8fdb\u884c\u6295\u8d44\u5417\uff1f<\/strong><\/h3>\n\n\n\n<p>\u4e0d\uff0c\u8be5\u5e94\u7528\u4ec5\u4f9b\u53c2\u8003\u3002.<\/p>\n\n\n\n<h3 class=\"wp-block-heading\"><strong>\u6570\u636e\u591a\u4e45\u66f4\u65b0\u4e00\u6b21\uff1f<\/strong><\/h3>\n\n\n\n<p>\u81ea\u52a8\u4e0e wikifolio.com \u7684\u5b9e\u65f6\u6570\u636e\u540c\u6b65\u3002.<\/p>\n\n\n\n<h3 class=\"wp-block-heading\"><strong>\u6211\u53ef\u4ee5\u542f\u7528\u63a8\u9001\u901a\u77e5\u5417\uff1f<\/strong><\/h3>\n\n\n\n<p>\u662f\u7684\uff0c\u7528\u4e8e\u65b0\u95fb\u3001\u518d\u5e73\u8861\u3001\u7b56\u7565\u548c\u5e02\u573a\u52a8\u6001\u3002.<\/p>\n\n\n\n<h3 class=\"wp-block-heading\"><strong>\u8fd9\u4e2a\u5e94\u7528\u662f\u514d\u8d39\u7684\u5417\uff1f<\/strong><\/h3>\n\n\n\n<p>\u662f\u7684\u3002.<\/p>\n\n\n\n<h3 class=\"wp-block-heading\"><strong>\u4e3a\u4ec0\u4e48\u5148\u63a8Android\uff1f<\/strong><\/h3>\n\n\n\n<p>Android \u7248\u672c\u7387\u5148\u63a8\u51fa\uff0ciOS \u7248\u672c\u7a0d\u540e\u63a8\u51fa\u3002.<\/p>\n\n\n\n<h3 class=\"wp-block-heading\"><strong>\u4e3a\u4ec0\u4e48\u6211\u5728\u5e94\u7528\u5546\u5e97\u91cc\u627e\u4e0d\u5230\u8fd9\u4e2a\u5e94\u7528\uff1f<\/strong><\/h3>\n\n\n\n<p>\u6b64\u6b21\u66f4\u65b0\u5c06\u5206\u9636\u6bb5\u63a8\u51fa\u3002\u6839\u636e\u5730\u533a\u6216\u8bbe\u5907\u7684\u4e0d\u540c\uff0c\u6fc0\u6d3b\u53ef\u80fd\u4f1a\u6709\u6240\u5ef6\u8fdf\u3002\u5728\u67d0\u4e9b\u60c5\u51b5\u4e0b\uff0c\u91cd\u542f\u5e94\u7528\u5546\u5e97\u6216\u6e05\u9664\u5546\u5e97\u7f13\u5b58\u6216\u8bb8\u53ef\u4ee5\u89e3\u51b3\u95ee\u9898\u3002.<\/p>\n\n\n\n<h3 class=\"wp-block-heading\"><strong>\u4e3a\u4ec0\u4e48\u6211\u6536\u4e0d\u5230\u63a8\u9001\u901a\u77e5\uff1f<\/strong><\/h3>\n\n\n\n<p>\u90e8\u5206\u5382\u5546\uff08\u4f8b\u5982\u5c0f\u7c73\u3001\u534e\u4e3a\u3001\u4e09\u661f\uff09\u4f1a\u901a\u8fc7\u7701\u7535\u529f\u80fd\u5c4f\u853d\u63a8\u9001\u901a\u77e5\u3002\u8bf7\u786e\u4fdd\u5e94\u7528\u5df2\u542f\u7528\u540e\u53f0\u6d3b\u52a8\u548c\u7cfb\u7edf\u901a\u77e5\u529f\u80fd\u3002.<\/p>\n\n\n\n<h3 class=\"wp-block-heading\"><strong>\u4e3a\u4ec0\u4e48\u5e94\u7528\u7a0b\u5e8f\u548c wikifolio.com \u4e0a\u7684\u6570\u636e\u4e0d\u4e00\u6837\uff1f<\/strong><\/h3>\n\n\n\n<p>\u8be5\u5e94\u7528\u4f1a\u81ea\u52a8\u4e0e\u5b9e\u65f6\u6570\u636e\u540c\u6b65\u3002\u4f46\u662f\uff0c\u90e8\u5206\u5185\u5bb9\uff08\u4f8b\u5982\u8bc4\u8bba\u6216\u4f59\u989d\u8c03\u6574\u8be6\u60c5\uff09\u7684\u66f4\u65b0\u6216\u7f13\u5b58\u5b58\u5728\u65f6\u95f4\u5ef6\u8fdf\u3002\u60a8\u59cb\u7ec8\u53ef\u4ee5\u5728 wikifolio.com \u4e0a\u627e\u5230\u5b98\u65b9\u6570\u636e\u3002.<\/p>\n\n\n\n<h3 class=\"wp-block-heading\"><strong>\u6211\u8be5\u5982\u4f55\u63d0\u4f9b\u53cd\u9988\uff1f<\/strong><\/h3>\n\n\n\n<p>\u5173\u4e8e <a href=\"https:\/\/mueckinvest.com\/zh\/kontakt\/\" title=\"\u63a5\u89e6\">\u8054\u7cfb\u8868\u683c<\/a> \u5728 mueckinvest.com \u4e0a\u3002.<\/p>\n\n\n\n<div style=\"height:20px\" aria-hidden=\"true\" class=\"wp-block-spacer\"><\/div>\n\n\n\n<hr class=\"wp-block-separator has-alpha-channel-opacity\"\/>\n\n\n\n<div style=\"height:20px\" aria-hidden=\"true\" class=\"wp-block-spacer\"><\/div>\n\n\n\n<h1 class=\"wp-block-heading\"><strong>6. \u6cd5\u5f8b\u4e0e\u5408\u89c4<\/strong><\/h1>\n\n\n\n<h3 class=\"wp-block-heading\"><strong>\u4e3a\u4ec0\u4e48\u6ca1\u6709\u63d0\u53ca\u5177\u4f53\u7684\u63a8\u8350\u4ee3\u7801\u6216ISIN\u4ee3\u7801\uff1f<\/strong><\/h3>\n\n\n\n<p>Wikifolio \u6307\u5357\u7981\u6b62\u5411\u5916\u90e8\u4eba\u5458\u63a8\u9500\u5546\u54c1\u3002.<\/p>\n\n\n\n<h3 class=\"wp-block-heading\"><strong>\u5982\u4f55\u907f\u514d\u5229\u76ca\u51b2\u7a81\uff1f<\/strong><\/h3>\n\n\n\n<p>\u6240\u6709\u7b56\u7565\u5747\u4ee5\u89c4\u5219\u4e3a\u57fa\u7840\uff0c\u5e76\u4ee5\u900f\u660e\u7684\u65b9\u5f0f\u8bb0\u5f55\u4e0b\u6765\u3002.<\/p>\n\n\n\n<h3 class=\"wp-block-heading\"><strong>\u6211\u7684\u6570\u636e\u5b89\u5168\u5417\uff1f<\/strong><\/h3>\n\n\n\n<p>\u7b26\u5408GDPR\u89c4\u5b9a\u7684\u5904\u7406\u65b9\u5f0f\uff0c\u4e0d\u4f1a\u5411\u7b2c\u4e09\u65b9\u62ab\u9732\u3002.<\/p>\n\n\n\n<h3 class=\"wp-block-heading\"><strong>\u5982\u4f55\u5904\u7406\u6f5c\u5728\u7684\u5229\u76ca\u51b2\u7a81\uff1f<\/strong><\/h3>\n\n\n\n<p>\u6240\u6709\u7b56\u7565\u90fd\u9075\u5faa\u660e\u786e\u7684\u89c4\u5219\u3002\u6ca1\u6709\u5355\u72ec\u7684\u884c\u52a8\u53f7\u53ec\u6216\u5efa\u8bae\u3002\u6240\u6709\u51b3\u7b56\u90fd\u4ee5\u900f\u660e\u7684\u65b9\u5f0f\u8bb0\u5f55\u5728\u6848\u3002.<\/p>\n\n\n\n<div style=\"height:20px\" aria-hidden=\"true\" class=\"wp-block-spacer\"><\/div>\n\n\n\n<hr class=\"wp-block-separator has-alpha-channel-opacity\"\/>\n\n\n\n<div style=\"height:20px\" aria-hidden=\"true\" class=\"wp-block-spacer\"><\/div>\n\n\n\n<h1 class=\"wp-block-heading\"><strong>7. \u66f4\u591a\u4fe1\u606f<\/strong><\/h1>\n\n\n\n<h3 class=\"wp-block-heading\"><strong>\u6211\u53ef\u4ee5\u5728\u54ea\u91cc\u4e86\u89e3\u66f4\u591a\u76f8\u5173\u7b56\u7565\uff1f<\/strong><\/h3>\n\n\n\n<p>\u5728\u4e0b\u9762 <a href=\"https:\/\/mueckinvest.com\/zh\/wikifolios\/\" title=\"Wikifolio \u6982\u8ff0\">mueckinvest.com\/wikifolios<\/a>.<\/p>\n\n\n\n<h3 class=\"wp-block-heading\"><strong>mueckinvest \u4f7f\u7528\u54ea\u4e9b\u4fe1\u606f\u6765\u6e90\uff1f<\/strong><\/h3>\n\n\n\n<p>\u516c\u5f00\u8d22\u52a1\u6570\u636e\u3001ETF\u6570\u636e\u5e93\u3001\u516c\u53f8\u4fe1\u606f\u3001\u91cf\u5316\u6a21\u578b\u3002.<\/p>\n\n\n\n<h3 class=\"wp-block-heading\"><strong>mueckinvest \u4e0e\u4f20\u7edf\u57fa\u91d1\u6709\u4f55\u4e0d\u540c\uff1f<\/strong><\/h3>\n\n\n\n<ul class=\"wp-block-list\">\n<li>\u5b8c\u5168\u900f\u660e<\/li>\n\n\n\n<li>\u65e0\u6700\u4f4e\u6295\u8d44\u989d<\/li>\n\n\n\n<li>\u65e0\u4efb\u4f55\u95ee\u9898\u8d39\u7528<\/li>\n\n\n\n<li>\u7075\u6d3b\u7684\u53ef\u4ea4\u6613\u6027<\/li>\n<\/ul>\n\n\n\n<div style=\"height:20px\" aria-hidden=\"true\" class=\"wp-block-spacer\"><\/div>\n\n\n\n<hr class=\"wp-block-separator has-alpha-channel-opacity\"\/>\n\n\n\n<div style=\"height:20px\" aria-hidden=\"true\" class=\"wp-block-spacer\"><\/div>\n\n\n\n<h1 class=\"wp-block-heading\"><strong>\u26a0\ufe0f \u6700\u540e\u8bf4\u660e<\/strong><\/h1>\n\n\n\n<p>\u6240\u6709\u5e38\u89c1\u95ee\u9898\u89e3\u7b54\u4ec5\u4f9b\u4e00\u822c\u53c2\u8003\u3002\u98ce\u9669\u3001\u8d39\u7528\u548c\u53d1\u884c\u4eba\u4fe1\u606f\u5b8c\u6574\u5185\u5bb9\u8bf7\u8bbf\u95ee wikifolio.com\u3002\u672c\u5185\u5bb9\u4e0d\u6784\u6210\u6295\u8d44\u5efa\u8bae\u6216\u8d2d\u4e70\u63a8\u8350\u3002\u8fc7\u5f80\u4e1a\u7ee9\u5e76\u4e0d\u4ee3\u8868\u672a\u6765\u8868\u73b0\u3002\u66f4\u591a\u8be6\u60c5\u8bf7\u53c2\u9605\u6cd5\u5f8b\u58f0\u660e\u3002. <\/p>\n\n\n\n<div style=\"height:20px\" aria-hidden=\"true\" class=\"wp-block-spacer\"><\/div>\n\n\n\n<hr class=\"wp-block-separator has-alpha-channel-opacity\"\/>\n\n\n\n<div style=\"height:20px\" aria-hidden=\"true\" class=\"wp-block-spacer\"><\/div>\n\n\n\n<h2 class=\"wp-block-heading\">\u5173\u4e8e\u6280\u672f\u672f\u8bed\u7684\u95ee\u9898\uff1f<\/h2>\n\n\n\n<p>\u70b9\u51fb\u8fd9\u91cc\u524d\u5f80 <a href=\"https:\/\/mueckinvest.com\/zh\/glossar\/\" title=\"\u8bcd\u6c47\u8868\">\u8bcd\u6c47\u8868<\/a>.<\/p>","protected":false},"excerpt":{"rendered":"<p>1. Allgemeines zu Wikifolios Was ist ein Wikifolio? Ein Wikifolio ist ein \u00f6ffentlich einsehbares Musterportfolio, das von einem Trader oder Anleger erstellt wird. Es bildet eine bestimmte Anlagestrategie ab \u2013 etwa breit gestreut \u00fcber ETFs oder fokussiert auf spezielle Themen wie Technologie oder Nachhaltigkeit. Anleger k\u00f6nnen \u00fcber ein b\u00f6rsengehandeltes Zertifikat an der Wertentwicklung teilhaben. \ud83d\udc49 [&hellip;]<\/p>\n","protected":false},"author":1,"featured_media":0,"parent":0,"menu_order":0,"comment_status":"closed","ping_status":"closed","template":"page-no-sidebar","meta":{"pmpro_default_level":"","_monsterinsights_skip_tracking":false,"_monsterinsights_sitenote_active":false,"_monsterinsights_sitenote_note":"","_monsterinsights_sitenote_category":0,"footnotes":""},"class_list":["post-130","page","type-page","status-publish","hentry","pmpro-has-access"],"aioseo_notices":[],"_links":{"self":[{"href":"https:\/\/mueckinvest.com\/zh\/wp-json\/wp\/v2\/pages\/130","targetHints":{"allow":["GET"]}}],"collection":[{"href":"https:\/\/mueckinvest.com\/zh\/wp-json\/wp\/v2\/pages"}],"about":[{"href":"https:\/\/mueckinvest.com\/zh\/wp-json\/wp\/v2\/types\/page"}],"author":[{"embeddable":true,"href":"https:\/\/mueckinvest.com\/zh\/wp-json\/wp\/v2\/users\/1"}],"replies":[{"embeddable":true,"href":"https:\/\/mueckinvest.com\/zh\/wp-json\/wp\/v2\/comments?post=130"}],"version-history":[{"count":5,"href":"https:\/\/mueckinvest.com\/zh\/wp-json\/wp\/v2\/pages\/130\/revisions"}],"predecessor-version":[{"id":3973,"href":"https:\/\/mueckinvest.com\/zh\/wp-json\/wp\/v2\/pages\/130\/revisions\/3973"}],"wp:attachment":[{"href":"https:\/\/mueckinvest.com\/zh\/wp-json\/wp\/v2\/media?parent=130"}],"curies":[{"name":"wp","href":"https:\/\/api.w.org\/{rel}","templated":true}]}}