{"id":125,"date":"2025-09-10T12:15:54","date_gmt":"2025-09-10T12:15:54","guid":{"rendered":"https:\/\/mueckinvest.de\/?page_id=125"},"modified":"2026-04-01T10:00:00","modified_gmt":"2026-04-01T08:00:00","slug":"%e5%86%8d%e5%b9%b3%e8%a1%a1-2","status":"publish","type":"page","link":"https:\/\/mueckinvest.com\/zh\/rebalancing\/","title":{"rendered":"\u518d\u5e73\u8861"},"content":{"rendered":"<h3 class=\"wp-block-heading\">\u91cd\u8981\u6027\uff1a<\/h3>\n\n\n\n<p>\u4e3a\u4e86\u786e\u4fdd\u6295\u8d44\u7b56\u7565\u957f\u671f\u4fdd\u6301\u7a33\u5b9a\uff0cWikifolios \u7684\u6295\u8d44\u7ec4\u5408\u6784\u6210\u4f1a\u5b9a\u671f\u8fdb\u884c\u5ba1\u67e5\u548c\u8c03\u6574\u3002\u8fd9\u4e2a\u8fc7\u7a0b\u88ab\u79f0\u4e3a\u2026\u2026 <strong>\u518d\u5e73\u8861<\/strong>. \u5982\u679c\u7531\u4e8e\u4ef7\u683c\u6ce2\u52a8\u5bfc\u81f4\u5404\u4e2a\u7ec4\u6210\u90e8\u5206\u7684\u6743\u91cd\u53d1\u751f\u53d8\u5316\uff0c\u8fd9\u5c06\u6062\u590d\u5b83\u4eec\u539f\u6765\u7684\u6743\u91cd\u3002.<\/p>\n\n\n\n<p>\u4f8b\u5982\uff0c\u5982\u679c\u80a1\u7968\u4ef7\u683c\u5927\u5e45\u4e0a\u6da8\uff0c\u5b83\u4eec\u5728\u6295\u8d44\u7ec4\u5408\u4e2d\u7684\u5360\u6bd4\u5c31\u4f1a\u81ea\u52a8\u589e\u52a0\u3002\u518d\u5e73\u8861\u662f\u6307\u5c06\u90e8\u5206\u6536\u76ca\u53d8\u73b0\uff0c\u5e76\u91cd\u65b0\u914d\u7f6e\u5230\u5176\u4ed6\u8d44\u4ea7\u7c7b\u522b\u3002\u8fd9\u6837\u53ef\u4ee5\u4fdd\u6301\u98ce\u9669\u5e73\u8861\uff0c\u5e76\u4f7f\u7b56\u7565\u7ef4\u6301\u5176\u539f\u6709\u7684\u6295\u8d44\u91cd\u70b9\u3002.<\/p>\n\n\n\n<figure class=\"wp-block-image size-large\"><img loading=\"lazy\" decoding=\"async\" width=\"1024\" height=\"281\" src=\"https:\/\/mueckinvest.com\/wp-content\/uploads\/2025\/11\/Copilot_20251105_131901-1024x281.png\" alt=\"\" class=\"wp-image-766\" srcset=\"https:\/\/mueckinvest.com\/wp-content\/uploads\/2025\/11\/Copilot_20251105_131901-1024x281.png 1024w, https:\/\/mueckinvest.com\/wp-content\/uploads\/2025\/11\/Copilot_20251105_131901-300x82.png 300w, https:\/\/mueckinvest.com\/wp-content\/uploads\/2025\/11\/Copilot_20251105_131901-768x211.png 768w, https:\/\/mueckinvest.com\/wp-content\/uploads\/2025\/11\/Copilot_20251105_131901-1530x420.png 1530w, https:\/\/mueckinvest.com\/wp-content\/uploads\/2025\/11\/Copilot_20251105_131901.png 1536w\" sizes=\"auto, (max-width: 1024px) 100vw, 1024px\" \/><\/figure>\n\n\n\n<p>\ud83d\udc49 \u6211\u7684\u7ef4\u57fa\u767e\u79d1\u9875\u9762\u6b63\u5728\u91cd\u65b0\u5e73\u8861 <strong>\u603b\u662f\u5728\u65b0\u5b63\u5ea6\u5f00\u59cb\u65f6<\/strong>.<\/p>\n\n\n\n<p>\u66f4\u591a\u8be6\u60c5\u8bf7\u53c2\u9605\u76f8\u5173\u6587\u4ef6\u3002 <a href=\"https:\/\/mueckinvest.com\/zh\/%f0%9f%94%84-%e9%87%8d%e6%96%b0%e5%b9%b3%e8%a1%a1\/\" title=\"\ud83d\udd04 \u91cd\u65b0\u5e73\u8861\">\u4e3b\u9898\u6df1\u5ea6\u63a2\u8ba8<\/a>.<\/p>\n\n\n\n<div style=\"height:100px\" aria-hidden=\"true\" class=\"wp-block-spacer\"><\/div>\n\n\n\n<div class=\"wp-block-group alignfull has-background is-layout-flow wp-block-group-is-layout-flow\" style=\"background-color:#f5eac1;padding-top:6vw;padding-right:6vw;padding-bottom:6vw;padding-left:6vw\">\n<div class=\"wp-block-group is-vertical is-nowrap is-layout-flex wp-container-core-group-is-layout-36fd9ea3 wp-block-group-is-layout-flex\" style=\"padding-right:0;padding-left:0\">\n<h2 class=\"wp-block-heading\">\u4e0b\u8f7d Excel \u8868\u683c<\/h2>\n<\/div>\n\n\n\n<p id=\"block-1401cc4e-a420-4bc1-9ddd-3fc667b8d1c4\">\u5b8c\u6574\u7684\u518d\u5e73\u8861\u63aa\u65bd\u6982\u8ff0\u53ef\u4ee5\u4e0b\u8f7d\u4e3a Excel \u8868\u683c\u3002.&nbsp;<\/p>\n\n\n\n<div style=\"height:20px\" aria-hidden=\"true\" class=\"wp-block-spacer\"><\/div>\n\n\n\n<a href=\"https:\/\/mueckinvest.com\/zh\/Apps\/Wikifolio%20Rebalancing%20\u00dcbersicht.xlsx\/\" download>\n    Datei herunterladen\n<\/a>\n\n<\/div>\n\n\n\n<div style=\"height:100px\" aria-hidden=\"true\" class=\"wp-block-spacer\"><\/div>\n\n\n\n<h2 class=\"wp-block-heading\">\u8fc4\u4eca\u4e3a\u6b62\u5b9e\u65bd\u7684\u6240\u6709\u518d\u5e73\u8861\u63aa\u65bd\u6982\u8ff0\uff1a<\/h2>\n\n\n\n\n    <style>\n        .rebalancing-year-select {\n            margin-bottom: 15px;\n        }\n        .rebalancing-year-select select {\n            padding: 6px 10px;\n            font-size: 16px;\n            border-radius: 6px;\n            border: 1px solid #ccc;\n        }\n        @media (prefers-color-scheme: dark) {\n            .rebalancing-year-select select {\n                background: #222;\n                color: #fff;\n                border-color: #555;\n            }\n        }\n        .rebalancing-all-list {\n            list-style: none;\n            padding-left: 0;\n            margin: 0;\n        }\n        .rebalancing-all-list li {\n            margin-bottom: 6px;\n        }\n    <\/style>\n    <div class=\"rebalancing-year-select\"><select id=\"rebalancing-year\"><option value=\"2026\" selected>2026<\/option><\/select><\/div><ul class=\"rebalancing-all-list\" id=\"rebalancing-list\"><li data-year=\"2026\">\n                        <a href=\"https:\/\/mueckinvest.com\/zh\/04/01/2026-rebalancing\/\">04/01/2026: Rebalancing<\/a>\n                    <\/li><li data-year=\"2026\">\n                        <a href=\"https:\/\/mueckinvest.com\/zh\/rebalancing-01/02/2026\/\">01/02/2026: Rebalancing<\/a>\n                    <\/li><\/ul>\n    <script>\n    document.addEventListener(\"DOMContentLoaded\", function() {\n        const select = document.getElementById(\"rebalancing-year\");\n        const items = document.querySelectorAll(\"#rebalancing-list li\");\n\n        function filter() {\n            const year = select.value;\n            items.forEach(item => {\n                item.style.display = (item.dataset.year === year) ? \"\" : \"none\";\n            });\n        }\n\n        select.addEventListener(\"change\", filter);\n\n        \/\/ Initial filtern\n        filter();\n    });\n    <\/script>","protected":false},"excerpt":{"rendered":"<p>Warum es wichtig ist: Damit eine Anlagestrategie langfristig stabil bleibt, wird die Zusammensetzung der Wikifolios regelm\u00e4\u00dfig \u00fcberpr\u00fcft und angepasst. Dieses Vorgehen nennt man Rebalancing. Dabei werden die urspr\u00fcnglichen Gewichtungen der einzelnen Bausteine wiederhergestellt, wenn sie sich durch Kursbewegungen verschoben haben. Ein Beispiel: Steigen Aktien stark im Wert, nehmen sie im Portfolio automatisch mehr Raum ein. [&hellip;]<\/p>\n","protected":false},"author":1,"featured_media":0,"parent":0,"menu_order":0,"comment_status":"closed","ping_status":"closed","template":"page-no-sidebar","meta":{"pmpro_default_level":"","_monsterinsights_skip_tracking":false,"_monsterinsights_sitenote_active":false,"_monsterinsights_sitenote_note":"","_monsterinsights_sitenote_category":0,"footnotes":""},"class_list":["post-125","page","type-page","status-publish","hentry","pmpro-has-access"],"aioseo_notices":[],"_links":{"self":[{"href":"https:\/\/mueckinvest.com\/zh\/wp-json\/wp\/v2\/pages\/125","targetHints":{"allow":["GET"]}}],"collection":[{"href":"https:\/\/mueckinvest.com\/zh\/wp-json\/wp\/v2\/pages"}],"about":[{"href":"https:\/\/mueckinvest.com\/zh\/wp-json\/wp\/v2\/types\/page"}],"author":[{"embeddable":true,"href":"https:\/\/mueckinvest.com\/zh\/wp-json\/wp\/v2\/users\/1"}],"replies":[{"embeddable":true,"href":"https:\/\/mueckinvest.com\/zh\/wp-json\/wp\/v2\/comments?post=125"}],"version-history":[{"count":9,"href":"https:\/\/mueckinvest.com\/zh\/wp-json\/wp\/v2\/pages\/125\/revisions"}],"predecessor-version":[{"id":4405,"href":"https:\/\/mueckinvest.com\/zh\/wp-json\/wp\/v2\/pages\/125\/revisions\/4405"}],"wp:attachment":[{"href":"https:\/\/mueckinvest.com\/zh\/wp-json\/wp\/v2\/media?parent=125"}],"curies":[{"name":"wp","href":"https:\/\/api.w.org\/{rel}","templated":true}]}}