{"id":1134,"date":"2025-11-12T09:16:37","date_gmt":"2025-11-12T09:16:37","guid":{"rendered":"https:\/\/mueckinvest.de\/?page_id=1134"},"modified":"2026-03-18T15:18:00","modified_gmt":"2026-03-18T14:18:00","slug":"mueckinvest-%e6%88%90%e7%ab%8b%e7%9a%84%e8%83%8c%e6%99%af-2","status":"publish","type":"page","link":"https:\/\/mueckinvest.com\/zh\/hintergrund-zur-entstehung-von-mueckinvest\/","title":{"rendered":"\u4ece\u613f\u666f\u5230\u5b9e\u65bd"},"content":{"rendered":"<p>Mueckinvest \u7684\u521b\u7acb\u76ee\u6807\u5f88\u660e\u786e\uff1a\u4e3a\u6295\u8d44\u8005\u63d0\u4f9b\u4e00\u79cd\u7b80\u5355\u4fbf\u6377\u7684\u65b9\u5f0f\uff0c\u8ba9\u4ed6\u4eec\u80fd\u591f\u5feb\u901f\u8fdb\u5165\u5168\u7403\u5e02\u573a\u3002 <strong>\u5355\u4e00\u6295\u8d44\u7ec4\u5408\u5934\u5bf8<\/strong> \u4ee3\u8868\u3002\u4f20\u7edf\u7b56\u7565\u901a\u5e38\u5305\u542b\u8bb8\u591a\u4e2a\u80a1\u6216\u57fa\u91d1\u2014\u2014\u7ba1\u7406\u590d\u6742\uff0c\u4e14\u5bb9\u6613\u51fa\u73b0\u8d85\u914d\u6216\u4f4e\u914d\u7684\u60c5\u51b5\u3002.<\/p>\n\n\n\n<p>\u56e0\u6b64\uff0c\u6211\u7684\u65b9\u6cd5\u65e8\u5728\u5b9e\u73b0\u4e00\u4e2a\u660e\u786e\u7684\u76ee\u6807\uff1a <strong>\u4e00\u4e2a\u7ed3\u6784\u5316\u7684\u3001\u5168\u7403\u591a\u5143\u5316\u7684\u6295\u8d44\u7ec4\u5408\u3002<\/strong>, \u8f85\u4ee5\u6e05\u6670\u6613\u61c2\u7684\u91d1\u878d\u77e5\u8bc6\uff0c\u4f7f\u57fa\u672c\u539f\u7406\u6613\u4e8e\u7406\u89e3\u3002.<\/p>\n\n\n\n<p>\u8fd9\u5305\u62ec\u4e24\u4e2a\u5173\u952e\u7ec4\u6210\u90e8\u5206\uff1a<\/p>\n\n\n\n<ul class=\"wp-block-list\">\n<li><strong>\u57fa\u4e8e\u89c4\u5219\u7684Wikifolio\u7b56\u7565<\/strong>, \u5b83\u5c06\u591a\u5143\u5316\u3001\u7ed3\u6784\u5316\u548c\u98ce\u9669\u7ba1\u7406\u7ed3\u5408\u8d77\u6765<\/li>\n\n\n\n<li><strong>\u6df1\u5165\u63a2\u8ba8\u7279\u5b9a\u4e3b\u9898\u548c\u91d1\u878d\u77e5\u8bc6<\/strong>, \u8fd9\u4e9b\u6587\u7ae0\u89e3\u91ca\u4e86\u5e02\u573a\u5982\u4f55\u8fd0\u4f5c\uff0c\u54ea\u4e9b\u56e0\u7d20\u4f1a\u5f71\u54cd\u5e02\u573a\uff0c\u4ee5\u53ca\u54ea\u4e9b\u8bdd\u9898\u5177\u6709\u957f\u671f\u610f\u4e49\u3002<\/li>\n<\/ul>\n\n\n\n<p>\u8fd9\u4e9b\u6df1\u5ea6\u5206\u6790\u4ee5\u7b80\u6d01\u6613\u61c2\u3001\u76f4\u63a5\u9002\u7528\u7684\u65b9\u5f0f\u9610\u660e\u5173\u952e\u6295\u8d44\u4e3b\u9898\u3001\u5e02\u573a\u673a\u5236\u548c\u79d1\u5b66\u53d1\u73b0\u3002\u5b83\u4eec\u5e2e\u52a9\u6295\u8d44\u8005\u8bc6\u522b\u4e8b\u7269\u4e4b\u95f4\u7684\u8054\u7cfb\uff0c\u5c06\u51b3\u7b56\u7f6e\u4e8e\u66f4\u5e7f\u9614\u7684\u80cc\u666f\u4e2d\uff0c\u5e76\u66f4\u597d\u5730\u7406\u89e3\u6295\u8d44\u7b56\u7565\u3002.<\/p>\n\n\n\n<p>\u501f\u52a9\u7ef4\u57fa\u767e\u79d1\u7684\u4f1e\u5f62\u76ee\u5f55 <strong>\u5168\u7403\u56fe\u5c42<\/strong> \u5168\u7403\u5e02\u573a\u6295\u8d44\u7ec4\u5408\u7684\u76ee\u6807\u59cb\u7ec8\u901a\u8fc7\u5355\u4e00\u4ed3\u4f4d\u6765\u5b9e\u73b0\u3002\u4f5c\u4e3a\u66f4\u7cbe\u7b80\u7684\u66ff\u4ee3\u65b9\u6848\uff0c\u6211\u4eec\u63d0\u4f9b\u6838\u5fc3\u7684Wikifolio\u3002 <strong>\u5168\u7403\u667a\u80fd\u6295\u8d44<\/strong> \u4e00\u79cd\u201e\u5168\u7403\u56fe\u5c42\u5149\u201c\u3002.<\/p>\n\n\n\n<p>\u56e0\u6b64\uff0cMueckinvest \u7684\u76ee\u6807\u5ba2\u6237\u65e2\u5305\u62ec\u5bfb\u6c42\u6709\u6548\u8865\u5145\u73b0\u6709\u6295\u8d44\u7ec4\u5408\u7684\u7ecf\u9a8c\u4e30\u5bcc\u7684\u6295\u8d44\u8005\uff0c\u4e5f\u5305\u62ec\u5e0c\u671b\u901a\u8fc7\u4e00\u6b21\u6295\u8d44\u83b7\u5f97\u5e7f\u6cdb\u591a\u5143\u5316\u5e02\u573a\u6295\u8d44\u7ec4\u5408\u7684\u521d\u5b66\u8005\u2014\u2014\u540c\u65f6\u8fd8\u80fd\u83b7\u5f97\u7406\u89e3\u8be5\u6295\u8d44\u7ec4\u5408\u6240\u9700\u7684\u77e5\u8bc6\u3002.<\/p>\n\n\n\n<div style=\"height:100px\" aria-hidden=\"true\" class=\"wp-block-spacer\"><\/div>\n\n\n\n<p>\u8bf7\u6ce8\u610f\uff1a\u6295\u8d44 Wikifolios \u6d89\u53ca\u98ce\u9669\u3002\u8fc7\u5f80\u4e1a\u7ee9\u5e76\u4e0d\u4ee3\u8868\u672a\u6765\u8868\u73b0\u3002\u8be6\u60c5\u8bf7\u53c2\u9605[\u94fe\u63a5\/\u6587\u6863\/\u7ae0\u8282]\u3002 <strong><a href=\"https:\/\/mueckinvest.com\/zh\/%e5%8d%b0%e8%ae%b0-2\/\" data-type=\"page\" data-id=\"2\">\u5370\u8bb0<\/a>.<\/strong><\/p>","protected":false},"excerpt":{"rendered":"<p>Mueckinvest entstand aus einem klaren Anspruch: Anlegern eine einfache M\u00f6glichkeit zu bieten, den globalen Markt in nur einer einzigen Depotposition abzubilden. Klassische Strategien bestehen oft aus vielen Einzelwerten oder Fonds \u2013 komplex in der Verwaltung und anf\u00e4llig f\u00fcr \u00dcber\u2011 oder Untergewichtungen. Mein Ansatz verfolgt deshalb ein eindeutiges Ziel: ein strukturiertes, global diversifiziertes Portfolio in einer [&hellip;]<\/p>\n","protected":false},"author":1,"featured_media":0,"parent":0,"menu_order":0,"comment_status":"closed","ping_status":"closed","template":"page-no-sidebar","meta":{"pmpro_default_level":"","_monsterinsights_skip_tracking":false,"_monsterinsights_sitenote_active":false,"_monsterinsights_sitenote_note":"","_monsterinsights_sitenote_category":0,"footnotes":""},"class_list":["post-1134","page","type-page","status-publish","hentry","pmpro-has-access"],"aioseo_notices":[],"_links":{"self":[{"href":"https:\/\/mueckinvest.com\/zh\/wp-json\/wp\/v2\/pages\/1134","targetHints":{"allow":["GET"]}}],"collection":[{"href":"https:\/\/mueckinvest.com\/zh\/wp-json\/wp\/v2\/pages"}],"about":[{"href":"https:\/\/mueckinvest.com\/zh\/wp-json\/wp\/v2\/types\/page"}],"author":[{"embeddable":true,"href":"https:\/\/mueckinvest.com\/zh\/wp-json\/wp\/v2\/users\/1"}],"replies":[{"embeddable":true,"href":"https:\/\/mueckinvest.com\/zh\/wp-json\/wp\/v2\/comments?post=1134"}],"version-history":[{"count":2,"href":"https:\/\/mueckinvest.com\/zh\/wp-json\/wp\/v2\/pages\/1134\/revisions"}],"predecessor-version":[{"id":4031,"href":"https:\/\/mueckinvest.com\/zh\/wp-json\/wp\/v2\/pages\/1134\/revisions\/4031"}],"wp:attachment":[{"href":"https:\/\/mueckinvest.com\/zh\/wp-json\/wp\/v2\/media?parent=1134"}],"curies":[{"name":"wp","href":"https:\/\/api.w.org\/{rel}","templated":true}]}}