{"id":90,"date":"2025-09-10T11:00:00","date_gmt":"2025-09-10T11:00:00","guid":{"rendered":"https:\/\/mueckinvest.de\/?page_id=90"},"modified":"2026-03-18T15:19:37","modified_gmt":"2026-03-18T14:19:37","slug":"ve-toi","status":"publish","type":"page","link":"https:\/\/mueckinvest.com\/vi\/ueber-mich\/","title":{"rendered":"V\u1ec1 t\u00f4i"},"content":{"rendered":"<div class=\"wp-block-columns is-layout-flex wp-container-core-columns-is-layout-28f84493 wp-block-columns-is-layout-flex\">\n<div class=\"wp-block-column is-layout-flow wp-block-column-is-layout-flow\" style=\"flex-basis:66.66%\">\n<p>T\u00f4i t\u00ean l\u00e0 Steffen M\u00fcck, sinh n\u0103m 1988, l\u00e0 m\u1ed9t nh\u00e0 khoa h\u1ecdc m\u00e1y t\u00ednh v\u00e0 \u0111\u00e3 say m\u00ea th\u1ecb tr\u01b0\u1eddng t\u00e0i ch\u00ednh t\u1eeb n\u0103m 2010. Ph\u01b0\u01a1ng ph\u00e1p ti\u1ebfp c\u1eadn c\u1ee7a t\u00f4i r\u1ea5t r\u00f5 r\u00e0ng: <strong>d\u1ef1a tr\u00ean quy t\u1eafc, \u0111a d\u1ea1ng h\u00f3a to\u00e0n c\u1ea7u v\u00e0 c\u00f3 c\u01a1 s\u1edf khoa h\u1ecdc v\u1eefng ch\u1eafc.<\/strong>.<\/p>\n\n\n\n<p>T\u00f4i x\u00e2y d\u1ef1ng c\u00e1c chi\u1ebfn l\u01b0\u1ee3c d\u1ef1a tr\u00ean <strong>c\u1ea5u tr\u00fac r\u00f5 r\u00e0ng<\/strong>, <strong>tr\u1ecdng s\u1ed1 c\u1ed1 \u0111\u1ecbnh<\/strong> v\u00e0 m\u1ed9t <strong>t\u00e1i c\u00e2n b\u1eb1ng c\u00f3 k\u1ef7 lu\u1eadt<\/strong> C\u00e1c qu\u1ef9 ETF t\u1ea1o n\u00ean n\u1ec1n t\u1ea3ng cho \u0111i\u1ec1u n\u00e0y \u2013 \u0111\u1ea3m b\u1ea3o t\u00ednh minh b\u1ea1ch t\u1ed1i \u0111a, hi\u1ec7u qu\u1ea3 v\u00e0 qu\u1ea3n l\u00fd r\u1ee7i ro c\u00f3 ki\u1ec3m so\u00e1t.<\/p>\n\n\n\n<p>C\u00e1c Wikifolio c\u1ee7a t\u00f4i bao g\u1ed3m nhi\u1ec1u l\u0129nh v\u1ef1c tr\u1ecdng t\u00e2m kh\u00e1c nhau:<\/p>\n\n\n\n<ul class=\"wp-block-list\">\n<li><strong>danh m\u1ee5c \u0111\u1ea7u t\u01b0 \u0111a t\u00e0i s\u1ea3n h\u01b0\u1edbng \u0111\u1ebfn s\u1ef1 \u1ed5n \u0111\u1ecbnh<\/strong>,<\/li>\n\n\n\n<li><strong>chi\u1ebfn l\u01b0\u1ee3c theo ch\u1ee7 \u0111\u1ec1 t\u0103ng tr\u01b0\u1edfng cao<\/strong>,<\/li>\n\n\n\n<li><strong>c\u00e1c ph\u01b0\u01a1ng ph\u00e1p nh\u00e2n t\u1ed1 d\u1ef1a tr\u00ean c\u01a1 s\u1edf khoa h\u1ecdc<\/strong>.<\/li>\n<\/ul>\n\n\n\n<p>M\u1ed7i danh m\u1ee5c \u0111\u1ea7u t\u01b0 \u0111\u1ec1u tu\u00e2n theo m\u1ed9t quy t\u1eafc nh\u1ea5t \u0111\u1ecbnh. <strong>kh\u00e1i ni\u1ec7m \u0111\u01b0\u1ee3c \u0111\u1ecbnh ngh\u0129a r\u00f5 r\u00e0ng<\/strong>, \u0110i\u1ec1u n\u00e0y \u0111\u01b0\u1ee3c th\u1ef1c hi\u1ec7n m\u1ed9t c\u00e1ch nh\u1ea5t qu\u00e1n \u2013 kh\u00f4ng c\u00f3 s\u1ef1 \u0111\u1ea7u c\u01a1 ng\u1eafn h\u1ea1n, kh\u00f4ng c\u00f3 s\u1ef1 th\u1ed5i ph\u1ed3ng.<\/p>\n\n\n\n<p>T\u1ea1i Mueckinvest, t\u00f4i k\u1ebft h\u1ee3p kinh nghi\u1ec7m n\u00e0y v\u1edbi c\u00f4ng ngh\u1ec7 hi\u1ec7n \u0111\u1ea1i: <strong>Ph\u00e2n t\u00edch chuy\u00ean s\u00e2u c\u00f3 c\u1ea5u tr\u00fac, tr\u00ed tu\u1ec7 nh\u00e2n t\u1ea1o ch\u00ednh x\u00e1c v\u00e0 chi\u1ebfn l\u01b0\u1ee3c minh b\u1ea1ch.<\/strong>, \u0110i\u1ec1u n\u00e0y mang l\u1ea1i cho nh\u00e0 \u0111\u1ea7u t\u01b0 s\u1ef1 r\u00f5 r\u00e0ng, h\u01b0\u1edbng d\u1eabn v\u00e0 k\u1ef7 lu\u1eadt d\u00e0i h\u1ea1n.<\/p>\n\n\n\n<p>M\u1ee5c ti\u00eau c\u1ee7a t\u00f4i l\u00e0 ph\u00e1t tri\u1ec3n c\u00e1c danh m\u1ee5c \u0111\u1ea7u t\u01b0 v\u1eefng ch\u1eafc, d\u1ec5 hi\u1ec3u v\u00e0 h\u01b0\u1edbng \u0111\u1ebfn th\u1ecb tr\u01b0\u1eddng to\u00e0n c\u1ea7u \u2013 \u0111\u1ed3ng th\u1eddi cung c\u1ea5p ki\u1ebfn th\u1ee9c c\u1ea7n thi\u1ebft \u0111\u1ec3 nh\u00e0 \u0111\u1ea7u t\u01b0 hi\u1ec3u \u0111\u01b0\u1ee3c c\u00e1c ph\u01b0\u01a1ng ph\u00e1p ti\u1ebfp c\u1eadn n\u00e0y.<\/p>\n\n\n\n<p><strong>Ch\u1ee7 \u0111\u1ec1 ch\u00ednh:<\/strong> Suy ngh\u0129 to\u00e0n c\u1ea7u. Th\u1ef1c hi\u1ec7n v\u1edbi k\u1ef7 lu\u1eadt.<\/p>\n\n\n\n<p>T\u00f4i kh\u00f4ng ph\u1ea3i l\u00e0 c\u1ed1 v\u1ea5n t\u00e0i ch\u00ednh \u2013 c\u00e1c chi\u1ebfn l\u01b0\u1ee3c c\u1ee7a t\u00f4i \u0111\u1ec1u \u0111\u01b0\u1ee3c c\u00f4ng khai, l\u00e0 c\u00e1c danh m\u1ee5c \u0111\u1ea7u t\u01b0 m\u1eabu d\u1ef1a tr\u00ean c\u00e1c quy t\u1eafc. B\u1ea3n th\u00e2n t\u00f4i c\u0169ng \u0111\u1ea7u t\u01b0 theo nh\u1eefng nguy\u00ean t\u1eafc t\u01b0\u01a1ng t\u1ef1.<\/p>\n\n\n\n<p><\/p>\n<\/div>\n\n\n\n<div class=\"wp-block-column is-layout-flow wp-block-column-is-layout-flow\" style=\"flex-basis:33.33%\">\n<figure class=\"wp-block-image size-full is-resized\"><img loading=\"lazy\" decoding=\"async\" width=\"376\" height=\"480\" src=\"https:\/\/mueckinvest.com\/wp-content\/uploads\/2025\/09\/Steffen.jpg\" alt=\"\" class=\"wp-image-101\" style=\"width:187px;height:auto\" srcset=\"https:\/\/mueckinvest.com\/wp-content\/uploads\/2025\/09\/Steffen.jpg 376w, https:\/\/mueckinvest.com\/wp-content\/uploads\/2025\/09\/Steffen-235x300.jpg 235w\" sizes=\"auto, (max-width: 376px) 100vw, 376px\" \/><\/figure>\n<\/div>\n<\/div>","protected":false},"excerpt":{"rendered":"<p>Ich bin Steffen M\u00fcck, Jahrgang 1988, Informatiker und seit 2010 leidenschaftlich in den Finanzm\u00e4rkten unterwegs. Mein Ansatz ist klar: regelbasiert, global diversifiziert und wissenschaftlich fundiert. Ich entwickle Strategien, die auf klaren Strukturen, festen Gewichtungen und einem disziplinierten Rebalancing beruhen. ETFs bilden dabei die Grundlage \u2013 f\u00fcr maximale Transparenz, Effizienz und eine kontrollierte Risikosteuerung. Meine Wikifolios [&hellip;]<\/p>\n","protected":false},"author":1,"featured_media":0,"parent":0,"menu_order":0,"comment_status":"closed","ping_status":"closed","template":"page-no-sidebar","meta":{"pmpro_default_level":"","_monsterinsights_skip_tracking":false,"_monsterinsights_sitenote_active":false,"_monsterinsights_sitenote_note":"","_monsterinsights_sitenote_category":0,"footnotes":""},"class_list":["post-90","page","type-page","status-publish","hentry","pmpro-has-access"],"aioseo_notices":[],"_links":{"self":[{"href":"https:\/\/mueckinvest.com\/vi\/wp-json\/wp\/v2\/pages\/90","targetHints":{"allow":["GET"]}}],"collection":[{"href":"https:\/\/mueckinvest.com\/vi\/wp-json\/wp\/v2\/pages"}],"about":[{"href":"https:\/\/mueckinvest.com\/vi\/wp-json\/wp\/v2\/types\/page"}],"author":[{"embeddable":true,"href":"https:\/\/mueckinvest.com\/vi\/wp-json\/wp\/v2\/users\/1"}],"replies":[{"embeddable":true,"href":"https:\/\/mueckinvest.com\/vi\/wp-json\/wp\/v2\/comments?post=90"}],"version-history":[{"count":3,"href":"https:\/\/mueckinvest.com\/vi\/wp-json\/wp\/v2\/pages\/90\/revisions"}],"predecessor-version":[{"id":4033,"href":"https:\/\/mueckinvest.com\/vi\/wp-json\/wp\/v2\/pages\/90\/revisions\/4033"}],"wp:attachment":[{"href":"https:\/\/mueckinvest.com\/vi\/wp-json\/wp\/v2\/media?parent=90"}],"curies":[{"name":"wp","href":"https:\/\/api.w.org\/{rel}","templated":true}]}}