{"id":753,"date":"2025-11-05T11:00:00","date_gmt":"2025-11-05T11:00:00","guid":{"rendered":"https:\/\/mueckinvest.de\/?page_id=753"},"modified":"2026-01-23T08:08:01","modified_gmt":"2026-01-23T07:08:01","slug":"bang-thuat-ngu","status":"publish","type":"page","link":"https:\/\/mueckinvest.com\/vi\/glossar\/","title":{"rendered":"b\u1ea3ng thu\u1eadt ng\u1eef"},"content":{"rendered":"<figure class=\"wp-block-table\"><table class=\"has-fixed-layout\"><thead><tr><th><strong>S\u1ef1 bi\u1ec3u l\u1ed9<\/strong><\/th><th><strong>s\u1ef1 \u0111\u1ecbnh ngh\u0129a<\/strong><\/th><\/tr><\/thead><tbody><tr><td>thu\u1ebf kh\u1ea5u tr\u1eeb<\/td><td>Thu\u1ebf su\u1ea5t c\u1ed1 \u0111\u1ecbnh \u0111\u1ed1i v\u1edbi l\u1ee3i nhu\u1eadn t\u1eeb \u0111\u1ea7u t\u01b0 b\u1ea5t \u0111\u1ed9ng s\u1ea3n t\u1ea1i \u0110\u1ee9c.<\/td><\/tr><tr><td>chia s\u1ebb<\/td><td>C\u1ed5 ph\u1ea7n c\u00f4ng ty mang l\u1ea1i quy\u1ec1n s\u1edf h\u1eefu v\u00e0 ti\u1ec1m n\u0103ng t\u0103ng gi\u00e1 c\u1ed5 phi\u1ebfu.<\/td><\/tr><tr><td>ch\u1ec9 s\u1ed1 ch\u1ee9ng kho\u00e1n<\/td><td>M\u1ed9t r\u1ed5 c\u1ed5 phi\u1ebfu d\u00f9ng \u0111\u1ec3 \u0111o l\u01b0\u1eddng hi\u1ec7u su\u1ea5t c\u1ee7a th\u1ecb tr\u01b0\u1eddng.<\/td><\/tr><tr><td>alpha<\/td><td>L\u1ee3i nhu\u1eadn v\u01b0\u1ee3t tr\u1ed9i c\u1ee7a danh m\u1ee5c \u0111\u1ea7u t\u01b0 so v\u1edbi th\u1ecb tr\u01b0\u1eddng.<\/td><\/tr><tr><td>Th\u1eddi gian \u0111\u1ea7u t\u01b0<\/td><td>Kho\u1ea3ng th\u1eddi gian m\u00e0 nh\u00e0 \u0111\u1ea7u t\u01b0 mu\u1ed1n duy tr\u00ec kho\u1ea3n \u0111\u1ea7u t\u01b0.<\/td><\/tr><tr><td>Ph\u00e2n b\u1ed5 t\u00e0i s\u1ea3n<\/td><td>Ph\u00e2n b\u1ed5 v\u1ed1n gi\u1eefa c\u00e1c lo\u1ea1i t\u00e0i s\u1ea3n kh\u00e1c nhau.<\/td><\/tr><tr><td>Ph\u00e2n ph\u1ed1i<\/td><td>ETF hay qu\u1ef9 \u0111\u1ea7u t\u01b0 tr\u1ea3 l\u1ee3i nhu\u1eadn \u0111\u1ecbnh k\u1ef3.<\/td><\/tr><tr><td>Ki\u1ec3m th\u1eed ng\u01b0\u1ee3c<\/td><td>M\u00f4 ph\u1ecfng l\u1ecbch s\u1eed c\u1ee7a m\u1ed9t chi\u1ebfn l\u01b0\u1ee3c \u0111\u1ec3 \u0111\u00e1nh gi\u00e1 t\u00ednh hi\u1ec7u qu\u1ea3 c\u1ee7a n\u00f3.<\/td><\/tr><tr><td>Th\u1ecb tr\u01b0\u1eddng g\u1ea5u<\/td><td>Giai \u0111o\u1ea1n th\u1ecb tr\u01b0\u1eddng v\u1edbi gi\u00e1 gi\u1ea3m k\u00e9o d\u00e0i.<\/td><\/tr><tr><td>T\u00e0i ch\u00ednh h\u00e0nh vi<\/td><td>Nghi\u00ean c\u1ee9u khoa h\u1ecdc v\u1ec1 nh\u1eefng thi\u00ean ki\u1ebfn nh\u1eadn th\u1ee9c v\u00e0 m\u00f4 h\u00ecnh h\u00e0nh vi c\u1ee7a nh\u00e0 \u0111\u1ea7u t\u01b0.<\/td><\/tr><tr><td>phi\u00ean b\u1ea3n beta<\/td><td>M\u1ed9t th\u01b0\u1edbc \u0111o v\u1ec1 s\u1ef1 bi\u1ebfn \u0111\u1ed9ng c\u1ee7a m\u1ed9t lo\u1ea1i ch\u1ee9ng kho\u00e1n so v\u1edbi th\u1ecb tr\u01b0\u1eddng.<\/td><\/tr><tr><td>\u0110\u1ea5u th\u1ea7u<\/td><td>Gi\u00e1 t\u1ed1i \u0111a m\u00e0 ng\u01b0\u1eddi mua s\u1eb5n l\u00f2ng tr\u1ea3.<\/td><\/tr><tr><td>m\u00f4i gi\u1edbi<\/td><td>N\u1ec1n t\u1ea3ng giao d\u1ecbch mua b\u00e1n ch\u1ee9ng kho\u00e1n.<\/td><\/tr><tr><td>Th\u1ecb tr\u01b0\u1eddng t\u0103ng gi\u00e1<\/td><td>Giai \u0111o\u1ea1n th\u1ecb tr\u01b0\u1eddng v\u1edbi gi\u00e1 c\u1ea3 t\u0103ng trong th\u1eddi gian d\u00e0i.<\/td><\/tr><tr><td>Mua v\u00e0 n\u1eafm gi\u1eef<\/td><td>Chi\u1ebfn l\u01b0\u1ee3c \u0111\u1ea7u t\u01b0 d\u00e0i h\u1ea1n kh\u00f4ng c\u1ea7n t\u00e1i c\u00e2n b\u1eb1ng danh m\u1ee5c \u0111\u1ea7u t\u01b0 th\u01b0\u1eddng xuy\u00ean.<\/td><\/tr><tr><td>D\u00f2ng ti\u1ec1n<\/td><td>D\u00f2ng ti\u1ec1n r\u00f2ng ch\u1ea3y v\u00e0o c\u00f4ng ty.<\/td><\/tr><tr><td>V\u1ec7 tinh c\u1ed1t l\u00f5i<\/td><td>S\u1ef1 k\u1ebft h\u1ee3p gi\u1eefa danh m\u1ee5c \u0111\u1ea7u t\u01b0 c\u1ed1t l\u00f5i \u1ed5n \u0111\u1ecbnh v\u00e0 c\u00e1c c\u00f4ng ty v\u1ec7 tinh h\u01b0\u1edbng \u0111\u1ebfn l\u1ee3i nhu\u1eadn.<\/td><\/tr><tr><td>S\u1eeda l\u1ed7i<\/td><td>Gi\u00e1 gi\u1ea3m 10-20 % sau khi t\u0103ng tr\u01b0\u1edbc \u0111\u00f3.<\/td><\/tr><tr><td>\u00f4 d\u00f9 wikifolio<\/td><td>Wikifolio \u0111\u1ea7u t\u01b0 v\u00e0o c\u00e1c Wikifolio kh\u00e1c.<\/td><\/tr><tr><td>gi\u1ea3m ph\u00e1t<\/td><td>Nh\u00ecn chung, gi\u00e1 c\u1ea3 \u0111ang gi\u1ea3m.<\/td><\/tr><tr><td>\u0110a d\u1ea1ng h\u00f3a<\/td><td>\u0110a d\u1ea1ng h\u00f3a v\u1ed1n \u0111\u1ec3 gi\u1ea3m thi\u1ec3u r\u1ee7i ro.<\/td><\/tr><tr><td>N\u01a1i c\u01b0 tr\u00fa<\/td><td>Qu\u1ed1c gia n\u01a1i qu\u1ef9 \u0111\u01b0\u1ee3c \u0111\u0103ng k\u00fd h\u1ee3p ph\u00e1p.<\/td><\/tr><tr><td>M\u1ee9c gi\u1ea3m<\/td><td>M\u1ee9c gi\u1ea3m t\u1eeb \u0111\u1ec9nh \u0111\u1ebfn \u0111\u00e1y.<\/td><\/tr><tr><td>T\u1ef7 su\u1ea5t l\u1ee3i nhu\u1eadn tr\u00ean v\u1ed1n ch\u1ee7 s\u1edf h\u1eefu (ROE)<\/td><td>L\u1ee3i nhu\u1eadn so v\u1edbi v\u1ed1n ch\u1ee7 s\u1edf h\u1eefu.<\/td><\/tr><tr><td>r\u1ee7i ro c\u1ee7a nh\u00e0 ph\u00e1t h\u00e0nh<\/td><td>R\u1ee7i ro nh\u00e0 xu\u1ea5t b\u1ea3n ph\u00e1 s\u1ea3n.<\/td><\/tr><tr><td>Ph\u00e1t th\u1ea3i (Gi\u1ea5y ch\u1ee9ng nh\u1eadn)<\/td><td>Quy tr\u00ecnh m\u00e0 t\u1ed5 ch\u1ee9c ph\u00e1t h\u00e0nh t\u1ea1o ra ch\u1ee9ng ch\u1ec9 c\u00f3 th\u1ec3 giao d\u1ecbch cho Wikifolio.<\/td><\/tr><tr><td>ETF<\/td><td>Qu\u1ef9 giao d\u1ecbch ch\u1ee9ng kho\u00e1n (ETF) theo d\u00f5i m\u1ed9t ch\u1ec9 s\u1ed1.<\/td><\/tr><tr><td>\u0110\u1ea7u t\u01b0 theo y\u1ebfu t\u1ed1<\/td><td>\u0110\u1ea7u t\u01b0 d\u1ef1a tr\u00ean c\u00e1c y\u1ebfu t\u1ed1 th\u00fac \u0111\u1ea9y l\u1ee3i nhu\u1eadn nh\u01b0 gi\u00e1 tr\u1ecb ho\u1eb7c \u0111\u00e0 t\u0103ng tr\u01b0\u1edfng.<\/td><\/tr><tr><td>L\u1ec7nh mi\u1ec5n tr\u1eeb<\/td><td>Cho ph\u00e9p c\u00e1c ng\u00e2n h\u00e0ng mi\u1ec5n thu\u1ebf thu nh\u1eadp t\u1eeb l\u00e3i v\u1ed1n l\u00ean \u0111\u1ebfn m\u1ee9c mi\u1ec5n thu\u1ebf t\u1ed1i \u0111a.<\/td><\/tr><tr><td>D\u00f2ng ti\u1ec1n t\u1ef1 do<\/td><td>D\u00f2ng ti\u1ec1n kh\u1ea3 d\u1ee5ng sau khi tr\u1eeb \u0111i c\u00e1c kho\u1ea3n \u0111\u1ea7u t\u01b0.<\/td><\/tr><tr><td>Kh\u1ed1i l\u01b0\u1ee3ng qu\u1ef9<\/td><td>T\u1ed5ng gi\u00e1 tr\u1ecb c\u1ee7a t\u1ea5t c\u1ea3 t\u00e0i s\u1ea3n c\u1ee7a m\u1ed9t qu\u1ef9.<\/td><\/tr><tr><td>\u0110\u1ea7u t\u01b0 t\u0103ng tr\u01b0\u1edfng<\/td><td>\u0110\u1ea7u t\u01b0 v\u00e0o c\u00e1c c\u00f4ng ty c\u00f3 t\u1ed1c \u0111\u1ed9 t\u0103ng tr\u01b0\u1edfng cao.<\/td><\/tr><tr><td>N\u1ec1n t\u1ea3ng giao d\u1ecbch<\/td><td>S\u00e0n giao d\u1ecbch ch\u1ee9ng kho\u00e1n ho\u1eb7c n\u1ec1n t\u1ea3ng n\u01a1i c\u00e1c ch\u1ee9ng kho\u00e1n \u0111\u01b0\u1ee3c giao d\u1ecbch.<\/td><\/tr><tr><td>B\u1ea3n n\u0103ng b\u1ea7y \u0111\u00e0n<\/td><td>C\u00f3 xu h\u01b0\u1edbng l\u00e0m theo s\u1ed1 \u0111\u00f4ng.<\/td><\/tr><tr><td>Thi\u00ean v\u1ecb trong n\u01b0\u1edbc<\/td><td>Qu\u00e1 ch\u00fa tr\u1ecdng v\u00e0o \u0111\u1ea7u t\u01b0 trong n\u01b0\u1edbc.<\/td><\/tr><tr><td>l\u1ea1m ph\u00e1t<\/td><td>Gi\u00e1 c\u1ea3 chung \u0111ang t\u0103ng l\u00ean.<\/td><\/tr><tr><td>Qu\u1ef9 ch\u1ec9 s\u1ed1<\/td><td>M\u1ed9t qu\u1ef9 m\u00f4 ph\u1ecfng ch\u1ec9 s\u1ed1 (kh\u00f4ng nh\u1ea5t thi\u1ebft ph\u1ea3i l\u00e0 ETF).<\/td><\/tr><tr><td>Kh\u1ea3 n\u0103ng \u0111\u1ea7u t\u01b0<\/td><td>Tr\u1ea1ng th\u00e1i c\u1ee7a Wikifolio ngay sau khi ch\u1ee9ng ch\u1ec9 \u0111\u01b0\u1ee3c ph\u00e1t h\u00e0nh v\u00e0 c\u00f3 th\u1ec3 giao d\u1ecbch.<\/td><\/tr><tr><td>ISIN \/ WKN<\/td><td>M\u00e3 s\u1ed1 \u0111\u1ecbnh danh duy nh\u1ea5t c\u1ee7a m\u1ed9t ch\u1ee9ng kho\u00e1n.<\/td><\/tr><tr><td>Thu\u1ebf thu nh\u1eadp t\u1eeb l\u00e3i v\u1ed1n (KESt)<\/td><td>Thu\u1ebf thu nh\u1eadp t\u1eeb l\u1ee3i nhu\u1eadn v\u1ed1n, \u0111\u01b0\u1ee3c t\u00ednh c\u00f9ng v\u1edbi ph\u1ee5 ph\u00ed \u0111o\u00e0n k\u1ebft.<\/td><\/tr><tr><td>Thu nh\u1eadp v\u1ed1n<\/td><td>Thu nh\u1eadp t\u1eeb l\u00e3i su\u1ea5t, c\u1ed5 t\u1ee9c ho\u1eb7c b\u00e1n h\u00e0ng.<\/td><\/tr><tr><td>KBV<\/td><td>T\u1ef7 l\u1ec7 gi\u00e1 tr\u00ean gi\u00e1 tr\u1ecb s\u1ed5 s\u00e1ch c\u1ee7a m\u1ed9t c\u00f4ng ty.<\/td><\/tr><tr><td>KCV<\/td><td>T\u1ef7 l\u1ec7 gi\u00e1 tr\u00ean d\u00f2ng ti\u1ec1n.<\/td><\/tr><tr><td>T\u1ef7 l\u1ec7 P\/E<\/td><td>T\u1ef7 l\u1ec7 gi\u00e1 tr\u00ean thu nh\u1eadp c\u1ee7a m\u1ed9t c\u00f4ng ty.<\/td><\/tr><tr><td>t\u01b0\u01a1ng quan<\/td><td>M\u1ed9t th\u01b0\u1edbc \u0111o v\u1ec1 s\u1ef1 v\u1eadn \u0111\u1ed9ng k\u1ebft h\u1ee3p c\u1ee7a hai h\u1ec7 th\u1ed1ng.<\/td><\/tr><tr><td>L\u1edbp<\/td><td>Ph\u00e2n lo\u1ea1i r\u1ee7i ro theo t\u1eebng l\u1edbp.<\/td><\/tr><tr><td>L\u00e3i su\u1ea5t ch\u1ee7 ch\u1ed1t<\/td><td>L\u00e3i su\u1ea5t m\u00e0 c\u00e1c ng\u00e2n h\u00e0ng c\u00f3 th\u1ec3 t\u00e1i c\u1ea5p v\u1ed1n t\u1eeb ng\u00e2n h\u00e0ng trung \u01b0\u01a1ng.<\/td><\/tr><tr><td>L\u1ec7nh gi\u1edbi h\u1ea1n<\/td><td>Mua\/b\u00e1n v\u1edbi gi\u00e1 c\u1ed1 \u0111\u1ecbnh ho\u1eb7c t\u1ed1t h\u01a1n.<\/td><\/tr><tr><td>thanh kho\u1ea3n<\/td><td>M\u1ee9c \u0111\u1ed9 d\u1ec5 d\u00e0ng giao d\u1ecbch c\u1ee7a m\u1ed9t lo\u1ea1i ch\u1ee9ng kho\u00e1n.<\/td><\/tr><tr><td>Tr\u1eadt t\u1ef1 th\u1ecb tr\u01b0\u1eddng<\/td><td>Giao d\u1ecbch th\u1ef1c hi\u1ec7n ngay l\u1eadp t\u1ee9c v\u1edbi gi\u00e1 th\u1ecb tr\u01b0\u1eddng hi\u1ec7n t\u1ea1i.<\/td><\/tr><tr><td>M\u1ee9c gi\u1ea3m t\u1ed1i \u0111a (MDD)<\/td><td>M\u1ee9c thua l\u1ed7 l\u1edbn nh\u1ea5t trong l\u1ecbch s\u1eed c\u1ee7a m\u1ed9t danh m\u1ee5c \u0111\u1ea7u t\u01b0, t\u1eeb \u0111i\u1ec3m cao nh\u1ea5t \u0111\u1ebfn \u0111i\u1ec3m th\u1ea5p nh\u1ea5t.<\/td><\/tr><tr><td>Xu h\u01b0\u1edbng l\u1edbn<\/td><td>Ph\u00e1t tri\u1ec3n to\u00e0n c\u1ea7u d\u00e0i h\u1ea1n v\u1edbi t\u00e1c \u0111\u1ed9ng \u0111\u00e1ng k\u1ec3 \u0111\u1ebfn th\u1ecb tr\u01b0\u1eddng.<\/td><\/tr><tr><td>\u0110\u1ed9ng l\u1ef1c<\/td><td>M\u1ed9t chi\u1ebfn l\u01b0\u1ee3c t\u1eadp trung v\u00e0o nh\u1eefng ng\u01b0\u1eddi chi\u1ebfn th\u1eafng m\u1ea1nh m\u1ebd g\u1ea7n \u0111\u00e2y.<\/td><\/tr><tr><td>M\u1eabu danh m\u1ee5c \u0111\u1ea7u t\u01b0<\/td><td>V\u00ed d\u1ee5 v\u1ec1 portfolio \u0111\u1ec3 tham kh\u1ea3o.<\/td><\/tr><tr><td>S\u1ed5 \u0111\u1eb7t h\u00e0ng<\/td><td>Danh s\u00e1ch t\u1ea5t c\u1ea3 c\u00e1c l\u1ec7nh mua v\u00e0 b\u00e1n.<\/td><\/tr><tr><td>M\u1eabu \u0111\u01a1n \u0111\u1eb7t h\u00e0ng<\/td><td>M\u1eabu phi\u1ebfu nh\u1eadp l\u1ec7nh t\u1ea1i s\u00e0n giao d\u1ecbch.<\/td><\/tr><tr><td>V\u01b0\u1ee3t tr\u1ed9i<\/td><td>L\u1ee3i nhu\u1eadn v\u01b0\u1ee3t tr\u1ed9i so v\u1edbi ch\u1ec9 s\u1ed1 chu\u1ea9n.<\/td><\/tr><tr><td>ph\u00ed bi\u1ec3u di\u1ec5n<\/td><td>Ph\u00ed d\u1ef1a tr\u00ean hi\u1ec7u qu\u1ea3 trong tr\u01b0\u1eddng h\u1ee3p c\u00f3 s\u1ef1 ph\u00e1t tri\u1ec3n t\u00edch c\u1ef1c.<\/td><\/tr><tr><td>Sao ch\u00e9p v\u1eadt l\u00fd<\/td><td>M\u1ed9t qu\u1ef9 ETF th\u1ef1c s\u1ef1 mua c\u00e1c ch\u1ee9ng kho\u00e1n m\u00e0 n\u00f3 ch\u1ee9a.<\/td><\/tr><tr><td>Danh m\u1ee5c \u0111\u1ea7u t\u01b0<\/td><td>T\u1ed5ng gi\u00e1 tr\u1ecb t\u1ea5t c\u1ea3 c\u00e1c lo\u1ea1i ch\u1ee9ng kho\u00e1n \u0111ang n\u1eafm gi\u1eef.<\/td><\/tr><tr><td>\u0110\u1ea7u t\u01b0 \u0111\u1ecbnh l\u01b0\u1ee3ng<\/td><td>\u0110\u1ea7u t\u01b0 d\u1ef1a tr\u00ean quy t\u1eafc, d\u1ef1a tr\u00ean d\u1eef li\u1ec7u.<\/td><\/tr><tr><td>T\u00e1i c\u00e2n b\u1eb1ng<\/td><td>Kh\u00f4i ph\u1ee5c t\u1ef7 tr\u1ecdng danh m\u1ee5c \u0111\u1ea7u t\u01b0 ban \u0111\u1ea7u.<\/td><\/tr><tr><td>tr\u1edf l\u1ea1i<\/td><td>L\u1ee3i t\u1ee9c \u0111\u1ea7u t\u01b0 trong m\u1ed9t kho\u1ea3ng th\u1eddi gian nh\u1ea5t \u0111\u1ecbnh.<\/td><\/tr><tr><td>suy tho\u00e1i<\/td><td>T\u00ecnh tr\u1ea1ng suy tho\u00e1i kinh t\u1ebf k\u00e9o d\u00e0i nhi\u1ec1u qu\u00fd.<\/td><\/tr><tr><td>C\u00e2n b\u1eb1ng r\u1ee7i ro<\/td><td>M\u1ed9t chi\u1ebfn l\u01b0\u1ee3c trong \u0111\u00f3 m\u1ed7i lo\u1ea1i t\u00e0i s\u1ea3n \u0111\u1ec1u \u0111\u00f3ng g\u00f3p m\u1ed9t m\u1ee9c \u0111\u1ed9 r\u1ee7i ro ngang nhau.<\/td><\/tr><tr><td>L\u1edbp r\u1ee7i ro<\/td><td>Ph\u00e2n lo\u1ea1i theo c\u01b0\u1eddng \u0111\u1ed9 bi\u1ebfn \u0111\u1ed9ng.<\/td><\/tr><tr><td>M\u00f4 h\u00ecnh ch\u1ea5m \u0111i\u1ec3m<\/td><td>H\u1ec7 th\u1ed1ng x\u1ebfp h\u1ea1ng l\u1ef1a ch\u1ecdn c\u1ed5 phi\u1ebfu.<\/td><\/tr><tr><td>T\u1ef7 l\u1ec7 Sharpe<\/td><td>T\u1ef7 l\u1ec7 r\u1ee7i ro\/l\u1ee3i nhu\u1eadn.<\/td><\/tr><tr><td>SICAV<\/td><td>C\u1ea5u tr\u00fac qu\u1ef9 ch\u00e2u \u00c2u v\u1edbi v\u1ed1n \u0111i\u1ec1u l\u1ec7 thay \u0111\u1ed5i.<\/td><\/tr><tr><td>T\u1ef7 l\u1ec7 Sortino<\/td><td>L\u1ee3i nhu\u1eadn so v\u1edbi r\u1ee7i ro gi\u1ea3m gi\u00e1.<\/td><\/tr><tr><td>Tr\u1ee3 c\u1ea5p ti\u1ebft ki\u1ec7m<\/td><td>Kho\u1ea3n mi\u1ec5n thu\u1ebf h\u00e0ng n\u0103m \u0111\u1ed1i v\u1edbi l\u1ee3i nhu\u1eadn t\u1eeb \u0111\u1ea7u t\u01b0.<\/td><\/tr><tr><td>L\u00e2y lan<\/td><td>S\u1ef1 kh\u00e1c bi\u1ec7t gi\u1eefa gi\u00e1 mua v\u00e0 gi\u00e1 b\u00e1n.<\/td><\/tr><tr><td>Hi\u1ec7u \u1ee9ng ho\u00e3n thu\u1ebf<\/td><td>Ho\u00e3n n\u1ed9p thu\u1ebf sang t\u01b0\u01a1ng lai.<\/td><\/tr><tr><td>L\u1ec7nh d\u1eebng mua<\/td><td>L\u1ec7nh mua ch\u1ec9 \u0111\u01b0\u1ee3c k\u00edch ho\u1ea1t khi gi\u00e1 b\u1ecb v\u01b0\u1ee3t qua m\u1ed9t m\u1ee9c nh\u1ea5t \u0111\u1ecbnh.<\/td><\/tr><tr><td>L\u1ec7nh d\u1eebng gi\u1edbi h\u1ea1n<\/td><td>L\u1ec7nh n\u00e0y s\u1ebd \u0111\u01b0\u1ee3c k\u00edch ho\u1ea1t khi gi\u00e1 d\u1eebng l\u1ed7 \u0111\u1ea1t \u0111\u1ebfn m\u1ee9c nh\u1ea5t \u0111\u1ecbnh.<\/td><\/tr><tr><td>L\u1ec7nh c\u1eaft l\u1ed7<\/td><td>L\u1ec7nh nh\u1eb1m h\u1ea1n ch\u1ebf thi\u1ec7t h\u1ea1i.<\/td><\/tr><tr><td>ETF ho\u00e1n \u0111\u1ed5i<\/td><td>ETF t\u1ed5ng h\u1ee3p m\u00f4 ph\u1ecfng ch\u1ec9 s\u1ed1 th\u00f4ng qua giao d\u1ecbch ho\u00e1n \u0111\u1ed5i.<\/td><\/tr><tr><td>Sao ch\u00e9p t\u1ed5ng h\u1ee3p<\/td><td>ETF theo d\u00f5i ch\u1ec9 s\u1ed1 b\u1eb1ng c\u00e1ch s\u1eed d\u1ee5ng c\u00e1c c\u00f4ng c\u1ee5 ph\u00e1i sinh ho\u1eb7c ho\u00e1n \u0111\u1ed5i.<\/td><\/tr><tr><td>TER<\/td><td>T\u1ed5ng t\u1ef7 l\u1ec7 chi ph\u00ed c\u1ee7a m\u1ed9t qu\u1ef9.<\/td><\/tr><tr><td>T\u00edch l\u0169y<\/td><td>L\u1ee3i nhu\u1eadn s\u1ebd \u0111\u01b0\u1ee3c t\u1ef1 \u0111\u1ed9ng t\u00e1i \u0111\u1ea7u t\u01b0.<\/td><\/tr><tr><td>Theo d\u00f5i s\u1ef1 kh\u00e1c bi\u1ec7t<\/td><td>S\u1ef1 ch\u00eanh l\u1ec7ch gi\u1eefa l\u1ee3i nhu\u1eadn c\u1ee7a ETF v\u00e0 ch\u1ec9 s\u1ed1 tham chi\u1ebfu.<\/td><\/tr><tr><td>L\u1ed7i theo d\u00f5i<\/td><td>Bi\u1ebfn \u0111\u1ed9ng \u0111\u1ed9 l\u1ec7ch so v\u1edbi ch\u1ec9 s\u1ed1.<\/td><\/tr><tr><td>D\u1eebng theo sau<\/td><td>L\u1ec7nh c\u1eaft l\u1ed7 linh ho\u1ea1t t\u1ef1 \u0111\u1ed9ng \u0111i\u1ec1u ch\u1ec9nh theo gi\u00e1 t\u0103ng.<\/td><\/tr><tr><td>B\u1ed9 l\u1ecdc xu h\u01b0\u1edbng<\/td><td>Quy t\u1eafc x\u00e1c \u0111\u1ecbnh xu h\u01b0\u1edbng th\u1ecb tr\u01b0\u1eddng.<\/td><\/tr><tr><td>Theo xu h\u01b0\u1edbng<\/td><td>M\u1ed9t chi\u1ebfn l\u01b0\u1ee3c d\u1ef1a tr\u00ean c\u00e1c xu h\u01b0\u1edbng hi\u1ec7n c\u00f3.<\/td><\/tr><tr><td>UCITS<\/td><td>Quy \u0111\u1ecbnh c\u1ee7a ch\u00e2u \u00c2u v\u1ec1 qu\u1ef9 \u0111\u1ea7u t\u01b0.<\/td><\/tr><tr><td>v\u0169 tr\u1ee5<\/td><td>T\u1eadp h\u1ee3p t\u1ea5t c\u1ea3 c\u00e1c lo\u1ea1i ch\u1ee9ng kho\u00e1n m\u00e0 t\u1eeb \u0111\u00f3 chi\u1ebfn l\u01b0\u1ee3c l\u1ef1a ch\u1ecdn.<\/td><\/tr><tr><td>Hi\u1ec7u su\u1ea5t k\u00e9m<\/td><td>L\u1ee3i nhu\u1eadn th\u1ea5p h\u01a1n ch\u1ec9 s\u1ed1 chu\u1ea9n.<\/td><\/tr><tr><td>Gi\u00e1 tr\u1ecb<\/td><td>\u0110\u1ea7u t\u01b0 v\u00e0o c\u00e1c c\u00f4ng ty b\u1ecb \u0111\u1ecbnh gi\u00e1 th\u1ea5p.<\/td><\/tr><tr><td>\u00e1c c\u1ea3m v\u1edbi m\u1ea5t m\u00e1t<\/td><td>C\u00f3 xu h\u01b0\u1edbng ph\u00f3ng \u0111\u1ea1i t\u1ed5n th\u1ea5t h\u01a1n l\u00e0 l\u1ee3i \u00edch.<\/td><\/tr><tr><td>Bi\u1ebfn \u0111\u1ed9ng<\/td><td>M\u1ed9t th\u01b0\u1edbc \u0111o v\u1ec1 s\u1ef1 bi\u1ebfn \u0111\u1ed9ng c\u1ee7a m\u1ed9t lo\u1ea1i ch\u1ee9ng kho\u00e1n.<\/td><\/tr><tr><td>M\u1ee5c ti\u00eau bi\u1ebfn \u0111\u1ed9ng<\/td><td>\u0110i\u1ec1u ch\u1ec9nh quy m\u00f4 v\u1ecb th\u1ebf \u0111\u1ec3 \u0111\u1ea1t \u0111\u01b0\u1ee3c m\u1ee9c \u0111\u1ed9 bi\u1ebfn \u0111\u1ed9ng m\u1ee5c ti\u00eau \u0111\u00e3 x\u00e1c \u0111\u1ecbnh.<\/td><\/tr><tr><td>thanh to\u00e1n tr\u01b0\u1edbc<\/td><td>\u00c1p d\u1ee5ng thu\u1ebf su\u1ea5t c\u1ed1 \u0111\u1ecbnh \u0111\u1ed1i v\u1edbi c\u00e1c kho\u1ea3n ti\u1ec1n t\u00edch l\u0169y.<\/td><\/tr><tr><td>Wikifolio<\/td><td>Gi\u1ea5y ch\u1ee9ng nh\u1eadn ph\u1ea3n \u00e1nh hi\u1ec7u qu\u1ea3 ho\u1ea1t \u0111\u1ed9ng c\u1ee7a m\u1ed9t danh m\u1ee5c \u0111\u1ea7u t\u01b0 m\u1eabu.<\/td><\/tr><tr><td>Ch\u1ee9ng ch\u1ec9 Wikifolio<\/td><td>M\u1ed9t lo\u1ea1i ch\u1ee9ng kho\u00e1n c\u00f3 th\u1ec3 giao d\u1ecbch c\u1ee7a Wikifolio.<\/td><\/tr><tr><td>Ph\u00ed c\u1ea5p ch\u1ee9ng ch\u1ec9<\/td><td>Chi ph\u00ed ph\u00e1t sinh li\u00ean t\u1ee5c c\u1ee7a ch\u1ee9ng ch\u1ec9 Wikifolio.<\/td><\/tr><tr><td>\u0111\u1ea3o chi\u1ec1u l\u00e3i su\u1ea5t<\/td><td>Thay \u0111\u1ed5i \u0111\u1ecbnh h\u01b0\u1edbng ch\u00ednh s\u00e1ch ti\u1ec1n t\u1ec7 (v\u00ed d\u1ee5: t\u1eeb t\u0103ng l\u00e3i su\u1ea5t sang gi\u1ea3m l\u00e3i su\u1ea5t).<\/td><\/tr><\/tbody><\/table><\/figure>","protected":false},"excerpt":{"rendered":"<p>Begriff Definition Abgeltungssteuer Pauschale Steuer auf Kapitalertr\u00e4ge in Deutschland. Aktie Unternehmensanteil, der Eigentumsrechte und potenzielle Kursgewinne bietet. Aktienindex Korb aus Aktien, der die Entwicklung eines Marktes misst. Alpha \u00dcberrendite eines Portfolios im Vergleich zum Markt. Anlagehorizont Zeitraum, \u00fcber den ein Anleger investiert bleiben m\u00f6chte. Asset Allocation Verteilung des Kapitals auf verschiedene Anlageklassen. Aussch\u00fcttend ETF oder [&hellip;]<\/p>\n","protected":false},"author":1,"featured_media":0,"parent":0,"menu_order":0,"comment_status":"closed","ping_status":"closed","template":"page-no-sidebar","meta":{"pmpro_default_level":"","_monsterinsights_skip_tracking":false,"_monsterinsights_sitenote_active":false,"_monsterinsights_sitenote_note":"","_monsterinsights_sitenote_category":0,"footnotes":""},"class_list":["post-753","page","type-page","status-publish","hentry","pmpro-has-access"],"aioseo_notices":[],"_links":{"self":[{"href":"https:\/\/mueckinvest.com\/vi\/wp-json\/wp\/v2\/pages\/753","targetHints":{"allow":["GET"]}}],"collection":[{"href":"https:\/\/mueckinvest.com\/vi\/wp-json\/wp\/v2\/pages"}],"about":[{"href":"https:\/\/mueckinvest.com\/vi\/wp-json\/wp\/v2\/types\/page"}],"author":[{"embeddable":true,"href":"https:\/\/mueckinvest.com\/vi\/wp-json\/wp\/v2\/users\/1"}],"replies":[{"embeddable":true,"href":"https:\/\/mueckinvest.com\/vi\/wp-json\/wp\/v2\/comments?post=753"}],"version-history":[{"count":2,"href":"https:\/\/mueckinvest.com\/vi\/wp-json\/wp\/v2\/pages\/753\/revisions"}],"predecessor-version":[{"id":2968,"href":"https:\/\/mueckinvest.com\/vi\/wp-json\/wp\/v2\/pages\/753\/revisions\/2968"}],"wp:attachment":[{"href":"https:\/\/mueckinvest.com\/vi\/wp-json\/wp\/v2\/media?parent=753"}],"curies":[{"name":"wp","href":"https:\/\/api.w.org\/{rel}","templated":true}]}}