{"id":3984,"date":"2026-03-13T11:00:00","date_gmt":"2026-03-13T10:00:00","guid":{"rendered":"https:\/\/mueckinvest.com\/?page_id=3984"},"modified":"2026-03-17T17:00:00","modified_gmt":"2026-03-17T16:00:00","slug":"cau-chuyen","status":"publish","type":"page","link":"https:\/\/mueckinvest.com\/vi\/geschichte\/","title":{"rendered":"L\u1ecbch s\u1eed, qu\u00e1 tr\u00ecnh ph\u00e1t tri\u1ec3n v\u00e0 l\u1ed9 tr\u00ecnh"},"content":{"rendered":"<p><strong>L\u00fd do t\u00f4i c\u00f4ng khai qu\u00e1 tr\u00ecnh ph\u00e1t tri\u1ec3n c\u1ee7a m\u00ecnh<\/strong><\/p>\n\n\n\n<p>\u0110\u1ed1i v\u1edbi t\u00f4i, vi\u1ec7c th\u1ec3 hi\u1ec7n m\u1ed9t c\u00e1ch minh b\u1ea1ch qu\u00e1 tr\u00ecnh ph\u00e1t tri\u1ec3n t\u1eebng b\u01b0\u1edbc c\u1ee7a Mueckinvest l\u00e0 r\u1ea5t quan tr\u1ecdng. \u0110\u1eb7c bi\u1ec7t trong l\u0129nh v\u1ef1c t\u00e0i ch\u00ednh, l\u00f2ng tin l\u00e0 y\u1ebfu t\u1ed1 then ch\u1ed1t \u2013 v\u00e0 l\u00f2ng tin \u0111\u01b0\u1ee3c x\u00e2y d\u1ef1ng khi b\u1ea1n hi\u1ec3u \u0111\u01b0\u1ee3c c\u00e1ch m\u1ed9t s\u1ea3n ph\u1ea9m \u0111\u01b0\u1ee3c t\u1ea1o ra, ph\u00e1t tri\u1ec3n v\u00e0 c\u1ea3i thi\u1ec7n. \u0110\u00f3 l\u00e0 l\u00fd do t\u1ea1i sao t\u00f4i \u0111\u00e3 ghi l\u1ea1i h\u00e0nh tr\u00ecnh c\u1ee7a m\u00ecnh t\u1eeb n\u0103m 2025 v\u00e0 th\u1ec3 hi\u1ec7n r\u00f5 r\u00e0ng nh\u1eefng g\u00ec t\u00f4i \u0111ang l\u00e0m, nh\u1eefng g\u00ec \u0111\u00e3 \u0111\u1ea1t \u0111\u01b0\u1ee3c v\u00e0 nh\u1eefng b\u01b0\u1edbc ti\u1ebfp theo l\u00e0 g\u00ec.<\/p>\n\n\n\n<details class=\"wp-block-details is-layout-flow wp-block-details-is-layout-flow\"><summary><strong>2025<\/strong><\/summary>\n<h2 class=\"wp-block-heading\">Th\u00e1ng 8 n\u0103m 2025 \u2013 Giai \u0111o\u1ea1n ph\u00e2n t\u00edch: T\u1eadp trung v\u00e0o Wikifolios<\/h2>\n\n\n\n<p>\u0110i\u1ec3m kh\u1edfi \u0111\u1ea7u c\u1ee7a Mueckinvest. Trong giai \u0111o\u1ea1n n\u00e0y, tr\u1ecdng t\u00e2m l\u00e0 ph\u00e2n t\u00edch chi ti\u1ebft Wikifolios, c\u00e1c chi\u1ebfn l\u01b0\u1ee3c \u0111\u1ea7u t\u01b0 v\u00e0 nh\u1eefng sai l\u1ea7m \u0111i\u1ec3n h\u00ecnh c\u1ee7a nh\u00e0 \u0111\u1ea7u t\u01b0. Nh\u1eefng hi\u1ec3u bi\u1ebft thu \u0111\u01b0\u1ee3c \u0111\u00e3 t\u1ea1o n\u1ec1n t\u1ea3ng cho \u00fd t\u01b0\u1edfng sau n\u00e0y v\u1ec1 m\u1ed9t n\u1ec1n t\u1ea3ng t\u00e0i ch\u00ednh r\u00f5 r\u00e0ng, d\u1ec5 hi\u1ec3u v\u00e0 h\u01b0\u1edbng \u0111\u1ebfn m\u1ee5c ti\u00eau d\u00e0i h\u1ea1n.<\/p>\n\n\n\n<h2 class=\"wp-block-heading\">Th\u00e1ng 10 n\u0103m 2025 \u2013 X\u00e2y d\u1ef1ng trang web v\u00e0 th\u01b0\u01a1ng hi\u1ec7u \u0111\u1ea7u ti\u00ean<\/h2>\n\n\n\n<p>Phi\u00ean b\u1ea3n \u0111\u1ea7u ti\u00ean c\u1ee7a trang web Mueckinvest \u0111\u00e3 \u0111\u01b0\u1ee3c \u0111\u01b0a l\u00ean m\u1ea1ng. M\u1ee5c ti\u00eau l\u00e0 tr\u00ecnh b\u00e0y ki\u1ebfn th\u1ee9c t\u00e0i ch\u00ednh m\u1ed9t c\u00e1ch c\u00f3 c\u1ea5u tr\u00fac v\u00e0 d\u1ec5 hi\u1ec3u. \u0110\u1ed3ng th\u1eddi, b\u1ed9 nh\u1eadn di\u1ec7n th\u01b0\u01a1ng hi\u1ec7u c\u0169ng \u0111\u01b0\u1ee3c ph\u00e1t tri\u1ec3n: t\u1ed1i gi\u1ea3n, d\u1ef1a tr\u00ean th\u1ef1c t\u1ebf v\u00e0 h\u01b0\u1edbng \u0111\u1ebfn m\u1ee5c ti\u00eau d\u00e0i h\u1ea1n.<\/p>\n\n\n\n<h2 class=\"wp-block-heading\">Th\u00e1ng 12 n\u0103m 2025 \u2013 Ph\u00e2n t\u00edch chuy\u00ean s\u00e2u theo ch\u1ee7 \u0111\u1ec1<\/h2>\n\n\n\n<p>C\u00f4ng t\u00e1c chu\u1ea9n b\u1ecb n\u1ed9i dung \u0111\u01b0\u1ee3c ti\u1ebfn h\u00e0nh chuy\u00ean s\u00e2u. C\u00e1c d\u1ef1 \u00e1n to\u00e0n di\u1ec7n \u0111\u00e3 \u0111\u01b0\u1ee3c x\u00e2y d\u1ef1ng. <a href=\"https:\/\/mueckinvest.com\/vi\/cac-chu-de-chuyen-sau\/\" title=\"Ph\u00e2n t\u00edch chuy\u00ean s\u00e2u c\u00e1c ch\u1ee7 \u0111\u1ec1\">L\u1eb7n s\u00e2u<\/a> ETF, r\u1ee7i ro, \u0111a d\u1ea1ng h\u00f3a., <a href=\"https:\/\/mueckinvest.com\/vi\/can-bang-lai-2\/\" title=\"T\u00e1i c\u00e2n b\u1eb1ng\">T\u00e1i c\u00e2n b\u1eb1ng <\/a>v\u00e0 c\u00e1c chi\u1ebfn l\u01b0\u1ee3c \u0111\u1ea7u t\u01b0 d\u00e0i h\u1ea1n. N\u1ed9i dung n\u00e0y sau \u0111\u00f3 tr\u1edf th\u00e0nh n\u1ec1n t\u1ea3ng ki\u1ebfn th\u1ee9c c\u1ee7a Tr\u00ed tu\u1ec7 Nh\u00e2n t\u1ea1o Mueckinvest.<\/p>\n<\/details>\n\n\n\n<details class=\"wp-block-details is-layout-flow wp-block-details-is-layout-flow\"><summary><strong>2026<\/strong><\/summary>\n<h2 class=\"wp-block-heading\">Th\u00e1ng 1 n\u0103m 2026 \u2013 B\u1eaft \u0111\u1ea7u ph\u00e1t tri\u1ec3n \u1ee9ng d\u1ee5ng Android<\/h2>\n\n\n\n<p>Qu\u00e1 tr\u00ecnh tri\u1ec3n khai k\u1ef9 thu\u1eadt ch\u00ednh th\u1ee9c b\u1eaft \u0111\u1ea7u. Ki\u1ebfn tr\u00fac \u0111\u01b0\u1ee3c thi\u1ebft k\u1ebf m\u1ed9t c\u00e1ch c\u00f3 ch\u1ee7 \u0111\u00edch \u0111\u1ec3 g\u1ecdn nh\u1eb9, d\u1ec5 m\u1edf r\u1ed9ng v\u00e0 \u00e1p d\u1ee5ng tr\u00ean to\u00e0n c\u1ea7u. C\u00e1c nguy\u00ean m\u1eabu giao di\u1ec7n ng\u01b0\u1eddi d\u00f9ng ban \u0111\u1ea7u v\u00e0 m\u00f4 h\u00ecnh d\u1eef li\u1ec7u cho th\u00f4ng tin ETF \u0111\u00e3 \u0111\u01b0\u1ee3c ph\u00e1t tri\u1ec3n.<\/p>\n\n\n\n<h2 class=\"wp-block-heading\">Th\u00e1ng 2 n\u0103m 2026 \u2013 Th\u00e0nh l\u1eadp AI<\/h2>\n\n\n\n<p>B\u1eaft \u0111\u1ea7u c\u1ee7a <a href=\"https:\/\/mueckinvest.com\/vi\/mueckinvest-ki\/\" title=\"Tr\u00ed tu\u1ec7 nh\u00e2n t\u1ea1o Mueckinvest\">T\u00edch h\u1ee3p AI<\/a> T\u1eadp trung v\u00e0o chuy\u00ean m\u00f4n gi\u1ea3i th\u00edch th\u1ef1c s\u1ef1 h\u01a1n l\u00e0 c\u00e1c c\u00e2u tr\u1ea3 l\u1eddi chung chung. Ph\u00e1t tri\u1ec3n quy tr\u00ecnh RAG, c\u00e1c m\u00f4 h\u00ecnh nh\u00fang ban \u0111\u1ea7u v\u00e0 c\u1ea5u tr\u00fac c\u01a1 s\u1edf d\u1eef li\u1ec7u vector. Song song \u0111\u00f3, vi\u1ec7c l\u1eadp k\u1ebf ho\u1ea1ch h\u1ed7 tr\u1ee3 \u0111a ng\u00f4n ng\u1eef cho tri\u1ec3n khai to\u00e0n c\u1ea7u c\u0169ng b\u1eaft \u0111\u1ea7u.<\/p>\n\n\n\n<h2 class=\"wp-block-heading\">Ng\u00e0y 17 th\u00e1ng 3 n\u0103m 2026 \u2013 Vi\u1ec7c ph\u00f3ng t\u00ean l\u1eeda \u0111\u00e3 ho\u00e0n t\u1ea5t \ud83c\udf0d<\/h2>\n\n\n\n<p>Android <a href=\"https:\/\/mueckinvest.com\/vi\/ung-dung-android\/\" title=\"\u1ee8ng d\u1ee5ng Mueckinvest\">\u1ee8ng d\u1ee5ng Mueckinvest<\/a> H\u1ec7 th\u1ed1ng \u0111\u00e3 ch\u00ednh th\u1ee9c ho\u1ea1t \u0111\u1ed9ng. Sau qu\u00e1 tr\u00ecnh chu\u1ea9n b\u1ecb k\u1ef9 l\u01b0\u1ee1ng, c\u01a1 s\u1edf h\u1ea1 t\u1ea7ng to\u00e0n c\u1ea7u \u0111\u00e3 \u0111\u01b0\u1ee3c thi\u1ebft l\u1eadp, c\u00e1c m\u00e1y ch\u1ee7 \u0111ang v\u1eadn h\u00e0nh tr\u01a1n tru v\u00e0 tr\u00ed tu\u1ec7 nh\u00e2n t\u1ea1o (AI) \u0111\u00e3 mang l\u1ea1i nh\u1eefng k\u1ebft qu\u1ea3 \u1ea5n t\u01b0\u1ee3ng.<\/p>\n<\/details>\n\n\n\n<details class=\"wp-block-details is-layout-flow wp-block-details-is-layout-flow\"><summary><strong>K\u1ebf ho\u1ea1ch \/ L\u1ed9 tr\u00ecnh<\/strong><\/summary>\n<h2 class=\"wp-block-heading\">Th\u00e1ng 4 \u2013 Th\u00e1ng 6 n\u0103m 2026<\/h2>\n\n\n\n<p>Qu\u00e1 tr\u00ecnh ph\u00e1t tri\u1ec3n b\u1eaft \u0111\u1ea7u v\u1edbi phi\u00ean b\u1ea3n iOS g\u1ed1c c\u1ee7a \u201eMueckinvest\u201c + \u201eMueckinvest AI\u201c. M\u1ee5c ti\u00eau l\u00e0 t\u1ea1o ra m\u1ed9t \u1ee9ng d\u1ee5ng \u1ed5n \u0111\u1ecbnh, nhanh ch\u00f3ng v\u00e0 tr\u1ef1c quan, b\u1ed5 sung \u0111\u1ea7y \u0111\u1ee7 cho tr\u1ea3i nghi\u1ec7m web v\u00e0 Android hi\u1ec7n c\u00f3.<\/p>\n\n\n\n<p>C\u00f9ng v\u1edbi \u1ee9ng d\u1ee5ng Android (\u201eMueckinvest\u201c), \u1ee9ng d\u1ee5ng \u0111\u1ed9c l\u1eadp \u201eMueckinvest AI\u201c c\u0169ng s\u1ebd \u0111\u01b0\u1ee3c ph\u00e1t h\u00e0nh. \u1ee8ng d\u1ee5ng n\u00e0y cung c\u1ea5p t\u00ednh n\u0103ng tr\u00f2 chuy\u1ec7n AI chuy\u00ean bi\u1ec7t v\u1ec1 ETF, \u0111\u1ea7u t\u01b0 d\u00e0i h\u1ea1n v\u00e0 gi\u00e1o d\u1ee5c t\u00e0i ch\u00ednh \u2013 \u0111\u01b0\u1ee3c t\u1ed1i \u01b0u h\u00f3a cho 20 ng\u00f4n ng\u1eef v\u00e0 ng\u01b0\u1eddi d\u00f9ng qu\u1ed1c t\u1ebf.<\/p>\n\n\n\n<h2 class=\"wp-block-heading\">\u0110\u1ebfn cu\u1ed1i n\u0103m 2026<\/h2>\n\n\n\n<p><strong>T\u00ednh \u1ed5n \u0111\u1ecbnh c\u1ee7a ki\u1ebfn tr\u00fac<\/strong>Cho \u0111\u1ebfn cu\u1ed1i n\u0103m, tr\u1ecdng t\u00e2m s\u1ebd l\u00e0 ti\u1ebfp t\u1ee5c c\u1ee7ng c\u1ed1 n\u1ec1n t\u1ea3ng k\u1ef9 thu\u1eadt c\u1ee7a Mueckinvest. Ki\u1ebfn tr\u00fac m\u00e1y ch\u1ee7 v\u00e0 c\u01a1 s\u1edf d\u1eef li\u1ec7u hi\u1ec7n c\u00f3 s\u1ebd \u0111\u01b0\u1ee3c gi\u00e1m s\u00e1t, t\u1ed1i \u01b0u h\u00f3a v\u00e0 ki\u1ec3m tra li\u00ean t\u1ee5c trong \u0111i\u1ec1u ki\u1ec7n s\u1eed d\u1ee5ng th\u1ef1c t\u1ebf. M\u1ee5c ti\u00eau l\u00e0 m\u1ed9t n\u1ec1n t\u1ea3ng \u1ed5n \u0111\u1ecbnh, c\u00f3 kh\u1ea3 n\u0103ng m\u1edf r\u1ed9ng v\u00e0 \u0111\u00e1ng tin c\u1eady l\u00e2u d\u00e0i cho t\u1ea5t c\u1ea3 c\u00e1c th\u1ecb tr\u01b0\u1eddng qu\u1ed1c t\u1ebf.<\/p>\n\n\n\n<p><strong>\u0110ang ti\u1ebfp t\u1ee5c s\u1eeda l\u1ed7i<\/strong>V\u1edbi ph\u1ea1m vi ch\u1ee9c n\u0103ng ng\u00e0y c\u00e0ng m\u1edf r\u1ed9ng v\u00e0 ph\u1ea3n h\u1ed3i ban \u0111\u1ea7u t\u1eeb ng\u01b0\u1eddi d\u00f9ng, vi\u1ec7c ph\u00e2n t\u00edch l\u1ed7i m\u1ed9t c\u00e1ch c\u00f3 h\u1ec7 th\u1ed1ng hi\u1ec7n \u0111ang l\u00e0 tr\u1ecdng t\u00e2m. C\u00e1c l\u1ed7i \u0111\u01b0\u1ee3c x\u00e1c \u0111\u1ecbnh s\u1ebd \u0111\u01b0\u1ee3c kh\u1eafc ph\u1ee5c k\u1ecbp th\u1eddi, quy tr\u00ecnh \u0111\u01b0\u1ee3c tinh ch\u1ec9nh v\u00e0 hi\u1ec7u su\u1ea5t t\u1ed5ng th\u1ec3 c\u1ee7a \u1ee9ng d\u1ee5ng \u0111\u01b0\u1ee3c c\u1ea3i thi\u1ec7n h\u01a1n n\u1eefa.<\/p>\n\n\n\n<p><strong>\u0110\u1ea3m b\u1ea3o ch\u1ea5t l\u01b0\u1ee3ng v\u00e0 tinh ch\u1ec9nh<\/strong>B\u00ean c\u1ea1nh nh\u1eefng \u0111i\u1ec1u ch\u1ec9nh k\u1ef9 thu\u1eadt, c\u00e1c chi ti\u1ebft giao di\u1ec7n ng\u01b0\u1eddi d\u00f9ng, th\u1eddi gian t\u1ea3i, ch\u1ea5t l\u01b0\u1ee3ng ph\u1ea3n h\u1ed3i c\u1ee7a AI v\u00e0 h\u1ed7 tr\u1ee3 \u0111a ng\u00f4n ng\u1eef \u0111ang \u0111\u01b0\u1ee3c li\u00ean t\u1ee5c t\u1ed1i \u01b0u h\u00f3a. Tr\u1ecdng t\u00e2m l\u00e0 chuy\u1ec3n \u0111\u1ed5i Mueckinvest th\u00e0nh m\u1ed9t n\u1ec1n t\u1ea3ng AI t\u00e0i ch\u00ednh \u1ed5n \u0111\u1ecbnh, ho\u1ea1t \u0111\u1ed9ng tr\u01a1n tru v\u00e0 c\u00f3 kh\u1ea3 n\u0103ng tri\u1ec3n khai qu\u1ed1c t\u1ebf v\u00e0o cu\u1ed1i n\u0103m nay.<\/p>\n<\/details>","protected":false},"excerpt":{"rendered":"<p>Warum ich meine Entwicklung offen zeige F\u00fcr mich ist es wichtig, transparent zu zeigen, wie sich Mueckinvest Schritt f\u00fcr Schritt entwickelt hat. Gerade im Finanzbereich z\u00e4hlt Vertrauen \u2013 und Vertrauen entsteht, wenn man nachvollziehen kann, wie ein Produkt entsteht, w\u00e4chst und sich verbessert. Deshalb dokumentiere ich meinen Weg seit 2025 und zeige klar, woran ich [&hellip;]<\/p>\n","protected":false},"author":1,"featured_media":0,"parent":0,"menu_order":0,"comment_status":"closed","ping_status":"closed","template":"","meta":{"pmpro_default_level":"","_monsterinsights_skip_tracking":false,"_monsterinsights_sitenote_active":false,"_monsterinsights_sitenote_note":"","_monsterinsights_sitenote_category":0,"footnotes":""},"class_list":["post-3984","page","type-page","status-publish","hentry","pmpro-has-access"],"aioseo_notices":[],"_links":{"self":[{"href":"https:\/\/mueckinvest.com\/vi\/wp-json\/wp\/v2\/pages\/3984","targetHints":{"allow":["GET"]}}],"collection":[{"href":"https:\/\/mueckinvest.com\/vi\/wp-json\/wp\/v2\/pages"}],"about":[{"href":"https:\/\/mueckinvest.com\/vi\/wp-json\/wp\/v2\/types\/page"}],"author":[{"embeddable":true,"href":"https:\/\/mueckinvest.com\/vi\/wp-json\/wp\/v2\/users\/1"}],"replies":[{"embeddable":true,"href":"https:\/\/mueckinvest.com\/vi\/wp-json\/wp\/v2\/comments?post=3984"}],"version-history":[{"count":13,"href":"https:\/\/mueckinvest.com\/vi\/wp-json\/wp\/v2\/pages\/3984\/revisions"}],"predecessor-version":[{"id":4021,"href":"https:\/\/mueckinvest.com\/vi\/wp-json\/wp\/v2\/pages\/3984\/revisions\/4021"}],"wp:attachment":[{"href":"https:\/\/mueckinvest.com\/vi\/wp-json\/wp\/v2\/media?parent=3984"}],"curies":[{"name":"wp","href":"https:\/\/api.w.org\/{rel}","templated":true}]}}