{"id":3336,"date":"2026-02-01T22:00:00","date_gmt":"2026-02-01T21:00:00","guid":{"rendered":"https:\/\/mueckinvest.de\/?page_id=3336"},"modified":"2026-03-18T15:17:14","modified_gmt":"2026-03-18T14:17:14","slug":"nguyen-tac-hua-hen","status":"publish","type":"page","link":"https:\/\/mueckinvest.com\/vi\/prinzipien-versprechen\/","title":{"rendered":"Nguy\u00ean t\u1eafc \/ L\u1eddi h\u1ee9a"},"content":{"rendered":"<h2 class=\"wp-block-heading\"><strong>Nguy\u00ean t\u1eafc c\u1ee7a t\u00f4i<\/strong><\/h2>\n\n\n\n<h3 class=\"wp-block-heading\"><strong>T\u00f4i \u0111\u1ea7u t\u01b0 cho d\u00e0i h\u1ea1n.<\/strong><\/h3>\n\n\n\n<p>T\u00f4i kh\u00f4ng \u0111\u01b0a ra quy\u1ebft \u0111\u1ecbnh cho h\u00f4m nay hay ng\u00e0y mai, m\u00e0 l\u00e0 cho v\u00e0i th\u1eadp k\u1ef7 t\u1edbi.<\/p>\n\n\n\n<h3 class=\"wp-block-heading\"><strong>T\u00f4i v\u1eabn gi\u1eef b\u00ecnh t\u0129nh<\/strong><\/h3>\n\n\n\n<p>T\u00f4i kh\u00f4ng \u0111\u1ec3 b\u1ea3n th\u00e2n b\u1ecb ph\u00e2n t\u00e2m b\u1edfi c\u00e1c xu h\u01b0\u1edbng, ti\u00eau \u0111\u1ec1 b\u00e1o ch\u00ed hay nh\u1eefng \u1ed3n \u00e0o ng\u1eafn h\u1ea1n.<\/p>\n\n\n\n<h3 class=\"wp-block-heading\"><strong>T\u00f4i th\u00edch m\u1ecdi th\u1ee9 \u0111\u01a1n gi\u1ea3n.<\/strong><\/h3>\n\n\n\n<p>T\u00f4i t\u1eadp trung v\u00e0o c\u1ea5u tr\u00fac r\u00f5 r\u00e0ng, chi\u1ebfn l\u01b0\u1ee3c d\u1ec5 hi\u1ec3u v\u00e0 n\u1ec1n t\u1ea3ng v\u1eefng ch\u1eafc.<\/p>\n\n\n\n<hr class=\"wp-block-separator has-alpha-channel-opacity\"\/>\n\n\n\n<h1 class=\"wp-block-heading\">\u2b50 <strong>Nguy\u00ean t\u1eafc c\u1ee7a t\u00f4i<\/strong><\/h1>\n\n\n\n<h3 class=\"wp-block-heading\"><strong>T\u00f4i tin t\u01b0\u1edfng v\u00e0o d\u1eef li\u1ec7u, ch\u1ee9 kh\u00f4ng ph\u1ea3i c\u1ea3m x\u00fac.<\/strong><\/h3>\n\n\n\n<p>T\u00f4i \u0111\u01b0a ra quy\u1ebft \u0111\u1ecbnh d\u1ef1a tr\u00ean s\u1ef1 th\u1eadt, kh\u00f4ng ph\u1ea3i c\u1ea3m x\u00fac.<\/p>\n\n\n\n<h3 class=\"wp-block-heading\"><strong>T\u00f4i s\u1ebd gi\u1eef v\u1eefng l\u1eadp tr\u01b0\u1eddng \u0111\u1ed9c l\u1eadp.<\/strong><\/h3>\n\n\n\n<p>T\u00f4i l\u00e0m vi\u1ec7c kh\u00f4ng qu\u1ea3ng c\u00e1o, kh\u00f4ng hoa h\u1ed3ng v\u00e0 kh\u00f4ng c\u00f3 l\u1ee3i \u00edch ng\u1ea7m.<\/p>\n\n\n\n<h3 class=\"wp-block-heading\"><strong>T\u00f4i t\u1eadn d\u1ee5ng th\u1eddi gian nh\u01b0 \u0111\u1ed3ng minh m\u1ea1nh nh\u1ea5t c\u1ee7a m\u00ecnh.<\/strong><\/h3>\n\n\n\n<p>T\u00f4i d\u1ef1a v\u00e0o s\u1ee9c m\u1ea1nh c\u1ee7a l\u00e3i k\u00e9p \u2013 ch\u1ee9 kh\u00f4ng ph\u1ea3i v\u00e0o th\u1eddi \u0111i\u1ec3m hay s\u1ef1 \u0111\u1ea7u c\u01a1.<\/p>\n\n\n\n<hr class=\"wp-block-separator has-alpha-channel-opacity\"\/>\n\n\n\n<h1 class=\"wp-block-heading\">\u2b50 <strong>Nh\u1eefng vi\u1ec7c t\u00f4i c\u1ed1 t\u00ecnh kh\u00f4ng l\u00e0m<\/strong><\/h1>\n\n\n\n<h3 class=\"wp-block-heading\"><strong>T\u00f4i kh\u00f4ng \u0111\u01b0a ra l\u1eddi khuy\u00ean v\u1ec1 t\u1eebng c\u1ed5 phi\u1ebfu c\u1ee5 th\u1ec3.<\/strong><\/h3>\n\n\n\n<p>T\u00f4i kh\u00f4ng ph\u1ea3i l\u00e0 nh\u00e0 ph\u00e2n t\u00edch v\u00e0 t\u00f4i kh\u00f4ng \u0111\u01b0a ra t\u00edn hi\u1ec7u mua ho\u1eb7c b\u00e1n.<\/p>\n\n\n\n<h3 class=\"wp-block-heading\"><strong>T\u00f4i kh\u00f4ng tham gia giao d\u1ecbch ch\u1ee9ng kho\u00e1n.<\/strong><\/h3>\n\n\n\n<p>T\u00f4i kh\u00f4ng ch\u1ea1y theo xu h\u01b0\u1edbng, c\u1ed5 phi\u1ebfu meme hay l\u1ee3i nhu\u1eadn ng\u1eafn h\u1ea1n.<\/p>\n\n\n\n<h3 class=\"wp-block-heading\"><strong>T\u00f4i cam k\u1ebft kh\u00f4ng \u0111i \u0111\u01b0\u1eddng t\u1eaft.<\/strong><\/h3>\n\n\n\n<p>T\u00f4i kh\u00f4ng b\u00e1n nh\u1eefng ph\u00e9p m\u00e0u v\u1ec1 t\u01b0 duy, nh\u1eefng c\u00e2u n\u00f3i s\u00e1o r\u1ed7ng v\u1ec1 \u0111\u1ed9ng l\u1ef1c, hay nh\u1eefng \u1ea3o t\u01b0\u1edfng.<\/p>\n\n\n\n<h3 class=\"wp-block-heading\"><strong>T\u00f4i kh\u00f4ng qu\u1ea3ng c\u00e1o.<\/strong><\/h3>\n\n\n\n<p>T\u00f4i kh\u00f4ng s\u1eed d\u1ee5ng li\u00ean k\u1ebft ti\u1ebfp th\u1ecb li\u00ean k\u1ebft ho\u1eb7c h\u1ee3p t\u00e1c th\u01b0\u01a1ng m\u1ea1i.<\/p>\n\n\n\n<h3 class=\"wp-block-heading\"><strong>T\u00f4i kh\u00f4ng g\u00e2y c\u1ea3m gi\u00e1c qu\u00e1 t\u1ea3i.<\/strong><\/h3>\n\n\n\n<p>T\u00f4i gi\u1ea3m \u0111\u1ed9 ph\u1ee9c t\u1ea1p thay v\u00ec t\u0103ng n\u00f3.<\/p>","protected":false},"excerpt":{"rendered":"<p>Meine Prinzipien Ich investiere langfristig Ich treffe Entscheidungen nicht f\u00fcr heute oder morgen, sondern f\u00fcr die n\u00e4chsten Jahrzehnte. Ich bleibe ruhig Ich lasse mich nicht von Trends, Schlagzeilen oder kurzfristigem L\u00e4rm ablenken. Ich halte Dinge einfach Ich setze auf klare Strukturen, verst\u00e4ndliche Strategien und robuste Grundlagen. \u2b50 Meine Grunds\u00e4tze Ich vertraue auf Daten, nicht auf [&hellip;]<\/p>\n","protected":false},"author":1,"featured_media":0,"parent":0,"menu_order":0,"comment_status":"closed","ping_status":"closed","template":"","meta":{"pmpro_default_level":"","_monsterinsights_skip_tracking":false,"_monsterinsights_sitenote_active":false,"_monsterinsights_sitenote_note":"","_monsterinsights_sitenote_category":0,"footnotes":""},"class_list":["post-3336","page","type-page","status-publish","hentry","pmpro-has-access"],"aioseo_notices":[],"_links":{"self":[{"href":"https:\/\/mueckinvest.com\/vi\/wp-json\/wp\/v2\/pages\/3336","targetHints":{"allow":["GET"]}}],"collection":[{"href":"https:\/\/mueckinvest.com\/vi\/wp-json\/wp\/v2\/pages"}],"about":[{"href":"https:\/\/mueckinvest.com\/vi\/wp-json\/wp\/v2\/types\/page"}],"author":[{"embeddable":true,"href":"https:\/\/mueckinvest.com\/vi\/wp-json\/wp\/v2\/users\/1"}],"replies":[{"embeddable":true,"href":"https:\/\/mueckinvest.com\/vi\/wp-json\/wp\/v2\/comments?post=3336"}],"version-history":[{"count":2,"href":"https:\/\/mueckinvest.com\/vi\/wp-json\/wp\/v2\/pages\/3336\/revisions"}],"predecessor-version":[{"id":4030,"href":"https:\/\/mueckinvest.com\/vi\/wp-json\/wp\/v2\/pages\/3336\/revisions\/4030"}],"wp:attachment":[{"href":"https:\/\/mueckinvest.com\/vi\/wp-json\/wp\/v2\/media?parent=3336"}],"curies":[{"name":"wp","href":"https:\/\/api.w.org\/{rel}","templated":true}]}}