{"id":3208,"date":"2026-01-29T07:01:39","date_gmt":"2026-01-29T06:01:39","guid":{"rendered":"https:\/\/mueckinvest.de\/?page_id=3208"},"modified":"2026-01-29T07:04:20","modified_gmt":"2026-01-29T06:04:20","slug":"etf-cua-thang","status":"publish","type":"page","link":"https:\/\/mueckinvest.com\/vi\/etf-des-monats\/","title":{"rendered":"ETF c\u1ee7a th\u00e1ng"},"content":{"rendered":"<p>M\u1ee5c &quot;ETF c\u1ee7a th\u00e1ng&quot; gi\u1edbi thi\u1ec7u m\u1ed7i th\u00e1ng m\u1ed9t qu\u1ef9 \u0111\u1eb7c bi\u1ec7t th\u00fa v\u1ecb nh\u1edd c\u1ea5u tr\u00fac, ch\u1ee7 \u0111\u1ec1 ho\u1eb7c m\u00f4i tr\u01b0\u1eddng th\u1ecb tr\u01b0\u1eddng c\u1ee7a n\u00f3. S\u1ef1 l\u1ef1a ch\u1ecdn n\u00e0y \u0111\u00f3ng vai tr\u00f2 nh\u01b0 m\u1ed9t h\u01b0\u1edbng d\u1eabn v\u00e0 gi\u00fap hi\u1ec3u r\u00f5 h\u01a1n v\u1ec1 nh\u1eefng di\u1ec5n bi\u1ebfn hi\u1ec7n t\u1ea1i trong th\u1ebf gi\u1edbi ETF.<\/p>\n\n\n\n<div style=\"height:20px\" aria-hidden=\"true\" class=\"wp-block-spacer\"><\/div>\n\n\n\n    <style>\n        .etf-year-select {\n            margin-bottom: 15px;\n        }\n        .etf-year-select select {\n            padding: 6px 10px;\n            font-size: 16px;\n            border-radius: 6px;\n            border: 1px solid #ccc;\n        }\n        @media (prefers-color-scheme: dark) {\n            .etf-year-select select {\n                background: #222;\n                color: #fff;\n                border-color: #555;\n            }\n        }\n        .etf-list {\n            list-style: none;\n            padding-left: 0;\n            margin: 0;\n        }\n        .etf-list li {\n            margin-bottom: 6px;\n        }\n    <\/style>\n    <div class=\"etf-year-select\"><select id=\"etf-year\"><option value=\"2026\" selected>2026<\/option><option value=\"2025\" >2025<\/option><\/select><\/div><ul class=\"etf-list\" id=\"etf-list\"><li data-year=\"2026\">\n                        <a href=\"https:\/\/mueckinvest.com\/vi\/maerz-2026-amundi-msci-robotics-ai-lu1861132840\/\">Th\u00e1ng 3 n\u0103m 2026: Amundi MSCI Robotics &amp; AI (LU1861132840)<\/a>\n                    <\/li><li data-year=\"2026\">\n                        <a href=\"https:\/\/mueckinvest.com\/vi\/februar-2026-lg-gerd-kommer-multifactor-ie0001uqq933\/\">Th\u00e1ng 2 n\u0103m 2026: L&amp;G Gerd Kommer Multifactor (IE0001UQQ933)<\/a>\n                    <\/li><li data-year=\"2026\">\n                        <a href=\"https:\/\/mueckinvest.com\/vi\/januar-2026-ishares-nasdaq-100-ucits-etf\/\">Th\u00e1ng 1 n\u0103m 2026: iShares MSCI North America (IE00B14X4M10)<\/a>\n                    <\/li><li data-year=\"2025\">\n                        <a href=\"https:\/\/mueckinvest.com\/vi\/dezember-2025-ishares-global-inflation-linked-government-bond-ie00b3b8px14\/\">Th\u00e1ng 12 n\u0103m 2025: Tr\u00e1i phi\u1ebfu Ch\u00ednh ph\u1ee7 Li\u00ean k\u1ebft L\u1ea1m ph\u00e1t To\u00e0n c\u1ea7u iShares (IE00B3B8PX14)<\/a>\n                    <\/li><li data-year=\"2025\">\n                        <a href=\"https:\/\/mueckinvest.com\/vi\/november-2025-ishares-msci-world-momentum-ie00bp3qz825\/\">Th\u00e1ng 11 n\u0103m 2025: iShares MSCI World Momentum (IE00BP3QZ825)<\/a>\n                    <\/li><li data-year=\"2025\">\n                        <a href=\"https:\/\/mueckinvest.com\/vi\/oktober-2025-ishares-automation-robotics-ie00byzk4552\/\">Th\u00e1ng 10 n\u0103m 2025: iShares Automation &amp; Robotics (IE00BYZK4552)<\/a>\n                    <\/li><\/ul>\n    <script>\n    document.addEventListener(\"DOMContentLoaded\", function() {\n        const select = document.getElementById(\"etf-year\");\n        const items = document.querySelectorAll(\"#etf-list li\");\n\n        function filter() {\n            const year = select.value;\n            items.forEach(item => {\n                item.style.display = (item.dataset.year === year) ? \"\" : \"none\";\n            });\n        }\n\n        select.addEventListener(\"change\", filter);\n\n        \/\/ Initial filtern\n        filter();\n    });\n    <\/script>","protected":false},"excerpt":{"rendered":"<p>M\u1ee5c &quot;ETF c\u1ee7a th\u00e1ng&quot; gi\u1edbi thi\u1ec7u m\u1ed7i th\u00e1ng m\u1ed9t qu\u1ef9 \u0111\u1eb7c bi\u1ec7t th\u00fa v\u1ecb nh\u1edd c\u1ea5u tr\u00fac, ch\u1ee7 \u0111\u1ec1 ho\u1eb7c m\u00f4i tr\u01b0\u1eddng th\u1ecb tr\u01b0\u1eddng c\u1ee7a n\u00f3. S\u1ef1 l\u1ef1a ch\u1ecdn n\u00e0y \u0111\u00f3ng vai tr\u00f2 nh\u01b0 m\u1ed9t h\u01b0\u1edbng d\u1eabn v\u00e0 gi\u00fap hi\u1ec3u r\u00f5 h\u01a1n v\u1ec1 nh\u1eefng di\u1ec5n bi\u1ebfn hi\u1ec7n t\u1ea1i trong th\u1ebf gi\u1edbi ETF.<\/p>","protected":false},"author":1,"featured_media":0,"parent":0,"menu_order":0,"comment_status":"closed","ping_status":"closed","template":"","meta":{"pmpro_default_level":"","_monsterinsights_skip_tracking":false,"_monsterinsights_sitenote_active":false,"_monsterinsights_sitenote_note":"","_monsterinsights_sitenote_category":0,"footnotes":""},"class_list":["post-3208","page","type-page","status-publish","hentry","pmpro-has-access"],"aioseo_notices":[],"_links":{"self":[{"href":"https:\/\/mueckinvest.com\/vi\/wp-json\/wp\/v2\/pages\/3208","targetHints":{"allow":["GET"]}}],"collection":[{"href":"https:\/\/mueckinvest.com\/vi\/wp-json\/wp\/v2\/pages"}],"about":[{"href":"https:\/\/mueckinvest.com\/vi\/wp-json\/wp\/v2\/types\/page"}],"author":[{"embeddable":true,"href":"https:\/\/mueckinvest.com\/vi\/wp-json\/wp\/v2\/users\/1"}],"replies":[{"embeddable":true,"href":"https:\/\/mueckinvest.com\/vi\/wp-json\/wp\/v2\/comments?post=3208"}],"version-history":[{"count":3,"href":"https:\/\/mueckinvest.com\/vi\/wp-json\/wp\/v2\/pages\/3208\/revisions"}],"predecessor-version":[{"id":3211,"href":"https:\/\/mueckinvest.com\/vi\/wp-json\/wp\/v2\/pages\/3208\/revisions\/3211"}],"wp:attachment":[{"href":"https:\/\/mueckinvest.com\/vi\/wp-json\/wp\/v2\/media?parent=3208"}],"curies":[{"name":"wp","href":"https:\/\/api.w.org\/{rel}","templated":true}]}}