{"id":3039,"date":"2026-01-24T10:08:02","date_gmt":"2026-01-24T09:08:02","guid":{"rendered":"https:\/\/mueckinvest.de\/?page_id=3039"},"modified":"2026-02-26T06:00:00","modified_gmt":"2026-02-26T05:00:00","slug":"rui-ro-phat-hanh","status":"publish","type":"page","link":"https:\/\/mueckinvest.com\/vi\/emittentenrisiko\/","title":{"rendered":"r\u1ee7i ro c\u1ee7a nh\u00e0 ph\u00e1t h\u00e0nh"},"content":{"rendered":"<h2 class=\"wp-block-heading\">\ud83e\udde9 <strong>R\u1ee7i ro c\u1ee7a nh\u00e0 ph\u00e1t h\u00e0nh ngh\u0129a l\u00e0 g\u00ec?<\/strong><\/h2>\n\n\n\n<p>R\u1ee7i ro c\u1ee7a t\u1ed5 ch\u1ee9c ph\u00e1t h\u00e0nh m\u00f4 t\u1ea3 nguy c\u01a1 t\u1ed5 ch\u1ee9c ph\u00e1t h\u00e0nh s\u1ea3n ph\u1ea9m t\u00e0i ch\u00ednh (t\u1ed5 ch\u1ee9c ph\u00e1t h\u00e0nh) kh\u00f4ng c\u00f2n kh\u1ea3 n\u0103ng \u0111\u00e1p \u1ee9ng c\u00e1c ngh\u0129a v\u1ee5 thanh to\u00e1n c\u1ee7a m\u00ecnh \u2013 v\u00ed d\u1ee5, do m\u1ea5t kh\u1ea3 n\u0103ng thanh to\u00e1n ho\u1eb7c kh\u00f3 kh\u0103n t\u00e0i ch\u00ednh. Trong tr\u01b0\u1eddng h\u1ee3p ch\u1ee9ng ch\u1ec9, \u0111i\u1ec1u n\u00e0y c\u00f3 ngh\u0129a l\u00e0: \ud83d\udc49 <strong>Nh\u00e0 \u0111\u1ea7u t\u01b0 l\u00e0 ch\u1ee7 n\u1ee3 c\u1ee7a t\u1ed5 ch\u1ee9c ph\u00e1t h\u00e0nh.<\/strong> N\u1ebfu b\u00ean ph\u00e1t h\u00e0nh kh\u00f4ng th\u1ec3 thanh to\u00e1n, c\u00f3 th\u1ec3 x\u1ea3y ra t\u1ed5n th\u1ea5t m\u1ed9t ph\u1ea7n ho\u1eb7c v\u1ee1 n\u1ee3 to\u00e0n b\u1ed9.<\/p>\n\n\n\n<h2 class=\"wp-block-heading\">\ud83c\udfe6 <strong>R\u1ee7i ro c\u1ee7a nh\u00e0 ph\u00e1t h\u00e0nh x\u1ea3y ra \u1edf \u0111\u00e2u \u2013 v\u00e0 kh\u00f4ng x\u1ea3y ra \u1edf \u0111\u00e2u?<\/strong><\/h2>\n\n\n\n<h3 class=\"wp-block-heading\"><strong>C\u00e1c l\u1ef1a ch\u1ecdn \u0111\u1ea7u t\u01b0 ph\u00f9 h\u1ee3p (c\u00f3 r\u1ee7i ro t\u1eeb ph\u00eda nh\u00e0 ph\u00e1t h\u00e0nh):<\/strong><\/h3>\n\n\n\n<ul class=\"wp-block-list\">\n<li>Ch\u1ee9ng ch\u1ec9 (v\u00ed d\u1ee5: ch\u1ee9ng ch\u1ec9 Wikifolio)<\/li>\n\n\n\n<li>S\u1ea3n ph\u1ea9m c\u00f3 c\u1ea5u tr\u00fac<\/li>\n\n\n\n<li>Tr\u00e1i phi\u1ebfu doanh nghi\u1ec7p<\/li>\n\n\n\n<li>Tr\u00e1i phi\u1ebfu ch\u00ednh ph\u1ee7 (r\u1ee7i ro t\u00edn d\u1ee5ng c\u1ee7a nh\u00e0 n\u01b0\u1edbc)<\/li>\n<\/ul>\n\n\n\n<h3 class=\"wp-block-heading\"><strong>Kh\u00f4ng c\u00f3 r\u1ee7i ro ph\u00e1t h\u00e0nh theo ngh\u0129a th\u00f4ng th\u01b0\u1eddng:<\/strong><\/h3>\n\n\n\n<ul class=\"wp-block-list\">\n<li>Qu\u1ef9 ETF \u2192 <strong>T\u00e0i s\u1ea3n \u0111\u1eb7c bi\u1ec7t<\/strong><\/li>\n\n\n\n<li>Qu\u1ef9 c\u00f4ng \u2192 <strong>T\u00e0i s\u1ea3n \u0111\u1eb7c bi\u1ec7t<\/strong><\/li>\n\n\n\n<li>C\u1ed5 ph\u1ea7n n\u1eafm gi\u1eef tr\u1ef1c ti\u1ebfp \u2192 r\u1ee7i ro cho c\u00f4ng ty, nh\u01b0ng kh\u00f4ng c\u00f3 r\u1ee7i ro cho t\u1ed5 ch\u1ee9c ph\u00e1t h\u00e0nh th\u00f4ng qua b\u00ean ph\u00e1t h\u00e0nh trung gian.<\/li>\n<\/ul>\n\n\n\n<p>\ud83d\udc49 Ch\u1ee9ng ch\u1ec9 Wikifolio r\u00f5 r\u00e0ng thu\u1ed9c lo\u1ea1i \u0111\u1ea7u ti\u00ean.<\/p>\n\n\n\n<h2 class=\"wp-block-heading\">\ud83d\udee1\ufe0f <strong>R\u1ee7i ro ph\u00e1t h\u00e0nh \u0111\u1ed1i v\u1edbi ch\u1ee9ng ch\u1ec9 Wikifolio (Lang &amp; Schwarz)<\/strong><\/h2>\n\n\n\n<p>Ch\u1ee9ng ch\u1ec9 Wikifolio \u0111\u01b0\u1ee3c ph\u00e1t h\u00e0nh b\u1edfi <strong>Lang &amp; Schwarz (L&amp;S)<\/strong> \u0111\u01b0\u1ee3c ph\u00e1t ra. V\u1ec1 m\u1eb7t ph\u00e1p l\u00fd, ch\u00fang l\u00e0 <strong>Tr\u00e1i phi\u1ebfu<\/strong> \u2013 Kh\u00f4ng ph\u1ea3i l\u00e0 m\u1ed9t qu\u1ef9, c\u0169ng kh\u00f4ng ph\u1ea3i l\u00e0 m\u1ed9t t\u00e0i s\u1ea3n \u0111\u1eb7c bi\u1ec7t.<\/p>\n\n\n\n<h3 class=\"wp-block-heading\"><strong>T\u00ednh n\u0103ng \u0111\u1eb7c bi\u1ec7t: Gi\u1ea3i ph\u00e1p th\u1ebf ch\u1ea5p<\/strong><\/h3>\n\n\n\n<p>Wikifolio s\u1eed d\u1ee5ng m\u1ed9t <a href=\"https:\/\/help.wikifolio.com\/article\/86-wie-sicher-sind-investitionen-in-wikifolio-zertifikate\" title=\"\">C\u1ea5u tr\u00fac an ninh<\/a>, \u0111i\u1ec1u n\u00e0y l\u00e0m t\u0103ng nguy c\u01a1 <strong>gi\u1ea3m<\/strong>, nh\u01b0ng kh\u00f4ng ho\u00e0n to\u00e0n b\u1ecb lo\u1ea1i b\u1ecf:<\/p>\n\n\n\n<ul class=\"wp-block-list\">\n<li>L&amp;S cung c\u1ea5p t\u00e0i s\u1ea3n th\u1ebf ch\u1ea5p (v\u1ecb th\u1ebf ph\u00f2ng ng\u1eeba r\u1ee7i ro).<\/li>\n\n\n\n<li>Nh\u1eefng \u0111i\u1ec1u n\u00e0y s\u1ebd <strong>\u0111\u01b0\u1ee3c l\u01b0u tr\u1eef ri\u00eang bi\u1ec7t<\/strong><\/li>\n\n\n\n<li>M\u1ed8T <strong>ng\u01b0\u1eddi \u1ee7y th\u00e1c<\/strong> gi\u00e1m s\u00e1t an ninh<\/li>\n\n\n\n<li>Trong tr\u01b0\u1eddng h\u1ee3p c\u00f3 khi\u1ebfu n\u1ea1i, t\u00e0i s\u1ea3n s\u1ebd \u0111\u01b0\u1ee3c thanh l\u00fd \u0111\u1ec3 mang l\u1ea1i l\u1ee3i \u00edch cho c\u00e1c nh\u00e0 \u0111\u1ea7u t\u01b0.<\/li>\n<\/ul>\n\n\n\n<p>\ud83d\udc49 \u0110i\u1ec1u n\u00e0y gi\u00fap gi\u1ea3m thi\u1ec3u r\u1ee7i ro, nh\u01b0ng kh\u00f4ng thay th\u1ebf c\u00e1c qu\u1ef9 \u0111\u1eb7c bi\u1ec7t.<\/p>\n\n\n\n<h2 class=\"wp-block-heading\">\u26a0\ufe0f <strong>\u0110i\u1ec1u g\u00ec s\u1ebd x\u1ea3y ra trong tr\u01b0\u1eddng h\u1ee3p kh\u1ea9n c\u1ea5p?<\/strong><\/h2>\n\n\n\n<p>N\u1ebfu b\u00ean ph\u00e1t h\u00e0nh v\u1ee1 n\u1ee3, c\u00e1c tr\u01b0\u1eddng h\u1ee3p sau \u0111\u00e2y c\u00f3 th\u1ec3 x\u1ea3y ra:<\/p>\n\n\n\n<ul class=\"wp-block-list\">\n<li><strong>Tr\u1ea3 n\u1ee3 ch\u1eadm<\/strong><\/li>\n\n\n\n<li><strong>Tr\u1ea3 n\u1ee3 m\u1ed9t ph\u1ea7n<\/strong> (v\u00ed d\u1ee5: 90\u201395 % thay v\u00ec 100 %)<\/li>\n\n\n\n<li><strong>Th\u1ea5t b\u1ea1i ho\u00e0n to\u00e0n<\/strong>, n\u1ebfu t\u00e0i s\u1ea3n th\u1ebf ch\u1ea5p kh\u00f4ng \u0111\u1ee7<\/li>\n<\/ul>\n\n\n\n<p>Quy tr\u00ecnh c\u1ea5p ch\u1ee9ng ch\u1ec9 Wikifolio:<\/p>\n\n\n\n<ol start=\"1\" class=\"wp-block-list\">\n<li>Ng\u01b0\u1eddi \u0111\u01b0\u1ee3c \u1ee7y th\u00e1c thu \u0111\u01b0\u1ee3c gi\u00e1 tr\u1ecb c\u1ee7a t\u00e0i s\u1ea3n th\u1ebf ch\u1ea5p.<\/li>\n\n\n\n<li>Ti\u1ec1n thu \u0111\u01b0\u1ee3c s\u1ebd \u0111\u01b0\u1ee3c chia cho nh\u1eefng ng\u01b0\u1eddi s\u1edf h\u1eefu ch\u1ee9ng ch\u1ec9.<\/li>\n\n\n\n<li>C\u00e1c kho\u1ea3n thi\u1ebfu h\u1ee5t tr\u1edf th\u00e0nh y\u00eau c\u1ea7u b\u1ed3i th\u01b0\u1eddng do ph\u00e1 s\u1ea3n.<\/li>\n\n\n\n<li>Nh\u1eefng m\u00f3n n\u00e0y c\u00f3 th\u1ec3 ch\u1ec9 \u0111\u01b0\u1ee3c ph\u1ee5c v\u1ee5 m\u1ed9t ph\u1ea7n.<\/li>\n<\/ol>\n\n\n\n<p>\ud83d\udc49 Nguy c\u01a1 \u0111\u00e3 gi\u1ea3m nh\u01b0ng ch\u01b0a \u0111\u01b0\u1ee3c lo\u1ea1i b\u1ecf ho\u00e0n to\u00e0n.<\/p>\n\n\n\n<h2 class=\"wp-block-heading\">\ud83d\udcca <strong>L\u00e0m th\u1ebf n\u00e0o \u0111\u1ec3 \u0111\u00e1nh gi\u00e1 r\u1ee7i ro c\u1ee7a nh\u00e0 ph\u00e1t h\u00e0nh?<\/strong><\/h2>\n\n\n\n<p>C\u00e1c y\u1ebfu t\u1ed1 quan tr\u1ecdng:<\/p>\n\n\n\n<ul class=\"wp-block-list\">\n<li><strong>X\u1ebfp h\u1ea1ng t\u00edn d\u1ee5ng c\u1ee7a t\u1ed5 ch\u1ee9c ph\u00e1t h\u00e0nh<\/strong><\/li>\n\n\n\n<li><strong>T\u00ednh minh b\u1ea1ch c\u1ee7a c\u1ea5u tr\u00fac an ninh<\/strong><\/li>\n\n\n\n<li><strong>M\u00f4i tr\u01b0\u1eddng ph\u00e1p l\u00fd<\/strong><\/li>\n\n\n\n<li><strong>M\u00f4i tr\u01b0\u1eddng th\u1ecb tr\u01b0\u1eddng v\u00e0 t\u00ednh thanh kho\u1ea3n<\/strong><\/li>\n\n\n\n<li><strong>s\u1ef1 t\u1eadp trung<\/strong>T\u00f4i ph\u1ee5 thu\u1ed9c v\u00e0o b\u00ean ph\u00e1t h\u00e0nh \u0111\u1ebfn m\u1ee9c n\u00e0o?<\/li>\n<\/ul>\n\n\n\n<p>\ud83d\udc49 R\u1ee7i ro c\u1ee7a nh\u00e0 ph\u00e1t h\u00e0nh cu\u1ed1i c\u00f9ng l\u00e0 m\u1ed9t <strong>r\u1ee7i ro t\u00edn d\u1ee5ng<\/strong>.<\/p>\n\n\n\n<h2 class=\"wp-block-heading\">\ud83d\udd27 <strong>L\u00e0m th\u1ebf n\u00e0o \u0111\u1ec3 gi\u1ea3m thi\u1ec3u r\u1ee7i ro cho b\u00ean ph\u00e1t h\u00e0nh?<\/strong><\/h2>\n\n\n\n<ul class=\"wp-block-list\">\n<li><strong>\u0110a d\u1ea1ng h\u00f3a danh m\u1ee5c \u0111\u1ea7u t\u01b0 c\u1ee7a c\u00e1c nh\u00e0 ph\u00e1t h\u00e0nh.<\/strong><\/li>\n\n\n\n<li><strong>Gi\u1edbi h\u1ea1n s\u1ed1 l\u01b0\u1ee3ng ch\u1ee9ng ch\u1ec9<\/strong> trong danh m\u1ee5c \u0111\u1ea7u t\u01b0 t\u1ed5ng th\u1ec3<\/li>\n\n\n\n<li><strong>\u01afu ti\u00ean c\u00e1c c\u1ea5u tr\u00fac trong su\u1ed1t<\/strong><\/li>\n\n\n\n<li><strong>\u0110\u00e1nh gi\u00e1 \u0111\u1ecbnh k\u1ef3<\/strong> m\u00f4i tr\u01b0\u1eddng ph\u00e1t h\u00e0nh<\/li>\n\n\n\n<li><strong>Kh\u00f4ng c\u00f3 s\u1ef1 ph\u00e2n b\u1ed5 tr\u1ecdng l\u01b0\u1ee3ng qu\u00e1 m\u1ee9c cho t\u1eebng ch\u1ee9ng ch\u1ec9.<\/strong><\/li>\n<\/ul>\n\n\n\n<p>V\u1edbi Mueckinvest, b\u1ea1n c\u00f3 th\u1ec3 truy\u1ec1n \u0111\u1ea1t r\u00f5 r\u00e0ng: \ud83d\udc49 R\u1ee7i ro chi\u1ebfn l\u01b0\u1ee3c \u0111\u01b0\u1ee3c qu\u1ea3n l\u00fd ch\u1ee7 \u0111\u1ed9ng \u2013 r\u1ee7i ro c\u1ee7a t\u1ed5 ch\u1ee9c ph\u00e1t h\u00e0nh v\u1eabn t\u1ed3n t\u1ea1i do c\u00e1c l\u00fd do mang t\u00ednh h\u1ec7 th\u1ed1ng.<\/p>\n\n\n\n<h2 class=\"wp-block-heading\">\ud83e\udde0 <strong>R\u1ee7i ro c\u1ee7a t\u1ed5 ch\u1ee9c ph\u00e1t h\u00e0nh \u0111\u01b0\u1ee3c xem x\u00e9t nh\u01b0 th\u1ebf n\u00e0o trong ph\u00e2n t\u00edch t\u1ed5ng th\u1ec3 c\u1ee7a Wikifolio?<\/strong><\/h2>\n\n\n\n<p>M\u1ed9t nh\u00e0 \u0111\u1ea7u t\u01b0 \u0111\u00f3ng g\u00f3p v\u00e0o c\u00e1c ch\u1ee9ng ch\u1ec9 Wikifolio. <strong>hai chi\u1ec1u r\u1ee7i ro<\/strong>:<\/p>\n\n\n\n<h3 class=\"wp-block-heading\">1\ufe0f\u20e3 <strong>R\u1ee7i ro chi\u1ebfn l\u01b0\u1ee3c<\/strong><\/h3>\n\n\n\n<ul class=\"wp-block-list\">\n<li>Bi\u1ebfn \u0111\u1ed9ng th\u1ecb tr\u01b0\u1eddng<\/li>\n\n\n\n<li>Bi\u1ebfn \u0111\u1ed9ng<\/li>\n\n\n\n<li>Nh\u1eefng ph\u00e1n \u0111o\u00e1n sai l\u1ea7m<\/li>\n\n\n\n<li>R\u1ee7i ro v\u1ec1 th\u1eddi gian<\/li>\n<\/ul>\n\n\n\n<h3 class=\"wp-block-heading\">2\ufe0f\u20e3 <strong>r\u1ee7i ro c\u1ee7a nh\u00e0 ph\u00e1t h\u00e0nh<\/strong><\/h3>\n\n\n\n<ul class=\"wp-block-list\">\n<li>R\u1ee7i ro v\u1ee1 n\u1ee3 c\u1ee7a Lang &amp; Schwarz<\/li>\n\n\n\n<li>S\u1ef1 ph\u1ee5 thu\u1ed9c v\u00e0o t\u00e0i s\u1ea3n th\u1ebf ch\u1ea5p<\/li>\n\n\n\n<li>r\u1ee7i ro m\u1ea5t kh\u1ea3 n\u0103ng thanh to\u00e1n<\/li>\n<\/ul>\n\n\n\n<p>\ud83d\udc49 C\u1ea3 hai r\u1ee7i ro \u0111\u1ec1u c\u00f3 hi\u1ec7u qu\u1ea3 <strong>c\u1ea1nh nhau<\/strong> v\u00e0 ph\u1ea3i \u0111\u01b0\u1ee3c \u0111\u00e1nh gi\u00e1 c\u00f9ng nhau.<\/p>\n\n\n\n<h2 class=\"wp-block-heading\">\ud83d\udcd8 <strong>T\u00f3m t\u1eaft ng\u1eafn g\u1ecdn d\u00e0nh cho nh\u00e0 \u0111\u1ea7u t\u01b0<\/strong><\/h2>\n\n\n\n<ul class=\"wp-block-list\">\n<li>Ch\u1ee9ng ch\u1ec9 Wikifolio l\u00e0 <strong>trong su\u1ed1t<\/strong>, Nh\u01b0ng <strong>kh\u00f4ng \u0111\u01b0\u1ee3c b\u1ea3o v\u1ec7 nh\u01b0 t\u00e0i s\u1ea3n \u0111\u1eb7c bi\u1ec7t<\/strong><\/li>\n\n\n\n<li>T\u00e0i s\u1ea3n th\u1ebf ch\u1ea5p l\u00e0m gi\u1ea3m r\u1ee7i ro, nh\u01b0ng kh\u00f4ng lo\u1ea1i b\u1ecf ho\u00e0n to\u00e0n r\u1ee7i ro.<\/li>\n\n\n\n<li>Nh\u00e0 \u0111\u1ea7u t\u01b0 n\u00ean nh\u1eadn th\u1ee9c \u0111\u01b0\u1ee3c r\u1ee7i ro c\u1ee7a t\u1ed5 ch\u1ee9c ph\u00e1t h\u00e0nh. <strong>l\u00ean k\u1ebf ho\u1ea1ch m\u1ed9t c\u00e1ch c\u00f3 \u00fd th\u1ee9c<\/strong><\/li>\n\n\n\n<li>\u0110\u1ed1i v\u1edbi c\u00e1c chi\u1ebfn l\u01b0\u1ee3c d\u00e0i h\u1ea1n, \u0111\u00f3 l\u00e0 m\u1ed9t <strong>th\u00e0nh ph\u1ea7n quan tr\u1ecdng c\u1ee7a \u0111\u00e1nh gi\u00e1 t\u1ed5ng th\u1ec3<\/strong><\/li>\n<\/ul>\n\n\n\n<hr class=\"wp-block-separator has-alpha-channel-opacity\"\/>\n\n\n\n<h3 class=\"wp-block-heading\">\ud83d\udd0e <strong>C\u00e1c \u0111\u00e1nh gi\u00e1 v\u00e0 b\u00ecnh lu\u1eadn th\u1ecb tr\u01b0\u1eddng b\u1ed5 sung<\/strong><\/h3>\n\n\n\n<p>\u0110\u00e1nh gi\u00e1 hi\u1ec7n t\u1ea1i v\u1ec1 c\u00e1c giai \u0111o\u1ea1n th\u1ecb tr\u01b0\u1eddng, r\u1ee7i ro, chi\u1ebfn l\u01b0\u1ee3c v\u00e0 <a href=\"https:\/\/mueckinvest.com\/vi\/can-bang-lai-2\/\" title=\"T\u00e1i c\u00e2n b\u1eb1ng\">T\u00e1i c\u00e2n b\u1eb1ng<\/a>C\u00e1c quy\u1ebft \u0111\u1ecbnh c\u00f3 th\u1ec3 \u0111\u01b0\u1ee3c t\u00ecm th\u1ea5y b\u1ea5t c\u1ee9 l\u00fac n\u00e0o trong m\u1ee5c tin t\u1ee9c. T\u1ea1i \u0111\u00f3, t\u00f4i th\u01b0\u1eddng xuy\u00ean ph\u00e2n t\u00edch c\u00e1c di\u1ec5n bi\u1ebfn c\u00f3 th\u1ec3 \u1ea3nh h\u01b0\u1edfng \u0111\u1ebfn r\u1ee7i ro c\u1ee7a nh\u00e0 ph\u00e1t h\u00e0nh.<\/p>\n\n\n\n<div class=\"wp-block-buttons is-layout-flex wp-block-buttons-is-layout-flex\">\n<div class=\"wp-block-button\"><a class=\"wp-block-button__link wp-element-button\" href=\"https:\/\/mueckinvest.com\/vi\/rui-ro-phat-hanh-voi-chung-chi-wikifolio\/\">\ud83d\udc49 \u0110\u1ebfn ph\u1ea7n \u0111\u00e1nh gi\u00e1<\/a><\/div>\n<\/div>","protected":false},"excerpt":{"rendered":"<p>\ud83e\udde9 Was bedeutet Emittentenrisiko? Das Emittentenrisiko beschreibt die Gefahr, dass der Herausgeber eines Finanzprodukts (der Emittent) seine Zahlungsverpflichtungen nicht mehr erf\u00fcllen kann \u2013 etwa durch Insolvenz oder finanzielle Schieflage. Bei Zertifikaten bedeutet das: \ud83d\udc49 Der Anleger ist Gl\u00e4ubiger des Emittenten. Kann der Emittent nicht zahlen, drohen Teilverluste oder ein Totalausfall. \ud83c\udfe6 Wo tritt Emittentenrisiko auf [&hellip;]<\/p>\n","protected":false},"author":1,"featured_media":0,"parent":0,"menu_order":0,"comment_status":"closed","ping_status":"closed","template":"","meta":{"pmpro_default_level":"","_monsterinsights_skip_tracking":false,"_monsterinsights_sitenote_active":false,"_monsterinsights_sitenote_note":"","_monsterinsights_sitenote_category":0,"footnotes":""},"class_list":["post-3039","page","type-page","status-publish","hentry","pmpro-has-access"],"aioseo_notices":[],"_links":{"self":[{"href":"https:\/\/mueckinvest.com\/vi\/wp-json\/wp\/v2\/pages\/3039","targetHints":{"allow":["GET"]}}],"collection":[{"href":"https:\/\/mueckinvest.com\/vi\/wp-json\/wp\/v2\/pages"}],"about":[{"href":"https:\/\/mueckinvest.com\/vi\/wp-json\/wp\/v2\/types\/page"}],"author":[{"embeddable":true,"href":"https:\/\/mueckinvest.com\/vi\/wp-json\/wp\/v2\/users\/1"}],"replies":[{"embeddable":true,"href":"https:\/\/mueckinvest.com\/vi\/wp-json\/wp\/v2\/comments?post=3039"}],"version-history":[{"count":5,"href":"https:\/\/mueckinvest.com\/vi\/wp-json\/wp\/v2\/pages\/3039\/revisions"}],"predecessor-version":[{"id":3889,"href":"https:\/\/mueckinvest.com\/vi\/wp-json\/wp\/v2\/pages\/3039\/revisions\/3889"}],"wp:attachment":[{"href":"https:\/\/mueckinvest.com\/vi\/wp-json\/wp\/v2\/media?parent=3039"}],"curies":[{"name":"wp","href":"https:\/\/api.w.org\/{rel}","templated":true}]}}