{"id":3,"date":"2025-09-09T17:11:37","date_gmt":"2025-09-09T17:11:37","guid":{"rendered":"https:\/\/mueckinvest.de\/?page_id=3"},"modified":"2026-03-08T19:20:48","modified_gmt":"2026-03-08T18:20:48","slug":"chinh-sach-bao-mat","status":"publish","type":"page","link":"https:\/\/mueckinvest.com\/vi\/privacy-policy\/","title":{"rendered":"Ch\u00ednh s\u00e1ch b\u1ea3o m\u1eadt"},"content":{"rendered":"<h2 class=\"wp-block-heading\"><strong>1. Gi\u1edbi thi\u1ec7u<\/strong><\/h2>\n\n\n\n<p>Ch\u00ednh s\u00e1ch b\u1ea3o m\u1eadt n\u00e0y gi\u1ea3i th\u00edch c\u00e1ch th\u1ee9c mueckinvest.com (sau \u0111\u00e2y g\u1ecdi l\u00e0 &quot;Trang web&quot;) v\u00e0 c\u00e1c \u1ee9ng d\u1ee5ng mueckinvest x\u1eed l\u00fd d\u1eef li\u1ec7u c\u00e1 nh\u00e2n c\u1ee7a kh\u00e1ch truy c\u1eadp (&quot;Ng\u01b0\u1eddi d\u00f9ng&quot;). Vi\u1ec7c b\u1ea3o v\u1ec7 d\u1eef li\u1ec7u c\u1ee7a b\u1ea1n l\u00e0 \u01b0u ti\u00ean h\u00e0ng \u0111\u1ea7u c\u1ee7a ch\u00fang t\u00f4i. T\u1ea5t c\u1ea3 d\u1eef li\u1ec7u \u0111\u01b0\u1ee3c x\u1eed l\u00fd theo Quy \u0111\u1ecbnh chung v\u1ec1 b\u1ea3o v\u1ec7 d\u1eef li\u1ec7u (GDPR) v\u00e0 c\u00e1c lu\u1eadt b\u1ea3o v\u1ec7 d\u1eef li\u1ec7u hi\u1ec7n h\u00e0nh.<\/p>\n\n\n\n<p>C\u01a1 quan gi\u00e1m s\u00e1t c\u00f3 th\u1ea9m quy\u1ec1n: \u1ee6y vi\u00ean Nh\u00e0 n\u01b0\u1edbc v\u1ec1 B\u1ea3o v\u1ec7 D\u1eef li\u1ec7u v\u00e0 T\u1ef1 do Th\u00f4ng tin bang Rhineland-Palatinate \u27a1 <a href=\"https:\/\/www.datenschutz.rlp.de\">https:\/\/www.datenschutz.rlp.de<\/a><\/p>\n\n\n\n<hr class=\"wp-block-separator has-alpha-channel-opacity\"\/>\n\n\n\n<h2 class=\"wp-block-heading\"><strong>2. Quy\u1ec1n c\u1ee7a ng\u01b0\u1eddi d\u00f9ng<\/strong><\/h2>\n\n\n\n<p>Theo GDPR, b\u1ea1n c\u00f3 nh\u1eefng quy\u1ec1n c\u1ee5 th\u1ec3 sau:<\/p>\n\n\n\n<ul class=\"wp-block-list\">\n<li>Th\u00f4ng tin v\u1ec1 d\u1eef li\u1ec7u c\u00e1 nh\u00e2n \u0111\u01b0\u1ee3c l\u01b0u tr\u1eef (\u0110i\u1ec1u 15 GDPR)<\/li>\n\n\n\n<li>S\u1eeda ch\u1eefa d\u1eef li\u1ec7u kh\u00f4ng ch\u00ednh x\u00e1c ho\u1eb7c kh\u00f4ng \u0111\u1ea7y \u0111\u1ee7 (\u0110i\u1ec1u 16 GDPR)<\/li>\n\n\n\n<li>X\u00f3a b\u1ecf (&quot;quy\u1ec1n \u0111\u01b0\u1ee3c l\u00e3ng qu\u00ean&quot;, \u0110i\u1ec1u 17 GDPR)<\/li>\n\n\n\n<li>H\u1ea1n ch\u1ebf x\u1eed l\u00fd d\u1eef li\u1ec7u (\u0110i\u1ec1u 18 GDPR)<\/li>\n\n\n\n<li>Quy\u1ec1n ph\u1ea3n \u0111\u1ed1i vi\u1ec7c x\u1eed l\u00fd d\u1eef li\u1ec7u (\u0110i\u1ec1u 21 GDPR)<\/li>\n\n\n\n<li>T\u00ednh kh\u1ea3 chuy\u1ec3n d\u1eef li\u1ec7u (\u0110i\u1ec1u 20 GDPR)<\/li>\n\n\n\n<li>Quy\u1ec1n khi\u1ebfu n\u1ea1i v\u1edbi c\u01a1 quan gi\u00e1m s\u00e1t (\u0110i\u1ec1u 77 GDPR)<\/li>\n<\/ul>\n\n\n\n<p>\u0110\u1ec3 th\u1ef1c hi\u1ec7n c\u00e1c quy\u1ec1n c\u1ee7a b\u1ea1n, vui l\u00f2ng li\u00ean h\u1ec7 v\u1edbi ch\u00fang t\u00f4i qua email t\u1ea1i: \ud83d\udce7 <strong><a href=\"mailto:kontakt@mueckinvest.de\"><\/a><a href=\"https:\/\/mein.ionos.de\/email-account-details\/mailbox\/17798553002\">contact@mueckinvest.com<\/a><\/strong><\/p>\n\n\n\n<hr class=\"wp-block-separator has-alpha-channel-opacity\"\/>\n\n\n\n<h2 class=\"wp-block-heading\">3. D\u1ecbch v\u1ee5 l\u01b0u tr\u1eef<\/h2>\n\n\n\n<p>\u1ee8ng d\u1ee5ng c\u1ee7a t\u00f4i v\u00e0 c\u00e1c m\u00e1y ch\u1ee7 li\u00ean quan \u0111\u01b0\u1ee3c l\u01b0u tr\u1eef b\u1edfi IONOS SE (Elgendorfer Str. 57, 56410 Montabaur, \u0110\u1ee9c). D\u1eef li\u1ec7u c\u00e1 nh\u00e2n \u0111\u01b0\u1ee3c x\u1eed l\u00fd th\u00f4ng qua \u1ee9ng d\u1ee5ng \u0111\u01b0\u1ee3c l\u01b0u tr\u1eef tr\u00ean m\u00e1y ch\u1ee7 c\u1ee7a IONOS. \u0110i\u1ec1u n\u00e0y bao g\u1ed3m, \u0111\u1eb7c bi\u1ec7t, c\u00e1c t\u1ec7p nh\u1eadt k\u00fd m\u00e1y ch\u1ee7, d\u1eef li\u1ec7u s\u1eed d\u1ee5ng k\u1ef9 thu\u1eadt v\u00e0 d\u1eef li\u1ec7u \u0111\u01b0\u1ee3c t\u1ea1o ra trong qu\u00e1 tr\u00ecnh s\u1eed d\u1ee5ng d\u1ecbch v\u1ee5 c\u1ee7a ch\u00fang t\u00f4i.<\/p>\n\n\n\n<p>Vi\u1ec7c x\u1eed l\u00fd d\u1ef1a tr\u00ean \u0110i\u1ec1u 6(1)(f) GDPR, v\u00ec t\u00f4i c\u00f3 l\u1ee3i \u00edch h\u1ee3p ph\u00e1p trong vi\u1ec7c v\u1eadn h\u00e0nh \u1ee9ng d\u1ee5ng c\u1ee7a ch\u00fang t\u00f4i m\u1ed9t c\u00e1ch an to\u00e0n v\u00e0 \u0111\u00e1ng tin c\u1eady. Trong tr\u01b0\u1eddng h\u1ee3p vi\u1ec7c l\u01b0u tr\u1eef ho\u1eb7c x\u1eed l\u00fd l\u00e0 c\u1ea7n thi\u1ebft \u0111\u1ec3 th\u1ef1c hi\u1ec7n c\u00e1c m\u1ee5c \u0111\u00edch h\u1ee3p \u0111\u1ed3ng, vi\u1ec7c n\u00e0y \u0111\u01b0\u1ee3c th\u1ef1c hi\u1ec7n tr\u00ean c\u01a1 s\u1edf \u0110i\u1ec1u 6(1)(b) GDPR.<\/p>\n\n\n\n<p>Ch\u00fang t\u00f4i c\u00f3 th\u1ecfa thu\u1eadn x\u1eed l\u00fd d\u1eef li\u1ec7u v\u1edbi IONOS theo \u0110i\u1ec1u 28 GDPR, \u0111\u1ea3m b\u1ea3o r\u1eb1ng d\u1eef li\u1ec7u c\u00e1 nh\u00e2n ch\u1ec9 \u0111\u01b0\u1ee3c x\u1eed l\u00fd theo h\u01b0\u1edbng d\u1eabn c\u1ee7a ch\u00fang t\u00f4i v\u00e0 tu\u00e2n th\u1ee7 c\u00e1c y\u00eau c\u1ea7u ph\u00e1p l\u00fd.<\/p>\n\n\n\n<hr class=\"wp-block-separator has-alpha-channel-opacity\"\/>\n\n\n\n<h2 class=\"wp-block-heading\"><strong>4. L\u01b0u tr\u1eef v\u00e0 x\u00f3a<\/strong><\/h2>\n\n\n\n<p>D\u1eef li\u1ec7u c\u00e1 nh\u00e2n ch\u1ec9 \u0111\u01b0\u1ee3c l\u01b0u tr\u1eef trong th\u1eddi gian c\u1ea7n thi\u1ebft \u0111\u1ec3 cung c\u1ea5p d\u1ecbch v\u1ee5, th\u1ef1c hi\u1ec7n c\u00e1c ngh\u0129a v\u1ee5 ph\u00e1p l\u00fd, ho\u1eb7c kh\u1eb3ng \u0111\u1ecbnh hay b\u1ea3o v\u1ec7 c\u00e1c quy\u1ec1n l\u1ee3i h\u1ee3p ph\u00e1p. Khi m\u1ee5c \u0111\u00edch thu th\u1eadp d\u1eef li\u1ec7u kh\u00f4ng c\u00f2n \u00e1p d\u1ee5ng, d\u1eef li\u1ec7u s\u1ebd b\u1ecb x\u00f3a ho\u1eb7c \u1ea9n danh.<\/p>\n\n\n\n<hr class=\"wp-block-separator has-alpha-channel-opacity\"\/>\n\n\n\n<h2 class=\"wp-block-heading\"><strong>5. D\u1eef li\u1ec7u thu th\u1eadp \u0111\u01b0\u1ee3c<\/strong><\/h2>\n\n\n\n<h3 class=\"wp-block-heading\"><strong>a) D\u1eef li\u1ec7u kh\u00f4ng mang t\u00ednh c\u00e1 nh\u00e2n<\/strong><\/h3>\n\n\n\n<p>Khi b\u1ea1n truy c\u1eadp trang web, th\u00f4ng tin k\u1ef9 thu\u1eadt s\u1ebd \u0111\u01b0\u1ee3c t\u1ef1 \u0111\u1ed9ng thu th\u1eadp, v\u00ed d\u1ee5:<\/p>\n\n\n\n<ul class=\"wp-block-list\">\n<li>Lo\u1ea1i v\u00e0 phi\u00ean b\u1ea3n tr\u00ecnh duy\u1ec7t<\/li>\n\n\n\n<li>h\u1ec7 \u0111i\u1ec1u h\u00e0nh<\/li>\n\n\n\n<li>C\u00e0i \u0111\u1eb7t ng\u00f4n ng\u1eef<\/li>\n\n\n\n<li>Ng\u00e0y v\u00e0 gi\u1edd truy c\u1eadp<\/li>\n\n\n\n<li>C\u00e1c trang \u0111\u00e3 truy c\u1eadp v\u00e0 \u0111\u01b0\u1eddng d\u1eabn nh\u1ea5p chu\u1ed9t<\/li>\n<\/ul>\n\n\n\n<p>D\u1eef li\u1ec7u n\u00e0y \u0111\u01b0\u1ee3c l\u01b0u tr\u1eef \u1ea9n danh v\u00e0 ch\u1ec9 \u0111\u01b0\u1ee3c s\u1eed d\u1ee5ng \u0111\u1ec3 c\u1ea3i thi\u1ec7n trang web.<\/p>\n\n\n\n<h3 class=\"wp-block-heading\"><strong>b) D\u1eef li\u1ec7u c\u00e1 nh\u00e2n<\/strong><\/h3>\n\n\n\n<p>Ch\u1ec9 nh\u1eefng d\u1eef li\u1ec7u do b\u1ea1n ch\u1ee7 \u0111\u1ed9ng cung c\u1ea5p m\u1edbi \u0111\u01b0\u1ee3c thu th\u1eadp \u2013 v\u00ed d\u1ee5:<\/p>\n\n\n\n<ul class=\"wp-block-list\">\n<li>\u0110\u1ecba ch\u1ec9 IP<\/li>\n\n\n\n<li>M\u00e3 \u0111\u1ecbnh danh thi\u1ebft b\u1ecb<\/li>\n\n\n\n<li>Th\u00f4ng tin t\u1eeb bi\u1ec3u m\u1eabu li\u00ean h\u1ec7 (t\u00ean, \u0111\u1ecba ch\u1ec9 email, tin nh\u1eafn)<\/li>\n<\/ul>\n\n\n\n<p>D\u1eef li\u1ec7u n\u00e0y s\u1ebd ch\u1ec9 \u0111\u01b0\u1ee3c s\u1eed d\u1ee5ng \u0111\u1ec3 x\u1eed l\u00fd y\u00eau c\u1ea7u c\u1ee7a b\u1ea1n.<\/p>\n\n\n\n<hr class=\"wp-block-separator has-alpha-channel-opacity\"\/>\n\n\n\n<h2 class=\"wp-block-heading\"><strong>6. C\u01a1 s\u1edf ph\u00e1p l\u00fd cho vi\u1ec7c x\u1eed l\u00fd d\u1eef li\u1ec7u<\/strong><\/h2>\n\n\n\n<p>Vi\u1ec7c x\u1eed l\u00fd d\u1eef li\u1ec7u c\u00e1 nh\u00e2n d\u1ef1a tr\u00ean:<\/p>\n\n\n\n<ul class=\"wp-block-list\">\n<li>\u0110i\u1ec1u 6, kho\u1ea3n 1, \u0111i\u1ec3m a GDPR \u2013 S\u1ef1 \u0111\u1ed3ng \u00fd<\/li>\n\n\n\n<li>\u0110i\u1ec1u 6, kho\u1ea3n 1, \u0111i\u1ec3m b GDPR \u2013 Th\u1ef1c hi\u1ec7n h\u1ee3p \u0111\u1ed3ng<\/li>\n\n\n\n<li>\u0110i\u1ec1u 6(1)(c) GDPR \u2013 ngh\u0129a v\u1ee5 ph\u00e1p l\u00fd<\/li>\n\n\n\n<li>\u0110i\u1ec1u 6 kho\u1ea3n 1 \u0111i\u1ec3m f GDPR \u2013 l\u1ee3i \u00edch h\u1ee3p ph\u00e1p (v\u1eadn h\u00e0nh, b\u1ea3o m\u1eadt, t\u1ed1i \u01b0u h\u00f3a)<\/li>\n<\/ul>\n\n\n\n<hr class=\"wp-block-separator has-alpha-channel-opacity\"\/>\n\n\n\n<h2 class=\"wp-block-heading\"><strong>7. S\u1eed d\u1ee5ng v\u00e0 ti\u1ebft l\u1ed9 d\u1eef li\u1ec7u<\/strong><\/h2>\n\n\n\n<p>D\u1eef li\u1ec7u c\u00e1 nh\u00e2n s\u1ebd ch\u1ec9 \u0111\u01b0\u1ee3c s\u1eed d\u1ee5ng cho c\u00e1c m\u1ee5c \u0111\u00edch \u0111\u00e3 n\u00eau. D\u1eef li\u1ec7u s\u1ebd ch\u1ec9 \u0111\u01b0\u1ee3c chia s\u1ebb v\u1edbi b\u00ean th\u1ee9 ba n\u1ebfu:<\/p>\n\n\n\n<ul class=\"wp-block-list\">\n<li>D\u00e0nh cho c\u00e1c nh\u00e0 cung c\u1ea5p d\u1ecbch v\u1ee5 k\u1ef9 thu\u1eadt (l\u01b0u tr\u1eef, ph\u00e2n t\u00edch, b\u1ea3o tr\u00ec) ho\u1ea1t \u0111\u1ed9ng tu\u00e2n th\u1ee7 GDPR.<\/li>\n\n\n\n<li>cho c\u00e1c c\u01a1 quan ch\u1ee9c n\u0103ng, v\u1edbi \u0111i\u1ec1u ki\u1ec7n c\u00f3 ngh\u0129a v\u1ee5 ph\u00e1p l\u00fd.<\/li>\n<\/ul>\n\n\n\n<p>D\u1eef li\u1ec7u c\u1ee7a b\u1ea1n s\u1ebd kh\u00f4ng \u0111\u01b0\u1ee3c chia s\u1ebb cho m\u1ee5c \u0111\u00edch qu\u1ea3ng c\u00e1o ho\u1eb7c l\u1eadp h\u1ed3 s\u01a1 ng\u01b0\u1eddi d\u00f9ng.<\/p>\n\n\n\n<hr class=\"wp-block-separator has-alpha-channel-opacity\"\/>\n\n\n\n<h2 class=\"wp-block-heading\"><strong>8. Cookie v\u00e0 Theo d\u00f5i<\/strong><\/h2>\n\n\n\n<p>Trang web n\u00e0y s\u1eed d\u1ee5ng cookie v\u00e0 c\u00e1c c\u00f4ng ngh\u1ec7 t\u01b0\u01a1ng t\u1ef1 \u0111\u1ec3 cung c\u1ea5p tr\u1ea3i nghi\u1ec7m ng\u01b0\u1eddi d\u00f9ng th\u00e2n thi\u1ec7n v\u00e0 ph\u00e2n t\u00edch d\u1eef li\u1ec7u.<\/p>\n\n\n\n<p>C\u00e1c lo\u1ea1i b\u00e1nh quy:<\/p>\n\n\n\n<ul class=\"wp-block-list\">\n<li>Cookie phi\u00ean<\/li>\n\n\n\n<li>Cookie l\u00e2u d\u00e0i<\/li>\n\n\n\n<li>Cookie c\u1ee7a b\u00ean th\u1ee9 ba<\/li>\n<\/ul>\n\n\n\n<p>Vi\u1ec7c qu\u1ea3n l\u00fd s\u1ef1 \u0111\u1ed3ng \u00fd \u0111\u01b0\u1ee3c th\u1ef1c hi\u1ec7n th\u00f4ng qua <strong>Bi\u1ec3u ng\u1eef b\u00e1nh quy th\u1eadt<\/strong> (devowl.io). Th\u00f4ng tin chi ti\u1ebft h\u01a1n: <a href=\"https:\/\/devowl.io\/de\/rcb\/datenverarbeitung\/\">https:\/\/devowl.io\/de\/rcb\/datenverarbeitung\/<\/a><\/p>\n\n\n\n<hr class=\"wp-block-separator has-alpha-channel-opacity\"\/>\n\n\n\n<h2 class=\"wp-block-heading\"><strong>9. C\u00f4ng c\u1ee5 ph\u00e2n t\u00edch<\/strong><\/h2>\n\n\n\n<h3 class=\"wp-block-heading\"><strong>Ph\u00e2n t\u00edch m\u00e1y c\u00e0y tuy\u1ebft<\/strong><\/h3>\n\n\n\n<p>Snowplow Analytics \u0111\u01b0\u1ee3c s\u1eed d\u1ee5ng \u0111\u1ec3 thu th\u1eadp d\u1eef li\u1ec7u s\u1eed d\u1ee5ng m\u1ed9t c\u00e1ch \u1ea9n danh. Kh\u00f4ng c\u00f3 h\u1ed3 s\u01a1 c\u00e1 nh\u00e2n n\u00e0o \u0111\u01b0\u1ee3c t\u1ea1o ra.<\/p>\n\n\n\n<h3 class=\"wp-block-heading\"><strong>Google Analytics<\/strong><\/h3>\n\n\n\n<p>Google Analytics ch\u1ec9 \u0111\u01b0\u1ee3c s\u1eed d\u1ee5ng khi c\u00f3 s\u1ef1 \u0111\u1ed3ng \u00fd r\u00f5 r\u00e0ng c\u1ee7a b\u1ea1n. Ch\u1ee9c n\u0103ng \u1ea9n danh \u0111\u1ecba ch\u1ec9 IP \u0111\u00e3 \u0111\u01b0\u1ee3c b\u1eadt. D\u1eef li\u1ec7u c\u00f3 th\u1ec3 \u0111\u01b0\u1ee3c chuy\u1ec3n \u0111\u1ebfn Hoa K\u1ef3 (theo c\u00e1c \u0111i\u1ec1u kho\u1ea3n h\u1ee3p \u0111\u1ed3ng ti\u00eau chu\u1ea9n).<\/p>\n\n\n\n<hr class=\"wp-block-separator has-alpha-channel-opacity\"\/>\n\n\n\n<h2 class=\"wp-block-heading\"><strong>10. N\u1ed9i dung v\u00e0 d\u1ecbch v\u1ee5 b\u00ean ngo\u00e0i<\/strong><\/h2>\n\n\n\n<h3 class=\"wp-block-heading\"><strong>Ph\u00f4ng ch\u1eef web c\u1ee7a Google<\/strong><\/h3>\n\n\n\n<p>Ph\u00f4ng ch\u1eef Google Web Fonts \u0111\u01b0\u1ee3c s\u1eed d\u1ee5ng \u0111\u1ec3 hi\u1ec3n th\u1ecb ph\u00f4ng ch\u1eef nh\u1ea5t qu\u00e1n. N\u00ean c\u00e0i \u0111\u1eb7t c\u1ee5c b\u1ed9 \u0111\u1ec3 tr\u00e1nh chuy\u1ec3n d\u1eef li\u1ec7u l\u00ean Google.<\/p>\n\n\n\n<h3 class=\"wp-block-heading\"><strong>Th\u00eam n\u1ed9i dung b\u00ean ngo\u00e0i<\/strong><\/h3>\n\n\n\n<p>N\u1ed9i dung \u0111\u01b0\u1ee3c nh\u00fang (v\u00ed d\u1ee5: video, b\u1ea3n \u0111\u1ed3, b\u00e0i \u0111\u0103ng tr\u00ean m\u1ea1ng x\u00e3 h\u1ed9i) c\u00f3 th\u1ec3 truy\u1ec1n d\u1eef li\u1ec7u \u0111\u1ebfn nh\u00e0 cung c\u1ea5p t\u01b0\u01a1ng \u1ee9ng. Vui l\u00f2ng tham kh\u1ea3o ch\u00ednh s\u00e1ch b\u1ea3o m\u1eadt c\u1ee7a c\u00e1c nh\u00e0 cung c\u1ea5p b\u00ean th\u1ee9 ba n\u00e0y.<\/p>\n\n\n\n<hr class=\"wp-block-separator has-alpha-channel-opacity\"\/>\n\n\n\n<h1 class=\"wp-block-heading\"><strong>11. X\u1eed l\u00fd gi\u1ecdng n\u00f3i, \u0111\u1ecbnh d\u1ea1ng ng\u00e0y th\u00e1ng, ch\u1ee9c n\u0103ng chia s\u1ebb v\u00e0 th\u00f4ng b\u00e1o \u0111\u1ea9y<\/strong><\/h1>\n\n\n\n<h3 class=\"wp-block-heading\"><strong>a) Nh\u1eadn d\u1ea1ng ng\u00f4n ng\u1eef t\u1ef1 \u0111\u1ed9ng v\u00e0 \u0111\u1ecbnh d\u1ea1ng ng\u00e0y th\u00e1ng<\/strong><\/h3>\n\n\n\n<p>Trang web nh\u1eadn bi\u1ebft c\u00e0i \u0111\u1eb7t ng\u00f4n ng\u1eef \u0111\u01b0\u1ee3c tr\u00ecnh duy\u1ec7t truy\u1ec1n t\u1ea3i (ti\u00eau \u0111\u1ec1 Accept-Language) \u0111\u1ec3 t\u1ef1 \u0111\u1ed9ng hi\u1ec3n th\u1ecb n\u1ed9i dung v\u00e0 ng\u00e0y th\u00e1ng b\u1eb1ng ng\u00f4n ng\u1eef ph\u00f9 h\u1ee3p. Th\u00f4ng tin n\u00e0y l\u00e0 <strong>ch\u01b0a \u0111\u01b0\u1ee3c l\u01b0u<\/strong>, Kh\u00f4ng li\u00ean k\u1ebft v\u00e0 kh\u00f4ng \u0111\u01b0\u1ee3c s\u1eed d\u1ee5ng \u0111\u1ec3 l\u1eadp h\u1ed3 s\u01a1. C\u01a1 s\u1edf ph\u00e1p l\u00fd: \u0110i\u1ec1u 6 kho\u1ea3n 1 \u0111i\u1ec3m f GDPR.<\/p>\n\n\n\n<h3 class=\"wp-block-heading\"><strong>b) L\u1ef1a ch\u1ecdn ng\u00f4n ng\u1eef th\u1ee7 c\u00f4ng<\/strong><\/h3>\n\n\n\n<p>Khi s\u1eed d\u1ee5ng c\u00f4ng c\u1ee5 chuy\u1ec3n \u0111\u1ed5i ng\u00f4n ng\u1eef, ng\u00f4n ng\u1eef \u0111\u00e3 ch\u1ecdn s\u1ebd \u0111\u01b0\u1ee3c x\u1eed l\u00fd ho\u00e0n to\u00e0n th\u00f4ng qua URL (v\u00ed d\u1ee5: \/en\/). <strong>Kh\u00f4ng c\u00f3 d\u1eef li\u1ec7u c\u00e1 nh\u00e2n n\u00e0o \u0111\u01b0\u1ee3c l\u01b0u tr\u1eef.<\/strong>. C\u01a1 s\u1edf ph\u00e1p l\u00fd: \u0110i\u1ec1u 6 kho\u1ea3n 1 \u0111i\u1ec3m f GDPR.<\/p>\n\n\n\n<h3 class=\"wp-block-heading\"><strong>c) Ch\u1ee9c n\u0103ng chia s\u1ebb (API Chia s\u1ebb tr\u00ean Web)<\/strong><\/h3>\n\n\n\n<p>Trang web s\u1eed d\u1ee5ng ch\u1ee9c n\u0103ng chia s\u1ebb m\u1eb7c \u0111\u1ecbnh c\u1ee7a tr\u00ecnh duy\u1ec7t. \u0110i\u1ec1u n\u00e0y bao g\u1ed3m... <strong>Kh\u00f4ng c\u00f3 d\u1eef li\u1ec7u n\u00e0o \u0111\u01b0\u1ee3c chuy\u1ec3n giao cho trang web ho\u1eb7c b\u00ean th\u1ee9 ba.<\/strong>. Ch\u1ee9c n\u0103ng n\u00e0y \u0111\u01b0\u1ee3c th\u1ef1c hi\u1ec7n ho\u00e0n to\u00e0n c\u1ee5c b\u1ed9 tr\u00ean thi\u1ebft b\u1ecb. C\u01a1 s\u1edf ph\u00e1p l\u00fd: \u0110i\u1ec1u 6 kho\u1ea3n 1 \u0111i\u1ec3m f GDPR.<\/p>\n\n\n\n<h3 class=\"wp-block-heading\"><strong>d) Th\u00f4ng b\u00e1o \u0111\u1ea9y (ch\u1ec9 c\u00f3 trong \u1ee9ng d\u1ee5ng Mueckinvest)<\/strong><\/h3>\n\n\n\n<p>Th\u00f4ng b\u00e1o \u0111\u1ea9y ch\u1ec9 \u0111\u01b0\u1ee3c g\u1eedi qua <strong>\u1ee8ng d\u1ee5ng Mueckinvest<\/strong> \u0110\u01b0\u1ee3c cung c\u1ea5p tr\u1ef1c ti\u1ebfp, kh\u00f4ng ph\u1ea3i th\u00f4ng qua trang web. Vi\u1ec7c g\u1eedi tin nh\u1eafn \u0111\u01b0\u1ee3c th\u1ef1c hi\u1ec7n b\u1eb1ng Firebase Cloud Messaging (Google Ireland Ltd.).<\/p>\n\n\n\n<p>Th\u00f4ng b\u00e1o \u0111\u1ea9y <strong>ch\u1ec9 khi c\u00f3 s\u1ef1 \u0111\u1ed3ng \u00fd r\u00f5 r\u00e0ng trong \u1ee9ng d\u1ee5ng.<\/strong> \u0110\u00e3 k\u00edch ho\u1ea1t. M\u1ed9t m\u00e3 th\u00f4ng b\u00e1o \u0111\u1ea9y \u1ea9n danh, d\u00e0nh ri\u00eang cho thi\u1ebft b\u1ecb, \u0111\u01b0\u1ee3c t\u1ea1o v\u00e0 truy\u1ec1n \u0111\u1ebfn Firebase. M\u00e3 th\u00f4ng b\u00e1o n\u00e0y ch\u1ec9 \u0111\u01b0\u1ee3c s\u1eed d\u1ee5ng cho m\u1ee5c \u0111\u00edch k\u1ef9 thu\u1eadt l\u00e0 g\u1eedi th\u00f4ng b\u00e1o.<\/p>\n\n\n\n<p>Firebase c\u00f3 th\u1ec3 chuy\u1ec3n d\u1eef li\u1ec7u \u0111\u1ebfn Hoa K\u1ef3. Vi\u1ec7c x\u1eed l\u00fd d\u1eef li\u1ec7u d\u1ef1a tr\u00ean c\u00e1c \u0110i\u1ec1u kho\u1ea3n H\u1ee3p \u0111\u1ed3ng Chu\u1ea9n c\u1ee7a EU.<\/p>\n\n\n\n<p>Th\u00f4ng tin th\u00eam: <a href=\"https:\/\/firebase.google.com\/support\/privacy\">https:\/\/firebase.google.com\/support\/privacy<\/a><\/p>\n\n\n\n<p>C\u01a1 s\u1edf ph\u00e1p l\u00fd: \u0110i\u1ec1u 6 kho\u1ea3n 1 \u0111i\u1ec3m a GDPR (s\u1ef1 \u0111\u1ed3ng \u00fd).<\/p>\n\n\n\n<hr class=\"wp-block-separator has-alpha-channel-opacity\"\/>\n\n\n\n<h2 class=\"wp-block-heading\"><strong>12. S\u1eed d\u1ee5ng Tr\u00ed tu\u1ec7 Nh\u00e2n t\u1ea1o (AI) c\u1ee7a Mueckinvest<\/strong><\/h2>\n\n\n\n<p>Tr\u00ean trang web c\u1ee7a t\u00f4i v\u00e0 trong \u1ee9ng d\u1ee5ng Mueckinvest AI, t\u00f4i cung c\u1ea5p ch\u1ee9c n\u0103ng tr\u00ed tu\u1ec7 nh\u00e2n t\u1ea1o t\u01b0\u01a1ng t\u00e1c (&quot;Mueckinvest AI&quot;). Ng\u01b0\u1eddi d\u00f9ng c\u00f3 th\u1ec3 nh\u1eadp c\u00e2u h\u1ecfi v\u00e0 nh\u1eadn c\u00e2u tr\u1ea3 l\u1eddi t\u1ef1 \u0111\u1ed9ng. AI ch\u1ec9 ph\u1ee5c v\u1ee5 m\u1ee5c \u0111\u00edch cung c\u1ea5p th\u00f4ng tin v\u00e0 gi\u00e1o d\u1ee5c t\u1ed5ng qu\u00e1t v\u00e0 kh\u00f4ng cung c\u1ea5p <strong>\u0110\u00e2y kh\u00f4ng ph\u1ea3i l\u00e0 l\u1eddi khuy\u00ean t\u00e0i ch\u00ednh.<\/strong> dar.<\/p>\n\n\n\n<h2 class=\"wp-block-heading\"><strong>D\u1eef li\u1ec7u n\u00e0o \u0111\u01b0\u1ee3c x\u1eed l\u00fd?<\/strong><\/h2>\n\n\n\n<p>Khi s\u1eed d\u1ee5ng tr\u00ed tu\u1ec7 nh\u00e2n t\u1ea1o (AI), c\u00e1c d\u1eef li\u1ec7u sau s\u1ebd \u0111\u01b0\u1ee3c x\u1eed l\u00fd:<\/p>\n\n\n\n<ul class=\"wp-block-list\">\n<li><strong>\u0110\u1ea7u v\u00e0o c\u1ee7a ng\u01b0\u1eddi d\u00f9ng<\/strong> (C\u00e2u h\u1ecfi ho\u1eb7c tin nh\u1eafn)<\/li>\n\n\n\n<li><strong>si\u00eau d\u1eef li\u1ec7u k\u1ef9 thu\u1eadt<\/strong>, V\u00ed d\u1ee5: th\u1eddi gian y\u00eau c\u1ea7u, th\u00f4ng tin tr\u00ecnh duy\u1ec7t ho\u1eb7c thi\u1ebft b\u1ecb, \u0111\u1ecba ch\u1ec9 IP r\u00fat g\u1ecdn<\/li>\n\n\n\n<li><strong>d\u1eef li\u1ec7u h\u1ec7 th\u1ed1ng n\u1ed9i b\u1ed9<\/strong>, Nh\u1eefng th\u00e0nh ph\u1ea7n n\u00e0y c\u1ea7n thi\u1ebft cho ho\u1ea1t \u0111\u1ed9ng k\u1ef9 thu\u1eadt (v\u00ed d\u1ee5: nh\u1eadt k\u00fd l\u1ed7i, c\u01a1 ch\u1ebf b\u1ea3o m\u1eadt).<\/li>\n<\/ul>\n\n\n\n<p>T\u00f4i y\u00eau c\u1ea7u r\u00f5 r\u00e0ng r\u1eb1ng, <strong>kh\u00f4ng c\u00f3 d\u1eef li\u1ec7u c\u00e1 nh\u00e2n<\/strong> \u0111\u1ec3 nh\u1eadp v\u00e0o \u00f4 nh\u1eadp li\u1ec7u.<\/p>\n\n\n\n<h2 class=\"wp-block-heading\"><strong>\u0110\u00e3 chuy\u1ec3n ti\u1ebfp \u0111\u1ebfn OpenAI (Hoa K\u1ef3)<\/strong><\/h2>\n\n\n\n<p>T\u00f4i s\u1eed d\u1ee5ng d\u1ecbch v\u1ee5 n\u00e0y \u0111\u1ec3 x\u1eed l\u00fd c\u00e1c y\u00eau c\u1ea7u. <strong>OpenAI<\/strong> (OpenAI, LLC, Hoa K\u1ef3). V\u0103n b\u1ea3n \u0111\u01b0\u1ee3c nh\u1eadp s\u1ebd \u0111\u01b0\u1ee3c truy\u1ec1n \u0111\u1ebfn OpenAI \u0111\u1ec3 t\u1ea1o ra ph\u1ea3n h\u1ed3i ph\u00f9 h\u1ee3p.<\/p>\n\n\n\n<p>OpenAI x\u1eed l\u00fd d\u1eef li\u1ec7u ch\u1ec9 v\u1edbi m\u1ee5c \u0111\u00edch cung c\u1ea5p c\u00e2u tr\u1ea3 l\u1eddi v\u00e0 tu\u00e2n th\u1ee7 ch\u00ednh s\u00e1ch b\u1ea3o m\u1eadt ri\u00eang c\u1ee7a m\u00ecnh: <a href=\"https:\/\/openai.com\/policies\/privacy-policy\">https:\/\/openai.com\/policies\/privacy-policy<\/a><\/p>\n\n\n\n<p>T\u00f4i s\u1ebd kh\u00f4ng s\u1eed d\u1ee5ng d\u1eef li\u1ec7u n\u00e0y cho b\u1ea5t k\u1ef3 m\u1ee5c \u0111\u00edch n\u00e0o kh\u00e1c.<\/p>\n\n\n\n<h2 class=\"wp-block-heading\"><strong>C\u01a1 s\u1edf ph\u00e1p l\u00fd cho vi\u1ec7c x\u1eed l\u00fd d\u1eef li\u1ec7u<\/strong><\/h2>\n\n\n\n<p>Qu\u00e1 tr\u00ecnh x\u1eed l\u00fd d\u1ef1a tr\u00ean <strong>\u0110i\u1ec1u 6, \u0111o\u1ea1n 1, \u0111i\u1ec3m f c\u1ee7a GDPR<\/strong>. L\u1ee3i \u00edch ch\u00ednh \u0111\u00e1ng c\u1ee7a t\u00f4i n\u1eb1m \u1edf vi\u1ec7c cung c\u1ea5p cho ng\u01b0\u1eddi d\u00f9ng m\u1ed9t ch\u1ee9c n\u0103ng th\u00f4ng tin hi\u1ec7n \u0111\u1ea1i, hi\u1ec7u qu\u1ea3 v\u00e0 h\u1eefu \u00edch.<\/p>\n\n\n\n<h2 class=\"wp-block-heading\"><strong>Th\u1eddi gian l\u01b0u tr\u1eef<\/strong><\/h2>\n\n\n\n<p>C\u00e1c c\u00e2u h\u1ecfi \u0111\u00e3 nh\u1eadp s\u1ebd ch\u1ec9 \u0111\u01b0\u1ee3c l\u01b0u tr\u1eef trong th\u1eddi gian c\u1ea7n thi\u1ebft cho:<\/p>\n\n\n\n<ul class=\"wp-block-list\">\n<li>\u0111i\u1ec1u kho\u1ea3n k\u1ef9 thu\u1eadt,<\/li>\n\n\n\n<li>s\u1ef1 \u1ed5n \u0111\u1ecbnh c\u1ee7a ch\u1ee9c n\u0103ng,<\/li>\n\n\n\n<li>\u0111\u1ea3m b\u1ea3o ch\u1ea5t l\u01b0\u1ee3ng v\u00e0<\/li>\n\n\n\n<li>s\u1ef1 ph\u00e1t tri\u1ec3n h\u01a1n n\u1eefa c\u1ee7a tr\u00ed tu\u1ec7 nh\u00e2n t\u1ea1o<\/li>\n<\/ul>\n\n\n\n<p>\u0110i\u1ec1u n\u00e0y l\u00e0 b\u1eaft bu\u1ed9c. <strong>l\u01b0u tr\u1eef v\u0129nh vi\u1ec5n d\u1eef li\u1ec7u c\u00e1 nh\u00e2n<\/strong> Vi\u1ec7c \u0111\u00f3 s\u1ebd kh\u00f4ng x\u1ea3y ra.<\/p>\n\n\n\n<h2 class=\"wp-block-heading\"><strong>Kh\u00f4ng c\u00f3 quy\u1ebft \u0111\u1ecbnh t\u1ef1 \u0111\u1ed9ng n\u00e0o theo ngh\u0129a ph\u00e1p l\u00fd.<\/strong><\/h2>\n\n\n\n<p>Tuy nhi\u00ean, tr\u00ed tu\u1ec7 nh\u00e2n t\u1ea1o (AI) t\u1ea1o ra c\u00e1c c\u00e2u tr\u1ea3 l\u1eddi t\u1ef1 \u0111\u1ed9ng. <strong>kh\u00f4ng c\u00f3 quy\u1ebft \u0111\u1ecbnh n\u00e0o c\u00f3 hi\u1ec7u l\u1ef1c ph\u00e1p l\u00fd<\/strong> \u0111\u00e3 g\u1eb7p. N\u00f3 di\u1ec5n ra <strong>kh\u00f4ng c\u00f3 h\u1ed3 s\u01a1<\/strong> thay v\u00ec.<\/p>\n\n\n\n<h2 class=\"wp-block-heading\"><strong>L\u01b0u \u00fd v\u1ec1 tr\u00e1ch nhi\u1ec7m c\u00e1 nh\u00e2n<\/strong><\/h2>\n\n\n\n<p>Tr\u00ed tu\u1ec7 nh\u00e2n t\u1ea1o ch\u1ec9 cung c\u1ea5p th\u00f4ng tin chung. N\u00f3 thay th\u1ebf <strong>Kh\u00f4ng c\u00f3 t\u01b0 v\u1ea5n t\u00e0i ch\u00ednh c\u00e1 nh\u00e2n.<\/strong>, <strong>Kh\u00f4ng t\u01b0 v\u1ea5n thu\u1ebf<\/strong> V\u00e0 <strong>Kh\u00f4ng c\u00f3 t\u01b0 v\u1ea5n ph\u00e1p l\u00fd<\/strong>.<\/p>\n\n\n\n<p>T\u1ea5t c\u1ea3 c\u00e1c quy\u1ebft \u0111\u1ecbnh \u0111\u01b0\u1ee3c \u0111\u01b0a ra d\u1ef1a tr\u00ean th\u00f4ng tin \u0111\u01b0\u1ee3c cung c\u1ea5p \u0111\u1ec1u l\u00e0 <strong>t\u1ef1 ch\u1ecbu tr\u00e1ch nhi\u1ec7m<\/strong> ng\u01b0\u1eddi d\u00f9ng.<\/p>\n\n\n\n<hr class=\"wp-block-separator has-alpha-channel-opacity\"\/>\n\n\n\n<h2 class=\"wp-block-heading\"><strong>13. B\u1ea3o m\u1eadt d\u1eef li\u1ec7u<\/strong><\/h2>\n\n\n\n<p>mueckinvest.de s\u1eed d\u1ee5ng c\u00e1c bi\u1ec7n ph\u00e1p k\u1ef9 thu\u1eadt v\u00e0 t\u1ed5 ch\u1ee9c theo ti\u00eau chu\u1ea9n ng\u00e0nh \u0111\u1ec3 b\u1ea3o v\u1ec7 d\u1eef li\u1ec7u c\u00e1 nh\u00e2n kh\u1ecfi b\u1ecb m\u1ea5t m\u00e1t, l\u1ea1m d\u1ee5ng ho\u1eb7c truy c\u1eadp tr\u00e1i ph\u00e9p. D\u1eef li\u1ec7u nh\u1ea1y c\u1ea3m \u0111\u01b0\u1ee3c truy\u1ec1n t\u1ea3i b\u1eb1ng m\u00e3 h\u00f3a (SSL\/TLS).<\/p>\n\n\n\n<hr class=\"wp-block-separator has-alpha-channel-opacity\"\/>\n\n\n\n<h2 class=\"wp-block-heading\"><strong>14. Ng\u01b0\u1eddi ch\u01b0a th\u00e0nh ni\u00ean<\/strong><\/h2>\n\n\n\n<p>\u01afu \u0111\u00e3i n\u00e0y ch\u1ec9 d\u00e0nh ri\u00eang cho ng\u01b0\u1eddi l\u1edbn. Tr\u1ebb v\u1ecb th\u00e0nh ni\u00ean ch\u1ec9 \u0111\u01b0\u1ee3c ph\u00e9p s\u1eed d\u1ee5ng khi c\u00f3 s\u1ef1 \u0111\u1ed3ng \u00fd c\u1ee7a cha m\u1eb9 ho\u1eb7c ng\u01b0\u1eddi gi\u00e1m h\u1ed9 h\u1ee3p ph\u00e1p.<\/p>\n\n\n\n<hr class=\"wp-block-separator has-alpha-channel-opacity\"\/>\n\n\n\n<h2 class=\"wp-block-heading\"><strong>15. Vi\u1ec7c chuy\u1ec3n d\u1eef li\u1ec7u ra ngo\u00e0i Khu v\u1ef1c Kinh t\u1ebf Ch\u00e2u \u00c2u (EEA)<\/strong><\/h2>\n\n\n\n<p>D\u1eef li\u1ec7u c\u00e1 nh\u00e2n s\u1ebd ch\u1ec9 \u0111\u01b0\u1ee3c chuy\u1ec3n giao cho c\u00e1c qu\u1ed1c gia th\u1ee9 ba n\u1ebfu \u0111\u1ea3m b\u1ea3o \u0111\u01b0\u1ee3c m\u1ee9c \u0111\u1ed9 b\u1ea3o v\u1ec7 d\u1eef li\u1ec7u ph\u00f9 h\u1ee3p theo \u0110i\u1ec1u 45 tr\u1edf \u0111i c\u1ee7a GDPR (v\u00ed d\u1ee5: c\u00e1c \u0111i\u1ec1u kho\u1ea3n h\u1ee3p \u0111\u1ed3ng ti\u00eau chu\u1ea9n c\u1ee7a EU).<\/p>\n\n\n\n<hr class=\"wp-block-separator has-alpha-channel-opacity\"\/>\n\n\n\n<h2 class=\"wp-block-heading\"><strong>16. Nh\u1eefng thay \u0111\u1ed5i \u0111\u1ed1i v\u1edbi Ch\u00ednh s\u00e1ch B\u1ea3o m\u1eadt n\u00e0y<\/strong><\/h2>\n\n\n\n<p>T\u00f4i c\u00f3 quy\u1ec1n s\u1eeda \u0111\u1ed5i ch\u00ednh s\u00e1ch b\u1ea3o m\u1eadt n\u00e0y b\u1ea5t c\u1ee9 l\u00fac n\u00e0o \u0111\u1ec3 ph\u1ea3n \u00e1nh nh\u1eefng thay \u0111\u1ed5i v\u1ec1 ph\u00e1p l\u00fd ho\u1eb7c k\u1ef9 thu\u1eadt. Phi\u00ean b\u1ea3n hi\u1ec7n h\u00e0nh lu\u00f4n c\u00f3 s\u1eb5n tr\u00ean trang web n\u00e0y.<\/p>\n\n\n\n<hr class=\"wp-block-separator has-alpha-channel-opacity\"\/>\n\n\n\n<h2 class=\"wp-block-heading\"><strong>17. Li\u00ean h\u1ec7<\/strong><\/h2>\n\n\n\n<p>M\u1ecdi th\u1eafc m\u1eafc v\u1ec1 b\u1ea3o v\u1ec7 d\u1eef li\u1ec7u, vui l\u00f2ng li\u00ean h\u1ec7: \ud83d\udce7 <strong><strong><a href=\"mailto:kontakt@mueckinvest.de\"><a href=\"https:\/\/mein.ionos.de\/email-account-details\/mailbox\/17798553002\">contact@mueckinvest.com<\/a><\/a><\/strong><\/strong><\/p>\n\n\n\n<hr class=\"wp-block-separator has-alpha-channel-opacity\"\/>\n\n\n\n<p>\ud83d\udca1 <strong>Th\u00f4ng b\u00e1o:<\/strong> C\u00e1c \u0111i\u1ec1u kho\u1ea3n b\u1ea3o v\u1ec7 d\u1eef li\u1ec7u n\u00e0y \u0111\u00e1p \u1ee9ng c\u00e1c ngh\u0129a v\u1ee5 th\u00f4ng tin theo \u0110i\u1ec1u 13 v\u00e0 14 c\u1ee7a GDPR v\u00e0 \u0111\u01b0\u1ee3c thi\u1ebft k\u1ebf ri\u00eang cho m\u1ed9t trang web th\u00f4ng tin t\u00e0i ch\u00ednh t\u01b0 nh\u00e2n, phi t\u01b0 v\u1ea5n nh\u01b0 mueckinvest.de.<\/p>\n\n\n\n<p><\/p>\n\n\n\n<p><strong>T\u00ednh \u0111\u1ebfn th\u00e1ng 3 n\u0103m 2026<\/strong><\/p>","protected":false},"excerpt":{"rendered":"","protected":false},"author":1,"featured_media":0,"parent":0,"menu_order":0,"comment_status":"closed","ping_status":"open","template":"page-no-sidebar","meta":{"pmpro_default_level":"","_monsterinsights_skip_tracking":false,"_monsterinsights_sitenote_active":false,"_monsterinsights_sitenote_note":"","_monsterinsights_sitenote_category":0,"footnotes":""},"class_list":["post-3","page","type-page","status-publish","hentry","pmpro-has-access"],"aioseo_notices":[],"_links":{"self":[{"href":"https:\/\/mueckinvest.com\/vi\/wp-json\/wp\/v2\/pages\/3","targetHints":{"allow":["GET"]}}],"collection":[{"href":"https:\/\/mueckinvest.com\/vi\/wp-json\/wp\/v2\/pages"}],"about":[{"href":"https:\/\/mueckinvest.com\/vi\/wp-json\/wp\/v2\/types\/page"}],"author":[{"embeddable":true,"href":"https:\/\/mueckinvest.com\/vi\/wp-json\/wp\/v2\/users\/1"}],"replies":[{"embeddable":true,"href":"https:\/\/mueckinvest.com\/vi\/wp-json\/wp\/v2\/comments?post=3"}],"version-history":[{"count":6,"href":"https:\/\/mueckinvest.com\/vi\/wp-json\/wp\/v2\/pages\/3\/revisions"}],"predecessor-version":[{"id":3947,"href":"https:\/\/mueckinvest.com\/vi\/wp-json\/wp\/v2\/pages\/3\/revisions\/3947"}],"wp:attachment":[{"href":"https:\/\/mueckinvest.com\/vi\/wp-json\/wp\/v2\/media?parent=3"}],"curies":[{"name":"wp","href":"https:\/\/api.w.org\/{rel}","templated":true}]}}