{"id":2969,"date":"2026-01-23T08:00:00","date_gmt":"2026-01-23T07:00:00","guid":{"rendered":"https:\/\/mueckinvest.de\/?page_id=2969"},"modified":"2026-03-30T10:00:00","modified_gmt":"2026-03-30T08:00:00","slug":"%f0%9f%8c%90-cong-dong-mang-xa-hoi-2","status":"publish","type":"page","link":"https:\/\/mueckinvest.com\/vi\/%f0%9f%8c%90-social-media-community\/","title":{"rendered":"M\u1ea1ng x\u00e3 h\u1ed9i &amp; C\u1ed9ng \u0111\u1ed3ng \ud83c\udf10"},"content":{"rendered":"<h2 class=\"wp-block-heading\">Lu\u00f4n c\u1eadp nh\u1eadt th\u00f4ng tin v\u1ec1 m\u1ecdi di\u1ec5n bi\u1ebfn tr\u00ean t\u1ea5t c\u1ea3 c\u00e1c k\u00eanh.<\/h2>\n\n\n\n<p>\u0110\u1ec3 b\u1ea1n c\u00f3 th\u1ec3 d\u1ec5 d\u00e0ng theo d\u00f5i c\u00e1c ph\u00e2n t\u00edch v\u00e0 c\u1eadp nh\u1eadt c\u1ee7a t\u00f4i \u1edf b\u1ea5t c\u1ee9 \u0111\u00e2u, t\u00f4i c\u0169ng \u0111\u0103ng t\u1ea3i m\u1ed9t s\u1ed1 n\u1ed9i dung ch\u1ecdn l\u1ecdc tr\u00ean c\u00e1c k\u00eanh truy\u1ec1n th\u00f4ng x\u00e3 h\u1ed9i c\u1ee7a m\u00ecnh. <strong>T\u1ea5t c\u1ea3 c\u00e1c b\u00e0i \u0111\u0103ng \u0111\u1ec1u c\u00f3 n\u1ed9i dung ho\u00e0n to\u00e0n tr\u00f9ng kh\u1edbp v\u1edbi nh\u1eefng g\u00ec xu\u1ea5t hi\u1ec7n tr\u00ean trang web n\u00e0y.<\/strong> Kh\u00f4ng c\u00f3 tuy\u00ean b\u1ed1 b\u1ed5 sung, kh\u00f4ng c\u00f3 th\u00f4ng tin kh\u00e1c bi\u1ec7t \u2013 ho\u00e0n to\u00e0n minh b\u1ea1ch.<\/p>\n\n\n\n<div style=\"height:20px\" aria-hidden=\"true\" class=\"wp-block-spacer\"><\/div>\n\n\n\n<hr class=\"wp-block-separator has-alpha-channel-opacity\"\/>\n\n\n\n<div style=\"height:20px\" aria-hidden=\"true\" class=\"wp-block-spacer\"><\/div>\n\n\n\n<h2 class=\"wp-block-heading\">\ud83d\udcf1 K\u00eanh WhatsApp<\/h2>\n\n\n\n<p>Tr\u00ean k\u00eanh WhatsApp c\u1ee7a ch\u00fang t\u00f4i, b\u1ea1n s\u1ebd nh\u1eadn \u0111\u01b0\u1ee3c th\u00f4ng b\u00e1o ng\u1eafn g\u1ecdn v\u1ec1 c\u00e1c b\u00e0i vi\u1ebft m\u1edbi v\u00e0 nh\u1eefng c\u1eadp nh\u1eadt quan tr\u1ecdng. N\u1ed9i dung ho\u00e0n to\u00e0n gi\u1ed1ng v\u1edbi c\u00e1c b\u00e0i \u0111\u0103ng tr\u00ean trang web v\u00e0 ch\u1ec9 nh\u1eb1m m\u1ee5c \u0111\u00edch thu\u1eadn ti\u1ec7n cho b\u1ea1n.<\/p>\n\n\n\n<div class=\"wp-block-buttons is-layout-flex wp-block-buttons-is-layout-flex\">\n<div class=\"wp-block-button\"><a class=\"wp-block-button__link wp-element-button\" href=\"https:\/\/whatsapp.com\/channel\/0029VbAgHt2FnSz8koFrbi3e\">K\u00eanh WhatsApp<\/a><\/div>\n<\/div>\n\n\n\n<div style=\"height:20px\" aria-hidden=\"true\" class=\"wp-block-spacer\"><\/div>\n\n\n\n<hr class=\"wp-block-separator has-alpha-channel-opacity\"\/>\n\n\n\n<div style=\"height:20px\" aria-hidden=\"true\" class=\"wp-block-spacer\"><\/div>\n\n\n\n<h2 class=\"wp-block-heading\">\ud83d\udcf8Instagram<\/h2>\n\n\n\n<p>Tr\u00ean Instagram, b\u1ea1n c\u00f3 th\u1ec3 t\u00ecm th\u1ea5y nh\u1eefng h\u00ecnh \u1ea3nh tr\u00edch d\u1eabn t\u1eeb n\u1ed9i dung tr\u00ean trang web c\u1ee7a t\u00f4i:<\/p>\n\n\n\n<ul class=\"wp-block-list\">\n<li>T\u00f3m t\u1eaft ng\u1eafn g\u1ecdn c\u00e1c b\u00e0i \u0111\u0103ng m\u1edbi<\/li>\n\n\n\n<li>Tham kh\u1ea3o th\u00f4ng tin m\u1edbi \u0111\u01b0\u1ee3c c\u00f4ng b\u1ed1<\/li>\n<\/ul>\n\n\n\n<p>\u0110i\u1ec1u t\u01b0\u01a1ng t\u1ef1 c\u0169ng \u00e1p d\u1ee5ng \u1edf \u0111\u00e2y: <strong>Kh\u00f4ng c\u00f3 th\u00f4ng tin b\u1ed5 sung n\u00e0o kh\u00e1c \u2013 m\u1ecdi th\u1ee9 \u0111\u1ec1u d\u1ef1a tr\u00ean n\u1ed9i dung c\u1ee7a trang web n\u00e0y.<\/strong><\/p>\n\n\n\n<div class=\"wp-block-buttons is-layout-flex wp-block-buttons-is-layout-flex\">\n<div class=\"wp-block-button\"><a class=\"wp-block-button__link wp-element-button\" href=\"https:\/\/www.instagram.com\/mueckinvest\/\">Instagram<\/a><\/div>\n<\/div>\n\n\n\n<div style=\"height:20px\" aria-hidden=\"true\" class=\"wp-block-spacer\"><\/div>\n\n\n\n<hr class=\"wp-block-separator has-alpha-channel-opacity\"\/>\n\n\n\n<div style=\"height:20px\" aria-hidden=\"true\" class=\"wp-block-spacer\"><\/div>\n\n\n\n<h2 class=\"wp-block-heading\">\ud83d\udcd8 Facebook<\/h2>\n\n\n\n<p>Auf Facebook finden Sie ausgew\u00e4hlte Inhalte meiner Website in textorientierter Form:<\/p>\n\n\n\n<ul class=\"wp-block-list\">\n<li>Kurze Hinweise auf neue Beitr\u00e4ge<\/li>\n\n\n\n<li>Kompakte Zusammenfassungen aktueller Ver\u00f6ffentlichungen<\/li>\n\n\n\n<li>Gelegentliche Hervorhebungen wichtiger Themen<\/li>\n<\/ul>\n\n\n\n<p>Auch hier gilt: Es erscheinen ausschlie\u00dflich Inhalte, die auf dieser Website basieren \u2013 ohne zus\u00e4tzliche Informationen.<\/p>\n\n\n\n<div class=\"wp-block-buttons is-layout-flex wp-block-buttons-is-layout-flex\">\n<div class=\"wp-block-button\"><a class=\"wp-block-button__link wp-element-button\" href=\"https:\/\/www.facebook.com\/profile.php?id=61575444270604\">Facebook<\/a><\/div>\n<\/div>\n\n\n\n<div style=\"height:20px\" aria-hidden=\"true\" class=\"wp-block-spacer\"><\/div>\n\n\n\n<hr class=\"wp-block-separator has-alpha-channel-opacity\"\/>\n\n\n\n<div style=\"height:20px\" aria-hidden=\"true\" class=\"wp-block-spacer\"><\/div>\n\n\n\n<h2 class=\"wp-block-heading\">\ud83d\udc26 X (ehemals Twitter)<\/h2>\n\n\n\n<p>Auf X erhalten Sie pr\u00e4gnante, stark verdichtete Ausz\u00fcge meiner Website\u2011Inhalte:<\/p>\n\n\n\n<ul class=\"wp-block-list\">\n<li>Kurze Hinweise auf neue Artikel<\/li>\n\n\n\n<li>Kompakte Kernbotschaften aktueller Ver\u00f6ffentlichungen<\/li>\n\n\n\n<li>Fokus auf Klarheit und Relevanz<\/li>\n<\/ul>\n\n\n\n<p>Wie \u00fcberall: Keine zus\u00e4tzlichen Informationen \u2013 alle Beitr\u00e4ge basieren ausschlie\u00dflich auf den Inhalten dieser Website.<\/p>\n\n\n\n<div class=\"wp-block-buttons is-layout-flex wp-block-buttons-is-layout-flex\">\n<div class=\"wp-block-button\"><a class=\"wp-block-button__link wp-element-button\" href=\"https:\/\/x.com\/mueckinvest\">Zum X Profil<\/a><\/div>\n<\/div>\n\n\n\n<div style=\"height:20px\" aria-hidden=\"true\" class=\"wp-block-spacer\"><\/div>\n\n\n\n<hr class=\"wp-block-separator has-alpha-channel-opacity\"\/>\n\n\n\n<div style=\"height:20px\" aria-hidden=\"true\" class=\"wp-block-spacer\"><\/div>\n\n\n\n<h2 class=\"wp-block-heading\">\ud83d\udcc8 Wikifolio.com<\/h2>\n\n\n\n<p>C\u00e1c Wikifolio c\u1ee7a t\u00f4i cung c\u1ea5p cho b\u1ea1n c\u00e1i nh\u00ecn minh b\u1ea1ch v\u1ec1 vi\u1ec7c tri\u1ec3n khai th\u1ef1c t\u1ebf chi\u1ebfn l\u01b0\u1ee3c c\u1ee7a t\u00f4i. C\u00e1c b\u00ecnh lu\u1eadn v\u00e0 gi\u1ea3i th\u00edch \u1edf \u0111\u00f3 c\u0169ng d\u1ef1a tr\u00ean n\u1ed9i dung b\u1ea1n s\u1ebd t\u00ecm th\u1ea5y tr\u00ean trang web n\u00e0y.<\/p>\n\n\n\n<div class=\"wp-block-buttons is-layout-flex wp-block-buttons-is-layout-flex\">\n<div class=\"wp-block-button\"><a class=\"wp-block-button__link wp-element-button\" href=\"https:\/\/www.wikifolio.com\/de\/de\/p\/mueckinvest?tab=wikifolios\">Wikifolio.com<\/a><\/div>\n<\/div>\n\n\n\n<div style=\"height:20px\" aria-hidden=\"true\" class=\"wp-block-spacer\"><\/div>\n\n\n\n<hr class=\"wp-block-separator has-alpha-channel-opacity\"\/>\n\n\n\n<div style=\"height:20px\" aria-hidden=\"true\" class=\"wp-block-spacer\"><\/div>\n\n\n\n<h2 class=\"wp-block-heading\">\ud83d\udcf1\u1ee8ng d\u1ee5ng Mueckinvest d\u00e0nh cho Android + \u1ee8ng d\u1ee5ng Mueckinvest AI<\/h2>\n\n\n\n<p>T\u1ea1i \u0111\u00e2y b\u1ea1n s\u1ebd t\u00ecm th\u1ea5y t\u1ea5t c\u1ea3 th\u00f4ng tin v\u1ec1 \u1ee9ng d\u1ee5ng Mueckinvest.<\/p>\n\n\n\n<div class=\"wp-block-buttons is-layout-flex wp-block-buttons-is-layout-flex\">\n<div class=\"wp-block-button\"><a class=\"wp-block-button__link wp-element-button\" href=\"https:\/\/mueckinvest.com\/vi\/ung-dung-android\/\">\u1ee8ng d\u1ee5ng Mueckinvest<\/a><\/div>\n\n\n\n<div class=\"wp-block-button\"><a class=\"wp-block-button__link wp-element-button\" href=\"https:\/\/mueckinvest.com\/vi\/ung-dung-mueckinvest-ki\/\">\u1ee8ng d\u1ee5ng AI Mueckinvest<\/a><\/div>\n<\/div>","protected":false},"excerpt":{"rendered":"<p>Immer nah dran auf allen Kan\u00e4len Damit Sie meine Analysen und Updates bequem dort verfolgen k\u00f6nnen, wo Sie m\u00f6chten, ver\u00f6ffentliche ich ausgew\u00e4hlte Inhalte zus\u00e4tzlich auf meinen Social\u2011Media\u2011Kan\u00e4len. Alle Beitr\u00e4ge entsprechen inhaltlich exakt dem, was auch auf dieser Website erscheint. Keine zus\u00e4tzlichen Aussagen, keine abweichenden Informationen \u2013 volle Transparenz. \ud83d\udcf1 WhatsApp\u2011Kanal Im WhatsApp\u2011Kanal erhalten Sie kompakte [&hellip;]<\/p>\n","protected":false},"author":1,"featured_media":0,"parent":0,"menu_order":0,"comment_status":"closed","ping_status":"closed","template":"page-no-sidebar","meta":{"pmpro_default_level":"","_monsterinsights_skip_tracking":false,"_monsterinsights_sitenote_active":false,"_monsterinsights_sitenote_note":"","_monsterinsights_sitenote_category":0,"footnotes":""},"class_list":["post-2969","page","type-page","status-publish","hentry","pmpro-has-access"],"aioseo_notices":[],"_links":{"self":[{"href":"https:\/\/mueckinvest.com\/vi\/wp-json\/wp\/v2\/pages\/2969","targetHints":{"allow":["GET"]}}],"collection":[{"href":"https:\/\/mueckinvest.com\/vi\/wp-json\/wp\/v2\/pages"}],"about":[{"href":"https:\/\/mueckinvest.com\/vi\/wp-json\/wp\/v2\/types\/page"}],"author":[{"embeddable":true,"href":"https:\/\/mueckinvest.com\/vi\/wp-json\/wp\/v2\/users\/1"}],"replies":[{"embeddable":true,"href":"https:\/\/mueckinvest.com\/vi\/wp-json\/wp\/v2\/comments?post=2969"}],"version-history":[{"count":8,"href":"https:\/\/mueckinvest.com\/vi\/wp-json\/wp\/v2\/pages\/2969\/revisions"}],"predecessor-version":[{"id":4299,"href":"https:\/\/mueckinvest.com\/vi\/wp-json\/wp\/v2\/pages\/2969\/revisions\/4299"}],"wp:attachment":[{"href":"https:\/\/mueckinvest.com\/vi\/wp-json\/wp\/v2\/media?parent=2969"}],"curies":[{"name":"wp","href":"https:\/\/api.w.org\/{rel}","templated":true}]}}