{"id":2435,"date":"2026-01-09T07:13:49","date_gmt":"2026-01-09T06:13:49","guid":{"rendered":"https:\/\/mueckinvest.de\/?page_id=2435"},"modified":"2026-02-04T10:00:00","modified_gmt":"2026-02-04T09:00:00","slug":"ung-ho-mueckinvest","status":"publish","type":"page","link":"https:\/\/mueckinvest.com\/vi\/unterstuetze-mueckinvest\/","title":{"rendered":"H\u00e3y \u1ee7ng h\u1ed9 Mueckinvest"},"content":{"rendered":"<p>Mueckinvest l\u00e0 m\u1ed9t n\u1ec1n t\u1ea3ng \u0111\u1ed9c l\u1eadp, kh\u00f4ng c\u00f3 qu\u1ea3ng c\u00e1o v\u00e0 \u0111\u01b0\u1ee3c thi\u1ebft k\u1ebf \u0111\u1ec3 cung c\u1ea5p cho b\u1ea1n c\u00e1i nh\u00ecn t\u1ed5ng quan r\u00f5 r\u00e0ng v\u1ec1 t\u00e0i ch\u00ednh c\u1ee7a m\u00ecnh. N\u1ebfu b\u1ea1n \u0111\u00e1nh gi\u00e1 cao \u00fd t\u01b0\u1edfng c\u1ed1t l\u00f5i c\u1ee7a n\u1ec1n t\u1ea3ng, b\u1ea1n c\u00f3 th\u1ec3 t\u1ef1 nguy\u1ec7n h\u1ed7 tr\u1ee3 s\u1ef1 ph\u00e1t tri\u1ec3n c\u1ee7a n\u00f3 \u2013 b\u1eb1ng kho\u1ea3n \u0111\u00f3ng g\u00f3p m\u1ed9t l\u1ea7n ho\u1eb7c h\u00e0ng th\u00e1ng.<\/p>\n\n\n\n<div style=\"height:20px\" aria-hidden=\"true\" class=\"wp-block-spacer\"><\/div>\n\n\n\n<hr class=\"wp-block-separator has-alpha-channel-opacity\"\/>\n\n\n\n<div style=\"height:20px\" aria-hidden=\"true\" class=\"wp-block-spacer\"><\/div>\n\n\n\n<h2 class=\"wp-block-heading\">T\u1ea1i sao l\u1ea1i c\u00f3 c\u00e1c t\u00f9y ch\u1ecdn h\u1ed7 tr\u1ee3?<\/h2>\n\n\n\n<p>Thay v\u00ec qu\u1ea3ng c\u00e1o hay b\u00e1n d\u1eef li\u1ec7u, Mueckinvest d\u1ef1a v\u00e0o m\u1ed9t m\u00f4 h\u00ecnh \u0111\u01a1n gi\u1ea3n:<br>Nh\u1eefng ai th\u00edch s\u1eed d\u1ee5ng n\u1ec1n t\u1ea3ng n\u00e0y v\u00e0 c\u00f3 kh\u1ea3 n\u0103ng chi tr\u1ea3 \u0111\u1ec1u \u0111\u01b0\u1ee3c hoan ngh\u00eanh h\u1ed7 tr\u1ee3 t\u1ef1 nguy\u1ec7n.<br>\u0110i\u1ec1u n\u00e0y \u0111\u1ea3m b\u1ea3o Mueckinvest duy tr\u00ec t\u00ednh \u0111\u1ed9c l\u1eadp, minh b\u1ea1ch v\u00e0 \u1ed5n \u0111\u1ecbnh l\u00e2u d\u00e0i.<\/p>\n\n\n\n<div style=\"height:20px\" aria-hidden=\"true\" class=\"wp-block-spacer\"><\/div>\n\n\n\n<hr class=\"wp-block-separator has-alpha-channel-opacity\"\/>\n\n\n\n<div style=\"height:20px\" aria-hidden=\"true\" class=\"wp-block-spacer\"><\/div>\n\n\n\n<h2 class=\"wp-block-heading\">H\u1ed7 tr\u1ee3 h\u00e0ng th\u00e1ng<\/h2>\n\n\n\n<p>Kho\u1ea3n \u0111\u00f3ng g\u00f3p h\u00e0ng th\u00e1ng c\u1ee7a b\u1ea1n gi\u00fap t\u00e0i tr\u1ee3 chi ph\u00ed m\u00e1y ch\u1ee7, ph\u00e1t tri\u1ec3n ph\u1ea7n m\u1ec1m v\u00e0 c\u00e1c t\u00ednh n\u0103ng m\u1edbi. Thanh to\u00e1n \u0111\u01b0\u1ee3c x\u1eed l\u00fd t\u1ef1 \u0111\u1ed9ng qua PayPal v\u00e0 c\u00f3 th\u1ec3 h\u1ee7y b\u1ea5t c\u1ee9 l\u00fac n\u00e0o.<\/p>\n\n\n\n<div class=\"wp-block-columns is-layout-flex wp-container-core-columns-is-layout-28f84493 wp-block-columns-is-layout-flex\">\n<div class=\"wp-block-column is-layout-flow wp-block-column-is-layout-flow\" style=\"flex-basis:66.66%\">\n<p><strong>Ng\u01b0\u1eddi \u1ee7ng h\u1ed9 \u2013 2\u20ac\/th\u00e1ng<\/strong><\/p>\n\n\n\n<p>\u0110i\u1ec1u n\u00e0y gi\u00fap Mueckinvest duy tr\u00ec t\u00ednh \u0111\u1ed9c l\u1eadp v\u00e0 kh\u00f4ng b\u1ecb \u1ea3nh h\u01b0\u1edfng b\u1edfi qu\u1ea3ng c\u00e1o.<\/p>\n<\/div>\n\n\n\n<div class=\"wp-block-column is-layout-flow wp-block-column-is-layout-flow\" style=\"flex-basis:33.33%\">\n<div class=\"wp-block-buttons is-layout-flex wp-block-buttons-is-layout-flex\">\n<div class=\"wp-block-button\"><a class=\"wp-block-button__link wp-element-button\" href=\"https:\/\/buy.stripe.com\/00wfZa8Jo8Krfw13ZZ6Na03\">Tr\u1edf th\u00e0nh ng\u01b0\u1eddi \u1ee7ng h\u1ed9<\/a><\/div>\n<\/div>\n<\/div>\n<\/div>\n\n\n\n<div class=\"wp-block-columns is-layout-flex wp-container-core-columns-is-layout-28f84493 wp-block-columns-is-layout-flex\">\n<div class=\"wp-block-column is-layout-flow wp-block-column-is-layout-flow\" style=\"flex-basis:66.66%\">\n<p><strong>Ng\u01b0\u1eddi \u1ee7ng h\u1ed9 cao c\u1ea5p \u2013 5\u20ac\/th\u00e1ng<\/strong><\/p>\n\n\n\n<p>H\u1ed7 tr\u1ee3 ph\u00e1t tri\u1ec3n, l\u01b0u tr\u1eef v\u00e0 c\u00e1c t\u00ednh n\u0103ng m\u1edbi.<\/p>\n<\/div>\n\n\n\n<div class=\"wp-block-column is-layout-flow wp-block-column-is-layout-flow\" style=\"flex-basis:33.33%\">\n<div class=\"wp-block-buttons is-layout-flex wp-block-buttons-is-layout-flex\">\n<div class=\"wp-block-button\"><a class=\"wp-block-button__link wp-element-button\" href=\"https:\/\/buy.stripe.com\/14A5kw3p4e4L6Zv7cb6Na04\">Tr\u1edf th\u00e0nh ng\u01b0\u1eddi \u1ee7ng h\u1ed9 cao c\u1ea5p<\/a><\/div>\n<\/div>\n<\/div>\n<\/div>\n\n\n\n<div class=\"wp-block-columns is-layout-flex wp-container-core-columns-is-layout-28f84493 wp-block-columns-is-layout-flex\">\n<div class=\"wp-block-column is-layout-flow wp-block-column-is-layout-flow\" style=\"flex-basis:66.66%\">\n<p><strong>Nh\u00e0 \u0111\u1ea7u t\u01b0 \u1ee7ng h\u1ed9 \u2013 10\u20ac\/th\u00e1ng<\/strong><\/p>\n\n\n\n<p>T\u00edch c\u1ef1c \u0111\u00f3ng g\u00f3p v\u00e0o t\u01b0\u01a1ng lai c\u1ee7a Mueckinvest.<\/p>\n<\/div>\n\n\n\n<div class=\"wp-block-column is-layout-flow wp-block-column-is-layout-flow\" style=\"flex-basis:33.33%\">\n<div class=\"wp-block-buttons is-layout-flex wp-block-buttons-is-layout-flex\">\n<div class=\"wp-block-button\"><a class=\"wp-block-button__link wp-element-button\" href=\"https:\/\/buy.stripe.com\/00w00c5xc1hZ97D9kj6Na05\">Tr\u1edf th\u00e0nh nh\u00e0 \u0111\u1ea7u t\u01b0 \u1ee7ng h\u1ed9<\/a><\/div>\n<\/div>\n<\/div>\n<\/div>\n\n\n\n<div style=\"height:20px\" aria-hidden=\"true\" class=\"wp-block-spacer\"><\/div>\n\n\n\n<hr class=\"wp-block-separator has-alpha-channel-opacity\"\/>\n\n\n\n<div style=\"height:20px\" aria-hidden=\"true\" class=\"wp-block-spacer\"><\/div>\n\n\n\n<h2 class=\"wp-block-heading\">H\u1ed7 tr\u1ee3 m\u1ed9t l\u1ea7n<\/h2>\n\n\n\n<div class=\"wp-block-columns is-layout-flex wp-container-core-columns-is-layout-28f84493 wp-block-columns-is-layout-flex\">\n<div class=\"wp-block-column is-layout-flow wp-block-column-is-layout-flow\" style=\"flex-basis:66.66%\">\n<p>N\u1ebfu b\u1ea1n kh\u00f4ng mu\u1ed1n \u0111\u0103ng k\u00fd g\u00f3i d\u1ecbch v\u1ee5, b\u1ea1n c\u0169ng c\u00f3 th\u1ec3 \u1ee7ng h\u1ed9 Mueckinvest b\u1eb1ng kho\u1ea3n quy\u00ean g\u00f3p m\u1ed9t l\u1ea7n. B\u1ea1n c\u00f3 th\u1ec3 t\u1ef1 do l\u1ef1a ch\u1ecdn s\u1ed1 ti\u1ec1n.<\/p>\n<\/div>\n\n\n\n<div class=\"wp-block-column is-layout-flow wp-block-column-is-layout-flow\" style=\"flex-basis:33.33%\">\n<div class=\"wp-block-buttons is-layout-flex wp-block-buttons-is-layout-flex\">\n<div class=\"wp-block-button\"><a class=\"wp-block-button__link wp-element-button\" href=\"https:\/\/buy.stripe.com\/fZu4gsbVA0dV3Nj7cb6Na06\">H\u1ed7 tr\u1ee3 m\u1ed9t l\u1ea7n<\/a><\/div>\n<\/div>\n<\/div>\n<\/div>\n\n\n\n<div style=\"height:20px\" aria-hidden=\"true\" class=\"wp-block-spacer\"><\/div>\n\n\n\n<hr class=\"wp-block-separator has-alpha-channel-opacity\"\/>\n\n\n\n<div style=\"height:20px\" aria-hidden=\"true\" class=\"wp-block-spacer\"><\/div>\n\n\n\n<h2 class=\"wp-block-heading\">T\u00ednh minh b\u1ea1ch v\u00e0 ch\u1ea5m d\u1ee9t<\/h2>\n\n\n\n<p>S\u1ef1 \u1ee7ng h\u1ed9 c\u1ee7a b\u1ea1n l\u00e0 t\u1ef1 nguy\u1ec7n v\u00e0 c\u00f3 th\u1ec3 b\u1ecb h\u1ee7y b\u1ecf b\u1ea5t c\u1ee9 l\u00fac n\u00e0o.<br>B\u1ea1n c\u00f3 th\u1ec3 h\u1ee7y c\u00e1c g\u00f3i \u0111\u0103ng k\u00fd h\u00e0ng th\u00e1ng tr\u1ef1c ti\u1ebfp trong t\u00e0i kho\u1ea3n PayPal c\u1ee7a m\u00ecnh.<br>Kh\u00f4ng c\u00f3 \u0111i\u1ec1u ki\u1ec7n ng\u1ea7m n\u00e0o c\u1ea3 \u2013 s\u1ef1 \u0111\u00f3ng g\u00f3p c\u1ee7a b\u1ea1n l\u00e0 l\u1eddi c\u1ea3m \u01a1n d\u00e0nh cho m\u1ed9t n\u1ec1n t\u1ea3ng mang l\u1ea1i gi\u00e1 tr\u1ecb gia t\u0103ng th\u1ef1c s\u1ef1 cho b\u1ea1n.<\/p>","protected":false},"excerpt":{"rendered":"<p>Mueckinvest ist unabh\u00e4ngig, werbefrei und darauf ausgelegt, Ihnen einen klaren \u00dcberblick \u00fcber Ihre Finanzen zu geben. Wenn Sie die Idee dahinter wertvoll finden, k\u00f6nnen Sie die Weiterentwicklung freiwillig unterst\u00fctzen \u2013 einmalig oder monatlich. Warum gibt es Unterst\u00fctzungsm\u00f6glichkeiten? Statt Werbung oder Datenverkauf setzt Mueckinvest auf ein einfaches Modell:Wer die Plattform gerne nutzt und sich das leisten [&hellip;]<\/p>\n","protected":false},"author":1,"featured_media":0,"parent":0,"menu_order":0,"comment_status":"closed","ping_status":"closed","template":"page-no-sidebar","meta":{"pmpro_default_level":"","_monsterinsights_skip_tracking":false,"_monsterinsights_sitenote_active":false,"_monsterinsights_sitenote_note":"","_monsterinsights_sitenote_category":0,"footnotes":""},"class_list":["post-2435","page","type-page","status-publish","hentry","pmpro-has-access"],"aioseo_notices":[],"_links":{"self":[{"href":"https:\/\/mueckinvest.com\/vi\/wp-json\/wp\/v2\/pages\/2435","targetHints":{"allow":["GET"]}}],"collection":[{"href":"https:\/\/mueckinvest.com\/vi\/wp-json\/wp\/v2\/pages"}],"about":[{"href":"https:\/\/mueckinvest.com\/vi\/wp-json\/wp\/v2\/types\/page"}],"author":[{"embeddable":true,"href":"https:\/\/mueckinvest.com\/vi\/wp-json\/wp\/v2\/users\/1"}],"replies":[{"embeddable":true,"href":"https:\/\/mueckinvest.com\/vi\/wp-json\/wp\/v2\/comments?post=2435"}],"version-history":[{"count":9,"href":"https:\/\/mueckinvest.com\/vi\/wp-json\/wp\/v2\/pages\/2435\/revisions"}],"predecessor-version":[{"id":3538,"href":"https:\/\/mueckinvest.com\/vi\/wp-json\/wp\/v2\/pages\/2435\/revisions\/3538"}],"wp:attachment":[{"href":"https:\/\/mueckinvest.com\/vi\/wp-json\/wp\/v2\/media?parent=2435"}],"curies":[{"name":"wp","href":"https:\/\/api.w.org\/{rel}","templated":true}]}}