{"id":3984,"date":"2026-03-13T11:00:00","date_gmt":"2026-03-13T10:00:00","guid":{"rendered":"https:\/\/mueckinvest.com\/?page_id=3984"},"modified":"2026-03-17T17:00:00","modified_gmt":"2026-03-17T16:00:00","slug":"%da%a9%db%81%d8%a7%d9%86%db%8c","status":"publish","type":"page","link":"https:\/\/mueckinvest.com\/ur\/geschichte\/","title":{"rendered":"\u062a\u0627\u0631\u06cc\u062e\u060c \u062a\u0631\u0642\u06cc \u0627\u0648\u0631 \u0631\u0648\u0688 \u0645\u06cc\u067e"},"content":{"rendered":"<p><strong>\u06a9\u06cc\u0648\u06ba \u0645\u06cc\u06ba \u06a9\u06be\u0644 \u06a9\u0631 \u0627\u067e\u0646\u06cc \u062a\u0631\u0642\u06cc \u062f\u06a9\u06be\u0627\u062a\u0627 \u06c1\u0648\u06ba\u06d4<\/strong><\/p>\n\n\n\n<p>\u0645\u06cc\u0631\u06d2 \u0644\u06cc\u06d2 \u0634\u0641\u0627\u0641 \u0637\u0631\u06cc\u0642\u06d2 \u0633\u06d2 \u06cc\u06c1 \u0628\u062a\u0627\u0646\u0627 \u0636\u0631\u0648\u0631\u06cc \u06c1\u06d2 \u06a9\u06c1 Mueckinvest \u0646\u06d2 \u0642\u062f\u0645 \u0628\u06c1 \u0642\u062f\u0645 \u062a\u0631\u0642\u06cc \u06a9\u06cc\u0633\u06d2 \u06a9\u06cc \u06c1\u06d2\u06d4 \u062e\u0627\u0635 \u0637\u0648\u0631 \u067e\u0631 \u0645\u0627\u0644\u06cc\u0627\u062a\u06cc \u0634\u0639\u0628\u06d2 \u0645\u06cc\u06ba\u060c \u0627\u0639\u062a\u0645\u0627\u062f \u0628\u06c1\u062a \u0636\u0631\u0648\u0631\u06cc \u06c1\u06d2 \u2013 \u0627\u0648\u0631 \u0627\u0639\u062a\u0645\u0627\u062f \u062a\u0628 \u0628\u0646\u062a\u0627 \u06c1\u06d2 \u062c\u0628 \u0622\u067e \u06cc\u06c1 \u0633\u0645\u062c\u06be \u0633\u06a9\u06cc\u06ba \u06a9\u06c1 \u067e\u0631\u0648\u0688\u06a9\u0679 \u06a9\u06cc\u0633\u06d2 \u0628\u0646\u062a\u06cc \u06c1\u06d2\u060c \u0628\u0691\u06be\u062a\u06cc \u06c1\u06d2 \u0627\u0648\u0631 \u0628\u06c1\u062a\u0631 \u06c1\u0648\u062a\u06cc \u06c1\u06d2\u06d4 \u0627\u0633\u06cc \u0644\u06cc\u06d2 \u0645\u06cc\u06ba 2025 \u0633\u06d2 \u0627\u067e\u0646\u06d2 \u0633\u0641\u0631 \u06a9\u0648 \u062f\u0633\u062a\u0627\u0648\u06cc\u0632\u06cc \u0634\u06a9\u0644 \u062f\u06d2 \u0631\u06c1\u0627 \u06c1\u0648\u06ba \u0627\u0648\u0631 \u0648\u0627\u0636\u062d \u0637\u0648\u0631 \u067e\u0631 \u062f\u06a9\u06be\u0627 \u0631\u06c1\u0627 \u06c1\u0648\u06ba \u06a9\u06c1 \u0645\u06cc\u06ba \u06a9\u0633 \u0686\u06cc\u0632 \u067e\u0631 \u06a9\u0627\u0645 \u06a9\u0631 \u0631\u06c1\u0627 \u06c1\u0648\u06ba\u060c \u06a9\u06cc\u0627 \u062d\u0627\u0635\u0644 \u06a9\u06cc\u0627 \u062c\u0627 \u0686\u06a9\u0627 \u06c1\u06d2\u060c \u0627\u0648\u0631 \u0627\u06af\u0644\u06d2 \u0627\u0642\u062f\u0627\u0645\u0627\u062a \u06a9\u06cc\u0627 \u06c1\u06cc\u06ba\u06d4.<\/p>\n\n\n\n<details class=\"wp-block-details is-layout-flow wp-block-details-is-layout-flow\"><summary><strong>2025<\/strong><\/summary>\n<h2 class=\"wp-block-heading\">\u0627\u06af\u0633\u062a 2025 - \u062a\u062c\u0632\u06cc\u06c1 \u06a9\u0627 \u0645\u0631\u062d\u0644\u06c1: Wikifolios \u062a\u0648\u062c\u06c1 \u0645\u06cc\u06ba<\/h2>\n\n\n\n<p>Mueckinvest \u06a9\u0627 \u0646\u0642\u0637\u06c1 \u0622\u063a\u0627\u0632\u06d4 \u0627\u0633 \u0645\u0631\u062d\u0644\u06d2 \u06a9\u06d2 \u062f\u0648\u0631\u0627\u0646\u060c \u062a\u0648\u062c\u06c1 Wikifolios \u06a9\u06d2 \u062a\u0641\u0635\u06cc\u0644\u06cc \u062a\u062c\u0632\u06cc\u06c1\u060c \u0633\u0631\u0645\u0627\u06cc\u06c1 \u06a9\u0627\u0631\u06cc \u06a9\u06cc \u062d\u06a9\u0645\u062a \u0639\u0645\u0644\u06cc\u0648\u06ba\u060c \u0627\u0648\u0631 \u0633\u0631\u0645\u0627\u06cc\u06c1 \u06a9\u0627\u0631\u0648\u06ba \u06a9\u06cc \u0639\u0627\u0645 \u063a\u0644\u0637\u06cc\u0648\u06ba \u067e\u0631 \u0645\u0631\u06a9\u0648\u0632 \u062a\u06be\u06cc\u06d4 \u062d\u0627\u0635\u0644 \u06a9\u0631\u062f\u06c1 \u0628\u0635\u06cc\u0631\u062a \u0646\u06d2 \u0627\u06cc\u06a9 \u0648\u0627\u0636\u062d\u060c \u0642\u0627\u0628\u0644 \u0641\u06c1\u0645\u060c \u0627\u0648\u0631 \u0637\u0648\u06cc\u0644 \u0645\u062f\u062a\u06cc \u067e\u0631 \u0645\u0628\u0646\u06cc \u0645\u0627\u0644\u06cc\u0627\u062a\u06cc \u067e\u0644\u06cc\u0679 \u0641\u0627\u0631\u0645 \u06a9\u06d2 \u0628\u0639\u062f \u06a9\u06d2 \u062e\u06cc\u0627\u0644 \u06a9\u06cc \u0628\u0646\u06cc\u0627\u062f \u0628\u0646\u0627\u0626\u06cc\u06d4.<\/p>\n\n\n\n<h2 class=\"wp-block-heading\">\u0627\u06a9\u062a\u0648\u0628\u0631 2025 - \u067e\u06c1\u0644\u06cc \u0648\u06cc\u0628 \u0633\u0627\u0626\u0679 \u0627\u0648\u0631 \u0628\u0631\u0627\u0646\u0688 \u06a9\u06cc \u062a\u0639\u0645\u06cc\u0631<\/h2>\n\n\n\n<p>Mueckinvest \u0648\u06cc\u0628 \u0633\u0627\u0626\u0679 \u06a9\u0627 \u067e\u06c1\u0644\u0627 \u0648\u0631\u0698\u0646 \u0622\u0646 \u0644\u0627\u0626\u0646 \u06c1\u0648 \u06af\u06cc\u0627\u06d4 \u0645\u0642\u0635\u062f \u0645\u0627\u0644\u06cc\u0627\u062a\u06cc \u0645\u0639\u0644\u0648\u0645\u0627\u062a \u06a9\u0648 \u0645\u0646\u0638\u0645 \u0627\u0648\u0631 \u0642\u0627\u0628\u0644 \u0641\u06c1\u0645 \u0627\u0646\u062f\u0627\u0632 \u0645\u06cc\u06ba \u067e\u06cc\u0634 \u06a9\u0631\u0646\u0627 \u062a\u06be\u0627\u06d4 \u0627\u0633\u06cc \u0648\u0642\u062a\u060c \u0628\u0631\u0627\u0646\u0688 \u06a9\u06cc \u0634\u0646\u0627\u062e\u062a \u062a\u06cc\u0627\u0631 \u06a9\u06cc \u06af\u0626\u06cc \u062a\u06be\u06cc: \u0645\u0631\u0635\u0639\u060c \u062d\u0642\u06cc\u0642\u062a \u067e\u0631 \u0645\u0628\u0646\u06cc\u060c \u0627\u0648\u0631 \u0637\u0648\u06cc\u0644 \u0645\u062f\u062a\u06cc \u062a\u0648\u062c\u06c1 \u06a9\u06d2 \u0633\u0627\u062a\u06be\u06d4.<\/p>\n\n\n\n<h2 class=\"wp-block-heading\">\u062f\u0633\u0645\u0628\u0631 2025 - \u0645\u0648\u0636\u0648\u0639\u0627\u062a\u06cc \u06af\u06c1\u0631\u06d2 \u063a\u0648\u0637\u06d2<\/h2>\n\n\n\n<p>\u0645\u0648\u0627\u062f \u067e\u0631 \u06af\u06c1\u0631\u0627 \u06a9\u0627\u0645 \u0634\u0631\u0648\u0639 \u06c1\u0648\u0627\u06d4 \u062c\u0627\u0645\u0639 \u0645\u0646\u0635\u0648\u0628\u06d2 \u0628\u0646\u0627\u0626\u06d2 \u06af\u0626\u06d2\u06d4 <a href=\"https:\/\/mueckinvest.com\/ur\/%da%af%db%81%d8%b1%db%92-%d8%ba%d9%88%d8%b7%db%92-%da%a9%db%92-%d9%85%d9%88%d8%b6%d9%88%d8%b9%d8%a7%d8%aa\/\" title=\"\u0645\u0648\u0636\u0648\u0639\u0627\u062a \u06af\u06c1\u0631\u0627 \u063a\u0648\u0637\u06c1\">\u06af\u06c1\u0631\u06d2 \u063a\u0648\u0637\u06d2<\/a> ETFs\u060c \u062e\u0637\u0631\u06c1\u060c \u062a\u0646\u0648\u0639\u060c, <a href=\"https:\/\/mueckinvest.com\/ur\/%d8%aa%d9%88%d8%a7%d8%b2%d9%86-2\/\" title=\"\u0631\u06cc \u0628\u06cc\u0644\u0646\u0633\u0646\u06af\">\u0631\u06cc \u0628\u06cc\u0644\u0646\u0633\u0646\u06af <\/a>\u0627\u0648\u0631 \u0637\u0648\u06cc\u0644 \u0645\u062f\u062a\u06cc \u0633\u0631\u0645\u0627\u06cc\u06c1 \u06a9\u0627\u0631\u06cc \u06a9\u06cc \u062d\u06a9\u0645\u062a \u0639\u0645\u0644\u06cc\u06d4 \u06cc\u06c1 \u0645\u0648\u0627\u062f \u0628\u0639\u062f \u0645\u06cc\u06ba Mueckinvest AI \u06a9\u0627 \u0639\u0644\u0645\u06cc \u0645\u0631\u06a9\u0632 \u0628\u0646 \u06af\u06cc\u0627\u06d4.<\/p>\n<\/details>\n\n\n\n<details class=\"wp-block-details is-layout-flow wp-block-details-is-layout-flow\"><summary><strong>2026<\/strong><\/summary>\n<h2 class=\"wp-block-heading\">\u062c\u0646\u0648\u0631\u06cc 2026 - \u0627\u06cc\u0646\u0688\u0631\u0627\u0626\u06cc\u0688 \u0627\u06cc\u067e \u06a9\u06cc \u062a\u0631\u0642\u06cc \u06a9\u0627 \u0622\u063a\u0627\u0632<\/h2>\n\n\n\n<p>\u062a\u06a9\u0646\u06cc\u06a9\u06cc \u0639\u0645\u0644 \u062f\u0631\u0622\u0645\u062f \u06a9\u0627 \u0628\u0627\u0636\u0627\u0628\u0637\u06c1 \u0622\u063a\u0627\u0632\u06d4 \u0641\u0646 \u062a\u0639\u0645\u06cc\u0631 \u06a9\u0648 \u062c\u0627\u0646 \u0628\u0648\u062c\u06be \u06a9\u0631 \u062f\u0628\u0644\u06cc \u067e\u062a\u0644\u06cc\u060c \u062a\u0648\u0633\u06cc\u0639 \u067e\u0630\u06cc\u0631 \u0627\u0648\u0631 \u0639\u0627\u0644\u0645\u06cc \u0633\u0637\u062d \u067e\u0631 \u0642\u0627\u0628\u0644 \u0627\u0637\u0644\u0627\u0642 \u06c1\u0648\u0646\u06d2 \u06a9\u06d2 \u0644\u06cc\u06d2 \u0688\u06cc\u0632\u0627\u0626\u0646 \u06a9\u06cc\u0627 \u06af\u06cc\u0627 \u062a\u06be\u0627\u06d4 \u0627\u0628\u062a\u062f\u0627\u0626\u06cc UI \u067e\u0631\u0648\u0679\u0648 \u0679\u0627\u0626\u067e\u0633 \u0627\u0648\u0631 ETF \u0645\u0639\u0644\u0648\u0645\u0627\u062a \u06a9\u06d2 \u0644\u06cc\u06d2 \u0688\u06cc\u0679\u0627 \u0645\u0627\u0688\u0644 \u062a\u06cc\u0627\u0631 \u06a9\u06cc\u0627 \u06af\u06cc\u0627 \u062a\u06be\u0627\u06d4.<\/p>\n\n\n\n<h2 class=\"wp-block-heading\">\u0641\u0631\u0648\u0631\u06cc 2026 - AI \u06a9\u0627 \u0642\u06cc\u0627\u0645<\/h2>\n\n\n\n<p>\u06a9\u0627 \u0622\u063a\u0627\u0632 <a href=\"https:\/\/mueckinvest.com\/ur\/mueckinvest-ki\/\" title=\"Mueckinvest AI\">AI \u0627\u0646\u0636\u0645\u0627\u0645<\/a> \u0639\u0627\u0645 \u062c\u0648\u0627\u0628\u0627\u062a \u06a9\u06cc \u0628\u062c\u0627\u0626\u06d2 \u062d\u0642\u06cc\u0642\u06cc \u0648\u0636\u0627\u062d\u062a\u06cc \u0645\u06c1\u0627\u0631\u062a \u067e\u0631 \u062a\u0648\u062c\u06c1 \u0645\u0631\u06a9\u0648\u0632 \u06a9\u0631\u0646\u06d2 \u06a9\u06d2 \u0633\u0627\u062a\u06be\u06d4 RAG \u067e\u0627\u0626\u067e \u0644\u0627\u0626\u0646\u060c \u0627\u0628\u062a\u062f\u0627\u0626\u06cc \u0633\u0631\u0627\u06cc\u062a\u060c \u0627\u0648\u0631 \u0648\u06cc\u06a9\u0679\u0631 \u0688\u06cc\u0679\u0627 \u0628\u06cc\u0633 \u0688\u06be\u0627\u0646\u0686\u06d2 \u06a9\u06cc \u062a\u0631\u0642\u06cc\u06d4 \u0645\u062a\u0648\u0627\u0632\u06cc \u0637\u0648\u0631 \u067e\u0631\u060c \u0639\u0627\u0644\u0645\u06cc \u062a\u0639\u06cc\u0646\u0627\u062a\u06cc \u06a9\u06d2 \u0644\u06cc\u06d2 \u06a9\u062b\u06cc\u0631 \u0644\u0633\u0627\u0646\u06cc \u0645\u062f\u062f \u06a9\u06d2 \u0644\u06cc\u06d2 \u0645\u0646\u0635\u0648\u0628\u06c1 \u0628\u0646\u062f\u06cc \u0634\u0631\u0648\u0639 \u06c1\u0648\u0626\u06cc\u06d4.<\/p>\n\n\n\n<h2 class=\"wp-block-heading\">17 \u0645\u0627\u0631\u0686 2026 - \u0644\u0627\u0646\u0686 \u0645\u06a9\u0645\u0644 \u06c1\u0648 \u06af\u06cc\u0627 \ud83c\udf0d<\/h2>\n\n\n\n<p>\u0627\u06cc\u0646\u0688\u0631\u0627\u0626\u06cc\u0688 <a href=\"https:\/\/mueckinvest.com\/ur\/%d8%a7%db%8c%d9%86%da%88%d8%b1%d8%a7%d8%a6%db%8c%da%88-%d8%a7%db%8c%d9%be\/\" title=\"Mueckinvest \u0627\u06cc\u067e\">Mueckinvest \u0627\u06cc\u067e<\/a> \u06cc\u06c1 \u0627\u0628 \u0644\u0627\u0626\u06cc\u0648 \u06c1\u06d2\u06d4 \u0628\u06be\u0631\u067e\u0648\u0631 \u062a\u06cc\u0627\u0631\u06cc \u06a9\u06d2 \u0628\u0639\u062f\u060c \u0639\u0627\u0644\u0645\u06cc \u0627\u0646\u0641\u0631\u0627\u0633\u0679\u0631\u06a9\u0686\u0631 \u0627\u067e\u0646\u06cc \u062c\u06af\u06c1 \u067e\u0631 \u06c1\u06d2\u060c \u0633\u0631\u0648\u0631 \u0622\u0633\u0627\u0646\u06cc \u0633\u06d2 \u0686\u0644 \u0631\u06c1\u06d2 \u06c1\u06cc\u06ba\u060c \u0627\u0648\u0631 AI \u067e\u06c1\u0644\u06d2 \u06c1\u06cc \u0645\u0636\u0628\u0648\u0637 \u0646\u062a\u0627\u0626\u062c \u062f\u06d2 \u0631\u06c1\u0627 \u06c1\u06d2\u06d4.<\/p>\n<\/details>\n\n\n\n<details class=\"wp-block-details is-layout-flow wp-block-details-is-layout-flow\"><summary><strong>\u0645\u0646\u0635\u0648\u0628\u06c1 \u0628\u0646\u062f\u06cc \/ \u0631\u0648\u0688 \u0645\u06cc\u067e<\/strong><\/summary>\n<h2 class=\"wp-block-heading\">\u0627\u067e\u0631\u06cc\u0644 - \u062c\u0648\u0646 2026<\/h2>\n\n\n\n<p>\u062a\u0631\u0642\u06cc &quot;Mueckinvest&quot; + &quot;Mueckinvest AI&quot; \u06a9\u06d2 \u0645\u0642\u0627\u0645\u06cc iOS \u0648\u0631\u0698\u0646 \u0633\u06d2 \u0634\u0631\u0648\u0639 \u06c1\u0648\u062a\u06cc \u06c1\u06d2\u06d4 \u0645\u0642\u0635\u062f \u0627\u06cc\u06a9 \u0645\u0633\u062a\u062d\u06a9\u0645\u060c \u062a\u06cc\u0632 \u0627\u0648\u0631 \u0628\u062f\u06cc\u06c1\u06cc \u0627\u06cc\u067e \u06c1\u06d2 \u062c\u0648 \u0645\u0648\u062c\u0648\u062f\u06c1 \u0648\u06cc\u0628 \u0627\u0648\u0631 \u0627\u06cc\u0646\u0688\u0631\u0627\u0626\u06cc\u0688 \u06a9\u06d2 \u062a\u062c\u0631\u0628\u06d2 \u06a9\u06cc \u0645\u06a9\u0645\u0644 \u062a\u06a9\u0645\u06cc\u0644 \u06a9\u0631\u062a\u06cc \u06c1\u06d2\u06d4.<\/p>\n\n\n\n<p>\u0627\u06cc\u0646\u0688\u0631\u0627\u0626\u06cc\u0688 \u0627\u06cc\u067e (&quot;Mueckinvest&quot;) \u06a9\u06d2 \u0633\u0627\u062a\u06be \u0633\u0627\u062a\u06be &quot;Mueckinvest AI&quot; \u0627\u06cc\u067e \u0628\u06be\u06cc \u062c\u0627\u0631\u06cc \u06a9\u06cc \u062c\u0627\u0626\u06d2 \u06af\u06cc\u06d4 \u06cc\u06c1 ETFs\u060c \u0637\u0648\u06cc\u0644 \u0645\u062f\u062a\u06cc \u0633\u0631\u0645\u0627\u06cc\u06c1 \u06a9\u0627\u0631\u06cc\u060c \u0627\u0648\u0631 \u0645\u0627\u0644\u06cc\u0627\u062a\u06cc \u062a\u0639\u0644\u06cc\u0645 \u06a9\u06d2 \u0628\u0627\u0631\u06d2 \u0645\u06cc\u06ba \u0627\u06cc\u06a9 \u062e\u0635\u0648\u0635\u06cc AI \u0686\u06cc\u0679 \u067e\u06cc\u0634 \u06a9\u0631\u062a\u0627 \u06c1\u06d2 \u2013 \u062c\u0648 20 \u0632\u0628\u0627\u0646\u0648\u06ba \u0627\u0648\u0631 \u0628\u06cc\u0646 \u0627\u0644\u0627\u0642\u0648\u0627\u0645\u06cc \u0635\u0627\u0631\u0641\u06cc\u0646 \u06a9\u06d2 \u0644\u06cc\u06d2 \u0645\u0648\u0632\u0648\u06ba \u06c1\u06d2\u06d4.<\/p>\n\n\n\n<h2 class=\"wp-block-heading\">2026 \u06a9\u06d2 \u0622\u062e\u0631 \u062a\u06a9<\/h2>\n\n\n\n<p><strong>\u0641\u0646 \u062a\u0639\u0645\u06cc\u0631 \u06a9\u0627 \u0627\u0633\u062a\u062d\u06a9\u0627\u0645<\/strong>\u0633\u0627\u0644 \u06a9\u06d2 \u0622\u062e\u0631 \u062a\u06a9\u060c Mueckinvest \u06a9\u06cc \u062a\u06a9\u0646\u06cc\u06a9\u06cc \u0628\u0646\u06cc\u0627\u062f \u06a9\u0648 \u0645\u0632\u06cc\u062f \u0645\u0636\u0628\u0648\u0637 \u0628\u0646\u0627\u0646\u06d2 \u067e\u0631 \u062a\u0648\u062c\u06c1 \u062f\u06cc \u062c\u0627\u0626\u06d2 \u06af\u06cc\u06d4 \u0645\u0648\u062c\u0648\u062f\u06c1 \u0633\u0631\u0648\u0631 \u0627\u0648\u0631 \u0688\u06cc\u0679\u0627 \u0628\u06cc\u0633 \u06a9\u06d2 \u0641\u0646 \u062a\u0639\u0645\u06cc\u0631 \u06a9\u0648 \u062d\u0642\u06cc\u0642\u06cc \u062f\u0646\u06cc\u0627 \u06a9\u06d2 \u0635\u0627\u0631\u0641 \u062d\u0627\u0644\u0627\u062a \u06a9\u06d2 \u062a\u062d\u062a \u0645\u0633\u0644\u0633\u0644 \u0645\u0627\u0646\u06cc\u0679\u0631 \u06a9\u06cc\u0627 \u062c\u0627\u0626\u06d2 \u06af\u0627\u060c \u0628\u06c1\u062a\u0631 \u0628\u0646\u0627\u06cc\u0627 \u062c\u0627\u0626\u06d2 \u06af\u0627 \u0627\u0648\u0631 \u062c\u0627\u0646\u0686\u0627 \u062c\u0627\u0626\u06d2 \u06af\u0627\u06d4 \u0645\u0642\u0635\u062f \u062a\u0645\u0627\u0645 \u0628\u06cc\u0646 \u0627\u0644\u0627\u0642\u0648\u0627\u0645\u06cc \u0645\u0646\u0688\u06cc\u0648\u06ba \u06a9\u06d2 \u0644\u06cc\u06d2 \u0645\u0633\u062a\u0642\u0644 \u0637\u0648\u0631 \u067e\u0631 \u0645\u0633\u062a\u062d\u06a9\u0645\u060c \u0642\u0627\u0628\u0644 \u062a\u0648\u0633\u06cc\u0639 \u0627\u0648\u0631 \u0642\u0627\u0628\u0644 \u0627\u0639\u062a\u0645\u0627\u062f \u067e\u0644\u06cc\u0679 \u0641\u0627\u0631\u0645 \u06c1\u06d2\u06d4.<\/p>\n\n\n\n<p><strong>\u062c\u0627\u0631\u06cc \u0628\u06af \u0641\u06a9\u0633\u0646\u06af<\/strong>\u0627\u0641\u0639\u0627\u0644 \u06a9\u06cc \u0628\u0691\u06be\u062a\u06cc \u06c1\u0648\u0626\u06cc \u0631\u06cc\u0646\u062c \u0627\u0648\u0631 \u0627\u0628\u062a\u062f\u0627\u0626\u06cc \u0635\u0627\u0631\u0641 \u06a9\u06d2 \u062a\u0627\u062b\u0631\u0627\u062a \u06a9\u06d2 \u0633\u0627\u062a\u06be\u060c \u0645\u0646\u0638\u0645 \u063a\u0644\u0637\u06cc \u06a9\u0627 \u062a\u062c\u0632\u06cc\u06c1 \u0627\u0628 \u062a\u0648\u062c\u06c1 \u06a9\u0627 \u0645\u0631\u06a9\u0632 \u06c1\u06d2\u06d4 \u0634\u0646\u0627\u062e\u062a \u0634\u062f\u06c1 \u06a9\u06cc\u0691\u06d2 \u0641\u0648\u0631\u06cc \u0637\u0648\u0631 \u067e\u0631 \u0679\u06be\u06cc\u06a9 \u06a9\u06cc\u06d2 \u062c\u0627\u062a\u06d2 \u06c1\u06cc\u06ba\u060c \u0639\u0645\u0644 \u06a9\u0648 \u0628\u06c1\u062a\u0631 \u0628\u0646\u0627\u06cc\u0627 \u062c\u0627\u062a\u0627 \u06c1\u06d2\u060c \u0627\u0648\u0631 \u0627\u06cc\u067e\u0633 \u06a9\u06cc \u0645\u062c\u0645\u0648\u0639\u06cc \u06a9\u0627\u0631\u06a9\u0631\u062f\u06af\u06cc \u0645\u0632\u06cc\u062f \u0628\u06c1\u062a\u0631 \u06c1\u0648\u062a\u06cc \u06c1\u06d2\u06d4.<\/p>\n\n\n\n<p><strong>\u06a9\u0648\u0627\u0644\u0679\u06cc \u0627\u0634\u0648\u0631\u06cc\u0646\u0633 \u0627\u0648\u0631 \u0641\u0627\u0626\u0646 \u0679\u06cc\u0648\u0646\u0646\u06af<\/strong>\u062a\u06a9\u0646\u06cc\u06a9\u06cc \u0627\u06cc\u0688\u062c\u0633\u0679\u0645\u0646\u0679 \u06a9\u06d2 \u0639\u0644\u0627\u0648\u06c1\u060c UI \u062a\u0641\u0635\u06cc\u0644\u0627\u062a\u060c \u0644\u0648\u0688\u0646\u06af \u06a9\u06d2 \u0627\u0648\u0642\u0627\u062a\u060c AI \u0631\u0633\u067e\u0627\u0646\u0633 \u06a9\u0648\u0627\u0644\u0679\u06cc\u060c \u0627\u0648\u0631 \u06a9\u062b\u06cc\u0631 \u0644\u0633\u0627\u0646\u06cc \u0633\u067e\u0648\u0631\u0679 \u06a9\u0648 \u0645\u0633\u0644\u0633\u0644 \u0628\u06c1\u062a\u0631 \u0628\u0646\u0627\u06cc\u0627 \u062c\u0627 \u0631\u06c1\u0627 \u06c1\u06d2\u06d4 \u0633\u0627\u0644 \u06a9\u06d2 \u0622\u062e\u0631 \u062a\u06a9 Mueckinvest \u06a9\u0648 \u0627\u06cc\u06a9 \u0645\u0633\u062a\u062d\u06a9\u0645\u060c \u0622\u0633\u0627\u0646\u06cc \u0633\u06d2 \u06a9\u0627\u0645 \u06a9\u0631\u0646\u06d2 \u0648\u0627\u0644\u06d2\u060c \u0627\u0648\u0631 \u0628\u06cc\u0646 \u0627\u0644\u0627\u0642\u0648\u0627\u0645\u06cc \u0633\u0637\u062d \u067e\u0631 \u0642\u0627\u0628\u0644 \u0627\u0633\u062a\u0639\u0645\u0627\u0644 \u0645\u0627\u0644\u06cc\u0627\u062a\u06cc AI \u067e\u0644\u06cc\u0679 \u0641\u0627\u0631\u0645 \u0645\u06cc\u06ba \u062a\u0628\u062f\u06cc\u0644 \u06a9\u0631\u0646\u06d2 \u067e\u0631 \u062a\u0648\u062c\u06c1 \u0645\u0631\u06a9\u0648\u0632 \u06a9\u06cc \u06af\u0626\u06cc \u06c1\u06d2\u06d4.<\/p>\n<\/details>","protected":false},"excerpt":{"rendered":"<p>Warum ich meine Entwicklung offen zeige F\u00fcr mich ist es wichtig, transparent zu zeigen, wie sich Mueckinvest Schritt f\u00fcr Schritt entwickelt hat. Gerade im Finanzbereich z\u00e4hlt Vertrauen \u2013 und Vertrauen entsteht, wenn man nachvollziehen kann, wie ein Produkt entsteht, w\u00e4chst und sich verbessert. Deshalb dokumentiere ich meinen Weg seit 2025 und zeige klar, woran ich [&hellip;]<\/p>\n","protected":false},"author":1,"featured_media":0,"parent":0,"menu_order":0,"comment_status":"closed","ping_status":"closed","template":"","meta":{"pmpro_default_level":"","_monsterinsights_skip_tracking":false,"_monsterinsights_sitenote_active":false,"_monsterinsights_sitenote_note":"","_monsterinsights_sitenote_category":0,"footnotes":""},"class_list":["post-3984","page","type-page","status-publish","hentry","pmpro-has-access"],"aioseo_notices":[],"_links":{"self":[{"href":"https:\/\/mueckinvest.com\/ur\/wp-json\/wp\/v2\/pages\/3984","targetHints":{"allow":["GET"]}}],"collection":[{"href":"https:\/\/mueckinvest.com\/ur\/wp-json\/wp\/v2\/pages"}],"about":[{"href":"https:\/\/mueckinvest.com\/ur\/wp-json\/wp\/v2\/types\/page"}],"author":[{"embeddable":true,"href":"https:\/\/mueckinvest.com\/ur\/wp-json\/wp\/v2\/users\/1"}],"replies":[{"embeddable":true,"href":"https:\/\/mueckinvest.com\/ur\/wp-json\/wp\/v2\/comments?post=3984"}],"version-history":[{"count":13,"href":"https:\/\/mueckinvest.com\/ur\/wp-json\/wp\/v2\/pages\/3984\/revisions"}],"predecessor-version":[{"id":4021,"href":"https:\/\/mueckinvest.com\/ur\/wp-json\/wp\/v2\/pages\/3984\/revisions\/4021"}],"wp:attachment":[{"href":"https:\/\/mueckinvest.com\/ur\/wp-json\/wp\/v2\/media?parent=3984"}],"curies":[{"name":"wp","href":"https:\/\/api.w.org\/{rel}","templated":true}]}}