{"id":3336,"date":"2026-02-01T22:00:00","date_gmt":"2026-02-01T21:00:00","guid":{"rendered":"https:\/\/mueckinvest.de\/?page_id=3336"},"modified":"2026-03-18T15:17:14","modified_gmt":"2026-03-18T14:17:14","slug":"%d8%a7%d8%b5%d9%88%d9%84-%d9%88%d8%b9%d8%af%db%81","status":"publish","type":"page","link":"https:\/\/mueckinvest.com\/ur\/prinzipien-versprechen\/","title":{"rendered":"\u0627\u0635\u0648\u0644\/ \u0648\u0639\u062f\u06c1"},"content":{"rendered":"<h2 class=\"wp-block-heading\"><strong>\u0645\u06cc\u0631\u06d2 \u0627\u0635\u0648\u0644<\/strong><\/h2>\n\n\n\n<h3 class=\"wp-block-heading\"><strong>\u0645\u06cc\u06ba \u0637\u0648\u06cc\u0644 \u0645\u062f\u062a \u06a9\u06d2 \u0644\u06cc\u06d2 \u0633\u0631\u0645\u0627\u06cc\u06c1 \u06a9\u0627\u0631\u06cc \u06a9\u0631\u062a\u0627 \u06c1\u0648\u06ba\u06d4<\/strong><\/h3>\n\n\n\n<p>\u0645\u06cc\u06ba \u0622\u062c \u06cc\u0627 \u06a9\u0644 \u06a9\u06d2 \u0641\u06cc\u0635\u0644\u06d2 \u0646\u06c1\u06cc\u06ba \u06a9\u0631\u062a\u0627\u060c \u0644\u06cc\u06a9\u0646 \u0627\u06af\u0644\u06cc \u0686\u0646\u062f \u062f\u06c1\u0627\u0626\u06cc\u0648\u06ba \u06a9\u06d2 \u0644\u06cc\u06d2\u06d4.<\/p>\n\n\n\n<h3 class=\"wp-block-heading\"><strong>\u0645\u06cc\u06ba \u067e\u0631\u0633\u06a9\u0648\u0646 \u0631\u06c1\u062a\u0627 \u06c1\u0648\u06ba\u06d4<\/strong><\/h3>\n\n\n\n<p>\u0645\u06cc\u06ba \u0627\u067e\u0646\u06d2 \u0622\u067e \u06a9\u0648 \u0631\u062c\u062d\u0627\u0646\u0627\u062a\u060c \u0633\u0631\u062e\u06cc\u0648\u06ba\u060c \u06cc\u0627 \u0645\u062e\u062a\u0635\u0631 \u0645\u062f\u062a \u06a9\u06d2 \u0634\u0648\u0631 \u0633\u06d2 \u0645\u0634\u063a\u0648\u0644 \u0646\u06c1\u06cc\u06ba \u06c1\u0648\u0646\u06d2 \u062f\u06cc\u062a\u0627\u06d4.<\/p>\n\n\n\n<h3 class=\"wp-block-heading\"><strong>\u0645\u06cc\u06ba \u0686\u06cc\u0632\u0648\u06ba \u06a9\u0648 \u0633\u0627\u062f\u06c1 \u0631\u06a9\u06be\u062a\u0627 \u06c1\u0648\u06ba\u06d4<\/strong><\/h3>\n\n\n\n<p>\u0645\u06cc\u06ba \u0648\u0627\u0636\u062d \u0688\u06be\u0627\u0646\u0686\u06d2\u060c \u0642\u0627\u0628\u0644 \u0641\u06c1\u0645 \u062d\u06a9\u0645\u062a \u0639\u0645\u0644\u06cc\u0648\u06ba \u0627\u0648\u0631 \u0645\u0636\u0628\u0648\u0637 \u0628\u0646\u06cc\u0627\u062f\u0648\u06ba \u067e\u0631 \u062a\u0648\u062c\u06c1 \u0645\u0631\u06a9\u0648\u0632 \u06a9\u0631\u062a\u0627 \u06c1\u0648\u06ba\u06d4.<\/p>\n\n\n\n<hr class=\"wp-block-separator has-alpha-channel-opacity\"\/>\n\n\n\n<h1 class=\"wp-block-heading\">\u2b50 <strong>\u0645\u06cc\u0631\u06d2 \u0627\u0635\u0648\u0644<\/strong><\/h1>\n\n\n\n<h3 class=\"wp-block-heading\"><strong>\u0645\u062c\u06be\u06d2 \u0688\u06cc\u0679\u0627 \u067e\u0631 \u0628\u06be\u0631\u0648\u0633\u06c1 \u06c1\u06d2\u060c \u0627\u062d\u0633\u0627\u0633\u0627\u062a \u067e\u0631 \u0646\u06c1\u06cc\u06ba\u06d4<\/strong><\/h3>\n\n\n\n<p>\u0645\u06cc\u0631\u06d2 \u0641\u06cc\u0635\u0644\u06d2 \u0627\u062d\u0633\u0627\u0633\u0627\u062a \u067e\u0631 \u0646\u06c1\u06cc\u06ba \u062d\u0642\u0627\u0626\u0642 \u067e\u0631 \u0645\u0628\u0646\u06cc \u06c1\u0648\u062a\u06d2 \u06c1\u06cc\u06ba\u06d4.<\/p>\n\n\n\n<h3 class=\"wp-block-heading\"><strong>\u0645\u06cc\u06ba \u062e\u0648\u062f \u0645\u062e\u062a\u0627\u0631 \u0631\u06c1\u0648\u06ba \u06af\u0627\u06d4<\/strong><\/h3>\n\n\n\n<p>\u0645\u06cc\u06ba \u0627\u0634\u062a\u06c1\u0627\u0631\u0627\u062a \u06a9\u06d2 \u0628\u063a\u06cc\u0631\u060c \u06a9\u0645\u06cc\u0634\u0646 \u06a9\u06d2 \u0628\u063a\u06cc\u0631\u060c \u0627\u0648\u0631 \u067e\u0648\u0634\u06cc\u062f\u06c1 \u0645\u0641\u0627\u062f\u0627\u062a \u06a9\u06d2 \u0628\u063a\u06cc\u0631 \u06a9\u0627\u0645 \u06a9\u0631\u062a\u0627 \u06c1\u0648\u06ba\u06d4.<\/p>\n\n\n\n<h3 class=\"wp-block-heading\"><strong>\u0645\u06cc\u06ba \u0648\u0642\u062a \u06a9\u0648 \u0627\u067e\u0646\u06d2 \u0645\u0636\u0628\u0648\u0637 \u0627\u062a\u062d\u0627\u062f\u06cc \u06a9\u06d2 \u0637\u0648\u0631 \u067e\u0631 \u0627\u0633\u062a\u0639\u0645\u0627\u0644 \u06a9\u0631\u062a\u0627 \u06c1\u0648\u06ba\u06d4<\/strong><\/h3>\n\n\n\n<p>\u0645\u06cc\u06ba \u0645\u0631\u06a9\u0628 \u062f\u0644\u0686\u0633\u067e\u06cc \u06a9\u06cc \u0637\u0627\u0642\u062a \u067e\u0631 \u0627\u0646\u062d\u0635\u0627\u0631 \u06a9\u0631\u062a\u0627 \u06c1\u0648\u06ba - \u0648\u0642\u062a \u06cc\u0627 \u0642\u06cc\u0627\u0633 \u0622\u0631\u0627\u0626\u06cc \u067e\u0631 \u0646\u06c1\u06cc\u06ba\u06d4.<\/p>\n\n\n\n<hr class=\"wp-block-separator has-alpha-channel-opacity\"\/>\n\n\n\n<h1 class=\"wp-block-heading\">\u2b50 <strong>\u062c\u0648 \u0645\u06cc\u06ba \u062c\u0627\u0646 \u0628\u0648\u062c\u06be \u06a9\u0631 \u0646\u06c1\u06cc\u06ba \u06a9\u0631\u062a\u0627<\/strong><\/h1>\n\n\n\n<h3 class=\"wp-block-heading\"><strong>\u0645\u06cc\u06ba \u0627\u0646\u0641\u0631\u0627\u062f\u06cc \u0627\u0633\u0679\u0627\u06a9 \u06a9\u06cc \u062a\u062c\u0627\u0648\u06cc\u0632 \u0646\u06c1\u06cc\u06ba \u062f\u06cc\u062a\u0627\u06d4<\/strong><\/h3>\n\n\n\n<p>\u0645\u06cc\u06ba \u062a\u062c\u0632\u06cc\u06c1 \u06a9\u0627\u0631 \u06a9\u0627 \u06a9\u0631\u062f\u0627\u0631 \u0627\u062f\u0627 \u0646\u06c1\u06cc\u06ba \u06a9\u0631 \u0631\u06c1\u0627 \u06c1\u0648\u06ba \u0627\u0648\u0631 \u0645\u06cc\u06ba \u062e\u0631\u06cc\u062f \u0648 \u0641\u0631\u0648\u062e\u062a \u06a9\u06d2 \u0633\u06af\u0646\u0644 \u0646\u06c1\u06cc\u06ba \u062f\u06cc\u062a\u0627 \u06c1\u0648\u06ba\u06d4.<\/p>\n\n\n\n<h3 class=\"wp-block-heading\"><strong>\u0645\u06cc\u06ba \u06a9\u0648\u0626\u06cc \u062a\u062c\u0627\u0631\u062a \u0646\u06c1\u06cc\u06ba \u06a9\u0631\u062a\u0627\u06d4<\/strong><\/h3>\n\n\n\n<p>\u0645\u06cc\u06ba \u0631\u062c\u062d\u0627\u0646\u0627\u062a\u060c \u0645\u06cc\u0645 \u0627\u0633\u0679\u0627\u06a9\u0633\u060c \u06cc\u0627 \u0642\u0644\u06cc\u0644 \u0645\u062f\u062a\u06cc \u0641\u0648\u0627\u0626\u062f \u06a9\u0627 \u067e\u06cc\u0686\u06be\u0627 \u0646\u06c1\u06cc\u06ba \u06a9\u0631\u062a\u0627 \u06c1\u0648\u06ba\u06d4.<\/p>\n\n\n\n<h3 class=\"wp-block-heading\"><strong>\u0645\u06cc\u06ba \u0648\u0639\u062f\u06c1 \u06a9\u0631\u062a\u0627 \u06c1\u0648\u06ba \u06a9\u06c1 \u06a9\u0648\u0626\u06cc \u0634\u0627\u0631\u0679 \u06a9\u0679 \u0646\u06c1\u06cc\u06ba \u06c1\u06d2\u06d4<\/strong><\/h3>\n\n\n\n<p>\u0645\u06cc\u06ba \u0630\u06c1\u0646\u06cc\u062a \u06a9\u06d2 \u0645\u0639\u062c\u0632\u0627\u062a\u060c \u062d\u0648\u0635\u0644\u06c1 \u0627\u0641\u0632\u0627 \u0637\u0646\u0632\u060c \u06cc\u0627 \u0648\u06c1\u0645 \u0646\u06c1\u06cc\u06ba \u0628\u06cc\u0686\u062a\u0627 \u06c1\u0648\u06ba\u06d4.<\/p>\n\n\n\n<h3 class=\"wp-block-heading\"><strong>\u0645\u06cc\u06ba \u0627\u0634\u062a\u06c1\u0627\u0631 \u0646\u06c1\u06cc\u06ba \u062f\u06cc\u062a\u0627\u06d4<\/strong><\/h3>\n\n\n\n<p>\u0645\u06cc\u06ba \u0627\u0644\u062d\u0627\u0642 \u06a9\u06d2 \u0644\u0646\u06a9\u0633 \u06cc\u0627 \u062a\u062c\u0627\u0631\u062a\u06cc \u0634\u0631\u0627\u06a9\u062a \u062f\u0627\u0631\u06cc \u06a9\u0627 \u0627\u0633\u062a\u0639\u0645\u0627\u0644 \u0646\u06c1\u06cc\u06ba \u06a9\u0631\u062a\u0627 \u06c1\u0648\u06ba\u06d4.<\/p>\n\n\n\n<h3 class=\"wp-block-heading\"><strong>\u0645\u06cc\u06ba \u0645\u063a\u0644\u0648\u0628 \u0646\u06c1\u06cc\u06ba \u06c1\u0648\u06ba\u06d4<\/strong><\/h3>\n\n\n\n<p>\u0645\u06cc\u06ba \u067e\u06cc\u0686\u06cc\u062f\u06af\u06cc \u06a9\u0648 \u0628\u0691\u06be\u0627\u0646\u06d2 \u06a9\u06d2 \u0628\u062c\u0627\u0626\u06d2 \u06a9\u0645 \u06a9\u0631\u062a\u0627 \u06c1\u0648\u06ba\u06d4.<\/p>","protected":false},"excerpt":{"rendered":"<p>Meine Prinzipien Ich investiere langfristig Ich treffe Entscheidungen nicht f\u00fcr heute oder morgen, sondern f\u00fcr die n\u00e4chsten Jahrzehnte. Ich bleibe ruhig Ich lasse mich nicht von Trends, Schlagzeilen oder kurzfristigem L\u00e4rm ablenken. Ich halte Dinge einfach Ich setze auf klare Strukturen, verst\u00e4ndliche Strategien und robuste Grundlagen. \u2b50 Meine Grunds\u00e4tze Ich vertraue auf Daten, nicht auf [&hellip;]<\/p>\n","protected":false},"author":1,"featured_media":0,"parent":0,"menu_order":0,"comment_status":"closed","ping_status":"closed","template":"","meta":{"pmpro_default_level":"","_monsterinsights_skip_tracking":false,"_monsterinsights_sitenote_active":false,"_monsterinsights_sitenote_note":"","_monsterinsights_sitenote_category":0,"footnotes":""},"class_list":["post-3336","page","type-page","status-publish","hentry","pmpro-has-access"],"aioseo_notices":[],"_links":{"self":[{"href":"https:\/\/mueckinvest.com\/ur\/wp-json\/wp\/v2\/pages\/3336","targetHints":{"allow":["GET"]}}],"collection":[{"href":"https:\/\/mueckinvest.com\/ur\/wp-json\/wp\/v2\/pages"}],"about":[{"href":"https:\/\/mueckinvest.com\/ur\/wp-json\/wp\/v2\/types\/page"}],"author":[{"embeddable":true,"href":"https:\/\/mueckinvest.com\/ur\/wp-json\/wp\/v2\/users\/1"}],"replies":[{"embeddable":true,"href":"https:\/\/mueckinvest.com\/ur\/wp-json\/wp\/v2\/comments?post=3336"}],"version-history":[{"count":2,"href":"https:\/\/mueckinvest.com\/ur\/wp-json\/wp\/v2\/pages\/3336\/revisions"}],"predecessor-version":[{"id":4030,"href":"https:\/\/mueckinvest.com\/ur\/wp-json\/wp\/v2\/pages\/3336\/revisions\/4030"}],"wp:attachment":[{"href":"https:\/\/mueckinvest.com\/ur\/wp-json\/wp\/v2\/media?parent=3336"}],"curies":[{"name":"wp","href":"https:\/\/api.w.org\/{rel}","templated":true}]}}