{"id":2435,"date":"2026-01-09T07:13:49","date_gmt":"2026-01-09T06:13:49","guid":{"rendered":"https:\/\/mueckinvest.de\/?page_id=2435"},"modified":"2026-02-04T10:00:00","modified_gmt":"2026-02-04T09:00:00","slug":"mueckinvest-%da%a9%db%8c-%d8%ad%d9%85%d8%a7%db%8c%d8%aa-%da%a9%d8%b1%d8%aa%db%92-%db%81%db%8c%da%ba","status":"publish","type":"page","link":"https:\/\/mueckinvest.com\/ur\/unterstuetze-mueckinvest\/","title":{"rendered":"Mueckinvest \u06a9\u06cc \u062d\u0645\u0627\u06cc\u062a \u06a9\u0631\u06cc\u06ba\u06d4"},"content":{"rendered":"<p>Mueckinvest \u0622\u0632\u0627\u062f\u060c \u0627\u0634\u062a\u06c1\u0627\u0631\u0627\u062a \u0633\u06d2 \u067e\u0627\u06a9\u060c \u0627\u0648\u0631 \u0622\u067e \u06a9\u0648 \u0622\u067e \u06a9\u06d2 \u0645\u0627\u0644\u06cc \u0645\u0639\u0627\u0645\u0644\u0627\u062a \u06a9\u0627 \u0648\u0627\u0636\u062d \u062c\u0627\u0626\u0632\u06c1 \u062f\u06cc\u0646\u06d2 \u06a9\u06d2 \u0644\u06cc\u06d2 \u0688\u06cc\u0632\u0627\u0626\u0646 \u06a9\u06cc\u0627 \u06af\u06cc\u0627 \u06c1\u06d2\u06d4 \u0627\u06af\u0631 \u0622\u067e \u0628\u0646\u06cc\u0627\u062f\u06cc \u062a\u0635\u0648\u0631 \u06a9\u06cc \u0642\u062f\u0631 \u06a9\u0631\u062a\u06d2 \u06c1\u06cc\u06ba\u060c \u062a\u0648 \u0622\u067e \u0631\u0636\u0627\u06a9\u0627\u0631\u0627\u0646\u06c1 \u0637\u0648\u0631 \u067e\u0631 \u0627\u0633 \u06a9\u06cc \u0645\u0632\u06cc\u062f \u062a\u0631\u0642\u06cc \u06a9\u06cc \u062d\u0645\u0627\u06cc\u062a \u06a9\u0631 \u0633\u06a9\u062a\u06d2 \u06c1\u06cc\u06ba - \u0627\u06cc\u06a9 \u0628\u0627\u0631 \u06cc\u0627 \u0645\u0627\u06c1\u0627\u0646\u06c1 \u062a\u0639\u0627\u0648\u0646 \u06a9\u06d2 \u0633\u0627\u062a\u06be\u06d4.<\/p>\n\n\n\n<div style=\"height:20px\" aria-hidden=\"true\" class=\"wp-block-spacer\"><\/div>\n\n\n\n<hr class=\"wp-block-separator has-alpha-channel-opacity\"\/>\n\n\n\n<div style=\"height:20px\" aria-hidden=\"true\" class=\"wp-block-spacer\"><\/div>\n\n\n\n<h2 class=\"wp-block-heading\">\u0633\u067e\u0648\u0631\u0679 \u06a9\u06d2 \u0627\u062e\u062a\u06cc\u0627\u0631\u0627\u062a \u06a9\u06cc\u0648\u06ba \u062f\u0633\u062a\u06cc\u0627\u0628 \u06c1\u06cc\u06ba\u061f<\/h2>\n\n\n\n<p>\u0688\u06cc\u0679\u0627 \u06a9\u06cc \u062a\u0634\u06c1\u06cc\u0631 \u06cc\u0627 \u0641\u0631\u0648\u062e\u062a \u06a9\u06d2 \u0628\u062c\u0627\u0626\u06d2\u060c Mueckinvest \u0627\u06cc\u06a9 \u0633\u0627\u062f\u06c1 \u0645\u0627\u0688\u0644 \u067e\u0631 \u0627\u0646\u062d\u0635\u0627\u0631 \u06a9\u0631\u062a\u0627 \u06c1\u06d2:<br>\u0648\u06c1 \u0644\u0648\u06af \u062c\u0648 \u067e\u0644\u06cc\u0679 \u0641\u0627\u0631\u0645 \u06a9\u06d2 \u0627\u0633\u062a\u0639\u0645\u0627\u0644 \u0633\u06d2 \u0644\u0637\u0641 \u0627\u0646\u062f\u0648\u0632 \u06c1\u0648\u062a\u06d2 \u06c1\u06cc\u06ba \u0627\u0648\u0631 \u0627\u0633\u06d2 \u0628\u0631\u062f\u0627\u0634\u062a \u06a9\u0631 \u0633\u06a9\u062a\u06d2 \u06c1\u06cc\u06ba \u0648\u06c1 \u0631\u0636\u0627\u06a9\u0627\u0631\u0627\u0646\u06c1 \u0637\u0648\u0631 \u067e\u0631 \u0627\u0633 \u06a9\u06cc \u062d\u0645\u0627\u06cc\u062a \u06a9\u0631\u0646\u06d2 \u06a9\u0627 \u062e\u06cc\u0631\u0645\u0642\u062f\u0645 \u06a9\u0631\u062a\u06d2 \u06c1\u06cc\u06ba\u06d4.<br>\u06cc\u06c1 \u06cc\u0642\u06cc\u0646\u06cc \u0628\u0646\u0627\u062a\u0627 \u06c1\u06d2 \u06a9\u06c1 Mueckinvest \u0637\u0648\u06cc\u0644 \u0645\u062f\u062a \u0645\u06cc\u06ba \u0622\u0632\u0627\u062f\u060c \u0634\u0641\u0627\u0641 \u0627\u0648\u0631 \u0645\u0633\u062a\u062d\u06a9\u0645 \u0631\u06c1\u06d2\u06d4.<\/p>\n\n\n\n<div style=\"height:20px\" aria-hidden=\"true\" class=\"wp-block-spacer\"><\/div>\n\n\n\n<hr class=\"wp-block-separator has-alpha-channel-opacity\"\/>\n\n\n\n<div style=\"height:20px\" aria-hidden=\"true\" class=\"wp-block-spacer\"><\/div>\n\n\n\n<h2 class=\"wp-block-heading\">\u0645\u0627\u06c1\u0627\u0646\u06c1 \u062a\u0639\u0627\u0648\u0646<\/h2>\n\n\n\n<p>\u0622\u067e \u06a9\u0627 \u0645\u0627\u06c1\u0627\u0646\u06c1 \u062a\u0639\u0627\u0648\u0646 \u0633\u0631\u0648\u0631 \u06a9\u06d2 \u0627\u062e\u0631\u0627\u062c\u0627\u062a\u060c \u0645\u0632\u06cc\u062f \u062a\u0631\u0642\u06cc \u0627\u0648\u0631 \u0646\u0626\u06cc \u062e\u0635\u0648\u0635\u06cc\u0627\u062a \u06a9\u0648 \u0641\u0646\u0688 \u06a9\u0631\u0646\u06d2 \u0645\u06cc\u06ba \u0645\u062f\u062f \u06a9\u0631\u062a\u0627 \u06c1\u06d2\u06d4 \u0627\u062f\u0627\u0626\u06cc\u06af\u06cc \u067e\u06d2 \u067e\u0627\u0644 \u06a9\u06d2 \u0630\u0631\u06cc\u0639\u06d2 \u062e\u0648\u062f \u0628\u062e\u0648\u062f \u0639\u0645\u0644 \u0645\u06cc\u06ba \u0622\u062a\u06cc \u06c1\u06d2 \u0627\u0648\u0631 \u0627\u0633\u06d2 \u06a9\u0633\u06cc \u0628\u06be\u06cc \u0648\u0642\u062a \u0645\u0646\u0633\u0648\u062e \u06a9\u06cc\u0627 \u062c\u0627 \u0633\u06a9\u062a\u0627 \u06c1\u06d2\u06d4.<\/p>\n\n\n\n<div class=\"wp-block-columns is-layout-flex wp-container-core-columns-is-layout-28f84493 wp-block-columns-is-layout-flex\">\n<div class=\"wp-block-column is-layout-flow wp-block-column-is-layout-flow\" style=\"flex-basis:66.66%\">\n<p><strong>\u0633\u067e\u0648\u0631\u0679\u0631 - \u20ac2\/\u0645\u06c1\u06cc\u0646\u06c1<\/strong><\/p>\n\n\n\n<p>\u06cc\u06c1 Mueckinvest \u06a9\u0648 \u0622\u0632\u0627\u062f \u0627\u0648\u0631 \u0627\u0634\u062a\u06c1\u0627\u0631\u0627\u062a \u0633\u06d2 \u067e\u0627\u06a9 \u0631\u06a9\u06be\u0646\u06d2 \u0645\u06cc\u06ba \u0645\u062f\u062f \u06a9\u0631\u062a\u0627 \u06c1\u06d2\u06d4.<\/p>\n<\/div>\n\n\n\n<div class=\"wp-block-column is-layout-flow wp-block-column-is-layout-flow\" style=\"flex-basis:33.33%\">\n<div class=\"wp-block-buttons is-layout-flex wp-block-buttons-is-layout-flex\">\n<div class=\"wp-block-button\"><a class=\"wp-block-button__link wp-element-button\" href=\"https:\/\/buy.stripe.com\/00wfZa8Jo8Krfw13ZZ6Na03\">\u062d\u0627\u0645\u06cc \u0628\u0646\u06cc\u06ba\u06d4<\/a><\/div>\n<\/div>\n<\/div>\n<\/div>\n\n\n\n<div class=\"wp-block-columns is-layout-flex wp-container-core-columns-is-layout-28f84493 wp-block-columns-is-layout-flex\">\n<div class=\"wp-block-column is-layout-flow wp-block-column-is-layout-flow\" style=\"flex-basis:66.66%\">\n<p><strong>\u067e\u0631\u06cc\u0645\u06cc\u0645 \u0633\u067e\u0648\u0631\u0679\u0631 - \u20ac5 \/ \u0645\u06c1\u06cc\u0646\u06c1<\/strong><\/p>\n\n\n\n<p>\u0645\u0632\u06cc\u062f \u062a\u0631\u0642\u06cc\u060c \u06c1\u0648\u0633\u0679\u0646\u06af \u0627\u0648\u0631 \u0646\u0626\u06cc \u062e\u0635\u0648\u0635\u06cc\u0627\u062a \u06a9\u0648 \u0633\u067e\u0648\u0631\u0679 \u06a9\u0631\u062a\u0627 \u06c1\u06d2\u06d4<\/p>\n<\/div>\n\n\n\n<div class=\"wp-block-column is-layout-flow wp-block-column-is-layout-flow\" style=\"flex-basis:33.33%\">\n<div class=\"wp-block-buttons is-layout-flex wp-block-buttons-is-layout-flex\">\n<div class=\"wp-block-button\"><a class=\"wp-block-button__link wp-element-button\" href=\"https:\/\/buy.stripe.com\/14A5kw3p4e4L6Zv7cb6Na04\">\u067e\u0631\u06cc\u0645\u06cc\u0645 \u0633\u067e\u0648\u0631\u0679\u0631 \u0628\u0646\u06cc\u06ba\u06d4<\/a><\/div>\n<\/div>\n<\/div>\n<\/div>\n\n\n\n<div class=\"wp-block-columns is-layout-flex wp-container-core-columns-is-layout-28f84493 wp-block-columns-is-layout-flex\">\n<div class=\"wp-block-column is-layout-flow wp-block-column-is-layout-flow\" style=\"flex-basis:66.66%\">\n<p><strong>\u0633\u0631\u0645\u0627\u06cc\u06c1 \u06a9\u0627\u0631 \u0633\u067e\u0648\u0631\u0679\u0631 - \u20ac10\/\u0645\u0627\u06c1<\/strong><\/p>\n\n\n\n<p>Mueckinvest \u06a9\u06d2 \u0645\u0633\u062a\u0642\u0628\u0644 \u0645\u06cc\u06ba \u0641\u0639\u0627\u0644 \u0637\u0648\u0631 \u067e\u0631 \u062d\u0635\u06c1 \u0688\u0627\u0644\u06cc\u06ba\u06d4.<\/p>\n<\/div>\n\n\n\n<div class=\"wp-block-column is-layout-flow wp-block-column-is-layout-flow\" style=\"flex-basis:33.33%\">\n<div class=\"wp-block-buttons is-layout-flex wp-block-buttons-is-layout-flex\">\n<div class=\"wp-block-button\"><a class=\"wp-block-button__link wp-element-button\" href=\"https:\/\/buy.stripe.com\/00w00c5xc1hZ97D9kj6Na05\">\u0633\u0631\u0645\u0627\u06cc\u06c1 \u06a9\u0627\u0631 \u06a9\u06d2 \u062d\u0627\u0645\u06cc \u0628\u0646\u06cc\u06ba\u06d4<\/a><\/div>\n<\/div>\n<\/div>\n<\/div>\n\n\n\n<div style=\"height:20px\" aria-hidden=\"true\" class=\"wp-block-spacer\"><\/div>\n\n\n\n<hr class=\"wp-block-separator has-alpha-channel-opacity\"\/>\n\n\n\n<div style=\"height:20px\" aria-hidden=\"true\" class=\"wp-block-spacer\"><\/div>\n\n\n\n<h2 class=\"wp-block-heading\">\u0627\u06cc\u06a9 \u0628\u0627\u0631 \u06a9\u06cc \u062d\u0645\u0627\u06cc\u062a<\/h2>\n\n\n\n<div class=\"wp-block-columns is-layout-flex wp-container-core-columns-is-layout-28f84493 wp-block-columns-is-layout-flex\">\n<div class=\"wp-block-column is-layout-flow wp-block-column-is-layout-flow\" style=\"flex-basis:66.66%\">\n<p>\u0627\u06af\u0631 \u0622\u067e \u0633\u0628\u0633\u06a9\u0631\u067e\u0634\u0646 \u0646\u06c1\u06cc\u06ba \u0644\u06cc\u0646\u0627 \u0686\u0627\u06c1\u062a\u06d2 \u06c1\u06cc\u06ba\u060c \u062a\u0648 \u0622\u067e \u0627\u06cc\u06a9 \u0628\u0627\u0631 \u06a9\u06d2 \u0639\u0637\u06cc\u06c1 \u06a9\u06d2 \u0633\u0627\u062a\u06be Mueckinvest \u06a9\u0648 \u0628\u06be\u06cc \u0633\u067e\u0648\u0631\u0679 \u06a9\u0631 \u0633\u06a9\u062a\u06d2 \u06c1\u06cc\u06ba\u06d4 \u0622\u067e \u0622\u0632\u0627\u062f\u0627\u0646\u06c1 \u0637\u0648\u0631 \u067e\u0631 \u0631\u0642\u0645 \u06a9\u0627 \u0627\u0646\u062a\u062e\u0627\u0628 \u06a9\u0631 \u0633\u06a9\u062a\u06d2 \u06c1\u06cc\u06ba\u06d4.<\/p>\n<\/div>\n\n\n\n<div class=\"wp-block-column is-layout-flow wp-block-column-is-layout-flow\" style=\"flex-basis:33.33%\">\n<div class=\"wp-block-buttons is-layout-flex wp-block-buttons-is-layout-flex\">\n<div class=\"wp-block-button\"><a class=\"wp-block-button__link wp-element-button\" href=\"https:\/\/buy.stripe.com\/fZu4gsbVA0dV3Nj7cb6Na06\">\u0627\u06cc\u06a9 \u0628\u0627\u0631 \u06a9\u06cc \u062d\u0645\u0627\u06cc\u062a<\/a><\/div>\n<\/div>\n<\/div>\n<\/div>\n\n\n\n<div style=\"height:20px\" aria-hidden=\"true\" class=\"wp-block-spacer\"><\/div>\n\n\n\n<hr class=\"wp-block-separator has-alpha-channel-opacity\"\/>\n\n\n\n<div style=\"height:20px\" aria-hidden=\"true\" class=\"wp-block-spacer\"><\/div>\n\n\n\n<h2 class=\"wp-block-heading\">\u0634\u0641\u0627\u0641\u06cc\u062a \u0627\u0648\u0631 \u062e\u0627\u062a\u0645\u06c1<\/h2>\n\n\n\n<p>\u0622\u067e \u06a9\u0627 \u062a\u0639\u0627\u0648\u0646 \u0631\u0636\u0627\u06a9\u0627\u0631\u0627\u0646\u06c1 \u06c1\u06d2 \u0627\u0648\u0631 \u0627\u0633\u06d2 \u06a9\u0633\u06cc \u0628\u06be\u06cc \u0648\u0642\u062a \u0645\u0646\u0633\u0648\u062e \u06a9\u06cc\u0627 \u062c\u0627 \u0633\u06a9\u062a\u0627 \u06c1\u06d2\u06d4.<br>\u0622\u067e \u0645\u0627\u06c1\u0627\u0646\u06c1 \u0633\u0628\u0633\u06a9\u0631\u067e\u0634\u0646\u0632 \u0628\u0631\u0627\u06c1 \u0631\u0627\u0633\u062a \u0627\u067e\u0646\u06d2 \u067e\u06d2 \u067e\u0627\u0644 \u0627\u06a9\u0627\u0624\u0646\u0679 \u0645\u06cc\u06ba \u0645\u0646\u0633\u0648\u062e \u06a9\u0631 \u0633\u06a9\u062a\u06d2 \u06c1\u06cc\u06ba\u06d4.<br>\u06a9\u0648\u0626\u06cc \u067e\u0648\u0634\u06cc\u062f\u06c1 \u0634\u0631\u0627\u0626\u0637 \u0646\u06c1\u06cc\u06ba \u06c1\u06cc\u06ba - \u0622\u067e \u06a9\u0627 \u062a\u0639\u0627\u0648\u0646 \u0627\u06cc\u06a9 \u0627\u06cc\u0633\u06d2 \u067e\u0644\u06cc\u0679 \u0641\u0627\u0631\u0645 \u06a9\u06d2 \u0644\u06cc\u06d2 \u0622\u067e \u06a9\u0627 \u0634\u06a9\u0631\u06cc\u06c1 \u06c1\u06d2 \u062c\u0648 \u0622\u067e \u06a9\u0648 \u062d\u0642\u06cc\u0642\u06cc \u0627\u0636\u0627\u0641\u06cc \u0642\u06cc\u0645\u062a \u067e\u06cc\u0634 \u06a9\u0631\u062a\u0627 \u06c1\u06d2\u06d4.<\/p>","protected":false},"excerpt":{"rendered":"<p>Mueckinvest ist unabh\u00e4ngig, werbefrei und darauf ausgelegt, Ihnen einen klaren \u00dcberblick \u00fcber Ihre Finanzen zu geben. Wenn Sie die Idee dahinter wertvoll finden, k\u00f6nnen Sie die Weiterentwicklung freiwillig unterst\u00fctzen \u2013 einmalig oder monatlich. Warum gibt es Unterst\u00fctzungsm\u00f6glichkeiten? Statt Werbung oder Datenverkauf setzt Mueckinvest auf ein einfaches Modell:Wer die Plattform gerne nutzt und sich das leisten [&hellip;]<\/p>\n","protected":false},"author":1,"featured_media":0,"parent":0,"menu_order":0,"comment_status":"closed","ping_status":"closed","template":"page-no-sidebar","meta":{"pmpro_default_level":"","_monsterinsights_skip_tracking":false,"_monsterinsights_sitenote_active":false,"_monsterinsights_sitenote_note":"","_monsterinsights_sitenote_category":0,"footnotes":""},"class_list":["post-2435","page","type-page","status-publish","hentry","pmpro-has-access"],"aioseo_notices":[],"_links":{"self":[{"href":"https:\/\/mueckinvest.com\/ur\/wp-json\/wp\/v2\/pages\/2435","targetHints":{"allow":["GET"]}}],"collection":[{"href":"https:\/\/mueckinvest.com\/ur\/wp-json\/wp\/v2\/pages"}],"about":[{"href":"https:\/\/mueckinvest.com\/ur\/wp-json\/wp\/v2\/types\/page"}],"author":[{"embeddable":true,"href":"https:\/\/mueckinvest.com\/ur\/wp-json\/wp\/v2\/users\/1"}],"replies":[{"embeddable":true,"href":"https:\/\/mueckinvest.com\/ur\/wp-json\/wp\/v2\/comments?post=2435"}],"version-history":[{"count":9,"href":"https:\/\/mueckinvest.com\/ur\/wp-json\/wp\/v2\/pages\/2435\/revisions"}],"predecessor-version":[{"id":3538,"href":"https:\/\/mueckinvest.com\/ur\/wp-json\/wp\/v2\/pages\/2435\/revisions\/3538"}],"wp:attachment":[{"href":"https:\/\/mueckinvest.com\/ur\/wp-json\/wp\/v2\/media?parent=2435"}],"curies":[{"name":"wp","href":"https:\/\/api.w.org\/{rel}","templated":true}]}}