{"id":125,"date":"2025-09-10T12:15:54","date_gmt":"2025-09-10T12:15:54","guid":{"rendered":"https:\/\/mueckinvest.de\/?page_id=125"},"modified":"2026-04-01T10:00:00","modified_gmt":"2026-04-01T08:00:00","slug":"%d8%aa%d9%88%d8%a7%d8%b2%d9%86-2","status":"publish","type":"page","link":"https:\/\/mueckinvest.com\/ur\/rebalancing\/","title":{"rendered":"\u0631\u06cc \u0628\u06cc\u0644\u0646\u0633\u0646\u06af"},"content":{"rendered":"<h3 class=\"wp-block-heading\">\u06cc\u06c1 \u06a9\u06cc\u0648\u06ba \u0636\u0631\u0648\u0631\u06cc \u06c1\u06d2:<\/h3>\n\n\n\n<p>\u0627\u0633 \u0628\u0627\u062a \u06a9\u0648 \u06cc\u0642\u06cc\u0646\u06cc \u0628\u0646\u0627\u0646\u06d2 \u06a9\u06d2 \u0644\u06cc\u06d2 \u06a9\u06c1 \u0633\u0631\u0645\u0627\u06cc\u06c1 \u06a9\u0627\u0631\u06cc \u06a9\u06cc \u062d\u06a9\u0645\u062a \u0639\u0645\u0644\u06cc \u0637\u0648\u06cc\u0644 \u0645\u062f\u062a \u0645\u06cc\u06ba \u0645\u0633\u062a\u062d\u06a9\u0645 \u0631\u06c1\u06d2\u060c Wikifolios \u06a9\u06cc \u062a\u0634\u06a9\u06cc\u0644 \u06a9\u0627 \u0628\u0627\u0642\u0627\u0639\u062f\u06af\u06cc \u0633\u06d2 \u062c\u0627\u0626\u0632\u06c1 \u0644\u06cc\u0627 \u062c\u0627\u062a\u0627 \u06c1\u06d2 \u0627\u0648\u0631 \u0627\u0633\u06d2 \u0627\u06cc\u0688\u062c\u0633\u0679 \u06a9\u06cc\u0627 \u062c\u0627\u062a\u0627 \u06c1\u06d2\u06d4 \u0627\u0633 \u0639\u0645\u0644 \u06a9\u0648 \u06a9\u06c1\u062a\u06d2 \u06c1\u06cc\u06ba\u06d4 <strong>\u0631\u06cc \u0628\u06cc\u0644\u0646\u0633\u0646\u06af<\/strong>. \u06cc\u06c1 \u0627\u0646\u0641\u0631\u0627\u062f\u06cc \u0627\u062c\u0632\u0627\u0621 \u06a9\u06d2 \u0627\u0635\u0644 \u0648\u0632\u0646 \u06a9\u0648 \u0628\u062d\u0627\u0644 \u06a9\u0631\u062a\u0627 \u06c1\u06d2 \u0627\u06af\u0631 \u0648\u06c1 \u0642\u06cc\u0645\u062a \u06a9\u06cc \u0646\u0642\u0644 \u0648 \u062d\u0631\u06a9\u062a \u06a9\u06cc \u0648\u062c\u06c1 \u0633\u06d2 \u0645\u0646\u062a\u0642\u0644 \u06c1\u0648 \u06af\u0626\u06d2 \u06c1\u06cc\u06ba\u06d4.<\/p>\n\n\n\n<p>\u0645\u062b\u0627\u0644 \u06a9\u06d2 \u0637\u0648\u0631 \u067e\u0631\u060c \u0627\u06af\u0631 \u0627\u0633\u0679\u0627\u06a9 \u06a9\u06cc \u0642\u062f\u0631 \u0645\u06cc\u06ba \u062a\u06cc\u0632\u06cc \u0633\u06d2 \u0627\u0636\u0627\u0641\u06c1 \u06c1\u0648\u062a\u0627 \u06c1\u06d2\u060c \u062a\u0648 \u0648\u06c1 \u062e\u0648\u062f \u0628\u062e\u0648\u062f \u067e\u0648\u0631\u0679 \u0641\u0648\u0644\u06cc\u0648 \u0645\u06cc\u06ba \u0632\u06cc\u0627\u062f\u06c1 \u062c\u06af\u06c1 \u0644\u06d2 \u0644\u06cc\u062a\u06d2 \u06c1\u06cc\u06ba\u06d4 \u0631\u06cc \u0628\u06cc\u0644\u0646\u0633\u0646\u06af \u0645\u06cc\u06ba \u0627\u0646 \u0641\u0648\u0627\u0626\u062f \u06a9\u06d2 \u0627\u06cc\u06a9 \u062d\u0635\u06d2 \u06a9\u0627 \u0627\u062f\u0631\u0627\u06a9 \u06a9\u0631\u0646\u0627 \u0627\u0648\u0631 \u0627\u0646\u06c1\u06cc\u06ba \u062f\u0648\u0633\u0631\u06cc \u0627\u062b\u0627\u062b\u06c1 \u06a9\u0644\u0627\u0633\u0648\u06ba \u0645\u06cc\u06ba \u062f\u0648\u0628\u0627\u0631\u06c1 \u062a\u0642\u0633\u06cc\u0645 \u06a9\u0631\u0646\u0627 \u0634\u0627\u0645\u0644 \u06c1\u06d2\u06d4 \u06cc\u06c1 \u062e\u0637\u0631\u06d2 \u06a9\u0648 \u0645\u062a\u0648\u0627\u0632\u0646 \u0631\u06a9\u06be\u062a\u0627 \u06c1\u06d2 \u0627\u0648\u0631 \u062d\u06a9\u0645\u062a \u0639\u0645\u0644\u06cc \u0627\u067e\u0646\u06cc \u0627\u0635\u0644 \u062a\u0648\u062c\u06c1 \u06a9\u0648 \u0628\u0631\u0642\u0631\u0627\u0631 \u0631\u06a9\u06be\u062a\u06cc \u06c1\u06d2\u06d4.<\/p>\n\n\n\n<figure class=\"wp-block-image size-large\"><img loading=\"lazy\" decoding=\"async\" width=\"1024\" height=\"281\" src=\"https:\/\/mueckinvest.com\/wp-content\/uploads\/2025\/11\/Copilot_20251105_131901-1024x281.png\" alt=\"\" class=\"wp-image-766\" srcset=\"https:\/\/mueckinvest.com\/wp-content\/uploads\/2025\/11\/Copilot_20251105_131901-1024x281.png 1024w, https:\/\/mueckinvest.com\/wp-content\/uploads\/2025\/11\/Copilot_20251105_131901-300x82.png 300w, https:\/\/mueckinvest.com\/wp-content\/uploads\/2025\/11\/Copilot_20251105_131901-768x211.png 768w, https:\/\/mueckinvest.com\/wp-content\/uploads\/2025\/11\/Copilot_20251105_131901-1530x420.png 1530w, https:\/\/mueckinvest.com\/wp-content\/uploads\/2025\/11\/Copilot_20251105_131901.png 1536w\" sizes=\"auto, (max-width: 1024px) 100vw, 1024px\" \/><\/figure>\n\n\n\n<p>\ud83d\udc49 \u0645\u06cc\u0631\u06d2 \u0648\u06a9\u06cc \u0641\u0648\u0644\u06cc\u0648 \u06a9\u0648 \u062f\u0648\u0628\u0627\u0631\u06c1 \u0645\u062a\u0648\u0627\u0632\u0646 \u06a9\u06cc\u0627 \u062c\u0627 \u0631\u06c1\u0627 \u06c1\u06d2\u06d4 <strong>\u06c1\u0645\u06cc\u0634\u06c1 \u0646\u0626\u06cc \u0633\u06c1 \u0645\u0627\u06c1\u06cc \u06a9\u06d2 \u0622\u063a\u0627\u0632 \u0645\u06cc\u06ba<\/strong>.<\/p>\n\n\n\n<p>\u0645\u0632\u06cc\u062f \u062a\u0641\u0635\u06cc\u0644\u0627\u062a \u0645\u062a\u0639\u0644\u0642\u06c1 \u062f\u0633\u062a\u0627\u0648\u06cc\u0632 \u0645\u06cc\u06ba \u0645\u0644 \u0633\u06a9\u062a\u06cc \u06c1\u06cc\u06ba\u06d4 <a href=\"https:\/\/mueckinvest.com\/ur\/%f0%9f%94%84-%d8%aa%d9%88%d8%a7%d8%b2%d9%86-%d8%a8%d8%ad%d8%a7%d9%84-%da%a9%d8%b1%d9%86%d8%a7\/\" title=\"\ud83d\udd04 \u062a\u0648\u0627\u0632\u0646 \u0628\u062d\u0627\u0644 \u06a9\u0631\u0646\u0627\">\u0645\u0648\u0636\u0648\u0639\u0627\u062a \u06af\u06c1\u0631\u0627 \u063a\u0648\u0637\u06c1<\/a>.<\/p>\n\n\n\n<div style=\"height:100px\" aria-hidden=\"true\" class=\"wp-block-spacer\"><\/div>\n\n\n\n<div class=\"wp-block-group alignfull has-background is-layout-flow wp-block-group-is-layout-flow\" style=\"background-color:#f5eac1;padding-top:6vw;padding-right:6vw;padding-bottom:6vw;padding-left:6vw\">\n<div class=\"wp-block-group is-vertical is-nowrap is-layout-flex wp-container-core-group-is-layout-36fd9ea3 wp-block-group-is-layout-flex\" style=\"padding-right:0;padding-left:0\">\n<h2 class=\"wp-block-heading\">\u0627\u06cc\u06a9\u0633\u0644 \u0627\u0633\u067e\u0631\u06cc\u0688\u0634\u06cc\u0679 \u0688\u0627\u0624\u0646 \u0644\u0648\u0688 \u06a9\u0631\u06cc\u06ba\u06d4<\/h2>\n<\/div>\n\n\n\n<p id=\"block-1401cc4e-a420-4bc1-9ddd-3fc667b8d1c4\">\u0627\u06cc\u06a9\u0633\u0644 \u0627\u0633\u067e\u0631\u06cc\u0688\u0634\u06cc\u0679 \u06a9\u06d2 \u0628\u0637\u0648\u0631 \u0688\u0627\u0624\u0646 \u0644\u0648\u0688 \u06a9\u06d2 \u0644\u06cc\u06d2 \u062f\u0648\u0628\u0627\u0631\u06c1 \u062a\u0648\u0627\u0632\u0646 \u06a9\u06d2 \u0627\u0642\u062f\u0627\u0645\u0627\u062a \u06a9\u0627 \u0627\u06cc\u06a9 \u0645\u06a9\u0645\u0644 \u062c\u0627\u0626\u0632\u06c1 \u062f\u0633\u062a\u06cc\u0627\u0628 \u06c1\u06d2\u06d4.&nbsp;<\/p>\n\n\n\n<div style=\"height:20px\" aria-hidden=\"true\" class=\"wp-block-spacer\"><\/div>\n\n\n\n<a href=\"https:\/\/mueckinvest.com\/ur\/Apps\/Wikifolio%20Rebalancing%20\u00dcbersicht.xlsx\/\" download>\n    Datei herunterladen\n<\/a>\n\n<\/div>\n\n\n\n<div style=\"height:100px\" aria-hidden=\"true\" class=\"wp-block-spacer\"><\/div>\n\n\n\n<h2 class=\"wp-block-heading\">\u0627\u0628 \u062a\u06a9 \u06a9\u0626\u06d2 \u06af\u0626\u06d2 \u062a\u0645\u0627\u0645 \u0631\u06cc \u0628\u06cc\u0644\u0646\u0633\u0646\u06af \u0627\u0642\u062f\u0627\u0645\u0627\u062a \u06a9\u0627 \u062c\u0627\u0626\u0632\u06c1:<\/h2>\n\n\n\n\n    <style>\n        .rebalancing-year-select {\n            margin-bottom: 15px;\n        }\n        .rebalancing-year-select select {\n            padding: 6px 10px;\n            font-size: 16px;\n            border-radius: 6px;\n            border: 1px solid #ccc;\n        }\n        @media (prefers-color-scheme: dark) {\n            .rebalancing-year-select select {\n                background: #222;\n                color: #fff;\n                border-color: #555;\n            }\n        }\n        .rebalancing-all-list {\n            list-style: none;\n            padding-left: 0;\n            margin: 0;\n        }\n        .rebalancing-all-list li {\n            margin-bottom: 6px;\n        }\n    <\/style>\n    <div class=\"rebalancing-year-select\"><select id=\"rebalancing-year\"><option value=\"2026\" selected>2026<\/option><\/select><\/div><ul class=\"rebalancing-all-list\" id=\"rebalancing-list\"><li data-year=\"2026\">\n                        <a href=\"https:\/\/mueckinvest.com\/ur\/04/01/2026-rebalancing\/\">04/01/2026: Rebalancing<\/a>\n                    <\/li><li data-year=\"2026\">\n                        <a href=\"https:\/\/mueckinvest.com\/ur\/rebalancing-01/02/2026\/\">01/02/2026: Rebalancing<\/a>\n                    <\/li><\/ul>\n    <script>\n    document.addEventListener(\"DOMContentLoaded\", function() {\n        const select = document.getElementById(\"rebalancing-year\");\n        const items = document.querySelectorAll(\"#rebalancing-list li\");\n\n        function filter() {\n            const year = select.value;\n            items.forEach(item => {\n                item.style.display = (item.dataset.year === year) ? \"\" : \"none\";\n            });\n        }\n\n        select.addEventListener(\"change\", filter);\n\n        \/\/ Initial filtern\n        filter();\n    });\n    <\/script>","protected":false},"excerpt":{"rendered":"<p>Warum es wichtig ist: Damit eine Anlagestrategie langfristig stabil bleibt, wird die Zusammensetzung der Wikifolios regelm\u00e4\u00dfig \u00fcberpr\u00fcft und angepasst. Dieses Vorgehen nennt man Rebalancing. Dabei werden die urspr\u00fcnglichen Gewichtungen der einzelnen Bausteine wiederhergestellt, wenn sie sich durch Kursbewegungen verschoben haben. Ein Beispiel: Steigen Aktien stark im Wert, nehmen sie im Portfolio automatisch mehr Raum ein. [&hellip;]<\/p>\n","protected":false},"author":1,"featured_media":0,"parent":0,"menu_order":0,"comment_status":"closed","ping_status":"closed","template":"page-no-sidebar","meta":{"pmpro_default_level":"","_monsterinsights_skip_tracking":false,"_monsterinsights_sitenote_active":false,"_monsterinsights_sitenote_note":"","_monsterinsights_sitenote_category":0,"footnotes":""},"class_list":["post-125","page","type-page","status-publish","hentry","pmpro-has-access"],"aioseo_notices":[],"_links":{"self":[{"href":"https:\/\/mueckinvest.com\/ur\/wp-json\/wp\/v2\/pages\/125","targetHints":{"allow":["GET"]}}],"collection":[{"href":"https:\/\/mueckinvest.com\/ur\/wp-json\/wp\/v2\/pages"}],"about":[{"href":"https:\/\/mueckinvest.com\/ur\/wp-json\/wp\/v2\/types\/page"}],"author":[{"embeddable":true,"href":"https:\/\/mueckinvest.com\/ur\/wp-json\/wp\/v2\/users\/1"}],"replies":[{"embeddable":true,"href":"https:\/\/mueckinvest.com\/ur\/wp-json\/wp\/v2\/comments?post=125"}],"version-history":[{"count":9,"href":"https:\/\/mueckinvest.com\/ur\/wp-json\/wp\/v2\/pages\/125\/revisions"}],"predecessor-version":[{"id":4405,"href":"https:\/\/mueckinvest.com\/ur\/wp-json\/wp\/v2\/pages\/125\/revisions\/4405"}],"wp:attachment":[{"href":"https:\/\/mueckinvest.com\/ur\/wp-json\/wp\/v2\/media?parent=125"}],"curies":[{"name":"wp","href":"https:\/\/api.w.org\/{rel}","templated":true}]}}