{"id":1134,"date":"2025-11-12T09:16:37","date_gmt":"2025-11-12T09:16:37","guid":{"rendered":"https:\/\/mueckinvest.de\/?page_id=1134"},"modified":"2026-03-18T15:18:00","modified_gmt":"2026-03-18T14:18:00","slug":"mueckinvest-%da%a9%db%8c-%d8%aa%d8%ae%d9%84%db%8c%d9%82-%da%a9%d8%a7-%d9%be%d8%b3-%d9%85%d9%86%d8%b8%d8%b1-2","status":"publish","type":"page","link":"https:\/\/mueckinvest.com\/ur\/hintergrund-zur-entstehung-von-mueckinvest\/","title":{"rendered":"\u0648\u0698\u0646 \u0633\u06d2 \u0646\u0641\u0627\u0630 \u062a\u06a9"},"content":{"rendered":"<p>Mueckinvest \u06a9\u06cc \u0628\u0646\u06cc\u0627\u062f \u0627\u06cc\u06a9 \u0648\u0627\u0636\u062d \u0645\u0642\u0635\u062f \u067e\u0631 \u0631\u06a9\u06be\u06cc \u06af\u0626\u06cc \u062a\u06be\u06cc: \u0633\u0631\u0645\u0627\u06cc\u06c1 \u06a9\u0627\u0631\u0648\u06ba \u06a9\u0648 \u0639\u0627\u0644\u0645\u06cc \u0645\u0627\u0631\u06a9\u06cc\u0679 \u062a\u06a9 \u0631\u0633\u0627\u0626\u06cc \u06a9\u0627 \u0622\u0633\u0627\u0646 \u0637\u0631\u06cc\u0642\u06c1 \u067e\u06cc\u0634 \u06a9\u0631\u0646\u0627 <strong>\u0627\u06cc\u06a9 \u0648\u0627\u062d\u062f \u067e\u0648\u0631\u0679 \u0641\u0648\u0644\u06cc\u0648 \u067e\u0648\u0632\u06cc\u0634\u0646<\/strong> \u0646\u0645\u0627\u0626\u0646\u062f\u06af\u06cc \u06a9\u0631\u0646\u06d2 \u06a9\u06d2 \u0644\u0626\u06d2. \u06a9\u0644\u0627\u0633\u06cc\u06a9\u06cc \u062d\u06a9\u0645\u062a \u0639\u0645\u0644\u06cc \u0627\u06a9\u062b\u0631 \u0627\u0646\u0641\u0631\u0627\u062f\u06cc \u0627\u0633\u0679\u0627\u06a9 \u06cc\u0627 \u0641\u0646\u0688\u0632 \u067e\u0631 \u0645\u0634\u062a\u0645\u0644 \u06c1\u0648\u062a\u06cc \u06c1\u06d2 \u2013 \u0627\u0646\u062a\u0638\u0627\u0645 \u06a9\u0631\u0646\u06d2 \u06a9\u06d2 \u0644\u06cc\u06d2 \u067e\u06cc\u0686\u06cc\u062f\u06c1 \u0627\u0648\u0631 \u0632\u06cc\u0627\u062f\u06c1 \u06cc\u0627 \u06a9\u0645 \u0648\u0632\u0646 \u06a9\u0627 \u0634\u06a9\u0627\u0631\u06d4.<\/p>\n\n\n\n<p>\u0644\u06c1\u0630\u0627 \u0645\u06cc\u0631\u0627 \u0646\u0642\u0637\u06c1 \u0646\u0638\u0631 \u0627\u06cc\u06a9 \u0648\u0627\u0636\u062d \u0645\u0642\u0635\u062f \u06a9\u0627 \u062a\u0639\u0627\u0642\u0628 \u06a9\u0631\u062a\u0627 \u06c1\u06d2: <strong>\u0627\u06cc\u06a9 \u0645\u0646\u0638\u0645\u060c \u0639\u0627\u0644\u0645\u06cc \u0633\u0637\u062d \u067e\u0631 \u0645\u062a\u0646\u0648\u0639 \u067e\u0648\u0631\u0679 \u0641\u0648\u0644\u06cc\u0648 \u0627\u06cc\u06a9 \u067e\u0648\u0632\u06cc\u0634\u0646 \u0645\u06cc\u06ba<\/strong>, \u060c \u0648\u0627\u0636\u062d \u0637\u0648\u0631 \u067e\u0631 \u067e\u06cc\u0634 \u06a9\u0631\u062f\u06c1 \u0645\u0627\u0644\u06cc\u0627\u062a\u06cc \u0639\u0644\u0645 \u06a9\u06d2 \u0630\u0631\u06cc\u0639\u06c1 \u0636\u0645\u06cc\u0645\u06c1 \u062c\u0648 \u0628\u0646\u06cc\u0627\u062f\u06cc \u0627\u0635\u0648\u0644\u0648\u06ba \u06a9\u0648 \u0642\u0627\u0628\u0644 \u0641\u06c1\u0645 \u0628\u0646\u0627\u062a\u0627 \u06c1\u06d2\u06d4.<\/p>\n\n\n\n<p>\u0627\u0633 \u0645\u06cc\u06ba \u062f\u0648 \u0627\u06c1\u0645 \u0627\u062c\u0632\u0627\u0621 \u0634\u0627\u0645\u0644 \u06c1\u06cc\u06ba:<\/p>\n\n\n\n<ul class=\"wp-block-list\">\n<li><strong>\u0627\u0635\u0648\u0644 \u067e\u0631 \u0645\u0628\u0646\u06cc Wikifolio \u062d\u06a9\u0645\u062a \u0639\u0645\u0644\u06cc<\/strong>, \u060c \u062c\u0648 \u062a\u0646\u0648\u0639\u060c \u0633\u0627\u062e\u062a \u0627\u0648\u0631 \u0631\u0633\u06a9 \u0645\u06cc\u0646\u062c\u0645\u0646\u0679 \u06a9\u0648 \u06cc\u06a9\u062c\u0627 \u06a9\u0631\u062a\u0627 \u06c1\u06d2\u06d4<\/li>\n\n\n\n<li><strong>\u0645\u062e\u0635\u0648\u0635 \u0645\u0648\u0636\u0648\u0639\u0627\u062a \u0627\u0648\u0631 \u0645\u0627\u0644\u06cc\u0627\u062a\u06cc \u0639\u0644\u0645 \u0645\u06cc\u06ba \u06af\u06c1\u0631\u0627 \u063a\u0648\u0637\u06c1 \u0644\u06af\u0627\u0626\u06cc\u06ba\u06d4<\/strong>, \u060c \u062c\u0648 \u0627\u0633 \u0628\u0627\u062a \u06a9\u06cc \u0648\u0636\u0627\u062d\u062a \u06a9\u0631\u062a\u0627 \u06c1\u06d2 \u06a9\u06c1 \u0645\u0627\u0631\u06a9\u06cc\u0679\u06cc\u06ba \u06a9\u06cc\u0633\u06d2 \u06a9\u0627\u0645 \u06a9\u0631\u062a\u06cc \u06c1\u06cc\u06ba\u060c \u0639\u0648\u0627\u0645\u0644 \u0627\u0646 \u067e\u0631 \u06a9\u06cc\u0633\u06d2 \u0627\u062b\u0631 \u0627\u0646\u062f\u0627\u0632 \u06c1\u0648\u062a\u06d2 \u06c1\u06cc\u06ba\u060c \u0627\u0648\u0631 \u06a9\u0648\u0646 \u0633\u06d2 \u0645\u0648\u0636\u0648\u0639\u0627\u062a \u0637\u0648\u06cc\u0644 \u0645\u062f\u062a \u0645\u06cc\u06ba \u0645\u062a\u0639\u0644\u0642\u06c1 \u06c1\u06cc\u06ba<\/li>\n<\/ul>\n\n\n\n<p>\u06af\u06c1\u0631\u06d2 \u063a\u0648\u0637\u06d2 \u0633\u0631\u0645\u0627\u06cc\u06c1 \u06a9\u0627\u0631\u06cc \u06a9\u06d2 \u06a9\u0644\u06cc\u062f\u06cc \u0645\u0648\u0636\u0648\u0639\u0627\u062a\u060c \u0645\u0627\u0631\u06a9\u06cc\u0679 \u0645\u06cc\u06a9\u0627\u0646\u0632\u0645\u060c \u0627\u0648\u0631 \u0633\u0627\u0626\u0646\u0633\u06cc \u0646\u062a\u0627\u0626\u062c \u06a9\u0648 \u0631\u0648\u0634\u0646 \u06a9\u0631\u062a\u06d2 \u06c1\u06cc\u06ba \u2013 \u0627\u06cc\u06a9 \u062c\u0627\u0645\u0639\u060c \u0642\u0627\u0628\u0644 \u0641\u06c1\u0645\u060c \u0627\u0648\u0631 \u0628\u0631\u0627\u06c1 \u0631\u0627\u0633\u062a \u0642\u0627\u0628\u0644 \u0627\u0637\u0644\u0627\u0642 \u0627\u0646\u062f\u0627\u0632 \u0645\u06cc\u06ba\u06d4 \u0648\u06c1 \u0633\u0631\u0645\u0627\u06cc\u06c1 \u06a9\u0627\u0631\u0648\u06ba \u06a9\u0648 \u0631\u0627\u0628\u0637\u0648\u06ba \u06a9\u0648 \u067e\u06c1\u0686\u0627\u0646\u0646\u06d2\u060c \u0641\u06cc\u0635\u0644\u0648\u06ba \u06a9\u0648 \u0633\u06cc\u0627\u0642 \u0648 \u0633\u0628\u0627\u0642 \u06a9\u06d2 \u0645\u0637\u0627\u0628\u0642 \u0628\u0646\u0627\u0646\u06d2 \u0627\u0648\u0631 \u062d\u06a9\u0645\u062a \u0639\u0645\u0644\u06cc\u0648\u06ba \u06a9\u0648 \u0628\u06c1\u062a\u0631 \u0637\u0648\u0631 \u067e\u0631 \u0633\u0645\u062c\u06be\u0646\u06d2 \u0645\u06cc\u06ba \u0645\u062f\u062f \u06a9\u0631\u062a\u06d2 \u06c1\u06cc\u06ba\u06d4.<\/p>\n\n\n\n<p>\u0686\u06be\u062a\u0631\u06cc \u0648\u06a9\u06cc \u0641\u0648\u0644\u06cc\u0648 \u06a9\u06d2 \u0633\u0627\u062a\u06be <strong>\u0639\u0627\u0644\u0645\u06cc \u067e\u0631\u062a\u06cc\u06ba\u06d4<\/strong> \u0639\u0627\u0644\u0645\u06cc \u0645\u0627\u0631\u06a9\u06cc\u0679 \u067e\u0648\u0631\u0679 \u0641\u0648\u0644\u06cc\u0648 \u06a9\u0627 \u06c1\u062f\u0641 \u0627\u06cc\u06a9 \u06c1\u06cc \u067e\u0648\u0632\u06cc\u0634\u0646 \u0645\u06cc\u06ba \u0645\u0633\u062a\u0642\u0644 \u0637\u0648\u0631 \u067e\u0631 \u0646\u0627\u0641\u0630 \u06a9\u06cc\u0627 \u06af\u06cc\u0627 \u062a\u06be\u0627\u06d4 \u0632\u06cc\u0627\u062f\u06c1 \u06a9\u0645\u067e\u06cc\u06a9\u0679 \u0645\u062a\u0628\u0627\u062f\u0644 \u06a9\u06d2 \u0637\u0648\u0631 \u067e\u0631\u060c \u0628\u0646\u06cc\u0627\u062f\u06cc Wikifolio \u062f\u0633\u062a\u06cc\u0627\u0628 \u06c1\u06d2\u06d4 <strong>\u0639\u0627\u0644\u0645\u06cc \u0633\u0637\u062d \u067e\u0631 \u0633\u0645\u0627\u0631\u0679 \u0633\u0631\u0645\u0627\u06cc\u06c1 \u06a9\u0627\u0631\u06cc<\/strong> \u0627\u06cc\u06a9 \u0642\u0633\u0645 \u06a9\u06cc &quot;\u0639\u0627\u0644\u0645\u06cc \u062a\u06c1\u0648\u06ba \u06a9\u06cc \u0631\u0648\u0634\u0646\u06cc&quot;\u06d4.<\/p>\n\n\n\n<p>\u0627\u0633 \u0637\u0631\u062d Mueckinvest \u06a9\u0627 \u0645\u0642\u0635\u062f \u062f\u0648\u0646\u0648\u06ba \u062a\u062c\u0631\u0628\u06c1 \u06a9\u0627\u0631 \u0633\u0631\u0645\u0627\u06cc\u06c1 \u06a9\u0627\u0631\u0648\u06ba \u06a9\u06d2 \u0644\u06cc\u06d2 \u06c1\u06d2 \u062c\u0648 \u0645\u0648\u062c\u0648\u062f\u06c1 \u067e\u0648\u0631\u0679 \u0641\u0648\u0644\u06cc\u0648\u0632 \u0645\u06cc\u06ba \u0627\u06cc\u06a9 \u0645\u0648\u062b\u0631 \u0627\u0636\u0627\u0641\u06d2 \u06a9\u06d2 \u062e\u0648\u0627\u06c1\u0627\u06ba \u06c1\u06cc\u06ba \u0627\u0648\u0631 \u0627\u0628\u062a\u062f\u0627\u0626\u06cc \u0627\u0641\u0631\u0627\u062f \u062c\u0648 \u0627\u06cc\u06a9 \u06c1\u06cc \u0633\u0631\u0645\u0627\u06cc\u06c1 \u06a9\u0627\u0631\u06cc \u06a9\u06d2 \u0633\u0627\u062a\u06be \u0648\u0633\u06cc\u0639 \u067e\u06cc\u0645\u0627\u0646\u06d2 \u067e\u0631 \u0645\u062a\u0646\u0648\u0639 \u0645\u0627\u0631\u06a9\u06cc\u0679 \u067e\u0648\u0631\u0679 \u0641\u0648\u0644\u06cc\u0648 \u062a\u06a9 \u0631\u0633\u0627\u0626\u06cc \u0686\u0627\u06c1\u062a\u06d2 \u06c1\u06cc\u06ba - \u0627\u0648\u0631 \u0633\u0627\u062a\u06be \u06c1\u06cc \u0627\u0633\u06d2 \u0633\u0645\u062c\u06be\u0646\u06d2 \u06a9\u0627 \u0639\u0644\u0645 \u0628\u06be\u06cc\u06d4.<\/p>\n\n\n\n<div style=\"height:100px\" aria-hidden=\"true\" class=\"wp-block-spacer\"><\/div>\n\n\n\n<p>\u0628\u0631\u0627\u06c1 \u06a9\u0631\u0645 \u0646\u0648\u0679 \u06a9\u0631\u06cc\u06ba: Wikifolios \u0645\u06cc\u06ba \u0633\u0631\u0645\u0627\u06cc\u06c1 \u06a9\u0627\u0631\u06cc \u0645\u06cc\u06ba \u062e\u0637\u0631\u0627\u062a \u0634\u0627\u0645\u0644 \u06c1\u06cc\u06ba\u06d4 \u0645\u0627\u0636\u06cc \u06a9\u06cc \u06a9\u0627\u0631\u06a9\u0631\u062f\u06af\u06cc \u0645\u0633\u062a\u0642\u0628\u0644 \u06a9\u06d2 \u0646\u062a\u0627\u0626\u062c \u06a9\u0627 \u0642\u0627\u0628\u0644 \u0627\u0639\u062a\u0645\u0627\u062f \u0627\u0634\u0627\u0631\u06d2 \u0646\u06c1\u06cc\u06ba \u06c1\u06d2\u06d4 \u062a\u0641\u0635\u06cc\u0644\u0627\u062a [link\/document\/section] \u0645\u06cc\u06ba \u062f\u06cc\u06a9\u06be\u06cc\u06ba\u06d4 <strong><a href=\"https:\/\/mueckinvest.com\/ur\/%d8%a7%d9%85%d9%be%d8%b1%d9%86%d9%b9-2\/\" data-type=\"page\" data-id=\"2\">\u0627\u0645\u067e\u0631\u0646\u0679<\/a>.<\/strong><\/p>","protected":false},"excerpt":{"rendered":"<p>Mueckinvest entstand aus einem klaren Anspruch: Anlegern eine einfache M\u00f6glichkeit zu bieten, den globalen Markt in nur einer einzigen Depotposition abzubilden. Klassische Strategien bestehen oft aus vielen Einzelwerten oder Fonds \u2013 komplex in der Verwaltung und anf\u00e4llig f\u00fcr \u00dcber\u2011 oder Untergewichtungen. Mein Ansatz verfolgt deshalb ein eindeutiges Ziel: ein strukturiertes, global diversifiziertes Portfolio in einer [&hellip;]<\/p>\n","protected":false},"author":1,"featured_media":0,"parent":0,"menu_order":0,"comment_status":"closed","ping_status":"closed","template":"page-no-sidebar","meta":{"pmpro_default_level":"","_monsterinsights_skip_tracking":false,"_monsterinsights_sitenote_active":false,"_monsterinsights_sitenote_note":"","_monsterinsights_sitenote_category":0,"footnotes":""},"class_list":["post-1134","page","type-page","status-publish","hentry","pmpro-has-access"],"aioseo_notices":[],"_links":{"self":[{"href":"https:\/\/mueckinvest.com\/ur\/wp-json\/wp\/v2\/pages\/1134","targetHints":{"allow":["GET"]}}],"collection":[{"href":"https:\/\/mueckinvest.com\/ur\/wp-json\/wp\/v2\/pages"}],"about":[{"href":"https:\/\/mueckinvest.com\/ur\/wp-json\/wp\/v2\/types\/page"}],"author":[{"embeddable":true,"href":"https:\/\/mueckinvest.com\/ur\/wp-json\/wp\/v2\/users\/1"}],"replies":[{"embeddable":true,"href":"https:\/\/mueckinvest.com\/ur\/wp-json\/wp\/v2\/comments?post=1134"}],"version-history":[{"count":2,"href":"https:\/\/mueckinvest.com\/ur\/wp-json\/wp\/v2\/pages\/1134\/revisions"}],"predecessor-version":[{"id":4031,"href":"https:\/\/mueckinvest.com\/ur\/wp-json\/wp\/v2\/pages\/1134\/revisions\/4031"}],"wp:attachment":[{"href":"https:\/\/mueckinvest.com\/ur\/wp-json\/wp\/v2\/media?parent=1134"}],"curies":[{"name":"wp","href":"https:\/\/api.w.org\/{rel}","templated":true}]}}