{"id":90,"date":"2025-09-10T11:00:00","date_gmt":"2025-09-10T11:00:00","guid":{"rendered":"https:\/\/mueckinvest.de\/?page_id=90"},"modified":"2026-03-18T15:19:37","modified_gmt":"2026-03-18T14:19:37","slug":"hakkimda","status":"publish","type":"page","link":"https:\/\/mueckinvest.com\/tr\/ueber-mich\/","title":{"rendered":"Hakk\u0131mda"},"content":{"rendered":"<div class=\"wp-block-columns is-layout-flex wp-container-core-columns-is-layout-28f84493 wp-block-columns-is-layout-flex\">\n<div class=\"wp-block-column is-layout-flow wp-block-column-is-layout-flow\" style=\"flex-basis:66.66%\">\n<p>Benim ad\u0131m Steffen M\u00fcck, 1988 do\u011fumluyum, bilgisayar bilimciyim ve 2010 y\u0131l\u0131ndan beri finans piyasalar\u0131yla tutkuyla ilgileniyorum. Yakla\u015f\u0131m\u0131m a\u00e7\u0131k: <strong>kurala dayal\u0131, k\u00fcresel olarak \u00e7e\u015fitlendirilmi\u015f ve bilimsel olarak sa\u011flam<\/strong>.<\/p>\n\n\n\n<p>Stratejilerimi \u015fu esaslara dayanarak geli\u015ftiriyorum: <strong>net yap\u0131lar<\/strong>, <strong>sabit a\u011f\u0131rl\u0131klar<\/strong> ve bir <strong>disiplinli yeniden dengeleme<\/strong> ETF&#039;ler bunun temelini olu\u015fturarak azami \u015feffafl\u0131k, verimlilik ve kontroll\u00fc risk y\u00f6netimini sa\u011flar.<\/p>\n\n\n\n<p>Wikifolio&#039;lar\u0131m farkl\u0131 odak alanlar\u0131n\u0131 kaps\u0131yor:<\/p>\n\n\n\n<ul class=\"wp-block-list\">\n<li><strong>istikrar odakl\u0131 \u00e7oklu varl\u0131k portf\u00f6yleri<\/strong>,<\/li>\n\n\n\n<li><strong>y\u00fcksek b\u00fcy\u00fcme tematik stratejileri<\/strong>,<\/li>\n\n\n\n<li><strong>bilimsel olarak ge\u00e7erli fakt\u00f6r yakla\u015f\u0131mlar\u0131<\/strong>.<\/li>\n<\/ul>\n\n\n\n<p>Her portf\u00f6y \u015fu \u015fekilde ilerler: <strong>a\u00e7\u0131k\u00e7a tan\u0131mlanm\u0131\u015f kavram<\/strong>, Bu, k\u0131sa vadeli spek\u00fclasyonlardan ve abart\u0131lardan uzak, tutarl\u0131 bir \u015fekilde uygulanmaktad\u0131r.<\/p>\n\n\n\n<p>Mueckinvest ile bu deneyimimi modern teknolojiyle birle\u015ftiriyorum: <strong>yap\u0131land\u0131r\u0131lm\u0131\u015f derinlemesine incelemeler, hassas yapay zeka ve \u015feffaf stratejiler<\/strong>, Bu da yat\u0131r\u0131mc\u0131lara netlik, rehberlik ve uzun vadeli disiplin sa\u011flar.<\/p>\n\n\n\n<p>Amac\u0131m, sa\u011flam, anla\u015f\u0131labilir ve k\u00fcresel odakl\u0131 portf\u00f6yler geli\u015ftirmek ve ayn\u0131 zamanda yat\u0131r\u0131mc\u0131lar\u0131n bu yakla\u015f\u0131mlar\u0131 anlamalar\u0131 i\u00e7in ihtiya\u00e7 duyduklar\u0131 bilgiyi sa\u011flamakt\u0131r.<\/p>\n\n\n\n<p><strong>Ana tema:<\/strong> K\u00fcresel d\u00fc\u015f\u00fcn\u00fcn. Disiplinli bir \u015fekilde uygulay\u0131n.<\/p>\n\n\n\n<p>Ben bir finans dan\u0131\u015fman\u0131 de\u011filim; stratejilerim herkese a\u00e7\u0131k, kurallara dayal\u0131 model portf\u00f6ylerdir. Ben de ayn\u0131 prensiplere g\u00f6re yat\u0131r\u0131m yap\u0131yorum.<\/p>\n\n\n\n<p><\/p>\n<\/div>\n\n\n\n<div class=\"wp-block-column is-layout-flow wp-block-column-is-layout-flow\" style=\"flex-basis:33.33%\">\n<figure class=\"wp-block-image size-full is-resized\"><img loading=\"lazy\" decoding=\"async\" width=\"376\" height=\"480\" src=\"https:\/\/mueckinvest.com\/wp-content\/uploads\/2025\/09\/Steffen.jpg\" alt=\"\" class=\"wp-image-101\" style=\"width:187px;height:auto\" srcset=\"https:\/\/mueckinvest.com\/wp-content\/uploads\/2025\/09\/Steffen.jpg 376w, https:\/\/mueckinvest.com\/wp-content\/uploads\/2025\/09\/Steffen-235x300.jpg 235w\" sizes=\"auto, (max-width: 376px) 100vw, 376px\" \/><\/figure>\n<\/div>\n<\/div>","protected":false},"excerpt":{"rendered":"<p>Ich bin Steffen M\u00fcck, Jahrgang 1988, Informatiker und seit 2010 leidenschaftlich in den Finanzm\u00e4rkten unterwegs. Mein Ansatz ist klar: regelbasiert, global diversifiziert und wissenschaftlich fundiert. Ich entwickle Strategien, die auf klaren Strukturen, festen Gewichtungen und einem disziplinierten Rebalancing beruhen. ETFs bilden dabei die Grundlage \u2013 f\u00fcr maximale Transparenz, Effizienz und eine kontrollierte Risikosteuerung. Meine Wikifolios [&hellip;]<\/p>\n","protected":false},"author":1,"featured_media":0,"parent":0,"menu_order":0,"comment_status":"closed","ping_status":"closed","template":"page-no-sidebar","meta":{"pmpro_default_level":"","_monsterinsights_skip_tracking":false,"_monsterinsights_sitenote_active":false,"_monsterinsights_sitenote_note":"","_monsterinsights_sitenote_category":0,"footnotes":""},"class_list":["post-90","page","type-page","status-publish","hentry","pmpro-has-access"],"aioseo_notices":[],"_links":{"self":[{"href":"https:\/\/mueckinvest.com\/tr\/wp-json\/wp\/v2\/pages\/90","targetHints":{"allow":["GET"]}}],"collection":[{"href":"https:\/\/mueckinvest.com\/tr\/wp-json\/wp\/v2\/pages"}],"about":[{"href":"https:\/\/mueckinvest.com\/tr\/wp-json\/wp\/v2\/types\/page"}],"author":[{"embeddable":true,"href":"https:\/\/mueckinvest.com\/tr\/wp-json\/wp\/v2\/users\/1"}],"replies":[{"embeddable":true,"href":"https:\/\/mueckinvest.com\/tr\/wp-json\/wp\/v2\/comments?post=90"}],"version-history":[{"count":3,"href":"https:\/\/mueckinvest.com\/tr\/wp-json\/wp\/v2\/pages\/90\/revisions"}],"predecessor-version":[{"id":4033,"href":"https:\/\/mueckinvest.com\/tr\/wp-json\/wp\/v2\/pages\/90\/revisions\/4033"}],"wp:attachment":[{"href":"https:\/\/mueckinvest.com\/tr\/wp-json\/wp\/v2\/media?parent=90"}],"curies":[{"name":"wp","href":"https:\/\/api.w.org\/{rel}","templated":true}]}}