{"id":753,"date":"2025-11-05T11:00:00","date_gmt":"2025-11-05T11:00:00","guid":{"rendered":"https:\/\/mueckinvest.de\/?page_id=753"},"modified":"2026-01-23T08:08:01","modified_gmt":"2026-01-23T07:08:01","slug":"soezluek","status":"publish","type":"page","link":"https:\/\/mueckinvest.com\/tr\/glossar\/","title":{"rendered":"s\u00f6zl\u00fck"},"content":{"rendered":"<figure class=\"wp-block-table\"><table class=\"has-fixed-layout\"><thead><tr><th><strong>\u0130fade<\/strong><\/th><th><strong>tan\u0131m<\/strong><\/th><\/tr><\/thead><tbody><tr><td>stopaj vergisi<\/td><td>Almanya&#039;da sermaye kazan\u00e7lar\u0131na uygulanan sabit vergi.<\/td><\/tr><tr><td>payla\u015fmak<\/td><td>\u015eirket hissesi, sahiplik haklar\u0131 ve potansiyel hisse fiyat\u0131 art\u0131\u015f\u0131 sunar.<\/td><\/tr><tr><td>hisse senedi endeksi<\/td><td>Bir piyasan\u0131n performans\u0131n\u0131 \u00f6l\u00e7en hisse senedi sepeti.<\/td><\/tr><tr><td>alfa<\/td><td>Bir portf\u00f6y\u00fcn piyasaya k\u0131yasla elde etti\u011fi fazla getiri.<\/td><\/tr><tr><td>Yat\u0131r\u0131m ufku<\/td><td>Yat\u0131r\u0131mc\u0131n\u0131n yat\u0131r\u0131mda kalmak istedi\u011fi s\u00fcre.<\/td><\/tr><tr><td>Varl\u0131k Da\u011f\u0131l\u0131m\u0131<\/td><td>Sermayenin farkl\u0131 varl\u0131k s\u0131n\u0131flar\u0131 aras\u0131nda da\u011f\u0131t\u0131lmas\u0131.<\/td><\/tr><tr><td>Da\u011f\u0131t\u0131m<\/td><td>D\u00fczenli olarak getiri sa\u011flayan ETF veya fon.<\/td><\/tr><tr><td>Geri test etme<\/td><td>Bir stratejinin sa\u011flaml\u0131\u011f\u0131n\u0131 de\u011ferlendirmek i\u00e7in yap\u0131lan tarihsel sim\u00fclasyon.<\/td><\/tr><tr><td>Ay\u0131 Piyasas\u0131<\/td><td>Fiyatlar\u0131n daha uzun bir s\u00fcre boyunca d\u00fc\u015f\u00fc\u015f g\u00f6sterdi\u011fi piyasa evresi.<\/td><\/tr><tr><td>Davran\u0131\u015fsal Finans<\/td><td>Yat\u0131r\u0131mc\u0131lar\u0131n bili\u015fsel \u00f6nyarg\u0131lar\u0131 ve davran\u0131\u015f kal\u0131plar\u0131 hakk\u0131ndaki bilimsel \u00e7al\u0131\u015fmalar.<\/td><\/tr><tr><td>beta<\/td><td>Bir menkul k\u0131ymetin piyasaya k\u0131yasla oynakl\u0131\u011f\u0131n\u0131n bir \u00f6l\u00e7\u00fcs\u00fc.<\/td><\/tr><tr><td>Teklif etmek<\/td><td>Al\u0131c\u0131lar\u0131n \u00f6demeye raz\u0131 olduklar\u0131 maksimum fiyat.<\/td><\/tr><tr><td>arac\u0131<\/td><td>Menkul k\u0131ymet al\u0131m sat\u0131m\u0131 i\u00e7in kullan\u0131lan i\u015flem platformu.<\/td><\/tr><tr><td>Bo\u011fa Piyasas\u0131<\/td><td>Daha uzun bir s\u00fcre boyunca fiyatlar\u0131n y\u00fckseldi\u011fi piyasa evresi.<\/td><\/tr><tr><td>Al ve Tut<\/td><td>S\u0131k s\u0131k portf\u00f6y yeniden dengelemesi gerektirmeyen uzun vadeli yat\u0131r\u0131m stratejisi.<\/td><\/tr><tr><td>Nakit ak\u0131m\u0131<\/td><td>Bir \u015firkete net likit fon giri\u015fi.<\/td><\/tr><tr><td>\u00c7ekirdek Uydu<\/td><td>\u0130stikrarl\u0131 bir ana portf\u00f6y ve getiri odakl\u0131 yan varl\u0131klar\u0131n birle\u015fimi.<\/td><\/tr><tr><td>D\u00fczeltme<\/td><td>\u00d6nceki y\u00fckseli\u015fin ard\u0131ndan 10-20 % fiyat\u0131nda d\u00fc\u015f\u00fc\u015f ya\u015fand\u0131.<\/td><\/tr><tr><td>\u015femsiye wikifolio<\/td><td>Di\u011fer Wikifoliolara yat\u0131r\u0131m yapan bir Wikifolio.<\/td><\/tr><tr><td>deflasyon<\/td><td>Genel fiyat seviyelerinde d\u00fc\u015f\u00fc\u015f.<\/td><\/tr><tr><td>\u00c7e\u015fitlendirme<\/td><td>Riski azaltmak i\u00e7in sermayenin \u00e7e\u015fitlendirilmesi.<\/td><\/tr><tr><td>\u0130kametgah<\/td><td>Fonun yasal olarak kay\u0131tl\u0131 oldu\u011fu \u00fclke.<\/td><\/tr><tr><td>D\u00fc\u015f\u00fc\u015f<\/td><td>Zirveden dip noktas\u0131na kadar olan kay\u0131p.<\/td><\/tr><tr><td>\u00d6z sermaye karl\u0131l\u0131\u011f\u0131 (ROE)<\/td><td>Kar\/\u00f6z sermaye oran\u0131.<\/td><\/tr><tr><td>\u0130hra\u00e7\u00e7\u0131 riski<\/td><td>Yay\u0131nc\u0131n\u0131n iflas riski.<\/td><\/tr><tr><td>Emisyon (Sertifikas\u0131)<\/td><td>Bir sertifika sa\u011flay\u0131c\u0131s\u0131n\u0131n Wikifolio i\u00e7in al\u0131m sat\u0131ma uygun bir sertifika olu\u015fturdu\u011fu s\u00fcre\u00e7.<\/td><\/tr><tr><td>ETF<\/td><td>Endeksi takip eden borsa yat\u0131r\u0131m fonu.<\/td><\/tr><tr><td>Fakt\u00f6r yat\u0131r\u0131m\u0131<\/td><td>De\u011fer veya ivme gibi getiri fakt\u00f6rlerine dayal\u0131 yat\u0131r\u0131m.<\/td><\/tr><tr><td>Muafiyet emri<\/td><td>Bankalar\u0131n sermaye kazan\u00e7lar\u0131n\u0131 vergi muafiyeti s\u0131n\u0131r\u0131na kadar vergiden muaf tutmalar\u0131na olanak tan\u0131r.<\/td><\/tr><tr><td>Serbest Nakit Ak\u0131\u015f\u0131<\/td><td>Yat\u0131r\u0131mlardan sonra kullan\u0131labilir nakit ak\u0131\u015f\u0131.<\/td><\/tr><tr><td>Fon hacmi<\/td><td>Bir fonun t\u00fcm varl\u0131klar\u0131n\u0131n toplam de\u011feri.<\/td><\/tr><tr><td>B\u00fcy\u00fcme Yat\u0131r\u0131m\u0131<\/td><td>Y\u00fcksek b\u00fcy\u00fcme potansiyeline sahip \u015firketlere yat\u0131r\u0131m yap\u0131n.<\/td><\/tr><tr><td>Al\u0131m sat\u0131m platformu<\/td><td>Menkul k\u0131ymetlerin al\u0131n\u0131p sat\u0131ld\u0131\u011f\u0131 borsa veya platform.<\/td><\/tr><tr><td>S\u00fcr\u00fc i\u00e7g\u00fcd\u00fcs\u00fc<\/td><td>Kalabal\u0131\u011f\u0131 takip etme e\u011filimi.<\/td><\/tr><tr><td>Ev Taraf\u0131<\/td><td>Yerli yat\u0131r\u0131mlara a\u015f\u0131r\u0131 \u00f6nem verilmesi.<\/td><\/tr><tr><td>enflasyon<\/td><td>Genel fiyat seviyesinde art\u0131\u015f.<\/td><\/tr><tr><td>Endeks fonlar\u0131<\/td><td>Bir endeksi (mutlaka bir ETF olmas\u0131 gerekmez) taklit eden bir fon.<\/td><\/tr><tr><td>Yat\u0131r\u0131m yap\u0131labilirlik<\/td><td>Sertifika d\u00fczenlendi\u011fi ve al\u0131n\u0131p sat\u0131labilir hale geldi\u011fi anda Wikifolio&#039;nun stat\u00fcs\u00fc.<\/td><\/tr><tr><td>ISIN \/ WKN<\/td><td>Bir menkul k\u0131ymetin benzersiz kimlik numaras\u0131.<\/td><\/tr><tr><td>Sermaye Kazan\u00e7 Vergisi (KESt)<\/td><td>Sermaye kazan\u00e7lar\u0131 \u00fczerinden al\u0131nan vergi, dayan\u0131\u015fma ek vergisiyle birlikte uygulan\u0131r.<\/td><\/tr><tr><td>Sermaye geliri<\/td><td>Faiz, temett\u00fc veya sat\u0131\u015flardan elde edilen gelir.<\/td><\/tr><tr><td>KBV<\/td><td>Bir \u015firketin fiyat\/defter de\u011feri oran\u0131.<\/td><\/tr><tr><td>KCV<\/td><td>Fiyat\/nakit ak\u0131\u015f\u0131 oran\u0131.<\/td><\/tr><tr><td>P\/E oran\u0131<\/td><td>Bir \u015firketin fiyat-kazan\u00e7 oran\u0131.<\/td><\/tr><tr><td>korelasyon<\/td><td>\u0130ki sistemin birle\u015fik hareketinin \u00f6l\u00e7\u00fcs\u00fc.<\/td><\/tr><tr><td>Katman<\/td><td>Katmanlar halinde yap\u0131land\u0131r\u0131lm\u0131\u015f risk s\u0131n\u0131flar\u0131.<\/td><\/tr><tr><td>Ana faiz oran\u0131<\/td><td>Bankalar\u0131n merkez bankas\u0131ndan yeniden finansman sa\u011flayabilecekleri faiz oran\u0131.<\/td><\/tr><tr><td>Limit Emri<\/td><td>Sabit fiyattan veya daha iyi bir fiyattan al\u0131m\/sat\u0131m.<\/td><\/tr><tr><td>likidite<\/td><td>Bir menkul k\u0131ymetin ne kadar kolay al\u0131n\u0131p sat\u0131labilece\u011fi.<\/td><\/tr><tr><td>Piyasa Emri<\/td><td>Mevcut piyasa fiyat\u0131ndan an\u0131nda i\u015flem ger\u00e7ekle\u015ftirilecektir.<\/td><\/tr><tr><td>Maksimum D\u00fc\u015f\u00fc\u015f (MDD)<\/td><td>Bir portf\u00f6y\u00fcn en y\u00fcksek noktas\u0131ndan en d\u00fc\u015f\u00fck noktas\u0131na kadar ya\u015fad\u0131\u011f\u0131 en b\u00fcy\u00fck tarihi kay\u0131p.<\/td><\/tr><tr><td>Megatrend<\/td><td>K\u00fcresel \u00f6l\u00e7ekte uzun vadeli ve \u00f6nemli pazar etkisi yaratan bir geli\u015fim.<\/td><\/tr><tr><td>\u0130vme<\/td><td>Son d\u00f6nemde g\u00fc\u00e7l\u00fc performans g\u00f6steren hisselere odaklanan bir strateji.<\/td><\/tr><tr><td>\u00d6rnek portf\u00f6y<\/td><td>\u00d6rnek portf\u00f6y (yol g\u00f6sterici nitelikte).<\/td><\/tr><tr><td>Sipari\u015f defteri<\/td><td>T\u00fcm al\u0131m ve sat\u0131m emirlerinin listesi.<\/td><\/tr><tr><td>Sipari\u015f formu<\/td><td>Arac\u0131 kurumdaki sipari\u015f giri\u015f formu.<\/td><\/tr><tr><td>\u00dcst\u00fcn performans<\/td><td>Referans endeksin \u00fczerinde getiri.<\/td><\/tr><tr><td>Performans \u00fccreti<\/td><td>Olumlu geli\u015fme durumunda performansa dayal\u0131 \u00fccretlendirme.<\/td><\/tr><tr><td>Fiziksel olarak kopyalama<\/td><td>\u0130\u00e7eri\u011finde yer alan menkul k\u0131ymetleri ger\u00e7ekten sat\u0131n alan bir ETF.<\/td><\/tr><tr><td>Portf\u00f6y<\/td><td>Sahip olunan t\u00fcm menkul k\u0131ymetlerin toplam\u0131.<\/td><\/tr><tr><td>Nicel yat\u0131r\u0131m<\/td><td>Veriye dayal\u0131 kural tabanl\u0131 yat\u0131r\u0131m.<\/td><\/tr><tr><td>Yeniden dengeleme<\/td><td>Orijinal portf\u00f6y a\u011f\u0131rl\u0131kland\u0131rmas\u0131n\u0131n geri y\u00fcklenmesi.<\/td><\/tr><tr><td>geri d\u00f6nmek<\/td><td>Belirli bir s\u00fcre zarf\u0131nda elde edilen yat\u0131r\u0131m getirisi.<\/td><\/tr><tr><td>durgunluk<\/td><td>Birka\u00e7 \u00e7eyrek boyunca s\u00fcren ekonomik yava\u015flama.<\/td><\/tr><tr><td>Risk E\u015fitli\u011fi<\/td><td>Her varl\u0131k s\u0131n\u0131f\u0131n\u0131n e\u015fit miktarda risk ta\u015f\u0131d\u0131\u011f\u0131 bir strateji.<\/td><\/tr><tr><td>Risk s\u0131n\u0131f\u0131<\/td><td>Dalgalanma yo\u011funlu\u011funa g\u00f6re s\u0131n\u0131fland\u0131rma.<\/td><\/tr><tr><td>Puanlama modeli<\/td><td>Hisse senedi se\u00e7imi derecelendirme sistemi.<\/td><\/tr><tr><td>Sharpe Oran\u0131<\/td><td>Risk-getiri oran\u0131.<\/td><\/tr><tr><td>SICAV<\/td><td>De\u011fi\u015fken sermayeli Avrupa fon yap\u0131s\u0131.<\/td><\/tr><tr><td>Sortino Oran\u0131<\/td><td>Getiri oran\u0131, riskin azalmas\u0131yla orant\u0131l\u0131d\u0131r.<\/td><\/tr><tr><td>Tasarruf \u00f6dene\u011fi<\/td><td>Sermaye kazan\u00e7lar\u0131 i\u00e7in y\u0131ll\u0131k vergi muafiyeti.<\/td><\/tr><tr><td>Yaymak<\/td><td>Al\u0131\u015f ve sat\u0131\u015f fiyat\u0131 aras\u0131ndaki fark.<\/td><\/tr><tr><td>Vergi erteleme etkisi<\/td><td>Vergi \u00f6demelerini gelece\u011fe ertelemek.<\/td><\/tr><tr><td>Al\u0131m durdurma emri<\/td><td>Belirli bir fiyat\u0131n a\u015f\u0131lmas\u0131 durumunda tetiklenen bir al\u0131\u015f emri.<\/td><\/tr><tr><td>Durdurma limiti emri<\/td><td>Durdurma fiyat\u0131na ula\u015f\u0131ld\u0131\u011f\u0131nda aktif hale gelen bir emir.<\/td><\/tr><tr><td>Zarar durdurma emri<\/td><td>Zararlar\u0131 s\u0131n\u0131rlamak i\u00e7in emir.<\/td><\/tr><tr><td>Takas ETF&#039;si<\/td><td>Takas i\u015flemi yoluyla bir endeksi kopyalayan sentetik ETF.<\/td><\/tr><tr><td>Sentetik olarak kopyalama<\/td><td>T\u00fcrev \u00fcr\u00fcnler veya takaslar kullanarak bir endeksi takip eden ETF.<\/td><\/tr><tr><td>TER<\/td><td>Bir fonun toplam gider oran\u0131.<\/td><\/tr><tr><td>Biriken<\/td><td>K\u00e2rlar otomatik olarak yeniden yat\u0131r\u0131ma d\u00f6n\u00fc\u015ft\u00fcr\u00fcl\u00fcr.<\/td><\/tr><tr><td>\u0130zleme Fark\u0131<\/td><td>ETF&#039;nin getirisinin endeksten sapmas\u0131.<\/td><\/tr><tr><td>\u0130zleme Hatas\u0131<\/td><td>Endeksten sapman\u0131n dalgalanmas\u0131.<\/td><\/tr><tr><td>Takip Dura\u011f\u0131<\/td><td>Fiyat art\u0131\u015flar\u0131na otomatik olarak uyum sa\u011flayan dinamik stop-loss.<\/td><\/tr><tr><td>Trend filtresi<\/td><td>Piyasa trendlerini belirleme kural\u0131.<\/td><\/tr><tr><td>Trendleri takip etmek<\/td><td>Mevcut trendler \u00fczerine kurulu bir strateji.<\/td><\/tr><tr><td>UCITS<\/td><td>Avrupa fon d\u00fczenlemeleri.<\/td><\/tr><tr><td>evren<\/td><td>Bir stratejinin se\u00e7im yapt\u0131\u011f\u0131 t\u00fcm menkul k\u0131ymetlerin k\u00fcmesi.<\/td><\/tr><tr><td>Performans yetersizli\u011fi<\/td><td>Referans endeksin alt\u0131nda getiri.<\/td><\/tr><tr><td>De\u011fer<\/td><td>De\u011ferinin alt\u0131nda i\u015flem g\u00f6ren \u015firketlere yat\u0131r\u0131m yapmak.<\/td><\/tr><tr><td>Kay\u0131ptan ka\u00e7\u0131nma<\/td><td>Kazan\u00e7lardan ziyade kay\u0131plar\u0131 a\u015f\u0131r\u0131 \u00f6nemseme e\u011filimi.<\/td><\/tr><tr><td>Volatilite<\/td><td>Bir menkul k\u0131ymetin oynakl\u0131\u011f\u0131n\u0131n \u00f6l\u00e7\u00fcs\u00fc.<\/td><\/tr><tr><td>Volatilite Hedefleme<\/td><td>Belirlenen hedef oynakl\u0131\u011fa g\u00f6re pozisyon b\u00fcy\u00fckl\u00fcklerini ayarlama.<\/td><\/tr><tr><td>avans \u00f6demesi<\/td><td>Biriken fonlar\u0131n sabit oranl\u0131 vergilendirilmesi.<\/td><\/tr><tr><td>Wikifolio<\/td><td>\u00d6rnek bir portf\u00f6y\u00fcn performans\u0131n\u0131 yans\u0131tan bir sertifika.<\/td><\/tr><tr><td>Wikifolio sertifikas\u0131<\/td><td>Wikifolio&#039;nun al\u0131m sat\u0131m\u0131 yap\u0131labilen bir menkul k\u0131ymeti.<\/td><\/tr><tr><td>Sertifika \u00fccreti<\/td><td>Wikifolio sertifikas\u0131n\u0131n devam eden maliyetleri.<\/td><\/tr><tr><td>Faiz oranlar\u0131nda d\u00f6n\u00fc\u015f\u00fcm<\/td><td>Para politikas\u0131n\u0131n y\u00f6n\u00fcnde de\u011fi\u015fiklik (\u00f6rne\u011fin, faiz art\u0131r\u0131mlar\u0131ndan faiz indirimlerine ge\u00e7i\u015f).<\/td><\/tr><\/tbody><\/table><\/figure>","protected":false},"excerpt":{"rendered":"<p>Begriff Definition Abgeltungssteuer Pauschale Steuer auf Kapitalertr\u00e4ge in Deutschland. Aktie Unternehmensanteil, der Eigentumsrechte und potenzielle Kursgewinne bietet. Aktienindex Korb aus Aktien, der die Entwicklung eines Marktes misst. Alpha \u00dcberrendite eines Portfolios im Vergleich zum Markt. Anlagehorizont Zeitraum, \u00fcber den ein Anleger investiert bleiben m\u00f6chte. Asset Allocation Verteilung des Kapitals auf verschiedene Anlageklassen. Aussch\u00fcttend ETF oder [&hellip;]<\/p>\n","protected":false},"author":1,"featured_media":0,"parent":0,"menu_order":0,"comment_status":"closed","ping_status":"closed","template":"page-no-sidebar","meta":{"pmpro_default_level":"","_monsterinsights_skip_tracking":false,"_monsterinsights_sitenote_active":false,"_monsterinsights_sitenote_note":"","_monsterinsights_sitenote_category":0,"footnotes":""},"class_list":["post-753","page","type-page","status-publish","hentry","pmpro-has-access"],"aioseo_notices":[],"_links":{"self":[{"href":"https:\/\/mueckinvest.com\/tr\/wp-json\/wp\/v2\/pages\/753","targetHints":{"allow":["GET"]}}],"collection":[{"href":"https:\/\/mueckinvest.com\/tr\/wp-json\/wp\/v2\/pages"}],"about":[{"href":"https:\/\/mueckinvest.com\/tr\/wp-json\/wp\/v2\/types\/page"}],"author":[{"embeddable":true,"href":"https:\/\/mueckinvest.com\/tr\/wp-json\/wp\/v2\/users\/1"}],"replies":[{"embeddable":true,"href":"https:\/\/mueckinvest.com\/tr\/wp-json\/wp\/v2\/comments?post=753"}],"version-history":[{"count":2,"href":"https:\/\/mueckinvest.com\/tr\/wp-json\/wp\/v2\/pages\/753\/revisions"}],"predecessor-version":[{"id":2968,"href":"https:\/\/mueckinvest.com\/tr\/wp-json\/wp\/v2\/pages\/753\/revisions\/2968"}],"wp:attachment":[{"href":"https:\/\/mueckinvest.com\/tr\/wp-json\/wp\/v2\/media?parent=753"}],"curies":[{"name":"wp","href":"https:\/\/api.w.org\/{rel}","templated":true}]}}