{"id":4161,"date":"2026-03-23T11:00:00","date_gmt":"2026-03-23T10:00:00","guid":{"rendered":"https:\/\/mueckinvest.com\/?page_id=4161"},"modified":"2026-03-23T11:00:00","modified_gmt":"2026-03-23T10:00:00","slug":"analizler","status":"publish","type":"page","link":"https:\/\/mueckinvest.com\/tr\/analysen\/","title":{"rendered":"Analizler"},"content":{"rendered":"<p>A\u015fa\u011f\u0131daki analizler, finans piyasalar\u0131ndaki en \u00f6nemli geli\u015fmelere dair \u00f6zl\u00fc bir genel bak\u0131\u015f sunmaktad\u0131r. Her kategori, en son trendleri \u00f6zetlemekte ve piyasalar\u0131, faiz oranlar\u0131n\u0131, emtialar\u0131, gayrimenkul\u00fc ve kripto paralar\u0131 \u015fekillendiren fakt\u00f6rleri g\u00f6stermektedir. Makaleler otomatik olarak g\u00fcncellenmekte ve kolayca incelenebilmektedir; bu sayede en g\u00fcncel de\u011ferlendirmelere her zaman ula\u015f\u0131labilir.<\/p>\n\n\n    <form method=\"GET\" class=\"mi-analysis-filter\" style=\"margin-bottom:25px;\" action=\"\">\n\n        <label>Y\u0131l:<\/label>\n        <select name=\"jahr\">\n                            <option value=\"2026\" selected>2026<\/option>\n                            <option value=\"2025\" >2025<\/option>\n                    <\/select>\n\n        <label style=\"margin-left:20px;\">\u00c7eyrek:<\/label>\n        <select name=\"quartal\">\n            <option value=\"0\"  selected>T\u00fcm<\/option>\n            <option value=\"1\"  >1. \u00c7eyrek (Ocak\u2013Mart)<\/option>\n            <option value=\"2\"  >2. \u00c7eyrek (Nisan-Haziran)<\/option>\n            <option value=\"3\"  >3. \u00c7eyrek (Temmuz-Eyl\u00fcl)<\/option>\n            <option value=\"4\"  >4. \u00c7eyrek (Ekim-Aral\u0131k)<\/option>\n        <\/select>\n\n        <button type=\"submit\" style=\"margin-left:20px;\">Filtrele<\/button>\n\n    <input type=\"hidden\" name=\"trp-form-language\" value=\"tr\"\/><\/form>\n    <h4>Pazar analizi<\/h4><ul class=\"mi-analysis-list\"><li><a href=\"https:\/\/mueckinvest.com\/tr\/marktanalyse-maerz-2026\/\">Marktanalyse: M\u00e4rz 2026<\/a> <span style=\"opacity:0.6;\">(04/01/2026)<\/span><\/li><li><a href=\"https:\/\/mueckinvest.com\/tr\/marktanalyse-februar-2026\/\">Pazar analizi: \u015eubat 2026<\/a> <span style=\"opacity:0.6;\">(03/01/2026)<\/span><\/li><li><a href=\"https:\/\/mueckinvest.com\/tr\/marktanalyse-januar-2026\/\">Pazar analizi: Ocak 2026<\/a> <span style=\"opacity:0.6;\">(02/01/2026)<\/span><\/li><\/ul><h4>Kripto analizi<\/h4><ul class=\"mi-analysis-list\"><li><a href=\"https:\/\/mueckinvest.com\/tr\/crypto-analyse-23-maerz-2026\/\">Crypto-Analyse: M\u00e4rz 2026<\/a> <span style=\"opacity:0.6;\">(18/03/2026)<\/span><\/li><\/ul><h4>Gayrimenkul analizi<\/h4><ul class=\"mi-analysis-list\"><li><a href=\"https:\/\/mueckinvest.com\/tr\/immobilienanalyse-maerz-2026\/\">Immobilienanalyse: M\u00e4rz 2026<\/a> <span style=\"opacity:0.6;\">(25/03/2026)<\/span><\/li><\/ul><h4>Ham madde analizi<\/h4><ul class=\"mi-analysis-list\"><li><a href=\"https:\/\/mueckinvest.com\/tr\/rohstoffanalyse-maerz-2026\/\">Rohstoffanalyse: M\u00e4rz 2026<\/a> <span style=\"opacity:0.6;\">(03/11/2026)<\/span><\/li><\/ul><h4>Sekt\u00f6r radar\u0131<\/h4><ul class=\"mi-analysis-list\"><li><a href=\"https:\/\/mueckinvest.com\/tr\/sektor-radar-maerz-2026\/\">Sektor-Radar: M\u00e4rz 2026<\/a> <span style=\"opacity:0.6;\">(03/08/2026)<\/span><\/li><\/ul><h4>Para birimi analizi<\/h4><ul class=\"mi-analysis-list\"><li><a href=\"https:\/\/mueckinvest.com\/tr\/waehrungsanalyse-maerz-2026\/\">W\u00e4hrungsanalyse: M\u00e4rz 2026<\/a> <span style=\"opacity:0.6;\">(15/03/2026)<\/span><\/li><\/ul><h4>Faiz oran\u0131 analizi<\/h4><ul class=\"mi-analysis-list\"><li><a href=\"https:\/\/mueckinvest.com\/tr\/zinsanalyse-april-2026\/\">Zinsanalyse: April 2026<\/a> <span style=\"opacity:0.6;\">(04/04/2026)<\/span><\/li><li><a href=\"https:\/\/mueckinvest.com\/tr\/zinsanalyse-maerz-2026\/\">Zinsanalyse: M\u00e4rz 2026<\/a> <span style=\"opacity:0.6;\">(03/04/2026)<\/span><\/li><\/ul><h4>Y\u0131ll\u0131k analiz<\/h4><ul class=\"mi-analysis-list\"><li style=\"opacity:0.6;\">Se\u00e7ilen d\u00f6nemde hi\u00e7 payla\u015f\u0131m yok.<\/li><\/ul>","protected":false},"excerpt":{"rendered":"<div class=\"pmpro\"><div class=\"pmpro_card pmpro_content_message\"><h2 class=\"pmpro_card_title pmpro_font-large\"><svg xmlns=\"http:\/\/www.w3.org\/2000\/svg\" width=\"24\" height=\"24\" viewbox=\"0 0 24 24\" fill=\"none\" stroke=\"var(--pmpro--color--accent)\" stroke-width=\"2\" stroke-linecap=\"round\" stroke-linejoin=\"round\" class=\"feather feather-lock\"><rect x=\"3\" y=\"11\" width=\"18\" height=\"11\" rx=\"2\" ry=\"2\"><\/rect><path d=\"M7 11V7a5 5 0 0 1 10 0v4\"><\/path><\/svg>Membership Required<\/h2><div class=\"pmpro_card_content\"><p> You must be a member to access this content.<\/p><p><a class=\"pmpro_btn\" href=\"https:\/\/mueckinvest.com\/tr\/pakete\/\">View Membership Levels<\/a><\/p><\/div><div class=\"pmpro_card_actions pmpro_font-medium\">Already a member? <a href=\"https:\/\/mueckinvest.com\/tr\/login-2\/?redirect_to=https%3A%2F%2Fmueckinvest.com%2Ftr%2Fzinsanalyse-maerz-2026%2F\">Log in here<\/a><\/div><\/div><\/div>","protected":false},"author":1,"featured_media":0,"parent":0,"menu_order":0,"comment_status":"closed","ping_status":"closed","template":"","meta":{"pmpro_default_level":"","_monsterinsights_skip_tracking":false,"_monsterinsights_sitenote_active":false,"_monsterinsights_sitenote_note":"","_monsterinsights_sitenote_category":0,"footnotes":""},"class_list":["post-4161","page","type-page","status-publish","hentry","pmpro-has-access"],"aioseo_notices":[],"_links":{"self":[{"href":"https:\/\/mueckinvest.com\/tr\/wp-json\/wp\/v2\/pages\/4161","targetHints":{"allow":["GET"]}}],"collection":[{"href":"https:\/\/mueckinvest.com\/tr\/wp-json\/wp\/v2\/pages"}],"about":[{"href":"https:\/\/mueckinvest.com\/tr\/wp-json\/wp\/v2\/types\/page"}],"author":[{"embeddable":true,"href":"https:\/\/mueckinvest.com\/tr\/wp-json\/wp\/v2\/users\/1"}],"replies":[{"embeddable":true,"href":"https:\/\/mueckinvest.com\/tr\/wp-json\/wp\/v2\/comments?post=4161"}],"version-history":[{"count":1,"href":"https:\/\/mueckinvest.com\/tr\/wp-json\/wp\/v2\/pages\/4161\/revisions"}],"predecessor-version":[{"id":4162,"href":"https:\/\/mueckinvest.com\/tr\/wp-json\/wp\/v2\/pages\/4161\/revisions\/4162"}],"wp:attachment":[{"href":"https:\/\/mueckinvest.com\/tr\/wp-json\/wp\/v2\/media?parent=4161"}],"curies":[{"name":"wp","href":"https:\/\/api.w.org\/{rel}","templated":true}]}}