{"id":3984,"date":"2026-03-13T11:00:00","date_gmt":"2026-03-13T10:00:00","guid":{"rendered":"https:\/\/mueckinvest.com\/?page_id=3984"},"modified":"2026-03-17T17:00:00","modified_gmt":"2026-03-17T16:00:00","slug":"hikaye","status":"publish","type":"page","link":"https:\/\/mueckinvest.com\/tr\/geschichte\/","title":{"rendered":"Tarih\u00e7e, geli\u015fim ve yol haritas\u0131"},"content":{"rendered":"<p><strong>Geli\u015fimimi neden a\u00e7\u0131k\u00e7a g\u00f6steriyorum?<\/strong><\/p>\n\n\n\n<p>Benim i\u00e7in Mueckinvest&#039;in ad\u0131m ad\u0131m nas\u0131l geli\u015fti\u011fini \u015feffaf bir \u015fekilde g\u00f6stermek \u00e7ok \u00f6nemli. \u00d6zellikle finans sekt\u00f6r\u00fcnde g\u00fcven \u00e7ok \u00f6nemli ve g\u00fcven, bir \u00fcr\u00fcn\u00fcn nas\u0131l yarat\u0131ld\u0131\u011f\u0131n\u0131, b\u00fcy\u00fcd\u00fc\u011f\u00fcn\u00fc ve geli\u015fti\u011fini anlayabildi\u011finizde in\u015fa edilir. Bu y\u00fczden 2025&#039;ten beri yolculu\u011fumu belgeliyorum ve \u00fczerinde \u00e7al\u0131\u015ft\u0131\u011f\u0131m \u015feyleri, halihaz\u0131rda elde edilenleri ve sonraki ad\u0131mlar\u0131 a\u00e7\u0131k\u00e7a g\u00f6steriyorum.<\/p>\n\n\n\n<details class=\"wp-block-details is-layout-flow wp-block-details-is-layout-flow\"><summary><strong>2025<\/strong><\/summary>\n<h2 class=\"wp-block-heading\">A\u011fustos 2025 \u2013 Analiz a\u015famas\u0131: Wikifolio&#039;lar odak noktas\u0131nda<\/h2>\n\n\n\n<p>Mueckinvest&#039;in ba\u015flang\u0131\u00e7 noktas\u0131. Bu a\u015famada, Wikifolio&#039;lar\u0131n detayl\u0131 analizi, yat\u0131r\u0131m stratejileri ve tipik yat\u0131r\u0131mc\u0131 hatalar\u0131na odaklan\u0131ld\u0131. Elde edilen bilgiler, daha sonraki net, anla\u015f\u0131labilir ve uzun vadeli odakl\u0131 bir finansal platform fikrinin temelini olu\u015fturdu.<\/p>\n\n\n\n<h2 class=\"wp-block-heading\">Ekim 2025 \u2013 \u0130lk web sitesi ve marka olu\u015fturma<\/h2>\n\n\n\n<p>Mueckinvest web sitesinin ilk versiyonu yay\u0131na girdi. Ama\u00e7, finansal bilgileri yap\u0131land\u0131r\u0131lm\u0131\u015f ve anla\u015f\u0131labilir bir \u015fekilde sunmakt\u0131. Ayn\u0131 zamanda, minimalist, ger\u00e7ek\u00e7i ve uzun vadeli odakl\u0131 bir marka kimli\u011fi de geli\u015ftirildi.<\/p>\n\n\n\n<h2 class=\"wp-block-heading\">Aral\u0131k 2025 \u2013 Tematik Derinlemesine \u0130ncelemeler<\/h2>\n\n\n\n<p>\u0130\u00e7erik \u00fczerinde yo\u011fun \u00e7al\u0131\u015fmalar ba\u015flad\u0131. Kapsaml\u0131 projeler olu\u015fturuldu. <a href=\"https:\/\/mueckinvest.com\/tr\/derinlemesine-inceleme-konulari\/\" title=\"Konulara Derinlemesine Bak\u0131\u015f\">Derinlemesine incelemeler<\/a> ETF&#039;ler, risk, \u00e7e\u015fitlendirme, <a href=\"https:\/\/mueckinvest.com\/tr\/yeniden-dengeleme-2\/\" title=\"Yeniden dengeleme\">Yeniden dengeleme <\/a>ve uzun vadeli yat\u0131r\u0131m stratejileri. Bu i\u00e7erik daha sonra Mueckinvest yapay zekas\u0131n\u0131n bilgi taban\u0131 haline geldi.<\/p>\n<\/details>\n\n\n\n<details class=\"wp-block-details is-layout-flow wp-block-details-is-layout-flow\"><summary><strong>2026<\/strong><\/summary>\n<h2 class=\"wp-block-heading\">Ocak 2026 \u2013 Android uygulama geli\u015ftirmenin ba\u015flang\u0131c\u0131<\/h2>\n\n\n\n<p>Teknik uygulamaya resmi ba\u015flang\u0131\u00e7. Mimari, bilin\u00e7li olarak yal\u0131n, \u00f6l\u00e7eklenebilir ve k\u00fcresel olarak uygulanabilir olacak \u015fekilde tasarland\u0131. \u0130lk kullan\u0131c\u0131 aray\u00fcz\u00fc prototipleri ve ETF bilgileri i\u00e7in veri modeli geli\u015ftirildi.<\/p>\n\n\n\n<h2 class=\"wp-block-heading\">\u015eubat 2026 \u2013 Yapay Zekan\u0131n Kurulu\u015fu<\/h2>\n\n\n\n<p>Ba\u015flang\u0131c\u0131 <a href=\"https:\/\/mueckinvest.com\/tr\/mueckinvest-ki\/\" title=\"Mueckinvest Yapay Zeka\">Yapay zeka entegrasyonu<\/a> Genel ge\u00e7er cevaplar yerine ger\u00e7ek a\u00e7\u0131klay\u0131c\u0131 uzmanl\u0131\u011fa odaklan\u0131larak, RAG i\u015flem hatt\u0131, ilk g\u00f6m\u00fcl\u00fc vekt\u00f6rler ve vekt\u00f6r veritaban\u0131 yap\u0131lar\u0131 geli\u015ftirildi. Buna paralel olarak, k\u00fcresel da\u011f\u0131t\u0131m i\u00e7in \u00e7ok dilli destek planlamas\u0131na ba\u015fland\u0131.<\/p>\n\n\n\n<h2 class=\"wp-block-heading\">17 Mart 2026 \u2013 F\u0131rlatma tamamland\u0131 \ud83c\udf0d<\/h2>\n\n\n\n<p>Android <a href=\"https:\/\/mueckinvest.com\/tr\/android-uygulamasi\/\" title=\"Mueckinvest Uygulamas\u0131\">Mueckinvest uygulamas\u0131<\/a> Sistem art\u0131k yay\u0131nda. Yo\u011fun haz\u0131rl\u0131klar\u0131n ard\u0131ndan k\u00fcresel altyap\u0131 kuruldu, sunucular sorunsuz \u00e7al\u0131\u015f\u0131yor ve yapay zeka \u015fimdiden g\u00fc\u00e7l\u00fc sonu\u00e7lar veriyor.<\/p>\n<\/details>\n\n\n\n<details class=\"wp-block-details is-layout-flow wp-block-details-is-layout-flow\"><summary><strong>Planlama \/ Yol Haritas\u0131<\/strong><\/summary>\n<h2 class=\"wp-block-heading\">Nisan \u2013 Haziran 2026<\/h2>\n\n\n\n<p>\u201eMueckinvest\u201c + \u201eMueckinvest AI\u201cnin yerel iOS s\u00fcr\u00fcm\u00fcn\u00fcn geli\u015ftirilmesine ba\u015flan\u0131yor. Ama\u00e7, mevcut web ve Android deneyimini tam olarak tamamlayan, istikrarl\u0131, h\u0131zl\u0131 ve sezgisel bir uygulama olu\u015fturmakt\u0131r.<\/p>\n\n\n\n<p>Android uygulamas\u0131 (\u201eMueckinvest\u201c) ile birlikte, ba\u011f\u0131ms\u0131z \u201eMueckinvest AI\u201c uygulamas\u0131 da piyasaya s\u00fcr\u00fclecek. Bu uygulama, ETF&#039;ler, uzun vadeli yat\u0131r\u0131m ve finansal e\u011fitim hakk\u0131nda \u00f6zel bir yapay zeka sohbeti sunuyor ve 20 dil ve uluslararas\u0131 kullan\u0131c\u0131lar i\u00e7in optimize edilmi\u015ftir.<\/p>\n\n\n\n<h2 class=\"wp-block-heading\">2026 y\u0131l\u0131n\u0131n sonuna kadar<\/h2>\n\n\n\n<p><strong>mimari istikrar<\/strong>Y\u0131l sonuna kadar, Mueckinvest&#039;in teknik altyap\u0131s\u0131n\u0131 daha da g\u00fc\u00e7lendirmeye odaklan\u0131lacak. Mevcut sunucu ve veritaban\u0131 mimarisi, ger\u00e7ek d\u00fcnya kullan\u0131c\u0131 ko\u015fullar\u0131 alt\u0131nda s\u00fcrekli olarak izlenecek, optimize edilecek ve test edilecektir. Ama\u00e7, t\u00fcm uluslararas\u0131 pazarlar i\u00e7in kal\u0131c\u0131 olarak istikrarl\u0131, \u00f6l\u00e7eklenebilir ve g\u00fcvenilir bir platform olu\u015fturmakt\u0131r.<\/p>\n\n\n\n<p><strong>Devam eden hata d\u00fczeltmeleri<\/strong>Giderek artan i\u015flev yelpazesi ve ilk kullan\u0131c\u0131 geri bildirimleriyle birlikte, sistematik hata analizi art\u0131k odak noktas\u0131 haline geldi. Tespit edilen hatalar derhal d\u00fczeltiliyor, s\u00fcre\u00e7ler iyile\u015ftiriliyor ve uygulamalar\u0131n genel performans\u0131 daha da geli\u015ftiriliyor.<\/p>\n\n\n\n<p><strong>Kalite g\u00fcvencesi ve ince ayar<\/strong>Teknik d\u00fczenlemelere ek olarak, kullan\u0131c\u0131 aray\u00fcz\u00fc detaylar\u0131, y\u00fckleme s\u00fcreleri, yapay zeka yan\u0131t kalitesi ve \u00e7ok dilli destek s\u00fcrekli olarak optimize edilmektedir. Odak noktas\u0131, Mueckinvest&#039;i y\u0131l sonuna kadar istikrarl\u0131, sorunsuz \u00e7al\u0131\u015fan ve uluslararas\u0131 alanda kullan\u0131labilir bir finansal yapay zeka platformuna d\u00f6n\u00fc\u015ft\u00fcrmektir.<\/p>\n<\/details>","protected":false},"excerpt":{"rendered":"<p>Warum ich meine Entwicklung offen zeige F\u00fcr mich ist es wichtig, transparent zu zeigen, wie sich Mueckinvest Schritt f\u00fcr Schritt entwickelt hat. Gerade im Finanzbereich z\u00e4hlt Vertrauen \u2013 und Vertrauen entsteht, wenn man nachvollziehen kann, wie ein Produkt entsteht, w\u00e4chst und sich verbessert. Deshalb dokumentiere ich meinen Weg seit 2025 und zeige klar, woran ich [&hellip;]<\/p>\n","protected":false},"author":1,"featured_media":0,"parent":0,"menu_order":0,"comment_status":"closed","ping_status":"closed","template":"","meta":{"pmpro_default_level":"","_monsterinsights_skip_tracking":false,"_monsterinsights_sitenote_active":false,"_monsterinsights_sitenote_note":"","_monsterinsights_sitenote_category":0,"footnotes":""},"class_list":["post-3984","page","type-page","status-publish","hentry","pmpro-has-access"],"aioseo_notices":[],"_links":{"self":[{"href":"https:\/\/mueckinvest.com\/tr\/wp-json\/wp\/v2\/pages\/3984","targetHints":{"allow":["GET"]}}],"collection":[{"href":"https:\/\/mueckinvest.com\/tr\/wp-json\/wp\/v2\/pages"}],"about":[{"href":"https:\/\/mueckinvest.com\/tr\/wp-json\/wp\/v2\/types\/page"}],"author":[{"embeddable":true,"href":"https:\/\/mueckinvest.com\/tr\/wp-json\/wp\/v2\/users\/1"}],"replies":[{"embeddable":true,"href":"https:\/\/mueckinvest.com\/tr\/wp-json\/wp\/v2\/comments?post=3984"}],"version-history":[{"count":13,"href":"https:\/\/mueckinvest.com\/tr\/wp-json\/wp\/v2\/pages\/3984\/revisions"}],"predecessor-version":[{"id":4021,"href":"https:\/\/mueckinvest.com\/tr\/wp-json\/wp\/v2\/pages\/3984\/revisions\/4021"}],"wp:attachment":[{"href":"https:\/\/mueckinvest.com\/tr\/wp-json\/wp\/v2\/media?parent=3984"}],"curies":[{"name":"wp","href":"https:\/\/api.w.org\/{rel}","templated":true}]}}