{"id":3336,"date":"2026-02-01T22:00:00","date_gmt":"2026-02-01T21:00:00","guid":{"rendered":"https:\/\/mueckinvest.de\/?page_id=3336"},"modified":"2026-03-18T15:17:14","modified_gmt":"2026-03-18T14:17:14","slug":"prensipler-vaat-ediyor","status":"publish","type":"page","link":"https:\/\/mueckinvest.com\/tr\/prinzipien-versprechen\/","title":{"rendered":"Prensipler \/ Vaat"},"content":{"rendered":"<h2 class=\"wp-block-heading\"><strong>Benim prensiplerim<\/strong><\/h2>\n\n\n\n<h3 class=\"wp-block-heading\"><strong>Uzun vadeli yat\u0131r\u0131m yap\u0131yorum.<\/strong><\/h3>\n\n\n\n<p>Ben kararlar\u0131m\u0131 bug\u00fcn veya yar\u0131n i\u00e7in de\u011fil, \u00f6n\u00fcm\u00fczdeki birka\u00e7 on y\u0131l i\u00e7in al\u0131yorum.<\/p>\n\n\n\n<h3 class=\"wp-block-heading\"><strong>Sakinli\u011fimi koruyorum.<\/strong><\/h3>\n\n\n\n<p>Trendlere, man\u015fetlere veya k\u0131sa vadeli g\u00fcr\u00fclt\u00fcye aldanmama izin vermiyorum.<\/p>\n\n\n\n<h3 class=\"wp-block-heading\"><strong>Her \u015feyi basit tutar\u0131m.<\/strong><\/h3>\n\n\n\n<p>Net yap\u0131lara, anla\u015f\u0131labilir stratejilere ve sa\u011flam temellere odaklan\u0131yorum.<\/p>\n\n\n\n<hr class=\"wp-block-separator has-alpha-channel-opacity\"\/>\n\n\n\n<h1 class=\"wp-block-heading\">\u2b50 <strong>Benim prensiplerim<\/strong><\/h1>\n\n\n\n<h3 class=\"wp-block-heading\"><strong>Ben duygulara de\u011fil, verilere g\u00fcvenirim.<\/strong><\/h3>\n\n\n\n<p>Kararlar\u0131m duygulara de\u011fil, ger\u00e7eklere dayan\u0131r.<\/p>\n\n\n\n<h3 class=\"wp-block-heading\"><strong>Ba\u011f\u0131ms\u0131zl\u0131\u011f\u0131m\u0131 koruyaca\u011f\u0131m.<\/strong><\/h3>\n\n\n\n<p>Reklams\u0131z, komisyonsuz ve gizli \u00e7\u0131karlar\u0131m olmadan \u00e7al\u0131\u015f\u0131yorum.<\/p>\n\n\n\n<h3 class=\"wp-block-heading\"><strong>Zaman\u0131 en g\u00fc\u00e7l\u00fc m\u00fcttefikim olarak kullan\u0131yorum.<\/strong><\/h3>\n\n\n\n<p>Ben zamanlamaya veya spek\u00fclasyona de\u011fil, bile\u015fik faizin g\u00fcc\u00fcne g\u00fcveniyorum.<\/p>\n\n\n\n<hr class=\"wp-block-separator has-alpha-channel-opacity\"\/>\n\n\n\n<h1 class=\"wp-block-heading\">\u2b50 <strong>Bilin\u00e7li olarak yapmad\u0131\u011f\u0131m \u015fey<\/strong><\/h1>\n\n\n\n<h3 class=\"wp-block-heading\"><strong>Tek tek hisse senedi tavsiyesi vermiyorum.<\/strong><\/h3>\n\n\n\n<p>Analistlik yapm\u0131yorum ve al\u0131m sat\u0131m sinyali vermiyorum.<\/p>\n\n\n\n<h3 class=\"wp-block-heading\"><strong>Ben al\u0131m sat\u0131m yapm\u0131yorum.<\/strong><\/h3>\n\n\n\n<p>Trendlerin, internet fenomeni hisselerinin veya k\u0131sa vadeli kazan\u00e7lar\u0131n pe\u015finde ko\u015fmam.<\/p>\n\n\n\n<h3 class=\"wp-block-heading\"><strong>Hi\u00e7bir kestirme yola ba\u015fvurmayaca\u011f\u0131ma s\u00f6z veriyorum.<\/strong><\/h3>\n\n\n\n<p>Ben zihinsel mucizeler, motivasyonel kli\u015feler veya yan\u0131lsamalar satm\u0131yorum.<\/p>\n\n\n\n<h3 class=\"wp-block-heading\"><strong>Ben reklam yapm\u0131yorum.<\/strong><\/h3>\n\n\n\n<p>Ortakl\u0131k ba\u011flant\u0131lar\u0131 veya ticari i\u015f ortakl\u0131klar\u0131 kullanm\u0131yorum.<\/p>\n\n\n\n<h3 class=\"wp-block-heading\"><strong>Ben kimseyi bunaltmam.<\/strong><\/h3>\n\n\n\n<p>Karma\u015f\u0131kl\u0131\u011f\u0131 art\u0131rmak yerine azalt\u0131yorum.<\/p>","protected":false},"excerpt":{"rendered":"<p>Meine Prinzipien Ich investiere langfristig Ich treffe Entscheidungen nicht f\u00fcr heute oder morgen, sondern f\u00fcr die n\u00e4chsten Jahrzehnte. Ich bleibe ruhig Ich lasse mich nicht von Trends, Schlagzeilen oder kurzfristigem L\u00e4rm ablenken. Ich halte Dinge einfach Ich setze auf klare Strukturen, verst\u00e4ndliche Strategien und robuste Grundlagen. \u2b50 Meine Grunds\u00e4tze Ich vertraue auf Daten, nicht auf [&hellip;]<\/p>\n","protected":false},"author":1,"featured_media":0,"parent":0,"menu_order":0,"comment_status":"closed","ping_status":"closed","template":"","meta":{"pmpro_default_level":"","_monsterinsights_skip_tracking":false,"_monsterinsights_sitenote_active":false,"_monsterinsights_sitenote_note":"","_monsterinsights_sitenote_category":0,"footnotes":""},"class_list":["post-3336","page","type-page","status-publish","hentry","pmpro-has-access"],"aioseo_notices":[],"_links":{"self":[{"href":"https:\/\/mueckinvest.com\/tr\/wp-json\/wp\/v2\/pages\/3336","targetHints":{"allow":["GET"]}}],"collection":[{"href":"https:\/\/mueckinvest.com\/tr\/wp-json\/wp\/v2\/pages"}],"about":[{"href":"https:\/\/mueckinvest.com\/tr\/wp-json\/wp\/v2\/types\/page"}],"author":[{"embeddable":true,"href":"https:\/\/mueckinvest.com\/tr\/wp-json\/wp\/v2\/users\/1"}],"replies":[{"embeddable":true,"href":"https:\/\/mueckinvest.com\/tr\/wp-json\/wp\/v2\/comments?post=3336"}],"version-history":[{"count":2,"href":"https:\/\/mueckinvest.com\/tr\/wp-json\/wp\/v2\/pages\/3336\/revisions"}],"predecessor-version":[{"id":4030,"href":"https:\/\/mueckinvest.com\/tr\/wp-json\/wp\/v2\/pages\/3336\/revisions\/4030"}],"wp:attachment":[{"href":"https:\/\/mueckinvest.com\/tr\/wp-json\/wp\/v2\/media?parent=3336"}],"curies":[{"name":"wp","href":"https:\/\/api.w.org\/{rel}","templated":true}]}}