{"id":3208,"date":"2026-01-29T07:01:39","date_gmt":"2026-01-29T06:01:39","guid":{"rendered":"https:\/\/mueckinvest.de\/?page_id=3208"},"modified":"2026-01-29T07:04:20","modified_gmt":"2026-01-29T06:04:20","slug":"ayin-etfsi","status":"publish","type":"page","link":"https:\/\/mueckinvest.com\/tr\/etf-des-monats\/","title":{"rendered":"Ay\u0131n ETF&#039;si"},"content":{"rendered":"<p>Ay\u0131n ETF&#039;si, yap\u0131s\u0131, temas\u0131 veya piyasa ortam\u0131 nedeniyle \u00f6zellikle ilgi \u00e7ekici olan bir fonu her ay \u00f6ne \u00e7\u0131kar\u0131r. Bu se\u00e7im, bir rehber niteli\u011findedir ve ETF evrenindeki g\u00fcncel geli\u015fmeleri daha iyi anlaman\u0131za yard\u0131mc\u0131 olur.<\/p>\n\n\n\n<div style=\"height:20px\" aria-hidden=\"true\" class=\"wp-block-spacer\"><\/div>\n\n\n\n    <style>\n        .etf-year-select {\n            margin-bottom: 15px;\n        }\n        .etf-year-select select {\n            padding: 6px 10px;\n            font-size: 16px;\n            border-radius: 6px;\n            border: 1px solid #ccc;\n        }\n        @media (prefers-color-scheme: dark) {\n            .etf-year-select select {\n                background: #222;\n                color: #fff;\n                border-color: #555;\n            }\n        }\n        .etf-list {\n            list-style: none;\n            padding-left: 0;\n            margin: 0;\n        }\n        .etf-list li {\n            margin-bottom: 6px;\n        }\n    <\/style>\n    <div class=\"etf-year-select\"><select id=\"etf-year\"><option value=\"2026\" selected>2026<\/option><option value=\"2025\" >2025<\/option><\/select><\/div><ul class=\"etf-list\" id=\"etf-list\"><li data-year=\"2026\">\n                        <a href=\"https:\/\/mueckinvest.com\/tr\/maerz-2026-amundi-msci-robotics-ai-lu1861132840\/\">Mart 2026: Amundi MSCI Robotik ve Yapay Zeka (LU1861132840)<\/a>\n                    <\/li><li data-year=\"2026\">\n                        <a href=\"https:\/\/mueckinvest.com\/tr\/februar-2026-lg-gerd-kommer-multifactor-ie0001uqq933\/\">\u015eubat 2026: L&amp;G Gerd Kommer Multifactor (IE0001UQQ933)<\/a>\n                    <\/li><li data-year=\"2026\">\n                        <a href=\"https:\/\/mueckinvest.com\/tr\/januar-2026-ishares-nasdaq-100-ucits-etf\/\">Ocak 2026: iShares MSCI Kuzey Amerika (IE00B14X4M10)<\/a>\n                    <\/li><li data-year=\"2025\">\n                        <a href=\"https:\/\/mueckinvest.com\/tr\/dezember-2025-ishares-global-inflation-linked-government-bond-ie00b3b8px14\/\">Aral\u0131k 2025: iShares K\u00fcresel Enflasyona Endeksli Devlet Tahvili (IE00B3B8PX14)<\/a>\n                    <\/li><li data-year=\"2025\">\n                        <a href=\"https:\/\/mueckinvest.com\/tr\/november-2025-ishares-msci-world-momentum-ie00bp3qz825\/\">Kas\u0131m 2025: iShares MSCI World Momentum (IE00BP3QZ825)<\/a>\n                    <\/li><li data-year=\"2025\">\n                        <a href=\"https:\/\/mueckinvest.com\/tr\/oktober-2025-ishares-automation-robotics-ie00byzk4552\/\">Oktober 2025: iShares Automation &amp; Robotics (IE00BYZK4552)<\/a>\n                    <\/li><\/ul>\n    <script>\n    document.addEventListener(\"DOMContentLoaded\", function() {\n        const select = document.getElementById(\"etf-year\");\n        const items = document.querySelectorAll(\"#etf-list li\");\n\n        function filter() {\n            const year = select.value;\n            items.forEach(item => {\n                item.style.display = (item.dataset.year === year) ? \"\" : \"none\";\n            });\n        }\n\n        select.addEventListener(\"change\", filter);\n\n        \/\/ Initial filtern\n        filter();\n    });\n    <\/script>","protected":false},"excerpt":{"rendered":"<p>Ay\u0131n ETF&#039;si, yap\u0131s\u0131, temas\u0131 veya piyasa ortam\u0131 nedeniyle \u00f6zellikle ilgi \u00e7ekici olan bir fonu her ay \u00f6ne \u00e7\u0131kar\u0131r. Bu se\u00e7im, bir rehber niteli\u011findedir ve ETF evrenindeki g\u00fcncel geli\u015fmeleri daha iyi anlaman\u0131za yard\u0131mc\u0131 olur.<\/p>","protected":false},"author":1,"featured_media":0,"parent":0,"menu_order":0,"comment_status":"closed","ping_status":"closed","template":"","meta":{"pmpro_default_level":"","_monsterinsights_skip_tracking":false,"_monsterinsights_sitenote_active":false,"_monsterinsights_sitenote_note":"","_monsterinsights_sitenote_category":0,"footnotes":""},"class_list":["post-3208","page","type-page","status-publish","hentry","pmpro-has-access"],"aioseo_notices":[],"_links":{"self":[{"href":"https:\/\/mueckinvest.com\/tr\/wp-json\/wp\/v2\/pages\/3208","targetHints":{"allow":["GET"]}}],"collection":[{"href":"https:\/\/mueckinvest.com\/tr\/wp-json\/wp\/v2\/pages"}],"about":[{"href":"https:\/\/mueckinvest.com\/tr\/wp-json\/wp\/v2\/types\/page"}],"author":[{"embeddable":true,"href":"https:\/\/mueckinvest.com\/tr\/wp-json\/wp\/v2\/users\/1"}],"replies":[{"embeddable":true,"href":"https:\/\/mueckinvest.com\/tr\/wp-json\/wp\/v2\/comments?post=3208"}],"version-history":[{"count":3,"href":"https:\/\/mueckinvest.com\/tr\/wp-json\/wp\/v2\/pages\/3208\/revisions"}],"predecessor-version":[{"id":3211,"href":"https:\/\/mueckinvest.com\/tr\/wp-json\/wp\/v2\/pages\/3208\/revisions\/3211"}],"wp:attachment":[{"href":"https:\/\/mueckinvest.com\/tr\/wp-json\/wp\/v2\/media?parent=3208"}],"curies":[{"name":"wp","href":"https:\/\/api.w.org\/{rel}","templated":true}]}}