{"id":3,"date":"2025-09-09T17:11:37","date_gmt":"2025-09-09T17:11:37","guid":{"rendered":"https:\/\/mueckinvest.de\/?page_id=3"},"modified":"2026-03-08T19:20:48","modified_gmt":"2026-03-08T18:20:48","slug":"gizlilik-politikasi","status":"publish","type":"page","link":"https:\/\/mueckinvest.com\/tr\/privacy-policy\/","title":{"rendered":"Gizlilik politikas\u0131"},"content":{"rendered":"<h2 class=\"wp-block-heading\"><strong>1. Giri\u015f<\/strong><\/h2>\n\n\n\n<p>Bu gizlilik politikas\u0131, mueckinvest.com (bundan sonra &quot;Web Sitesi&quot;) ve mueckinvest uygulamalar\u0131n\u0131n ziyaret\u00e7ilerin (&quot;Kullan\u0131c\u0131lar&quot;) ki\u015fisel verilerini nas\u0131l i\u015fledi\u011fini a\u00e7\u0131klamaktad\u0131r. Verilerinizin korunmas\u0131 en y\u00fcksek \u00f6nceli\u011fimizdir. T\u00fcm veriler, Genel Veri Koruma Y\u00f6netmeli\u011fi (GDPR) ve ge\u00e7erli veri koruma yasalar\u0131na uygun olarak i\u015flenir.<\/p>\n\n\n\n<p>Yetkili denetim makam\u0131: Renanya-Palatinate Eyaleti Veri Koruma ve Bilgi \u00d6zg\u00fcrl\u00fc\u011f\u00fc Komiserli\u011fi \u27a1 <a href=\"https:\/\/www.datenschutz.rlp.de\">https:\/\/www.datenschutz.rlp.de<\/a><\/p>\n\n\n\n<hr class=\"wp-block-separator has-alpha-channel-opacity\"\/>\n\n\n\n<h2 class=\"wp-block-heading\"><strong>2. Kullan\u0131c\u0131 Haklar\u0131<\/strong><\/h2>\n\n\n\n<p>GDPR kapsam\u0131nda \u00f6zellikle a\u015fa\u011f\u0131daki haklara sahipsiniz:<\/p>\n\n\n\n<ul class=\"wp-block-list\">\n<li>Saklanan ki\u015fisel veriler hakk\u0131nda bilgi (GDPR Madde 15)<\/li>\n\n\n\n<li>Yanl\u0131\u015f veya eksik verilerin d\u00fczeltilmesi (GDPR Madde 16)<\/li>\n\n\n\n<li>Silme hakk\u0131 (&quot;unutulma hakk\u0131&quot;, GDPR Madde 17)<\/li>\n\n\n\n<li>Veri i\u015flemenin k\u0131s\u0131tlanmas\u0131 (GDPR Madde 18)<\/li>\n\n\n\n<li>\u0130\u015flemeye itiraz etme hakk\u0131 (GDPR Madde 21)<\/li>\n\n\n\n<li>Veri ta\u015f\u0131nabilirli\u011fi (GDPR Madde 20)<\/li>\n\n\n\n<li>Bir denetim makam\u0131na \u015fikayette bulunma hakk\u0131 (GDPR Madde 77)<\/li>\n<\/ul>\n\n\n\n<p>Haklar\u0131n\u0131z\u0131 kullanmak i\u00e7in l\u00fctfen bizimle \u015fu e-posta adresinden ileti\u015fime ge\u00e7in: \ud83d\udce7 <strong><a href=\"mailto:kontakt@mueckinvest.de\"><\/a><a href=\"https:\/\/mein.ionos.de\/email-account-details\/mailbox\/17798553002\">contact@mueckinvest.com<\/a><\/strong><\/p>\n\n\n\n<hr class=\"wp-block-separator has-alpha-channel-opacity\"\/>\n\n\n\n<h2 class=\"wp-block-heading\">3. Bar\u0131nd\u0131rma<\/h2>\n\n\n\n<p>Uygulamam ve ilgili sunucular\u0131 IONOS SE (Elgendorfer Str. 57, 56410 Montabaur, Almanya) taraf\u0131ndan bar\u0131nd\u0131r\u0131lmaktad\u0131r. Uygulama arac\u0131l\u0131\u011f\u0131yla i\u015flenen ki\u015fisel veriler IONOS sunucular\u0131nda saklanmaktad\u0131r. Bu, \u00f6zellikle sunucu g\u00fcnl\u00fck dosyalar\u0131n\u0131, teknik kullan\u0131m verilerini ve hizmetlerimizin kullan\u0131m\u0131 s\u0131ras\u0131nda olu\u015fturulan verileri i\u00e7erir.<\/p>\n\n\n\n<p>Bu i\u015flem, uygulamam\u0131z\u0131n g\u00fcvenli ve g\u00fcvenilir bir \u015fekilde \u00e7al\u0131\u015fmas\u0131nda me\u015fru bir menfaatim oldu\u011fu i\u00e7in GDPR Madde 6(1)(f) uyar\u0131nca ger\u00e7ekle\u015ftirilir. Depolama veya i\u015fleme, s\u00f6zle\u015fmesel ama\u00e7lar\u0131n yerine getirilmesi i\u00e7in gerekli oldu\u011fu \u00f6l\u00e7\u00fcde, GDPR Madde 6(1)(b) uyar\u0131nca yap\u0131l\u0131r.<\/p>\n\n\n\n<p>Ki\u015fisel verilerin yaln\u0131zca talimatlar\u0131m\u0131z do\u011frultusunda ve yasal gerekliliklere uygun olarak i\u015flenmesini sa\u011flayan GDPR Madde 28 uyar\u0131nca IONOS ile bir veri i\u015fleme s\u00f6zle\u015fmemiz bulunmaktad\u0131r.<\/p>\n\n\n\n<hr class=\"wp-block-separator has-alpha-channel-opacity\"\/>\n\n\n\n<h2 class=\"wp-block-heading\"><strong>4. Depolama ve Silme<\/strong><\/h2>\n\n\n\n<p>Ki\u015fisel veriler, yaln\u0131zca hizmetlerin sa\u011flanmas\u0131, yasal y\u00fck\u00fcml\u00fcl\u00fcklerin yerine getirilmesi veya yasal haklar\u0131n ileri s\u00fcr\u00fclmesi veya savunulmas\u0131 i\u00e7in gerekli oldu\u011fu s\u00fcrece saklan\u0131r. Verilerin toplanma amac\u0131 ortadan kalkt\u0131\u011f\u0131nda, veriler silinir veya anonimle\u015ftirilir.<\/p>\n\n\n\n<hr class=\"wp-block-separator has-alpha-channel-opacity\"\/>\n\n\n\n<h2 class=\"wp-block-heading\"><strong>5. Toplanan Veriler<\/strong><\/h2>\n\n\n\n<h3 class=\"wp-block-heading\"><strong>a) Ki\u015fisel olmayan veriler<\/strong><\/h3>\n\n\n\n<p>Web sitesine eri\u015fti\u011finizde, teknik bilgiler otomatik olarak toplan\u0131r, \u00f6rne\u011fin:<\/p>\n\n\n\n<ul class=\"wp-block-list\">\n<li>Taray\u0131c\u0131 t\u00fcr\u00fc ve s\u00fcr\u00fcm\u00fc<\/li>\n\n\n\n<li>i\u015fletim sistemi<\/li>\n\n\n\n<li>Dil ayar\u0131<\/li>\n\n\n\n<li>Eri\u015fim tarihi ve saati<\/li>\n\n\n\n<li>Ziyaret edilen sayfalar ve t\u0131klama yollar\u0131<\/li>\n<\/ul>\n\n\n\n<p>Bu veriler anonim olarak saklan\u0131r ve yaln\u0131zca web sitesini iyile\u015ftirmek i\u00e7in kullan\u0131l\u0131r.<\/p>\n\n\n\n<h3 class=\"wp-block-heading\"><strong>b) Ki\u015fisel veriler<\/strong><\/h3>\n\n\n\n<p>Yaln\u0131zca sizin aktif olarak sa\u011flad\u0131\u011f\u0131n\u0131z veriler toplanacakt\u0131r; \u00f6rne\u011fin:<\/p>\n\n\n\n<ul class=\"wp-block-list\">\n<li>IP adresi<\/li>\n\n\n\n<li>Cihaz tan\u0131mlay\u0131c\u0131lar\u0131<\/li>\n\n\n\n<li>\u0130leti\u015fim formundan al\u0131nan bilgiler (isim, e-posta adresi, mesaj)<\/li>\n<\/ul>\n\n\n\n<p>Bu veriler yaln\u0131zca talebinizin i\u015flenmesi i\u00e7in kullan\u0131lacakt\u0131r.<\/p>\n\n\n\n<hr class=\"wp-block-separator has-alpha-channel-opacity\"\/>\n\n\n\n<h2 class=\"wp-block-heading\"><strong>6. \u0130\u015flemenin yasal dayana\u011f\u0131<\/strong><\/h2>\n\n\n\n<p>Ki\u015fisel verilerin i\u015flenmesi \u015fu esaslara dayanmaktad\u0131r:<\/p>\n\n\n\n<ul class=\"wp-block-list\">\n<li>GDPR Madde 6, paragraf 1, bent a \u2013 Onay<\/li>\n\n\n\n<li>GDPR Madde 6, paragraf 1, bent b \u2013 S\u00f6zle\u015fme performans\u0131<\/li>\n\n\n\n<li>GDPR Madde 6(1)(c) \u2013 yasal y\u00fck\u00fcml\u00fcl\u00fckler<\/li>\n\n\n\n<li>GDPR Madde 6, paragraf 1, f bendi \u2013 me\u015fru menfaat (i\u015fletme, g\u00fcvenlik, optimizasyon)<\/li>\n<\/ul>\n\n\n\n<hr class=\"wp-block-separator has-alpha-channel-opacity\"\/>\n\n\n\n<h2 class=\"wp-block-heading\"><strong>7. Verilerin kullan\u0131m\u0131 ve if\u015fas\u0131<\/strong><\/h2>\n\n\n\n<p>Ki\u015fisel veriler yaln\u0131zca belirtilen ama\u00e7lar i\u00e7in kullan\u0131lacakt\u0131r. Veriler yaln\u0131zca a\u015fa\u011f\u0131daki durumlarda \u00fc\u00e7\u00fcnc\u00fc taraflarla payla\u015f\u0131lacakt\u0131r:<\/p>\n\n\n\n<ul class=\"wp-block-list\">\n<li>GDPR&#039;ye uygun olarak faaliyet g\u00f6steren teknik servis sa\u011flay\u0131c\u0131lar\u0131na (bar\u0131nd\u0131rma, analiz, bak\u0131m).<\/li>\n\n\n\n<li>yasal bir y\u00fck\u00fcml\u00fcl\u00fck varsa yetkililere<\/li>\n<\/ul>\n\n\n\n<p>Verileriniz reklam veya profil olu\u015fturma amac\u0131yla payla\u015f\u0131lmayacakt\u0131r.<\/p>\n\n\n\n<hr class=\"wp-block-separator has-alpha-channel-opacity\"\/>\n\n\n\n<h2 class=\"wp-block-heading\"><strong>8. \u00c7erezler ve \u0130zleme<\/strong><\/h2>\n\n\n\n<p>Bu web sitesi, kullan\u0131c\u0131 dostu kullan\u0131m ve analiz i\u00e7in \u00e7erezler ve benzer teknolojiler kullanmaktad\u0131r.<\/p>\n\n\n\n<p>\u00c7erez \u00e7e\u015fitleri:<\/p>\n\n\n\n<ul class=\"wp-block-list\">\n<li>Oturum \u00e7erezleri<\/li>\n\n\n\n<li>Kal\u0131c\u0131 \u00e7erezler<\/li>\n\n\n\n<li>\u00dc\u00e7\u00fcnc\u00fc taraf \u00e7erezleri<\/li>\n<\/ul>\n\n\n\n<p>Onaylar\u0131n y\u00f6netimi \u015fu \u015fekilde ger\u00e7ekle\u015ftirilir: <strong>Ger\u00e7ek Kurabiye Afi\u015fi<\/strong> (devowl.io). Daha fazla bilgi: <a href=\"https:\/\/devowl.io\/de\/rcb\/datenverarbeitung\/\">https:\/\/devowl.io\/de\/rcb\/datenverarbeitung\/<\/a><\/p>\n\n\n\n<hr class=\"wp-block-separator has-alpha-channel-opacity\"\/>\n\n\n\n<h2 class=\"wp-block-heading\"><strong>9. Analiz Ara\u00e7lar\u0131<\/strong><\/h2>\n\n\n\n<h3 class=\"wp-block-heading\"><strong>Kar K\u00fcreme Analiti\u011fi<\/strong><\/h3>\n\n\n\n<p>Snowplow Analytics, kullan\u0131m verilerini anonim olarak toplamak i\u00e7in kullan\u0131l\u0131r. Herhangi bir ki\u015fisel profil olu\u015fturulmaz.<\/p>\n\n\n\n<h3 class=\"wp-block-heading\"><strong>Google Analytics<\/strong><\/h3>\n\n\n\n<p>Google Analytics yaln\u0131zca a\u00e7\u0131k r\u0131zan\u0131zla kullan\u0131l\u0131r. IP anonimle\u015ftirme etkinle\u015ftirilmi\u015ftir. Veriler ABD&#039;ye aktar\u0131labilir (standart s\u00f6zle\u015fme maddeleri).<\/p>\n\n\n\n<hr class=\"wp-block-separator has-alpha-channel-opacity\"\/>\n\n\n\n<h2 class=\"wp-block-heading\"><strong>10. Harici \u0130\u00e7erik ve Hizmetler<\/strong><\/h2>\n\n\n\n<h3 class=\"wp-block-heading\"><strong>Google Web Yaz\u0131 Tipleri<\/strong><\/h3>\n\n\n\n<p>Google Web Fontlar\u0131, yaz\u0131 tipinin tutarl\u0131 bir \u015fekilde g\u00f6r\u00fcnt\u00fclenmesi i\u00e7in kullan\u0131l\u0131r. Verilerin Google&#039;a aktar\u0131lmas\u0131n\u0131 \u00f6nlemek i\u00e7in yerel kurulum \u00f6nerilir.<\/p>\n\n\n\n<h3 class=\"wp-block-heading\"><strong>Daha fazla harici i\u00e7erik<\/strong><\/h3>\n\n\n\n<p>G\u00f6m\u00fcl\u00fc i\u00e7erik (\u00f6rne\u011fin, videolar, haritalar, sosyal medya g\u00f6nderileri) ilgili sa\u011flay\u0131c\u0131ya veri aktarabilir. L\u00fctfen bu \u00fc\u00e7\u00fcnc\u00fc taraf sa\u011flay\u0131c\u0131lar\u0131n gizlilik politikalar\u0131na bak\u0131n.<\/p>\n\n\n\n<hr class=\"wp-block-separator has-alpha-channel-opacity\"\/>\n\n\n\n<h1 class=\"wp-block-heading\"><strong>11. Konu\u015fma i\u015fleme, tarih bi\u00e7imlendirme, payla\u015f\u0131m i\u015flevi ve anl\u0131k bildirimler<\/strong><\/h1>\n\n\n\n<h3 class=\"wp-block-heading\"><strong>a) Otomatik dil tan\u0131ma ve tarih bi\u00e7imlendirme<\/strong><\/h3>\n\n\n\n<p>Web sitesi, i\u00e7eri\u011fi ve tarihleri otomatik olarak uygun dilde g\u00f6r\u00fcnt\u00fclemek i\u00e7in taray\u0131c\u0131 taraf\u0131ndan iletilen dil ayar\u0131n\u0131 (Accept-Language ba\u015fl\u0131\u011f\u0131) tan\u0131r. Bu bilgi <strong>kaydedilmedi<\/strong>, Ba\u011flant\u0131l\u0131 de\u011fil ve profil olu\u015fturma amac\u0131yla kullan\u0131lm\u0131yor. Yasal dayanak: GDPR Madde 6, paragraf 1, bent f.<\/p>\n\n\n\n<h3 class=\"wp-block-heading\"><strong>b) Manuel dil se\u00e7imi<\/strong><\/h3>\n\n\n\n<p>Dil de\u011fi\u015ftirici kullan\u0131l\u0131rken, se\u00e7ilen dil yaln\u0131zca URL \u00fczerinden i\u015flenir (\u00f6rne\u011fin, \/en\/). <strong>Ki\u015fisel veriler saklanmaz.<\/strong>. Yasal dayanak: GDPR Madde 6, paragraf 1, bent f.<\/p>\n\n\n\n<h3 class=\"wp-block-heading\"><strong>c) Payla\u015f\u0131m i\u015flevi (Web Payla\u015f\u0131m API&#039;si)<\/strong><\/h3>\n\n\n\n<p>Web sitesi, taray\u0131c\u0131n\u0131n yerle\u015fik payla\u015f\u0131m i\u015flevini kullan\u0131yor. Bu, \u015funlar\u0131 i\u00e7erir... <strong>Hi\u00e7bir veri web sitesine veya \u00fc\u00e7\u00fcnc\u00fc taraflara aktar\u0131lmaz.<\/strong>. Bu i\u015flev tamamen cihaz \u00fczerinde yerel olarak ger\u00e7ekle\u015ftirilir. Yasal dayanak: GDPR Madde 6, paragraf 1, bent f.<\/p>\n\n\n\n<h3 class=\"wp-block-heading\"><strong>d) Anl\u0131k bildirimler (yaln\u0131zca Mueckinvest uygulamas\u0131nda)<\/strong><\/h3>\n\n\n\n<p>Anl\u0131k bildirimler yaln\u0131zca \u015fu yolla g\u00f6nderilir: <strong>Mueckinvest uygulamas\u0131<\/strong> Bu hizmet, web sitesi \u00fczerinden de\u011fil, Firebase Cloud Messaging (Google Ireland Ltd.) arac\u0131l\u0131\u011f\u0131yla sa\u011flanmaktad\u0131r.<\/p>\n\n\n\n<p>Anl\u0131k bildirimler <strong>yaln\u0131zca uygulama i\u00e7inden a\u00e7\u0131k onay verilmesi ko\u015fuluyla.<\/strong> Etkinle\u015ftirildi. Anonim, cihaza \u00f6zel bir push token&#039;\u0131 olu\u015fturuldu ve Firebase&#039;e iletildi. Bu token yaln\u0131zca bildirimlerin teknik olarak iletilmesi i\u00e7in kullan\u0131l\u0131r.<\/p>\n\n\n\n<p>Firebase verileri ABD&#039;ye aktarabilir. \u0130\u015flem, AB Standart S\u00f6zle\u015fme Maddelerine dayanmaktad\u0131r.<\/p>\n\n\n\n<p>Daha fazla bilgi: <a href=\"https:\/\/firebase.google.com\/support\/privacy\">https:\/\/firebase.google.com\/support\/privacy<\/a><\/p>\n\n\n\n<p>Yasal dayanak: GDPR Madde 6, paragraf 1, bent a (r\u0131za).<\/p>\n\n\n\n<hr class=\"wp-block-separator has-alpha-channel-opacity\"\/>\n\n\n\n<h2 class=\"wp-block-heading\"><strong>12. Mueckinvest Yapay Zekas\u0131n\u0131n (AI) Kullan\u0131m\u0131<\/strong><\/h2>\n\n\n\n<p>Web sitemde ve Mueckinvest AI uygulamas\u0131nda, etkile\u015fimli bir yapay zeka i\u015flevi (&quot;Mueckinvest AI&quot;) sunuyorum. Kullan\u0131c\u0131lar sorular girebilir ve otomatik yan\u0131tlar alabilirler. Yapay zeka yaln\u0131zca genel bilgilendirme ve e\u011fitim ama\u00e7l\u0131d\u0131r ve herhangi bir bilgi sa\u011flamaz. <strong>Bu bir finansal tavsiye de\u011fildir.<\/strong> dar.<\/p>\n\n\n\n<h2 class=\"wp-block-heading\"><strong>Hangi veriler i\u015fleniyor?<\/strong><\/h2>\n\n\n\n<p>Yapay zek\u00e2 kullan\u0131l\u0131rken a\u015fa\u011f\u0131daki veriler i\u015flenir:<\/p>\n\n\n\n<ul class=\"wp-block-list\">\n<li><strong>Kullan\u0131c\u0131 giri\u015fi<\/strong> (Soru veya mesaj)<\/li>\n\n\n\n<li><strong>teknik meta veriler<\/strong>, \u00d6rne\u011fin, istek zaman\u0131, taray\u0131c\u0131 veya cihaz bilgileri, k\u0131salt\u0131lm\u0131\u015f IP adresi.<\/li>\n\n\n\n<li><strong>dahili sistem verileri<\/strong>, Bunlar teknik \u00e7al\u0131\u015fma i\u00e7in gereklidir (\u00f6rne\u011fin hata kay\u0131tlar\u0131, g\u00fcvenlik mekanizmalar\u0131).<\/li>\n<\/ul>\n\n\n\n<p>\u00d6zellikle \u015funu rica ediyorum ki, <strong>ki\u015fisel veri yok<\/strong> Giri\u015f alan\u0131na girmek i\u00e7in.<\/p>\n\n\n\n<h2 class=\"wp-block-heading\"><strong>OpenAI&#039;ye (ABD) iletildi.<\/strong><\/h2>\n\n\n\n<p>Talepleri i\u015flemek i\u00e7in bu hizmeti kullan\u0131yorum. <strong>OpenAI<\/strong> (OpenAI, LLC, ABD). Girilen metin, uygun bir yan\u0131t olu\u015fturmak \u00fczere OpenAI&#039;ye iletilir.<\/p>\n\n\n\n<p>OpenAI verileri yaln\u0131zca yan\u0131t vermek amac\u0131yla ve kendi gizlilik politikas\u0131na uygun olarak i\u015fler: <a href=\"https:\/\/openai.com\/policies\/privacy-policy\">https:\/\/openai.com\/policies\/privacy-policy<\/a><\/p>\n\n\n\n<p>Verileri ba\u015fka hi\u00e7bir ama\u00e7la kullanmayaca\u011f\u0131m.<\/p>\n\n\n\n<h2 class=\"wp-block-heading\"><strong>\u0130\u015flemenin yasal dayana\u011f\u0131<\/strong><\/h2>\n\n\n\n<p>\u0130\u015fleme \u015fu esaslara dayanmaktad\u0131r: <strong>GDPR Madde 6, paragraf 1, f bendi<\/strong>. Benim me\u015fru \u00e7\u0131kar\u0131m, kullan\u0131c\u0131lara modern, verimli ve faydal\u0131 bir bilgi i\u015flevi sunmakt\u0131r.<\/p>\n\n\n\n<h2 class=\"wp-block-heading\"><strong>Depolama s\u00fcresi<\/strong><\/h2>\n\n\n\n<p>Girilen sorular yaln\u0131zca \u015fu ama\u00e7lar i\u00e7in gerekli oldu\u011fu s\u00fcre boyunca saklanacakt\u0131r:<\/p>\n\n\n\n<ul class=\"wp-block-list\">\n<li>teknik h\u00fck\u00fcm,<\/li>\n\n\n\n<li>fonksiyonun istikrarl\u0131l\u0131\u011f\u0131,<\/li>\n\n\n\n<li>kalite g\u00fcvencesi ve<\/li>\n\n\n\n<li>yapay zekan\u0131n daha da geli\u015ftirilmesi<\/li>\n<\/ul>\n\n\n\n<p>gereklidir. <strong>ki\u015fisel verilerin kal\u0131c\u0131 olarak saklanmas\u0131<\/strong> Bu ger\u00e7ekle\u015fmiyor.<\/p>\n\n\n\n<h2 class=\"wp-block-heading\"><strong>Hukuki anlamda otomatik karar alma s\u00f6z konusu de\u011fil.<\/strong><\/h2>\n\n\n\n<p>Yapay zeka otomatik yan\u0131tlar \u00fcretiyor, ancak <strong>hukuki etkisi olan kararlar yok<\/strong> bulu\u015ftu. Ger\u00e7ekle\u015fiyor. <strong>profil olu\u015fturma yok<\/strong> yerine.<\/p>\n\n\n\n<h2 class=\"wp-block-heading\"><strong>Ki\u015fisel sorumlulukla ilgili not<\/strong><\/h2>\n\n\n\n<p>Yapay zeka yaln\u0131zca genel bilgiler sa\u011flar. Yerini al\u0131r. <strong>Bireysel finansal tavsiye verilmemektedir.<\/strong>, <strong>Vergi dan\u0131\u015fmanl\u0131\u011f\u0131 hizmeti verilmemektedir.<\/strong> Ve <strong>Hukuki tavsiye de\u011fildir.<\/strong>.<\/p>\n\n\n\n<p>Verilen bilgilere dayanarak al\u0131nan t\u00fcm kararlar \u015funlard\u0131r: <strong>ki\u015finin kendi sorumlulu\u011funda<\/strong> Kullan\u0131c\u0131.<\/p>\n\n\n\n<hr class=\"wp-block-separator has-alpha-channel-opacity\"\/>\n\n\n\n<h2 class=\"wp-block-heading\"><strong>13. Veri g\u00fcvenli\u011fi<\/strong><\/h2>\n\n\n\n<p>mueckinvest.de, ki\u015fisel verileri kay\u0131p, k\u00f6t\u00fcye kullan\u0131m veya yetkisiz eri\u015fime kar\u015f\u0131 korumak i\u00e7in sekt\u00f6r standard\u0131 teknik ve organizasyonel \u00f6nlemler kullanmaktad\u0131r. Hassas veriler \u015fifreleme (SSL\/TLS) kullan\u0131larak iletilmektedir.<\/p>\n\n\n\n<hr class=\"wp-block-separator has-alpha-channel-opacity\"\/>\n\n\n\n<h2 class=\"wp-block-heading\"><strong>14. K\u00fc\u00e7\u00fckler<\/strong><\/h2>\n\n\n\n<p>Bu teklif yaln\u0131zca yeti\u015fkinler i\u00e7indir. K\u00fc\u00e7\u00fcklerin kullan\u0131m\u0131, yaln\u0131zca ebeveynlerinin veya yasal vasilerinin izniyle m\u00fcmk\u00fcnd\u00fcr.<\/p>\n\n\n\n<hr class=\"wp-block-separator has-alpha-channel-opacity\"\/>\n\n\n\n<h2 class=\"wp-block-heading\"><strong>15. Avrupa Ekonomik Alan\u0131 d\u0131\u015f\u0131na veri aktar\u0131mlar\u0131<\/strong><\/h2>\n\n\n\n<p>Ki\u015fisel veriler, yaln\u0131zca GDPR Madde 45 ve devam\u0131 h\u00fck\u00fcmlerine uygun olarak yeterli d\u00fczeyde veri korumas\u0131 sa\u011fland\u0131\u011f\u0131 takdirde (\u00f6rne\u011fin AB standart s\u00f6zle\u015fme maddeleri) \u00fc\u00e7\u00fcnc\u00fc \u00fclkelere aktar\u0131lacakt\u0131r.<\/p>\n\n\n\n<hr class=\"wp-block-separator has-alpha-channel-opacity\"\/>\n\n\n\n<h2 class=\"wp-block-heading\"><strong>16. Bu Gizlilik Politikas\u0131nda De\u011fi\u015fiklikler<\/strong><\/h2>\n\n\n\n<p>Yasal veya teknik geli\u015fmeleri yans\u0131tmak amac\u0131yla bu gizlilik politikas\u0131n\u0131 herhangi bir zamanda de\u011fi\u015ftirme hakk\u0131m\u0131 sakl\u0131 tutuyorum. G\u00fcncel s\u00fcr\u00fcm her zaman bu web sitesinde mevcuttur.<\/p>\n\n\n\n<hr class=\"wp-block-separator has-alpha-channel-opacity\"\/>\n\n\n\n<h2 class=\"wp-block-heading\"><strong>17. \u0130leti\u015fim<\/strong><\/h2>\n\n\n\n<p>Veri koruma ile ilgili sorular\u0131n\u0131z i\u00e7in l\u00fctfen ileti\u015fime ge\u00e7in: \ud83d\udce7 <strong><strong><a href=\"mailto:kontakt@mueckinvest.de\"><a href=\"https:\/\/mein.ionos.de\/email-account-details\/mailbox\/17798553002\">contact@mueckinvest.com<\/a><\/a><\/strong><\/strong><\/p>\n\n\n\n<hr class=\"wp-block-separator has-alpha-channel-opacity\"\/>\n\n\n\n<p>\ud83d\udca1 <strong>Bir duyuru:<\/strong> Bu veri koruma h\u00fck\u00fcmleri, GDPR&#039;nin 13. ve 14. maddeleri kapsam\u0131ndaki bilgilendirme y\u00fck\u00fcml\u00fcl\u00fcklerini yerine getirmekte olup, \u00f6zellikle mueckinvest.de gibi \u00f6zel, dan\u0131\u015fmanl\u0131k niteli\u011fi ta\u015f\u0131mayan bir finansal bilgi web sitesine g\u00f6re uyarlanm\u0131\u015ft\u0131r.<\/p>\n\n\n\n<p><\/p>\n\n\n\n<p><strong>Mart 2026 itibar\u0131yla<\/strong><\/p>","protected":false},"excerpt":{"rendered":"","protected":false},"author":1,"featured_media":0,"parent":0,"menu_order":0,"comment_status":"closed","ping_status":"open","template":"page-no-sidebar","meta":{"pmpro_default_level":"","_monsterinsights_skip_tracking":false,"_monsterinsights_sitenote_active":false,"_monsterinsights_sitenote_note":"","_monsterinsights_sitenote_category":0,"footnotes":""},"class_list":["post-3","page","type-page","status-publish","hentry","pmpro-has-access"],"aioseo_notices":[],"_links":{"self":[{"href":"https:\/\/mueckinvest.com\/tr\/wp-json\/wp\/v2\/pages\/3","targetHints":{"allow":["GET"]}}],"collection":[{"href":"https:\/\/mueckinvest.com\/tr\/wp-json\/wp\/v2\/pages"}],"about":[{"href":"https:\/\/mueckinvest.com\/tr\/wp-json\/wp\/v2\/types\/page"}],"author":[{"embeddable":true,"href":"https:\/\/mueckinvest.com\/tr\/wp-json\/wp\/v2\/users\/1"}],"replies":[{"embeddable":true,"href":"https:\/\/mueckinvest.com\/tr\/wp-json\/wp\/v2\/comments?post=3"}],"version-history":[{"count":6,"href":"https:\/\/mueckinvest.com\/tr\/wp-json\/wp\/v2\/pages\/3\/revisions"}],"predecessor-version":[{"id":3947,"href":"https:\/\/mueckinvest.com\/tr\/wp-json\/wp\/v2\/pages\/3\/revisions\/3947"}],"wp:attachment":[{"href":"https:\/\/mueckinvest.com\/tr\/wp-json\/wp\/v2\/media?parent=3"}],"curies":[{"name":"wp","href":"https:\/\/api.w.org\/{rel}","templated":true}]}}