{"id":2435,"date":"2026-01-09T07:13:49","date_gmt":"2026-01-09T06:13:49","guid":{"rendered":"https:\/\/mueckinvest.de\/?page_id=2435"},"modified":"2026-02-04T10:00:00","modified_gmt":"2026-02-04T09:00:00","slug":"mueckinvesti-destekleyin","status":"publish","type":"page","link":"https:\/\/mueckinvest.com\/tr\/unterstuetze-mueckinvest\/","title":{"rendered":"Mueckinvest&#039;i destekleyin"},"content":{"rendered":"<p>Mueckinvest ba\u011f\u0131ms\u0131z, reklams\u0131z ve size mali durumunuz hakk\u0131nda net bir genel bak\u0131\u015f sunmak \u00fczere tasarlanm\u0131\u015ft\u0131r. Temel konsepti de\u011ferli buluyorsan\u0131z, tek seferlik veya ayl\u0131k katk\u0131 ile g\u00f6n\u00fcll\u00fc olarak daha da geli\u015ftirilmesini destekleyebilirsiniz.<\/p>\n\n\n\n<div style=\"height:20px\" aria-hidden=\"true\" class=\"wp-block-spacer\"><\/div>\n\n\n\n<hr class=\"wp-block-separator has-alpha-channel-opacity\"\/>\n\n\n\n<div style=\"height:20px\" aria-hidden=\"true\" class=\"wp-block-spacer\"><\/div>\n\n\n\n<h2 class=\"wp-block-heading\">Neden destek se\u00e7enekleri mevcut?<\/h2>\n\n\n\n<p>Mueckinvest, reklam yapmak veya veri satmak yerine basit bir modele dayan\u0131yor:<br>Platformu kullanmaktan keyif alan ve maddi imkan\u0131 olan herkes g\u00f6n\u00fcll\u00fc olarak destek verebilir.<br>Bu, Mueckinvest&#039;in uzun vadede ba\u011f\u0131ms\u0131z, \u015feffaf ve istikrarl\u0131 kalmas\u0131n\u0131 sa\u011flar.<\/p>\n\n\n\n<div style=\"height:20px\" aria-hidden=\"true\" class=\"wp-block-spacer\"><\/div>\n\n\n\n<hr class=\"wp-block-separator has-alpha-channel-opacity\"\/>\n\n\n\n<div style=\"height:20px\" aria-hidden=\"true\" class=\"wp-block-spacer\"><\/div>\n\n\n\n<h2 class=\"wp-block-heading\">Ayl\u0131k destek<\/h2>\n\n\n\n<p>Ayl\u0131k katk\u0131n\u0131z sunucu maliyetlerini, daha fazla geli\u015ftirmeyi ve yeni \u00f6zellikleri finanse etmeye yard\u0131mc\u0131 olur. \u00d6deme PayPal arac\u0131l\u0131\u011f\u0131yla otomatik olarak i\u015flenir ve istedi\u011finiz zaman iptal edilebilir.<\/p>\n\n\n\n<div class=\"wp-block-columns is-layout-flex wp-container-core-columns-is-layout-28f84493 wp-block-columns-is-layout-flex\">\n<div class=\"wp-block-column is-layout-flow wp-block-column-is-layout-flow\" style=\"flex-basis:66.66%\">\n<p><strong>Destek\u00e7i \u2013 2 \u20ac\/ay<\/strong><\/p>\n\n\n\n<p>Bu, Mueckinvest&#039;in ba\u011f\u0131ms\u0131z ve reklamdan uzak kalmas\u0131na yard\u0131mc\u0131 olur.<\/p>\n<\/div>\n\n\n\n<div class=\"wp-block-column is-layout-flow wp-block-column-is-layout-flow\" style=\"flex-basis:33.33%\">\n<div class=\"wp-block-buttons is-layout-flex wp-block-buttons-is-layout-flex\">\n<div class=\"wp-block-button\"><a class=\"wp-block-button__link wp-element-button\" href=\"https:\/\/buy.stripe.com\/00wfZa8Jo8Krfw13ZZ6Na03\">Destek\u00e7i olun<\/a><\/div>\n<\/div>\n<\/div>\n<\/div>\n\n\n\n<div class=\"wp-block-columns is-layout-flex wp-container-core-columns-is-layout-28f84493 wp-block-columns-is-layout-flex\">\n<div class=\"wp-block-column is-layout-flow wp-block-column-is-layout-flow\" style=\"flex-basis:66.66%\">\n<p><strong>Premium Destek\u00e7i \u2013 5 \u20ac \/ ay<\/strong><\/p>\n\n\n\n<p>Daha fazla geli\u015ftirme, bar\u0131nd\u0131rma ve yeni \u00f6zelliklerin desteklenmesi<\/p>\n<\/div>\n\n\n\n<div class=\"wp-block-column is-layout-flow wp-block-column-is-layout-flow\" style=\"flex-basis:33.33%\">\n<div class=\"wp-block-buttons is-layout-flex wp-block-buttons-is-layout-flex\">\n<div class=\"wp-block-button\"><a class=\"wp-block-button__link wp-element-button\" href=\"https:\/\/buy.stripe.com\/14A5kw3p4e4L6Zv7cb6Na04\">Premium Destek\u00e7i Olun<\/a><\/div>\n<\/div>\n<\/div>\n<\/div>\n\n\n\n<div class=\"wp-block-columns is-layout-flex wp-container-core-columns-is-layout-28f84493 wp-block-columns-is-layout-flex\">\n<div class=\"wp-block-column is-layout-flow wp-block-column-is-layout-flow\" style=\"flex-basis:66.66%\">\n<p><strong>Yat\u0131r\u0131mc\u0131 Destek\u00e7isi \u2013 10 \u20ac \/ ay<\/strong><\/p>\n\n\n\n<p>Mueckinvest&#039;in gelece\u011fine aktif olarak katk\u0131da bulunun.<\/p>\n<\/div>\n\n\n\n<div class=\"wp-block-column is-layout-flow wp-block-column-is-layout-flow\" style=\"flex-basis:33.33%\">\n<div class=\"wp-block-buttons is-layout-flex wp-block-buttons-is-layout-flex\">\n<div class=\"wp-block-button\"><a class=\"wp-block-button__link wp-element-button\" href=\"https:\/\/buy.stripe.com\/00w00c5xc1hZ97D9kj6Na05\">Yat\u0131r\u0131mc\u0131 destek\u00e7isi olun<\/a><\/div>\n<\/div>\n<\/div>\n<\/div>\n\n\n\n<div style=\"height:20px\" aria-hidden=\"true\" class=\"wp-block-spacer\"><\/div>\n\n\n\n<hr class=\"wp-block-separator has-alpha-channel-opacity\"\/>\n\n\n\n<div style=\"height:20px\" aria-hidden=\"true\" class=\"wp-block-spacer\"><\/div>\n\n\n\n<h2 class=\"wp-block-heading\">Tek seferlik destek<\/h2>\n\n\n\n<div class=\"wp-block-columns is-layout-flex wp-container-core-columns-is-layout-28f84493 wp-block-columns-is-layout-flex\">\n<div class=\"wp-block-column is-layout-flow wp-block-column-is-layout-flow\" style=\"flex-basis:66.66%\">\n<p>Abonelik almak istemiyorsan\u0131z, Mueckinvest&#039;i tek seferlik ba\u011f\u0131\u015fla da destekleyebilirsiniz. Miktar\u0131 diledi\u011finiz gibi belirleyebilirsiniz.<\/p>\n<\/div>\n\n\n\n<div class=\"wp-block-column is-layout-flow wp-block-column-is-layout-flow\" style=\"flex-basis:33.33%\">\n<div class=\"wp-block-buttons is-layout-flex wp-block-buttons-is-layout-flex\">\n<div class=\"wp-block-button\"><a class=\"wp-block-button__link wp-element-button\" href=\"https:\/\/buy.stripe.com\/fZu4gsbVA0dV3Nj7cb6Na06\">Tek seferlik destek<\/a><\/div>\n<\/div>\n<\/div>\n<\/div>\n\n\n\n<div style=\"height:20px\" aria-hidden=\"true\" class=\"wp-block-spacer\"><\/div>\n\n\n\n<hr class=\"wp-block-separator has-alpha-channel-opacity\"\/>\n\n\n\n<div style=\"height:20px\" aria-hidden=\"true\" class=\"wp-block-spacer\"><\/div>\n\n\n\n<h2 class=\"wp-block-heading\">\u015eeffafl\u0131k ve Fesih<\/h2>\n\n\n\n<p>Deste\u011finiz g\u00f6n\u00fcll\u00fcl\u00fck esas\u0131na dayanmaktad\u0131r ve istedi\u011finiz zaman iptal edebilirsiniz.<br>Ayl\u0131k aboneliklerinizi do\u011frudan PayPal hesab\u0131n\u0131zdan iptal edebilirsiniz.<br>Gizli hi\u00e7bir ko\u015ful yok \u2013 katk\u0131n\u0131z, size ger\u00e7ek katma de\u011fer sunan bir platforma te\u015fekk\u00fcr niteli\u011findedir.<\/p>","protected":false},"excerpt":{"rendered":"<p>Mueckinvest ist unabh\u00e4ngig, werbefrei und darauf ausgelegt, Ihnen einen klaren \u00dcberblick \u00fcber Ihre Finanzen zu geben. Wenn Sie die Idee dahinter wertvoll finden, k\u00f6nnen Sie die Weiterentwicklung freiwillig unterst\u00fctzen \u2013 einmalig oder monatlich. Warum gibt es Unterst\u00fctzungsm\u00f6glichkeiten? Statt Werbung oder Datenverkauf setzt Mueckinvest auf ein einfaches Modell:Wer die Plattform gerne nutzt und sich das leisten [&hellip;]<\/p>\n","protected":false},"author":1,"featured_media":0,"parent":0,"menu_order":0,"comment_status":"closed","ping_status":"closed","template":"page-no-sidebar","meta":{"pmpro_default_level":"","_monsterinsights_skip_tracking":false,"_monsterinsights_sitenote_active":false,"_monsterinsights_sitenote_note":"","_monsterinsights_sitenote_category":0,"footnotes":""},"class_list":["post-2435","page","type-page","status-publish","hentry","pmpro-has-access"],"aioseo_notices":[],"_links":{"self":[{"href":"https:\/\/mueckinvest.com\/tr\/wp-json\/wp\/v2\/pages\/2435","targetHints":{"allow":["GET"]}}],"collection":[{"href":"https:\/\/mueckinvest.com\/tr\/wp-json\/wp\/v2\/pages"}],"about":[{"href":"https:\/\/mueckinvest.com\/tr\/wp-json\/wp\/v2\/types\/page"}],"author":[{"embeddable":true,"href":"https:\/\/mueckinvest.com\/tr\/wp-json\/wp\/v2\/users\/1"}],"replies":[{"embeddable":true,"href":"https:\/\/mueckinvest.com\/tr\/wp-json\/wp\/v2\/comments?post=2435"}],"version-history":[{"count":9,"href":"https:\/\/mueckinvest.com\/tr\/wp-json\/wp\/v2\/pages\/2435\/revisions"}],"predecessor-version":[{"id":3538,"href":"https:\/\/mueckinvest.com\/tr\/wp-json\/wp\/v2\/pages\/2435\/revisions\/3538"}],"wp:attachment":[{"href":"https:\/\/mueckinvest.com\/tr\/wp-json\/wp\/v2\/media?parent=2435"}],"curies":[{"name":"wp","href":"https:\/\/api.w.org\/{rel}","templated":true}]}}