{"id":1508,"date":"2025-12-09T08:00:00","date_gmt":"2025-12-09T08:00:00","guid":{"rendered":"https:\/\/mueckinvest.de\/?page_id=1508"},"modified":"2026-01-28T12:00:00","modified_gmt":"2026-01-28T11:00:00","slug":"etflere-kiyasla-katma-deger-2","status":"publish","type":"page","link":"https:\/\/mueckinvest.com\/tr\/mehrwert-gegenueber-etfs\/","title":{"rendered":"ETF&#039;lere k\u0131yasla katma de\u011fer"},"content":{"rendered":"<p>ETF portf\u00f6y\u00fc genellikle iyi bir ba\u015flang\u0131\u00e7 noktas\u0131d\u0131r. Ancak bir\u00e7ok yat\u0131r\u0131mc\u0131, bir portf\u00f6y\u00fcn zaman i\u00e7inde ne kadar de\u011fi\u015febilece\u011fini ve uzun vadede disiplinli kalman\u0131n ne kadar zor oldu\u011funu hafife almaktad\u0131r. \u0130\u015fte tam da bu noktada MueckInvest devreye giriyor: net kurallar, k\u00fcresel \u00e7e\u015fitlendirme ve \u015feffaf, canl\u0131 olarak uygulanan bir strateji ile.<\/p>\n\n\n\n<div style=\"height:20px\" aria-hidden=\"true\" class=\"wp-block-spacer\"><\/div>\n\n\n\n<hr class=\"wp-block-separator has-alpha-channel-opacity\"\/>\n\n\n\n<div style=\"height:20px\" aria-hidden=\"true\" class=\"wp-block-spacer\"><\/div>\n\n\n\n<h2 class=\"wp-block-heading\"><strong>\ud83d\udd0d Klasik ETF portf\u00f6ylerinde kar\u015f\u0131la\u015f\u0131lan tipik zorluklar<\/strong><\/h2>\n\n\n\n<h3 class=\"wp-block-heading\"><strong>\ud83d\udcc9 1. Fark edilmeyen risk kaymalar\u0131 (portf\u00f6y kaymas\u0131)<\/strong><\/h3>\n\n\n\n<p>E\u011fer belirli b\u00f6lgeler veya sekt\u00f6rler di\u011ferlerinden daha iyi performans g\u00f6sterirse, risk profili otomatik olarak de\u011fi\u015fir. Ba\u015flang\u0131\u00e7ta savunmac\u0131 (70\/30) olan bir portf\u00f6y, birka\u00e7 y\u0131l sonra bilin\u00e7li bir karar olmaks\u0131z\u0131n hisse senetlerine do\u011fru \u00f6nemli \u00f6l\u00e7\u00fcde daha fazla a\u011f\u0131rl\u0131k kazanabilir.<\/p>\n\n\n\n<h3 class=\"wp-block-heading\"><strong>\u23f3 2. Dengeleme i\u015flemi nadiren tutarl\u0131 bir \u015fekilde uygulan\u0131r.<\/strong><\/h3>\n\n\n\n<p>Bir\u00e7ok insan d\u00fczenli portf\u00f6y dengelemesinin \u00f6nemli oldu\u011funu bilir. Ancak pratikte bu genellikle unutulur, ertelenir veya duygular\u0131n etkisi alt\u0131nda kal\u0131r. Uzun vadede portf\u00f6y yap\u0131s\u0131n\u0131 ve istikrar\u0131n\u0131 kaybeder.<\/p>\n\n\n\n<h3 class=\"wp-block-heading\"><strong>\ud83e\udde0 3. Duygusal kararlar uzun vadede size getiri kayb\u0131na neden olur.<\/strong><\/h3>\n\n\n\n<p>ETF&#039;lerde duygular da rol oynar: insanlar \u00e7ok ge\u00e7 al\u0131rlar, \u00e7ok erken satarlar veya man\u015fetlere g\u00f6re tepki verirler. Bu davran\u0131\u015fsal hatalar, \u00f6zel yat\u0131r\u0131mc\u0131lar i\u00e7in getiri elde etmenin \u00f6n\u00fcndeki en b\u00fcy\u00fck engeller aras\u0131ndad\u0131r.<\/p>\n\n\n\n<div style=\"height:20px\" aria-hidden=\"true\" class=\"wp-block-spacer\"><\/div>\n\n\n\n<hr class=\"wp-block-separator has-alpha-channel-opacity\"\/>\n\n\n\n<div style=\"height:20px\" aria-hidden=\"true\" class=\"wp-block-spacer\"><\/div>\n\n\n\n<h2 class=\"wp-block-heading\"><strong>\ud83e\udded Mueckinvest&#039;i daha iyi yapan nedir?<\/strong><\/h2>\n\n\n\n<h3 class=\"wp-block-heading\"><strong>\ud83d\udcd8 1. A\u00e7\u0131k ve \u015feffaf kurallar<\/strong><\/h3>\n\n\n\n<p>Stratejiler, sabit ve anla\u015f\u0131labilir kurallara g\u00f6re ilerler. Spontane kararlar, piyasa zamanlamas\u0131 veya i\u00e7g\u00fcd\u00fcsel hisler yok. Her \u015fey belgelenmi\u015f ve tutarl\u0131d\u0131r.<\/p>\n\n\n\n<h3 class=\"wp-block-heading\"><strong>\ud83d\udd04 2. D\u00fczenli, kural tabanl\u0131 yeniden dengeleme<\/strong><\/h3>\n\n\n\n<p>A\u011f\u0131rl\u0131kland\u0131rmalar belirli aral\u0131klarla g\u00f6zden ge\u00e7irilir ve ayarlan\u0131r. Bu, k\u0131sa vadeli piyasa hareketlerinden ba\u011f\u0131ms\u0131z olarak riski istikrarl\u0131 tutar.<\/p>\n\n\n\n<h3 class=\"wp-block-heading\"><strong>\ud83c\udf0d 3. Tek bir portf\u00f6yde k\u00fcresel \u00e7e\u015fitlendirme<\/strong><\/h3>\n\n\n\n<p>MueckInvest, \u00e7e\u015fitli ETF&#039;leri bir araya getirmek yerine, k\u00fcresel \u00e7e\u015fitlendirmeyi net bir \u015fekilde yap\u0131land\u0131r\u0131lm\u0131\u015f bir yakla\u015f\u0131mla birle\u015ftiriyor:<\/p>\n\n\n\n<ul class=\"wp-block-list\">\n<li>Geli\u015fmi\u015f ve geli\u015fmekte olan piyasalardan hisse senetleri<\/li>\n\n\n\n<li>ABD, Avrupa ve Asya gibi b\u00f6lgesel odak alanlar\u0131<\/li>\n\n\n\n<li>Stratejiye ba\u011fl\u0131 olarak: risk y\u00f6netimi i\u00e7in tahviller veya di\u011fer yap\u0131 ta\u015flar\u0131<\/li>\n<\/ul>\n\n\n\n<p>Sonu\u00e7: Rastgele olu\u015fturulmu\u015f bir ETF koleksiyonu yerine, tutarl\u0131 ve profesyonelce yap\u0131land\u0131r\u0131lm\u0131\u015f bir portf\u00f6y.<\/p>\n\n\n\n<h3 class=\"wp-block-heading\"><strong>\ud83e\udde9 4. Daha az \u00e7aba \u2013 daha az hata<\/strong><\/h3>\n\n\n\n<p>Zamanlama, a\u011f\u0131rl\u0131kland\u0131rma veya piyasa evreleri konusunda endi\u015felenmenize gerek yok. Kurallar sabittir ve tutarl\u0131 bir \u015fekilde uygulan\u0131r. Bu, tipik davran\u0131\u015f hatalar\u0131n\u0131 azalt\u0131r ve uzun vadeli istikrar\u0131 sa\u011flar.<\/p>\n\n\n\n<h2 class=\"wp-block-heading\"><strong>\ud83d\udca1 Bunun sizin i\u00e7in anlam\u0131 nedir?<\/strong><\/h2>\n\n\n\n<p>Kurallara dayal\u0131 bir portf\u00f6y, yaln\u0131zca yap\u0131sal avantajlar de\u011fil, ayn\u0131 zamanda psikolojik avantajlar da sunar:<\/p>\n\n\n\n<ul class=\"wp-block-list\">\n<li>Piyasa hareketleri s\u0131ras\u0131nda daha az stres<\/li>\n\n\n\n<li>\u00d6nemli kararlar\u0131 ka\u00e7\u0131rmaktan korkmay\u0131n.<\/li>\n\n\n\n<li>Risk s\u0131n\u0131f\u0131n\u0131za kal\u0131c\u0131 olarak uyan bir portf\u00f6y.<\/li>\n\n\n\n<li>G\u00fcnl\u00fck hayatta karar verme bask\u0131s\u0131n\u0131n azalmas\u0131<\/li>\n\n\n\n<li>Karma\u015f\u0131kl\u0131k yerine sadelik<\/li>\n<\/ul>\n\n\n\n<p>Dolay\u0131s\u0131yla ger\u00e7ek katma de\u011fer, yaln\u0131zca portf\u00f6y\u00fcn olu\u015fturulmas\u0131nda de\u011fil, ayn\u0131 zamanda uzun y\u0131llar boyunca tutarl\u0131 ve disiplinli bir \u015fekilde uygulanmas\u0131nda yatmaktad\u0131r.<\/p>\n\n\n\n<div style=\"height:20px\" aria-hidden=\"true\" class=\"wp-block-spacer\"><\/div>\n\n\n\n<hr class=\"wp-block-separator has-alpha-channel-opacity\"\/>\n\n\n\n<div style=\"height:20px\" aria-hidden=\"true\" class=\"wp-block-spacer\"><\/div>\n\n\n\n<h2 class=\"wp-block-heading\"><strong>\ud83d\udcca Wikifolio arac\u0131l\u0131\u011f\u0131yla \u015feffaf uygulama<\/strong><\/h2>\n\n\n\n<p>MueckInvest&#039;in stratejileri Wikifolio \u00fczerinden canl\u0131 olarak uygulanmaktad\u0131r. Bunlar\u0131 diledi\u011finiz zaman oradan takip edebilirsiniz.<\/p>\n\n\n\n<ul class=\"wp-block-list\">\n<li>mevcut a\u011f\u0131rl\u0131klar ve bile\u015fim<\/li>\n\n\n\n<li>t\u00fcm ayarlamalar ve yeniden dengeleme ad\u0131mlar\u0131<\/li>\n\n\n\n<li>Risk g\u00f6stergeleri ve tarihsel geli\u015fim<\/li>\n\n\n\n<li>her bir i\u015flem<\/li>\n<\/ul>\n\n\n\n<p>Nas\u0131l \u00e7al\u0131\u015f\u0131r? <a href=\"https:\/\/mueckinvest.com\/tr\/%f0%9f%93%88-wikifolios\/\" title=\"Wikifolios\">Wikifolio<\/a> F\u0131rsatlar ve riskler de ayr\u0131nt\u0131l\u0131 olarak ele al\u0131nmaktad\u0131r. <a href=\"https:\/\/mueckinvest.com\/tr\/derinlemesine-inceleme-konulari\/\" title=\"Konulara Derinlemesine Bak\u0131\u015f\">Derinlemesine \u0130nceleme Konular\u0131<\/a> ve i\u00e7inde <a href=\"https:\/\/mueckinvest.com\/tr\/sss\/\" title=\"S\u0131k\u00e7a Sorulan Sorular (SSS)\">SSS <\/a>a\u00e7\u0131klad\u0131.<\/p>\n\n\n\n<div style=\"height:20px\" aria-hidden=\"true\" class=\"wp-block-spacer\"><\/div>\n\n\n\n<hr class=\"wp-block-separator has-alpha-channel-opacity\"\/>\n\n\n\n<div style=\"height:20px\" aria-hidden=\"true\" class=\"wp-block-spacer\"><\/div>\n\n\n\n<figure class=\"wp-block-table\">\n  <table class=\"info-tabelle mehrwert has-fixed-layout\">\n    <thead>\n      <tr>\n        <th>kriter<\/th>\n        <th>ETF portf\u00f6y\u00fc<\/th>\n        <th>\u015eemsiye Vikifolio: K\u00fcresel Katmanlar<\/th>\n      <\/tr>\n    <\/thead>\n    <tbody>\n      <tr>\n        <td>Yap\u0131<\/td>\n        <td>3-7 ayr\u0131 ETF, manuel a\u011f\u0131rl\u0131kland\u0131rma<\/td>\n        <td>Tek bir konum, t\u00fcm yap\u0131 ta\u015flar\u0131 entegre edilmi\u015f.<\/td>\n      <\/tr>\n      <tr>\n        <td>aktivite<\/td>\n        <td>Tamamen pasif, hi\u00e7bir ayarlama yok.<\/td>\n        <td>Kural tabanl\u0131 aktif, yeniden dengeleme ve trend mant\u0131\u011f\u0131<\/td>\n      <\/tr>\n      <tr>\n        <td>\u00c7e\u015fitlendirme<\/td>\n        <td>K\u00fcresel, ancak genellikle sadece 2-3 b\u00f6lgeyi kapsar.<\/td>\n        <td>K\u00fcresel + Fakt\u00f6rler + Trendler + Konular<\/td>\n      <\/tr>\n      <tr>\n        <td>Gider<\/td>\n        <td>D\u00fczenli yeniden dengeleme, se\u00e7im kararlar\u0131<\/td>\n        <td>Tamamen otomatik, bak\u0131m gerektirmez.<\/td>\n      <\/tr>\n      <tr>\n        <td>esneklik<\/td>\n        <td>Endekse s\u0131k\u0131 s\u0131k\u0131ya ba\u011fl\u0131<\/td>\n        <td>Piyasa a\u015famalar\u0131na ve yeni trendlere uyarlanabilir.<\/td>\n      <\/tr>\n      <tr>\n        <td>\u015feffafl\u0131k<\/td>\n        <td>Dizin kurallar\u0131 ge\u00e7erli, ancak a\u00e7\u0131klama yetersiz.<\/td>\n        <td>Net g\u00fcncellemeler, anla\u015f\u0131labilir kararlar<\/td>\n      <\/tr>\n      <tr>\n        <td>Maliyet alg\u0131s\u0131<\/td>\n        <td>D\u00fc\u015f\u00fck toplam gider oran\u0131, ancak ba\u015flang\u0131\u00e7 maliyetleri y\u00fcksek.<\/td>\n        <td>Daha y\u00fcksek \u00fccretler, ancak tam destek.<\/td>\n      <\/tr>\n    <\/tbody>\n    <tfoot>\n      <tr>\n        <td class=\"has-text-align-center\" data-align=\"center\" colspan=\"3\">\n          ETF portf\u00f6yleri iyi bir ba\u015flang\u0131\u00e7 noktas\u0131d\u0131r. Benim stratejim ise bir sonraki ad\u0131md\u0131r.\n        <\/td>\n      <\/tr>\n    <\/tfoot>\n  <\/table>\n<\/figure>\n\n<!-- Wrapper f\u00fcr die mobilen Spalten-Cards -->\n<div class=\"mehrwert-cards\"><\/div>\n\n\n\n<div class=\"wp-block-columns is-layout-flex wp-container-core-columns-is-layout-28f84493 wp-block-columns-is-layout-flex\">\n<div class=\"wp-block-column is-layout-flow wp-block-column-is-layout-flow\">\n<div class=\"wp-block-buttons is-layout-flex wp-block-buttons-is-layout-flex\">\n<div class=\"wp-block-button\"><a class=\"wp-block-button__link wp-element-button\" href=\"https:\/\/mueckinvest.com\/tr\/kueresel-katmanlar\/\">\u015eemsiye wikifolio Global Layers&#039;a<\/a><\/div>\n<\/div>\n<\/div>\n\n\n\n<div class=\"wp-block-column is-layout-flow wp-block-column-is-layout-flow\">\n<div class=\"wp-block-buttons is-layout-flex wp-block-buttons-is-layout-flex\">\n<div class=\"wp-block-button\"><a class=\"wp-block-button__link wp-element-button\" href=\"https:\/\/mueckinvest.com\/tr\/wikifolios\/\">Daha fazla strateji ke\u015ffedin<\/a><\/div>\n<\/div>\n<\/div>\n<\/div>\n\n\n\n<div class=\"wp-block-buttons is-layout-flex wp-block-buttons-is-layout-flex\"><\/div>","protected":false},"excerpt":{"rendered":"<p>Ein ETF\u2011Portfolio ist grunds\u00e4tzlich ein guter Start. Doch viele Anlegerinnen und Anleger untersch\u00e4tzen, wie stark sich ein Portfolio im Laufe der Zeit ver\u00e4ndert \u2013 und wie schwierig es ist, langfristig diszipliniert zu bleiben. Genau hier setzt MueckInvest an: mit klaren Regeln, globaler Diversifikation und einer transparenten, live umgesetzten Strategie. \ud83d\udd0d Typische Herausforderungen bei klassischen ETF\u2011Portfolios [&hellip;]<\/p>\n","protected":false},"author":1,"featured_media":0,"parent":0,"menu_order":0,"comment_status":"closed","ping_status":"closed","template":"page-no-sidebar","meta":{"pmpro_default_level":"","_monsterinsights_skip_tracking":false,"_monsterinsights_sitenote_active":false,"_monsterinsights_sitenote_note":"","_monsterinsights_sitenote_category":0,"footnotes":""},"class_list":["post-1508","page","type-page","status-publish","hentry","pmpro-has-access"],"aioseo_notices":[],"_links":{"self":[{"href":"https:\/\/mueckinvest.com\/tr\/wp-json\/wp\/v2\/pages\/1508","targetHints":{"allow":["GET"]}}],"collection":[{"href":"https:\/\/mueckinvest.com\/tr\/wp-json\/wp\/v2\/pages"}],"about":[{"href":"https:\/\/mueckinvest.com\/tr\/wp-json\/wp\/v2\/types\/page"}],"author":[{"embeddable":true,"href":"https:\/\/mueckinvest.com\/tr\/wp-json\/wp\/v2\/users\/1"}],"replies":[{"embeddable":true,"href":"https:\/\/mueckinvest.com\/tr\/wp-json\/wp\/v2\/comments?post=1508"}],"version-history":[{"count":2,"href":"https:\/\/mueckinvest.com\/tr\/wp-json\/wp\/v2\/pages\/1508\/revisions"}],"predecessor-version":[{"id":3201,"href":"https:\/\/mueckinvest.com\/tr\/wp-json\/wp\/v2\/pages\/1508\/revisions\/3201"}],"wp:attachment":[{"href":"https:\/\/mueckinvest.com\/tr\/wp-json\/wp\/v2\/media?parent=1508"}],"curies":[{"name":"wp","href":"https:\/\/api.w.org\/{rel}","templated":true}]}}