{"id":3984,"date":"2026-03-13T11:00:00","date_gmt":"2026-03-13T10:00:00","guid":{"rendered":"https:\/\/mueckinvest.com\/?page_id=3984"},"modified":"2026-03-17T17:00:00","modified_gmt":"2026-03-17T16:00:00","slug":"%e0%b9%80%e0%b8%a3%e0%b8%b7%e0%b9%88%e0%b8%ad%e0%b8%87%e0%b8%a3%e0%b8%b2%e0%b8%a7","status":"publish","type":"page","link":"https:\/\/mueckinvest.com\/th\/geschichte\/","title":{"rendered":"\u0e1b\u0e23\u0e30\u0e27\u0e31\u0e15\u0e34\u0e04\u0e27\u0e32\u0e21\u0e40\u0e1b\u0e47\u0e19\u0e21\u0e32 \u0e01\u0e32\u0e23\u0e1e\u0e31\u0e12\u0e19\u0e32 \u0e41\u0e25\u0e30\u0e41\u0e1c\u0e19\u0e07\u0e32\u0e19\u0e43\u0e19\u0e2d\u0e19\u0e32\u0e04\u0e15"},"content":{"rendered":"<p><strong>\u0e40\u0e2b\u0e15\u0e38\u0e1c\u0e25\u0e17\u0e35\u0e48\u0e09\u0e31\u0e19\u0e40\u0e1b\u0e34\u0e14\u0e40\u0e1c\u0e22\u0e1e\u0e31\u0e12\u0e19\u0e32\u0e01\u0e32\u0e23\u0e02\u0e2d\u0e07\u0e15\u0e31\u0e27\u0e40\u0e2d\u0e07<\/strong><\/p>\n\n\n\n<p>\u0e2a\u0e33\u0e2b\u0e23\u0e31\u0e1a\u0e1c\u0e21\u0e41\u0e25\u0e49\u0e27 \u0e01\u0e32\u0e23\u0e41\u0e2a\u0e14\u0e07\u0e43\u0e2b\u0e49\u0e40\u0e2b\u0e47\u0e19\u0e2d\u0e22\u0e48\u0e32\u0e07\u0e42\u0e1b\u0e23\u0e48\u0e07\u0e43\u0e2a\u0e27\u0e48\u0e32 Mueckinvest \u0e1e\u0e31\u0e12\u0e19\u0e32\u0e21\u0e32\u0e2d\u0e22\u0e48\u0e32\u0e07\u0e44\u0e23\u0e17\u0e35\u0e25\u0e30\u0e02\u0e31\u0e49\u0e19\u0e15\u0e2d\u0e19\u0e40\u0e1b\u0e47\u0e19\u0e2a\u0e34\u0e48\u0e07\u0e2a\u0e33\u0e04\u0e31\u0e0d \u0e42\u0e14\u0e22\u0e40\u0e09\u0e1e\u0e32\u0e30\u0e2d\u0e22\u0e48\u0e32\u0e07\u0e22\u0e34\u0e48\u0e07\u0e43\u0e19\u0e20\u0e32\u0e04\u0e01\u0e32\u0e23\u0e40\u0e07\u0e34\u0e19 \u0e04\u0e27\u0e32\u0e21\u0e44\u0e27\u0e49\u0e27\u0e32\u0e07\u0e43\u0e08\u0e40\u0e1b\u0e47\u0e19\u0e2a\u0e34\u0e48\u0e07\u0e2a\u0e33\u0e04\u0e31\u0e0d\u0e22\u0e34\u0e48\u0e07 \u0e41\u0e25\u0e30\u0e04\u0e27\u0e32\u0e21\u0e44\u0e27\u0e49\u0e27\u0e32\u0e07\u0e43\u0e08\u0e08\u0e30\u0e40\u0e01\u0e34\u0e14\u0e02\u0e36\u0e49\u0e19\u0e44\u0e14\u0e49\u0e40\u0e21\u0e37\u0e48\u0e2d\u0e04\u0e38\u0e13\u0e40\u0e02\u0e49\u0e32\u0e43\u0e08\u0e27\u0e48\u0e32\u0e1c\u0e25\u0e34\u0e15\u0e20\u0e31\u0e13\u0e11\u0e4c\u0e19\u0e31\u0e49\u0e19\u0e16\u0e39\u0e01\u0e2a\u0e23\u0e49\u0e32\u0e07\u0e02\u0e36\u0e49\u0e19 \u0e40\u0e15\u0e34\u0e1a\u0e42\u0e15 \u0e41\u0e25\u0e30\u0e1e\u0e31\u0e12\u0e19\u0e32\u0e44\u0e1b\u0e2d\u0e22\u0e48\u0e32\u0e07\u0e44\u0e23 \u0e19\u0e31\u0e48\u0e19\u0e04\u0e37\u0e2d\u0e40\u0e2b\u0e15\u0e38\u0e1c\u0e25\u0e17\u0e35\u0e48\u0e1c\u0e21\u0e44\u0e14\u0e49\u0e1a\u0e31\u0e19\u0e17\u0e36\u0e01\u0e01\u0e32\u0e23\u0e40\u0e14\u0e34\u0e19\u0e17\u0e32\u0e07\u0e02\u0e2d\u0e07\u0e1c\u0e21\u0e21\u0e32\u0e15\u0e31\u0e49\u0e07\u0e41\u0e15\u0e48\u0e1b\u0e35 2025 \u0e41\u0e25\u0e30\u0e41\u0e2a\u0e14\u0e07\u0e43\u0e2b\u0e49\u0e40\u0e2b\u0e47\u0e19\u0e2d\u0e22\u0e48\u0e32\u0e07\u0e0a\u0e31\u0e14\u0e40\u0e08\u0e19\u0e27\u0e48\u0e32\u0e1c\u0e21\u0e01\u0e33\u0e25\u0e31\u0e07\u0e17\u0e33\u0e07\u0e32\u0e19\u0e2d\u0e30\u0e44\u0e23\u0e2d\u0e22\u0e39\u0e48 \u0e2a\u0e34\u0e48\u0e07\u0e17\u0e35\u0e48\u0e44\u0e14\u0e49\u0e1a\u0e23\u0e23\u0e25\u0e38\u0e44\u0e1b\u0e41\u0e25\u0e49\u0e27\u0e04\u0e37\u0e2d\u0e2d\u0e30\u0e44\u0e23 \u0e41\u0e25\u0e30\u0e02\u0e31\u0e49\u0e19\u0e15\u0e2d\u0e19\u0e15\u0e48\u0e2d\u0e44\u0e1b\u0e04\u0e37\u0e2d\u0e2d\u0e30\u0e44\u0e23.<\/p>\n\n\n\n<details class=\"wp-block-details is-layout-flow wp-block-details-is-layout-flow\"><summary><strong>2025<\/strong><\/summary>\n<h2 class=\"wp-block-heading\">\u0e2a\u0e34\u0e07\u0e2b\u0e32\u0e04\u0e21 2568 \u2013 \u0e02\u0e31\u0e49\u0e19\u0e15\u0e2d\u0e19\u0e01\u0e32\u0e23\u0e27\u0e34\u0e40\u0e04\u0e23\u0e32\u0e30\u0e2b\u0e4c: Wikifolios \u0e04\u0e37\u0e2d\u0e08\u0e38\u0e14\u0e2a\u0e19\u0e43\u0e08\u0e2b\u0e25\u0e31\u0e01<\/h2>\n\n\n\n<p>\u0e08\u0e38\u0e14\u0e40\u0e23\u0e34\u0e48\u0e21\u0e15\u0e49\u0e19\u0e02\u0e2d\u0e07 Mueckinvest \u0e43\u0e19\u0e0a\u0e48\u0e27\u0e07\u0e19\u0e35\u0e49 \u0e40\u0e19\u0e49\u0e19\u0e44\u0e1b\u0e17\u0e35\u0e48\u0e01\u0e32\u0e23\u0e27\u0e34\u0e40\u0e04\u0e23\u0e32\u0e30\u0e2b\u0e4c Wikifolios \u0e01\u0e25\u0e22\u0e38\u0e17\u0e18\u0e4c\u0e01\u0e32\u0e23\u0e25\u0e07\u0e17\u0e38\u0e19 \u0e41\u0e25\u0e30\u0e02\u0e49\u0e2d\u0e1c\u0e34\u0e14\u0e1e\u0e25\u0e32\u0e14\u0e17\u0e31\u0e48\u0e27\u0e44\u0e1b\u0e02\u0e2d\u0e07\u0e19\u0e31\u0e01\u0e25\u0e07\u0e17\u0e38\u0e19\u0e2d\u0e22\u0e48\u0e32\u0e07\u0e25\u0e30\u0e40\u0e2d\u0e35\u0e22\u0e14 \u0e02\u0e49\u0e2d\u0e21\u0e39\u0e25\u0e40\u0e0a\u0e34\u0e07\u0e25\u0e36\u0e01\u0e17\u0e35\u0e48\u0e44\u0e14\u0e49\u0e23\u0e31\u0e1a\u0e40\u0e1b\u0e47\u0e19\u0e23\u0e32\u0e01\u0e10\u0e32\u0e19\u0e02\u0e2d\u0e07\u0e41\u0e19\u0e27\u0e04\u0e34\u0e14\u0e43\u0e19\u0e20\u0e32\u0e22\u0e2b\u0e25\u0e31\u0e07\u0e40\u0e01\u0e35\u0e48\u0e22\u0e27\u0e01\u0e31\u0e1a\u0e41\u0e1e\u0e25\u0e15\u0e1f\u0e2d\u0e23\u0e4c\u0e21\u0e17\u0e32\u0e07\u0e01\u0e32\u0e23\u0e40\u0e07\u0e34\u0e19\u0e17\u0e35\u0e48\u0e0a\u0e31\u0e14\u0e40\u0e08\u0e19 \u0e40\u0e02\u0e49\u0e32\u0e43\u0e08\u0e07\u0e48\u0e32\u0e22 \u0e41\u0e25\u0e30\u0e21\u0e38\u0e48\u0e07\u0e40\u0e19\u0e49\u0e19\u0e23\u0e30\u0e22\u0e30\u0e22\u0e32\u0e27.<\/p>\n\n\n\n<h2 class=\"wp-block-heading\">\u0e15\u0e38\u0e25\u0e32\u0e04\u0e21 2568 \u2013 \u0e40\u0e23\u0e34\u0e48\u0e21\u0e2a\u0e23\u0e49\u0e32\u0e07\u0e40\u0e27\u0e47\u0e1a\u0e44\u0e0b\u0e15\u0e4c\u0e41\u0e25\u0e30\u0e41\u0e1a\u0e23\u0e19\u0e14\u0e4c\u0e40\u0e1b\u0e47\u0e19\u0e04\u0e23\u0e31\u0e49\u0e07\u0e41\u0e23\u0e01<\/h2>\n\n\n\n<p>\u0e40\u0e27\u0e47\u0e1a\u0e44\u0e0b\u0e15\u0e4c Mueckinvest \u0e40\u0e27\u0e2d\u0e23\u0e4c\u0e0a\u0e31\u0e19\u0e41\u0e23\u0e01\u0e40\u0e1b\u0e34\u0e14\u0e15\u0e31\u0e27\u0e2d\u0e2d\u0e19\u0e44\u0e25\u0e19\u0e4c\u0e41\u0e25\u0e49\u0e27 \u0e40\u0e1b\u0e49\u0e32\u0e2b\u0e21\u0e32\u0e22\u0e04\u0e37\u0e2d\u0e01\u0e32\u0e23\u0e19\u0e33\u0e40\u0e2a\u0e19\u0e2d\u0e04\u0e27\u0e32\u0e21\u0e23\u0e39\u0e49\u0e17\u0e32\u0e07\u0e01\u0e32\u0e23\u0e40\u0e07\u0e34\u0e19\u0e43\u0e19\u0e23\u0e39\u0e1b\u0e41\u0e1a\u0e1a\u0e17\u0e35\u0e48\u0e21\u0e35\u0e42\u0e04\u0e23\u0e07\u0e2a\u0e23\u0e49\u0e32\u0e07\u0e41\u0e25\u0e30\u0e40\u0e02\u0e49\u0e32\u0e43\u0e08\u0e07\u0e48\u0e32\u0e22 \u0e43\u0e19\u0e02\u0e13\u0e30\u0e40\u0e14\u0e35\u0e22\u0e27\u0e01\u0e31\u0e19\u0e01\u0e47\u0e21\u0e35\u0e01\u0e32\u0e23\u0e1e\u0e31\u0e12\u0e19\u0e32\u0e40\u0e2d\u0e01\u0e25\u0e31\u0e01\u0e29\u0e13\u0e4c\u0e02\u0e2d\u0e07\u0e41\u0e1a\u0e23\u0e19\u0e14\u0e4c\u0e43\u0e2b\u0e49\u0e40\u0e23\u0e35\u0e22\u0e1a\u0e07\u0e48\u0e32\u0e22 \u0e40\u0e19\u0e49\u0e19\u0e02\u0e49\u0e2d\u0e40\u0e17\u0e47\u0e08\u0e08\u0e23\u0e34\u0e07 \u0e41\u0e25\u0e30\u0e21\u0e2d\u0e07\u0e01\u0e32\u0e23\u0e13\u0e4c\u0e44\u0e01\u0e25\u0e43\u0e19\u0e23\u0e30\u0e22\u0e30\u0e22\u0e32\u0e27.<\/p>\n\n\n\n<h2 class=\"wp-block-heading\">\u0e18\u0e31\u0e19\u0e27\u0e32\u0e04\u0e21 2025 \u2013 \u0e01\u0e32\u0e23\u0e40\u0e08\u0e32\u0e30\u0e25\u0e36\u0e01\u0e40\u0e0a\u0e34\u0e07\u0e25\u0e36\u0e01\u0e15\u0e32\u0e21\u0e2b\u0e31\u0e27\u0e02\u0e49\u0e2d\u0e15\u0e48\u0e32\u0e07\u0e46<\/h2>\n\n\n\n<p>\u0e01\u0e32\u0e23\u0e17\u0e33\u0e07\u0e32\u0e19\u0e2d\u0e22\u0e48\u0e32\u0e07\u0e40\u0e02\u0e49\u0e21\u0e02\u0e49\u0e19\u0e14\u0e49\u0e32\u0e19\u0e40\u0e19\u0e37\u0e49\u0e2d\u0e2b\u0e32\u0e44\u0e14\u0e49\u0e40\u0e23\u0e34\u0e48\u0e21\u0e15\u0e49\u0e19\u0e02\u0e36\u0e49\u0e19 \u0e21\u0e35\u0e01\u0e32\u0e23\u0e2a\u0e23\u0e49\u0e32\u0e07\u0e42\u0e04\u0e23\u0e07\u0e01\u0e32\u0e23\u0e17\u0e35\u0e48\u0e04\u0e23\u0e2d\u0e1a\u0e04\u0e25\u0e38\u0e21\u0e2b\u0e25\u0e32\u0e22\u0e14\u0e49\u0e32\u0e19 <a href=\"https:\/\/mueckinvest.com\/th\/%e0%b8%ab%e0%b8%b1%e0%b8%a7%e0%b8%82%e0%b9%89%e0%b8%ad%e0%b9%80%e0%b8%88%e0%b8%b2%e0%b8%b0%e0%b8%a5%e0%b8%b6%e0%b8%81\/\" title=\"\u0e40\u0e08\u0e32\u0e30\u0e25\u0e36\u0e01\u0e2b\u0e31\u0e27\u0e02\u0e49\u0e2d\u0e15\u0e48\u0e32\u0e07\u0e46\">\u0e01\u0e32\u0e23\u0e14\u0e33\u0e19\u0e49\u0e33\u0e25\u0e36\u0e01<\/a> \u0e01\u0e2d\u0e07\u0e17\u0e38\u0e19 ETF, \u0e04\u0e27\u0e32\u0e21\u0e40\u0e2a\u0e35\u0e48\u0e22\u0e07, \u0e01\u0e32\u0e23\u0e01\u0e23\u0e30\u0e08\u0e32\u0e22\u0e04\u0e27\u0e32\u0e21\u0e40\u0e2a\u0e35\u0e48\u0e22\u0e07, <a href=\"https:\/\/mueckinvest.com\/th\/%e0%b8%81%e0%b8%b2%e0%b8%a3%e0%b8%9b%e0%b8%a3%e0%b8%b1%e0%b8%9a%e0%b8%aa%e0%b8%a1%e0%b8%94%e0%b8%b8%e0%b8%a5%e0%b9%83%e0%b8%ab%e0%b8%a1%e0%b9%88\/\" title=\"\u0e01\u0e32\u0e23\u0e1b\u0e23\u0e31\u0e1a\u0e2a\u0e21\u0e14\u0e38\u0e25\u0e43\u0e2b\u0e21\u0e48\">\u0e01\u0e32\u0e23\u0e1b\u0e23\u0e31\u0e1a\u0e2a\u0e21\u0e14\u0e38\u0e25\u0e43\u0e2b\u0e21\u0e48 <\/a>\u0e41\u0e25\u0e30\u0e01\u0e25\u0e22\u0e38\u0e17\u0e18\u0e4c\u0e01\u0e32\u0e23\u0e25\u0e07\u0e17\u0e38\u0e19\u0e23\u0e30\u0e22\u0e30\u0e22\u0e32\u0e27 \u0e40\u0e19\u0e37\u0e49\u0e2d\u0e2b\u0e32\u0e40\u0e2b\u0e25\u0e48\u0e32\u0e19\u0e35\u0e49\u0e15\u0e48\u0e2d\u0e21\u0e32\u0e44\u0e14\u0e49\u0e01\u0e25\u0e32\u0e22\u0e40\u0e1b\u0e47\u0e19\u0e10\u0e32\u0e19\u0e04\u0e27\u0e32\u0e21\u0e23\u0e39\u0e49\u0e02\u0e2d\u0e07 Mueckinvest AI.<\/p>\n<\/details>\n\n\n\n<details class=\"wp-block-details is-layout-flow wp-block-details-is-layout-flow\"><summary><strong>2026<\/strong><\/summary>\n<h2 class=\"wp-block-heading\">\u0e21\u0e01\u0e23\u0e32\u0e04\u0e21 2026 \u2013 \u0e40\u0e23\u0e34\u0e48\u0e21\u0e15\u0e49\u0e19\u0e01\u0e32\u0e23\u0e1e\u0e31\u0e12\u0e19\u0e32\u0e41\u0e2d\u0e1b\u0e1e\u0e25\u0e34\u0e40\u0e04\u0e0a\u0e31\u0e19 Android<\/h2>\n\n\n\n<p>\u0e40\u0e23\u0e34\u0e48\u0e21\u0e15\u0e49\u0e19\u0e01\u0e32\u0e23\u0e14\u0e33\u0e40\u0e19\u0e34\u0e19\u0e01\u0e32\u0e23\u0e17\u0e32\u0e07\u0e40\u0e17\u0e04\u0e19\u0e34\u0e04\u0e2d\u0e22\u0e48\u0e32\u0e07\u0e40\u0e1b\u0e47\u0e19\u0e17\u0e32\u0e07\u0e01\u0e32\u0e23\u0e41\u0e25\u0e49\u0e27 \u0e2a\u0e16\u0e32\u0e1b\u0e31\u0e15\u0e22\u0e01\u0e23\u0e23\u0e21\u0e44\u0e14\u0e49\u0e23\u0e31\u0e1a\u0e01\u0e32\u0e23\u0e2d\u0e2d\u0e01\u0e41\u0e1a\u0e1a\u0e43\u0e2b\u0e49\u0e21\u0e35\u0e02\u0e19\u0e32\u0e14\u0e40\u0e25\u0e47\u0e01 \u0e22\u0e37\u0e14\u0e2b\u0e22\u0e38\u0e48\u0e19 \u0e41\u0e25\u0e30\u0e43\u0e0a\u0e49\u0e07\u0e32\u0e19\u0e44\u0e14\u0e49\u0e17\u0e31\u0e48\u0e27\u0e42\u0e25\u0e01 \u0e15\u0e49\u0e19\u0e41\u0e1a\u0e1a UI \u0e40\u0e1a\u0e37\u0e49\u0e2d\u0e07\u0e15\u0e49\u0e19\u0e41\u0e25\u0e30\u0e41\u0e1a\u0e1a\u0e08\u0e33\u0e25\u0e2d\u0e07\u0e02\u0e49\u0e2d\u0e21\u0e39\u0e25\u0e2a\u0e33\u0e2b\u0e23\u0e31\u0e1a\u0e02\u0e49\u0e2d\u0e21\u0e39\u0e25 ETF \u0e44\u0e14\u0e49\u0e23\u0e31\u0e1a\u0e01\u0e32\u0e23\u0e1e\u0e31\u0e12\u0e19\u0e32\u0e02\u0e36\u0e49\u0e19\u0e41\u0e25\u0e49\u0e27.<\/p>\n\n\n\n<h2 class=\"wp-block-heading\">\u0e01\u0e38\u0e21\u0e20\u0e32\u0e1e\u0e31\u0e19\u0e18\u0e4c 2569 \u2013 \u0e01\u0e32\u0e23\u0e01\u0e48\u0e2d\u0e15\u0e31\u0e49\u0e07 AI<\/h2>\n\n\n\n<p>\u0e08\u0e38\u0e14\u0e40\u0e23\u0e34\u0e48\u0e21\u0e15\u0e49\u0e19\u0e02\u0e2d\u0e07 <a href=\"https:\/\/mueckinvest.com\/th\/%e0%b8%a1%e0%b8%b4%e0%b8%a7%e0%b8%84%e0%b8%b4%e0%b8%99%e0%b9%80%e0%b8%a7%e0%b8%aa%e0%b8%95%e0%b9%8c-%e0%b8%84%e0%b8%b4\/\" title=\"\u0e21\u0e39\u0e40\u0e2d\u0e04\u0e01\u0e34\u0e19\u0e40\u0e27\u0e2a\u0e17\u0e4c AI\">\u0e01\u0e32\u0e23\u0e1a\u0e39\u0e23\u0e13\u0e32\u0e01\u0e32\u0e23 AI<\/a> \u0e42\u0e14\u0e22\u0e40\u0e19\u0e49\u0e19\u0e17\u0e35\u0e48\u0e04\u0e27\u0e32\u0e21\u0e40\u0e0a\u0e35\u0e48\u0e22\u0e27\u0e0a\u0e32\u0e0d\u0e43\u0e19\u0e01\u0e32\u0e23\u0e2d\u0e18\u0e34\u0e1a\u0e32\u0e22\u0e2d\u0e22\u0e48\u0e32\u0e07\u0e41\u0e17\u0e49\u0e08\u0e23\u0e34\u0e07\u0e21\u0e32\u0e01\u0e01\u0e27\u0e48\u0e32\u0e04\u0e33\u0e15\u0e2d\u0e1a\u0e17\u0e31\u0e48\u0e27\u0e44\u0e1b \u0e01\u0e32\u0e23\u0e1e\u0e31\u0e12\u0e19\u0e32\u0e23\u0e30\u0e1a\u0e1a\u0e1b\u0e23\u0e30\u0e21\u0e27\u0e25\u0e1c\u0e25\u0e02\u0e49\u0e2d\u0e21\u0e39\u0e25 RAG \u0e01\u0e32\u0e23\u0e1d\u0e31\u0e07\u0e02\u0e49\u0e2d\u0e21\u0e39\u0e25\u0e40\u0e1a\u0e37\u0e49\u0e2d\u0e07\u0e15\u0e49\u0e19 \u0e41\u0e25\u0e30\u0e42\u0e04\u0e23\u0e07\u0e2a\u0e23\u0e49\u0e32\u0e07\u0e10\u0e32\u0e19\u0e02\u0e49\u0e2d\u0e21\u0e39\u0e25\u0e40\u0e27\u0e01\u0e40\u0e15\u0e2d\u0e23\u0e4c \u0e04\u0e27\u0e1a\u0e04\u0e39\u0e48\u0e44\u0e1b\u0e01\u0e31\u0e1a\u0e01\u0e32\u0e23\u0e27\u0e32\u0e07\u0e41\u0e1c\u0e19\u0e23\u0e2d\u0e07\u0e23\u0e31\u0e1a\u0e2b\u0e25\u0e32\u0e22\u0e20\u0e32\u0e29\u0e32\u0e2a\u0e33\u0e2b\u0e23\u0e31\u0e1a\u0e01\u0e32\u0e23\u0e43\u0e0a\u0e49\u0e07\u0e32\u0e19\u0e17\u0e31\u0e48\u0e27\u0e42\u0e25\u0e01.<\/p>\n\n\n\n<h2 class=\"wp-block-heading\">17 \u0e21\u0e35\u0e19\u0e32\u0e04\u0e21 2569 \u2013 \u0e01\u0e32\u0e23\u0e40\u0e1b\u0e34\u0e14\u0e15\u0e31\u0e27\u0e40\u0e2a\u0e23\u0e47\u0e08\u0e2a\u0e21\u0e1a\u0e39\u0e23\u0e13\u0e4c\u0e41\u0e25\u0e49\u0e27 \ud83c\udf0d<\/h2>\n\n\n\n<p>\u0e41\u0e2d\u0e19\u0e14\u0e23\u0e2d\u0e22\u0e14\u0e4c <a href=\"https:\/\/mueckinvest.com\/th\/%e0%b9%81%e0%b8%ad%e0%b8%9b-android\/\" title=\"\u0e41\u0e2d\u0e1b Mueckinvest\">\u0e41\u0e2d\u0e1b Mueckinvest<\/a> \u0e15\u0e2d\u0e19\u0e19\u0e35\u0e49\u0e40\u0e1b\u0e34\u0e14\u0e43\u0e0a\u0e49\u0e07\u0e32\u0e19\u0e41\u0e25\u0e49\u0e27 \u0e2b\u0e25\u0e31\u0e07\u0e08\u0e32\u0e01\u0e40\u0e15\u0e23\u0e35\u0e22\u0e21\u0e01\u0e32\u0e23\u0e2d\u0e22\u0e48\u0e32\u0e07\u0e40\u0e02\u0e49\u0e21\u0e02\u0e49\u0e19 \u0e42\u0e04\u0e23\u0e07\u0e2a\u0e23\u0e49\u0e32\u0e07\u0e1e\u0e37\u0e49\u0e19\u0e10\u0e32\u0e19\u0e23\u0e30\u0e14\u0e31\u0e1a\u0e42\u0e25\u0e01\u0e1e\u0e23\u0e49\u0e2d\u0e21\u0e43\u0e0a\u0e49\u0e07\u0e32\u0e19 \u0e40\u0e0b\u0e34\u0e23\u0e4c\u0e1f\u0e40\u0e27\u0e2d\u0e23\u0e4c\u0e17\u0e33\u0e07\u0e32\u0e19\u0e44\u0e14\u0e49\u0e2d\u0e22\u0e48\u0e32\u0e07\u0e23\u0e32\u0e1a\u0e23\u0e37\u0e48\u0e19 \u0e41\u0e25\u0e30 AI \u0e01\u0e47\u0e40\u0e23\u0e34\u0e48\u0e21\u0e43\u0e2b\u0e49\u0e1c\u0e25\u0e25\u0e31\u0e1e\u0e18\u0e4c\u0e17\u0e35\u0e48\u0e22\u0e2d\u0e14\u0e40\u0e22\u0e35\u0e48\u0e22\u0e21\u0e41\u0e25\u0e49\u0e27.<\/p>\n<\/details>\n\n\n\n<details class=\"wp-block-details is-layout-flow wp-block-details-is-layout-flow\"><summary><strong>\u0e01\u0e32\u0e23\u0e27\u0e32\u0e07\u0e41\u0e1c\u0e19 \/ \u0e41\u0e1c\u0e19\u0e07\u0e32\u0e19<\/strong><\/summary>\n<h2 class=\"wp-block-heading\">\u0e40\u0e21\u0e29\u0e32\u0e22\u0e19 \u2013 \u0e21\u0e34\u0e16\u0e38\u0e19\u0e32\u0e22\u0e19 2569<\/h2>\n\n\n\n<p>\u0e40\u0e23\u0e34\u0e48\u0e21\u0e01\u0e32\u0e23\u0e1e\u0e31\u0e12\u0e19\u0e32\u0e41\u0e2d\u0e1b\u0e1e\u0e25\u0e34\u0e40\u0e04\u0e0a\u0e31\u0e19 \u201eMueckinvest\u201c \u0e41\u0e25\u0e30 \u201eMueckinvest AI\u201c \u0e40\u0e27\u0e2d\u0e23\u0e4c\u0e0a\u0e31\u0e19 iOS \u0e41\u0e25\u0e49\u0e27 \u0e42\u0e14\u0e22\u0e21\u0e35\u0e40\u0e1b\u0e49\u0e32\u0e2b\u0e21\u0e32\u0e22\u0e04\u0e37\u0e2d\u0e41\u0e2d\u0e1b\u0e1e\u0e25\u0e34\u0e40\u0e04\u0e0a\u0e31\u0e19\u0e17\u0e35\u0e48\u0e40\u0e2a\u0e16\u0e35\u0e22\u0e23 \u0e23\u0e27\u0e14\u0e40\u0e23\u0e47\u0e27 \u0e41\u0e25\u0e30\u0e43\u0e0a\u0e49\u0e07\u0e32\u0e19\u0e07\u0e48\u0e32\u0e22 \u0e0b\u0e36\u0e48\u0e07\u0e08\u0e30\u0e0a\u0e48\u0e27\u0e22\u0e40\u0e2a\u0e23\u0e34\u0e21\u0e1b\u0e23\u0e30\u0e2a\u0e1a\u0e01\u0e32\u0e23\u0e13\u0e4c\u0e01\u0e32\u0e23\u0e43\u0e0a\u0e49\u0e07\u0e32\u0e19\u0e1a\u0e19\u0e40\u0e27\u0e47\u0e1a\u0e41\u0e25\u0e30 Android \u0e17\u0e35\u0e48\u0e21\u0e35\u0e2d\u0e22\u0e39\u0e48\u0e44\u0e14\u0e49\u0e2d\u0e22\u0e48\u0e32\u0e07\u0e2a\u0e21\u0e1a\u0e39\u0e23\u0e13\u0e4c.<\/p>\n\n\n\n<p>\u0e19\u0e2d\u0e01\u0e40\u0e2b\u0e19\u0e37\u0e2d\u0e08\u0e32\u0e01\u0e41\u0e2d\u0e1b\u0e1e\u0e25\u0e34\u0e40\u0e04\u0e0a\u0e31\u0e19 Android (\u201eMueckinvest\u201c) \u0e41\u0e25\u0e49\u0e27 \u0e22\u0e31\u0e07\u0e08\u0e30\u0e21\u0e35\u0e01\u0e32\u0e23\u0e40\u0e1b\u0e34\u0e14\u0e15\u0e31\u0e27\u0e41\u0e2d\u0e1b\u0e1e\u0e25\u0e34\u0e40\u0e04\u0e0a\u0e31\u0e19\u0e41\u0e1a\u0e1a\u0e2a\u0e41\u0e15\u0e19\u0e14\u0e4c\u0e2d\u0e42\u0e25\u0e19 \u201eMueckinvest AI\u201c \u0e0b\u0e36\u0e48\u0e07\u0e19\u0e33\u0e40\u0e2a\u0e19\u0e2d\u0e01\u0e32\u0e23\u0e2a\u0e19\u0e17\u0e19\u0e32\u0e14\u0e49\u0e27\u0e22 AI \u0e17\u0e35\u0e48\u0e40\u0e0a\u0e35\u0e48\u0e22\u0e27\u0e0a\u0e32\u0e0d\u0e14\u0e49\u0e32\u0e19 ETF \u0e01\u0e32\u0e23\u0e25\u0e07\u0e17\u0e38\u0e19\u0e23\u0e30\u0e22\u0e30\u0e22\u0e32\u0e27 \u0e41\u0e25\u0e30\u0e01\u0e32\u0e23\u0e43\u0e2b\u0e49\u0e04\u0e27\u0e32\u0e21\u0e23\u0e39\u0e49\u0e17\u0e32\u0e07\u0e01\u0e32\u0e23\u0e40\u0e07\u0e34\u0e19 \u0e42\u0e14\u0e22\u0e44\u0e14\u0e49\u0e23\u0e31\u0e1a\u0e01\u0e32\u0e23\u0e1b\u0e23\u0e31\u0e1a\u0e43\u0e2b\u0e49\u0e40\u0e2b\u0e21\u0e32\u0e30\u0e2a\u0e21\u0e2a\u0e33\u0e2b\u0e23\u0e31\u0e1a 20 \u0e20\u0e32\u0e29\u0e32\u0e41\u0e25\u0e30\u0e1c\u0e39\u0e49\u0e43\u0e0a\u0e49\u0e08\u0e32\u0e01\u0e17\u0e31\u0e48\u0e27\u0e42\u0e25\u0e01.<\/p>\n\n\n\n<h2 class=\"wp-block-heading\">\u0e20\u0e32\u0e22\u0e43\u0e19\u0e2a\u0e34\u0e49\u0e19\u0e1b\u0e35 2026<\/h2>\n\n\n\n<p><strong>\u0e04\u0e27\u0e32\u0e21\u0e21\u0e31\u0e48\u0e19\u0e04\u0e07\u0e02\u0e2d\u0e07\u0e2a\u0e16\u0e32\u0e1b\u0e31\u0e15\u0e22\u0e01\u0e23\u0e23\u0e21<\/strong>\u0e08\u0e19\u0e16\u0e36\u0e07\u0e2a\u0e34\u0e49\u0e19\u0e1b\u0e35\u0e19\u0e35\u0e49 \u0e08\u0e30\u0e21\u0e38\u0e48\u0e07\u0e40\u0e19\u0e49\u0e19\u0e44\u0e1b\u0e17\u0e35\u0e48\u0e01\u0e32\u0e23\u0e40\u0e2a\u0e23\u0e34\u0e21\u0e2a\u0e23\u0e49\u0e32\u0e07\u0e23\u0e32\u0e01\u0e10\u0e32\u0e19\u0e17\u0e32\u0e07\u0e40\u0e17\u0e04\u0e19\u0e34\u0e04\u0e02\u0e2d\u0e07 Mueckinvest \u0e43\u0e2b\u0e49\u0e41\u0e02\u0e47\u0e07\u0e41\u0e01\u0e23\u0e48\u0e07\u0e22\u0e34\u0e48\u0e07\u0e02\u0e36\u0e49\u0e19 \u0e2a\u0e16\u0e32\u0e1b\u0e31\u0e15\u0e22\u0e01\u0e23\u0e23\u0e21\u0e40\u0e0b\u0e34\u0e23\u0e4c\u0e1f\u0e40\u0e27\u0e2d\u0e23\u0e4c\u0e41\u0e25\u0e30\u0e10\u0e32\u0e19\u0e02\u0e49\u0e2d\u0e21\u0e39\u0e25\u0e17\u0e35\u0e48\u0e21\u0e35\u0e2d\u0e22\u0e39\u0e48\u0e08\u0e30\u0e44\u0e14\u0e49\u0e23\u0e31\u0e1a\u0e01\u0e32\u0e23\u0e15\u0e23\u0e27\u0e08\u0e2a\u0e2d\u0e1a \u0e1b\u0e23\u0e31\u0e1a\u0e1b\u0e23\u0e38\u0e07 \u0e41\u0e25\u0e30\u0e17\u0e14\u0e2a\u0e2d\u0e1a\u0e2d\u0e22\u0e48\u0e32\u0e07\u0e15\u0e48\u0e2d\u0e40\u0e19\u0e37\u0e48\u0e2d\u0e07\u0e20\u0e32\u0e22\u0e43\u0e15\u0e49\u0e2a\u0e20\u0e32\u0e27\u0e30\u0e01\u0e32\u0e23\u0e43\u0e0a\u0e49\u0e07\u0e32\u0e19\u0e08\u0e23\u0e34\u0e07 \u0e40\u0e1b\u0e49\u0e32\u0e2b\u0e21\u0e32\u0e22\u0e04\u0e37\u0e2d\u0e01\u0e32\u0e23\u0e2a\u0e23\u0e49\u0e32\u0e07\u0e41\u0e1e\u0e25\u0e15\u0e1f\u0e2d\u0e23\u0e4c\u0e21\u0e17\u0e35\u0e48\u0e21\u0e35\u0e40\u0e2a\u0e16\u0e35\u0e22\u0e23\u0e20\u0e32\u0e1e \u0e1b\u0e23\u0e31\u0e1a\u0e02\u0e19\u0e32\u0e14\u0e44\u0e14\u0e49 \u0e41\u0e25\u0e30\u0e40\u0e0a\u0e37\u0e48\u0e2d\u0e16\u0e37\u0e2d\u0e44\u0e14\u0e49\u0e2a\u0e33\u0e2b\u0e23\u0e31\u0e1a\u0e17\u0e38\u0e01\u0e15\u0e25\u0e32\u0e14\u0e17\u0e31\u0e48\u0e27\u0e42\u0e25\u0e01\u0e2d\u0e22\u0e48\u0e32\u0e07\u0e16\u0e32\u0e27\u0e23.<\/p>\n\n\n\n<p><strong>\u0e01\u0e33\u0e25\u0e31\u0e07\u0e41\u0e01\u0e49\u0e44\u0e02\u0e02\u0e49\u0e2d\u0e1a\u0e01\u0e1e\u0e23\u0e48\u0e2d\u0e07\u0e2d\u0e22\u0e48\u0e32\u0e07\u0e15\u0e48\u0e2d\u0e40\u0e19\u0e37\u0e48\u0e2d\u0e07<\/strong>\u0e14\u0e49\u0e27\u0e22\u0e1f\u0e31\u0e07\u0e01\u0e4c\u0e0a\u0e31\u0e19\u0e01\u0e32\u0e23\u0e17\u0e33\u0e07\u0e32\u0e19\u0e17\u0e35\u0e48\u0e2b\u0e25\u0e32\u0e01\u0e2b\u0e25\u0e32\u0e22\u0e21\u0e32\u0e01\u0e02\u0e36\u0e49\u0e19\u0e41\u0e25\u0e30\u0e1c\u0e25\u0e15\u0e2d\u0e1a\u0e23\u0e31\u0e1a\u0e08\u0e32\u0e01\u0e1c\u0e39\u0e49\u0e43\u0e0a\u0e49\u0e40\u0e1a\u0e37\u0e49\u0e2d\u0e07\u0e15\u0e49\u0e19 \u0e01\u0e32\u0e23\u0e27\u0e34\u0e40\u0e04\u0e23\u0e32\u0e30\u0e2b\u0e4c\u0e02\u0e49\u0e2d\u0e1c\u0e34\u0e14\u0e1e\u0e25\u0e32\u0e14\u0e2d\u0e22\u0e48\u0e32\u0e07\u0e40\u0e1b\u0e47\u0e19\u0e23\u0e30\u0e1a\u0e1a\u0e08\u0e36\u0e07\u0e01\u0e25\u0e32\u0e22\u0e40\u0e1b\u0e47\u0e19\u0e2a\u0e34\u0e48\u0e07\u0e2a\u0e33\u0e04\u0e31\u0e0d\u0e43\u0e19\u0e02\u0e13\u0e30\u0e19\u0e35\u0e49 \u0e02\u0e49\u0e2d\u0e1c\u0e34\u0e14\u0e1e\u0e25\u0e32\u0e14\u0e17\u0e35\u0e48\u0e1e\u0e1a\u0e08\u0e30\u0e44\u0e14\u0e49\u0e23\u0e31\u0e1a\u0e01\u0e32\u0e23\u0e41\u0e01\u0e49\u0e44\u0e02\u0e2d\u0e22\u0e48\u0e32\u0e07\u0e23\u0e27\u0e14\u0e40\u0e23\u0e47\u0e27 \u0e01\u0e23\u0e30\u0e1a\u0e27\u0e19\u0e01\u0e32\u0e23\u0e17\u0e33\u0e07\u0e32\u0e19\u0e08\u0e30\u0e44\u0e14\u0e49\u0e23\u0e31\u0e1a\u0e01\u0e32\u0e23\u0e1b\u0e23\u0e31\u0e1a\u0e1b\u0e23\u0e38\u0e07 \u0e41\u0e25\u0e30\u0e1b\u0e23\u0e30\u0e2a\u0e34\u0e17\u0e18\u0e34\u0e20\u0e32\u0e1e\u0e42\u0e14\u0e22\u0e23\u0e27\u0e21\u0e02\u0e2d\u0e07\u0e41\u0e2d\u0e1b\u0e08\u0e30\u0e44\u0e14\u0e49\u0e23\u0e31\u0e1a\u0e01\u0e32\u0e23\u0e1e\u0e31\u0e12\u0e19\u0e32\u0e43\u0e2b\u0e49\u0e14\u0e35\u0e22\u0e34\u0e48\u0e07\u0e02\u0e36\u0e49\u0e19\u0e44\u0e1b\u0e2d\u0e35\u0e01.<\/p>\n\n\n\n<p><strong>\u0e01\u0e32\u0e23\u0e1b\u0e23\u0e30\u0e01\u0e31\u0e19\u0e04\u0e38\u0e13\u0e20\u0e32\u0e1e\u0e41\u0e25\u0e30\u0e01\u0e32\u0e23\u0e1b\u0e23\u0e31\u0e1a\u0e41\u0e15\u0e48\u0e07\u0e2d\u0e22\u0e48\u0e32\u0e07\u0e25\u0e30\u0e40\u0e2d\u0e35\u0e22\u0e14<\/strong>\u0e19\u0e2d\u0e01\u0e40\u0e2b\u0e19\u0e37\u0e2d\u0e08\u0e32\u0e01\u0e01\u0e32\u0e23\u0e1b\u0e23\u0e31\u0e1a\u0e1b\u0e23\u0e38\u0e07\u0e17\u0e32\u0e07\u0e40\u0e17\u0e04\u0e19\u0e34\u0e04\u0e41\u0e25\u0e49\u0e27 \u0e23\u0e32\u0e22\u0e25\u0e30\u0e40\u0e2d\u0e35\u0e22\u0e14 UI \u0e40\u0e27\u0e25\u0e32\u0e43\u0e19\u0e01\u0e32\u0e23\u0e42\u0e2b\u0e25\u0e14 \u0e04\u0e38\u0e13\u0e20\u0e32\u0e1e\u0e01\u0e32\u0e23\u0e15\u0e2d\u0e1a\u0e2a\u0e19\u0e2d\u0e07\u0e02\u0e2d\u0e07 AI \u0e41\u0e25\u0e30\u0e01\u0e32\u0e23\u0e23\u0e2d\u0e07\u0e23\u0e31\u0e1a\u0e2b\u0e25\u0e32\u0e22\u0e20\u0e32\u0e29\u0e32\u0e44\u0e14\u0e49\u0e23\u0e31\u0e1a\u0e01\u0e32\u0e23\u0e1b\u0e23\u0e31\u0e1a\u0e1b\u0e23\u0e38\u0e07\u0e2d\u0e22\u0e48\u0e32\u0e07\u0e15\u0e48\u0e2d\u0e40\u0e19\u0e37\u0e48\u0e2d\u0e07 \u0e42\u0e14\u0e22\u0e21\u0e38\u0e48\u0e07\u0e40\u0e19\u0e49\u0e19\u0e17\u0e35\u0e48\u0e01\u0e32\u0e23\u0e40\u0e1b\u0e25\u0e35\u0e48\u0e22\u0e19 Mueckinvest \u0e43\u0e2b\u0e49\u0e40\u0e1b\u0e47\u0e19\u0e41\u0e1e\u0e25\u0e15\u0e1f\u0e2d\u0e23\u0e4c\u0e21 AI \u0e17\u0e32\u0e07\u0e01\u0e32\u0e23\u0e40\u0e07\u0e34\u0e19\u0e17\u0e35\u0e48\u0e21\u0e35\u0e40\u0e2a\u0e16\u0e35\u0e22\u0e23\u0e20\u0e32\u0e1e \u0e17\u0e33\u0e07\u0e32\u0e19\u0e44\u0e14\u0e49\u0e2d\u0e22\u0e48\u0e32\u0e07\u0e23\u0e32\u0e1a\u0e23\u0e37\u0e48\u0e19 \u0e41\u0e25\u0e30\u0e2a\u0e32\u0e21\u0e32\u0e23\u0e16\u0e43\u0e0a\u0e49\u0e07\u0e32\u0e19\u0e44\u0e14\u0e49\u0e43\u0e19\u0e23\u0e30\u0e14\u0e31\u0e1a\u0e2a\u0e32\u0e01\u0e25\u0e20\u0e32\u0e22\u0e43\u0e19\u0e2a\u0e34\u0e49\u0e19\u0e1b\u0e35\u0e19\u0e35\u0e49.<\/p>\n<\/details>","protected":false},"excerpt":{"rendered":"<p>Warum ich meine Entwicklung offen zeige F\u00fcr mich ist es wichtig, transparent zu zeigen, wie sich Mueckinvest Schritt f\u00fcr Schritt entwickelt hat. Gerade im Finanzbereich z\u00e4hlt Vertrauen \u2013 und Vertrauen entsteht, wenn man nachvollziehen kann, wie ein Produkt entsteht, w\u00e4chst und sich verbessert. Deshalb dokumentiere ich meinen Weg seit 2025 und zeige klar, woran ich [&hellip;]<\/p>\n","protected":false},"author":1,"featured_media":0,"parent":0,"menu_order":0,"comment_status":"closed","ping_status":"closed","template":"","meta":{"pmpro_default_level":"","_monsterinsights_skip_tracking":false,"_monsterinsights_sitenote_active":false,"_monsterinsights_sitenote_note":"","_monsterinsights_sitenote_category":0,"footnotes":""},"class_list":["post-3984","page","type-page","status-publish","hentry","pmpro-has-access"],"aioseo_notices":[],"_links":{"self":[{"href":"https:\/\/mueckinvest.com\/th\/wp-json\/wp\/v2\/pages\/3984","targetHints":{"allow":["GET"]}}],"collection":[{"href":"https:\/\/mueckinvest.com\/th\/wp-json\/wp\/v2\/pages"}],"about":[{"href":"https:\/\/mueckinvest.com\/th\/wp-json\/wp\/v2\/types\/page"}],"author":[{"embeddable":true,"href":"https:\/\/mueckinvest.com\/th\/wp-json\/wp\/v2\/users\/1"}],"replies":[{"embeddable":true,"href":"https:\/\/mueckinvest.com\/th\/wp-json\/wp\/v2\/comments?post=3984"}],"version-history":[{"count":13,"href":"https:\/\/mueckinvest.com\/th\/wp-json\/wp\/v2\/pages\/3984\/revisions"}],"predecessor-version":[{"id":4021,"href":"https:\/\/mueckinvest.com\/th\/wp-json\/wp\/v2\/pages\/3984\/revisions\/4021"}],"wp:attachment":[{"href":"https:\/\/mueckinvest.com\/th\/wp-json\/wp\/v2\/media?parent=3984"}],"curies":[{"name":"wp","href":"https:\/\/api.w.org\/{rel}","templated":true}]}}