{"id":380,"date":"2025-10-09T10:03:20","date_gmt":"2025-10-09T10:03:20","guid":{"rendered":"https:\/\/mueckinvest.de\/?page_id=380"},"modified":"2026-01-05T07:00:00","modified_gmt":"2026-01-05T06:00:00","slug":"%e0%b8%81%e0%b8%b2%e0%b8%a3%e0%b9%80%e0%b8%9b%e0%b8%a3%e0%b8%b5%e0%b8%a2%e0%b8%9a%e0%b9%80%e0%b8%97%e0%b8%b5%e0%b8%a2%e0%b8%9a-corewikifolio","status":"publish","type":"page","link":"https:\/\/mueckinvest.com\/th\/kernwikifolio-vergleich\/","title":{"rendered":"\u0e01\u0e32\u0e23\u0e40\u0e1b\u0e23\u0e35\u0e22\u0e1a\u0e40\u0e17\u0e35\u0e22\u0e1a Wikifolio \u0e2b\u0e25\u0e31\u0e01"},"content":{"rendered":"<div class=\"tabelle-vollbild\">\n  <table class=\"info-tabelle vergleich has-fixed-layout\">\n    <thead>\n      <tr>\n        <th class=\"kategorie\">\u0e2b\u0e21\u0e27\u0e14\u0e2b\u0e21\u0e39\u0e48<\/th>\n        <th class=\"wikifolio\">\n          <a href=\"https:\/\/mueckinvest.com\/th\/%e0%b8%81%e0%b8%b2%e0%b8%a3%e0%b8%a5%e0%b8%87%e0%b8%97%e0%b8%b8%e0%b8%99%e0%b8%97%e0%b8%b5%e0%b9%88%e0%b8%8a%e0%b8%b2%e0%b8%8d%e0%b8%89%e0%b8%a5%e0%b8%b2%e0%b8%94%e0%b8%97%e0%b8%b1%e0%b9%88%e0%b8%a7\/\" target=\"_blank\" rel=\"noopener\">\n            \u0e01\u0e32\u0e23\u0e25\u0e07\u0e17\u0e38\u0e19\u0e2d\u0e31\u0e08\u0e09\u0e23\u0e34\u0e22\u0e30\u0e23\u0e30\u0e14\u0e31\u0e1a\u0e42\u0e25\u0e01\n          <\/a>\n        <\/th>\n        <th class=\"wikifolio\">\n          <a href=\"https:\/\/mueckinvest.com\/th\/%e0%b9%81%e0%b8%81%e0%b8%99%e0%b8%ab%e0%b8%a5%e0%b8%b1%e0%b8%81%e0%b9%81%e0%b8%a5%e0%b8%b0%e0%b9%81%e0%b8%99%e0%b8%a7%e0%b9%82%e0%b8%99%e0%b9%89%e0%b8%a1%e0%b8%a3%e0%b8%b0%e0%b8%94%e0%b8%b1%e0%b8%9a\/\" target=\"_blank\" rel=\"noopener\">\n            \u0e41\u0e01\u0e19\u0e2b\u0e25\u0e31\u0e01\u0e41\u0e25\u0e30\u0e41\u0e19\u0e27\u0e42\u0e19\u0e49\u0e21\u0e23\u0e30\u0e14\u0e31\u0e1a\u0e42\u0e25\u0e01\n          <\/a>\n        <\/th>\n        <th class=\"wikifolio\">\n          <a href=\"https:\/\/mueckinvest.com\/th\/global-shield\/\" target=\"_blank\" rel=\"noopener\">\n            \u0e42\u0e25\u0e48\u0e2b\u0e4c\u0e17\u0e31\u0e48\u0e27\u0e42\u0e25\u0e01\n          <\/a>\n        <\/th>\n      <\/tr>\n    <\/thead>\n\n    <tbody>\n      <tr>\n        <td class=\"highlight\">\u0e01\u0e32\u0e23\u0e08\u0e31\u0e14\u0e40\u0e23\u0e35\u0e22\u0e07<\/td>\n        <td>\u0e01\u0e32\u0e23\u0e25\u0e07\u0e17\u0e38\u0e19\u0e43\u0e19\u0e2a\u0e34\u0e19\u0e17\u0e23\u0e31\u0e1e\u0e22\u0e4c\u0e2b\u0e25\u0e32\u0e01\u0e2b\u0e25\u0e32\u0e22\u0e1b\u0e23\u0e30\u0e40\u0e20\u0e17\u0e17\u0e31\u0e48\u0e27\u0e42\u0e25\u0e01 \u0e42\u0e14\u0e22\u0e04\u0e33\u0e19\u0e36\u0e07\u0e16\u0e36\u0e07 ESG, \u0e1b\u0e31\u0e08\u0e08\u0e31\u0e22\u0e2b\u0e25\u0e32\u0e22\u0e1b\u0e23\u0e30\u0e01\u0e32\u0e23 \u0e41\u0e25\u0e30\u0e04\u0e23\u0e34\u0e1b\u0e42\u0e15\u0e40\u0e04\u0e2d\u0e23\u0e4c\u0e40\u0e23\u0e19\u0e0b\u0e35<\/td>\n        <td>\u0e1e\u0e2d\u0e23\u0e4c\u0e15\u0e01\u0e32\u0e23\u0e25\u0e07\u0e17\u0e38\u0e19\u0e43\u0e19\u0e2b\u0e38\u0e49\u0e19\u0e25\u0e49\u0e27\u0e19\u0e41\u0e25\u0e30\u0e01\u0e25\u0e22\u0e38\u0e17\u0e18\u0e4c\u0e1b\u0e31\u0e08\u0e08\u0e31\u0e22<\/td>\n        <td>\u0e1e\u0e2d\u0e23\u0e4c\u0e15\u0e01\u0e32\u0e23\u0e25\u0e07\u0e17\u0e38\u0e19\u0e41\u0e1a\u0e1a\u0e1b\u0e49\u0e2d\u0e07\u0e01\u0e31\u0e19\u0e04\u0e27\u0e32\u0e21\u0e40\u0e2a\u0e35\u0e48\u0e22\u0e07\u0e17\u0e35\u0e48\u0e40\u0e19\u0e49\u0e19\u0e2a\u0e34\u0e19\u0e17\u0e23\u0e31\u0e1e\u0e22\u0e4c\u0e2b\u0e25\u0e32\u0e01\u0e2b\u0e25\u0e32\u0e22\u0e1b\u0e23\u0e30\u0e40\u0e20\u0e17 \u0e44\u0e14\u0e49\u0e41\u0e01\u0e48 \u0e1e\u0e31\u0e19\u0e18\u0e1a\u0e31\u0e15\u0e23 \u0e2a\u0e34\u0e19\u0e04\u0e49\u0e32\u0e42\u0e20\u0e04\u0e20\u0e31\u0e13\u0e11\u0e4c \u0e41\u0e25\u0e30\u0e17\u0e2d\u0e07\u0e04\u0e33<\/td>\n      <\/tr>\n\n      <tr>\n        <td class=\"highlight\">\u0e23\u0e30\u0e14\u0e31\u0e1a\u0e04\u0e27\u0e32\u0e21\u0e40\u0e2a\u0e35\u0e48\u0e22\u0e07<\/td>\n        <td class=\"risiko-ausgewogen\">\u0e2a\u0e21\u0e14\u0e38\u0e25<\/td>\n        <td class=\"risiko-chancenorientiert\">\u0e21\u0e38\u0e48\u0e07\u0e40\u0e19\u0e49\u0e19\u0e42\u0e2d\u0e01\u0e32\u0e2a<\/td>\n        <td class=\"risiko-defensiv\">\u0e01\u0e32\u0e23\u0e1b\u0e49\u0e2d\u0e07\u0e01\u0e31\u0e19<\/td>\n      <\/tr>\n\n      <tr>\n        <td class=\"highlight\">\u0e04\u0e48\u0e32\u0e18\u0e23\u0e23\u0e21\u0e40\u0e19\u0e35\u0e22\u0e21\u0e01\u0e32\u0e23\u0e41\u0e2a\u0e14\u0e07<\/td>\n        <td>10%<\/td>\n        <td>10%<\/td>\n        <td>15%<\/td>\n      <\/tr>\n\n      <tr>\n        <td class=\"highlight\">\u0e08\u0e31\u0e01\u0e23\u0e27\u0e32\u0e25\u0e41\u0e2b\u0e48\u0e07\u0e01\u0e32\u0e23\u0e25\u0e07\u0e17\u0e38\u0e19<\/td>\n        <td>\u0e01\u0e2d\u0e07\u0e17\u0e38\u0e19 ETF \u0e17\u0e31\u0e49\u0e07\u0e2b\u0e21\u0e14\u0e17\u0e35\u0e48\u0e21\u0e35\u0e2d\u0e22\u0e39\u0e48\u0e1a\u0e19 Wikifolio.com<\/td>\n        <td>\u0e01\u0e2d\u0e07\u0e17\u0e38\u0e19 ETF \u0e2b\u0e38\u0e49\u0e19\u0e17\u0e31\u0e49\u0e07\u0e2b\u0e21\u0e14\u0e17\u0e35\u0e48\u0e21\u0e35\u0e2d\u0e22\u0e39\u0e48\u0e1a\u0e19 Wikifolio.com<\/td>\n        <td>\u0e01\u0e2d\u0e07\u0e17\u0e38\u0e19 ETF \u0e17\u0e31\u0e49\u0e07\u0e2b\u0e21\u0e14\u0e17\u0e35\u0e48\u0e21\u0e35\u0e2d\u0e22\u0e39\u0e48\u0e1a\u0e19 Wikifolio.com<\/td>\n      <\/tr>\n\n      <tr>\n        <td class=\"highlight\">\u0e01\u0e32\u0e23\u0e1b\u0e23\u0e31\u0e1a\u0e2a\u0e21\u0e14\u0e38\u0e25\u0e43\u0e2b\u0e21\u0e48<\/td>\n        <td>\u0e44\u0e15\u0e23\u0e21\u0e32\u0e2a<\/td>\n        <td>\u0e44\u0e15\u0e23\u0e21\u0e32\u0e2a<\/td>\n        <td>\u0e44\u0e15\u0e23\u0e21\u0e32\u0e2a<\/td>\n      <\/tr>\n\n      <tr>\n        <td class=\"highlight\">\u0e2b\u0e38\u0e49\u0e19<\/td>\n        <td>~ 60 % (ESG + \u0e1b\u0e31\u0e08\u0e08\u0e31\u0e22\u0e2b\u0e25\u0e32\u0e22\u0e1b\u0e23\u0e30\u0e01\u0e32\u0e23)<br>\u0e1a\u0e23\u0e34\u0e29\u0e31\u0e17\u0e1b\u0e23\u0e30\u0e21\u0e32\u0e13 5,800 \u0e41\u0e2b\u0e48\u0e07<\/td>\n        <td>100 % (\u0e23\u0e27\u0e21\u0e16\u0e36\u0e07\u0e2b\u0e38\u0e49\u0e19\u0e02\u0e19\u0e32\u0e14\u0e40\u0e25\u0e47\u0e01 \u0e2b\u0e38\u0e49\u0e19\u0e40\u0e01\u0e34\u0e14\u0e43\u0e2b\u0e21\u0e48 \u0e41\u0e25\u0e30\u0e1b\u0e31\u0e08\u0e08\u0e31\u0e22\u0e15\u0e48\u0e32\u0e07\u0e46)<br>\u0e1a\u0e23\u0e34\u0e29\u0e31\u0e17\u0e1b\u0e23\u0e30\u0e21\u0e32\u0e13 8,500 \u0e41\u0e2b\u0e48\u0e07<\/td>\n        <td>~ 30 % (\u0e40\u0e0a\u0e34\u0e07\u0e23\u0e31\u0e1a: ESG, \u0e2a\u0e34\u0e19\u0e04\u0e49\u0e32\u0e2d\u0e38\u0e1b\u0e42\u0e20\u0e04\u0e1a\u0e23\u0e34\u0e42\u0e20\u0e04, \u0e04\u0e27\u0e32\u0e21\u0e1c\u0e31\u0e19\u0e1c\u0e27\u0e19\u0e15\u0e48\u0e33)<br>\u0e1a\u0e23\u0e34\u0e29\u0e31\u0e17\u0e1b\u0e23\u0e30\u0e21\u0e32\u0e13 600 \u0e41\u0e2b\u0e48\u0e07<\/td>\n      <\/tr>\n\n      <tr>\n        <td class=\"highlight\">\u0e1e\u0e31\u0e19\u0e18\u0e1a\u0e31\u0e15\u0e23<\/td>\n        <td>~25 % (\u0e02\u0e49\u0e2d\u0e21\u0e39\u0e25\u0e23\u0e27\u0e21, HY, EM, \u0e40\u0e0a\u0e37\u0e48\u0e2d\u0e21\u0e42\u0e22\u0e07\u0e01\u0e31\u0e1a\u0e2d\u0e31\u0e15\u0e23\u0e32\u0e40\u0e07\u0e34\u0e19\u0e40\u0e1f\u0e49\u0e2d)<br>\u0e1e\u0e31\u0e19\u0e18\u0e1a\u0e31\u0e15\u0e23\u0e1b\u0e23\u0e30\u0e21\u0e32\u0e13 21,500 \u0e09\u0e1a\u0e31\u0e1a<\/td>\n        <td>\u2013<\/td>\n        <td>~ 50 % (\u0e0a\u0e38\u0e14\u0e23\u0e27\u0e21, HY, EM, \u0e40\u0e0a\u0e37\u0e48\u0e2d\u0e21\u0e42\u0e22\u0e07\u0e01\u0e31\u0e1a\u0e2d\u0e31\u0e15\u0e23\u0e32\u0e40\u0e07\u0e34\u0e19\u0e40\u0e1f\u0e49\u0e2d, \u0e23\u0e30\u0e22\u0e30\u0e2a\u0e31\u0e49\u0e19\u0e1e\u0e34\u0e40\u0e28\u0e29)<br>\u0e1e\u0e31\u0e19\u0e18\u0e1a\u0e31\u0e15\u0e23\u0e1b\u0e23\u0e30\u0e21\u0e32\u0e13 22,000 \u0e09\u0e1a\u0e31\u0e1a<\/td>\n      <\/tr>\n\n      <tr>\n        <td class=\"highlight\">\u0e27\u0e31\u0e15\u0e16\u0e38\u0e14\u0e34\u0e1a<\/td>\n        <td>~ 6 % (\u0e15\u0e30\u0e01\u0e23\u0e49\u0e32\u0e27\u0e31\u0e15\u0e16\u0e38\u0e14\u0e34\u0e1a\u0e17\u0e35\u0e48\u0e2b\u0e25\u0e32\u0e01\u0e2b\u0e25\u0e32\u0e22)<br>\u0e1b\u0e23\u0e30\u0e21\u0e32\u0e13 90% \u0e02\u0e2d\u0e07\u0e15\u0e25\u0e32\u0e14\u0e2a\u0e34\u0e19\u0e04\u0e49\u0e32\u0e42\u0e20\u0e04\u0e20\u0e31\u0e13\u0e11\u0e4c<\/td>\n        <td>\u2013<\/td>\n        <td>~ 10 % (\u0e15\u0e30\u0e01\u0e23\u0e49\u0e32\u0e27\u0e31\u0e15\u0e16\u0e38\u0e14\u0e34\u0e1a\u0e17\u0e35\u0e48\u0e2b\u0e25\u0e32\u0e01\u0e2b\u0e25\u0e32\u0e22)<br>\u0e1b\u0e23\u0e30\u0e21\u0e32\u0e13 90% \u0e02\u0e2d\u0e07\u0e15\u0e25\u0e32\u0e14\u0e2a\u0e34\u0e19\u0e04\u0e49\u0e32\u0e42\u0e20\u0e04\u0e20\u0e31\u0e13\u0e11\u0e4c<\/td>\n      <\/tr>\n\n      <tr>\n        <td class=\"highlight\">\u0e17\u0e2d\u0e07<\/td>\n        <td>~ 4 %<\/td>\n        <td>\u2013<\/td>\n        <td>~ 10 %<\/td>\n      <\/tr>\n\n      <tr>\n        <td class=\"highlight\">\u0e04\u0e23\u0e34\u0e1b\u0e42\u0e15<\/td>\n        <td>~ 5 % (20 \u0e2d\u0e31\u0e19\u0e14\u0e31\u0e1a\u0e2a\u0e01\u0e38\u0e25\u0e40\u0e07\u0e34\u0e19\u0e14\u0e34\u0e08\u0e34\u0e17\u0e31\u0e25\u0e22\u0e2d\u0e14\u0e19\u0e34\u0e22\u0e21)<\/td>\n        <td>\u2013<\/td>\n        <td>\u2013<\/td>\n      <\/tr>\n\n      <tr>\n        <td class=\"highlight\">\u0e01\u0e25\u0e22\u0e38\u0e17\u0e18\u0e4c\u0e1b\u0e31\u0e08\u0e08\u0e31\u0e22<\/td>\n        <td>\u0e1b\u0e31\u0e08\u0e08\u0e31\u0e22\u0e2b\u0e25\u0e32\u0e22\u0e2d\u0e22\u0e48\u0e32\u0e07 (~20 %)<\/td>\n        <td>\u0e1b\u0e31\u0e08\u0e08\u0e31\u0e22\u0e2b\u0e25\u0e32\u0e22\u0e2d\u0e22\u0e48\u0e32\u0e07, \u0e42\u0e21\u0e40\u0e21\u0e19\u0e15\u0e31\u0e21, \u0e21\u0e39\u0e25\u0e04\u0e48\u0e32, \u0e2b\u0e38\u0e49\u0e19\u0e02\u0e19\u0e32\u0e14\u0e40\u0e25\u0e47\u0e01 (~37 %)<\/td>\n        <td>\u0e01\u0e25\u0e38\u0e48\u0e21\u0e2d\u0e38\u0e15\u0e2a\u0e32\u0e2b\u0e01\u0e23\u0e23\u0e21\u0e17\u0e35\u0e48\u0e21\u0e35\u0e04\u0e27\u0e32\u0e21\u0e1c\u0e31\u0e19\u0e1c\u0e27\u0e19\u0e15\u0e48\u0e33 (EM) \u0e41\u0e25\u0e30\u0e01\u0e25\u0e38\u0e48\u0e21\u0e2d\u0e38\u0e15\u0e2a\u0e32\u0e2b\u0e01\u0e23\u0e23\u0e21\u0e1b\u0e49\u0e2d\u0e07\u0e01\u0e31\u0e19\u0e04\u0e27\u0e32\u0e21\u0e40\u0e2a\u0e35\u0e48\u0e22\u0e07<\/td>\n      <\/tr>\n\n      <tr>\n        <td class=\"highlight\">\u0e01\u0e32\u0e23\u0e1a\u0e39\u0e23\u0e13\u0e32\u0e01\u0e32\u0e23 ESG<\/td>\n        <td>\u0e2a\u0e15\u0e32\u0e23\u0e4c\u0e04 (\u0e2b\u0e38\u0e49\u0e19 + \u0e1e\u0e31\u0e19\u0e18\u0e1a\u0e31\u0e15\u0e23)<\/td>\n        <td>\u0e1a\u0e32\u0e07\u0e2a\u0e48\u0e27\u0e19 (\u0e1c\u0e48\u0e32\u0e19 ETF \u0e41\u0e1a\u0e1a\u0e2b\u0e25\u0e32\u0e22\u0e1b\u0e31\u0e08\u0e08\u0e31\u0e22)<\/td>\n        <td>\u0e2a\u0e15\u0e32\u0e23\u0e4c\u0e04 (\u0e1e\u0e31\u0e19\u0e18\u0e1a\u0e31\u0e15\u0e23 ESG, \u0e2b\u0e38\u0e49\u0e19 ESG)<\/td>\n      <\/tr>\n    <\/tbody>\n  <\/table>\n<\/div>\n\n<!-- Wrapper f\u00fcr die mobilen Spalten-Cards -->\n<div class=\"vergleich-cards\"><\/div>\n\n\n\n\n<section id=\"important-note\">\n<div class=\"note-container\">\n<p>\u0e02\u0e49\u0e2d\u0e21\u0e39\u0e25\u0e19\u0e35\u0e49\u0e21\u0e35\u0e44\u0e27\u0e49\u0e40\u0e1e\u0e37\u0e48\u0e2d\u0e40\u0e1b\u0e47\u0e19\u0e41\u0e19\u0e27\u0e17\u0e32\u0e07\u0e40\u0e17\u0e48\u0e32\u0e19\u0e31\u0e49\u0e19\u0e41\u0e25\u0e30\u0e44\u0e21\u0e48\u0e2a\u0e32\u0e21\u0e32\u0e23\u0e16\u0e43\u0e0a\u0e49\u0e41\u0e17\u0e19\u0e04\u0e33\u0e41\u0e19\u0e30\u0e19\u0e33\u0e14\u0e49\u0e32\u0e19\u0e01\u0e32\u0e23\u0e25\u0e07\u0e17\u0e38\u0e19\u0e44\u0e14\u0e49.<\/p>\n<\/div>\n<\/section>","protected":false},"excerpt":{"rendered":"<p>Kategorie Weltweit Smart Investiert Global Core and Trends Global Shield Ausrichtung Globales Multi-Asset mit ESG, Multifaktor &amp; Krypto Reines Aktienportfolio &amp; Faktorstrategien Defensives Multi-Asset mit Fokus Anleihen, Rohstoffe &amp; Gold Risikoklasse ausgewogen chancenorientiert defensiv Performance Geb\u00fchr 10% 10% 15% Anlageuniversum Alle auf Wikifolio.com verf\u00fcgbaren ETFs Alle auf Wikifolio.com verf\u00fcgbaren Aktien ETFs Alle auf Wikifolio.com verf\u00fcgbaren [&hellip;]<\/p>\n","protected":false},"author":1,"featured_media":0,"parent":0,"menu_order":0,"comment_status":"closed","ping_status":"closed","template":"page-no-sidebar","meta":{"pmpro_default_level":"","_monsterinsights_skip_tracking":false,"_monsterinsights_sitenote_active":false,"_monsterinsights_sitenote_note":"","_monsterinsights_sitenote_category":0,"footnotes":""},"class_list":["post-380","page","type-page","status-publish","hentry","pmpro-has-access"],"aioseo_notices":[],"_links":{"self":[{"href":"https:\/\/mueckinvest.com\/th\/wp-json\/wp\/v2\/pages\/380","targetHints":{"allow":["GET"]}}],"collection":[{"href":"https:\/\/mueckinvest.com\/th\/wp-json\/wp\/v2\/pages"}],"about":[{"href":"https:\/\/mueckinvest.com\/th\/wp-json\/wp\/v2\/types\/page"}],"author":[{"embeddable":true,"href":"https:\/\/mueckinvest.com\/th\/wp-json\/wp\/v2\/users\/1"}],"replies":[{"embeddable":true,"href":"https:\/\/mueckinvest.com\/th\/wp-json\/wp\/v2\/comments?post=380"}],"version-history":[{"count":0,"href":"https:\/\/mueckinvest.com\/th\/wp-json\/wp\/v2\/pages\/380\/revisions"}],"wp:attachment":[{"href":"https:\/\/mueckinvest.com\/th\/wp-json\/wp\/v2\/media?parent=380"}],"curies":[{"name":"wp","href":"https:\/\/api.w.org\/{rel}","templated":true}]}}