{"id":3336,"date":"2026-02-01T22:00:00","date_gmt":"2026-02-01T21:00:00","guid":{"rendered":"https:\/\/mueckinvest.de\/?page_id=3336"},"modified":"2026-03-18T15:17:14","modified_gmt":"2026-03-18T14:17:14","slug":"%e0%b8%ab%e0%b8%a5%e0%b8%b1%e0%b8%81%e0%b8%81%e0%b8%b2%e0%b8%a3%e0%b9%83%e0%b8%ab%e0%b9%89%e0%b8%84%e0%b8%b3%e0%b8%a1%e0%b8%b1%e0%b9%88%e0%b8%99%e0%b8%aa%e0%b8%b1%e0%b8%8d%e0%b8%8d%e0%b8%b2","status":"publish","type":"page","link":"https:\/\/mueckinvest.com\/th\/prinzipien-versprechen\/","title":{"rendered":"\u0e2b\u0e25\u0e31\u0e01\u0e01\u0e32\u0e23 \/ \u0e04\u0e33\u0e21\u0e31\u0e48\u0e19\u0e2a\u0e31\u0e0d\u0e0d\u0e32"},"content":{"rendered":"<h2 class=\"wp-block-heading\"><strong>\u0e2b\u0e25\u0e31\u0e01\u0e01\u0e32\u0e23\u0e02\u0e2d\u0e07\u0e09\u0e31\u0e19<\/strong><\/h2>\n\n\n\n<h3 class=\"wp-block-heading\"><strong>\u0e09\u0e31\u0e19\u0e25\u0e07\u0e17\u0e38\u0e19\u0e40\u0e1e\u0e37\u0e48\u0e2d\u0e40\u0e1b\u0e49\u0e32\u0e2b\u0e21\u0e32\u0e22\u0e23\u0e30\u0e22\u0e30\u0e22\u0e32\u0e27<\/strong><\/h3>\n\n\n\n<p>\u0e1c\u0e21\u0e44\u0e21\u0e48\u0e44\u0e14\u0e49\u0e15\u0e31\u0e14\u0e2a\u0e34\u0e19\u0e43\u0e08\u0e40\u0e1e\u0e37\u0e48\u0e2d\u0e27\u0e31\u0e19\u0e19\u0e35\u0e49\u0e2b\u0e23\u0e37\u0e2d\u0e1e\u0e23\u0e38\u0e48\u0e07\u0e19\u0e35\u0e49 \u0e41\u0e15\u0e48\u0e1c\u0e21\u0e15\u0e31\u0e14\u0e2a\u0e34\u0e19\u0e43\u0e08\u0e40\u0e1e\u0e37\u0e48\u0e2d\u0e2d\u0e35\u0e01\u0e2b\u0e25\u0e32\u0e22\u0e2a\u0e34\u0e1a\u0e1b\u0e35\u0e02\u0e49\u0e32\u0e07\u0e2b\u0e19\u0e49\u0e32.<\/p>\n\n\n\n<h3 class=\"wp-block-heading\"><strong>\u0e09\u0e31\u0e19\u0e22\u0e31\u0e07\u0e04\u0e07\u0e2a\u0e07\u0e1a\u0e2a\u0e15\u0e34\u0e2d\u0e32\u0e23\u0e21\u0e13\u0e4c<\/strong><\/h3>\n\n\n\n<p>\u0e09\u0e31\u0e19\u0e44\u0e21\u0e48\u0e1b\u0e25\u0e48\u0e2d\u0e22\u0e43\u0e2b\u0e49\u0e15\u0e31\u0e27\u0e40\u0e2d\u0e07\u0e40\u0e2a\u0e35\u0e22\u0e2a\u0e21\u0e32\u0e18\u0e34\u0e44\u0e1b\u0e01\u0e31\u0e1a\u0e01\u0e23\u0e30\u0e41\u0e2a \u0e02\u0e48\u0e32\u0e27\u0e1e\u0e32\u0e14\u0e2b\u0e31\u0e27 \u0e2b\u0e23\u0e37\u0e2d\u0e40\u0e23\u0e37\u0e48\u0e2d\u0e07\u0e23\u0e32\u0e27\u0e17\u0e35\u0e48\u0e40\u0e01\u0e34\u0e14\u0e02\u0e36\u0e49\u0e19\u0e43\u0e19\u0e23\u0e30\u0e22\u0e30\u0e2a\u0e31\u0e49\u0e19.<\/p>\n\n\n\n<h3 class=\"wp-block-heading\"><strong>\u0e09\u0e31\u0e19\u0e17\u0e33\u0e2d\u0e30\u0e44\u0e23\u0e43\u0e2b\u0e49\u0e40\u0e23\u0e35\u0e22\u0e1a\u0e07\u0e48\u0e32\u0e22\u0e40\u0e02\u0e49\u0e32\u0e44\u0e27\u0e49<\/strong><\/h3>\n\n\n\n<p>\u0e09\u0e31\u0e19\u0e43\u0e2b\u0e49\u0e04\u0e27\u0e32\u0e21\u0e2a\u0e33\u0e04\u0e31\u0e0d\u0e01\u0e31\u0e1a\u0e42\u0e04\u0e23\u0e07\u0e2a\u0e23\u0e49\u0e32\u0e07\u0e17\u0e35\u0e48\u0e0a\u0e31\u0e14\u0e40\u0e08\u0e19 \u0e01\u0e25\u0e22\u0e38\u0e17\u0e18\u0e4c\u0e17\u0e35\u0e48\u0e40\u0e02\u0e49\u0e32\u0e43\u0e08\u0e07\u0e48\u0e32\u0e22 \u0e41\u0e25\u0e30\u0e23\u0e32\u0e01\u0e10\u0e32\u0e19\u0e17\u0e35\u0e48\u0e21\u0e31\u0e48\u0e19\u0e04\u0e07.<\/p>\n\n\n\n<hr class=\"wp-block-separator has-alpha-channel-opacity\"\/>\n\n\n\n<h1 class=\"wp-block-heading\">\u2b50 <strong>\u0e2b\u0e25\u0e31\u0e01\u0e01\u0e32\u0e23\u0e02\u0e2d\u0e07\u0e09\u0e31\u0e19<\/strong><\/h1>\n\n\n\n<h3 class=\"wp-block-heading\"><strong>\u0e09\u0e31\u0e19\u0e40\u0e0a\u0e37\u0e48\u0e2d\u0e16\u0e37\u0e2d\u0e02\u0e49\u0e2d\u0e21\u0e39\u0e25 \u0e44\u0e21\u0e48\u0e43\u0e0a\u0e48\u0e04\u0e27\u0e32\u0e21\u0e23\u0e39\u0e49\u0e2a\u0e36\u0e01<\/strong><\/h3>\n\n\n\n<p>\u0e01\u0e32\u0e23\u0e15\u0e31\u0e14\u0e2a\u0e34\u0e19\u0e43\u0e08\u0e02\u0e2d\u0e07\u0e09\u0e31\u0e19\u0e15\u0e31\u0e49\u0e07\u0e2d\u0e22\u0e39\u0e48\u0e1a\u0e19\u0e1e\u0e37\u0e49\u0e19\u0e10\u0e32\u0e19\u0e02\u0e2d\u0e07\u0e02\u0e49\u0e2d\u0e40\u0e17\u0e47\u0e08\u0e08\u0e23\u0e34\u0e07 \u0e44\u0e21\u0e48\u0e43\u0e0a\u0e48\u0e04\u0e27\u0e32\u0e21\u0e23\u0e39\u0e49\u0e2a\u0e36\u0e01.<\/p>\n\n\n\n<h3 class=\"wp-block-heading\"><strong>\u0e09\u0e31\u0e19\u0e08\u0e30\u0e22\u0e31\u0e07\u0e04\u0e07\u0e40\u0e1b\u0e47\u0e19\u0e2d\u0e34\u0e2a\u0e23\u0e30\u0e15\u0e48\u0e2d\u0e44\u0e1b<\/strong><\/h3>\n\n\n\n<p>\u0e09\u0e31\u0e19\u0e17\u0e33\u0e07\u0e32\u0e19\u0e42\u0e14\u0e22\u0e44\u0e21\u0e48\u0e42\u0e06\u0e29\u0e13\u0e32 \u0e44\u0e21\u0e48\u0e23\u0e31\u0e1a\u0e04\u0e48\u0e32\u0e04\u0e2d\u0e21\u0e21\u0e34\u0e0a\u0e0a\u0e31\u0e48\u0e19 \u0e41\u0e25\u0e30\u0e44\u0e21\u0e48\u0e21\u0e35\u0e1c\u0e25\u0e1b\u0e23\u0e30\u0e42\u0e22\u0e0a\u0e19\u0e4c\u0e41\u0e2d\u0e1a\u0e41\u0e1d\u0e07.<\/p>\n\n\n\n<h3 class=\"wp-block-heading\"><strong>\u0e09\u0e31\u0e19\u0e43\u0e0a\u0e49\u0e40\u0e27\u0e25\u0e32\u0e40\u0e1b\u0e47\u0e19\u0e1e\u0e31\u0e19\u0e18\u0e21\u0e34\u0e15\u0e23\u0e17\u0e35\u0e48\u0e17\u0e23\u0e07\u0e1e\u0e25\u0e31\u0e07\u0e17\u0e35\u0e48\u0e2a\u0e38\u0e14\u0e02\u0e2d\u0e07\u0e09\u0e31\u0e19<\/strong><\/h3>\n\n\n\n<p>\u0e1c\u0e21\u0e2d\u0e32\u0e28\u0e31\u0e22\u0e1e\u0e25\u0e31\u0e07\u0e02\u0e2d\u0e07\u0e14\u0e2d\u0e01\u0e40\u0e1a\u0e35\u0e49\u0e22\u0e17\u0e1a\u0e15\u0e49\u0e19 \u0e44\u0e21\u0e48\u0e43\u0e0a\u0e48\u0e01\u0e32\u0e23\u0e08\u0e31\u0e1a\u0e08\u0e31\u0e07\u0e2b\u0e27\u0e30\u0e2b\u0e23\u0e37\u0e2d\u0e01\u0e32\u0e23\u0e40\u0e01\u0e47\u0e07\u0e01\u0e33\u0e44\u0e23.<\/p>\n\n\n\n<hr class=\"wp-block-separator has-alpha-channel-opacity\"\/>\n\n\n\n<h1 class=\"wp-block-heading\">\u2b50 <strong>\u0e2a\u0e34\u0e48\u0e07\u0e17\u0e35\u0e48\u0e09\u0e31\u0e19\u0e08\u0e07\u0e43\u0e08\u0e44\u0e21\u0e48\u0e17\u0e33<\/strong><\/h1>\n\n\n\n<h3 class=\"wp-block-heading\"><strong>\u0e09\u0e31\u0e19\u0e44\u0e21\u0e48\u0e43\u0e2b\u0e49\u0e04\u0e33\u0e41\u0e19\u0e30\u0e19\u0e33\u0e40\u0e01\u0e35\u0e48\u0e22\u0e27\u0e01\u0e31\u0e1a\u0e2b\u0e38\u0e49\u0e19\u0e23\u0e32\u0e22\u0e15\u0e31\u0e27<\/strong><\/h3>\n\n\n\n<p>\u0e1c\u0e21\u0e44\u0e21\u0e48\u0e44\u0e14\u0e49\u0e40\u0e1b\u0e47\u0e19\u0e19\u0e31\u0e01\u0e27\u0e34\u0e40\u0e04\u0e23\u0e32\u0e30\u0e2b\u0e4c \u0e41\u0e25\u0e30\u0e1c\u0e21\u0e44\u0e21\u0e48\u0e44\u0e14\u0e49\u0e43\u0e2b\u0e49\u0e04\u0e33\u0e41\u0e19\u0e30\u0e19\u0e33\u0e43\u0e19\u0e01\u0e32\u0e23\u0e0b\u0e37\u0e49\u0e2d\u0e2b\u0e23\u0e37\u0e2d\u0e02\u0e32\u0e22\u0e43\u0e14\u0e46.<\/p>\n\n\n\n<h3 class=\"wp-block-heading\"><strong>\u0e09\u0e31\u0e19\u0e44\u0e21\u0e48\u0e44\u0e14\u0e49\u0e17\u0e33\u0e01\u0e32\u0e23\u0e0b\u0e37\u0e49\u0e2d\u0e02\u0e32\u0e22\u0e43\u0e14\u0e46 \u0e17\u0e31\u0e49\u0e07\u0e2a\u0e34\u0e49\u0e19<\/strong><\/h3>\n\n\n\n<p>\u0e09\u0e31\u0e19\u0e44\u0e21\u0e48\u0e44\u0e25\u0e48\u0e15\u0e32\u0e21\u0e01\u0e23\u0e30\u0e41\u0e2a \u0e2b\u0e38\u0e49\u0e19\u0e21\u0e35\u0e21 \u0e2b\u0e23\u0e37\u0e2d\u0e1c\u0e25\u0e01\u0e33\u0e44\u0e23\u0e23\u0e30\u0e22\u0e30\u0e2a\u0e31\u0e49\u0e19.<\/p>\n\n\n\n<h3 class=\"wp-block-heading\"><strong>\u0e09\u0e31\u0e19\u0e23\u0e31\u0e1a\u0e1b\u0e23\u0e30\u0e01\u0e31\u0e19\u0e27\u0e48\u0e32\u0e08\u0e30\u0e44\u0e21\u0e48\u0e21\u0e35\u0e17\u0e32\u0e07\u0e25\u0e31\u0e14\u0e43\u0e14\u0e46 \u0e17\u0e31\u0e49\u0e07\u0e2a\u0e34\u0e49\u0e19<\/strong><\/h3>\n\n\n\n<p>\u0e09\u0e31\u0e19\u0e44\u0e21\u0e48\u0e44\u0e14\u0e49\u0e02\u0e32\u0e22\u0e1b\u0e32\u0e0f\u0e34\u0e2b\u0e32\u0e23\u0e34\u0e22\u0e4c\u0e14\u0e49\u0e32\u0e19\u0e04\u0e27\u0e32\u0e21\u0e04\u0e34\u0e14 \u0e04\u0e33\u0e1e\u0e39\u0e14\u0e2a\u0e23\u0e49\u0e32\u0e07\u0e41\u0e23\u0e07\u0e1a\u0e31\u0e19\u0e14\u0e32\u0e25\u0e43\u0e08\u0e17\u0e35\u0e48\u0e1f\u0e31\u0e07\u0e14\u0e39\u0e14\u0e35\u0e41\u0e15\u0e48\u0e44\u0e23\u0e49\u0e04\u0e27\u0e32\u0e21\u0e2b\u0e21\u0e32\u0e22 \u0e2b\u0e23\u0e37\u0e2d\u0e20\u0e32\u0e1e\u0e25\u0e27\u0e07\u0e15\u0e32.<\/p>\n\n\n\n<h3 class=\"wp-block-heading\"><strong>\u0e09\u0e31\u0e19\u0e44\u0e21\u0e48\u0e42\u0e06\u0e29\u0e13\u0e32<\/strong><\/h3>\n\n\n\n<p>\u0e09\u0e31\u0e19\u0e44\u0e21\u0e48\u0e43\u0e0a\u0e49\u0e25\u0e34\u0e07\u0e01\u0e4c\u0e1e\u0e31\u0e19\u0e18\u0e21\u0e34\u0e15\u0e23\u0e2b\u0e23\u0e37\u0e2d\u0e04\u0e27\u0e32\u0e21\u0e23\u0e48\u0e27\u0e21\u0e21\u0e37\u0e2d\u0e17\u0e32\u0e07\u0e01\u0e32\u0e23\u0e04\u0e49\u0e32\u0e43\u0e14\u0e46.<\/p>\n\n\n\n<h3 class=\"wp-block-heading\"><strong>\u0e09\u0e31\u0e19\u0e44\u0e21\u0e48\u0e17\u0e33\u0e43\u0e2b\u0e49\u0e23\u0e39\u0e49\u0e2a\u0e36\u0e01\u0e2b\u0e19\u0e31\u0e01\u0e43\u0e08<\/strong><\/h3>\n\n\n\n<p>\u0e09\u0e31\u0e19\u0e25\u0e14\u0e04\u0e27\u0e32\u0e21\u0e0b\u0e31\u0e1a\u0e0b\u0e49\u0e2d\u0e19\u0e25\u0e07\u0e41\u0e17\u0e19\u0e17\u0e35\u0e48\u0e08\u0e30\u0e40\u0e1e\u0e34\u0e48\u0e21\u0e04\u0e27\u0e32\u0e21\u0e0b\u0e31\u0e1a\u0e0b\u0e49\u0e2d\u0e19.<\/p>","protected":false},"excerpt":{"rendered":"<p>Meine Prinzipien Ich investiere langfristig Ich treffe Entscheidungen nicht f\u00fcr heute oder morgen, sondern f\u00fcr die n\u00e4chsten Jahrzehnte. Ich bleibe ruhig Ich lasse mich nicht von Trends, Schlagzeilen oder kurzfristigem L\u00e4rm ablenken. Ich halte Dinge einfach Ich setze auf klare Strukturen, verst\u00e4ndliche Strategien und robuste Grundlagen. \u2b50 Meine Grunds\u00e4tze Ich vertraue auf Daten, nicht auf [&hellip;]<\/p>\n","protected":false},"author":1,"featured_media":0,"parent":0,"menu_order":0,"comment_status":"closed","ping_status":"closed","template":"","meta":{"pmpro_default_level":"","_monsterinsights_skip_tracking":false,"_monsterinsights_sitenote_active":false,"_monsterinsights_sitenote_note":"","_monsterinsights_sitenote_category":0,"footnotes":""},"class_list":["post-3336","page","type-page","status-publish","hentry","pmpro-has-access"],"aioseo_notices":[],"_links":{"self":[{"href":"https:\/\/mueckinvest.com\/th\/wp-json\/wp\/v2\/pages\/3336","targetHints":{"allow":["GET"]}}],"collection":[{"href":"https:\/\/mueckinvest.com\/th\/wp-json\/wp\/v2\/pages"}],"about":[{"href":"https:\/\/mueckinvest.com\/th\/wp-json\/wp\/v2\/types\/page"}],"author":[{"embeddable":true,"href":"https:\/\/mueckinvest.com\/th\/wp-json\/wp\/v2\/users\/1"}],"replies":[{"embeddable":true,"href":"https:\/\/mueckinvest.com\/th\/wp-json\/wp\/v2\/comments?post=3336"}],"version-history":[{"count":2,"href":"https:\/\/mueckinvest.com\/th\/wp-json\/wp\/v2\/pages\/3336\/revisions"}],"predecessor-version":[{"id":4030,"href":"https:\/\/mueckinvest.com\/th\/wp-json\/wp\/v2\/pages\/3336\/revisions\/4030"}],"wp:attachment":[{"href":"https:\/\/mueckinvest.com\/th\/wp-json\/wp\/v2\/media?parent=3336"}],"curies":[{"name":"wp","href":"https:\/\/api.w.org\/{rel}","templated":true}]}}