{"id":2969,"date":"2026-01-23T08:00:00","date_gmt":"2026-01-23T07:00:00","guid":{"rendered":"https:\/\/mueckinvest.de\/?page_id=2969"},"modified":"2026-03-30T10:00:00","modified_gmt":"2026-03-30T08:00:00","slug":"%f0%9f%8c%90-%e0%b8%8a%e0%b8%b8%e0%b8%a1%e0%b8%8a%e0%b8%99%e0%b8%aa%e0%b8%b7%e0%b9%88%e0%b8%ad%e0%b8%aa%e0%b8%b1%e0%b8%87%e0%b8%84%e0%b8%a1%e0%b8%ad%e0%b8%ad%e0%b8%99%e0%b9%84%e0%b8%a5%e0%b8%99","status":"publish","type":"page","link":"https:\/\/mueckinvest.com\/th\/%f0%9f%8c%90-social-media-community\/","title":{"rendered":"\u0e2a\u0e37\u0e48\u0e2d\u0e2a\u0e31\u0e07\u0e04\u0e21\u0e2d\u0e2d\u0e19\u0e44\u0e25\u0e19\u0e4c\u0e41\u0e25\u0e30\u0e0a\u0e38\u0e21\u0e0a\u0e19 \ud83c\udf10"},"content":{"rendered":"<h2 class=\"wp-block-heading\">\u0e15\u0e34\u0e14\u0e15\u0e32\u0e21\u0e17\u0e38\u0e01\u0e04\u0e27\u0e32\u0e21\u0e40\u0e04\u0e25\u0e37\u0e48\u0e2d\u0e19\u0e44\u0e2b\u0e27\u0e2d\u0e22\u0e48\u0e32\u0e07\u0e43\u0e01\u0e25\u0e49\u0e0a\u0e34\u0e14\u0e40\u0e2a\u0e21\u0e2d\u0e43\u0e19\u0e17\u0e38\u0e01\u0e0a\u0e48\u0e2d\u0e07\u0e17\u0e32\u0e07<\/h2>\n\n\n\n<p>\u0e40\u0e1e\u0e37\u0e48\u0e2d\u0e43\u0e2b\u0e49\u0e04\u0e38\u0e13\u0e2a\u0e32\u0e21\u0e32\u0e23\u0e16\u0e15\u0e34\u0e14\u0e15\u0e32\u0e21\u0e1a\u0e17\u0e27\u0e34\u0e40\u0e04\u0e23\u0e32\u0e30\u0e2b\u0e4c\u0e41\u0e25\u0e30\u0e02\u0e49\u0e2d\u0e21\u0e39\u0e25\u0e2d\u0e31\u0e1b\u0e40\u0e14\u0e15\u0e02\u0e2d\u0e07\u0e09\u0e31\u0e19\u0e44\u0e14\u0e49\u0e2d\u0e22\u0e48\u0e32\u0e07\u0e2a\u0e30\u0e14\u0e27\u0e01\u0e2a\u0e1a\u0e32\u0e22\u0e44\u0e21\u0e48\u0e27\u0e48\u0e32\u0e08\u0e30\u0e2d\u0e22\u0e39\u0e48\u0e17\u0e35\u0e48\u0e44\u0e2b\u0e19 \u0e09\u0e31\u0e19\u0e08\u0e36\u0e07\u0e40\u0e1c\u0e22\u0e41\u0e1e\u0e23\u0e48\u0e40\u0e19\u0e37\u0e49\u0e2d\u0e2b\u0e32\u0e1a\u0e32\u0e07\u0e2a\u0e48\u0e27\u0e19\u0e1a\u0e19\u0e0a\u0e48\u0e2d\u0e07\u0e17\u0e32\u0e07\u0e42\u0e0b\u0e40\u0e0a\u0e35\u0e22\u0e25\u0e21\u0e35\u0e40\u0e14\u0e35\u0e22\u0e02\u0e2d\u0e07\u0e09\u0e31\u0e19\u0e14\u0e49\u0e27\u0e22. <strong>\u0e40\u0e19\u0e37\u0e49\u0e2d\u0e2b\u0e32\u0e43\u0e19\u0e42\u0e1e\u0e2a\u0e15\u0e4c\u0e17\u0e31\u0e49\u0e07\u0e2b\u0e21\u0e14\u0e15\u0e23\u0e07\u0e01\u0e31\u0e1a\u0e17\u0e35\u0e48\u0e1b\u0e23\u0e32\u0e01\u0e0f\u0e1a\u0e19\u0e40\u0e27\u0e47\u0e1a\u0e44\u0e0b\u0e15\u0e4c\u0e19\u0e35\u0e49\u0e17\u0e38\u0e01\u0e1b\u0e23\u0e30\u0e01\u0e32\u0e23.<\/strong> \u0e44\u0e21\u0e48\u0e21\u0e35\u0e01\u0e32\u0e23\u0e41\u0e16\u0e25\u0e07\u0e40\u0e1e\u0e34\u0e48\u0e21\u0e40\u0e15\u0e34\u0e21 \u0e44\u0e21\u0e48\u0e21\u0e35\u0e02\u0e49\u0e2d\u0e21\u0e39\u0e25\u0e17\u0e35\u0e48\u0e41\u0e15\u0e01\u0e15\u0e48\u0e32\u0e07 \u2013 \u0e42\u0e1b\u0e23\u0e48\u0e07\u0e43\u0e2a\u0e2d\u0e22\u0e48\u0e32\u0e07\u0e40\u0e15\u0e47\u0e21\u0e17\u0e35\u0e48.<\/p>\n\n\n\n<div style=\"height:20px\" aria-hidden=\"true\" class=\"wp-block-spacer\"><\/div>\n\n\n\n<hr class=\"wp-block-separator has-alpha-channel-opacity\"\/>\n\n\n\n<div style=\"height:20px\" aria-hidden=\"true\" class=\"wp-block-spacer\"><\/div>\n\n\n\n<h2 class=\"wp-block-heading\">\ud83d\udcf1 \u0e0a\u0e48\u0e2d\u0e07\u0e17\u0e32\u0e07 WhatsApp<\/h2>\n\n\n\n<p>\u0e43\u0e19\u0e0a\u0e48\u0e2d\u0e07 WhatsApp \u0e02\u0e2d\u0e07\u0e40\u0e23\u0e32 \u0e04\u0e38\u0e13\u0e08\u0e30\u0e44\u0e14\u0e49\u0e23\u0e31\u0e1a\u0e01\u0e32\u0e23\u0e41\u0e08\u0e49\u0e07\u0e40\u0e15\u0e37\u0e2d\u0e19\u0e2d\u0e22\u0e48\u0e32\u0e07\u0e01\u0e23\u0e30\u0e0a\u0e31\u0e1a\u0e40\u0e01\u0e35\u0e48\u0e22\u0e27\u0e01\u0e31\u0e1a\u0e1a\u0e17\u0e04\u0e27\u0e32\u0e21\u0e43\u0e2b\u0e21\u0e48\u0e41\u0e25\u0e30\u0e02\u0e49\u0e2d\u0e21\u0e39\u0e25\u0e2d\u0e31\u0e1b\u0e40\u0e14\u0e15\u0e17\u0e35\u0e48\u0e2a\u0e33\u0e04\u0e31\u0e0d \u0e40\u0e19\u0e37\u0e49\u0e2d\u0e2b\u0e32\u0e40\u0e2b\u0e21\u0e37\u0e2d\u0e19\u0e01\u0e31\u0e1a\u0e17\u0e35\u0e48\u0e40\u0e1c\u0e22\u0e41\u0e1e\u0e23\u0e48\u0e1a\u0e19\u0e40\u0e27\u0e47\u0e1a\u0e44\u0e0b\u0e15\u0e4c\u0e17\u0e38\u0e01\u0e1b\u0e23\u0e30\u0e01\u0e32\u0e23 \u0e41\u0e25\u0e30\u0e08\u0e31\u0e14\u0e17\u0e33\u0e02\u0e36\u0e49\u0e19\u0e40\u0e1e\u0e37\u0e48\u0e2d\u0e2d\u0e33\u0e19\u0e27\u0e22\u0e04\u0e27\u0e32\u0e21\u0e2a\u0e30\u0e14\u0e27\u0e01\u0e43\u0e2b\u0e49\u0e04\u0e38\u0e13\u0e40\u0e17\u0e48\u0e32\u0e19\u0e31\u0e49\u0e19.<\/p>\n\n\n\n<div class=\"wp-block-buttons is-layout-flex wp-block-buttons-is-layout-flex\">\n<div class=\"wp-block-button\"><a class=\"wp-block-button__link wp-element-button\" href=\"https:\/\/whatsapp.com\/channel\/0029VbAgHt2FnSz8koFrbi3e\">\u0e0a\u0e48\u0e2d\u0e07\u0e17\u0e32\u0e07 WhatsApp<\/a><\/div>\n<\/div>\n\n\n\n<div style=\"height:20px\" aria-hidden=\"true\" class=\"wp-block-spacer\"><\/div>\n\n\n\n<hr class=\"wp-block-separator has-alpha-channel-opacity\"\/>\n\n\n\n<div style=\"height:20px\" aria-hidden=\"true\" class=\"wp-block-spacer\"><\/div>\n\n\n\n<h2 class=\"wp-block-heading\">\ud83d\udcf8\u0e2d\u0e34\u0e19\u0e2a\u0e15\u0e32\u0e41\u0e01\u0e23\u0e21<\/h2>\n\n\n\n<p>\u0e04\u0e38\u0e13\u0e2a\u0e32\u0e21\u0e32\u0e23\u0e16\u0e14\u0e39\u0e15\u0e31\u0e27\u0e2d\u0e22\u0e48\u0e32\u0e07\u0e20\u0e32\u0e1e\u0e08\u0e32\u0e01\u0e40\u0e27\u0e47\u0e1a\u0e44\u0e0b\u0e15\u0e4c\u0e02\u0e2d\u0e07\u0e09\u0e31\u0e19\u0e44\u0e14\u0e49\u0e17\u0e35\u0e48 Instagram:<\/p>\n\n\n\n<ul class=\"wp-block-list\">\n<li>\u0e1a\u0e17\u0e2a\u0e23\u0e38\u0e1b\u0e42\u0e14\u0e22\u0e22\u0e48\u0e2d\u0e02\u0e2d\u0e07\u0e15\u0e33\u0e41\u0e2b\u0e19\u0e48\u0e07\u0e07\u0e32\u0e19\u0e43\u0e2b\u0e21\u0e48<\/li>\n\n\n\n<li>\u0e01\u0e32\u0e23\u0e2d\u0e49\u0e32\u0e07\u0e2d\u0e34\u0e07\u0e16\u0e36\u0e07\u0e02\u0e49\u0e2d\u0e21\u0e39\u0e25\u0e17\u0e35\u0e48\u0e40\u0e1e\u0e34\u0e48\u0e07\u0e40\u0e1c\u0e22\u0e41\u0e1e\u0e23\u0e48\u0e43\u0e2b\u0e21\u0e48<\/li>\n<\/ul>\n\n\n\n<p>\u0e2b\u0e25\u0e31\u0e01\u0e01\u0e32\u0e23\u0e40\u0e14\u0e35\u0e22\u0e27\u0e01\u0e31\u0e19\u0e19\u0e35\u0e49\u0e43\u0e0a\u0e49\u0e44\u0e14\u0e49\u0e01\u0e31\u0e1a\u0e01\u0e23\u0e13\u0e35\u0e19\u0e35\u0e49\u0e40\u0e0a\u0e48\u0e19\u0e01\u0e31\u0e19: <strong>\u0e44\u0e21\u0e48\u0e21\u0e35\u0e02\u0e49\u0e2d\u0e21\u0e39\u0e25\u0e40\u0e1e\u0e34\u0e48\u0e21\u0e40\u0e15\u0e34\u0e21 \u2013 \u0e17\u0e38\u0e01\u0e2d\u0e22\u0e48\u0e32\u0e07\u0e2d\u0e49\u0e32\u0e07\u0e2d\u0e34\u0e07\u0e08\u0e32\u0e01\u0e40\u0e19\u0e37\u0e49\u0e2d\u0e2b\u0e32\u0e43\u0e19\u0e40\u0e27\u0e47\u0e1a\u0e44\u0e0b\u0e15\u0e4c\u0e19\u0e35\u0e49.<\/strong><\/p>\n\n\n\n<div class=\"wp-block-buttons is-layout-flex wp-block-buttons-is-layout-flex\">\n<div class=\"wp-block-button\"><a class=\"wp-block-button__link wp-element-button\" href=\"https:\/\/www.instagram.com\/mueckinvest\/\">\u0e2d\u0e34\u0e19\u0e2a\u0e15\u0e32\u0e41\u0e01\u0e23\u0e21<\/a><\/div>\n<\/div>\n\n\n\n<div style=\"height:20px\" aria-hidden=\"true\" class=\"wp-block-spacer\"><\/div>\n\n\n\n<hr class=\"wp-block-separator has-alpha-channel-opacity\"\/>\n\n\n\n<div style=\"height:20px\" aria-hidden=\"true\" class=\"wp-block-spacer\"><\/div>\n\n\n\n<h2 class=\"wp-block-heading\">\ud83d\udcd8 Facebook<\/h2>\n\n\n\n<p>Auf Facebook finden Sie ausgew\u00e4hlte Inhalte meiner Website in textorientierter Form:<\/p>\n\n\n\n<ul class=\"wp-block-list\">\n<li>Kurze Hinweise auf neue Beitr\u00e4ge<\/li>\n\n\n\n<li>Kompakte Zusammenfassungen aktueller Ver\u00f6ffentlichungen<\/li>\n\n\n\n<li>Gelegentliche Hervorhebungen wichtiger Themen<\/li>\n<\/ul>\n\n\n\n<p>Auch hier gilt: Es erscheinen ausschlie\u00dflich Inhalte, die auf dieser Website basieren \u2013 ohne zus\u00e4tzliche Informationen.<\/p>\n\n\n\n<div class=\"wp-block-buttons is-layout-flex wp-block-buttons-is-layout-flex\">\n<div class=\"wp-block-button\"><a class=\"wp-block-button__link wp-element-button\" href=\"https:\/\/www.facebook.com\/profile.php?id=61575444270604\">Facebook<\/a><\/div>\n<\/div>\n\n\n\n<div style=\"height:20px\" aria-hidden=\"true\" class=\"wp-block-spacer\"><\/div>\n\n\n\n<hr class=\"wp-block-separator has-alpha-channel-opacity\"\/>\n\n\n\n<div style=\"height:20px\" aria-hidden=\"true\" class=\"wp-block-spacer\"><\/div>\n\n\n\n<h2 class=\"wp-block-heading\">\ud83d\udc26 X (ehemals Twitter)<\/h2>\n\n\n\n<p>Auf X erhalten Sie pr\u00e4gnante, stark verdichtete Ausz\u00fcge meiner Website\u2011Inhalte:<\/p>\n\n\n\n<ul class=\"wp-block-list\">\n<li>Kurze Hinweise auf neue Artikel<\/li>\n\n\n\n<li>Kompakte Kernbotschaften aktueller Ver\u00f6ffentlichungen<\/li>\n\n\n\n<li>Fokus auf Klarheit und Relevanz<\/li>\n<\/ul>\n\n\n\n<p>Wie \u00fcberall: Keine zus\u00e4tzlichen Informationen \u2013 alle Beitr\u00e4ge basieren ausschlie\u00dflich auf den Inhalten dieser Website.<\/p>\n\n\n\n<div class=\"wp-block-buttons is-layout-flex wp-block-buttons-is-layout-flex\">\n<div class=\"wp-block-button\"><a class=\"wp-block-button__link wp-element-button\" href=\"https:\/\/x.com\/mueckinvest\">Zum X Profil<\/a><\/div>\n<\/div>\n\n\n\n<div style=\"height:20px\" aria-hidden=\"true\" class=\"wp-block-spacer\"><\/div>\n\n\n\n<hr class=\"wp-block-separator has-alpha-channel-opacity\"\/>\n\n\n\n<div style=\"height:20px\" aria-hidden=\"true\" class=\"wp-block-spacer\"><\/div>\n\n\n\n<h2 class=\"wp-block-heading\">\ud83d\udcc8 Wikifolio.com<\/h2>\n\n\n\n<p>Wikifolios \u0e02\u0e2d\u0e07\u0e09\u0e31\u0e19\u0e08\u0e30\u0e19\u0e33\u0e40\u0e2a\u0e19\u0e2d\u0e02\u0e49\u0e2d\u0e21\u0e39\u0e25\u0e40\u0e0a\u0e34\u0e07\u0e25\u0e36\u0e01\u0e17\u0e35\u0e48\u0e42\u0e1b\u0e23\u0e48\u0e07\u0e43\u0e2a\u0e40\u0e01\u0e35\u0e48\u0e22\u0e27\u0e01\u0e31\u0e1a\u0e01\u0e32\u0e23\u0e19\u0e33\u0e01\u0e25\u0e22\u0e38\u0e17\u0e18\u0e4c\u0e02\u0e2d\u0e07\u0e09\u0e31\u0e19\u0e44\u0e1b\u0e43\u0e0a\u0e49\u0e43\u0e19\u0e17\u0e32\u0e07\u0e1b\u0e0f\u0e34\u0e1a\u0e31\u0e15\u0e34 \u0e04\u0e33\u0e2d\u0e18\u0e34\u0e1a\u0e32\u0e22\u0e41\u0e25\u0e30\u0e02\u0e49\u0e2d\u0e04\u0e34\u0e14\u0e40\u0e2b\u0e47\u0e19\u0e43\u0e19\u0e19\u0e31\u0e49\u0e19\u0e01\u0e47\u0e2d\u0e49\u0e32\u0e07\u0e2d\u0e34\u0e07\u0e08\u0e32\u0e01\u0e40\u0e19\u0e37\u0e49\u0e2d\u0e2b\u0e32\u0e17\u0e35\u0e48\u0e04\u0e38\u0e13\u0e08\u0e30\u0e1e\u0e1a\u0e43\u0e19\u0e40\u0e27\u0e47\u0e1a\u0e44\u0e0b\u0e15\u0e4c\u0e19\u0e35\u0e49\u0e40\u0e0a\u0e48\u0e19\u0e01\u0e31\u0e19.<\/p>\n\n\n\n<div class=\"wp-block-buttons is-layout-flex wp-block-buttons-is-layout-flex\">\n<div class=\"wp-block-button\"><a class=\"wp-block-button__link wp-element-button\" href=\"https:\/\/www.wikifolio.com\/de\/de\/p\/mueckinvest?tab=wikifolios\">\u0e27\u0e34\u0e01\u0e34\u0e42\u0e1f\u0e25\u0e34\u0e42\u0e2d.com<\/a><\/div>\n<\/div>\n\n\n\n<div style=\"height:20px\" aria-hidden=\"true\" class=\"wp-block-spacer\"><\/div>\n\n\n\n<hr class=\"wp-block-separator has-alpha-channel-opacity\"\/>\n\n\n\n<div style=\"height:20px\" aria-hidden=\"true\" class=\"wp-block-spacer\"><\/div>\n\n\n\n<h2 class=\"wp-block-heading\">\ud83d\udcf1\u0e41\u0e2d\u0e1b Mueckinvest \u0e2a\u0e33\u0e2b\u0e23\u0e31\u0e1a Android + \u0e41\u0e2d\u0e1b Mueckinvest AI<\/h2>\n\n\n\n<p>\u0e17\u0e35\u0e48\u0e19\u0e35\u0e48\u0e04\u0e38\u0e13\u0e08\u0e30\u0e1e\u0e1a\u0e02\u0e49\u0e2d\u0e21\u0e39\u0e25\u0e17\u0e31\u0e49\u0e07\u0e2b\u0e21\u0e14\u0e40\u0e01\u0e35\u0e48\u0e22\u0e27\u0e01\u0e31\u0e1a\u0e41\u0e2d\u0e1b\u0e1e\u0e25\u0e34\u0e40\u0e04\u0e0a\u0e31\u0e19 Mueckinvest.<\/p>\n\n\n\n<div class=\"wp-block-buttons is-layout-flex wp-block-buttons-is-layout-flex\">\n<div class=\"wp-block-button\"><a class=\"wp-block-button__link wp-element-button\" href=\"https:\/\/mueckinvest.com\/th\/%e0%b9%81%e0%b8%ad%e0%b8%9b-android\/\">\u0e41\u0e2d\u0e1b Mueckinvest<\/a><\/div>\n\n\n\n<div class=\"wp-block-button\"><a class=\"wp-block-button__link wp-element-button\" href=\"https:\/\/mueckinvest.com\/th\/%e0%b9%81%e0%b8%ad%e0%b8%9b-mueckinvest\/\">\u0e41\u0e2d\u0e1b AI \u0e02\u0e2d\u0e07 Mueckinvest<\/a><\/div>\n<\/div>","protected":false},"excerpt":{"rendered":"<p>Immer nah dran auf allen Kan\u00e4len Damit Sie meine Analysen und Updates bequem dort verfolgen k\u00f6nnen, wo Sie m\u00f6chten, ver\u00f6ffentliche ich ausgew\u00e4hlte Inhalte zus\u00e4tzlich auf meinen Social\u2011Media\u2011Kan\u00e4len. Alle Beitr\u00e4ge entsprechen inhaltlich exakt dem, was auch auf dieser Website erscheint. Keine zus\u00e4tzlichen Aussagen, keine abweichenden Informationen \u2013 volle Transparenz. \ud83d\udcf1 WhatsApp\u2011Kanal Im WhatsApp\u2011Kanal erhalten Sie kompakte [&hellip;]<\/p>\n","protected":false},"author":1,"featured_media":0,"parent":0,"menu_order":0,"comment_status":"closed","ping_status":"closed","template":"page-no-sidebar","meta":{"pmpro_default_level":"","_monsterinsights_skip_tracking":false,"_monsterinsights_sitenote_active":false,"_monsterinsights_sitenote_note":"","_monsterinsights_sitenote_category":0,"footnotes":""},"class_list":["post-2969","page","type-page","status-publish","hentry","pmpro-has-access"],"aioseo_notices":[],"_links":{"self":[{"href":"https:\/\/mueckinvest.com\/th\/wp-json\/wp\/v2\/pages\/2969","targetHints":{"allow":["GET"]}}],"collection":[{"href":"https:\/\/mueckinvest.com\/th\/wp-json\/wp\/v2\/pages"}],"about":[{"href":"https:\/\/mueckinvest.com\/th\/wp-json\/wp\/v2\/types\/page"}],"author":[{"embeddable":true,"href":"https:\/\/mueckinvest.com\/th\/wp-json\/wp\/v2\/users\/1"}],"replies":[{"embeddable":true,"href":"https:\/\/mueckinvest.com\/th\/wp-json\/wp\/v2\/comments?post=2969"}],"version-history":[{"count":8,"href":"https:\/\/mueckinvest.com\/th\/wp-json\/wp\/v2\/pages\/2969\/revisions"}],"predecessor-version":[{"id":4299,"href":"https:\/\/mueckinvest.com\/th\/wp-json\/wp\/v2\/pages\/2969\/revisions\/4299"}],"wp:attachment":[{"href":"https:\/\/mueckinvest.com\/th\/wp-json\/wp\/v2\/media?parent=2969"}],"curies":[{"name":"wp","href":"https:\/\/api.w.org\/{rel}","templated":true}]}}