{"id":2435,"date":"2026-01-09T07:13:49","date_gmt":"2026-01-09T06:13:49","guid":{"rendered":"https:\/\/mueckinvest.de\/?page_id=2435"},"modified":"2026-02-04T10:00:00","modified_gmt":"2026-02-04T09:00:00","slug":"%e0%b8%aa%e0%b8%99%e0%b8%b1%e0%b8%9a%e0%b8%aa%e0%b8%99%e0%b8%b8%e0%b8%99-mueckinvest","status":"publish","type":"page","link":"https:\/\/mueckinvest.com\/th\/unterstuetze-mueckinvest\/","title":{"rendered":"\u0e2a\u0e19\u0e31\u0e1a\u0e2a\u0e19\u0e38\u0e19 Mueckinvest"},"content":{"rendered":"<p>Mueckinvest \u0e40\u0e1b\u0e47\u0e19\u0e41\u0e1e\u0e25\u0e15\u0e1f\u0e2d\u0e23\u0e4c\u0e21\u0e2d\u0e34\u0e2a\u0e23\u0e30 \u0e1b\u0e23\u0e32\u0e28\u0e08\u0e32\u0e01\u0e42\u0e06\u0e29\u0e13\u0e32 \u0e41\u0e25\u0e30\u0e2d\u0e2d\u0e01\u0e41\u0e1a\u0e1a\u0e21\u0e32\u0e40\u0e1e\u0e37\u0e48\u0e2d\u0e43\u0e2b\u0e49\u0e04\u0e38\u0e13\u0e40\u0e2b\u0e47\u0e19\u0e20\u0e32\u0e1e\u0e23\u0e27\u0e21\u0e17\u0e32\u0e07\u0e01\u0e32\u0e23\u0e40\u0e07\u0e34\u0e19\u0e02\u0e2d\u0e07\u0e04\u0e38\u0e13\u0e44\u0e14\u0e49\u0e2d\u0e22\u0e48\u0e32\u0e07\u0e0a\u0e31\u0e14\u0e40\u0e08\u0e19 \u0e2b\u0e32\u0e01\u0e04\u0e38\u0e13\u0e0a\u0e37\u0e48\u0e19\u0e0a\u0e2d\u0e1a\u0e41\u0e19\u0e27\u0e04\u0e34\u0e14\u0e1e\u0e37\u0e49\u0e19\u0e10\u0e32\u0e19 \u0e04\u0e38\u0e13\u0e2a\u0e32\u0e21\u0e32\u0e23\u0e16\u0e2a\u0e19\u0e31\u0e1a\u0e2a\u0e19\u0e38\u0e19\u0e01\u0e32\u0e23\u0e1e\u0e31\u0e12\u0e19\u0e32\u0e15\u0e48\u0e2d\u0e44\u0e1b\u0e44\u0e14\u0e49\u0e42\u0e14\u0e22\u0e2a\u0e21\u0e31\u0e04\u0e23\u0e43\u0e08 \u0e44\u0e21\u0e48\u0e27\u0e48\u0e32\u0e08\u0e30\u0e40\u0e1b\u0e47\u0e19\u0e01\u0e32\u0e23\u0e1a\u0e23\u0e34\u0e08\u0e32\u0e04\u0e04\u0e23\u0e31\u0e49\u0e07\u0e40\u0e14\u0e35\u0e22\u0e27\u0e2b\u0e23\u0e37\u0e2d\u0e23\u0e32\u0e22\u0e40\u0e14\u0e37\u0e2d\u0e19.<\/p>\n\n\n\n<div style=\"height:20px\" aria-hidden=\"true\" class=\"wp-block-spacer\"><\/div>\n\n\n\n<hr class=\"wp-block-separator has-alpha-channel-opacity\"\/>\n\n\n\n<div style=\"height:20px\" aria-hidden=\"true\" class=\"wp-block-spacer\"><\/div>\n\n\n\n<h2 class=\"wp-block-heading\">\u0e40\u0e2b\u0e15\u0e38\u0e43\u0e14\u0e08\u0e36\u0e07\u0e21\u0e35\u0e15\u0e31\u0e27\u0e40\u0e25\u0e37\u0e2d\u0e01\u0e01\u0e32\u0e23\u0e2a\u0e19\u0e31\u0e1a\u0e2a\u0e19\u0e38\u0e19\u0e43\u0e2b\u0e49\u0e40\u0e25\u0e37\u0e2d\u0e01\u0e43\u0e0a\u0e49?<\/h2>\n\n\n\n<p>\u0e41\u0e17\u0e19\u0e17\u0e35\u0e48\u0e08\u0e30\u0e42\u0e06\u0e29\u0e13\u0e32\u0e2b\u0e23\u0e37\u0e2d\u0e02\u0e32\u0e22\u0e02\u0e49\u0e2d\u0e21\u0e39\u0e25 Mueckinvest \u0e43\u0e0a\u0e49\u0e42\u0e21\u0e40\u0e14\u0e25\u0e17\u0e35\u0e48\u0e40\u0e23\u0e35\u0e22\u0e1a\u0e07\u0e48\u0e32\u0e22:<br>\u0e1c\u0e39\u0e49\u0e17\u0e35\u0e48\u0e0a\u0e37\u0e48\u0e19\u0e0a\u0e2d\u0e1a\u0e01\u0e32\u0e23\u0e43\u0e0a\u0e49\u0e41\u0e1e\u0e25\u0e15\u0e1f\u0e2d\u0e23\u0e4c\u0e21\u0e41\u0e25\u0e30\u0e21\u0e35\u0e01\u0e33\u0e25\u0e31\u0e07\u0e17\u0e23\u0e31\u0e1e\u0e22\u0e4c \u0e2a\u0e32\u0e21\u0e32\u0e23\u0e16\u0e43\u0e2b\u0e49\u0e01\u0e32\u0e23\u0e2a\u0e19\u0e31\u0e1a\u0e2a\u0e19\u0e38\u0e19\u0e42\u0e14\u0e22\u0e2a\u0e21\u0e31\u0e04\u0e23\u0e43\u0e08\u0e44\u0e14\u0e49.<br>\u0e2a\u0e34\u0e48\u0e07\u0e19\u0e35\u0e49\u0e0a\u0e48\u0e27\u0e22\u0e43\u0e2b\u0e49 Mueckinvest \u0e22\u0e31\u0e07\u0e04\u0e07\u0e40\u0e1b\u0e47\u0e19\u0e2d\u0e34\u0e2a\u0e23\u0e30 \u0e42\u0e1b\u0e23\u0e48\u0e07\u0e43\u0e2a \u0e41\u0e25\u0e30\u0e21\u0e31\u0e48\u0e19\u0e04\u0e07\u0e43\u0e19\u0e23\u0e30\u0e22\u0e30\u0e22\u0e32\u0e27.<\/p>\n\n\n\n<div style=\"height:20px\" aria-hidden=\"true\" class=\"wp-block-spacer\"><\/div>\n\n\n\n<hr class=\"wp-block-separator has-alpha-channel-opacity\"\/>\n\n\n\n<div style=\"height:20px\" aria-hidden=\"true\" class=\"wp-block-spacer\"><\/div>\n\n\n\n<h2 class=\"wp-block-heading\">\u0e01\u0e32\u0e23\u0e2a\u0e19\u0e31\u0e1a\u0e2a\u0e19\u0e38\u0e19\u0e23\u0e32\u0e22\u0e40\u0e14\u0e37\u0e2d\u0e19<\/h2>\n\n\n\n<p>\u0e01\u0e32\u0e23\u0e1a\u0e23\u0e34\u0e08\u0e32\u0e04\u0e23\u0e32\u0e22\u0e40\u0e14\u0e37\u0e2d\u0e19\u0e02\u0e2d\u0e07\u0e04\u0e38\u0e13\u0e08\u0e30\u0e0a\u0e48\u0e27\u0e22\u0e2a\u0e19\u0e31\u0e1a\u0e2a\u0e19\u0e38\u0e19\u0e04\u0e48\u0e32\u0e43\u0e0a\u0e49\u0e08\u0e48\u0e32\u0e22\u0e40\u0e0b\u0e34\u0e23\u0e4c\u0e1f\u0e40\u0e27\u0e2d\u0e23\u0e4c \u0e01\u0e32\u0e23\u0e1e\u0e31\u0e12\u0e19\u0e32\u0e40\u0e1e\u0e34\u0e48\u0e21\u0e40\u0e15\u0e34\u0e21 \u0e41\u0e25\u0e30\u0e1f\u0e35\u0e40\u0e08\u0e2d\u0e23\u0e4c\u0e43\u0e2b\u0e21\u0e48\u0e46 \u0e01\u0e32\u0e23\u0e0a\u0e33\u0e23\u0e30\u0e40\u0e07\u0e34\u0e19\u0e08\u0e30\u0e14\u0e33\u0e40\u0e19\u0e34\u0e19\u0e01\u0e32\u0e23\u0e42\u0e14\u0e22\u0e2d\u0e31\u0e15\u0e42\u0e19\u0e21\u0e31\u0e15\u0e34\u0e1c\u0e48\u0e32\u0e19 PayPal \u0e41\u0e25\u0e30\u0e2a\u0e32\u0e21\u0e32\u0e23\u0e16\u0e22\u0e01\u0e40\u0e25\u0e34\u0e01\u0e44\u0e14\u0e49\u0e17\u0e38\u0e01\u0e40\u0e21\u0e37\u0e48\u0e2d.<\/p>\n\n\n\n<div class=\"wp-block-columns is-layout-flex wp-container-core-columns-is-layout-28f84493 wp-block-columns-is-layout-flex\">\n<div class=\"wp-block-column is-layout-flow wp-block-column-is-layout-flow\" style=\"flex-basis:66.66%\">\n<p><strong>\u0e1c\u0e39\u0e49\u0e2a\u0e19\u0e31\u0e1a\u0e2a\u0e19\u0e38\u0e19 \u2013 2 \u0e22\u0e39\u0e42\u0e23\/\u0e40\u0e14\u0e37\u0e2d\u0e19<\/strong><\/p>\n\n\n\n<p>\u0e2a\u0e34\u0e48\u0e07\u0e19\u0e35\u0e49\u0e0a\u0e48\u0e27\u0e22\u0e43\u0e2b\u0e49 Mueckinvest \u0e22\u0e31\u0e07\u0e04\u0e07\u0e40\u0e1b\u0e47\u0e19\u0e2d\u0e34\u0e2a\u0e23\u0e30\u0e41\u0e25\u0e30\u0e1b\u0e23\u0e32\u0e28\u0e08\u0e32\u0e01\u0e42\u0e06\u0e29\u0e13\u0e32.<\/p>\n<\/div>\n\n\n\n<div class=\"wp-block-column is-layout-flow wp-block-column-is-layout-flow\" style=\"flex-basis:33.33%\">\n<div class=\"wp-block-buttons is-layout-flex wp-block-buttons-is-layout-flex\">\n<div class=\"wp-block-button\"><a class=\"wp-block-button__link wp-element-button\" href=\"https:\/\/buy.stripe.com\/00wfZa8Jo8Krfw13ZZ6Na03\">\u0e23\u0e48\u0e27\u0e21\u0e40\u0e1b\u0e47\u0e19\u0e1c\u0e39\u0e49\u0e2a\u0e19\u0e31\u0e1a\u0e2a\u0e19\u0e38\u0e19<\/a><\/div>\n<\/div>\n<\/div>\n<\/div>\n\n\n\n<div class=\"wp-block-columns is-layout-flex wp-container-core-columns-is-layout-28f84493 wp-block-columns-is-layout-flex\">\n<div class=\"wp-block-column is-layout-flow wp-block-column-is-layout-flow\" style=\"flex-basis:66.66%\">\n<p><strong>\u0e1c\u0e39\u0e49\u0e2a\u0e19\u0e31\u0e1a\u0e2a\u0e19\u0e38\u0e19\u0e23\u0e30\u0e14\u0e31\u0e1a\u0e1e\u0e23\u0e35\u0e40\u0e21\u0e35\u0e22\u0e21 \u2013 5 \u0e22\u0e39\u0e42\u0e23\/\u0e40\u0e14\u0e37\u0e2d\u0e19<\/strong><\/p>\n\n\n\n<p>\u0e2a\u0e19\u0e31\u0e1a\u0e2a\u0e19\u0e38\u0e19\u0e01\u0e32\u0e23\u0e1e\u0e31\u0e12\u0e19\u0e32\u0e40\u0e1e\u0e34\u0e48\u0e21\u0e40\u0e15\u0e34\u0e21 \u0e01\u0e32\u0e23\u0e42\u0e2e\u0e2a\u0e15\u0e4c \u0e41\u0e25\u0e30\u0e1f\u0e35\u0e40\u0e08\u0e2d\u0e23\u0e4c\u0e43\u0e2b\u0e21\u0e48\u0e46<\/p>\n<\/div>\n\n\n\n<div class=\"wp-block-column is-layout-flow wp-block-column-is-layout-flow\" style=\"flex-basis:33.33%\">\n<div class=\"wp-block-buttons is-layout-flex wp-block-buttons-is-layout-flex\">\n<div class=\"wp-block-button\"><a class=\"wp-block-button__link wp-element-button\" href=\"https:\/\/buy.stripe.com\/14A5kw3p4e4L6Zv7cb6Na04\">\u0e2a\u0e21\u0e31\u0e04\u0e23\u0e40\u0e1b\u0e47\u0e19\u0e1c\u0e39\u0e49\u0e2a\u0e19\u0e31\u0e1a\u0e2a\u0e19\u0e38\u0e19\u0e23\u0e30\u0e14\u0e31\u0e1a\u0e1e\u0e23\u0e35\u0e40\u0e21\u0e35\u0e22\u0e21<\/a><\/div>\n<\/div>\n<\/div>\n<\/div>\n\n\n\n<div class=\"wp-block-columns is-layout-flex wp-container-core-columns-is-layout-28f84493 wp-block-columns-is-layout-flex\">\n<div class=\"wp-block-column is-layout-flow wp-block-column-is-layout-flow\" style=\"flex-basis:66.66%\">\n<p><strong>\u0e1c\u0e39\u0e49\u0e2a\u0e19\u0e31\u0e1a\u0e2a\u0e19\u0e38\u0e19\u0e19\u0e31\u0e01\u0e25\u0e07\u0e17\u0e38\u0e19 \u2013 10 \u0e22\u0e39\u0e42\u0e23\/\u0e40\u0e14\u0e37\u0e2d\u0e19<\/strong><\/p>\n\n\n\n<p>\u0e23\u0e48\u0e27\u0e21\u0e2a\u0e23\u0e49\u0e32\u0e07\u0e2d\u0e19\u0e32\u0e04\u0e15\u0e02\u0e2d\u0e07 Mueckinvest \u0e2d\u0e22\u0e48\u0e32\u0e07\u0e41\u0e02\u0e47\u0e07\u0e02\u0e31\u0e19.<\/p>\n<\/div>\n\n\n\n<div class=\"wp-block-column is-layout-flow wp-block-column-is-layout-flow\" style=\"flex-basis:33.33%\">\n<div class=\"wp-block-buttons is-layout-flex wp-block-buttons-is-layout-flex\">\n<div class=\"wp-block-button\"><a class=\"wp-block-button__link wp-element-button\" href=\"https:\/\/buy.stripe.com\/00w00c5xc1hZ97D9kj6Na05\">\u0e23\u0e48\u0e27\u0e21\u0e40\u0e1b\u0e47\u0e19\u0e1c\u0e39\u0e49\u0e2a\u0e19\u0e31\u0e1a\u0e2a\u0e19\u0e38\u0e19\u0e19\u0e31\u0e01\u0e25\u0e07\u0e17\u0e38\u0e19<\/a><\/div>\n<\/div>\n<\/div>\n<\/div>\n\n\n\n<div style=\"height:20px\" aria-hidden=\"true\" class=\"wp-block-spacer\"><\/div>\n\n\n\n<hr class=\"wp-block-separator has-alpha-channel-opacity\"\/>\n\n\n\n<div style=\"height:20px\" aria-hidden=\"true\" class=\"wp-block-spacer\"><\/div>\n\n\n\n<h2 class=\"wp-block-heading\">\u0e01\u0e32\u0e23\u0e2a\u0e19\u0e31\u0e1a\u0e2a\u0e19\u0e38\u0e19\u0e04\u0e23\u0e31\u0e49\u0e07\u0e40\u0e14\u0e35\u0e22\u0e27<\/h2>\n\n\n\n<div class=\"wp-block-columns is-layout-flex wp-container-core-columns-is-layout-28f84493 wp-block-columns-is-layout-flex\">\n<div class=\"wp-block-column is-layout-flow wp-block-column-is-layout-flow\" style=\"flex-basis:66.66%\">\n<p>\u0e2b\u0e32\u0e01\u0e04\u0e38\u0e13\u0e44\u0e21\u0e48\u0e15\u0e49\u0e2d\u0e07\u0e01\u0e32\u0e23\u0e2a\u0e21\u0e31\u0e04\u0e23\u0e2a\u0e21\u0e32\u0e0a\u0e34\u0e01 \u0e04\u0e38\u0e13\u0e2a\u0e32\u0e21\u0e32\u0e23\u0e16\u0e2a\u0e19\u0e31\u0e1a\u0e2a\u0e19\u0e38\u0e19 Mueckinvest \u0e14\u0e49\u0e27\u0e22\u0e01\u0e32\u0e23\u0e1a\u0e23\u0e34\u0e08\u0e32\u0e04\u0e04\u0e23\u0e31\u0e49\u0e07\u0e40\u0e14\u0e35\u0e22\u0e27\u0e44\u0e14\u0e49\u0e40\u0e0a\u0e48\u0e19\u0e01\u0e31\u0e19 \u0e04\u0e38\u0e13\u0e2a\u0e32\u0e21\u0e32\u0e23\u0e16\u0e40\u0e25\u0e37\u0e2d\u0e01\u0e08\u0e33\u0e19\u0e27\u0e19\u0e40\u0e07\u0e34\u0e19\u0e44\u0e14\u0e49\u0e15\u0e32\u0e21\u0e15\u0e49\u0e2d\u0e07\u0e01\u0e32\u0e23.<\/p>\n<\/div>\n\n\n\n<div class=\"wp-block-column is-layout-flow wp-block-column-is-layout-flow\" style=\"flex-basis:33.33%\">\n<div class=\"wp-block-buttons is-layout-flex wp-block-buttons-is-layout-flex\">\n<div class=\"wp-block-button\"><a class=\"wp-block-button__link wp-element-button\" href=\"https:\/\/buy.stripe.com\/fZu4gsbVA0dV3Nj7cb6Na06\">\u0e01\u0e32\u0e23\u0e2a\u0e19\u0e31\u0e1a\u0e2a\u0e19\u0e38\u0e19\u0e04\u0e23\u0e31\u0e49\u0e07\u0e40\u0e14\u0e35\u0e22\u0e27<\/a><\/div>\n<\/div>\n<\/div>\n<\/div>\n\n\n\n<div style=\"height:20px\" aria-hidden=\"true\" class=\"wp-block-spacer\"><\/div>\n\n\n\n<hr class=\"wp-block-separator has-alpha-channel-opacity\"\/>\n\n\n\n<div style=\"height:20px\" aria-hidden=\"true\" class=\"wp-block-spacer\"><\/div>\n\n\n\n<h2 class=\"wp-block-heading\">\u0e04\u0e27\u0e32\u0e21\u0e42\u0e1b\u0e23\u0e48\u0e07\u0e43\u0e2a\u0e41\u0e25\u0e30\u0e01\u0e32\u0e23\u0e22\u0e38\u0e15\u0e34<\/h2>\n\n\n\n<p>\u0e01\u0e32\u0e23\u0e2a\u0e19\u0e31\u0e1a\u0e2a\u0e19\u0e38\u0e19\u0e02\u0e2d\u0e07\u0e04\u0e38\u0e13\u0e40\u0e1b\u0e47\u0e19\u0e44\u0e1b\u0e42\u0e14\u0e22\u0e2a\u0e21\u0e31\u0e04\u0e23\u0e43\u0e08\u0e41\u0e25\u0e30\u0e2a\u0e32\u0e21\u0e32\u0e23\u0e16\u0e22\u0e01\u0e40\u0e25\u0e34\u0e01\u0e44\u0e14\u0e49\u0e17\u0e38\u0e01\u0e40\u0e21\u0e37\u0e48\u0e2d.<br>\u0e04\u0e38\u0e13\u0e2a\u0e32\u0e21\u0e32\u0e23\u0e16\u0e22\u0e01\u0e40\u0e25\u0e34\u0e01\u0e01\u0e32\u0e23\u0e2a\u0e21\u0e31\u0e04\u0e23\u0e2a\u0e21\u0e32\u0e0a\u0e34\u0e01\u0e23\u0e32\u0e22\u0e40\u0e14\u0e37\u0e2d\u0e19\u0e44\u0e14\u0e49\u0e42\u0e14\u0e22\u0e15\u0e23\u0e07\u0e43\u0e19\u0e1a\u0e31\u0e0d\u0e0a\u0e35 PayPal \u0e02\u0e2d\u0e07\u0e04\u0e38\u0e13.<br>\u0e44\u0e21\u0e48\u0e21\u0e35\u0e40\u0e07\u0e37\u0e48\u0e2d\u0e19\u0e44\u0e02\u0e41\u0e2d\u0e1a\u0e41\u0e1d\u0e07\u0e43\u0e14\u0e46 \u2013 \u0e01\u0e32\u0e23\u0e2a\u0e19\u0e31\u0e1a\u0e2a\u0e19\u0e38\u0e19\u0e02\u0e2d\u0e07\u0e04\u0e38\u0e13\u0e40\u0e1b\u0e47\u0e19\u0e01\u0e32\u0e23\u0e41\u0e2a\u0e14\u0e07\u0e04\u0e27\u0e32\u0e21\u0e02\u0e2d\u0e1a\u0e04\u0e38\u0e13\u0e2a\u0e33\u0e2b\u0e23\u0e31\u0e1a\u0e41\u0e1e\u0e25\u0e15\u0e1f\u0e2d\u0e23\u0e4c\u0e21\u0e17\u0e35\u0e48\u0e21\u0e2d\u0e1a\u0e21\u0e39\u0e25\u0e04\u0e48\u0e32\u0e40\u0e1e\u0e34\u0e48\u0e21\u0e17\u0e35\u0e48\u0e41\u0e17\u0e49\u0e08\u0e23\u0e34\u0e07\u0e43\u0e2b\u0e49\u0e41\u0e01\u0e48\u0e04\u0e38\u0e13.<\/p>","protected":false},"excerpt":{"rendered":"<p>Mueckinvest ist unabh\u00e4ngig, werbefrei und darauf ausgelegt, Ihnen einen klaren \u00dcberblick \u00fcber Ihre Finanzen zu geben. Wenn Sie die Idee dahinter wertvoll finden, k\u00f6nnen Sie die Weiterentwicklung freiwillig unterst\u00fctzen \u2013 einmalig oder monatlich. Warum gibt es Unterst\u00fctzungsm\u00f6glichkeiten? Statt Werbung oder Datenverkauf setzt Mueckinvest auf ein einfaches Modell:Wer die Plattform gerne nutzt und sich das leisten [&hellip;]<\/p>\n","protected":false},"author":1,"featured_media":0,"parent":0,"menu_order":0,"comment_status":"closed","ping_status":"closed","template":"page-no-sidebar","meta":{"pmpro_default_level":"","_monsterinsights_skip_tracking":false,"_monsterinsights_sitenote_active":false,"_monsterinsights_sitenote_note":"","_monsterinsights_sitenote_category":0,"footnotes":""},"class_list":["post-2435","page","type-page","status-publish","hentry","pmpro-has-access"],"aioseo_notices":[],"_links":{"self":[{"href":"https:\/\/mueckinvest.com\/th\/wp-json\/wp\/v2\/pages\/2435","targetHints":{"allow":["GET"]}}],"collection":[{"href":"https:\/\/mueckinvest.com\/th\/wp-json\/wp\/v2\/pages"}],"about":[{"href":"https:\/\/mueckinvest.com\/th\/wp-json\/wp\/v2\/types\/page"}],"author":[{"embeddable":true,"href":"https:\/\/mueckinvest.com\/th\/wp-json\/wp\/v2\/users\/1"}],"replies":[{"embeddable":true,"href":"https:\/\/mueckinvest.com\/th\/wp-json\/wp\/v2\/comments?post=2435"}],"version-history":[{"count":9,"href":"https:\/\/mueckinvest.com\/th\/wp-json\/wp\/v2\/pages\/2435\/revisions"}],"predecessor-version":[{"id":3538,"href":"https:\/\/mueckinvest.com\/th\/wp-json\/wp\/v2\/pages\/2435\/revisions\/3538"}],"wp:attachment":[{"href":"https:\/\/mueckinvest.com\/th\/wp-json\/wp\/v2\/media?parent=2435"}],"curies":[{"name":"wp","href":"https:\/\/api.w.org\/{rel}","templated":true}]}}