{"id":125,"date":"2025-09-10T12:15:54","date_gmt":"2025-09-10T12:15:54","guid":{"rendered":"https:\/\/mueckinvest.de\/?page_id=125"},"modified":"2026-04-01T10:00:00","modified_gmt":"2026-04-01T08:00:00","slug":"%e0%b8%81%e0%b8%b2%e0%b8%a3%e0%b8%9b%e0%b8%a3%e0%b8%b1%e0%b8%9a%e0%b8%aa%e0%b8%a1%e0%b8%94%e0%b8%b8%e0%b8%a5%e0%b9%83%e0%b8%ab%e0%b8%a1%e0%b9%88","status":"publish","type":"page","link":"https:\/\/mueckinvest.com\/th\/rebalancing\/","title":{"rendered":"\u0e01\u0e32\u0e23\u0e1b\u0e23\u0e31\u0e1a\u0e2a\u0e21\u0e14\u0e38\u0e25\u0e43\u0e2b\u0e21\u0e48"},"content":{"rendered":"<h3 class=\"wp-block-heading\">\u0e40\u0e2b\u0e15\u0e38\u0e1c\u0e25\u0e17\u0e35\u0e48\u0e2a\u0e33\u0e04\u0e31\u0e0d:<\/h3>\n\n\n\n<p>\u0e40\u0e1e\u0e37\u0e48\u0e2d\u0e43\u0e2b\u0e49\u0e21\u0e31\u0e48\u0e19\u0e43\u0e08\u0e27\u0e48\u0e32\u0e01\u0e25\u0e22\u0e38\u0e17\u0e18\u0e4c\u0e01\u0e32\u0e23\u0e25\u0e07\u0e17\u0e38\u0e19\u0e21\u0e35\u0e04\u0e27\u0e32\u0e21\u0e21\u0e31\u0e48\u0e19\u0e04\u0e07\u0e43\u0e19\u0e23\u0e30\u0e22\u0e30\u0e22\u0e32\u0e27 \u0e2d\u0e07\u0e04\u0e4c\u0e1b\u0e23\u0e30\u0e01\u0e2d\u0e1a\u0e02\u0e2d\u0e07 Wikifolios \u0e08\u0e36\u0e07\u0e44\u0e14\u0e49\u0e23\u0e31\u0e1a\u0e01\u0e32\u0e23\u0e15\u0e23\u0e27\u0e08\u0e2a\u0e2d\u0e1a\u0e41\u0e25\u0e30\u0e1b\u0e23\u0e31\u0e1a\u0e40\u0e1b\u0e25\u0e35\u0e48\u0e22\u0e19\u0e2d\u0e22\u0e48\u0e32\u0e07\u0e2a\u0e21\u0e48\u0e33\u0e40\u0e2a\u0e21\u0e2d \u0e01\u0e23\u0e30\u0e1a\u0e27\u0e19\u0e01\u0e32\u0e23\u0e19\u0e35\u0e49\u0e40\u0e23\u0e35\u0e22\u0e01\u0e27\u0e48\u0e32 <strong>\u0e01\u0e32\u0e23\u0e1b\u0e23\u0e31\u0e1a\u0e2a\u0e21\u0e14\u0e38\u0e25\u0e43\u0e2b\u0e21\u0e48<\/strong>. \u0e01\u0e32\u0e23\u0e14\u0e33\u0e40\u0e19\u0e34\u0e19\u0e01\u0e32\u0e23\u0e19\u0e35\u0e49\u0e08\u0e30\u0e04\u0e37\u0e19\u0e04\u0e48\u0e32\u0e19\u0e49\u0e33\u0e2b\u0e19\u0e31\u0e01\u0e40\u0e14\u0e34\u0e21\u0e02\u0e2d\u0e07\u0e2a\u0e48\u0e27\u0e19\u0e1b\u0e23\u0e30\u0e01\u0e2d\u0e1a\u0e41\u0e15\u0e48\u0e25\u0e30\u0e2a\u0e48\u0e27\u0e19\u0e2b\u0e32\u0e01\u0e21\u0e35\u0e01\u0e32\u0e23\u0e40\u0e1b\u0e25\u0e35\u0e48\u0e22\u0e19\u0e41\u0e1b\u0e25\u0e07\u0e44\u0e1b\u0e40\u0e19\u0e37\u0e48\u0e2d\u0e07\u0e08\u0e32\u0e01\u0e01\u0e32\u0e23\u0e40\u0e04\u0e25\u0e37\u0e48\u0e2d\u0e19\u0e44\u0e2b\u0e27\u0e02\u0e2d\u0e07\u0e23\u0e32\u0e04\u0e32.<\/p>\n\n\n\n<p>\u0e15\u0e31\u0e27\u0e2d\u0e22\u0e48\u0e32\u0e07\u0e40\u0e0a\u0e48\u0e19 \u0e2b\u0e32\u0e01\u0e23\u0e32\u0e04\u0e32\u0e2b\u0e38\u0e49\u0e19\u0e1e\u0e38\u0e48\u0e07\u0e2a\u0e39\u0e07\u0e02\u0e36\u0e49\u0e19\u0e2d\u0e22\u0e48\u0e32\u0e07\u0e23\u0e27\u0e14\u0e40\u0e23\u0e47\u0e27 \u0e2b\u0e38\u0e49\u0e19\u0e40\u0e2b\u0e25\u0e48\u0e32\u0e19\u0e31\u0e49\u0e19\u0e01\u0e47\u0e08\u0e30\u0e43\u0e0a\u0e49\u0e1e\u0e37\u0e49\u0e19\u0e17\u0e35\u0e48\u0e43\u0e19\u0e1e\u0e2d\u0e23\u0e4c\u0e15\u0e01\u0e32\u0e23\u0e25\u0e07\u0e17\u0e38\u0e19\u0e21\u0e32\u0e01\u0e02\u0e36\u0e49\u0e19\u0e42\u0e14\u0e22\u0e2d\u0e31\u0e15\u0e42\u0e19\u0e21\u0e31\u0e15\u0e34 \u0e01\u0e32\u0e23\u0e1b\u0e23\u0e31\u0e1a\u0e2a\u0e21\u0e14\u0e38\u0e25\u0e1e\u0e2d\u0e23\u0e4c\u0e15\u0e01\u0e32\u0e23\u0e25\u0e07\u0e17\u0e38\u0e19\u0e40\u0e01\u0e35\u0e48\u0e22\u0e27\u0e02\u0e49\u0e2d\u0e07\u0e01\u0e31\u0e1a\u0e01\u0e32\u0e23\u0e02\u0e32\u0e22\u0e01\u0e33\u0e44\u0e23\u0e2a\u0e48\u0e27\u0e19\u0e2b\u0e19\u0e36\u0e48\u0e07\u0e41\u0e25\u0e30\u0e19\u0e33\u0e44\u0e1b\u0e25\u0e07\u0e17\u0e38\u0e19\u0e43\u0e19\u0e2a\u0e34\u0e19\u0e17\u0e23\u0e31\u0e1e\u0e22\u0e4c\u0e1b\u0e23\u0e30\u0e40\u0e20\u0e17\u0e2d\u0e37\u0e48\u0e19 \u0e0b\u0e36\u0e48\u0e07\u0e08\u0e30\u0e0a\u0e48\u0e27\u0e22\u0e23\u0e31\u0e01\u0e29\u0e32\u0e2a\u0e21\u0e14\u0e38\u0e25\u0e04\u0e27\u0e32\u0e21\u0e40\u0e2a\u0e35\u0e48\u0e22\u0e07\u0e41\u0e25\u0e30\u0e17\u0e33\u0e43\u0e2b\u0e49\u0e01\u0e25\u0e22\u0e38\u0e17\u0e18\u0e4c\u0e22\u0e31\u0e07\u0e04\u0e07\u0e21\u0e38\u0e48\u0e07\u0e40\u0e19\u0e49\u0e19\u0e44\u0e1b\u0e15\u0e32\u0e21\u0e40\u0e1b\u0e49\u0e32\u0e2b\u0e21\u0e32\u0e22\u0e40\u0e14\u0e34\u0e21.<\/p>\n\n\n\n<figure class=\"wp-block-image size-large\"><img loading=\"lazy\" decoding=\"async\" width=\"1024\" height=\"281\" src=\"https:\/\/mueckinvest.com\/wp-content\/uploads\/2025\/11\/Copilot_20251105_131901-1024x281.png\" alt=\"\" class=\"wp-image-766\" srcset=\"https:\/\/mueckinvest.com\/wp-content\/uploads\/2025\/11\/Copilot_20251105_131901-1024x281.png 1024w, https:\/\/mueckinvest.com\/wp-content\/uploads\/2025\/11\/Copilot_20251105_131901-300x82.png 300w, https:\/\/mueckinvest.com\/wp-content\/uploads\/2025\/11\/Copilot_20251105_131901-768x211.png 768w, https:\/\/mueckinvest.com\/wp-content\/uploads\/2025\/11\/Copilot_20251105_131901-1530x420.png 1530w, https:\/\/mueckinvest.com\/wp-content\/uploads\/2025\/11\/Copilot_20251105_131901.png 1536w\" sizes=\"auto, (max-width: 1024px) 100vw, 1024px\" \/><\/figure>\n\n\n\n<p>\ud83d\udc49 Wikifolio \u0e02\u0e2d\u0e07\u0e09\u0e31\u0e19\u0e01\u0e33\u0e25\u0e31\u0e07\u0e44\u0e14\u0e49\u0e23\u0e31\u0e1a\u0e01\u0e32\u0e23\u0e1b\u0e23\u0e31\u0e1a\u0e2a\u0e21\u0e14\u0e38\u0e25\u0e43\u0e2b\u0e21\u0e48 <strong>\u0e40\u0e2a\u0e21\u0e2d\u0e43\u0e19\u0e0a\u0e48\u0e27\u0e07\u0e40\u0e23\u0e34\u0e48\u0e21\u0e15\u0e49\u0e19\u0e02\u0e2d\u0e07\u0e44\u0e15\u0e23\u0e21\u0e32\u0e2a\u0e43\u0e2b\u0e21\u0e48<\/strong>.<\/p>\n\n\n\n<p>\u0e2a\u0e32\u0e21\u0e32\u0e23\u0e16\u0e14\u0e39\u0e23\u0e32\u0e22\u0e25\u0e30\u0e40\u0e2d\u0e35\u0e22\u0e14\u0e40\u0e1e\u0e34\u0e48\u0e21\u0e40\u0e15\u0e34\u0e21\u0e44\u0e14\u0e49\u0e43\u0e19\u0e40\u0e2d\u0e01\u0e2a\u0e32\u0e23\u0e17\u0e35\u0e48\u0e40\u0e01\u0e35\u0e48\u0e22\u0e27\u0e02\u0e49\u0e2d\u0e07 <a href=\"https:\/\/mueckinvest.com\/th\/%f0%9f%94%84-rebalancing\/\" title=\"\ud83d\udd04 \u0e01\u0e32\u0e23\u0e1b\u0e23\u0e31\u0e1a\u0e2a\u0e21\u0e14\u0e38\u0e25\">\u0e40\u0e08\u0e32\u0e30\u0e25\u0e36\u0e01\u0e2b\u0e31\u0e27\u0e02\u0e49\u0e2d\u0e15\u0e48\u0e32\u0e07\u0e46<\/a>.<\/p>\n\n\n\n<div style=\"height:100px\" aria-hidden=\"true\" class=\"wp-block-spacer\"><\/div>\n\n\n\n<div class=\"wp-block-group alignfull has-background is-layout-flow wp-block-group-is-layout-flow\" style=\"background-color:#f5eac1;padding-top:6vw;padding-right:6vw;padding-bottom:6vw;padding-left:6vw\">\n<div class=\"wp-block-group is-vertical is-nowrap is-layout-flex wp-container-core-group-is-layout-36fd9ea3 wp-block-group-is-layout-flex\" style=\"padding-right:0;padding-left:0\">\n<h2 class=\"wp-block-heading\">\u0e14\u0e32\u0e27\u0e19\u0e4c\u0e42\u0e2b\u0e25\u0e14\u0e44\u0e1f\u0e25\u0e4c\u0e2a\u0e40\u0e1b\u0e23\u0e14\u0e0a\u0e35\u0e15 Excel<\/h2>\n<\/div>\n\n\n\n<p id=\"block-1401cc4e-a420-4bc1-9ddd-3fc667b8d1c4\">\u0e20\u0e32\u0e1e\u0e23\u0e27\u0e21\u0e17\u0e31\u0e49\u0e07\u0e2b\u0e21\u0e14\u0e02\u0e2d\u0e07\u0e21\u0e32\u0e15\u0e23\u0e01\u0e32\u0e23\u0e1b\u0e23\u0e31\u0e1a\u0e2a\u0e21\u0e14\u0e38\u0e25\u0e21\u0e35\u0e43\u0e2b\u0e49\u0e14\u0e32\u0e27\u0e19\u0e4c\u0e42\u0e2b\u0e25\u0e14\u0e43\u0e19\u0e23\u0e39\u0e1b\u0e41\u0e1a\u0e1a\u0e44\u0e1f\u0e25\u0e4c Excel.&nbsp;<\/p>\n\n\n\n<div style=\"height:20px\" aria-hidden=\"true\" class=\"wp-block-spacer\"><\/div>\n\n\n\n<a href=\"https:\/\/mueckinvest.com\/th\/Apps\/Wikifolio%20Rebalancing%20\u00dcbersicht.xlsx\/\" download>\n    Datei herunterladen\n<\/a>\n\n<\/div>\n\n\n\n<div style=\"height:100px\" aria-hidden=\"true\" class=\"wp-block-spacer\"><\/div>\n\n\n\n<h2 class=\"wp-block-heading\">\u0e20\u0e32\u0e1e\u0e23\u0e27\u0e21\u0e02\u0e2d\u0e07\u0e21\u0e32\u0e15\u0e23\u0e01\u0e32\u0e23\u0e1b\u0e23\u0e31\u0e1a\u0e2a\u0e21\u0e14\u0e38\u0e25\u0e17\u0e31\u0e49\u0e07\u0e2b\u0e21\u0e14\u0e17\u0e35\u0e48\u0e14\u0e33\u0e40\u0e19\u0e34\u0e19\u0e01\u0e32\u0e23\u0e44\u0e1b\u0e41\u0e25\u0e49\u0e27:<\/h2>\n\n\n\n\n    <style>\n        .rebalancing-year-select {\n            margin-bottom: 15px;\n        }\n        .rebalancing-year-select select {\n            padding: 6px 10px;\n            font-size: 16px;\n            border-radius: 6px;\n            border: 1px solid #ccc;\n        }\n        @media (prefers-color-scheme: dark) {\n            .rebalancing-year-select select {\n                background: #222;\n                color: #fff;\n                border-color: #555;\n            }\n        }\n        .rebalancing-all-list {\n            list-style: none;\n            padding-left: 0;\n            margin: 0;\n        }\n        .rebalancing-all-list li {\n            margin-bottom: 6px;\n        }\n    <\/style>\n    <div class=\"rebalancing-year-select\"><select id=\"rebalancing-year\"><option value=\"2026\" selected>2026<\/option><\/select><\/div><ul class=\"rebalancing-all-list\" id=\"rebalancing-list\"><li data-year=\"2026\">\n                        <a href=\"https:\/\/mueckinvest.com\/th\/04/01/2026-rebalancing\/\">04/01/2026: Rebalancing<\/a>\n                    <\/li><li data-year=\"2026\">\n                        <a href=\"https:\/\/mueckinvest.com\/th\/rebalancing-01/02/2026\/\">01/02/2026: Rebalancing<\/a>\n                    <\/li><\/ul>\n    <script>\n    document.addEventListener(\"DOMContentLoaded\", function() {\n        const select = document.getElementById(\"rebalancing-year\");\n        const items = document.querySelectorAll(\"#rebalancing-list li\");\n\n        function filter() {\n            const year = select.value;\n            items.forEach(item => {\n                item.style.display = (item.dataset.year === year) ? \"\" : \"none\";\n            });\n        }\n\n        select.addEventListener(\"change\", filter);\n\n        \/\/ Initial filtern\n        filter();\n    });\n    <\/script>","protected":false},"excerpt":{"rendered":"<p>Warum es wichtig ist: Damit eine Anlagestrategie langfristig stabil bleibt, wird die Zusammensetzung der Wikifolios regelm\u00e4\u00dfig \u00fcberpr\u00fcft und angepasst. Dieses Vorgehen nennt man Rebalancing. Dabei werden die urspr\u00fcnglichen Gewichtungen der einzelnen Bausteine wiederhergestellt, wenn sie sich durch Kursbewegungen verschoben haben. Ein Beispiel: Steigen Aktien stark im Wert, nehmen sie im Portfolio automatisch mehr Raum ein. [&hellip;]<\/p>\n","protected":false},"author":1,"featured_media":0,"parent":0,"menu_order":0,"comment_status":"closed","ping_status":"closed","template":"page-no-sidebar","meta":{"pmpro_default_level":"","_monsterinsights_skip_tracking":false,"_monsterinsights_sitenote_active":false,"_monsterinsights_sitenote_note":"","_monsterinsights_sitenote_category":0,"footnotes":""},"class_list":["post-125","page","type-page","status-publish","hentry","pmpro-has-access"],"aioseo_notices":[],"_links":{"self":[{"href":"https:\/\/mueckinvest.com\/th\/wp-json\/wp\/v2\/pages\/125","targetHints":{"allow":["GET"]}}],"collection":[{"href":"https:\/\/mueckinvest.com\/th\/wp-json\/wp\/v2\/pages"}],"about":[{"href":"https:\/\/mueckinvest.com\/th\/wp-json\/wp\/v2\/types\/page"}],"author":[{"embeddable":true,"href":"https:\/\/mueckinvest.com\/th\/wp-json\/wp\/v2\/users\/1"}],"replies":[{"embeddable":true,"href":"https:\/\/mueckinvest.com\/th\/wp-json\/wp\/v2\/comments?post=125"}],"version-history":[{"count":9,"href":"https:\/\/mueckinvest.com\/th\/wp-json\/wp\/v2\/pages\/125\/revisions"}],"predecessor-version":[{"id":4405,"href":"https:\/\/mueckinvest.com\/th\/wp-json\/wp\/v2\/pages\/125\/revisions\/4405"}],"wp:attachment":[{"href":"https:\/\/mueckinvest.com\/th\/wp-json\/wp\/v2\/media?parent=125"}],"curies":[{"name":"wp","href":"https:\/\/api.w.org\/{rel}","templated":true}]}}