{"id":1134,"date":"2025-11-12T09:16:37","date_gmt":"2025-11-12T09:16:37","guid":{"rendered":"https:\/\/mueckinvest.de\/?page_id=1134"},"modified":"2026-03-18T15:18:00","modified_gmt":"2026-03-18T14:18:00","slug":"%e0%b8%84%e0%b8%a7%e0%b8%b2%e0%b8%a1%e0%b9%80%e0%b8%9b%e0%b9%87%e0%b8%99%e0%b8%a1%e0%b8%b2%e0%b8%82%e0%b8%ad%e0%b8%87%e0%b8%81%e0%b8%b2%e0%b8%a3%e0%b8%81%e0%b9%88%e0%b8%ad%e0%b8%95%e0%b8%b1%e0%b9%89","status":"publish","type":"page","link":"https:\/\/mueckinvest.com\/th\/hintergrund-zur-entstehung-von-mueckinvest\/","title":{"rendered":"\u0e08\u0e32\u0e01\u0e27\u0e34\u0e2a\u0e31\u0e22\u0e17\u0e31\u0e28\u0e19\u0e4c\u0e2a\u0e39\u0e48\u0e01\u0e32\u0e23\u0e19\u0e33\u0e44\u0e1b\u0e1b\u0e0f\u0e34\u0e1a\u0e31\u0e15\u0e34"},"content":{"rendered":"<p>Mueckinvest \u0e01\u0e48\u0e2d\u0e15\u0e31\u0e49\u0e07\u0e02\u0e36\u0e49\u0e19\u0e14\u0e49\u0e27\u0e22\u0e27\u0e31\u0e15\u0e16\u0e38\u0e1b\u0e23\u0e30\u0e2a\u0e07\u0e04\u0e4c\u0e17\u0e35\u0e48\u0e0a\u0e31\u0e14\u0e40\u0e08\u0e19: \u0e40\u0e1e\u0e37\u0e48\u0e2d\u0e40\u0e2a\u0e19\u0e2d\u0e27\u0e34\u0e18\u0e35\u0e01\u0e32\u0e23\u0e17\u0e35\u0e48\u0e07\u0e48\u0e32\u0e22\u0e2a\u0e33\u0e2b\u0e23\u0e31\u0e1a\u0e19\u0e31\u0e01\u0e25\u0e07\u0e17\u0e38\u0e19\u0e43\u0e19\u0e01\u0e32\u0e23\u0e40\u0e02\u0e49\u0e32\u0e16\u0e36\u0e07\u0e15\u0e25\u0e32\u0e14\u0e42\u0e25\u0e01\u0e43\u0e19\u0e40\u0e27\u0e25\u0e32\u0e2d\u0e31\u0e19\u0e2a\u0e31\u0e49\u0e19 <strong>\u0e15\u0e33\u0e41\u0e2b\u0e19\u0e48\u0e07\u0e1e\u0e2d\u0e23\u0e4c\u0e15\u0e42\u0e1f\u0e25\u0e34\u0e42\u0e2d\u0e40\u0e14\u0e35\u0e22\u0e27<\/strong> \u0e40\u0e1e\u0e37\u0e48\u0e2d\u0e40\u0e1b\u0e47\u0e19\u0e15\u0e31\u0e27\u0e41\u0e17\u0e19 \u0e01\u0e25\u0e22\u0e38\u0e17\u0e18\u0e4c\u0e41\u0e1a\u0e1a\u0e04\u0e25\u0e32\u0e2a\u0e2a\u0e34\u0e01\u0e21\u0e31\u0e01\u0e1b\u0e23\u0e30\u0e01\u0e2d\u0e1a\u0e14\u0e49\u0e27\u0e22\u0e2b\u0e38\u0e49\u0e19\u0e23\u0e32\u0e22\u0e15\u0e31\u0e27\u0e2b\u0e23\u0e37\u0e2d\u0e01\u0e2d\u0e07\u0e17\u0e38\u0e19\u0e08\u0e33\u0e19\u0e27\u0e19\u0e21\u0e32\u0e01 \u0e0b\u0e36\u0e48\u0e07\u0e08\u0e31\u0e14\u0e01\u0e32\u0e23\u0e44\u0e14\u0e49\u0e22\u0e32\u0e01\u0e41\u0e25\u0e30\u0e21\u0e35\u0e41\u0e19\u0e27\u0e42\u0e19\u0e49\u0e21\u0e17\u0e35\u0e48\u0e08\u0e30\u0e43\u0e2b\u0e49\u0e19\u0e49\u0e33\u0e2b\u0e19\u0e31\u0e01\u0e01\u0e32\u0e23\u0e25\u0e07\u0e17\u0e38\u0e19\u0e21\u0e32\u0e01\u0e40\u0e01\u0e34\u0e19\u0e44\u0e1b\u0e2b\u0e23\u0e37\u0e2d\u0e19\u0e49\u0e2d\u0e22\u0e40\u0e01\u0e34\u0e19\u0e44\u0e1b.<\/p>\n\n\n\n<p>\u0e14\u0e31\u0e07\u0e19\u0e31\u0e49\u0e19 \u0e41\u0e19\u0e27\u0e17\u0e32\u0e07\u0e02\u0e2d\u0e07\u0e1c\u0e21\u0e08\u0e36\u0e07\u0e21\u0e38\u0e48\u0e07\u0e44\u0e1b\u0e2a\u0e39\u0e48\u0e40\u0e1b\u0e49\u0e32\u0e2b\u0e21\u0e32\u0e22\u0e17\u0e35\u0e48\u0e0a\u0e31\u0e14\u0e40\u0e08\u0e19: <strong>\u0e1e\u0e2d\u0e23\u0e4c\u0e15\u0e01\u0e32\u0e23\u0e25\u0e07\u0e17\u0e38\u0e19\u0e17\u0e35\u0e48\u0e21\u0e35\u0e42\u0e04\u0e23\u0e07\u0e2a\u0e23\u0e49\u0e32\u0e07\u0e41\u0e25\u0e30\u0e01\u0e23\u0e30\u0e08\u0e32\u0e22\u0e04\u0e27\u0e32\u0e21\u0e40\u0e2a\u0e35\u0e48\u0e22\u0e07\u0e44\u0e1b\u0e17\u0e31\u0e48\u0e27\u0e42\u0e25\u0e01\u0e43\u0e19\u0e15\u0e33\u0e41\u0e2b\u0e19\u0e48\u0e07\u0e40\u0e14\u0e35\u0e22\u0e27<\/strong>, \u0e40\u0e2a\u0e23\u0e34\u0e21\u0e14\u0e49\u0e27\u0e22\u0e04\u0e27\u0e32\u0e21\u0e23\u0e39\u0e49\u0e17\u0e32\u0e07\u0e01\u0e32\u0e23\u0e40\u0e07\u0e34\u0e19\u0e17\u0e35\u0e48\u0e19\u0e33\u0e40\u0e2a\u0e19\u0e2d\u0e2d\u0e22\u0e48\u0e32\u0e07\u0e0a\u0e31\u0e14\u0e40\u0e08\u0e19 \u0e0b\u0e36\u0e48\u0e07\u0e17\u0e33\u0e43\u0e2b\u0e49\u0e2b\u0e25\u0e31\u0e01\u0e01\u0e32\u0e23\u0e1e\u0e37\u0e49\u0e19\u0e10\u0e32\u0e19\u0e40\u0e02\u0e49\u0e32\u0e43\u0e08\u0e44\u0e14\u0e49\u0e07\u0e48\u0e32\u0e22.<\/p>\n\n\n\n<p>\u0e0b\u0e36\u0e48\u0e07\u0e1b\u0e23\u0e30\u0e01\u0e2d\u0e1a\u0e14\u0e49\u0e27\u0e22\u0e2d\u0e07\u0e04\u0e4c\u0e1b\u0e23\u0e30\u0e01\u0e2d\u0e1a\u0e2b\u0e25\u0e31\u0e01\u0e2a\u0e2d\u0e07\u0e2a\u0e48\u0e27\u0e19 \u0e44\u0e14\u0e49\u0e41\u0e01\u0e48:<\/p>\n\n\n\n<ul class=\"wp-block-list\">\n<li><strong>\u0e01\u0e25\u0e22\u0e38\u0e17\u0e18\u0e4c Wikifolio \u0e17\u0e35\u0e48\u0e2d\u0e34\u0e07\u0e15\u0e32\u0e21\u0e01\u0e0e\u0e40\u0e01\u0e13\u0e11\u0e4c<\/strong>, \u0e0b\u0e36\u0e48\u0e07\u0e40\u0e1b\u0e47\u0e19\u0e01\u0e32\u0e23\u0e1c\u0e2a\u0e21\u0e1c\u0e2a\u0e32\u0e19\u0e23\u0e30\u0e2b\u0e27\u0e48\u0e32\u0e07\u0e01\u0e32\u0e23\u0e01\u0e23\u0e30\u0e08\u0e32\u0e22\u0e04\u0e27\u0e32\u0e21\u0e40\u0e2a\u0e35\u0e48\u0e22\u0e07 \u0e42\u0e04\u0e23\u0e07\u0e2a\u0e23\u0e49\u0e32\u0e07 \u0e41\u0e25\u0e30\u0e01\u0e32\u0e23\u0e1a\u0e23\u0e34\u0e2b\u0e32\u0e23\u0e04\u0e27\u0e32\u0e21\u0e40\u0e2a\u0e35\u0e48\u0e22\u0e07<\/li>\n\n\n\n<li><strong>\u0e40\u0e08\u0e32\u0e30\u0e25\u0e36\u0e01\u0e43\u0e19\u0e2b\u0e31\u0e27\u0e02\u0e49\u0e2d\u0e40\u0e09\u0e1e\u0e32\u0e30\u0e41\u0e25\u0e30\u0e04\u0e27\u0e32\u0e21\u0e23\u0e39\u0e49\u0e17\u0e32\u0e07\u0e01\u0e32\u0e23\u0e40\u0e07\u0e34\u0e19<\/strong>, \u0e0b\u0e36\u0e48\u0e07\u0e2d\u0e18\u0e34\u0e1a\u0e32\u0e22\u0e27\u0e48\u0e32\u0e15\u0e25\u0e32\u0e14\u0e17\u0e33\u0e07\u0e32\u0e19\u0e2d\u0e22\u0e48\u0e32\u0e07\u0e44\u0e23 \u0e1b\u0e31\u0e08\u0e08\u0e31\u0e22\u0e15\u0e48\u0e32\u0e07\u0e46 \u0e2a\u0e48\u0e07\u0e1c\u0e25\u0e01\u0e23\u0e30\u0e17\u0e1a\u0e15\u0e48\u0e2d\u0e15\u0e25\u0e32\u0e14\u0e2d\u0e22\u0e48\u0e32\u0e07\u0e44\u0e23 \u0e41\u0e25\u0e30\u0e2b\u0e31\u0e27\u0e02\u0e49\u0e2d\u0e43\u0e14\u0e1a\u0e49\u0e32\u0e07\u0e17\u0e35\u0e48\u0e21\u0e35\u0e04\u0e27\u0e32\u0e21\u0e2a\u0e33\u0e04\u0e31\u0e0d\u0e43\u0e19\u0e23\u0e30\u0e22\u0e30\u0e22\u0e32\u0e27<\/li>\n<\/ul>\n\n\n\n<p>\u0e1a\u0e17\u0e27\u0e34\u0e40\u0e04\u0e23\u0e32\u0e30\u0e2b\u0e4c\u0e40\u0e0a\u0e34\u0e07\u0e25\u0e36\u0e01\u0e40\u0e2b\u0e25\u0e48\u0e32\u0e19\u0e35\u0e49\u0e08\u0e30\u0e0a\u0e48\u0e27\u0e22\u0e43\u0e2b\u0e49\u0e40\u0e02\u0e49\u0e32\u0e43\u0e08\u0e1b\u0e23\u0e30\u0e40\u0e14\u0e47\u0e19\u0e2a\u0e33\u0e04\u0e31\u0e0d\u0e14\u0e49\u0e32\u0e19\u0e01\u0e32\u0e23\u0e25\u0e07\u0e17\u0e38\u0e19 \u0e01\u0e25\u0e44\u0e01\u0e02\u0e2d\u0e07\u0e15\u0e25\u0e32\u0e14 \u0e41\u0e25\u0e30\u0e02\u0e49\u0e2d\u0e04\u0e49\u0e19\u0e1e\u0e1a\u0e17\u0e32\u0e07\u0e27\u0e34\u0e17\u0e22\u0e32\u0e28\u0e32\u0e2a\u0e15\u0e23\u0e4c\u0e44\u0e14\u0e49\u0e2d\u0e22\u0e48\u0e32\u0e07\u0e01\u0e23\u0e30\u0e0a\u0e31\u0e1a \u0e40\u0e02\u0e49\u0e32\u0e43\u0e08\u0e07\u0e48\u0e32\u0e22 \u0e41\u0e25\u0e30\u0e19\u0e33\u0e44\u0e1b\u0e43\u0e0a\u0e49\u0e44\u0e14\u0e49\u0e08\u0e23\u0e34\u0e07 \u0e0a\u0e48\u0e27\u0e22\u0e43\u0e2b\u0e49\u0e19\u0e31\u0e01\u0e25\u0e07\u0e17\u0e38\u0e19\u0e21\u0e2d\u0e07\u0e40\u0e2b\u0e47\u0e19\u0e04\u0e27\u0e32\u0e21\u0e40\u0e0a\u0e37\u0e48\u0e2d\u0e21\u0e42\u0e22\u0e07 \u0e01\u0e33\u0e2b\u0e19\u0e14\u0e1a\u0e23\u0e34\u0e1a\u0e17\u0e43\u0e19\u0e01\u0e32\u0e23\u0e15\u0e31\u0e14\u0e2a\u0e34\u0e19\u0e43\u0e08 \u0e41\u0e25\u0e30\u0e40\u0e02\u0e49\u0e32\u0e43\u0e08\u0e01\u0e25\u0e22\u0e38\u0e17\u0e18\u0e4c\u0e44\u0e14\u0e49\u0e14\u0e35\u0e22\u0e34\u0e48\u0e07\u0e02\u0e36\u0e49\u0e19.<\/p>\n\n\n\n<p>\u0e14\u0e49\u0e27\u0e22\u0e27\u0e34\u0e01\u0e34\u0e42\u0e1f\u0e25\u0e34\u0e42\u0e2d\u0e41\u0e1a\u0e1a\u0e23\u0e48\u0e21 <strong>\u0e40\u0e25\u0e40\u0e22\u0e2d\u0e23\u0e4c\u0e17\u0e31\u0e48\u0e27\u0e42\u0e25\u0e01<\/strong> \u0e40\u0e1b\u0e49\u0e32\u0e2b\u0e21\u0e32\u0e22\u0e02\u0e2d\u0e07\u0e01\u0e32\u0e23\u0e2a\u0e23\u0e49\u0e32\u0e07\u0e1e\u0e2d\u0e23\u0e4c\u0e15\u0e42\u0e1f\u0e25\u0e34\u0e42\u0e2d\u0e43\u0e19\u0e15\u0e25\u0e32\u0e14\u0e42\u0e25\u0e01\u0e19\u0e31\u0e49\u0e19\u0e44\u0e14\u0e49\u0e23\u0e31\u0e1a\u0e01\u0e32\u0e23\u0e14\u0e33\u0e40\u0e19\u0e34\u0e19\u0e01\u0e32\u0e23\u0e2d\u0e22\u0e48\u0e32\u0e07\u0e2a\u0e21\u0e48\u0e33\u0e40\u0e2a\u0e21\u0e2d\u0e43\u0e19\u0e15\u0e33\u0e41\u0e2b\u0e19\u0e48\u0e07\u0e40\u0e14\u0e35\u0e22\u0e27 \u0e41\u0e25\u0e30\u0e22\u0e31\u0e07\u0e21\u0e35 Wikifolio \u0e0b\u0e36\u0e48\u0e07\u0e40\u0e1b\u0e47\u0e19\u0e17\u0e32\u0e07\u0e40\u0e25\u0e37\u0e2d\u0e01\u0e17\u0e35\u0e48\u0e01\u0e23\u0e30\u0e0a\u0e31\u0e1a\u0e01\u0e27\u0e48\u0e32\u0e43\u0e2b\u0e49\u0e40\u0e25\u0e37\u0e2d\u0e01\u0e43\u0e0a\u0e49\u0e44\u0e14\u0e49\u0e2d\u0e35\u0e01\u0e14\u0e49\u0e27\u0e22 <strong>\u0e01\u0e32\u0e23\u0e25\u0e07\u0e17\u0e38\u0e19\u0e2d\u0e31\u0e08\u0e09\u0e23\u0e34\u0e22\u0e30\u0e23\u0e30\u0e14\u0e31\u0e1a\u0e42\u0e25\u0e01<\/strong> \u0e40\u0e1b\u0e47\u0e19\u0e40\u0e2b\u0e21\u0e37\u0e2d\u0e19 &quot;\u0e41\u0e2a\u0e07\u0e41\u0e2b\u0e48\u0e07\u0e40\u0e25\u0e40\u0e22\u0e2d\u0e23\u0e4c\u0e17\u0e31\u0e48\u0e27\u0e42\u0e25\u0e01&quot; \u0e0a\u0e19\u0e34\u0e14\u0e2b\u0e19\u0e36\u0e48\u0e07.<\/p>\n\n\n\n<p>\u0e14\u0e31\u0e07\u0e19\u0e31\u0e49\u0e19 Mueckinvest \u0e08\u0e36\u0e07\u0e21\u0e38\u0e48\u0e07\u0e40\u0e1b\u0e49\u0e32\u0e44\u0e1b\u0e17\u0e35\u0e48\u0e17\u0e31\u0e49\u0e07\u0e19\u0e31\u0e01\u0e25\u0e07\u0e17\u0e38\u0e19\u0e17\u0e35\u0e48\u0e21\u0e35\u0e1b\u0e23\u0e30\u0e2a\u0e1a\u0e01\u0e32\u0e23\u0e13\u0e4c\u0e0b\u0e36\u0e48\u0e07\u0e15\u0e49\u0e2d\u0e07\u0e01\u0e32\u0e23\u0e40\u0e1e\u0e34\u0e48\u0e21\u0e1b\u0e23\u0e30\u0e2a\u0e34\u0e17\u0e18\u0e34\u0e20\u0e32\u0e1e\u0e43\u0e2b\u0e49\u0e01\u0e31\u0e1a\u0e1e\u0e2d\u0e23\u0e4c\u0e15\u0e01\u0e32\u0e23\u0e25\u0e07\u0e17\u0e38\u0e19\u0e17\u0e35\u0e48\u0e21\u0e35\u0e2d\u0e22\u0e39\u0e48 \u0e41\u0e25\u0e30\u0e19\u0e31\u0e01\u0e25\u0e07\u0e17\u0e38\u0e19\u0e21\u0e37\u0e2d\u0e43\u0e2b\u0e21\u0e48\u0e17\u0e35\u0e48\u0e15\u0e49\u0e2d\u0e07\u0e01\u0e32\u0e23\u0e40\u0e02\u0e49\u0e32\u0e16\u0e36\u0e07\u0e1e\u0e2d\u0e23\u0e4c\u0e15\u0e01\u0e32\u0e23\u0e25\u0e07\u0e17\u0e38\u0e19\u0e17\u0e35\u0e48\u0e21\u0e35\u0e04\u0e27\u0e32\u0e21\u0e2b\u0e25\u0e32\u0e01\u0e2b\u0e25\u0e32\u0e22\u0e43\u0e19\u0e15\u0e25\u0e32\u0e14\u0e14\u0e49\u0e27\u0e22\u0e01\u0e32\u0e23\u0e25\u0e07\u0e17\u0e38\u0e19\u0e40\u0e1e\u0e35\u0e22\u0e07\u0e04\u0e23\u0e31\u0e49\u0e07\u0e40\u0e14\u0e35\u0e22\u0e27 \u0e1e\u0e23\u0e49\u0e2d\u0e21\u0e17\u0e31\u0e49\u0e07\u0e21\u0e35\u0e04\u0e27\u0e32\u0e21\u0e23\u0e39\u0e49\u0e04\u0e27\u0e32\u0e21\u0e40\u0e02\u0e49\u0e32\u0e43\u0e08\u0e43\u0e19\u0e1e\u0e2d\u0e23\u0e4c\u0e15\u0e01\u0e32\u0e23\u0e25\u0e07\u0e17\u0e38\u0e19\u0e19\u0e31\u0e49\u0e19\u0e44\u0e1b\u0e1e\u0e23\u0e49\u0e2d\u0e21\u0e01\u0e31\u0e19.<\/p>\n\n\n\n<div style=\"height:100px\" aria-hidden=\"true\" class=\"wp-block-spacer\"><\/div>\n\n\n\n<p>\u0e42\u0e1b\u0e23\u0e14\u0e17\u0e23\u0e32\u0e1a: \u0e01\u0e32\u0e23\u0e25\u0e07\u0e17\u0e38\u0e19\u0e43\u0e19 Wikifolios \u0e21\u0e35\u0e04\u0e27\u0e32\u0e21\u0e40\u0e2a\u0e35\u0e48\u0e22\u0e07 \u0e1c\u0e25\u0e01\u0e32\u0e23\u0e14\u0e33\u0e40\u0e19\u0e34\u0e19\u0e07\u0e32\u0e19\u0e43\u0e19\u0e2d\u0e14\u0e35\u0e15\u0e44\u0e21\u0e48\u0e43\u0e0a\u0e48\u0e15\u0e31\u0e27\u0e1a\u0e48\u0e07\u0e0a\u0e35\u0e49\u0e17\u0e35\u0e48\u0e40\u0e0a\u0e37\u0e48\u0e2d\u0e16\u0e37\u0e2d\u0e44\u0e14\u0e49\u0e2a\u0e33\u0e2b\u0e23\u0e31\u0e1a\u0e1c\u0e25\u0e25\u0e31\u0e1e\u0e18\u0e4c\u0e43\u0e19\u0e2d\u0e19\u0e32\u0e04\u0e15 \u0e42\u0e1b\u0e23\u0e14\u0e14\u0e39\u0e23\u0e32\u0e22\u0e25\u0e30\u0e40\u0e2d\u0e35\u0e22\u0e14\u0e40\u0e1e\u0e34\u0e48\u0e21\u0e40\u0e15\u0e34\u0e21\u0e43\u0e19 [\u0e25\u0e34\u0e07\u0e01\u0e4c\/\u0e40\u0e2d\u0e01\u0e2a\u0e32\u0e23\/\u0e2a\u0e48\u0e27\u0e19] <strong><a href=\"https:\/\/mueckinvest.com\/th\/%e0%b8%a3%e0%b8%ad%e0%b8%a2%e0%b8%9e%e0%b8%b4%e0%b8%a1%e0%b8%9e%e0%b9%8c\/\" data-type=\"page\" data-id=\"2\">\u0e23\u0e2d\u0e22\u0e1e\u0e34\u0e21\u0e1e\u0e4c<\/a>.<\/strong><\/p>","protected":false},"excerpt":{"rendered":"<p>Mueckinvest entstand aus einem klaren Anspruch: Anlegern eine einfache M\u00f6glichkeit zu bieten, den globalen Markt in nur einer einzigen Depotposition abzubilden. Klassische Strategien bestehen oft aus vielen Einzelwerten oder Fonds \u2013 komplex in der Verwaltung und anf\u00e4llig f\u00fcr \u00dcber\u2011 oder Untergewichtungen. Mein Ansatz verfolgt deshalb ein eindeutiges Ziel: ein strukturiertes, global diversifiziertes Portfolio in einer [&hellip;]<\/p>\n","protected":false},"author":1,"featured_media":0,"parent":0,"menu_order":0,"comment_status":"closed","ping_status":"closed","template":"page-no-sidebar","meta":{"pmpro_default_level":"","_monsterinsights_skip_tracking":false,"_monsterinsights_sitenote_active":false,"_monsterinsights_sitenote_note":"","_monsterinsights_sitenote_category":0,"footnotes":""},"class_list":["post-1134","page","type-page","status-publish","hentry","pmpro-has-access"],"aioseo_notices":[],"_links":{"self":[{"href":"https:\/\/mueckinvest.com\/th\/wp-json\/wp\/v2\/pages\/1134","targetHints":{"allow":["GET"]}}],"collection":[{"href":"https:\/\/mueckinvest.com\/th\/wp-json\/wp\/v2\/pages"}],"about":[{"href":"https:\/\/mueckinvest.com\/th\/wp-json\/wp\/v2\/types\/page"}],"author":[{"embeddable":true,"href":"https:\/\/mueckinvest.com\/th\/wp-json\/wp\/v2\/users\/1"}],"replies":[{"embeddable":true,"href":"https:\/\/mueckinvest.com\/th\/wp-json\/wp\/v2\/comments?post=1134"}],"version-history":[{"count":2,"href":"https:\/\/mueckinvest.com\/th\/wp-json\/wp\/v2\/pages\/1134\/revisions"}],"predecessor-version":[{"id":4031,"href":"https:\/\/mueckinvest.com\/th\/wp-json\/wp\/v2\/pages\/1134\/revisions\/4031"}],"wp:attachment":[{"href":"https:\/\/mueckinvest.com\/th\/wp-json\/wp\/v2\/media?parent=1134"}],"curies":[{"name":"wp","href":"https:\/\/api.w.org\/{rel}","templated":true}]}}