{"id":3984,"date":"2026-03-13T11:00:00","date_gmt":"2026-03-13T10:00:00","guid":{"rendered":"https:\/\/mueckinvest.com\/?page_id=3984"},"modified":"2026-03-17T17:00:00","modified_gmt":"2026-03-17T16:00:00","slug":"hadithi","status":"publish","type":"page","link":"https:\/\/mueckinvest.com\/sw\/geschichte\/","title":{"rendered":"Historia, maendeleo na ramani ya barabara"},"content":{"rendered":"<p><strong>Kwa nini ninaonyesha waziwazi maendeleo yangu<\/strong><\/p>\n\n\n\n<p>Kwangu mimi, ni muhimu kuonyesha kwa uwazi jinsi Mueckinvest imekua hatua kwa hatua. Hasa katika sekta ya fedha, uaminifu ni muhimu - na uaminifu hujengwa unapoweza kuelewa jinsi bidhaa inavyoundwa, kukua, na kuimarika. Ndiyo maana nimekuwa nikiandika safari yangu tangu 2025 na kuonyesha wazi kile ninachofanyia kazi, kile ambacho tayari kimepatikana, na hatua zinazofuata ni zipi.<\/p>\n\n\n\n<details class=\"wp-block-details is-layout-flow wp-block-details-is-layout-flow\"><summary><strong>2025<\/strong><\/summary>\n<h2 class=\"wp-block-heading\">Agosti 2025 - Awamu ya Uchambuzi: Wikifolios inalenga<\/h2>\n\n\n\n<p>Mwanzo wa Mueckinvest. Katika awamu hii, mkazo ulikuwa kwenye uchambuzi wa kina wa Wikifolios, mikakati ya uwekezaji, na makosa ya kawaida ya wawekezaji. Ufahamu uliopatikana uliunda msingi wa wazo la baadaye la jukwaa la kifedha lililo wazi, linaloeleweka, na lenye mwelekeo wa muda mrefu.<\/p>\n\n\n\n<h2 class=\"wp-block-heading\">Oktoba 2025 - Tovuti ya kwanza na ujenzi wa chapa<\/h2>\n\n\n\n<p>Toleo la kwanza la tovuti ya Mueckinvest liliingia mtandaoni. Lengo lilikuwa kuwasilisha maarifa ya kifedha kwa njia iliyopangwa na inayoeleweka. Wakati huo huo, utambulisho wa chapa uliendelezwa: wa kiwango cha chini, wa ukweli, na wenye lengo la muda mrefu.<\/p>\n\n\n\n<h2 class=\"wp-block-heading\">Desemba 2025 - Kupiga Mbizi Kina kwa Mada<\/h2>\n\n\n\n<p>Kazi kubwa kuhusu maudhui ilianza. Miradi kamili iliundwa. <a href=\"https:\/\/mueckinvest.com\/sw\/mada-za-kina\/\" title=\"Mada za Kuzama kwa Kina\">Kupiga mbizi kwa kina<\/a> ETF, hatari, mseto, <a href=\"https:\/\/mueckinvest.com\/sw\/kusawazisha-upya\/\" title=\"Kusawazisha upya\">Kusawazisha upya <\/a>na mikakati ya uwekezaji wa muda mrefu. Maudhui haya baadaye yakawa msingi wa maarifa wa Mueckinvest AI.<\/p>\n<\/details>\n\n\n\n<details class=\"wp-block-details is-layout-flow wp-block-details-is-layout-flow\"><summary><strong>2026<\/strong><\/summary>\n<h2 class=\"wp-block-heading\">Januari 2026 - Kuanza kwa uundaji wa programu za Android<\/h2>\n\n\n\n<p>Kuanza rasmi kwa utekelezaji wa kiufundi. Usanifu ulibuniwa kimakusudi ili uwe mwembamba, unaoweza kupanuliwa, na unaotumika kimataifa. Mifano ya awali ya UI na mfumo wa data wa taarifa za ETF zilitengenezwa.<\/p>\n\n\n\n<h2 class=\"wp-block-heading\">Februari 2026 - Kuanzishwa kwa AI<\/h2>\n\n\n\n<p>Mwanzo wa <a href=\"https:\/\/mueckinvest.com\/sw\/mueckinvest-ki\/\" title=\"Mueckinvest AI\">Muunganisho wa AI<\/a> kwa kuzingatia utaalamu halisi wa maelezo badala ya majibu ya jumla. Maendeleo ya bomba la RAG, upachikaji wa awali, na miundo ya hifadhidata ya vekta. Sambamba na hilo, mipango ilianza kwa usaidizi wa lugha nyingi kwa ajili ya uenezaji wa kimataifa.<\/p>\n\n\n\n<h2 class=\"wp-block-heading\">Machi 17, 2026 - Uzinduzi umekamilika \ud83c\udf0d<\/h2>\n\n\n\n<p>Android <a href=\"https:\/\/mueckinvest.com\/sw\/programu-ya-android\/\" title=\"Programu ya Mueckinvest\">Programu ya Mueckinvest<\/a> Sasa imeonyeshwa moja kwa moja. Baada ya maandalizi ya kina, miundombinu ya kimataifa iko tayari, seva zinafanya kazi vizuri, na AI tayari inatoa matokeo mazuri.<\/p>\n<\/details>\n\n\n\n<details class=\"wp-block-details is-layout-flow wp-block-details-is-layout-flow\"><summary><strong>Kupanga \/ Ramani ya Barabara<\/strong><\/summary>\n<h2 class=\"wp-block-heading\">Aprili - Juni 2026<\/h2>\n\n\n\n<p>Uundaji huanza kwenye toleo asilia la iOS la &quot;Mueckinvest&quot; + &quot;Mueckinvest AI&quot;. Lengo ni programu thabiti, ya haraka na angavu inayokamilisha kikamilifu uzoefu uliopo wa wavuti na Android.<\/p>\n\n\n\n<p>Pamoja na programu ya Android (&quot;Mueckinvest&quot;), programu ya kujitegemea ya &quot;Mueckinvest AI&quot; itatolewa. Inatoa gumzo maalum la AI kuhusu ETF, uwekezaji wa muda mrefu, na elimu ya kifedha - iliyoboreshwa kwa lugha 20 na watumiaji wa kimataifa.<\/p>\n\n\n\n<h2 class=\"wp-block-heading\">Mwishoni mwa 2026<\/h2>\n\n\n\n<p><strong>Uthabiti wa usanifu<\/strong>Hadi mwisho wa mwaka, lengo litakuwa katika kuimarisha zaidi msingi wa kiufundi wa Mueckinvest. Usanifu uliopo wa seva na hifadhidata utafuatiliwa, kuboreshwa, na kujaribiwa kila mara chini ya hali halisi ya mtumiaji. Lengo ni jukwaa thabiti, linaloweza kupanuliwa, na la kuaminika kwa masoko yote ya kimataifa.<\/p>\n\n\n\n<p><strong>Urekebishaji wa hitilafu unaoendelea<\/strong>Kwa kuongezeka kwa aina mbalimbali za utendaji na maoni ya awali ya watumiaji, uchambuzi wa hitilafu za kimfumo sasa ndio lengo kuu. Hitilafu zilizotambuliwa hurekebishwa haraka, michakato huboreshwa, na utendaji wa jumla wa programu huboreshwa zaidi.<\/p>\n\n\n\n<p><strong>Uhakikisho wa ubora na urekebishaji<\/strong>Mbali na marekebisho ya kiufundi, maelezo ya UI, muda wa kupakia, ubora wa majibu ya AI, na usaidizi wa lugha nyingi unaboreshwa kila mara. Lengo ni kubadilisha Mueckinvest kuwa jukwaa la kifedha la AI lenye utulivu, linalofanya kazi vizuri, na linaloweza kutumika kimataifa ifikapo mwisho wa mwaka.<\/p>\n<\/details>","protected":false},"excerpt":{"rendered":"<p>Warum ich meine Entwicklung offen zeige F\u00fcr mich ist es wichtig, transparent zu zeigen, wie sich Mueckinvest Schritt f\u00fcr Schritt entwickelt hat. Gerade im Finanzbereich z\u00e4hlt Vertrauen \u2013 und Vertrauen entsteht, wenn man nachvollziehen kann, wie ein Produkt entsteht, w\u00e4chst und sich verbessert. Deshalb dokumentiere ich meinen Weg seit 2025 und zeige klar, woran ich [&hellip;]<\/p>\n","protected":false},"author":1,"featured_media":0,"parent":0,"menu_order":0,"comment_status":"closed","ping_status":"closed","template":"","meta":{"pmpro_default_level":"","_monsterinsights_skip_tracking":false,"_monsterinsights_sitenote_active":false,"_monsterinsights_sitenote_note":"","_monsterinsights_sitenote_category":0,"footnotes":""},"class_list":["post-3984","page","type-page","status-publish","hentry","pmpro-has-access"],"aioseo_notices":[],"_links":{"self":[{"href":"https:\/\/mueckinvest.com\/sw\/wp-json\/wp\/v2\/pages\/3984","targetHints":{"allow":["GET"]}}],"collection":[{"href":"https:\/\/mueckinvest.com\/sw\/wp-json\/wp\/v2\/pages"}],"about":[{"href":"https:\/\/mueckinvest.com\/sw\/wp-json\/wp\/v2\/types\/page"}],"author":[{"embeddable":true,"href":"https:\/\/mueckinvest.com\/sw\/wp-json\/wp\/v2\/users\/1"}],"replies":[{"embeddable":true,"href":"https:\/\/mueckinvest.com\/sw\/wp-json\/wp\/v2\/comments?post=3984"}],"version-history":[{"count":13,"href":"https:\/\/mueckinvest.com\/sw\/wp-json\/wp\/v2\/pages\/3984\/revisions"}],"predecessor-version":[{"id":4021,"href":"https:\/\/mueckinvest.com\/sw\/wp-json\/wp\/v2\/pages\/3984\/revisions\/4021"}],"wp:attachment":[{"href":"https:\/\/mueckinvest.com\/sw\/wp-json\/wp\/v2\/media?parent=3984"}],"curies":[{"name":"wp","href":"https:\/\/api.w.org\/{rel}","templated":true}]}}