{"id":383,"date":"2025-10-09T10:07:31","date_gmt":"2025-10-09T10:07:31","guid":{"rendered":"https:\/\/mueckinvest.de\/?page_id=383"},"modified":"2026-01-05T08:02:19","modified_gmt":"2026-01-05T07:02:19","slug":"vergleich-der-themenwikifolios","status":"publish","type":"page","link":"https:\/\/mueckinvest.com\/sw\/vergleich-der-themenwikifolios\/","title":{"rendered":"Ulinganisho wa Wikifolios zenye mada"},"content":{"rendered":"<div class=\"tabelle-vollbild\">\n  <table class=\"info-tabelle vergleich has-fixed-layout\">\n    <thead>\n      <tr>\n        <th class=\"kategorie\">Kategorie<\/th>\n\n        <th class=\"wikifolio\">\n          <a href=\"https:\/\/mueckinvest.com\/sw\/zaidi-ya-mitindo-ukuaji-wa-kimataifa\/\" target=\"_blank\" rel=\"noopener\">\n            Zaidi ya Mitindo - Ukuaji wa Kimataifa\n          <\/a>\n        <\/th>\n\n        <th class=\"wikifolio\">\n          <a href=\"https:\/\/mueckinvest.com\/sw\/uhusiano-wa-uvumbuzi\/\" target=\"_blank\" rel=\"noopener\">\n            Ubunifu wa Nexus\n          <\/a>\n        <\/th>\n\n        <th class=\"wikifolio\">\n          <a href=\"https:\/\/mueckinvest.com\/sw\/kifuniko-maalum-cha-vito-vilivyofichwa\/\" target=\"_blank\" rel=\"noopener\">\n            Vito Vilivyofichwa - Ufikiaji wa Niche\n          <\/a>\n        <\/th>\n      <\/tr>\n    <\/thead>\n\n    <tbody>\n\n      <tr>\n        <td class=\"highlight\">Ausrichtung<\/td>\n        <td>Breite Megatrends (Technik, Nachhaltigkeit, Healthcare, Smart Cities)<\/td>\n        <td>Fokus auf Digitalisierung + Mobilit\u00e4t + Rohstoffe<\/td>\n        <td>Nischen- und Spezialthemen (Raumfahrt, Cybersecurity, Agrar, Metalle, Infrastruktur)<\/td>\n      <\/tr>\n\n      <tr>\n        <td class=\"highlight\">Darasa la hatari<\/td>\n        <td class=\"risiko-chancenorientiert\">inayolenga fursa<\/td>\n        <td class=\"risiko-chancenorientiert\">inayolenga fursa<\/td>\n        <td class=\"risiko-chancenorientiert\">inayolenga fursa<\/td>\n      <\/tr>\n\n      <tr>\n        <td class=\"highlight\">Performance Geb\u00fchr<\/td>\n        <td>15%<\/td>\n        <td>15%<\/td>\n        <td>15%<\/td>\n      <\/tr>\n\n      <tr>\n        <td class=\"highlight\">Ulimwengu wa uwekezaji<\/td>\n        <td>Hisa zote, ETF za hisa na fedha za hisa zinapatikana kwenye Wikifolio.com<\/td>\n        <td>ETF zote za hisa na bidhaa na fedha za hisa zinapatikana kwenye Wikifolio.com<\/td>\n        <td>ETF zote za hisa na bidhaa zinapatikana kwenye Wikifolio.com<\/td>\n      <\/tr>\n\n      <tr>\n        <td class=\"highlight\">Kusawazisha upya<\/td>\n        <td>Quartalsweise<\/td>\n        <td>Quartalsweise<\/td>\n        <td>Quartalsweise<\/td>\n      <\/tr>\n\n      <tr>\n        <td class=\"highlight\">Aufteilung<\/td>\n        <td>ca. 750 Unternehmen<\/td>\n        <td>ca. 600 Unternehmen<br>ca. 17 % des Rohstoffmarktes<\/td>\n        <td>ca. 700 Unternehmen<br>ca. 1.200 Infrastruktur Anleihen<br>ca. 18 % des Rohstoffmarktes<\/td>\n      <\/tr>\n\n      <tr>\n        <td class=\"highlight\">Technologie<\/td>\n        <td>Robotics, AI, Disruptive Technology, Digital Entertainment, Healthcare Tech, BioRevolution (~50 %)<\/td>\n        <td>Semiconductors, Disruptive Technology, Data Centers (~40 %)<\/td>\n        <td>Tech Megatrends, Space, Cybersecurity (~45 %)<\/td>\n      <\/tr>\n\n      <tr>\n        <td class=\"highlight\">Nachhaltigkeit &amp; Umwelt<\/td>\n        <td>Wasser, Circular Economy, Clean Energy, Electric Vehicles and Driving Technology (~38 %)<\/td>\n        <td>Smart Grids, Smart Mobility, Hydrogen (~30 %)<\/td>\n        <td>Future of Food, Agribusiness, Genomics &amp; Biotechnology (~24 %)<\/td>\n      <\/tr>\n\n      <tr>\n        <td class=\"highlight\">Rohstoffe &amp; Materialien<\/td>\n        <td>kaum (nur indirekt \u00fcber Clean Energy)<\/td>\n        <td>Lithium, Kupfer, Seltene Erden, Industriemetalle (~30 %)<\/td>\n        <td>Seltene Erden, Industriemetalle (~10 %)<\/td>\n      <\/tr>\n\n      <tr>\n        <td class=\"highlight\">Infrastruktur &amp; Immobilien<\/td>\n        <td>Smart Cities (~12 %)<\/td>\n        <td>Data Centers, Smart Grids (~25 %)<\/td>\n        <td>Multi-Asset Global Infrastructure ETF, NAREIT Global ETF (~21 %)<\/td>\n      <\/tr>\n\n      <tr>\n        <td class=\"highlight\">Utofautishaji<\/td>\n        <td>Sehr breit \u00fcber viele Megatrends<\/td>\n        <td>St\u00e4rker fokussiert auf Technik + zuk\u00fcnftige Mobilit\u00e4t + Rohstoffe<\/td>\n        <td>Viele Nischen, Mischung aus Technik, Biotech, Agrar, Rohstoffen<\/td>\n      <\/tr>\n\n    <\/tbody>\n  <\/table>\n<\/div>\n\n<!-- Wrapper f\u00fcr die mobilen Spalten-Cards -->\n<div class=\"vergleich-cards\"><\/div>\n\n\n\n\n<section id=\"important-note\">\n<div class=\"note-container\">\n<p>Taarifa hii imekusudiwa kwa mwongozo pekee na haichukui nafasi ya ushauri wa uwekezaji.<\/p>\n<\/div>\n<\/section>","protected":false},"excerpt":{"rendered":"<p>Kategorie Beyond Trends \u2013 Global Growth Innovation Nexus Hidden Gems \u2013 Nischenabdeckung Ausrichtung Breite Megatrends (Technik, Nachhaltigkeit, Healthcare, Smart Cities) Fokus auf Digitalisierung + Mobilit\u00e4t + Rohstoffe Nischen- und Spezialthemen (Raumfahrt, Cybersecurity, Agrar, Metalle, Infrastruktur) Risikoklasse chancenorientiert chancenorientiert chancenorientiert Performance Geb\u00fchr 15% 15% 15% Anlageuniversum Alle auf Wikifolio.com verf\u00fcgbaren Aktien, Aktien ETFs und Aktien Fonds [&hellip;]<\/p>\n","protected":false},"author":1,"featured_media":0,"parent":0,"menu_order":0,"comment_status":"closed","ping_status":"closed","template":"page-no-sidebar","meta":{"pmpro_default_level":"","_monsterinsights_skip_tracking":false,"_monsterinsights_sitenote_active":false,"_monsterinsights_sitenote_note":"","_monsterinsights_sitenote_category":0,"footnotes":""},"class_list":["post-383","page","type-page","status-publish","hentry","pmpro-has-access"],"aioseo_notices":[],"_links":{"self":[{"href":"https:\/\/mueckinvest.com\/sw\/wp-json\/wp\/v2\/pages\/383","targetHints":{"allow":["GET"]}}],"collection":[{"href":"https:\/\/mueckinvest.com\/sw\/wp-json\/wp\/v2\/pages"}],"about":[{"href":"https:\/\/mueckinvest.com\/sw\/wp-json\/wp\/v2\/types\/page"}],"author":[{"embeddable":true,"href":"https:\/\/mueckinvest.com\/sw\/wp-json\/wp\/v2\/users\/1"}],"replies":[{"embeddable":true,"href":"https:\/\/mueckinvest.com\/sw\/wp-json\/wp\/v2\/comments?post=383"}],"version-history":[{"count":0,"href":"https:\/\/mueckinvest.com\/sw\/wp-json\/wp\/v2\/pages\/383\/revisions"}],"wp:attachment":[{"href":"https:\/\/mueckinvest.com\/sw\/wp-json\/wp\/v2\/media?parent=383"}],"curies":[{"name":"wp","href":"https:\/\/api.w.org\/{rel}","templated":true}]}}