{"id":3336,"date":"2026-02-01T22:00:00","date_gmt":"2026-02-01T21:00:00","guid":{"rendered":"https:\/\/mueckinvest.de\/?page_id=3336"},"modified":"2026-03-18T15:17:14","modified_gmt":"2026-03-18T14:17:14","slug":"ahadi-ya-kanuni","status":"publish","type":"page","link":"https:\/\/mueckinvest.com\/sw\/prinzipien-versprechen\/","title":{"rendered":"Kanuni \/ Ahadi"},"content":{"rendered":"<h2 class=\"wp-block-heading\"><strong>Kanuni zangu<\/strong><\/h2>\n\n\n\n<h3 class=\"wp-block-heading\"><strong>Ninawekeza kwa muda mrefu<\/strong><\/h3>\n\n\n\n<p>Sifanyi maamuzi kwa ajili ya leo au kesho, bali kwa miongo michache ijayo.<\/p>\n\n\n\n<h3 class=\"wp-block-heading\"><strong>Ninabaki mtulivu<\/strong><\/h3>\n\n\n\n<p>Sijiruhusu kuvurugwa na mitindo, vichwa vya habari, au kelele za muda mfupi.<\/p>\n\n\n\n<h3 class=\"wp-block-heading\"><strong>Ninaweka mambo rahisi.<\/strong><\/h3>\n\n\n\n<p>Ninazingatia miundo iliyo wazi, mikakati inayoeleweka, na misingi imara.<\/p>\n\n\n\n<hr class=\"wp-block-separator has-alpha-channel-opacity\"\/>\n\n\n\n<h1 class=\"wp-block-heading\">\u2b50 <strong>Kanuni zangu<\/strong><\/h1>\n\n\n\n<h3 class=\"wp-block-heading\"><strong>Ninaamini data, si hisia.<\/strong><\/h3>\n\n\n\n<p>Maamuzi yangu yanategemea ukweli, si hisia.<\/p>\n\n\n\n<h3 class=\"wp-block-heading\"><strong>Nitaendelea kuwa huru.<\/strong><\/h3>\n\n\n\n<p>Ninafanya kazi bila matangazo, bila kamisheni, na bila maslahi yaliyofichwa.<\/p>\n\n\n\n<h3 class=\"wp-block-heading\"><strong>Ninatumia muda kama mshirika wangu hodari zaidi.<\/strong><\/h3>\n\n\n\n<p>Ninategemea nguvu ya maslahi mchanganyiko - si kwa wakati au uvumi.<\/p>\n\n\n\n<hr class=\"wp-block-separator has-alpha-channel-opacity\"\/>\n\n\n\n<h1 class=\"wp-block-heading\">\u2b50 <strong>Kile ambacho sifanyi kimakusudi<\/strong><\/h1>\n\n\n\n<h3 class=\"wp-block-heading\"><strong>Sitoi vidokezo vya hisa za mtu binafsi.<\/strong><\/h3>\n\n\n\n<p>Sifanyi kama mchambuzi na sitoi ishara za kununua au kuuza.<\/p>\n\n\n\n<h3 class=\"wp-block-heading\"><strong>Sifanyi biashara yoyote.<\/strong><\/h3>\n\n\n\n<p>Sifuati mitindo, hisa za meme, au faida za muda mfupi.<\/p>\n\n\n\n<h3 class=\"wp-block-heading\"><strong>Naahidi hakuna njia za mkato.<\/strong><\/h3>\n\n\n\n<p>Siuzi miujiza ya mawazo, maneno ya kuchochea hisia, au ndoto.<\/p>\n\n\n\n<h3 class=\"wp-block-heading\"><strong>Sitangazi.<\/strong><\/h3>\n\n\n\n<p>Situmii viungo vya washirika au ushirikiano wa kibiashara.<\/p>\n\n\n\n<h3 class=\"wp-block-heading\"><strong>Sijazidiwa.<\/strong><\/h3>\n\n\n\n<p>Ninapunguza ugumu badala ya kuuongeza.<\/p>","protected":false},"excerpt":{"rendered":"<p>Meine Prinzipien Ich investiere langfristig Ich treffe Entscheidungen nicht f\u00fcr heute oder morgen, sondern f\u00fcr die n\u00e4chsten Jahrzehnte. Ich bleibe ruhig Ich lasse mich nicht von Trends, Schlagzeilen oder kurzfristigem L\u00e4rm ablenken. Ich halte Dinge einfach Ich setze auf klare Strukturen, verst\u00e4ndliche Strategien und robuste Grundlagen. \u2b50 Meine Grunds\u00e4tze Ich vertraue auf Daten, nicht auf [&hellip;]<\/p>\n","protected":false},"author":1,"featured_media":0,"parent":0,"menu_order":0,"comment_status":"closed","ping_status":"closed","template":"","meta":{"pmpro_default_level":"","_monsterinsights_skip_tracking":false,"_monsterinsights_sitenote_active":false,"_monsterinsights_sitenote_note":"","_monsterinsights_sitenote_category":0,"footnotes":""},"class_list":["post-3336","page","type-page","status-publish","hentry","pmpro-has-access"],"aioseo_notices":[],"_links":{"self":[{"href":"https:\/\/mueckinvest.com\/sw\/wp-json\/wp\/v2\/pages\/3336","targetHints":{"allow":["GET"]}}],"collection":[{"href":"https:\/\/mueckinvest.com\/sw\/wp-json\/wp\/v2\/pages"}],"about":[{"href":"https:\/\/mueckinvest.com\/sw\/wp-json\/wp\/v2\/types\/page"}],"author":[{"embeddable":true,"href":"https:\/\/mueckinvest.com\/sw\/wp-json\/wp\/v2\/users\/1"}],"replies":[{"embeddable":true,"href":"https:\/\/mueckinvest.com\/sw\/wp-json\/wp\/v2\/comments?post=3336"}],"version-history":[{"count":2,"href":"https:\/\/mueckinvest.com\/sw\/wp-json\/wp\/v2\/pages\/3336\/revisions"}],"predecessor-version":[{"id":4030,"href":"https:\/\/mueckinvest.com\/sw\/wp-json\/wp\/v2\/pages\/3336\/revisions\/4030"}],"wp:attachment":[{"href":"https:\/\/mueckinvest.com\/sw\/wp-json\/wp\/v2\/media?parent=3336"}],"curies":[{"name":"wp","href":"https:\/\/api.w.org\/{rel}","templated":true}]}}