{"id":1508,"date":"2025-12-09T08:00:00","date_gmt":"2025-12-09T08:00:00","guid":{"rendered":"https:\/\/mueckinvest.de\/?page_id=1508"},"modified":"2026-01-28T12:00:00","modified_gmt":"2026-01-28T11:00:00","slug":"thamani-iliyoongezwa-ikilinganishwa-na-etf","status":"publish","type":"page","link":"https:\/\/mueckinvest.com\/sw\/mehrwert-gegenueber-etfs\/","title":{"rendered":"Thamani iliyoongezwa ikilinganishwa na ETF"},"content":{"rendered":"<p>Kwingineko ya ETF kwa ujumla ni sehemu nzuri ya kuanzia. Hata hivyo, wawekezaji wengi hupuuza ni kiasi gani kwingineko inaweza kubadilika baada ya muda - na jinsi ilivyo vigumu kubaki na nidhamu kwa muda mrefu. Hapa ndipo MueckInvest inapohusika: ikiwa na sheria zilizo wazi, mseto wa kimataifa, na mkakati ulio wazi na unaotekelezwa moja kwa moja.<\/p>\n\n\n\n<div style=\"height:20px\" aria-hidden=\"true\" class=\"wp-block-spacer\"><\/div>\n\n\n\n<hr class=\"wp-block-separator has-alpha-channel-opacity\"\/>\n\n\n\n<div style=\"height:20px\" aria-hidden=\"true\" class=\"wp-block-spacer\"><\/div>\n\n\n\n<h2 class=\"wp-block-heading\"><strong>\ud83d\udd0d Changamoto za kawaida na kwingineko za kawaida za ETF<\/strong><\/h2>\n\n\n\n<h3 class=\"wp-block-heading\"><strong>\ud83d\udcc9 1. Mabadiliko ya hatari yasiyoonekana (kuhama kwa kwingineko)<\/strong><\/h3>\n\n\n\n<p>Ikiwa baadhi ya maeneo au sekta zinafanya kazi vizuri zaidi kuliko zingine, wasifu wa hatari hubadilika kiotomatiki. Kwingineko ambayo hapo awali ilikuwa ya kujihami (70\/30) inaweza kuwa na uzito mkubwa zaidi kuelekea hisa baada ya miaka michache - bila uamuzi wowote wa makusudi.<\/p>\n\n\n\n<h3 class=\"wp-block-heading\"><strong>2. Urekebishaji upya mara chache hutekelezwa kwa uthabiti.<\/strong><\/h3>\n\n\n\n<p>Watu wengi wanajua kwamba kusawazisha mara kwa mara ni muhimu. Hata hivyo, katika utendaji, mara nyingi husahaulika, huahirishwa, au kuathiriwa na hisia. Kwa muda mrefu, kwingineko hupoteza muundo na uthabiti wake.<\/p>\n\n\n\n<h3 class=\"wp-block-heading\"><strong>\ud83e\udde0 3. Maamuzi ya kihisia yanakugharimu faida kwa muda mrefu<\/strong><\/h3>\n\n\n\n<p>Hisia pia zina jukumu katika ETF: watu hununua wakiwa wamechelewa, huuza mapema sana, au kuguswa na vichwa vya habari. Makosa haya ya kitabia ni miongoni mwa vikwazo vikubwa vya faida kwa wawekezaji binafsi.<\/p>\n\n\n\n<div style=\"height:20px\" aria-hidden=\"true\" class=\"wp-block-spacer\"><\/div>\n\n\n\n<hr class=\"wp-block-separator has-alpha-channel-opacity\"\/>\n\n\n\n<div style=\"height:20px\" aria-hidden=\"true\" class=\"wp-block-spacer\"><\/div>\n\n\n\n<h2 class=\"wp-block-heading\"><strong>\ud83e\udded Ni nini kinachofanya Mueckinvest kuwa bora zaidi<\/strong><\/h2>\n\n\n\n<h3 class=\"wp-block-heading\"><strong>\ud83d\udcd8 1. Sheria zilizo wazi na zenye uwazi<\/strong><\/h3>\n\n\n\n<p>Mikakati hufuata sheria zisizobadilika na zinazoeleweka. Hakuna maamuzi ya hiari, hakuna muda wa soko, hakuna hisia za ndani. Kila kitu kimeandikwa na kinapatana.<\/p>\n\n\n\n<h3 class=\"wp-block-heading\"><strong>\ud83d\udd04 2. Usawazishaji wa kawaida, unaotegemea sheria<\/strong><\/h3>\n\n\n\n<p>Vipimo hupitiwa na kurekebishwa kwa vipindi vilivyoainishwa. Hii huweka hatari imara - bila kujali mienendo ya soko ya muda mfupi.<\/p>\n\n\n\n<h3 class=\"wp-block-heading\"><strong>\ud83c\udf0d 3. Utofauti wa kimataifa katika kwingineko moja<\/strong><\/h3>\n\n\n\n<p>Badala ya kuchanganya ETF kadhaa zenyewe, MueckInvest huunganisha utofauti wa kimataifa katika mbinu iliyopangwa wazi:<\/p>\n\n\n\n<ul class=\"wp-block-list\">\n<li>Hisa kutoka masoko yaliyoendelea na yanayoibuka<\/li>\n\n\n\n<li>Maeneo ya kikanda yanayoangaziwa kama vile Marekani, Ulaya na Asia<\/li>\n\n\n\n<li>Kulingana na mkakati: dhamana au vipengele vingine vya ujenzi kwa ajili ya usimamizi wa hatari<\/li>\n<\/ul>\n\n\n\n<p>Matokeo: kwingineko thabiti na iliyojengwa kitaalamu badala ya mkusanyiko wa ETF uliokuzwa bila mpangilio.<\/p>\n\n\n\n<h3 class=\"wp-block-heading\"><strong>\ud83e\udde9 4. Juhudi kidogo - makosa machache<\/strong><\/h3>\n\n\n\n<p>Huna haja ya kuwa na wasiwasi kuhusu muda, vipimo, au awamu za soko. Sheria hizo ni thabiti na zinatekelezwa mara kwa mara. Hii hupunguza makosa ya kawaida ya kitabia na kuhakikisha uthabiti wa muda mrefu.<\/p>\n\n\n\n<h2 class=\"wp-block-heading\"><strong>\ud83d\udca1 Hii ina maana gani kwako<\/strong><\/h2>\n\n\n\n<p>Kwingineko inayotegemea sheria haitoi faida za kimuundo tu, bali pia faida za kisaikolojia:<\/p>\n\n\n\n<ul class=\"wp-block-list\">\n<li>Mkazo mdogo wakati wa harakati za soko<\/li>\n\n\n\n<li>Usiogope kukosa maamuzi muhimu.<\/li>\n\n\n\n<li>Kwingineko inayolingana kabisa na kundi lako la hatari<\/li>\n\n\n\n<li>Shinikizo dogo la kufanya maamuzi katika maisha ya kila siku<\/li>\n\n\n\n<li>Urahisi badala ya ugumu<\/li>\n<\/ul>\n\n\n\n<p>Kwa hivyo, thamani halisi ya ziada haiko tu katika ujenzi wa kwingineko, bali pia katika utekelezaji wake thabiti na wenye nidhamu kwa miaka mingi.<\/p>\n\n\n\n<div style=\"height:20px\" aria-hidden=\"true\" class=\"wp-block-spacer\"><\/div>\n\n\n\n<hr class=\"wp-block-separator has-alpha-channel-opacity\"\/>\n\n\n\n<div style=\"height:20px\" aria-hidden=\"true\" class=\"wp-block-spacer\"><\/div>\n\n\n\n<h2 class=\"wp-block-heading\"><strong>\ud83d\udcca Utekelezaji wa uwazi kupitia Wikifolio<\/strong><\/h2>\n\n\n\n<p>Mikakati ya MueckInvest inatekelezwa moja kwa moja kupitia Wikifolio. Unaweza kuifuatilia hapo wakati wowote.<\/p>\n\n\n\n<ul class=\"wp-block-list\">\n<li>uzani na muundo wa sasa<\/li>\n\n\n\n<li>marekebisho yote na hatua za kusawazisha upya<\/li>\n\n\n\n<li>Viashiria vya hatari na maendeleo ya kihistoria<\/li>\n\n\n\n<li>kila muamala<\/li>\n<\/ul>\n\n\n\n<p>Jinsi inavyofanya kazi <a href=\"https:\/\/mueckinvest.com\/sw\/%f0%9f%93%88-wikifolios\/\" title=\"Wikifoli\">Wikifolio<\/a> pamoja na fursa na hatari zinajadiliwa kwa undani katika <a href=\"https:\/\/mueckinvest.com\/sw\/mada-za-kina\/\" title=\"Mada za Kuzama kwa Kina\">Mada za Kuzama kwa Kina<\/a> na katika <a href=\"https:\/\/mueckinvest.com\/sw\/faq\/\" title=\"Maswali Yanayoulizwa Mara kwa Mara - Maswali Yanayoulizwa Mara kwa Mara\">Maswali Yanayoulizwa Mara kwa Mara <\/a>alielezea.<\/p>\n\n\n\n<div style=\"height:20px\" aria-hidden=\"true\" class=\"wp-block-spacer\"><\/div>\n\n\n\n<hr class=\"wp-block-separator has-alpha-channel-opacity\"\/>\n\n\n\n<div style=\"height:20px\" aria-hidden=\"true\" class=\"wp-block-spacer\"><\/div>\n\n\n\n<figure class=\"wp-block-table\">\n  <table class=\"info-tabelle mehrwert has-fixed-layout\">\n    <thead>\n      <tr>\n        <th>kigezo<\/th>\n        <th>Kwingineko ya ETF<\/th>\n        <th>Mwavuli Wikifolio: Tabaka za Kimataifa<\/th>\n      <\/tr>\n    <\/thead>\n    <tbody>\n      <tr>\n        <td>Ujenzi<\/td>\n        <td>ETF 3\u20137 za kibinafsi, upimaji wa mikono<\/td>\n        <td>Nafasi moja, vitalu vyote vya ujenzi vimeunganishwa<\/td>\n      <\/tr>\n      <tr>\n        <td>shughuli<\/td>\n        <td>Ni tulivu tu, hakuna marekebisho<\/td>\n        <td>Mantiki inayofanya kazi, kusawazisha upya na mwelekeo inayotegemea sheria<\/td>\n      <\/tr>\n      <tr>\n        <td>Utofautishaji<\/td>\n        <td>Kimataifa, lakini mara nyingi ni maeneo 2-3 pekee<\/td>\n        <td>Mambo ya Kimataifa + Mitindo + Mada<\/td>\n      <\/tr>\n      <tr>\n        <td>Gharama<\/td>\n        <td>Kusawazisha mara kwa mara, maamuzi ya uteuzi<\/td>\n        <td>Kiotomatiki kikamilifu, hakuna matengenezo yanayohitajika<\/td>\n      <\/tr>\n      <tr>\n        <td>kunyumbulika<\/td>\n        <td>Imeunganishwa kikamilifu na faharisi<\/td>\n        <td>Inaweza kubadilika kulingana na awamu za soko na mitindo mipya<\/td>\n      <\/tr>\n      <tr>\n        <td>uwazi<\/td>\n        <td>Sheria za faharasa, lakini maelezo machache<\/td>\n        <td>Sasisho wazi, maamuzi yanayoeleweka<\/td>\n      <\/tr>\n      <tr>\n        <td>Mtazamo wa gharama<\/td>\n        <td>Gharama za chini za TER, lakini za awali<\/td>\n        <td>Ada za juu, lakini usaidizi kamili<\/td>\n      <\/tr>\n    <\/tbody>\n    <tfoot>\n      <tr>\n        <td class=\"has-text-align-center\" data-align=\"center\" colspan=\"3\">\n          Kwingineko za ETF ni sehemu nzuri ya kuanzia. Mkakati wangu ni hatua inayofuata.\n        <\/td>\n      <\/tr>\n    <\/tfoot>\n  <\/table>\n<\/figure>\n\n<!-- Wrapper f\u00fcr die mobilen Spalten-Cards -->\n<div class=\"mehrwert-cards\"><\/div>\n\n\n\n<div class=\"wp-block-columns is-layout-flex wp-container-core-columns-is-layout-28f84493 wp-block-columns-is-layout-flex\">\n<div class=\"wp-block-column is-layout-flow wp-block-column-is-layout-flow\">\n<div class=\"wp-block-buttons is-layout-flex wp-block-buttons-is-layout-flex\">\n<div class=\"wp-block-button\"><a class=\"wp-block-button__link wp-element-button\" href=\"https:\/\/mueckinvest.com\/sw\/tabaka-za-kimataifa\/\">Kwa mwavuli wikifolio Global Layers<\/a><\/div>\n<\/div>\n<\/div>\n\n\n\n<div class=\"wp-block-column is-layout-flow wp-block-column-is-layout-flow\">\n<div class=\"wp-block-buttons is-layout-flex wp-block-buttons-is-layout-flex\">\n<div class=\"wp-block-button\"><a class=\"wp-block-button__link wp-element-button\" href=\"https:\/\/mueckinvest.com\/sw\/wikifolios\/\">Gundua mikakati zaidi<\/a><\/div>\n<\/div>\n<\/div>\n<\/div>\n\n\n\n<div class=\"wp-block-buttons is-layout-flex wp-block-buttons-is-layout-flex\"><\/div>","protected":false},"excerpt":{"rendered":"<p>Ein ETF\u2011Portfolio ist grunds\u00e4tzlich ein guter Start. Doch viele Anlegerinnen und Anleger untersch\u00e4tzen, wie stark sich ein Portfolio im Laufe der Zeit ver\u00e4ndert \u2013 und wie schwierig es ist, langfristig diszipliniert zu bleiben. Genau hier setzt MueckInvest an: mit klaren Regeln, globaler Diversifikation und einer transparenten, live umgesetzten Strategie. \ud83d\udd0d Typische Herausforderungen bei klassischen ETF\u2011Portfolios [&hellip;]<\/p>\n","protected":false},"author":1,"featured_media":0,"parent":0,"menu_order":0,"comment_status":"closed","ping_status":"closed","template":"page-no-sidebar","meta":{"pmpro_default_level":"","_monsterinsights_skip_tracking":false,"_monsterinsights_sitenote_active":false,"_monsterinsights_sitenote_note":"","_monsterinsights_sitenote_category":0,"footnotes":""},"class_list":["post-1508","page","type-page","status-publish","hentry","pmpro-has-access"],"aioseo_notices":[],"_links":{"self":[{"href":"https:\/\/mueckinvest.com\/sw\/wp-json\/wp\/v2\/pages\/1508","targetHints":{"allow":["GET"]}}],"collection":[{"href":"https:\/\/mueckinvest.com\/sw\/wp-json\/wp\/v2\/pages"}],"about":[{"href":"https:\/\/mueckinvest.com\/sw\/wp-json\/wp\/v2\/types\/page"}],"author":[{"embeddable":true,"href":"https:\/\/mueckinvest.com\/sw\/wp-json\/wp\/v2\/users\/1"}],"replies":[{"embeddable":true,"href":"https:\/\/mueckinvest.com\/sw\/wp-json\/wp\/v2\/comments?post=1508"}],"version-history":[{"count":2,"href":"https:\/\/mueckinvest.com\/sw\/wp-json\/wp\/v2\/pages\/1508\/revisions"}],"predecessor-version":[{"id":3201,"href":"https:\/\/mueckinvest.com\/sw\/wp-json\/wp\/v2\/pages\/1508\/revisions\/3201"}],"wp:attachment":[{"href":"https:\/\/mueckinvest.com\/sw\/wp-json\/wp\/v2\/media?parent=1508"}],"curies":[{"name":"wp","href":"https:\/\/api.w.org\/{rel}","templated":true}]}}