{"id":1134,"date":"2025-11-12T09:16:37","date_gmt":"2025-11-12T09:16:37","guid":{"rendered":"https:\/\/mueckinvest.de\/?page_id=1134"},"modified":"2026-03-18T15:18:00","modified_gmt":"2026-03-18T14:18:00","slug":"usuli-wa-uundaji-wa-mueckinvest","status":"publish","type":"page","link":"https:\/\/mueckinvest.com\/sw\/hintergrund-zur-entstehung-von-mueckinvest\/","title":{"rendered":"Kuanzia maono hadi utekelezaji"},"content":{"rendered":"<p>Mueckinvest ilianzishwa kwa lengo lililo wazi: kuwapa wawekezaji njia rahisi ya kufikia soko la kimataifa kwa njia rahisi <strong>nafasi moja ya kwingineko<\/strong> kuwakilisha. Mikakati ya kawaida mara nyingi huwa na hisa au mifuko mingi ya kibinafsi - ngumu kudhibiti na huwa na uzito kupita kiasi au mdogo.<\/p>\n\n\n\n<p>Kwa hivyo, mbinu yangu inafuata lengo lililo wazi: <strong>kwingineko iliyopangwa na yenye mseto wa kimataifa katika nafasi moja<\/strong>, ikiongezewa na maarifa ya kifedha yaliyowasilishwa wazi ambayo hufanya kanuni za msingi zieleweke.<\/p>\n\n\n\n<p>Hii inajumuisha vipengele viwili muhimu:<\/p>\n\n\n\n<ul class=\"wp-block-list\">\n<li><strong>Mikakati ya Wikifolio inayotegemea sheria<\/strong>, ambayo huchanganya mseto, muundo na usimamizi wa hatari<\/li>\n\n\n\n<li><strong>Kuchunguza kwa undani mada maalum na maarifa ya kifedha<\/strong>, ambayo inaelezea jinsi masoko yanavyofanya kazi, jinsi mambo yanavyoyaathiri, na ni mada gani zinazofaa kwa muda mrefu<\/li>\n<\/ul>\n\n\n\n<p>Uchunguzi wa kina unaangazia mada muhimu za uwekezaji, mifumo ya soko, na matokeo ya kisayansi - kwa njia fupi, inayoeleweka, na inayotumika moja kwa moja. Huwasaidia wawekezaji kutambua miunganisho, kuainisha maamuzi, na kuelewa vyema mikakati.<\/p>\n\n\n\n<p>Na mwavuli wikifolio <strong>Tabaka za Kimataifa<\/strong> Lengo la kwingineko ya soko la kimataifa lilitekelezwa mara kwa mara katika nafasi moja. Kama mbadala mdogo zaidi, Wikifolio kuu inapatikana. <strong>Uwekezaji Mahiri Duniani<\/strong> aina ya &quot;Tabaka za Ulimwenguni&quot;.<\/p>\n\n\n\n<p>Kwa hivyo, Mueckinvest inalenga wawekezaji wenye uzoefu wanaotafuta nyongeza bora kwa kwingineko zilizopo na wanaoanza ambao wanataka ufikiaji wa kwingineko ya soko yenye mseto mpana kwa uwekezaji mmoja - na wakati huo huo maarifa ya kuielewa.<\/p>\n\n\n\n<div style=\"height:100px\" aria-hidden=\"true\" class=\"wp-block-spacer\"><\/div>\n\n\n\n<p>Tafadhali kumbuka: Uwekezaji katika Wikifolios unahusisha hatari. Utendaji wa zamani si kiashiria cha kuaminika cha matokeo ya baadaye. Tazama maelezo katika [kiungo\/hati\/sehemu]. <strong><a href=\"https:\/\/mueckinvest.com\/sw\/chapa\/\" data-type=\"page\" data-id=\"2\">chapa<\/a>.<\/strong><\/p>","protected":false},"excerpt":{"rendered":"<p>Mueckinvest entstand aus einem klaren Anspruch: Anlegern eine einfache M\u00f6glichkeit zu bieten, den globalen Markt in nur einer einzigen Depotposition abzubilden. Klassische Strategien bestehen oft aus vielen Einzelwerten oder Fonds \u2013 komplex in der Verwaltung und anf\u00e4llig f\u00fcr \u00dcber\u2011 oder Untergewichtungen. Mein Ansatz verfolgt deshalb ein eindeutiges Ziel: ein strukturiertes, global diversifiziertes Portfolio in einer [&hellip;]<\/p>\n","protected":false},"author":1,"featured_media":0,"parent":0,"menu_order":0,"comment_status":"closed","ping_status":"closed","template":"page-no-sidebar","meta":{"pmpro_default_level":"","_monsterinsights_skip_tracking":false,"_monsterinsights_sitenote_active":false,"_monsterinsights_sitenote_note":"","_monsterinsights_sitenote_category":0,"footnotes":""},"class_list":["post-1134","page","type-page","status-publish","hentry","pmpro-has-access"],"aioseo_notices":[],"_links":{"self":[{"href":"https:\/\/mueckinvest.com\/sw\/wp-json\/wp\/v2\/pages\/1134","targetHints":{"allow":["GET"]}}],"collection":[{"href":"https:\/\/mueckinvest.com\/sw\/wp-json\/wp\/v2\/pages"}],"about":[{"href":"https:\/\/mueckinvest.com\/sw\/wp-json\/wp\/v2\/types\/page"}],"author":[{"embeddable":true,"href":"https:\/\/mueckinvest.com\/sw\/wp-json\/wp\/v2\/users\/1"}],"replies":[{"embeddable":true,"href":"https:\/\/mueckinvest.com\/sw\/wp-json\/wp\/v2\/comments?post=1134"}],"version-history":[{"count":2,"href":"https:\/\/mueckinvest.com\/sw\/wp-json\/wp\/v2\/pages\/1134\/revisions"}],"predecessor-version":[{"id":4031,"href":"https:\/\/mueckinvest.com\/sw\/wp-json\/wp\/v2\/pages\/1134\/revisions\/4031"}],"wp:attachment":[{"href":"https:\/\/mueckinvest.com\/sw\/wp-json\/wp\/v2\/media?parent=1134"}],"curies":[{"name":"wp","href":"https:\/\/api.w.org\/{rel}","templated":true}]}}