{"id":3336,"date":"2026-02-01T22:00:00","date_gmt":"2026-02-01T21:00:00","guid":{"rendered":"https:\/\/mueckinvest.de\/?page_id=3336"},"modified":"2026-03-18T15:17:14","modified_gmt":"2026-03-18T14:17:14","slug":"%d0%bf%d1%80%d0%b8%d0%bd%d1%86%d0%b8%d0%bf%d1%8b-%d0%be%d0%b1%d0%b5%d1%89%d0%b0%d1%8e%d1%82","status":"publish","type":"page","link":"https:\/\/mueckinvest.com\/ru\/prinzipien-versprechen\/","title":{"rendered":"\u041f\u0440\u0438\u043d\u0446\u0438\u043f\u044b \/ \u041e\u0431\u0435\u0449\u0430\u043d\u0438\u0435"},"content":{"rendered":"<h2 class=\"wp-block-heading\"><strong>\u041c\u043e\u0438 \u043f\u0440\u0438\u043d\u0446\u0438\u043f\u044b<\/strong><\/h2>\n\n\n\n<h3 class=\"wp-block-heading\"><strong>\u042f \u0438\u043d\u0432\u0435\u0441\u0442\u0438\u0440\u0443\u044e \u043d\u0430 \u0434\u043e\u043b\u0433\u043e\u0441\u0440\u043e\u0447\u043d\u0443\u044e \u043f\u0435\u0440\u0441\u043f\u0435\u043a\u0442\u0438\u0432\u0443.<\/strong><\/h3>\n\n\n\n<p>\u042f \u043f\u0440\u0438\u043d\u0438\u043c\u0430\u044e \u0440\u0435\u0448\u0435\u043d\u0438\u044f \u043d\u0435 \u043d\u0430 \u0441\u0435\u0433\u043e\u0434\u043d\u044f \u0438\u043b\u0438 \u0437\u0430\u0432\u0442\u0440\u0430, \u0430 \u043d\u0430 \u0431\u043b\u0438\u0436\u0430\u0439\u0448\u0438\u0435 \u043d\u0435\u0441\u043a\u043e\u043b\u044c\u043a\u043e \u0434\u0435\u0441\u044f\u0442\u0438\u043b\u0435\u0442\u0438\u0439.<\/p>\n\n\n\n<h3 class=\"wp-block-heading\"><strong>\u042f \u0441\u043e\u0445\u0440\u0430\u043d\u044f\u044e \u0441\u043f\u043e\u043a\u043e\u0439\u0441\u0442\u0432\u0438\u0435.<\/strong><\/h3>\n\n\n\n<p>\u042f \u043d\u0435 \u043f\u043e\u0437\u0432\u043e\u043b\u044f\u044e \u0441\u0435\u0431\u0435 \u043e\u0442\u0432\u043b\u0435\u043a\u0430\u0442\u044c\u0441\u044f \u043d\u0430 \u0442\u0440\u0435\u043d\u0434\u044b, \u0437\u0430\u0433\u043e\u043b\u043e\u0432\u043a\u0438 \u0438\u043b\u0438 \u043a\u0440\u0430\u0442\u043a\u043e\u0432\u0440\u0435\u043c\u0435\u043d\u043d\u044b\u0439 \u0438\u043d\u0444\u043e\u0440\u043c\u0430\u0446\u0438\u043e\u043d\u043d\u044b\u0439 \u0448\u0443\u043c.<\/p>\n\n\n\n<h3 class=\"wp-block-heading\"><strong>\u042f \u043f\u0440\u0435\u0434\u043f\u043e\u0447\u0438\u0442\u0430\u044e \u043f\u0440\u043e\u0441\u0442\u044b\u0435 \u0432\u0435\u0449\u0438.<\/strong><\/h3>\n\n\n\n<p>\u042f \u0434\u0435\u043b\u0430\u044e \u0443\u043f\u043e\u0440 \u043d\u0430 \u0447\u0435\u0442\u043a\u0443\u044e \u0441\u0442\u0440\u0443\u043a\u0442\u0443\u0440\u0443, \u043f\u043e\u043d\u044f\u0442\u043d\u044b\u0435 \u0441\u0442\u0440\u0430\u0442\u0435\u0433\u0438\u0438 \u0438 \u043f\u0440\u043e\u0447\u043d\u0443\u044e \u043e\u0441\u043d\u043e\u0432\u0443.<\/p>\n\n\n\n<hr class=\"wp-block-separator has-alpha-channel-opacity\"\/>\n\n\n\n<h1 class=\"wp-block-heading\">\u2b50 <strong>\u041c\u043e\u0438 \u043f\u0440\u0438\u043d\u0446\u0438\u043f\u044b<\/strong><\/h1>\n\n\n\n<h3 class=\"wp-block-heading\"><strong>\u042f \u0434\u043e\u0432\u0435\u0440\u044f\u044e \u0434\u0430\u043d\u043d\u044b\u043c, \u0430 \u043d\u0435 \u0447\u0443\u0432\u0441\u0442\u0432\u0430\u043c.<\/strong><\/h3>\n\n\n\n<p>\u041c\u043e\u0438 \u0440\u0435\u0448\u0435\u043d\u0438\u044f \u043e\u0441\u043d\u043e\u0432\u0430\u043d\u044b \u043d\u0430 \u0444\u0430\u043a\u0442\u0430\u0445, \u0430 \u043d\u0435 \u043d\u0430 \u0447\u0443\u0432\u0441\u0442\u0432\u0430\u0445.<\/p>\n\n\n\n<h3 class=\"wp-block-heading\"><strong>\u042f \u043e\u0441\u0442\u0430\u043d\u0443\u0441\u044c \u043d\u0435\u0437\u0430\u0432\u0438\u0441\u0438\u043c\u044b\u043c.<\/strong><\/h3>\n\n\n\n<p>\u042f \u0440\u0430\u0431\u043e\u0442\u0430\u044e \u0431\u0435\u0437 \u0440\u0435\u043a\u043b\u0430\u043c\u044b, \u0431\u0435\u0437 \u043a\u043e\u043c\u0438\u0441\u0441\u0438\u043e\u043d\u043d\u044b\u0445 \u0438 \u0431\u0435\u0437 \u0441\u043a\u0440\u044b\u0442\u044b\u0445 \u0438\u043d\u0442\u0435\u0440\u0435\u0441\u043e\u0432.<\/p>\n\n\n\n<h3 class=\"wp-block-heading\"><strong>\u0412\u0440\u0435\u043c\u044f \u2014 \u043c\u043e\u0439 \u0441\u0430\u043c\u044b\u0439 \u0441\u0438\u043b\u044c\u043d\u044b\u0439 \u0441\u043e\u044e\u0437\u043d\u0438\u043a.<\/strong><\/h3>\n\n\n\n<p>\u042f \u043f\u043e\u043b\u0430\u0433\u0430\u044e\u0441\u044c \u043d\u0430 \u0441\u0438\u043b\u0443 \u0441\u043b\u043e\u0436\u043d\u044b\u0445 \u043f\u0440\u043e\u0446\u0435\u043d\u0442\u043e\u0432, \u0430 \u043d\u0435 \u043d\u0430 \u0443\u0434\u0430\u0447\u0443 \u0438\u043b\u0438 \u0441\u043f\u0435\u043a\u0443\u043b\u044f\u0446\u0438\u0438.<\/p>\n\n\n\n<hr class=\"wp-block-separator has-alpha-channel-opacity\"\/>\n\n\n\n<h1 class=\"wp-block-heading\">\u2b50 <strong>\u0427\u0435\u0433\u043e \u044f \u043d\u0430\u043c\u0435\u0440\u0435\u043d\u043d\u043e \u043d\u0435 \u0434\u0435\u043b\u0430\u044e<\/strong><\/h1>\n\n\n\n<h3 class=\"wp-block-heading\"><strong>\u042f \u043d\u0435 \u0434\u0430\u044e \u0438\u043d\u0434\u0438\u0432\u0438\u0434\u0443\u0430\u043b\u044c\u043d\u044b\u0445 \u0440\u0435\u043a\u043e\u043c\u0435\u043d\u0434\u0430\u0446\u0438\u0439 \u043f\u043e \u0430\u043a\u0446\u0438\u044f\u043c.<\/strong><\/h3>\n\n\n\n<p>\u042f \u043d\u0435 \u0432\u044b\u0441\u0442\u0443\u043f\u0430\u044e \u0432 \u0440\u043e\u043b\u0438 \u0430\u043d\u0430\u043b\u0438\u0442\u0438\u043a\u0430 \u0438 \u043d\u0435 \u0434\u0430\u044e \u0441\u0438\u0433\u043d\u0430\u043b\u043e\u0432 \u043d\u0430 \u043f\u043e\u043a\u0443\u043f\u043a\u0443 \u0438\u043b\u0438 \u043f\u0440\u043e\u0434\u0430\u0436\u0443.<\/p>\n\n\n\n<h3 class=\"wp-block-heading\"><strong>\u042f \u043d\u0435 \u0437\u0430\u043d\u0438\u043c\u0430\u044e\u0441\u044c \u0442\u043e\u0440\u0433\u043e\u0432\u043b\u0435\u0439.<\/strong><\/h3>\n\n\n\n<p>\u042f \u043d\u0435 \u0433\u043e\u043d\u044e\u0441\u044c \u0437\u0430 \u0442\u0440\u0435\u043d\u0434\u0430\u043c\u0438, \u043c\u0435\u043c\u0430\u043c\u0438 \u0438 \u043a\u0440\u0430\u0442\u043a\u043e\u0441\u0440\u043e\u0447\u043d\u043e\u0439 \u043f\u0440\u0438\u0431\u044b\u043b\u044c\u044e.<\/p>\n\n\n\n<h3 class=\"wp-block-heading\"><strong>\u041e\u0431\u0435\u0449\u0430\u044e, \u043d\u0438\u043a\u0430\u043a\u0438\u0445 \u043b\u0451\u0433\u043a\u0438\u0445 \u043f\u0443\u0442\u0435\u0439.<\/strong><\/h3>\n\n\n\n<p>\u042f \u043d\u0435 \u043f\u0440\u043e\u0434\u0430\u044e \u0447\u0443\u0434\u043e\u0434\u0435\u0439\u0441\u0442\u0432\u0435\u043d\u043d\u044b\u0435 \u0441\u0440\u0435\u0434\u0441\u0442\u0432\u0430 \u0434\u043b\u044f \u0438\u0437\u043c\u0435\u043d\u0435\u043d\u0438\u044f \u043c\u044b\u0448\u043b\u0435\u043d\u0438\u044f, \u043c\u043e\u0442\u0438\u0432\u0430\u0446\u0438\u043e\u043d\u043d\u044b\u0435 \u0431\u0430\u043d\u0430\u043b\u044c\u043d\u043e\u0441\u0442\u0438 \u0438\u043b\u0438 \u0438\u043b\u043b\u044e\u0437\u0438\u0438.<\/p>\n\n\n\n<h3 class=\"wp-block-heading\"><strong>\u042f \u043d\u0435 \u0437\u0430\u043d\u0438\u043c\u0430\u044e\u0441\u044c \u0440\u0435\u043a\u043b\u0430\u043c\u043e\u0439.<\/strong><\/h3>\n\n\n\n<p>\u042f \u043d\u0435 \u0438\u0441\u043f\u043e\u043b\u044c\u0437\u0443\u044e \u043f\u0430\u0440\u0442\u043d\u0435\u0440\u0441\u043a\u0438\u0435 \u0441\u0441\u044b\u043b\u043a\u0438 \u0438\u043b\u0438 \u043a\u043e\u043c\u043c\u0435\u0440\u0447\u0435\u0441\u043a\u0438\u0435 \u0441\u043e\u0433\u043b\u0430\u0448\u0435\u043d\u0438\u044f.<\/p>\n\n\n\n<h3 class=\"wp-block-heading\"><strong>\u042f \u043d\u0435 \u043f\u0435\u0440\u0435\u0433\u0440\u0443\u0436\u0430\u044e.<\/strong><\/h3>\n\n\n\n<p>\u042f \u0443\u043c\u0435\u043d\u044c\u0448\u0430\u044e \u0441\u043b\u043e\u0436\u043d\u043e\u0441\u0442\u044c, \u0430 \u043d\u0435 \u0443\u0432\u0435\u043b\u0438\u0447\u0438\u0432\u0430\u044e \u0435\u0451.<\/p>","protected":false},"excerpt":{"rendered":"<p>Meine Prinzipien Ich investiere langfristig Ich treffe Entscheidungen nicht f\u00fcr heute oder morgen, sondern f\u00fcr die n\u00e4chsten Jahrzehnte. Ich bleibe ruhig Ich lasse mich nicht von Trends, Schlagzeilen oder kurzfristigem L\u00e4rm ablenken. Ich halte Dinge einfach Ich setze auf klare Strukturen, verst\u00e4ndliche Strategien und robuste Grundlagen. \u2b50 Meine Grunds\u00e4tze Ich vertraue auf Daten, nicht auf [&hellip;]<\/p>\n","protected":false},"author":1,"featured_media":0,"parent":0,"menu_order":0,"comment_status":"closed","ping_status":"closed","template":"","meta":{"pmpro_default_level":"","_monsterinsights_skip_tracking":false,"_monsterinsights_sitenote_active":false,"_monsterinsights_sitenote_note":"","_monsterinsights_sitenote_category":0,"footnotes":""},"class_list":["post-3336","page","type-page","status-publish","hentry","pmpro-has-access"],"aioseo_notices":[],"_links":{"self":[{"href":"https:\/\/mueckinvest.com\/ru\/wp-json\/wp\/v2\/pages\/3336","targetHints":{"allow":["GET"]}}],"collection":[{"href":"https:\/\/mueckinvest.com\/ru\/wp-json\/wp\/v2\/pages"}],"about":[{"href":"https:\/\/mueckinvest.com\/ru\/wp-json\/wp\/v2\/types\/page"}],"author":[{"embeddable":true,"href":"https:\/\/mueckinvest.com\/ru\/wp-json\/wp\/v2\/users\/1"}],"replies":[{"embeddable":true,"href":"https:\/\/mueckinvest.com\/ru\/wp-json\/wp\/v2\/comments?post=3336"}],"version-history":[{"count":2,"href":"https:\/\/mueckinvest.com\/ru\/wp-json\/wp\/v2\/pages\/3336\/revisions"}],"predecessor-version":[{"id":4030,"href":"https:\/\/mueckinvest.com\/ru\/wp-json\/wp\/v2\/pages\/3336\/revisions\/4030"}],"wp:attachment":[{"href":"https:\/\/mueckinvest.com\/ru\/wp-json\/wp\/v2\/media?parent=3336"}],"curies":[{"name":"wp","href":"https:\/\/api.w.org\/{rel}","templated":true}]}}