{"id":2969,"date":"2026-01-23T08:00:00","date_gmt":"2026-01-23T07:00:00","guid":{"rendered":"https:\/\/mueckinvest.de\/?page_id=2969"},"modified":"2026-03-30T10:00:00","modified_gmt":"2026-03-30T08:00:00","slug":"%f0%9f%8c%90-%d1%81%d0%be%d0%be%d0%b1%d1%89%d0%b5%d1%81%d1%82%d0%b2%d0%be-%d0%b2-%d1%81%d0%be%d1%86%d0%b8%d0%b0%d0%bb%d1%8c%d0%bd%d1%8b%d1%85-%d1%81%d0%b5%d1%82%d1%8f%d1%85-2","status":"publish","type":"page","link":"https:\/\/mueckinvest.com\/ru\/%f0%9f%8c%90-social-media-community\/","title":{"rendered":"\u0421\u043e\u0446\u0438\u0430\u043b\u044c\u043d\u044b\u0435 \u0441\u0435\u0442\u0438 \u0438 \u0441\u043e\u043e\u0431\u0449\u0435\u0441\u0442\u0432\u0430 \ud83c\udf10"},"content":{"rendered":"<h2 class=\"wp-block-heading\">\u0412\u0441\u0435\u0433\u0434\u0430 \u0440\u044f\u0434\u043e\u043c \u0441 \u0432\u0430\u043c\u0438 \u043d\u0430 \u0432\u0441\u0435\u0445 \u043a\u0430\u043d\u0430\u043b\u0430\u0445<\/h2>\n\n\n\n<p>\u0427\u0442\u043e\u0431\u044b \u0432\u0430\u043c \u0431\u044b\u043b\u043e \u0443\u0434\u043e\u0431\u043d\u043e \u0441\u043b\u0435\u0434\u0438\u0442\u044c \u0437\u0430 \u043c\u043e\u0438\u043c\u0438 \u0430\u043d\u0430\u043b\u0438\u0437\u0430\u043c\u0438 \u0438 \u043e\u0431\u043d\u043e\u0432\u043b\u0435\u043d\u0438\u044f\u043c\u0438 \u0432 \u043b\u044e\u0431\u043e\u043c \u0443\u0434\u043e\u0431\u043d\u043e\u043c \u0434\u043b\u044f \u0432\u0430\u0441 \u043c\u0435\u0441\u0442\u0435, \u044f \u0442\u0430\u043a\u0436\u0435 \u043f\u0443\u0431\u043b\u0438\u043a\u0443\u044e \u0438\u0437\u0431\u0440\u0430\u043d\u043d\u044b\u0439 \u043a\u043e\u043d\u0442\u0435\u043d\u0442 \u043d\u0430 \u0441\u0432\u043e\u0438\u0445 \u0441\u0442\u0440\u0430\u043d\u0438\u0446\u0430\u0445 \u0432 \u0441\u043e\u0446\u0438\u0430\u043b\u044c\u043d\u044b\u0445 \u0441\u0435\u0442\u044f\u0445. <strong>\u0412\u0441\u0435 \u043f\u0443\u0431\u043b\u0438\u043a\u0430\u0446\u0438\u0438 \u043f\u043e \u0441\u043e\u0434\u0435\u0440\u0436\u0430\u043d\u0438\u044e \u043f\u043e\u043b\u043d\u043e\u0441\u0442\u044c\u044e \u0441\u043e\u043e\u0442\u0432\u0435\u0442\u0441\u0442\u0432\u0443\u044e\u0442 \u0438\u043d\u0444\u043e\u0440\u043c\u0430\u0446\u0438\u0438, \u043f\u0440\u0435\u0434\u0441\u0442\u0430\u0432\u043b\u0435\u043d\u043d\u043e\u0439 \u043d\u0430 \u044d\u0442\u043e\u043c \u0441\u0430\u0439\u0442\u0435.<\/strong> \u041d\u0438\u043a\u0430\u043a\u0438\u0445 \u0434\u043e\u043f\u043e\u043b\u043d\u0438\u0442\u0435\u043b\u044c\u043d\u044b\u0445 \u0437\u0430\u044f\u0432\u043b\u0435\u043d\u0438\u0439, \u043d\u0438\u043a\u0430\u043a\u043e\u0439 \u043f\u0440\u043e\u0442\u0438\u0432\u043e\u0440\u0435\u0447\u0438\u0432\u043e\u0439 \u0438\u043d\u0444\u043e\u0440\u043c\u0430\u0446\u0438\u0438 \u2013 \u043f\u043e\u043b\u043d\u0430\u044f \u043f\u0440\u043e\u0437\u0440\u0430\u0447\u043d\u043e\u0441\u0442\u044c.<\/p>\n\n\n\n<div style=\"height:20px\" aria-hidden=\"true\" class=\"wp-block-spacer\"><\/div>\n\n\n\n<hr class=\"wp-block-separator has-alpha-channel-opacity\"\/>\n\n\n\n<div style=\"height:20px\" aria-hidden=\"true\" class=\"wp-block-spacer\"><\/div>\n\n\n\n<h2 class=\"wp-block-heading\">\ud83d\udcf1 \u041a\u0430\u043d\u0430\u043b WhatsApp<\/h2>\n\n\n\n<p>\u0412 \u043d\u0430\u0448\u0435\u043c \u043a\u0430\u043d\u0430\u043b\u0435 WhatsApp \u0432\u044b \u0431\u0443\u0434\u0435\u0442\u0435 \u043f\u043e\u043b\u0443\u0447\u0430\u0442\u044c \u043a\u0440\u0430\u0442\u043a\u0438\u0435 \u0443\u0432\u0435\u0434\u043e\u043c\u043b\u0435\u043d\u0438\u044f \u043e \u043d\u043e\u0432\u044b\u0445 \u0441\u0442\u0430\u0442\u044c\u044f\u0445 \u0438 \u0432\u0430\u0436\u043d\u044b\u0445 \u043e\u0431\u043d\u043e\u0432\u043b\u0435\u043d\u0438\u044f\u0445. \u0421\u043e\u0434\u0435\u0440\u0436\u0430\u043d\u0438\u0435 \u0438\u0434\u0435\u043d\u0442\u0438\u0447\u043d\u043e \u043f\u0443\u0431\u043b\u0438\u043a\u0430\u0446\u0438\u044f\u043c \u043d\u0430 \u0441\u0430\u0439\u0442\u0435 \u0438 \u043f\u0440\u0435\u0434\u043d\u0430\u0437\u043d\u0430\u0447\u0435\u043d\u043e \u0438\u0441\u043a\u043b\u044e\u0447\u0438\u0442\u0435\u043b\u044c\u043d\u043e \u0434\u043b\u044f \u0432\u0430\u0448\u0435\u0433\u043e \u0443\u0434\u043e\u0431\u0441\u0442\u0432\u0430.<\/p>\n\n\n\n<div class=\"wp-block-buttons is-layout-flex wp-block-buttons-is-layout-flex\">\n<div class=\"wp-block-button\"><a class=\"wp-block-button__link wp-element-button\" href=\"https:\/\/whatsapp.com\/channel\/0029VbAgHt2FnSz8koFrbi3e\">\u043a\u0430\u043d\u0430\u043b WhatsApp<\/a><\/div>\n<\/div>\n\n\n\n<div style=\"height:20px\" aria-hidden=\"true\" class=\"wp-block-spacer\"><\/div>\n\n\n\n<hr class=\"wp-block-separator has-alpha-channel-opacity\"\/>\n\n\n\n<div style=\"height:20px\" aria-hidden=\"true\" class=\"wp-block-spacer\"><\/div>\n\n\n\n<h2 class=\"wp-block-heading\">\ud83d\udcf8\u0418\u043d\u0441\u0442\u0430\u0433\u0440\u0430\u043c<\/h2>\n\n\n\n<p>\u0412 Instagram \u0432\u044b \u043c\u043e\u0436\u0435\u0442\u0435 \u043d\u0430\u0439\u0442\u0438 \u0432\u0438\u0437\u0443\u0430\u043b\u044c\u043d\u044b\u0435 \u0444\u0440\u0430\u0433\u043c\u0435\u043d\u0442\u044b \u043a\u043e\u043d\u0442\u0435\u043d\u0442\u0430 \u043c\u043e\u0435\u0433\u043e \u0441\u0430\u0439\u0442\u0430:<\/p>\n\n\n\n<ul class=\"wp-block-list\">\n<li>\u041a\u0440\u0430\u0442\u043a\u0438\u0435 \u043e\u043f\u0438\u0441\u0430\u043d\u0438\u044f \u043d\u043e\u0432\u044b\u0445 \u0432\u0430\u043a\u0430\u043d\u0441\u0438\u0439<\/li>\n\n\n\n<li>\u0421\u0441\u044b\u043b\u043a\u0438 \u043d\u0430 \u043d\u0435\u0434\u0430\u0432\u043d\u043e \u043e\u043f\u0443\u0431\u043b\u0438\u043a\u043e\u0432\u0430\u043d\u043d\u0443\u044e \u0438\u043d\u0444\u043e\u0440\u043c\u0430\u0446\u0438\u044e<\/li>\n<\/ul>\n\n\n\n<p>\u0417\u0434\u0435\u0441\u044c \u0434\u0435\u0439\u0441\u0442\u0432\u0443\u0435\u0442 \u0442\u043e\u0442 \u0436\u0435 \u043f\u0440\u0438\u043d\u0446\u0438\u043f: <strong>\u0414\u043e\u043f\u043e\u043b\u043d\u0438\u0442\u0435\u043b\u044c\u043d\u0430\u044f \u0438\u043d\u0444\u043e\u0440\u043c\u0430\u0446\u0438\u044f \u043e\u0442\u0441\u0443\u0442\u0441\u0442\u0432\u0443\u0435\u0442 \u2013 \u0432\u0441\u0435 \u043e\u0441\u043d\u043e\u0432\u0430\u043d\u043e \u043d\u0430 \u0441\u043e\u0434\u0435\u0440\u0436\u0430\u043d\u0438\u0438 \u0434\u0430\u043d\u043d\u043e\u0433\u043e \u0441\u0430\u0439\u0442\u0430.<\/strong><\/p>\n\n\n\n<div class=\"wp-block-buttons is-layout-flex wp-block-buttons-is-layout-flex\">\n<div class=\"wp-block-button\"><a class=\"wp-block-button__link wp-element-button\" href=\"https:\/\/www.instagram.com\/mueckinvest\/\">\u0418\u043d\u0441\u0442\u0430\u0433\u0440\u0430\u043c<\/a><\/div>\n<\/div>\n\n\n\n<div style=\"height:20px\" aria-hidden=\"true\" class=\"wp-block-spacer\"><\/div>\n\n\n\n<hr class=\"wp-block-separator has-alpha-channel-opacity\"\/>\n\n\n\n<div style=\"height:20px\" aria-hidden=\"true\" class=\"wp-block-spacer\"><\/div>\n\n\n\n<h2 class=\"wp-block-heading\">\ud83d\udcd8 Facebook<\/h2>\n\n\n\n<p>\u041d\u0430 Facebook \u0432\u044b \u043d\u0430\u0439\u0434\u0435\u0442\u0435 \u0438\u0437\u0431\u0440\u0430\u043d\u043d\u044b\u0435 \u043c\u0430\u0442\u0435\u0440\u0438\u0430\u043b\u044b \u0441 \u043c\u043e\u0435\u0433\u043e \u0441\u0430\u0439\u0442\u0430 \u0432 \u0442\u0435\u043a\u0441\u0442\u043e\u0432\u043e\u043c \u0444\u043e\u0440\u043c\u0430\u0442\u0435:<\/p>\n\n\n\n<ul class=\"wp-block-list\">\n<li>\u041a\u0440\u0430\u0442\u043a\u0438\u0435 \u0443\u0432\u0435\u0434\u043e\u043c\u043b\u0435\u043d\u0438\u044f \u043e \u043d\u043e\u0432\u044b\u0445 \u043f\u0443\u0431\u043b\u0438\u043a\u0430\u0446\u0438\u044f\u0445<\/li>\n\n\n\n<li>\u041a\u0440\u0430\u0442\u043a\u0438\u0435 \u043e\u0431\u0437\u043e\u0440\u044b \u0441\u043e\u0432\u0440\u0435\u043c\u0435\u043d\u043d\u044b\u0445 \u043f\u0443\u0431\u043b\u0438\u043a\u0430\u0446\u0438\u0439<\/li>\n\n\n\n<li>\u041f\u0435\u0440\u0438\u043e\u0434\u0438\u0447\u0435\u0441\u043a\u043e\u0435 \u0432\u044b\u0434\u0435\u043b\u0435\u043d\u0438\u0435 \u0432\u0430\u0436\u043d\u044b\u0445 \u0442\u0435\u043c<\/li>\n<\/ul>\n\n\n\n<p>\u0417\u0434\u0435\u0441\u044c \u0442\u0430\u043a\u0436\u0435 \u0431\u0443\u0434\u0435\u0442 \u043e\u0442\u043e\u0431\u0440\u0430\u0436\u0430\u0442\u044c\u0441\u044f \u0442\u043e\u043b\u044c\u043a\u043e \u043a\u043e\u043d\u0442\u0435\u043d\u0442, \u043e\u0441\u043d\u043e\u0432\u0430\u043d\u043d\u044b\u0439 \u043d\u0430 \u0434\u0430\u043d\u043d\u044b\u0445 \u0441 \u044d\u0442\u043e\u0433\u043e \u0441\u0430\u0439\u0442\u0430, \u0431\u0435\u0437 \u043a\u0430\u043a\u043e\u0439-\u043b\u0438\u0431\u043e \u0434\u043e\u043f\u043e\u043b\u043d\u0438\u0442\u0435\u043b\u044c\u043d\u043e\u0439 \u0438\u043d\u0444\u043e\u0440\u043c\u0430\u0446\u0438\u0438.<\/p>\n\n\n\n<div class=\"wp-block-buttons is-layout-flex wp-block-buttons-is-layout-flex\">\n<div class=\"wp-block-button\"><a class=\"wp-block-button__link wp-element-button\" href=\"https:\/\/www.facebook.com\/profile.php?id=61575444270604\">\u0424\u0435\u0439\u0441\u0431\u0443\u043a<\/a><\/div>\n<\/div>\n\n\n\n<div style=\"height:20px\" aria-hidden=\"true\" class=\"wp-block-spacer\"><\/div>\n\n\n\n<hr class=\"wp-block-separator has-alpha-channel-opacity\"\/>\n\n\n\n<div style=\"height:20px\" aria-hidden=\"true\" class=\"wp-block-spacer\"><\/div>\n\n\n\n<h2 class=\"wp-block-heading\">\ud83d\udc26 X (\u0440\u0430\u043d\u0435\u0435 Twitter)<\/h2>\n\n\n\n<p>\u041d\u0430 X \u0432\u044b \u043d\u0430\u0439\u0434\u0435\u0442\u0435 \u043a\u0440\u0430\u0442\u043a\u0438\u0435, \u043e\u0447\u0435\u043d\u044c \u0441\u0436\u0430\u0442\u044b\u0435 \u0432\u044b\u0434\u0435\u0440\u0436\u043a\u0438 \u0438\u0437 \u0441\u043e\u0434\u0435\u0440\u0436\u0438\u043c\u043e\u0433\u043e \u043c\u043e\u0435\u0433\u043e \u0432\u0435\u0431-\u0441\u0430\u0439\u0442\u0430:<\/p>\n\n\n\n<ul class=\"wp-block-list\">\n<li>\u041a\u0440\u0430\u0442\u043a\u0438\u0435 \u043e\u0431\u043d\u043e\u0432\u043b\u0435\u043d\u0438\u044f \u043f\u043e \u043d\u043e\u0432\u044b\u043c \u0441\u0442\u0430\u0442\u044c\u044f\u043c<\/li>\n\n\n\n<li>\u041a\u0440\u0430\u0442\u043a\u0438\u0435 \u043a\u043b\u044e\u0447\u0435\u0432\u044b\u0435 \u0442\u0435\u0437\u0438\u0441\u044b \u0438\u0437 \u0442\u0435\u043a\u0443\u0449\u0438\u0445 \u043f\u0443\u0431\u043b\u0438\u043a\u0430\u0446\u0438\u0439<\/li>\n\n\n\n<li>\u0421\u043e\u0441\u0440\u0435\u0434\u043e\u0442\u043e\u0447\u044c\u0442\u0435\u0441\u044c \u043d\u0430 \u044f\u0441\u043d\u043e\u0441\u0442\u0438 \u0438 \u0430\u043a\u0442\u0443\u0430\u043b\u044c\u043d\u043e\u0441\u0442\u0438.<\/li>\n<\/ul>\n\n\n\n<p>\u041a\u0430\u043a \u0438 \u0432\u0435\u0437\u0434\u0435: \u043d\u0438\u043a\u0430\u043a\u043e\u0439 \u0434\u043e\u043f\u043e\u043b\u043d\u0438\u0442\u0435\u043b\u044c\u043d\u043e\u0439 \u0438\u043d\u0444\u043e\u0440\u043c\u0430\u0446\u0438\u0438 \u2013 \u0432\u0441\u0435 \u043f\u0443\u0431\u043b\u0438\u043a\u0430\u0446\u0438\u0438 \u043e\u0441\u043d\u043e\u0432\u0430\u043d\u044b \u0438\u0441\u043a\u043b\u044e\u0447\u0438\u0442\u0435\u043b\u044c\u043d\u043e \u043d\u0430 \u0441\u043e\u0434\u0435\u0440\u0436\u0430\u043d\u0438\u0438 \u0434\u0430\u043d\u043d\u043e\u0433\u043e \u0441\u0430\u0439\u0442\u0430.<\/p>\n\n\n\n<div class=\"wp-block-buttons is-layout-flex wp-block-buttons-is-layout-flex\">\n<div class=\"wp-block-button\"><a class=\"wp-block-button__link wp-element-button\" href=\"https:\/\/x.com\/mueckinvest\">\u041a \u043f\u0440\u043e\u0444\u0438\u043b\u044e X<\/a><\/div>\n<\/div>\n\n\n\n<div style=\"height:20px\" aria-hidden=\"true\" class=\"wp-block-spacer\"><\/div>\n\n\n\n<hr class=\"wp-block-separator has-alpha-channel-opacity\"\/>\n\n\n\n<div style=\"height:20px\" aria-hidden=\"true\" class=\"wp-block-spacer\"><\/div>\n\n\n\n<h2 class=\"wp-block-heading\">\ud83d\udcc8 Wikifolio.com<\/h2>\n\n\n\n<p>\u041c\u043e\u0438 \u0432\u0438\u043a\u0438-\u043f\u043e\u0440\u0442\u0444\u043e\u043b\u0438\u043e \u0434\u0430\u044e\u0442 \u0432\u0430\u043c \u043d\u0430\u0433\u043b\u044f\u0434\u043d\u043e\u0435 \u043f\u0440\u0435\u0434\u0441\u0442\u0430\u0432\u043b\u0435\u043d\u0438\u0435 \u043e \u043f\u0440\u0430\u043a\u0442\u0438\u0447\u0435\u0441\u043a\u043e\u0439 \u0440\u0435\u0430\u043b\u0438\u0437\u0430\u0446\u0438\u0438 \u043c\u043e\u0435\u0439 \u0441\u0442\u0440\u0430\u0442\u0435\u0433\u0438\u0438. \u041a\u043e\u043c\u043c\u0435\u043d\u0442\u0430\u0440\u0438\u0438 \u0438 \u043f\u043e\u044f\u0441\u043d\u0435\u043d\u0438\u044f \u0442\u0430\u043c \u0442\u0430\u043a\u0436\u0435 \u043e\u0441\u043d\u043e\u0432\u0430\u043d\u044b \u043d\u0430 \u043a\u043e\u043d\u0442\u0435\u043d\u0442\u0435, \u043a\u043e\u0442\u043e\u0440\u044b\u0439 \u0432\u044b \u043d\u0430\u0439\u0434\u0435\u0442\u0435 \u043d\u0430 \u044d\u0442\u043e\u043c \u0441\u0430\u0439\u0442\u0435.<\/p>\n\n\n\n<div class=\"wp-block-buttons is-layout-flex wp-block-buttons-is-layout-flex\">\n<div class=\"wp-block-button\"><a class=\"wp-block-button__link wp-element-button\" href=\"https:\/\/www.wikifolio.com\/de\/de\/p\/mueckinvest?tab=wikifolios\">Wikifolio.com<\/a><\/div>\n<\/div>\n\n\n\n<div style=\"height:20px\" aria-hidden=\"true\" class=\"wp-block-spacer\"><\/div>\n\n\n\n<hr class=\"wp-block-separator has-alpha-channel-opacity\"\/>\n\n\n\n<div style=\"height:20px\" aria-hidden=\"true\" class=\"wp-block-spacer\"><\/div>\n\n\n\n<h2 class=\"wp-block-heading\">\ud83d\udcf1\u041f\u0440\u0438\u043b\u043e\u0436\u0435\u043d\u0438\u0435 Mueckinvest \u0434\u043b\u044f Android + \u043f\u0440\u0438\u043b\u043e\u0436\u0435\u043d\u0438\u0435 Mueckinvest \u0441 \u0438\u0441\u043a\u0443\u0441\u0441\u0442\u0432\u0435\u043d\u043d\u044b\u043c \u0438\u043d\u0442\u0435\u043b\u043b\u0435\u043a\u0442\u043e\u043c<\/h2>\n\n\n\n<p>\u0417\u0434\u0435\u0441\u044c \u0432\u044b \u043d\u0430\u0439\u0434\u0435\u0442\u0435 \u0432\u0441\u044e \u0438\u043d\u0444\u043e\u0440\u043c\u0430\u0446\u0438\u044e \u043e Mueckinvest Apps.<\/p>\n\n\n\n<div class=\"wp-block-buttons is-layout-flex wp-block-buttons-is-layout-flex\">\n<div class=\"wp-block-button\"><a class=\"wp-block-button__link wp-element-button\" href=\"https:\/\/mueckinvest.com\/ru\/%d0%bf%d1%80%d0%b8%d0%bb%d0%be%d0%b6%d0%b5%d0%bd%d0%b8%d0%b5-%d0%b4%d0%bb%d1%8f-android\/\">\u041f\u0440\u0438\u043b\u043e\u0436\u0435\u043d\u0438\u0435 Mueckinvest<\/a><\/div>\n\n\n\n<div class=\"wp-block-button\"><a class=\"wp-block-button__link wp-element-button\" href=\"https:\/\/mueckinvest.com\/ru\/mueckinvest-ki-app\/\">\u041f\u0440\u0438\u043b\u043e\u0436\u0435\u043d\u0438\u0435 Mueckinvest AI<\/a><\/div>\n<\/div>","protected":false},"excerpt":{"rendered":"<p>Immer nah dran auf allen Kan\u00e4len Damit Sie meine Analysen und Updates bequem dort verfolgen k\u00f6nnen, wo Sie m\u00f6chten, ver\u00f6ffentliche ich ausgew\u00e4hlte Inhalte zus\u00e4tzlich auf meinen Social\u2011Media\u2011Kan\u00e4len. Alle Beitr\u00e4ge entsprechen inhaltlich exakt dem, was auch auf dieser Website erscheint. Keine zus\u00e4tzlichen Aussagen, keine abweichenden Informationen \u2013 volle Transparenz. \ud83d\udcf1 WhatsApp\u2011Kanal Im WhatsApp\u2011Kanal erhalten Sie kompakte [&hellip;]<\/p>\n","protected":false},"author":1,"featured_media":0,"parent":0,"menu_order":0,"comment_status":"closed","ping_status":"closed","template":"page-no-sidebar","meta":{"pmpro_default_level":"","_monsterinsights_skip_tracking":false,"_monsterinsights_sitenote_active":false,"_monsterinsights_sitenote_note":"","_monsterinsights_sitenote_category":0,"footnotes":""},"class_list":["post-2969","page","type-page","status-publish","hentry","pmpro-has-access"],"aioseo_notices":[],"_links":{"self":[{"href":"https:\/\/mueckinvest.com\/ru\/wp-json\/wp\/v2\/pages\/2969","targetHints":{"allow":["GET"]}}],"collection":[{"href":"https:\/\/mueckinvest.com\/ru\/wp-json\/wp\/v2\/pages"}],"about":[{"href":"https:\/\/mueckinvest.com\/ru\/wp-json\/wp\/v2\/types\/page"}],"author":[{"embeddable":true,"href":"https:\/\/mueckinvest.com\/ru\/wp-json\/wp\/v2\/users\/1"}],"replies":[{"embeddable":true,"href":"https:\/\/mueckinvest.com\/ru\/wp-json\/wp\/v2\/comments?post=2969"}],"version-history":[{"count":8,"href":"https:\/\/mueckinvest.com\/ru\/wp-json\/wp\/v2\/pages\/2969\/revisions"}],"predecessor-version":[{"id":4299,"href":"https:\/\/mueckinvest.com\/ru\/wp-json\/wp\/v2\/pages\/2969\/revisions\/4299"}],"wp:attachment":[{"href":"https:\/\/mueckinvest.com\/ru\/wp-json\/wp\/v2\/media?parent=2969"}],"curies":[{"name":"wp","href":"https:\/\/api.w.org\/{rel}","templated":true}]}}