{"id":3984,"date":"2026-03-13T11:00:00","date_gmt":"2026-03-13T10:00:00","guid":{"rendered":"https:\/\/mueckinvest.com\/?page_id=3984"},"modified":"2026-03-17T17:00:00","modified_gmt":"2026-03-17T16:00:00","slug":"historia","status":"publish","type":"page","link":"https:\/\/mueckinvest.com\/pt\/geschichte\/","title":{"rendered":"Hist\u00f3ria, desenvolvimento e roteiro"},"content":{"rendered":"<p><strong>Por que mostro abertamente meu desenvolvimento<\/strong><\/p>\n\n\n\n<p>Para mim, \u00e9 importante mostrar de forma transparente como a Mueckinvest se desenvolveu passo a passo. Principalmente no setor financeiro, a confian\u00e7a \u00e9 crucial \u2013 e a confian\u00e7a se constr\u00f3i quando voc\u00ea entende como um produto \u00e9 criado, cresce e melhora. \u00c9 por isso que venho documentando minha trajet\u00f3ria desde 2025, mostrando claramente no que estou trabalhando, o que j\u00e1 foi conquistado e quais s\u00e3o os pr\u00f3ximos passos.<\/p>\n\n\n\n<details class=\"wp-block-details is-layout-flow wp-block-details-is-layout-flow\"><summary><strong>2025<\/strong><\/summary>\n<h2 class=\"wp-block-heading\">Agosto de 2025 \u2013 Fase de an\u00e1lise: Wikif\u00f3lios em foco<\/h2>\n\n\n\n<p>O ponto de partida da Mueckinvest. Durante esta fase, o foco foi a an\u00e1lise detalhada de Wikifolios, estrat\u00e9gias de investimento e erros t\u00edpicos de investidores. Os insights obtidos formaram a base para a ideia posterior de uma plataforma financeira clara, compreens\u00edvel e orientada para o longo prazo.<\/p>\n\n\n\n<h2 class=\"wp-block-heading\">Outubro de 2025 \u2013 Cria\u00e7\u00e3o do primeiro website e da marca<\/h2>\n\n\n\n<p>A primeira vers\u00e3o do site da Mueckinvest foi lan\u00e7ada. O objetivo era apresentar conhecimento financeiro de forma estruturada e compreens\u00edvel. Ao mesmo tempo, a identidade da marca foi desenvolvida: minimalista, objetiva e com foco no longo prazo.<\/p>\n\n\n\n<h2 class=\"wp-block-heading\">Dezembro de 2025 \u2013 An\u00e1lises Tem\u00e1ticas Aprofundadas<\/h2>\n\n\n\n<p>O trabalho substancial e intensivo teve in\u00edcio. Projetos abrangentes foram criados. <a href=\"https:\/\/mueckinvest.com\/pt\/mergulho-profundo-nos-topicos\/\" title=\"T\u00f3picos aprofundados\">An\u00e1lises aprofundadas<\/a> ETFs, risco, diversifica\u00e7\u00e3o, <a href=\"https:\/\/mueckinvest.com\/pt\/reequilibrio-2\/\" title=\"Reequil\u00edbrio\">Reequil\u00edbrio <\/a>e estrat\u00e9gias de investimento de longo prazo. Esse conte\u00fado posteriormente se tornou a base de conhecimento da IA Mueckinvest.<\/p>\n<\/details>\n\n\n\n<details class=\"wp-block-details is-layout-flow wp-block-details-is-layout-flow\"><summary><strong>2026<\/strong><\/summary>\n<h2 class=\"wp-block-heading\">Janeiro de 2026 \u2013 In\u00edcio do desenvolvimento do aplicativo Android<\/h2>\n\n\n\n<p>In\u00edcio oficial da implementa\u00e7\u00e3o t\u00e9cnica. A arquitetura foi projetada para ser enxuta, escal\u00e1vel e aplic\u00e1vel globalmente. Os prot\u00f3tipos iniciais da interface do usu\u00e1rio e o modelo de dados para informa\u00e7\u00f5es de ETFs foram desenvolvidos.<\/p>\n\n\n\n<h2 class=\"wp-block-heading\">Fevereiro de 2026 \u2013 Estabelecimento da IA<\/h2>\n\n\n\n<p>In\u00edcio do <a href=\"https:\/\/mueckinvest.com\/pt\/mueckinvest-ki\/\" title=\"Mueckinvest KI\">integra\u00e7\u00e3o de IA<\/a> Com foco em conhecimento especializado genu\u00edno, em vez de respostas gen\u00e9ricas. Desenvolvimento do pipeline RAG, incorpora\u00e7\u00f5es iniciais e estruturas de banco de dados vetoriais. Paralelamente, iniciou-se o planejamento para suporte multil\u00edngue para implanta\u00e7\u00e3o global.<\/p>\n\n\n\n<h2 class=\"wp-block-heading\">17 de mar\u00e7o de 2026 \u2013 O lan\u00e7amento foi conclu\u00eddo \ud83c\udf0d<\/h2>\n\n\n\n<p>O Android <a href=\"https:\/\/mueckinvest.com\/pt\/aplicativo-para-android\/\" title=\"Aplicativo Mueckinvest\">Aplicativo Mueckinvest<\/a> J\u00e1 est\u00e1 no ar. Ap\u00f3s intensa prepara\u00e7\u00e3o, a infraestrutura global est\u00e1 pronta, os servidores est\u00e3o funcionando sem problemas e a IA j\u00e1 est\u00e1 apresentando resultados expressivos.<\/p>\n<\/details>\n\n\n\n<details class=\"wp-block-details is-layout-flow wp-block-details-is-layout-flow\"><summary><strong>Planejamento\/Roteiro<\/strong><\/summary>\n<h2 class=\"wp-block-heading\">Abril \u2013 Junho de 2026<\/h2>\n\n\n\n<p>O desenvolvimento da vers\u00e3o nativa para iOS do \u201eMueckinvest\u201c + \u201eMueckinvest AI\u201c est\u00e1 em andamento. O objetivo \u00e9 um aplicativo est\u00e1vel, r\u00e1pido e intuitivo que complemente totalmente a experi\u00eancia existente na web e no Android.<\/p>\n\n\n\n<p>Juntamente com o aplicativo para Android (\u201eMueckinvest\u201c), ser\u00e1 lan\u00e7ado o aplicativo independente \u201eMueckinvest AI\u201c. Ele oferece um chat especializado com intelig\u00eancia artificial sobre ETFs, investimentos de longo prazo e educa\u00e7\u00e3o financeira \u2013 otimizado para 20 idiomas e usu\u00e1rios internacionais.<\/p>\n\n\n\n<h2 class=\"wp-block-heading\">At\u00e9 o final de 2026<\/h2>\n\n\n\n<p><strong>Estabilidade da arquitetura<\/strong>At\u00e9 o final do ano, o foco ser\u00e1 fortalecer ainda mais a base t\u00e9cnica da Mueckinvest. A arquitetura de servidor e banco de dados existente ser\u00e1 monitorada, otimizada e testada continuamente em condi\u00e7\u00f5es reais de uso. O objetivo \u00e9 uma plataforma permanentemente est\u00e1vel, escal\u00e1vel e confi\u00e1vel para todos os mercados internacionais.<\/p>\n\n\n\n<p><strong>Corre\u00e7\u00e3o cont\u00ednua de erros<\/strong>Com a crescente variedade de fun\u00e7\u00f5es e o feedback inicial dos usu\u00e1rios, a an\u00e1lise sistem\u00e1tica de erros tornou-se o foco principal. Os bugs identificados s\u00e3o corrigidos prontamente, os processos s\u00e3o aprimorados e o desempenho geral dos aplicativos \u00e9 ainda mais otimizado.<\/p>\n\n\n\n<p><strong>Garantia de qualidade e ajustes finos<\/strong>Al\u00e9m dos ajustes t\u00e9cnicos, os detalhes da interface do usu\u00e1rio, os tempos de carregamento, a qualidade da resposta da IA e o suporte multil\u00edngue est\u00e3o sendo continuamente otimizados. O foco \u00e9 transformar a Mueckinvest em uma plataforma de IA financeira est\u00e1vel, com funcionamento impec\u00e1vel e implant\u00e1vel internacionalmente at\u00e9 o final do ano.<\/p>\n<\/details>","protected":false},"excerpt":{"rendered":"<p>Warum ich meine Entwicklung offen zeige F\u00fcr mich ist es wichtig, transparent zu zeigen, wie sich Mueckinvest Schritt f\u00fcr Schritt entwickelt hat. Gerade im Finanzbereich z\u00e4hlt Vertrauen \u2013 und Vertrauen entsteht, wenn man nachvollziehen kann, wie ein Produkt entsteht, w\u00e4chst und sich verbessert. Deshalb dokumentiere ich meinen Weg seit 2025 und zeige klar, woran ich [&hellip;]<\/p>\n","protected":false},"author":1,"featured_media":0,"parent":0,"menu_order":0,"comment_status":"closed","ping_status":"closed","template":"","meta":{"pmpro_default_level":"","_monsterinsights_skip_tracking":false,"_monsterinsights_sitenote_active":false,"_monsterinsights_sitenote_note":"","_monsterinsights_sitenote_category":0,"footnotes":""},"class_list":["post-3984","page","type-page","status-publish","hentry","pmpro-has-access"],"aioseo_notices":[],"_links":{"self":[{"href":"https:\/\/mueckinvest.com\/pt\/wp-json\/wp\/v2\/pages\/3984","targetHints":{"allow":["GET"]}}],"collection":[{"href":"https:\/\/mueckinvest.com\/pt\/wp-json\/wp\/v2\/pages"}],"about":[{"href":"https:\/\/mueckinvest.com\/pt\/wp-json\/wp\/v2\/types\/page"}],"author":[{"embeddable":true,"href":"https:\/\/mueckinvest.com\/pt\/wp-json\/wp\/v2\/users\/1"}],"replies":[{"embeddable":true,"href":"https:\/\/mueckinvest.com\/pt\/wp-json\/wp\/v2\/comments?post=3984"}],"version-history":[{"count":13,"href":"https:\/\/mueckinvest.com\/pt\/wp-json\/wp\/v2\/pages\/3984\/revisions"}],"predecessor-version":[{"id":4021,"href":"https:\/\/mueckinvest.com\/pt\/wp-json\/wp\/v2\/pages\/3984\/revisions\/4021"}],"wp:attachment":[{"href":"https:\/\/mueckinvest.com\/pt\/wp-json\/wp\/v2\/media?parent=3984"}],"curies":[{"name":"wp","href":"https:\/\/api.w.org\/{rel}","templated":true}]}}