{"id":3039,"date":"2026-01-24T10:08:02","date_gmt":"2026-01-24T09:08:02","guid":{"rendered":"https:\/\/mueckinvest.de\/?page_id=3039"},"modified":"2026-02-26T06:00:00","modified_gmt":"2026-02-26T05:00:00","slug":"risco-do-emissor","status":"publish","type":"page","link":"https:\/\/mueckinvest.com\/pt\/emittentenrisiko\/","title":{"rendered":"Risco do emissor"},"content":{"rendered":"<h2 class=\"wp-block-heading\">\ud83e\udde9 <strong>O que significa risco do emissor?<\/strong><\/h2>\n\n\n\n<p>O risco do emissor descreve o risco de que o publicador de um produto financeiro (o emissor) n\u00e3o possa mais cumprir suas obriga\u00e7\u00f5es de pagamento - por exemplo, devido \u00e0 insolv\u00eancia ou a dificuldades financeiras. No caso de certificados, isso significa: \ud83d\udc49 <strong>O investidor \u00e9 um credor do emissor.<\/strong> Se o emissor n\u00e3o puder pagar, h\u00e1 um risco de perdas parciais ou totais.<\/p>\n\n\n\n<h2 class=\"wp-block-heading\">\ud83c\udfe6 <strong>Onde ocorre o risco do emissor - e onde n\u00e3o ocorre?<\/strong><\/h2>\n\n\n\n<h3 class=\"wp-block-heading\"><strong>Formas relevantes de investimento (com risco do emissor):<\/strong><\/h3>\n\n\n\n<ul class=\"wp-block-list\">\n<li>Certificados (por exemplo, certificados do Wikifolio)<\/li>\n\n\n\n<li>Produtos estruturados<\/li>\n\n\n\n<li>T\u00edtulos corporativos<\/li>\n\n\n\n<li>T\u00edtulos do governo (risco de cr\u00e9dito do Estado)<\/li>\n<\/ul>\n\n\n\n<h3 class=\"wp-block-heading\"><strong>N\u00e3o h\u00e1 riscos para o emissor no sentido tradicional:<\/strong><\/h3>\n\n\n\n<ul class=\"wp-block-list\">\n<li>ETFs \u2192 <strong>Ativos especiais<\/strong><\/li>\n\n\n\n<li>Fundos m\u00fatuos \u2192 <strong>Ativos especiais<\/strong><\/li>\n\n\n\n<li>A\u00e7\u00f5es detidas diretamente \u2192 Risco da empresa, mas sem risco de emissor por meio de um emissor intermedi\u00e1rio<\/li>\n<\/ul>\n\n\n\n<p>Os certificados do Wikifolio claramente pertencem \u00e0 primeira categoria.<\/p>\n\n\n\n<h2 class=\"wp-block-heading\">\ud83d\udee1\ufe0f <strong>Risco do emissor para certificados Wikifolio (Lang &amp; Schwarz)<\/strong><\/h2>\n\n\n\n<p>Os certificados do Wikifolio s\u00e3o emitidos por <strong>Lang &amp; Schwarz (L&amp;S)<\/strong> emitido. Legalmente, eles s\u00e3o <strong>T\u00edtulos de d\u00edvida<\/strong> - n\u00e3o \u00e9 um fundo, n\u00e3o \u00e9 um fundo especial.<\/p>\n\n\n\n<h3 class=\"wp-block-heading\"><strong>Especialidade: Solu\u00e7\u00e3o de garantias<\/strong><\/h3>\n\n\n\n<p>O Wikifolio usa um <a href=\"https:\/\/help.wikifolio.com\/article\/86-wie-sicher-sind-investitionen-in-wikifolio-zertifikate\" title=\"\">Estrutura de backup<\/a>, que minimizem o risco <strong>reduzido<\/strong>, mas n\u00e3o completamente eliminado:<\/p>\n\n\n\n<ul class=\"wp-block-list\">\n<li>Dep\u00f3sitos da L&amp;S como garantia (posi\u00e7\u00f5es de hedge)<\/li>\n\n\n\n<li>S\u00e3o elas <strong>Armazenado separadamente<\/strong><\/li>\n\n\n\n<li>A <strong>Administrador<\/strong> monitora as garantias<\/li>\n\n\n\n<li>Em caso de colateraliza\u00e7\u00e3o, os ativos s\u00e3o realizados em favor dos investidores<\/li>\n<\/ul>\n\n\n\n<p>Isso reduz o risco, mas n\u00e3o substitui os ativos especiais.<\/p>\n\n\n\n<h2 class=\"wp-block-heading\">\u26a0\ufe0f <strong>O que acontece em uma emerg\u00eancia?<\/strong><\/h2>\n\n\n\n<p>Se o emissor for inadimplente, podem ocorrer os seguintes cen\u00e1rios:<\/p>\n\n\n\n<ul class=\"wp-block-list\">\n<li><strong>Atraso no pagamento<\/strong><\/li>\n\n\n\n<li><strong>Reembolso parcial<\/strong> (por exemplo, 90-95 % em vez de 100 %)<\/li>\n\n\n\n<li><strong>Falha total<\/strong>, se a garantia n\u00e3o for suficiente<\/li>\n<\/ul>\n\n\n\n<p>Procedimento para certificados do Wikifolio:<\/p>\n\n\n\n<ol start=\"1\" class=\"wp-block-list\">\n<li>O agente fiduci\u00e1rio realiza a garantia<\/li>\n\n\n\n<li>Os rendimentos s\u00e3o pagos aos titulares de certificados<\/li>\n\n\n\n<li>Os d\u00e9ficits se tornam um pedido de insolv\u00eancia<\/li>\n\n\n\n<li>Eles podem ser servidos apenas parcialmente<\/li>\n<\/ol>\n\n\n\n<p>O risco \u00e9 reduzido, mas n\u00e3o eliminado.<\/p>\n\n\n\n<h2 class=\"wp-block-heading\">\ud83d\udcca <strong>Como o risco do emissor pode ser avaliado?<\/strong><\/h2>\n\n\n\n<p>Fatores importantes:<\/p>\n\n\n\n<ul class=\"wp-block-list\">\n<li><strong>Capacidade de cr\u00e9dito do emissor<\/strong><\/li>\n\n\n\n<li><strong>Transpar\u00eancia da estrutura de seguran\u00e7a<\/strong><\/li>\n\n\n\n<li><strong>Ambiente regulat\u00f3rio<\/strong><\/li>\n\n\n\n<li><strong>Ambiente de mercado e liquidez<\/strong><\/li>\n\n\n\n<li><strong>Concentra\u00e7\u00e3o<\/strong>At\u00e9 que ponto sou dependente de um \u00fanico emissor?<\/li>\n<\/ul>\n\n\n\n<p>O risco do emissor \u00e9, em \u00faltima an\u00e1lise, um <strong>Risco de cr\u00e9dito<\/strong>.<\/p>\n\n\n\n<h2 class=\"wp-block-heading\">\ud83d\udd27 <strong>Como o risco do emissor pode ser reduzido?<\/strong><\/h2>\n\n\n\n<ul class=\"wp-block-list\">\n<li><strong>Diversifica\u00e7\u00e3o por meio de emissores<\/strong><\/li>\n\n\n\n<li><strong>Limita\u00e7\u00e3o da cota de certificados<\/strong> no portf\u00f3lio geral<\/li>\n\n\n\n<li><strong>Favorecimento de estruturas transparentes<\/strong><\/li>\n\n\n\n<li><strong>Revis\u00e3o regular<\/strong> do ambiente do emissor<\/li>\n\n\n\n<li><strong>N\u00e3o h\u00e1 sobrepeso de certificados individuais<\/strong><\/li>\n<\/ul>\n\n\n\n<p>Para a Mueckinvest, voc\u00ea pode comunicar claramente: \ud83d\udc49 O risco da estrat\u00e9gia \u00e9 gerenciado ativamente - o risco do emissor permanece sist\u00eamico.<\/p>\n\n\n\n<h2 class=\"wp-block-heading\">\ud83e\udde0 <strong>Como o risco do emissor se encaixa na vis\u00e3o geral de um wikif\u00f3lio?<\/strong><\/h2>\n\n\n\n<p>Com os certificados Wikifolio, o investidor tem <strong>Duas dimens\u00f5es de risco<\/strong>:<\/p>\n\n\n\n<h3 class=\"wp-block-heading\">1\ufe0f\u20e3 <strong>Risco da estrat\u00e9gia<\/strong><\/h3>\n\n\n\n<ul class=\"wp-block-list\">\n<li>Movimentos de mercado<\/li>\n\n\n\n<li>Volatilidade<\/li>\n\n\n\n<li>Julgamentos err\u00f4neos<\/li>\n\n\n\n<li>Riscos de cronograma<\/li>\n<\/ul>\n\n\n\n<h3 class=\"wp-block-heading\">2\ufe0f\u20e3 <strong>Risco do emissor<\/strong><\/h3>\n\n\n\n<ul class=\"wp-block-list\">\n<li>Risco de inadimpl\u00eancia da Lang &amp; Schwarz<\/li>\n\n\n\n<li>Depend\u00eancia de garantias<\/li>\n\n\n\n<li>Risco de insolv\u00eancia<\/li>\n<\/ul>\n\n\n\n<p>\ud83d\udc49 Ambos os riscos t\u00eam um efeito <strong>lado a lado<\/strong> e devem ser avaliadas em conjunto.<\/p>\n\n\n\n<h2 class=\"wp-block-heading\">\ud83d\udcd8 <strong>Breve resumo para investidores<\/strong><\/h2>\n\n\n\n<ul class=\"wp-block-list\">\n<li>Os certificados do Wikifolio s\u00e3o <strong>Transparente<\/strong>, mas <strong>n\u00e3o protegidos por ativos especiais<\/strong><\/li>\n\n\n\n<li>A garantia reduz o risco, mas n\u00e3o o elimina<\/li>\n\n\n\n<li>Os investidores devem considerar o risco do emissor <strong>Planeje conscientemente<\/strong><\/li>\n\n\n\n<li>Para estrat\u00e9gias de longo prazo, \u00e9 uma <strong>Componente importante da vis\u00e3o geral<\/strong><\/li>\n<\/ul>\n\n\n\n<hr class=\"wp-block-separator has-alpha-channel-opacity\"\/>\n\n\n\n<h3 class=\"wp-block-heading\">\ud83d\udd0e <strong>Avalia\u00e7\u00f5es adicionais e coment\u00e1rios sobre o mercado<\/strong><\/h3>\n\n\n\n<p>Avalia\u00e7\u00f5es atuais das fases do mercado, riscos, estrat\u00e9gias e <a href=\"https:\/\/mueckinvest.com\/pt\/reequilibrio-2\/\" title=\"Reequil\u00edbrio\">Reequil\u00edbrio<\/a>-Voc\u00ea pode encontrar as \u00faltimas not\u00edcias e decis\u00f5es a qualquer momento na se\u00e7\u00e3o de not\u00edcias. Nela, analiso regularmente os acontecimentos que tamb\u00e9m podem influenciar o risco do emissor.<\/p>\n\n\n\n<div class=\"wp-block-buttons is-layout-flex wp-block-buttons-is-layout-flex\">\n<div class=\"wp-block-button\"><a class=\"wp-block-button__link wp-element-button\" href=\"https:\/\/mueckinvest.com\/pt\/risco-do-emissor-para-certificados-da-wikifolio\/\">Sobre as avalia\u00e7\u00f5es<\/a><\/div>\n<\/div>","protected":false},"excerpt":{"rendered":"<p>\ud83e\udde9 Was bedeutet Emittentenrisiko? Das Emittentenrisiko beschreibt die Gefahr, dass der Herausgeber eines Finanzprodukts (der Emittent) seine Zahlungsverpflichtungen nicht mehr erf\u00fcllen kann \u2013 etwa durch Insolvenz oder finanzielle Schieflage. Bei Zertifikaten bedeutet das: \ud83d\udc49 Der Anleger ist Gl\u00e4ubiger des Emittenten. Kann der Emittent nicht zahlen, drohen Teilverluste oder ein Totalausfall. \ud83c\udfe6 Wo tritt Emittentenrisiko auf [&hellip;]<\/p>\n","protected":false},"author":1,"featured_media":0,"parent":0,"menu_order":0,"comment_status":"closed","ping_status":"closed","template":"","meta":{"pmpro_default_level":"","_monsterinsights_skip_tracking":false,"_monsterinsights_sitenote_active":false,"_monsterinsights_sitenote_note":"","_monsterinsights_sitenote_category":0,"footnotes":""},"class_list":["post-3039","page","type-page","status-publish","hentry","pmpro-has-access"],"aioseo_notices":[],"_links":{"self":[{"href":"https:\/\/mueckinvest.com\/pt\/wp-json\/wp\/v2\/pages\/3039","targetHints":{"allow":["GET"]}}],"collection":[{"href":"https:\/\/mueckinvest.com\/pt\/wp-json\/wp\/v2\/pages"}],"about":[{"href":"https:\/\/mueckinvest.com\/pt\/wp-json\/wp\/v2\/types\/page"}],"author":[{"embeddable":true,"href":"https:\/\/mueckinvest.com\/pt\/wp-json\/wp\/v2\/users\/1"}],"replies":[{"embeddable":true,"href":"https:\/\/mueckinvest.com\/pt\/wp-json\/wp\/v2\/comments?post=3039"}],"version-history":[{"count":5,"href":"https:\/\/mueckinvest.com\/pt\/wp-json\/wp\/v2\/pages\/3039\/revisions"}],"predecessor-version":[{"id":3889,"href":"https:\/\/mueckinvest.com\/pt\/wp-json\/wp\/v2\/pages\/3039\/revisions\/3889"}],"wp:attachment":[{"href":"https:\/\/mueckinvest.com\/pt\/wp-json\/wp\/v2\/media?parent=3039"}],"curies":[{"name":"wp","href":"https:\/\/api.w.org\/{rel}","templated":true}]}}