{"id":90,"date":"2025-09-10T11:00:00","date_gmt":"2025-09-10T11:00:00","guid":{"rendered":"https:\/\/mueckinvest.de\/?page_id=90"},"modified":"2026-03-18T15:19:37","modified_gmt":"2026-03-18T14:19:37","slug":"o-mnie","status":"publish","type":"page","link":"https:\/\/mueckinvest.com\/pl\/ueber-mich\/","title":{"rendered":"O mnie"},"content":{"rendered":"<div class=\"wp-block-columns is-layout-flex wp-container-core-columns-is-layout-28f84493 wp-block-columns-is-layout-flex\">\n<div class=\"wp-block-column is-layout-flow wp-block-column-is-layout-flow\" style=\"flex-basis:66.66%\">\n<p>Nazywam si\u0119 Steffen M\u00fcck, urodzi\u0142em si\u0119 w 1988 roku, jestem informatykiem i od 2010 roku pasjonuj\u0119 si\u0119 rynkami finansowymi. Moje podej\u015bcie jest jasne: <strong>oparte na regu\u0142ach, globalnie zr\u00f3\u017cnicowane i naukowo uzasadnione<\/strong>.<\/p>\n\n\n\n<p>Opracowuj\u0119 strategie oparte na <strong>jasne struktury<\/strong>, <strong>sta\u0142e wagi<\/strong> i jeden <strong>zdyscyplinowane ponowne r\u00f3wnowa\u017cenie<\/strong> Podstaw\u0105 tego s\u0105 ETF-y, kt\u00f3re gwarantuj\u0105 maksymaln\u0105 przejrzysto\u015b\u0107, efektywno\u015b\u0107 i kontrolowane zarz\u0105dzanie ryzykiem.<\/p>\n\n\n\n<p>Moje Wikifolios obejmuj\u0105 r\u00f3\u017cne obszary zainteresowa\u0144:<\/p>\n\n\n\n<ul class=\"wp-block-list\">\n<li><strong>portfele wieloaktywowe zorientowane na stabilno\u015b\u0107<\/strong>,<\/li>\n\n\n\n<li><strong>strategie tematyczne o wysokim wzro\u015bcie<\/strong>,<\/li>\n\n\n\n<li><strong>naukowo uzasadnione podej\u015bcia czynnikowe<\/strong>.<\/li>\n<\/ul>\n\n\n\n<p>Ka\u017cde portfolio podlega <strong>jasno zdefiniowana koncepcja<\/strong>, kt\u00f3ra jest realizowana konsekwentnie \u2013 bez kr\u00f3tkoterminowych spekulacji, bez szumu medialnego.<\/p>\n\n\n\n<p>W Mueckinvest \u0142\u0105cz\u0119 to do\u015bwiadczenie z nowoczesn\u0105 technologi\u0105: <strong>ustrukturyzowane, dog\u0142\u0119bne analizy, precyzyjna sztuczna inteligencja i przejrzyste strategie<\/strong>, kt\u00f3re zapewniaj\u0105 inwestorom przejrzysto\u015b\u0107, wskaz\u00f3wki i d\u0142ugoterminow\u0105 dyscyplin\u0119.<\/p>\n\n\n\n<p>Moim celem jest tworzenie solidnych, zrozumia\u0142ych i globalnie zorientowanych portfeli inwestycyjnych, a jednocze\u015bnie dostarczanie inwestorom wiedzy niezb\u0119dnej do zrozumienia tych podej\u015b\u0107.<\/p>\n\n\n\n<p><strong>G\u0142\u00f3wny temat:<\/strong> My\u015bl globalnie. Wdra\u017caj z dyscyplin\u0105.<\/p>\n\n\n\n<p>Nie jestem doradc\u0105 finansowym \u2013 moje strategie to publicznie dost\u0119pne, oparte na regu\u0142ach portfele modelowe. Sam inwestuj\u0119 wed\u0142ug tych samych zasad.<\/p>\n\n\n\n<p><\/p>\n<\/div>\n\n\n\n<div class=\"wp-block-column is-layout-flow wp-block-column-is-layout-flow\" style=\"flex-basis:33.33%\">\n<figure class=\"wp-block-image size-full is-resized\"><img loading=\"lazy\" decoding=\"async\" width=\"376\" height=\"480\" src=\"https:\/\/mueckinvest.com\/wp-content\/uploads\/2025\/09\/Steffen.jpg\" alt=\"\" class=\"wp-image-101\" style=\"width:187px;height:auto\" srcset=\"https:\/\/mueckinvest.com\/wp-content\/uploads\/2025\/09\/Steffen.jpg 376w, https:\/\/mueckinvest.com\/wp-content\/uploads\/2025\/09\/Steffen-235x300.jpg 235w\" sizes=\"auto, (max-width: 376px) 100vw, 376px\" \/><\/figure>\n<\/div>\n<\/div>","protected":false},"excerpt":{"rendered":"<p>Ich bin Steffen M\u00fcck, Jahrgang 1988, Informatiker und seit 2010 leidenschaftlich in den Finanzm\u00e4rkten unterwegs. Mein Ansatz ist klar: regelbasiert, global diversifiziert und wissenschaftlich fundiert. Ich entwickle Strategien, die auf klaren Strukturen, festen Gewichtungen und einem disziplinierten Rebalancing beruhen. ETFs bilden dabei die Grundlage \u2013 f\u00fcr maximale Transparenz, Effizienz und eine kontrollierte Risikosteuerung. Meine Wikifolios [&hellip;]<\/p>\n","protected":false},"author":1,"featured_media":0,"parent":0,"menu_order":0,"comment_status":"closed","ping_status":"closed","template":"page-no-sidebar","meta":{"pmpro_default_level":"","_monsterinsights_skip_tracking":false,"_monsterinsights_sitenote_active":false,"_monsterinsights_sitenote_note":"","_monsterinsights_sitenote_category":0,"footnotes":""},"class_list":["post-90","page","type-page","status-publish","hentry","pmpro-has-access"],"aioseo_notices":[],"_links":{"self":[{"href":"https:\/\/mueckinvest.com\/pl\/wp-json\/wp\/v2\/pages\/90","targetHints":{"allow":["GET"]}}],"collection":[{"href":"https:\/\/mueckinvest.com\/pl\/wp-json\/wp\/v2\/pages"}],"about":[{"href":"https:\/\/mueckinvest.com\/pl\/wp-json\/wp\/v2\/types\/page"}],"author":[{"embeddable":true,"href":"https:\/\/mueckinvest.com\/pl\/wp-json\/wp\/v2\/users\/1"}],"replies":[{"embeddable":true,"href":"https:\/\/mueckinvest.com\/pl\/wp-json\/wp\/v2\/comments?post=90"}],"version-history":[{"count":3,"href":"https:\/\/mueckinvest.com\/pl\/wp-json\/wp\/v2\/pages\/90\/revisions"}],"predecessor-version":[{"id":4033,"href":"https:\/\/mueckinvest.com\/pl\/wp-json\/wp\/v2\/pages\/90\/revisions\/4033"}],"wp:attachment":[{"href":"https:\/\/mueckinvest.com\/pl\/wp-json\/wp\/v2\/media?parent=90"}],"curies":[{"name":"wp","href":"https:\/\/api.w.org\/{rel}","templated":true}]}}