{"id":753,"date":"2025-11-05T11:00:00","date_gmt":"2025-11-05T11:00:00","guid":{"rendered":"https:\/\/mueckinvest.de\/?page_id=753"},"modified":"2026-01-23T08:08:01","modified_gmt":"2026-01-23T07:08:01","slug":"slowniczek","status":"publish","type":"page","link":"https:\/\/mueckinvest.com\/pl\/glossar\/","title":{"rendered":"s\u0142owniczek"},"content":{"rendered":"<figure class=\"wp-block-table\"><table class=\"has-fixed-layout\"><thead><tr><th><strong>Wyra\u017cenie<\/strong><\/th><th><strong>definicja<\/strong><\/th><\/tr><\/thead><tbody><tr><td>podatek u \u017ar\u00f3d\u0142a<\/td><td>Podatek liniowy od zysk\u00f3w kapita\u0142owych w Niemczech.<\/td><\/tr><tr><td>udzia\u0142<\/td><td>Akcja sp\u00f3\u0142ki zapewniaj\u0105ca prawa w\u0142asno\u015bci i potencjalny wzrost ceny akcji.<\/td><\/tr><tr><td>indeks gie\u0142dowy<\/td><td>Koszyk akcji mierz\u0105cy kondycj\u0119 rynku.<\/td><\/tr><tr><td>alfa<\/td><td>Nadwy\u017cka zwrotu portfela w por\u00f3wnaniu do rynku.<\/td><\/tr><tr><td>Horyzont inwestycyjny<\/td><td>Okres, w kt\u00f3rym inwestor chce pozosta\u0107 zainwestowany.<\/td><\/tr><tr><td>Alokacja aktyw\u00f3w<\/td><td>Alokacja kapita\u0142u w r\u00f3\u017cnych klasach aktyw\u00f3w.<\/td><\/tr><tr><td>Rozdzielczy<\/td><td>ETF lub fundusz regularnie wyp\u0142acaj\u0105cy zyski.<\/td><\/tr><tr><td>Backtesting<\/td><td>Historyczna symulacja strategii maj\u0105ca na celu ocen\u0119 jej solidno\u015bci.<\/td><\/tr><tr><td>Rynek nied\u017awiedzia<\/td><td>Faza rynkowa charakteryzuj\u0105ca si\u0119 spadkiem cen w d\u0142u\u017cszym okresie.<\/td><\/tr><tr><td>Finanse behawioralne<\/td><td>Nauka o b\u0142\u0119dach poznawczych i wzorcach zachowa\u0144 inwestor\u00f3w.<\/td><\/tr><tr><td>beta<\/td><td>Miara zmienno\u015bci papieru warto\u015bciowego w por\u00f3wnaniu z rynkiem.<\/td><\/tr><tr><td>Oferta<\/td><td>Maksymalna cena, jak\u0105 kupuj\u0105cy s\u0105 sk\u0142onni zap\u0142aci\u0107.<\/td><\/tr><tr><td>po\u015brednik<\/td><td>Platforma transakcyjna do kupna i sprzeda\u017cy papier\u00f3w warto\u015bciowych.<\/td><\/tr><tr><td>Rynek byka<\/td><td>Faza rynkowa charakteryzuj\u0105ca si\u0119 wzrostem cen w d\u0142u\u017cszym okresie.<\/td><\/tr><tr><td>Kup i trzymaj<\/td><td>D\u0142ugoterminowa strategia inwestycyjna bez cz\u0119stego rebalansowania portfela.<\/td><\/tr><tr><td>Przep\u0142ywy pieni\u0119\u017cne<\/td><td>Dop\u0142yw netto \u015brodk\u00f3w p\u0142ynnych do przedsi\u0119biorstwa.<\/td><\/tr><tr><td>Satelita rdzeniowy<\/td><td>Po\u0142\u0105czenie stabilnego portfela podstawowego i satelit\u00f3w nastawionych na zwrot.<\/td><\/tr><tr><td>Korekta<\/td><td>Spadek ceny o 10-20 % po poprzednim wzro\u015bcie.<\/td><\/tr><tr><td>wikifolio parasola<\/td><td>Wikifolio, kt\u00f3re inwestuje w inne Wikifolio.<\/td><\/tr><tr><td>deflacja<\/td><td>Og\u00f3lny spadek poziomu cen.<\/td><\/tr><tr><td>Dywersyfikacja<\/td><td>Dywersyfikacja kapita\u0142u w celu ograniczenia ryzyka.<\/td><\/tr><tr><td>Miejsce sta\u0142ego zamieszkania<\/td><td>Kraj, w kt\u00f3rym fundusz jest prawnie zarejestrowany.<\/td><\/tr><tr><td>Wyp\u0142ata<\/td><td>Strata od szczytu do do\u0142ka.<\/td><\/tr><tr><td>Zwrot z kapita\u0142u w\u0142asnego (ROE)<\/td><td>Zysk w relacji do kapita\u0142u w\u0142asnego.<\/td><\/tr><tr><td>Ryzyko emitenta<\/td><td>Ryzyko niewyp\u0142acalno\u015bci wydawcy.<\/td><\/tr><tr><td>Emisja (Certyfikat)<\/td><td>Proces, w kt\u00f3rym wystawca tworzy zbywalny certyfikat dla Wikifolio.<\/td><\/tr><tr><td>ETF<\/td><td>Fundusz notowany na gie\u0142dzie, kt\u00f3ry \u015bledzi indeks.<\/td><\/tr><tr><td>Inwestowanie czynnikowe<\/td><td>Inwestowanie w oparciu o czynniki wp\u0142ywaj\u0105ce na zwrot, takie jak warto\u015b\u0107 lub dynamika.<\/td><\/tr><tr><td>Nakaz zwolnienia<\/td><td>Umo\u017cliwia bankom zwolnienie zysk\u00f3w kapita\u0142owych z podatku do wysoko\u015bci kwoty wolnej od podatku.<\/td><\/tr><tr><td>Wolny przep\u0142yw \u015brodk\u00f3w pieni\u0119\u017cnych<\/td><td>Dost\u0119pny przep\u0142yw \u015brodk\u00f3w pieni\u0119\u017cnych po inwestycjach.<\/td><\/tr><tr><td>Wolumen funduszu<\/td><td>Ca\u0142kowita warto\u015b\u0107 wszystkich aktyw\u00f3w funduszu.<\/td><\/tr><tr><td>Inwestowanie wzrostowe<\/td><td>Inwestuj w firmy o wysokim wzro\u015bcie.<\/td><\/tr><tr><td>Platforma handlowa<\/td><td>Gie\u0142da papier\u00f3w warto\u015bciowych lub platforma, na kt\u00f3rej dokonuje si\u0119 obrotu papierami warto\u015bciowymi.<\/td><\/tr><tr><td>Instynkt stadny<\/td><td>Tendencja do pod\u0105\u017cania za t\u0142umem.<\/td><\/tr><tr><td>Domowe uprzedzenia<\/td><td>Nadmierny nacisk na inwestycje krajowe.<\/td><\/tr><tr><td>inflacja<\/td><td>Og\u00f3lny wzrost poziomu cen.<\/td><\/tr><tr><td>Fundusze indeksowe<\/td><td>Fundusz replikuj\u0105cy indeks (niekoniecznie ETF).<\/td><\/tr><tr><td>Mo\u017cliwo\u015b\u0107 inwestowania<\/td><td>Status Wikifolio uzyskuje si\u0119 w momencie wydania certyfikatu i umo\u017cliwienia jego obrotu.<\/td><\/tr><tr><td>ISIN \/ WKN<\/td><td>Unikalny numer identyfikacyjny papieru warto\u015bciowego.<\/td><\/tr><tr><td>Podatek od zysk\u00f3w kapita\u0142owych (KESt)<\/td><td>Podatek od zysk\u00f3w kapita\u0142owych, pobierany \u0142\u0105cznie z podatkiem solidarno\u015bciowym.<\/td><\/tr><tr><td>Doch\u00f3d kapita\u0142owy<\/td><td>Doch\u00f3d z odsetek, dywidend lub sprzeda\u017cy.<\/td><\/tr><tr><td>KBV<\/td><td>Wska\u017anik ceny do warto\u015bci ksi\u0119gowej przedsi\u0119biorstwa.<\/td><\/tr><tr><td>KCV<\/td><td>Wska\u017anik ceny do przep\u0142yw\u00f3w pieni\u0119\u017cnych.<\/td><\/tr><tr><td>Wska\u017anik P\/E<\/td><td>Wska\u017anik cena\/zysk sp\u00f3\u0142ki.<\/td><\/tr><tr><td>korelacja<\/td><td>Miara \u0142\u0105cznego ruchu dw\u00f3ch uk\u0142ad\u00f3w.<\/td><\/tr><tr><td>Warstwa<\/td><td>Ustrukturyzowane klasy ryzyka podzielone na warstwy.<\/td><\/tr><tr><td>Kluczowa stopa procentowa<\/td><td>Stopa procentowa, po kt\u00f3rej banki mog\u0105 refinansowa\u0107 swoje zobowi\u0105zania za po\u015brednictwem banku centralnego.<\/td><\/tr><tr><td>Zlecenie limitowane<\/td><td>Kupno\/sprzeda\u017c po ustalonej cenie lub lepszej.<\/td><\/tr><tr><td>p\u0142ynno\u015b\u0107<\/td><td>\u0141atwo\u015b\u0107 obrotu papierami warto\u015bciowymi.<\/td><\/tr><tr><td>Zam\u00f3wienie rynkowe<\/td><td>Natychmiastowa realizacja po aktualnej cenie rynkowej.<\/td><\/tr><tr><td>Maksymalne obni\u017cenie (MDD)<\/td><td>Najwi\u0119ksza historyczna strata portfela, od jego najwy\u017cszego do najni\u017cszego punktu.<\/td><\/tr><tr><td>Megatrend<\/td><td>D\u0142ugoterminowy rozw\u00f3j globalny maj\u0105cy znacz\u0105cy wp\u0142yw na rynek.<\/td><\/tr><tr><td>P\u0119d<\/td><td>Strategia skupiaj\u0105ca si\u0119 na niedawnych, silnych graczach, kt\u00f3rzy odnie\u015bli sukces.<\/td><\/tr><tr><td>Przyk\u0142adowe portfolio<\/td><td>Przyk\u0142adowe portfolio, jako wskaz\u00f3wka.<\/td><\/tr><tr><td>Ksi\u0119ga zam\u00f3wie\u0144<\/td><td>Lista wszystkich zlece\u0144 kupna i sprzeda\u017cy.<\/td><\/tr><tr><td>Formularz zam\u00f3wienia<\/td><td>Formularz sk\u0142adania zlece\u0144 u brokera.<\/td><\/tr><tr><td>Lepsza wydajno\u015b\u0107<\/td><td>Zwrot powy\u017cej indeksu referencyjnego.<\/td><\/tr><tr><td>Op\u0142ata za wykonanie<\/td><td>Op\u0142ata uzale\u017cniona od wynik\u00f3w w przypadku pozytywnego rozwoju.<\/td><\/tr><tr><td>Fizyczne powielanie<\/td><td>Fundusz ETF, kt\u00f3ry faktycznie kupuje papiery warto\u015bciowe, kt\u00f3re zawiera.<\/td><\/tr><tr><td>Teczka<\/td><td>Suma wszystkich posiadanych papier\u00f3w warto\u015bciowych.<\/td><\/tr><tr><td>Inwestowanie ilo\u015bciowe<\/td><td>Inwestowanie oparte na regu\u0142ach i danych.<\/td><\/tr><tr><td>Rebalancing<\/td><td>Przywr\u00f3cenie pierwotnego rozk\u0142adu ci\u0119\u017caru portfela.<\/td><\/tr><tr><td>powr\u00f3t<\/td><td>Zwrot z inwestycji w okre\u015blonym czasie.<\/td><\/tr><tr><td>recesja<\/td><td>Spowolnienie gospodarcze trwaj\u0105ce kilka kwarta\u0142\u00f3w.<\/td><\/tr><tr><td>Parytet ryzyka<\/td><td>Strategia, w kt\u00f3rej ka\u017cda klasa aktyw\u00f3w wi\u0105\u017ce si\u0119 z takim samym ryzykiem.<\/td><\/tr><tr><td>Klasa ryzyka<\/td><td>Klasyfikacja wed\u0142ug intensywno\u015bci fluktuacji.<\/td><\/tr><tr><td>Model punktacji<\/td><td>System oceny wyboru akcji.<\/td><\/tr><tr><td>Wsp\u00f3\u0142czynnik Sharpe&#039;a<\/td><td>Wsp\u00f3\u0142czynnik ryzyka i zysku.<\/td><\/tr><tr><td>SICAV<\/td><td>Europejska struktura funduszu ze zmiennym kapita\u0142em.<\/td><\/tr><tr><td>Wsp\u00f3\u0142czynnik Sortino<\/td><td>Zwrot w odniesieniu do ryzyka spadkowego.<\/td><\/tr><tr><td>Kwota oszcz\u0119dno\u015bciowa<\/td><td>Roczna kwota wolna od podatku od zysk\u00f3w kapita\u0142owych.<\/td><\/tr><tr><td>Rozpowszechnianie si\u0119<\/td><td>R\u00f3\u017cnica mi\u0119dzy cen\u0105 kupna i sprzeda\u017cy.<\/td><\/tr><tr><td>Efekt odroczenia podatku<\/td><td>Odroczenie p\u0142atno\u015bci podatk\u00f3w na przysz\u0142o\u015b\u0107.<\/td><\/tr><tr><td>Zlecenie kupna-sprzeda\u017cy<\/td><td>Zlecenie kupna realizowane jest wy\u0142\u0105cznie po przekroczeniu okre\u015blonej ceny.<\/td><\/tr><tr><td>Zlecenie stop-limit<\/td><td>Zlecenie staje si\u0119 aktywne po osi\u0105gni\u0119ciu ceny stop.<\/td><\/tr><tr><td>Zlecenie stop-loss<\/td><td>Nakaz ograniczenia strat.<\/td><\/tr><tr><td>Swap ETF<\/td><td>Syntetyczny fundusz ETF replikuj\u0105cy indeks za pomoc\u0105 transakcji swap.<\/td><\/tr><tr><td>Syntetyczna replikacja<\/td><td>Fundusz ETF \u015bledz\u0105cy indeks za pomoc\u0105 instrument\u00f3w pochodnych lub swap\u00f3w.<\/td><\/tr><tr><td>TER<\/td><td>Ca\u0142kowity wsp\u00f3\u0142czynnik koszt\u00f3w funduszu.<\/td><\/tr><tr><td>Gromadzenie<\/td><td>Zyski s\u0105 automatycznie reinwestowane.<\/td><\/tr><tr><td>\u015aledzenie r\u00f3\u017cnicy<\/td><td>Odchylenie stopy zwrotu ETF od stopy zwrotu indeksu.<\/td><\/tr><tr><td>B\u0142\u0105d \u015bledzenia<\/td><td>Wahania odchylenia od indeksu.<\/td><\/tr><tr><td>Trailing Stop<\/td><td>Dynamiczny stop-loss, kt\u00f3ry automatycznie dostosowuje si\u0119 do wzrostu cen.<\/td><\/tr><tr><td>Filtr trend\u00f3w<\/td><td>Zasada okre\u015blania trend\u00f3w rynkowych.<\/td><\/tr><tr><td>Pod\u0105\u017canie za trendem<\/td><td>Strategia bazuj\u0105ca na istniej\u0105cych trendach.<\/td><\/tr><tr><td>UCITS<\/td><td>Europejskie regulacje dotycz\u0105ce funduszy.<\/td><\/tr><tr><td>wszech\u015bwiat<\/td><td>Zbi\u00f3r wszystkich papier\u00f3w warto\u015bciowych, spo\u015br\u00f3d kt\u00f3rych dokonuje si\u0119 wyboru strategii.<\/td><\/tr><tr><td>Niedostateczna wydajno\u015b\u0107<\/td><td>Powr\u00f3t poni\u017cej indeksu referencyjnego.<\/td><\/tr><tr><td>Warto\u015b\u0107<\/td><td>Inwestowanie w niedowarto\u015bciowane sp\u00f3\u0142ki.<\/td><\/tr><tr><td>Awersja do strat<\/td><td>Tendencja do nadmiernego podkre\u015blania strat kosztem zysk\u00f3w.<\/td><\/tr><tr><td>Zmienno\u015b\u0107<\/td><td>Miara zmienno\u015bci papieru warto\u015bciowego.<\/td><\/tr><tr><td>Celowanie w zmienno\u015b\u0107<\/td><td>Dopasowanie wielko\u015bci pozycji do okre\u015blonej docelowej zmienno\u015bci.<\/td><\/tr><tr><td>zaliczka<\/td><td>Opodatkowanie rycza\u0142tem gromadzonych \u015brodk\u00f3w pieni\u0119\u017cnych.<\/td><\/tr><tr><td>Wikifolio<\/td><td>Certyfikat odzwierciedlaj\u0105cy wyniki modelowego portfela.<\/td><\/tr><tr><td>Certyfikat Wikifolio<\/td><td>Zbywalny papier warto\u015bciowy Wikifolio.<\/td><\/tr><tr><td>Op\u0142ata za certyfikat<\/td><td>Bie\u017c\u0105ce koszty certyfikatu Wikifolio.<\/td><\/tr><tr><td>Zmiana st\u00f3p procentowych<\/td><td>Zmiana kierunku polityki pieni\u0119\u017cnej (np. z podwy\u017cek st\u00f3p procentowych na obni\u017cki st\u00f3p procentowych).<\/td><\/tr><\/tbody><\/table><\/figure>","protected":false},"excerpt":{"rendered":"<p>Begriff Definition Abgeltungssteuer Pauschale Steuer auf Kapitalertr\u00e4ge in Deutschland. Aktie Unternehmensanteil, der Eigentumsrechte und potenzielle Kursgewinne bietet. Aktienindex Korb aus Aktien, der die Entwicklung eines Marktes misst. Alpha \u00dcberrendite eines Portfolios im Vergleich zum Markt. Anlagehorizont Zeitraum, \u00fcber den ein Anleger investiert bleiben m\u00f6chte. Asset Allocation Verteilung des Kapitals auf verschiedene Anlageklassen. Aussch\u00fcttend ETF oder [&hellip;]<\/p>\n","protected":false},"author":1,"featured_media":0,"parent":0,"menu_order":0,"comment_status":"closed","ping_status":"closed","template":"page-no-sidebar","meta":{"pmpro_default_level":"","_monsterinsights_skip_tracking":false,"_monsterinsights_sitenote_active":false,"_monsterinsights_sitenote_note":"","_monsterinsights_sitenote_category":0,"footnotes":""},"class_list":["post-753","page","type-page","status-publish","hentry","pmpro-has-access"],"aioseo_notices":[],"_links":{"self":[{"href":"https:\/\/mueckinvest.com\/pl\/wp-json\/wp\/v2\/pages\/753","targetHints":{"allow":["GET"]}}],"collection":[{"href":"https:\/\/mueckinvest.com\/pl\/wp-json\/wp\/v2\/pages"}],"about":[{"href":"https:\/\/mueckinvest.com\/pl\/wp-json\/wp\/v2\/types\/page"}],"author":[{"embeddable":true,"href":"https:\/\/mueckinvest.com\/pl\/wp-json\/wp\/v2\/users\/1"}],"replies":[{"embeddable":true,"href":"https:\/\/mueckinvest.com\/pl\/wp-json\/wp\/v2\/comments?post=753"}],"version-history":[{"count":2,"href":"https:\/\/mueckinvest.com\/pl\/wp-json\/wp\/v2\/pages\/753\/revisions"}],"predecessor-version":[{"id":2968,"href":"https:\/\/mueckinvest.com\/pl\/wp-json\/wp\/v2\/pages\/753\/revisions\/2968"}],"wp:attachment":[{"href":"https:\/\/mueckinvest.com\/pl\/wp-json\/wp\/v2\/media?parent=753"}],"curies":[{"name":"wp","href":"https:\/\/api.w.org\/{rel}","templated":true}]}}