{"id":3984,"date":"2026-03-13T11:00:00","date_gmt":"2026-03-13T10:00:00","guid":{"rendered":"https:\/\/mueckinvest.com\/?page_id=3984"},"modified":"2026-03-17T17:00:00","modified_gmt":"2026-03-17T16:00:00","slug":"historia","status":"publish","type":"page","link":"https:\/\/mueckinvest.com\/pl\/geschichte\/","title":{"rendered":"Historia, rozw\u00f3j i plan dzia\u0142ania"},"content":{"rendered":"<p><strong>Dlaczego otwarcie pokazuj\u0119 sw\u00f3j rozw\u00f3j<\/strong><\/p>\n\n\n\n<p>Dla mnie wa\u017cne jest transparentne pokazanie, jak Mueckinvest rozwija\u0142 si\u0119 krok po kroku. Szczeg\u00f3lnie w sektorze finansowym zaufanie jest kluczowe \u2013 a zaufanie buduje si\u0119, gdy rozumie si\u0119, jak produkt jest tworzony, rozwijany i ulepszany. Dlatego od 2025 roku dokumentuj\u0119 swoj\u0105 drog\u0119 i jasno pokazuj\u0119, nad czym pracuj\u0119, co ju\u017c uda\u0142o mi si\u0119 osi\u0105gn\u0105\u0107 i jakie s\u0105 kolejne kroki.<\/p>\n\n\n\n<details class=\"wp-block-details is-layout-flow wp-block-details-is-layout-flow\"><summary><strong>2025<\/strong><\/summary>\n<h2 class=\"wp-block-heading\">Sierpie\u0144 2025 \u2013 Faza analizy: Wikifolios w centrum uwagi<\/h2>\n\n\n\n<p>Punkt wyj\u015bcia Mueckinvest. W tej fazie nacisk po\u0142o\u017cono na szczeg\u00f3\u0142ow\u0105 analiz\u0119 Wikifolios, strategii inwestycyjnych i typowych b\u0142\u0119d\u00f3w inwestor\u00f3w. Zdobyte spostrze\u017cenia sta\u0142y si\u0119 podstaw\u0105 p\u00f3\u017aniejszej koncepcji przejrzystej, zrozumia\u0142ej i zorientowanej na d\u0142ugoterminow\u0105 perspektyw\u0119 platformy finansowej.<\/p>\n\n\n\n<h2 class=\"wp-block-heading\">Pa\u017adziernik 2025 \u2013 Pierwsza strona internetowa i budowanie marki<\/h2>\n\n\n\n<p>Pierwsza wersja strony internetowej Mueckinvest zosta\u0142a uruchomiona. Celem by\u0142o zaprezentowanie wiedzy finansowej w spos\u00f3b uporz\u0105dkowany i zrozumia\u0142y. Jednocze\u015bnie opracowano identyfikacj\u0119 marki: minimalistyczn\u0105, opart\u0105 na faktach i zorientowan\u0105 na d\u0142ugofalowe dzia\u0142anie.<\/p>\n\n\n\n<h2 class=\"wp-block-heading\">Grudzie\u0144 2025 \u2013 G\u0142\u0119bokie nurkowania tematyczne<\/h2>\n\n\n\n<p>Rozpocz\u0119\u0142a si\u0119 intensywna praca merytoryczna. Powsta\u0142y kompleksowe projekty. <a href=\"https:\/\/mueckinvest.com\/pl\/doglebne-tematy\/\" title=\"Tematy dog\u0142\u0119bne\">G\u0142\u0119bokie nurkowania<\/a> ETF-y, ryzyko, dywersyfikacja, <a href=\"https:\/\/mueckinvest.com\/pl\/ponowne-rownowazenie\/\" title=\"Rebalancing\">Rebalancing <\/a>i d\u0142ugoterminowe strategie inwestycyjne. Tre\u015bci te sta\u0142y si\u0119 p\u00f3\u017aniej baz\u0105 wiedzy Mueckinvest AI.<\/p>\n<\/details>\n\n\n\n<details class=\"wp-block-details is-layout-flow wp-block-details-is-layout-flow\"><summary><strong>2026<\/strong><\/summary>\n<h2 class=\"wp-block-heading\">Stycze\u0144 2026 \u2013 Rozpocz\u0119cie rozwoju aplikacji na Androida<\/h2>\n\n\n\n<p>Oficjalne rozpocz\u0119cie wdro\u017cenia technicznego. Architektura zosta\u0142a celowo zaprojektowana tak, aby by\u0142a oszcz\u0119dna, skalowalna i globalnie stosowalna. Opracowano wst\u0119pne prototypy interfejsu u\u017cytkownika oraz model danych dla informacji o funduszach ETF.<\/p>\n\n\n\n<h2 class=\"wp-block-heading\">Luty 2026 \u2013 Utworzenie AI<\/h2>\n\n\n\n<p>Pocz\u0105tek <a href=\"https:\/\/mueckinvest.com\/pl\/mueckinvest-ki\/\" title=\"Mueckinvest AI\">Integracja AI<\/a> z naciskiem na autentyczn\u0105 wiedz\u0119 eksperck\u0105, wyja\u015bniaj\u0105c\u0105, a nie na og\u00f3lne odpowiedzi. Opracowano potok RAG, wst\u0119pne osadzenia i struktury wektorowych baz danych. R\u00f3wnolegle rozpocz\u0119to planowanie wieloj\u0119zycznego wsparcia dla globalnego wdro\u017cenia.<\/p>\n\n\n\n<h2 class=\"wp-block-heading\">17 marca 2026 r. \u2013 Start zako\u0144czony \ud83c\udf0d<\/h2>\n\n\n\n<p>Android <a href=\"https:\/\/mueckinvest.com\/pl\/aplikacja-na-androida\/\" title=\"Aplikacja Mueckinvest\">Aplikacja Mueckinvest<\/a> Ju\u017c dzia\u0142a. Po intensywnych przygotowaniach globalna infrastruktura jest gotowa, serwery dzia\u0142aj\u0105 p\u0142ynnie, a sztuczna inteligencja ju\u017c teraz zapewnia znakomite rezultaty.<\/p>\n<\/details>\n\n\n\n<details class=\"wp-block-details is-layout-flow wp-block-details-is-layout-flow\"><summary><strong>Planowanie \/ Mapa drogowa<\/strong><\/summary>\n<h2 class=\"wp-block-heading\">Kwiecie\u0144 \u2013 czerwiec 2026<\/h2>\n\n\n\n<p>Rozpoczynamy prace nad natywn\u0105 wersj\u0105 aplikacji \u201eMueckinvest\u201c + \u201eMueckinvest AI\u201c na iOS. Celem jest stworzenie stabilnej, szybkiej i intuicyjnej aplikacji, kt\u00f3ra w pe\u0142ni uzupe\u0142ni istniej\u0105ce \u015brodowisko webowe i Android.<\/p>\n\n\n\n<p>Opr\u00f3cz aplikacji na Androida (\u201eMueckinvest\u201c), zostanie wydana samodzielna aplikacja \u201eMueckinvest AI\u201c. Oferuje ona specjalistyczny czat oparty na sztucznej inteligencji, po\u015bwi\u0119cony funduszom ETF, inwestowaniu d\u0142ugoterminowemu i edukacji finansowej \u2013 zoptymalizowany pod k\u0105tem 20 j\u0119zyk\u00f3w i u\u017cytkownik\u00f3w z ca\u0142ego \u015bwiata.<\/p>\n\n\n\n<h2 class=\"wp-block-heading\">Do ko\u0144ca 2026 roku<\/h2>\n\n\n\n<p><strong>Stabilno\u015b\u0107 architektury<\/strong>Do ko\u0144ca roku nacisk zostanie po\u0142o\u017cony na dalsze wzmacnianie fundament\u00f3w technicznych Mueckinvest. Istniej\u0105ca architektura serwer\u00f3w i baz danych b\u0119dzie stale monitorowana, optymalizowana i testowana w rzeczywistych warunkach u\u017cytkowania. Celem jest stworzenie trwale stabilnej, skalowalnej i niezawodnej platformy dla wszystkich rynk\u00f3w mi\u0119dzynarodowych.<\/p>\n\n\n\n<p><strong>Trwaj\u0105ce naprawianie b\u0142\u0119d\u00f3w<\/strong>Wraz z rosn\u0105cym zakresem funkcji i wst\u0119pnymi opiniami u\u017cytkownik\u00f3w, systematyczna analiza b\u0142\u0119d\u00f3w sta\u0142a si\u0119 teraz priorytetem. Zidentyfikowane b\u0142\u0119dy s\u0105 szybko naprawiane, procesy udoskonalane, a og\u00f3lna wydajno\u015b\u0107 aplikacji ulega dalszej poprawie.<\/p>\n\n\n\n<p><strong>Zapewnienie jako\u015bci i dostrajanie<\/strong>Opr\u00f3cz dostosowa\u0144 technicznych, stale optymalizujemy szczeg\u00f3\u0142y interfejsu u\u017cytkownika, czasy \u0142adowania, jako\u015b\u0107 odpowiedzi AI i obs\u0142ug\u0119 wieloj\u0119zyczn\u0105. Koncentrujemy si\u0119 na przekszta\u0142ceniu Mueckinvest w stabiln\u0105, sprawnie dzia\u0142aj\u0105c\u0105 i mo\u017cliw\u0105 do wdro\u017cenia na arenie mi\u0119dzynarodowej platform\u0119 finansow\u0105 AI do ko\u0144ca roku.<\/p>\n<\/details>","protected":false},"excerpt":{"rendered":"<p>Warum ich meine Entwicklung offen zeige F\u00fcr mich ist es wichtig, transparent zu zeigen, wie sich Mueckinvest Schritt f\u00fcr Schritt entwickelt hat. Gerade im Finanzbereich z\u00e4hlt Vertrauen \u2013 und Vertrauen entsteht, wenn man nachvollziehen kann, wie ein Produkt entsteht, w\u00e4chst und sich verbessert. Deshalb dokumentiere ich meinen Weg seit 2025 und zeige klar, woran ich [&hellip;]<\/p>\n","protected":false},"author":1,"featured_media":0,"parent":0,"menu_order":0,"comment_status":"closed","ping_status":"closed","template":"","meta":{"pmpro_default_level":"","_monsterinsights_skip_tracking":false,"_monsterinsights_sitenote_active":false,"_monsterinsights_sitenote_note":"","_monsterinsights_sitenote_category":0,"footnotes":""},"class_list":["post-3984","page","type-page","status-publish","hentry","pmpro-has-access"],"aioseo_notices":[],"_links":{"self":[{"href":"https:\/\/mueckinvest.com\/pl\/wp-json\/wp\/v2\/pages\/3984","targetHints":{"allow":["GET"]}}],"collection":[{"href":"https:\/\/mueckinvest.com\/pl\/wp-json\/wp\/v2\/pages"}],"about":[{"href":"https:\/\/mueckinvest.com\/pl\/wp-json\/wp\/v2\/types\/page"}],"author":[{"embeddable":true,"href":"https:\/\/mueckinvest.com\/pl\/wp-json\/wp\/v2\/users\/1"}],"replies":[{"embeddable":true,"href":"https:\/\/mueckinvest.com\/pl\/wp-json\/wp\/v2\/comments?post=3984"}],"version-history":[{"count":13,"href":"https:\/\/mueckinvest.com\/pl\/wp-json\/wp\/v2\/pages\/3984\/revisions"}],"predecessor-version":[{"id":4021,"href":"https:\/\/mueckinvest.com\/pl\/wp-json\/wp\/v2\/pages\/3984\/revisions\/4021"}],"wp:attachment":[{"href":"https:\/\/mueckinvest.com\/pl\/wp-json\/wp\/v2\/media?parent=3984"}],"curies":[{"name":"wp","href":"https:\/\/api.w.org\/{rel}","templated":true}]}}